{"id":3935,"date":"2021-05-23T17:19:09","date_gmt":"2021-05-23T15:19:09","guid":{"rendered":"https:\/\/tinychat.com\/?page_id=3935"},"modified":"2025-07-16T14:48:20","modified_gmt":"2025-07-16T12:48:20","slug":"free-random-chat","status":"publish","type":"page","link":"https:\/\/tinychat.com\/de\/free-random-chat\/","title":{"rendered":"Kostenloser Zufalls-Chat"},"content":{"rendered":"<p>Haben Sie jemals das Gef\u00fchl, dass Ihr sozialer Kreis zu klein ist? Oder sind Sie vielleicht einfach nur gelangweilt von den immer gleichen Gruppenchats und m\u00f6chten sehen, was (oder wer!) sonst noch da drau\u00dfen ist. Hier kommt der kostenlose Zufalls-Chat ins Spiel - eine einfache, unverbindliche M\u00f6glichkeit, mit Fremden in Kontakt zu treten, echte Gespr\u00e4che zu f\u00fchren und sogar unerwartete Freundschaften zu schlie\u00dfen, und das alles mit nur einem Klick.<\/p>\n<p>Vergessen Sie komplizierte Anmeldungen oder versteckte Geb\u00fchren. Mit dem kostenlosen Zufalls-Chat erhalten Sie sofortigen Zugang zu einer Welt voller M\u00f6glichkeiten, direkt von Ihrem Browser oder Telefon aus.<\/p>\n<h2>Was ist ein kostenloser Zufalls-Chat?<\/h2>\n<p>Im Grunde bedeutet ein kostenloser Zufalls-Chat, dass Sie sich sofort mit einer anderen Person (oft einem v\u00f6llig Fremden) zu einem Gespr\u00e4ch in Echtzeit verbinden k\u00f6nnen. Dies kann \u00fcber Text, Video oder beides geschehen. Sie m\u00fcssen sich nicht registrieren, nichts herunterladen und nicht einmal Ihren echten Namen verwenden. W\u00e4hlen Sie einfach einen Spitznamen, klicken Sie auf \"Start\", und schon geht's los!<\/p>\n<p>Es gibt eine Vielzahl von Plattformen:<\/p>\n<ul>\n<li>Kostenlose zuf\u00e4llige Chat-R\u00e4ume: Schlie\u00dfen Sie sich mit anderen zu einem bestimmten Thema, Interesse oder einfach nur zum Spa\u00df zusammen.<\/li>\n<li>Kostenloser zuf\u00e4lliger Video-Chat: Lassen Sie sich f\u00fcr spontane Videokonversationen zu zweit zusammenstellen.<\/li>\n<li>Textbasierter Zufalls-Chat: Ideal, wenn Sie kamerascheu sind oder es einfach nur einfach halten wollen.<\/li>\n<\/ul>\n<p>Das Sch\u00f6ne daran ist der Zufall - man wei\u00df nie, wen man als N\u00e4chstes trifft oder wohin das Gespr\u00e4ch f\u00fchrt.<\/p>\n<h2>Warum sollten Sie den kostenlosen Zufalls-Chat mit Fremden ausprobieren?<\/h2>\n<p>Es geht nicht nur um Langeweile - ein kostenloser Zufalls-Chat hat auch echte Vorteile:<\/p>\n<ul>\n<li>Erweitern Sie Ihre Welt: Treffen Sie Menschen mit unterschiedlichem Hintergrund, aus verschiedenen L\u00e4ndern und mit unterschiedlichen Perspektiven.<\/li>\n<li>Kein Druck: Niemand kennt Sie, also k\u00f6nnen Sie sich frei entfalten, scherzen, flirten oder einfach nur plaudern.<\/li>\n<li>\u00dcben Sie soziale oder sprachliche F\u00e4higkeiten: Unterhalten Sie sich mit Menschen aus aller Welt auf unterhaltsame und entspannte Weise.<\/li>\n<li>Sofortiger Spa\u00df: \u00dcberspringen Sie den peinlichen Abschnitt \"\u00dcber mich\" und steigen Sie direkt ins Gespr\u00e4ch ein.<\/li>\n<li>Besiegen Sie die Einsamkeit: Schon ein f\u00fcnfmin\u00fctiges Gespr\u00e4ch kann Ihre Stimmung heben und Ihren Tag aufhellen.<\/li>\n<\/ul>\n<p>\"Ich bin nur zum Spa\u00df einem kostenlosen Chat beigetreten, aber am Ende hatte ich eine der besten Unterhaltungen meines Lebens - mit jemandem, der um die halbe Welt gereist ist!\"<\/p>\n<h2>Wie funktioniert der kostenlose Zufalls-Chat?<\/h2>\n<p>Es ist ganz einfach, auch wenn Sie neu in der Welt des Online-Chats sind:<\/p>\n<ol>\n<li>W\u00e4hlen Sie eine kostenlose Zufalls-Chat-Site oder App (z. B. Omegle, Chatroulette, Chatspin, Camsurf usw.).<\/li>\n<li>W\u00e4hlen Sie einen Spitznamen (oder geben Sie sich als \"Gast\" aus).<\/li>\n<li>Entscheiden Sie, ob Sie Text, Video oder beides wollen.<\/li>\n<li>Klicken Sie auf \"Start\", und die Plattform wird Sie mit einem zuf\u00e4lligen Fremden zusammenbringen.<\/li>\n<li>Wenn Sie m\u00f6chten, k\u00f6nnen Sie Filter (wie Land, Geschlecht, Interessen) verwenden, um eine bessere \u00dcbereinstimmung zu erzielen.<\/li>\n<li>Chatten Sie so lange (oder so kurz), wie Sie m\u00f6chten. Keine Stimmung? Klicken Sie auf \"Weiter\" und finden Sie einen neuen Partner.<\/li>\n<\/ol>\n<p>Keine Downloads, keine Bezahlung, keine Verpflichtung - nur eine reine, sofortige Verbindung.<\/p>\n<h2>Beste Plattformen f\u00fcr kostenlosen Random Chat<\/h2>\n<p>Es gibt eine riesige Auswahl, je nach Stimmung und Vorlieben:<\/p>\n<ul>\n<li>Omegle: Der Klassiker f\u00fcr zuf\u00e4llige Text- und Video-Chats - v\u00f6llig kostenlos, keine Anmeldung erforderlich.<\/li>\n<li>Chatroulette: Bekannt f\u00fcr seinen rasanten, videobasierten Ansatz.<\/li>\n<li>Chatspin: F\u00fcgt lustige Filter und Interessen-Tags f\u00fcr eine individuellere Erfahrung hinzu.<\/li>\n<li>Camsurf: Freundlich, moderiert und mobilfreundlich.<\/li>\n<li>Chatrandom: Bietet kostenlose Zufalls-Chatr\u00e4ume f\u00fcr Video und Text sowie thematische R\u00e4ume.<\/li>\n<\/ul>\n<p>Probieren Sie einige aus, um die Stimmung und die Funktionen zu finden, die Ihnen am besten gefallen - jede Plattform hat ihre eigene Community.<\/p>\n<h2>Kostenloser Zufalls-Chat vs. andere Online-Optionen<\/h2>\n<table>\n<thead>\n<tr>\n<th>Merkmal<\/th>\n<th>Kostenloser Zufalls-Chat<\/th>\n<th>Soziale Medien<\/th>\n<th>Gruppenchats<\/th>\n<th>Dating-Apps<\/th>\n<\/tr>\n<\/thead>\n<tbody>\n<tr>\n<td>Sofortiger Abgleich<\/td>\n<td>\u2705<\/td>\n<td>\u274c<\/td>\n<td>\u274c<\/td>\n<td>\u274c<\/td>\n<\/tr>\n<tr>\n<td>Anonymes Chatten<\/td>\n<td>\u2705<\/td>\n<td>\u274c<\/td>\n<td>\u274c<\/td>\n<td>\u274c<\/td>\n<\/tr>\n<tr>\n<td>Keine Anmeldung erforderlich<\/td>\n<td>\u2705<\/td>\n<td>\u274c<\/td>\n<td>\u274c<\/td>\n<td>\u274c<\/td>\n<\/tr>\n<tr>\n<td>Text- oder Videooptionen<\/td>\n<td>\u2705<\/td>\n<td>\u2705<\/td>\n<td>\u2705<\/td>\n<td>\u2705<\/td>\n<\/tr>\n<tr>\n<td>Funktion \"Weiter\"\/\u00dcberspringen<\/td>\n<td>\u2705<\/td>\n<td>\u274c<\/td>\n<td>\u274c<\/td>\n<td>\u274c<\/td>\n<\/tr>\n<tr>\n<td>Kostenlose Nutzung<\/td>\n<td>\u2705<\/td>\n<td>\u2705<\/td>\n<td>\u2705<\/td>\n<td>\u2705\/\u274c<\/td>\n<\/tr>\n<\/tbody>\n<\/table>\n<p>Der kostenlose Zufalls-Chat zeichnet sich durch Spontaneit\u00e4t, Freiheit und den Nervenkitzel des Unbekannten aus.<\/p>\n<h2>Sicherheit in zuf\u00e4lligen Chatr\u00e4umen<\/h2>\n<p>W\u00e4hrend die meisten Menschen nur reden wollen, sollten Sie auf Nummer sicher gehen:<\/p>\n<ul>\n<li>Geben Sie niemals Ihren echten Namen, Ihre Adresse, Telefonnummer oder private Informationen weiter.<\/li>\n<li>Verwenden Sie einen Spitznamen, und wenn Sie ein Video verwenden, halten Sie den Hintergrund neutral.<\/li>\n<li>Wenn Sie sich unwohl f\u00fchlen, gehen Sie oder klicken Sie auf \"Weiter\".<\/li>\n<li>Verwenden Sie Plattformen mit Melde-\/Blockierfunktionen, wenn Sie auf schlechtes Verhalten sto\u00dfen.<\/li>\n<li>Klicken Sie nicht auf verd\u00e4chtige Links oder senden Sie keine sensiblen Bilder.<\/li>\n<\/ul>\n<p>Kluges Verhalten tr\u00e4gt dazu bei, dass die Erfahrung positiv bleibt und Spa\u00df macht.<\/p>\n<h2>Wer nutzt den kostenlosen Zufalls-Chat?<\/h2>\n<p>Die Antwort: <em>jeder und jede!<\/em><\/p>\n<ul>\n<li>Sch\u00fcler \u00fcben sprachliche oder soziale F\u00e4higkeiten<\/li>\n<li>Reisende, die vor einer Reise Einheimische treffen m\u00f6chten<\/li>\n<li>Singles, die eine unkomplizierte M\u00f6glichkeit suchen, Kontakte zu kn\u00fcpfen oder zu flirten<\/li>\n<li>Jeder, der sich langweilt, einsam ist oder einfach offen f\u00fcr etwas Neues<\/li>\n<li>Nachtschw\u00e4rmer und Schlaflose auf der Suche nach n\u00e4chtlicher Unterhaltung<\/li>\n<\/ul>\n<p>Es ist eine der umfassendsten und vielf\u00e4ltigsten Ecken des Internets.<\/p>\n<h2>Tipps f\u00fcr die optimale Nutzung Ihres kostenlosen Zufalls-Chats<\/h2>\n<ul>\n<li>L\u00e4cheln Sie und seien Sie h\u00f6flich - der erste Eindruck z\u00e4hlt, auch online.<\/li>\n<li>Stellen Sie offene Fragen (\"Wie ist es dort, wo Sie leben?\" oder \"Welche Musik m\u00f6gen Sie?\")<\/li>\n<li>Probieren Sie verschiedene Tageszeiten aus, um Menschen aus anderen Zeitzonen zu treffen.<\/li>\n<li>Lassen Sie sich von ein paar kurzen oder unbeholfenen Gespr\u00e4chen nicht entmutigen - das n\u00e4chste k\u00f6nnte das beste sein.<\/li>\n<li>Verwenden Sie Interessen-Tags oder Filter, wenn die Plattform sie anbietet, um bessere Treffer zu erzielen.<\/li>\n<\/ul>\n<h2>Wann Sie den kostenlosen Zufalls-Chat verwenden sollten<\/h2>\n<ul>\n<li>Wenn Sie sich langweilen oder das Gef\u00fchl haben, in einem Trott festzustecken<\/li>\n<li>F\u00fcr schnelle Lacher, neue Perspektiven oder spontane Freundschaften<\/li>\n<li>Eine neue Sprache auf spielerische und nat\u00fcrliche Weise \u00fcben<\/li>\n<li>Wenn Sie eine Verbindung, aber keine Verpflichtung wollen<\/li>\n<li>Wann immer Sie neugierig sind, wer da drau\u00dfen ist<\/li>\n<\/ul>\n<h2>Kostenlose vs. kostenpflichtige Funktionen<\/h2>\n<p>Die meisten Zufalls-Chatr\u00e4ume und Video-Chat-Apps sind v\u00f6llig kostenlos. Einige bieten kostenpflichtige Extras:<\/p>\n<ul>\n<li>Erweiterte Filter (Standort, Interessen, Geschlecht)<\/li>\n<li>Unbegrenztes \u00dcberspringen oder Anpassen<\/li>\n<li>Werbefreies Erlebnis<\/li>\n<li>Private Zimmer oder spezielle Aufkleber<\/li>\n<\/ul>\n<p>Aber Sie brauchen nicht zu bezahlen, um eine tolle Zeit zu haben. Die kostenlose Version ist f\u00fcr die meisten Benutzer ausreichend.<\/p>\n<p>Kostenlose Zufalls-Chat-Plattformen er\u00f6ffnen eine ganz neue Welt der Verbindung, des Spa\u00dfes und der unerwarteten Freundschaft. Ohne Druck, ohne Kosten und ohne Grenzen k\u00f6nnen Sie sich mit jedem, \u00fcberall und jederzeit treffen - einfach aus Spa\u00df an der Freude. Ganz gleich, ob Sie sich unterhalten, lachen, flirten oder einfach nur sehen wollen, wen Sie treffen werden - mit dem n\u00e4chsten Klick wartet immer etwas Neues auf Sie.<\/p>\n<p>Sind Sie bereit, es zu versuchen? Starten Sie noch heute eine kostenlose Zufalls-Chat-App oder -Seite - Ihr n\u00e4chstes tolles Gespr\u00e4ch k\u00f6nnte nur Sekunden entfernt sein.<\/p>","protected":false},"excerpt":{"rendered":"<p>Ever feel like your social circle is a little too small? Or maybe you\u2019re just bored of the same old group chats and want to see what else (or who else!) is out there. That\u2019s where free random chat comes in\u2014a simple, no-strings-attached way to connect with strangers, have real conversations, and even make unexpected [&hellip;]<\/p>\n","protected":false},"author":8,"featured_media":0,"parent":0,"menu_order":0,"comment_status":"closed","ping_status":"closed","template":"","meta":{"footnotes":""},"class_list":["post-3935","page","type-page","status-publish","hentry"],"yoast_head":"<!-- This site is optimized with the Yoast SEO plugin v27.4 - https:\/\/yoast.com\/product\/yoast-seo-wordpress\/ -->\n<title>Free Random Chat with Video Chat on TinyChat.com<\/title>\n<meta name=\"description\" content=\"Enjoying Free Random Chat? Join over 50,000,000 strangers on TinyChat! Turn on your cam and start meeting new people, or find a match.\" \/>\n<meta name=\"robots\" content=\"index, follow, max-snippet:-1, max-image-preview:large, max-video-preview:-1\" \/>\n<link rel=\"canonical\" href=\"https:\/\/tinychat.com\/de\/free-random-chat\/\" \/>\n<meta property=\"og:locale\" content=\"de_DE\" \/>\n<meta property=\"og:type\" content=\"article\" \/>\n<meta property=\"og:title\" content=\"Free Random Chat with Video Chat on TinyChat.com\" \/>\n<meta property=\"og:description\" content=\"Enjoying Free Random Chat? Join over 50,000,000 strangers on TinyChat! Turn on your cam and start meeting new people, or find a match.\" \/>\n<meta property=\"og:url\" content=\"https:\/\/tinychat.com\/de\/free-random-chat\/\" \/>\n<meta property=\"og:site_name\" content=\"TinyChat\" \/>\n<meta property=\"article:publisher\" content=\"https:\/\/www.facebook.com\/tinychat\" \/>\n<meta property=\"article:modified_time\" content=\"2025-07-16T12:48:20+00:00\" \/>\n<meta property=\"og:image\" content=\"https:\/\/tinychat.com\/wp-content\/uploads\/2020\/04\/Tinychat-logo-1280x284-new-black.png\" \/>\n\t<meta property=\"og:image:width\" content=\"1280\" \/>\n\t<meta property=\"og:image:height\" content=\"284\" \/>\n\t<meta property=\"og:image:type\" content=\"image\/png\" \/>\n<meta name=\"twitter:card\" content=\"summary_large_image\" \/>\n<meta name=\"twitter:site\" content=\"@tinychat\" \/>\n<meta name=\"twitter:label1\" content=\"Gesch\u00e4tzte Lesezeit\" \/>\n\t<meta name=\"twitter:data1\" content=\"5\u00a0Minuten\" \/>\n<script type=\"application\/ld+json\" class=\"yoast-schema-graph\">{\"@context\":\"https:\\\/\\\/schema.org\",\"@graph\":[{\"@type\":\"WebPage\",\"@id\":\"https:\\\/\\\/tinychat.com\\\/free-random-chat\\\/\",\"url\":\"https:\\\/\\\/tinychat.com\\\/free-random-chat\\\/\",\"name\":\"Free Random Chat with Video Chat on TinyChat.com\",\"isPartOf\":{\"@id\":\"https:\\\/\\\/tinychat.com\\\/#website\"},\"datePublished\":\"2021-05-23T15:19:09+00:00\",\"dateModified\":\"2025-07-16T12:48:20+00:00\",\"description\":\"Enjoying Free Random Chat? Join over 50,000,000 strangers on TinyChat! Turn on your cam and start meeting new people, or find a match.\",\"breadcrumb\":{\"@id\":\"https:\\\/\\\/tinychat.com\\\/free-random-chat\\\/#breadcrumb\"},\"inLanguage\":\"de\",\"potentialAction\":[{\"@type\":\"ReadAction\",\"target\":[\"https:\\\/\\\/tinychat.com\\\/free-random-chat\\\/\"]}]},{\"@type\":\"BreadcrumbList\",\"@id\":\"https:\\\/\\\/tinychat.com\\\/free-random-chat\\\/#breadcrumb\",\"itemListElement\":[{\"@type\":\"ListItem\",\"position\":1,\"name\":\"Home\",\"item\":\"https:\\\/\\\/tinychat.com\\\/\"},{\"@type\":\"ListItem\",\"position\":2,\"name\":\"Free Random Chat\"}]},{\"@type\":\"WebSite\",\"@id\":\"https:\\\/\\\/tinychat.com\\\/#website\",\"url\":\"https:\\\/\\\/tinychat.com\\\/\",\"name\":\"TinyChat\",\"description\":\"Random Video Chat with Strangers\",\"publisher\":{\"@id\":\"https:\\\/\\\/tinychat.com\\\/#organization\"},\"alternateName\":\"TinyChat.com\",\"potentialAction\":[{\"@type\":\"SearchAction\",\"target\":{\"@type\":\"EntryPoint\",\"urlTemplate\":\"https:\\\/\\\/tinychat.com\\\/?s={search_term_string}\"},\"query-input\":{\"@type\":\"PropertyValueSpecification\",\"valueRequired\":true,\"valueName\":\"search_term_string\"}}],\"inLanguage\":\"de\"},{\"@type\":\"Organization\",\"@id\":\"https:\\\/\\\/tinychat.com\\\/#organization\",\"name\":\"TinyChat\",\"alternateName\":\"TinyChat.com\",\"url\":\"https:\\\/\\\/tinychat.com\\\/\",\"logo\":{\"@type\":\"ImageObject\",\"inLanguage\":\"de\",\"@id\":\"https:\\\/\\\/tinychat.com\\\/#\\\/schema\\\/logo\\\/image\\\/\",\"url\":\"https:\\\/\\\/tinychat.com\\\/wp-content\\\/uploads\\\/2023\\\/11\\\/Tinychat-icon-square.png\",\"contentUrl\":\"https:\\\/\\\/tinychat.com\\\/wp-content\\\/uploads\\\/2023\\\/11\\\/Tinychat-icon-square.png\",\"width\":284,\"height\":284,\"caption\":\"TinyChat\"},\"image\":{\"@id\":\"https:\\\/\\\/tinychat.com\\\/#\\\/schema\\\/logo\\\/image\\\/\"},\"sameAs\":[\"https:\\\/\\\/www.facebook.com\\\/tinychat\",\"https:\\\/\\\/x.com\\\/tinychat\"]}]}<\/script>\n<!-- \/ Yoast SEO plugin. -->","yoast_head_json":{"title":"Kostenloser Zufalls-Chat mit Video-Chat auf TinyChat.com","description":"Genie\u00dfen Sie den kostenlosen Zufalls-Chat? Schlie\u00dfen Sie sich \u00fcber 50.000.000 Fremden auf TinyChat an! Schalte deine Kamera ein und fange an, neue Leute zu treffen, oder finde einen Partner.","robots":{"index":"index","follow":"follow","max-snippet":"max-snippet:-1","max-image-preview":"max-image-preview:large","max-video-preview":"max-video-preview:-1"},"canonical":"https:\/\/tinychat.com\/de\/free-random-chat\/","og_locale":"de_DE","og_type":"article","og_title":"Free Random Chat with Video Chat on TinyChat.com","og_description":"Enjoying Free Random Chat? Join over 50,000,000 strangers on TinyChat! Turn on your cam and start meeting new people, or find a match.","og_url":"https:\/\/tinychat.com\/de\/free-random-chat\/","og_site_name":"TinyChat","article_publisher":"https:\/\/www.facebook.com\/tinychat","article_modified_time":"2025-07-16T12:48:20+00:00","og_image":[{"width":1280,"height":284,"url":"https:\/\/tinychat.com\/wp-content\/uploads\/2020\/04\/Tinychat-logo-1280x284-new-black.png","type":"image\/png"}],"twitter_card":"summary_large_image","twitter_site":"@tinychat","twitter_misc":{"Gesch\u00e4tzte Lesezeit":"5\u00a0Minuten"},"schema":{"@context":"https:\/\/schema.org","@graph":[{"@type":"WebPage","@id":"https:\/\/tinychat.com\/free-random-chat\/","url":"https:\/\/tinychat.com\/free-random-chat\/","name":"Kostenloser Zufalls-Chat mit Video-Chat auf TinyChat.com","isPartOf":{"@id":"https:\/\/tinychat.com\/#website"},"datePublished":"2021-05-23T15:19:09+00:00","dateModified":"2025-07-16T12:48:20+00:00","description":"Genie\u00dfen Sie den kostenlosen Zufalls-Chat? Schlie\u00dfen Sie sich \u00fcber 50.000.000 Fremden auf TinyChat an! Schalte deine Kamera ein und fange an, neue Leute zu treffen, oder finde einen Partner.","breadcrumb":{"@id":"https:\/\/tinychat.com\/free-random-chat\/#breadcrumb"},"inLanguage":"de","potentialAction":[{"@type":"ReadAction","target":["https:\/\/tinychat.com\/free-random-chat\/"]}]},{"@type":"BreadcrumbList","@id":"https:\/\/tinychat.com\/free-random-chat\/#breadcrumb","itemListElement":[{"@type":"ListItem","position":1,"name":"Home","item":"https:\/\/tinychat.com\/"},{"@type":"ListItem","position":2,"name":"Free Random Chat"}]},{"@type":"WebSite","@id":"https:\/\/tinychat.com\/#website","url":"https:\/\/tinychat.com\/","name":"TinyChat","description":"Zuf\u00e4lliger Video-Chat mit Fremden","publisher":{"@id":"https:\/\/tinychat.com\/#organization"},"alternateName":"TinyChat.com","potentialAction":[{"@type":"SearchAction","target":{"@type":"EntryPoint","urlTemplate":"https:\/\/tinychat.com\/?s={search_term_string}"},"query-input":{"@type":"PropertyValueSpecification","valueRequired":true,"valueName":"search_term_string"}}],"inLanguage":"de"},{"@type":"Organization","@id":"https:\/\/tinychat.com\/#organization","name":"TinyChat","alternateName":"TinyChat.com","url":"https:\/\/tinychat.com\/","logo":{"@type":"ImageObject","inLanguage":"de","@id":"https:\/\/tinychat.com\/#\/schema\/logo\/image\/","url":"https:\/\/tinychat.com\/wp-content\/uploads\/2023\/11\/Tinychat-icon-square.png","contentUrl":"https:\/\/tinychat.com\/wp-content\/uploads\/2023\/11\/Tinychat-icon-square.png","width":284,"height":284,"caption":"TinyChat"},"image":{"@id":"https:\/\/tinychat.com\/#\/schema\/logo\/image\/"},"sameAs":["https:\/\/www.facebook.com\/tinychat","https:\/\/x.com\/tinychat"]}]}},"_links":{"self":[{"href":"https:\/\/tinychat.com\/de\/wp-json\/wp\/v2\/pages\/3935","targetHints":{"allow":["GET"]}}],"collection":[{"href":"https:\/\/tinychat.com\/de\/wp-json\/wp\/v2\/pages"}],"about":[{"href":"https:\/\/tinychat.com\/de\/wp-json\/wp\/v2\/types\/page"}],"author":[{"embeddable":true,"href":"https:\/\/tinychat.com\/de\/wp-json\/wp\/v2\/users\/8"}],"replies":[{"embeddable":true,"href":"https:\/\/tinychat.com\/de\/wp-json\/wp\/v2\/comments?post=3935"}],"version-history":[{"count":2,"href":"https:\/\/tinychat.com\/de\/wp-json\/wp\/v2\/pages\/3935\/revisions"}],"predecessor-version":[{"id":13331,"href":"https:\/\/tinychat.com\/de\/wp-json\/wp\/v2\/pages\/3935\/revisions\/13331"}],"wp:attachment":[{"href":"https:\/\/tinychat.com\/de\/wp-json\/wp\/v2\/media?parent=3935"}],"curies":[{"name":"wp","href":"https:\/\/api.w.org\/{rel}","templated":true}]}}