{"id":3953,"date":"2025-09-03T08:28:59","date_gmt":"2025-09-03T06:28:59","guid":{"rendered":"https:\/\/tinychat.com\/?page_id=3953"},"modified":"2025-09-03T12:47:40","modified_gmt":"2025-09-03T10:47:40","slug":"random-video-chat-online","status":"publish","type":"page","link":"https:\/\/tinychat.com\/de\/random-video-chat-online\/","title":{"rendered":"Zuf\u00e4lliger Video Chat Online"},"content":{"rendered":"<p>Das Internet hat uns auf unz\u00e4hlige Arten miteinander verbunden, aber nur wenige Dinge f\u00fchlen sich so aufregend - oder so spontan - an wie die Teilnahme an einem zuf\u00e4lligen Online-Videochat. Ein Klick, und pl\u00f6tzlich steht man einem Fremden aus einer anderen Stadt, einem anderen Land oder einem anderen Kontinent gegen\u00fcber. Manchmal ist das Gespr\u00e4ch albern, manchmal \u00fcberraschend tiefgr\u00fcndig, und manchmal f\u00fchrt es zu neuen Freundschaften oder mehr.<\/p>\n<p>Im Gegensatz zu sozialen Medien, in denen alles ausgefeilt und kuratiert ist, ist ein Online-Videochat unverf\u00e4lscht, real und im Moment. Es ist ein geselliges Beisammensein ohne Filter - nur Sie, Ihre Webcam und jemand, den Sie noch nie zuvor getroffen haben.<\/p>\n<h2>Was ist Random Video Chat Online?<\/h2>\n<p>Zuf\u00e4llige Online-Videochats beziehen sich auf Plattformen, die Sie \u00fcber Live-Videoanrufe sofort mit Fremden verbinden. Anstatt zu w\u00e4hlen, mit wem Sie sprechen, werden Sie von der Plattform mit einer zuf\u00e4lligen Person zusammengebracht. Wenn das Gespr\u00e4ch nicht klappt, dr\u00fccken Sie auf \"Weiter\" und treffen sofort jemand anderen.<\/p>\n<p>Zu den wichtigsten Merkmalen geh\u00f6ren in der Regel:<\/p>\n<ul>\n<li>Kostenloser Zugang - Die meisten Websites erm\u00f6glichen unbegrenzte Videoanrufe mit Fremden ohne Kosten.<\/li>\n<li>Anonyme Optionen - Verwenden Sie einen Spitznamen oder lassen Sie die Kamera aus, bis Sie sich sicher sind.<\/li>\n<li>Schaltfl\u00e4che \u00dcberspringen - Gehen Sie schnell weiter, wenn Ihnen der Chat nicht gef\u00e4llt.<\/li>\n<li>Globale Reichweite - Treffen Sie zu jeder Tages- und Nachtzeit Menschen aus der ganzen Welt.<\/li>\n<li>Optionale Filter - Schr\u00e4nken Sie die Treffer nach Interessen, Ort oder Geschlecht ein.<\/li>\n<\/ul>\n<p>Es ist eine unvorhersehbare Mischung aus Spa\u00df, Kultur und menschlichen Beziehungen.<\/p>\n<h2>Warum Menschen Random Online Cam Chat benutzen<\/h2>\n<p>Jeden Monat nutzen Millionen von Menschen den kostenlosen Online-Videochat. Hier ist, warum es so attraktiv ist:<\/p>\n<ul>\n<li>Spontaneit\u00e4t - Man wei\u00df nie, wer der N\u00e4chste ist, und das macht es spannend.<\/li>\n<li>Zug\u00e4nglichkeit - Keine Anmeldung, kein Abonnement - einfach anklicken und loschatten.<\/li>\n<li>Globale Gemeinschaft - Treffen Sie Menschen aus allen Kulturen und mit unterschiedlichem Hintergrund.<\/li>\n<li>Niedriger Druck - Sie sp\u00fcren keinen Funken? \u00dcberspringen Sie es und versuchen Sie es noch einmal, nichts f\u00fcr ungut.<\/li>\n<li>Vielf\u00e4ltige Erfahrungen - Manche Chats sind heiter, andere \u00fcberraschend bedeutungsvoll.<\/li>\n<\/ul>\n<p>F\u00fcr viele ist es eine M\u00f6glichkeit, aus der Routine auszubrechen und etwas Neues zu erleben, ohne das Haus zu verlassen.<\/p>\n<h2>Wie Random Video Chat Online funktioniert<\/h2>\n<p>Falls Sie es noch nie ausprobiert haben, hier ist die einfache Vorgehensweise:<\/p>\n<ol>\n<li>W\u00e4hlen Sie eine Plattform - Zur Auswahl stehen Omegle, Chatroulette, Chatspin, Camsurf und TinyChat.<\/li>\n<li>Aktivieren Sie Ihre Webcam und Ihr Mikrofon - Erlauben Sie Ihrem Ger\u00e4t, Sie in Echtzeit zu verbinden.<\/li>\n<li>Klicken Sie auf \"Start\" oder \"Verbinden\" - Sie werden sofort mit einem zuf\u00e4lligen Fremden zusammengebracht.<\/li>\n<li>Bleiben oder \u00fcberspringen - Chatten Sie so lange, wie Sie wollen, oder gehen Sie zu einem neuen Gespr\u00e4chspartner.<\/li>\n<li>Filter anpassen - Verwenden Sie Filter f\u00fcr Geschlecht, Sprache oder Interessen, falls angeboten.<\/li>\n<\/ol>\n<p>Sie haben die ganze Zeit die Kontrolle - es geht um Flexibilit\u00e4t und Spa\u00df.<\/p>\n<h2>Beste Plattformen f\u00fcr zuf\u00e4lligen Video-Chat online<\/h2>\n<p>Hier sind einige der beliebtesten und vertrauensw\u00fcrdigsten Orte f\u00fcr den Einstieg:<\/p>\n<ul>\n<li>Omegle - Der Pionier des zuf\u00e4lligen Text- und Videochats.<\/li>\n<li>Chatroulette - Ber\u00fchmt f\u00fcr seine rasante globale Abstimmung.<\/li>\n<li>Chatspin - Bietet Filter f\u00fcr Geschlecht und Interessen sowie lustige Videoeffekte.<\/li>\n<li>Camsurf - Konzentriert sich auf Moderation und die Schaffung einer sicheren Umgebung.<\/li>\n<li>Chatrandom - Enth\u00e4lt sowohl Einzelgespr\u00e4che als auch thematische Chatr\u00e4ume.<\/li>\n<li>TinyChat - Verbindet zuf\u00e4llige Chats mit \u00f6ffentlichen und privaten Video-Chatr\u00e4umen.<\/li>\n<li>Bazoocam - Ein europ\u00e4ischer Favorit mit integrierten Spielen, um das Eis zu brechen.<\/li>\n<\/ul>\n<p>Jede Gemeinschaft f\u00fchlt sich anders an - manche sind schnelllebig, manche entspannt. Wenn Sie ein paar ausprobieren, finden Sie das Richtige f\u00fcr sich.<\/p>\n<h2>Zuf\u00e4lliger Video-Chat vs. Soziale Medien<\/h2>\n<p>Beides sind zwar M\u00f6glichkeiten, Kontakte zu kn\u00fcpfen, aber es sind sehr unterschiedliche Erfahrungen.<\/p>\n<table>\n<thead>\n<tr>\n<th>Merkmal<\/th>\n<th>Zuf\u00e4lliger Video Chat Online<\/th>\n<th>Soziale Medienplattformen<\/th>\n<\/tr>\n<\/thead>\n<tbody>\n<tr>\n<td>Videogespr\u00e4che in Echtzeit<\/td>\n<td>\u2705<\/td>\n<td>\u26a0\ufe0f Manchmal (Videoanrufe)<\/td>\n<\/tr>\n<tr>\n<td>Zuf\u00e4lliger Abgleich<\/td>\n<td>\u2705<\/td>\n<td>\u274c<\/td>\n<\/tr>\n<tr>\n<td>Kein Profil erforderlich<\/td>\n<td>\u2705<\/td>\n<td>\u274c<\/td>\n<\/tr>\n<tr>\n<td>Globale Fremde<\/td>\n<td>\u2705<\/td>\n<td>\u274c (haupts\u00e4chlich Freunde\/Follower)<\/td>\n<\/tr>\n<tr>\n<td>Option zum sofortigen \u00dcberspringen<\/td>\n<td>\u2705<\/td>\n<td>\u274c<\/td>\n<\/tr>\n<\/tbody>\n<\/table>\n<p>Beim Zufalls-Chat geht es vor allem um Spontaneit\u00e4t, w\u00e4hrend die sozialen Medien eher kuratiert und kontrolliert sind.<\/p>\n<h2>Sicherheit beim Online-Chatten<\/h2>\n<p>Wie bei allem, was mit Fremden zu tun hat, ist es wichtig, sicher zu sein:<\/p>\n<ul>\n<li>Sch\u00fctzen Sie pers\u00f6nliche Daten - Geben Sie niemals Ihren echten Namen, Ihre Adresse oder Telefonnummer weiter.<\/li>\n<li>Verwenden Sie einen neutralen Spitznamen - bleiben Sie anonym, bis Sie sich anders entscheiden.<\/li>\n<li>Achten Sie auf Ihren Hintergrund - Geben Sie keine pers\u00f6nlichen Details in Ihrer Kameraansicht preis.<\/li>\n<li>\u00dcberspringen Sie es, wenn es sich unangenehm anf\u00fchlt - Vertrauen Sie auf Ihren Instinkt und gehen Sie weiter, wenn Sie sich unwohl f\u00fchlen.<\/li>\n<li>Melden Sie unangemessenes Verhalten - W\u00e4hlen Sie Plattformen, die Moderationswerkzeuge anbieten.<\/li>\n<\/ul>\n<h2>Wer nutzt Random Video Chat Online?<\/h2>\n<p>Das Sch\u00f6ne an diesen Plattformen ist ihre Vielfalt. Du wirst sie finden:<\/p>\n<ul>\n<li>Singles - Auf der Suche nach lustigen Chats oder sogar Romantik.<\/li>\n<li>Reisende - Kontakte zu Einheimischen kn\u00fcpfen oder Sprachen \u00fcben.<\/li>\n<li>Studenten - Treffen mit Gleichaltrigen aus aller Welt.<\/li>\n<li>Nachtschw\u00e4rmer - Gesellschaft f\u00fcr die sp\u00e4te Nacht.<\/li>\n<li>Neugierige Menschen - Ich will nur sehen, wer da drau\u00dfen ist.<\/li>\n<\/ul>\n<p>Es ist eine Mischung von Pers\u00f6nlichkeiten, und genau das macht den Spa\u00df aus.<\/p>\n<h2>TinyChat: Videogespr\u00e4che mit Fremden einmal anders<\/h2>\n<p>Wenn Sie den Nervenkitzel eines zuf\u00e4lligen Videochats lieben, aber eine mehr auf die Gemeinschaft ausgerichtete Option w\u00fcnschen, ist TinyChat eine gute Wahl. Es kombiniert die zuf\u00e4lligen Einzelgespr\u00e4che mit Gruppen-Videor\u00e4umen, so dass Sie:<\/p>\n<ul>\n<li>Nehmen Sie an themenbezogenen Chatrooms teil - von Musik und Dating bis hin zu Spielen und Politik.<\/li>\n<li>Veranstalten Sie Ihren eigenen privaten Raum - Laden Sie Freunde ein oder treffen Sie neue Leute in einem kontrollierten Raum.<\/li>\n<li>Wechseln Sie zwischen den Formaten - W\u00e4hlen Sie zwischen Text, Sprache oder Video, je nachdem, was Ihnen am besten gef\u00e4llt.<\/li>\n<li>Ger\u00e4te\u00fcbergreifender Zugriff - Funktioniert in Browsern und auf mobilen Anwendungen.<\/li>\n<\/ul>\n<p>TinyChat beh\u00e4lt die Spannung des Zufalls bei und bietet gleichzeitig mehr Struktur, wenn Sie es w\u00fcnschen.<\/p>\n<h2>Tipps f\u00fcr ein gro\u00dfartiges Zufalls-Online-Chat-Erlebnis<\/h2>\n<p>Um Ihre Gespr\u00e4che angenehmer zu gestalten, versuchen Sie Folgendes:<\/p>\n<ul>\n<li>L\u00e4cheln Sie bei der Kontaktaufnahme - ein freundliches Gesicht erh\u00f6ht die Wahrscheinlichkeit, dass Menschen bleiben.<\/li>\n<li>Stellen Sie interessante Fragen - Fragen Sie nicht nur \"Hallo\", sondern auch nach Hobbys oder Erfahrungen.<\/li>\n<li>Bleiben Sie aufgeschlossen - Sie werden Menschen aus allen Gesellschaftsschichten kennenlernen.<\/li>\n<li>Seien Sie respektvoll - Gute Umgangsformen sind sehr wichtig.<\/li>\n<li>Experimentieren Sie mit dem Timing - Unterschiedliche Tageszeiten bedeuten, dass Sie Menschen aus unterschiedlichen L\u00e4ndern treffen.<\/li>\n<\/ul>\n<h2>Kostenlose vs. kostenpflichtige Funktionen<\/h2>\n<p>Die meisten zuf\u00e4lligen Videochat-Plattformen sind kostenlos, aber viele bieten optionale, kostenpflichtige Zusatzleistungen.<\/p>\n<table>\n<thead>\n<tr>\n<th>Merkmal<\/th>\n<th>Kostenlose Version<\/th>\n<th>Kostenpflichtige Version<\/th>\n<\/tr>\n<\/thead>\n<tbody>\n<tr>\n<td>Zuf\u00e4lliger Abgleich<\/td>\n<td>\u2705 Ja<\/td>\n<td>\u2705 Ja<\/td>\n<\/tr>\n<tr>\n<td>Unbegrenztes \u00dcberspringen<\/td>\n<td>\u26a0\ufe0f Manchmal begrenzt<\/td>\n<td>\u2705 Immer<\/td>\n<\/tr>\n<tr>\n<td>Filter f\u00fcr Geschlecht\/Ort<\/td>\n<td>\u26a0\ufe0f Basic oder eingeschr\u00e4nkt<\/td>\n<td>\u2705 Fortgeschritten<\/td>\n<\/tr>\n<tr>\n<td>Anzeigen entfernt<\/td>\n<td>\u274c<\/td>\n<td>\u2705 Ja<\/td>\n<\/tr>\n<tr>\n<td>Zugang zu VIP-\/Privatr\u00e4umen<\/td>\n<td>\u274c<\/td>\n<td>\u2705 Ja<\/td>\n<\/tr>\n<\/tbody>\n<\/table>\n<p>F\u00fcr Gelegenheitsnutzer bietet die kostenlose Version in der Regel viel Spa\u00df.<\/p>\n<h2>Die Aufregung der zuf\u00e4lligen Begegnungen<\/h2>\n<p>Der vielleicht gr\u00f6\u00dfte Reiz eines zuf\u00e4lligen Online-Videochats ist das Unbekannte. In nur einer Sitzung k\u00f6nnten Sie:<\/p>\n<ul>\n<li>Lernen Sie eine andere Kultur aus erster Hand kennen.<\/li>\n<li>Teilen Sie Musik- oder Filmempfehlungen.<\/li>\n<li>Lachen Sie \u00fcber Witze von jemandem am anderen Ende der Welt.<\/li>\n<li>\u00dcben Sie eine neue Sprache mit einem Muttersprachler.<\/li>\n<li>Finden Sie einen Freund - oder sogar einen Funken Romantik.<\/li>\n<\/ul>\n<p>Jeder Klick ist eine Chance f\u00fcr etwas Neues.<\/p>\n<p>Zuf\u00e4llige Online-Videochats sind zu einer der spontansten und lohnendsten M\u00f6glichkeiten geworden, Menschen auf der ganzen Welt kennenzulernen. Er ist kostenlos, sofort und unendlich vielf\u00e4ltig - perfekt, wenn Sie sich langweilen, neugierig sind oder einfach nur Lust haben, mit jemandem in Kontakt zu treten.<\/p>\n<p>Ob Sie nun Omegle, Chatroulette, Chatspin oder Community-gesteuerte Plattformen wie TinyChat verwenden, das Prinzip ist dasselbe: Klicken Sie, stellen Sie eine Verbindung her und sehen Sie, wohin die Konversation Sie f\u00fchrt.<\/p>\n<p>Wenn Sie bereit sind, aus Ihrer Routine herauszutreten und sich auf das Unerwartete einzulassen, versuchen Sie noch heute einen zuf\u00e4lligen Online-Cam-Chat. Man wei\u00df ja nie - der n\u00e4chste Fremde auf dem Bildschirm k\u00f6nnte gerade zu Ihrer Lieblingsgeschichte werden, die Sie erz\u00e4hlen k\u00f6nnen.<\/p>","protected":false},"excerpt":{"rendered":"<p>The internet has connected us in countless ways, but few things feel as exciting\u2014or as spontaneous\u2014as joining a random video chat online. One click, and suddenly you\u2019re face-to-face with a stranger from another city, country, or continent. Sometimes the conversation is silly, sometimes it\u2019s surprisingly deep, and sometimes it leads to new friendships or more. [&hellip;]<\/p>\n","protected":false},"author":8,"featured_media":0,"parent":0,"menu_order":0,"comment_status":"closed","ping_status":"closed","template":"","meta":{"footnotes":""},"class_list":["post-3953","page","type-page","status-publish","hentry"],"yoast_head":"<!-- This site is optimized with the Yoast SEO plugin v27.4 - https:\/\/yoast.com\/product\/yoast-seo-wordpress\/ -->\n<title>Random Video Chat Online on TinyChat.com<\/title>\n<meta name=\"description\" content=\"Enjoying Random Video Chat Online? Join over 50,000,000 strangers on TinyChat! Turn on your cam and start meeting new people, or find a match.\" \/>\n<meta name=\"robots\" content=\"index, follow, max-snippet:-1, max-image-preview:large, max-video-preview:-1\" \/>\n<link rel=\"canonical\" href=\"https:\/\/tinychat.com\/de\/random-video-chat-online\/\" \/>\n<meta property=\"og:locale\" content=\"de_DE\" \/>\n<meta property=\"og:type\" content=\"article\" \/>\n<meta property=\"og:title\" content=\"Random Video Chat Online on TinyChat.com\" \/>\n<meta property=\"og:description\" content=\"Enjoying Random Video Chat Online? Join over 50,000,000 strangers on TinyChat! Turn on your cam and start meeting new people, or find a match.\" \/>\n<meta property=\"og:url\" content=\"https:\/\/tinychat.com\/de\/random-video-chat-online\/\" \/>\n<meta property=\"og:site_name\" content=\"TinyChat\" \/>\n<meta property=\"article:publisher\" content=\"https:\/\/www.facebook.com\/tinychat\" \/>\n<meta property=\"article:modified_time\" content=\"2025-09-03T10:47:40+00:00\" \/>\n<meta property=\"og:image\" content=\"https:\/\/tinychat.com\/wp-content\/uploads\/2020\/04\/Tinychat-logo-1280x284-new-black.png\" \/>\n\t<meta property=\"og:image:width\" content=\"1280\" \/>\n\t<meta property=\"og:image:height\" content=\"284\" \/>\n\t<meta property=\"og:image:type\" content=\"image\/png\" \/>\n<meta name=\"twitter:card\" content=\"summary_large_image\" \/>\n<meta name=\"twitter:site\" content=\"@tinychat\" \/>\n<meta name=\"twitter:label1\" content=\"Gesch\u00e4tzte Lesezeit\" \/>\n\t<meta name=\"twitter:data1\" content=\"5\u00a0Minuten\" \/>\n<script type=\"application\/ld+json\" class=\"yoast-schema-graph\">{\"@context\":\"https:\\\/\\\/schema.org\",\"@graph\":[{\"@type\":\"WebPage\",\"@id\":\"https:\\\/\\\/tinychat.com\\\/random-video-chat-online\\\/\",\"url\":\"https:\\\/\\\/tinychat.com\\\/random-video-chat-online\\\/\",\"name\":\"Random Video Chat Online on TinyChat.com\",\"isPartOf\":{\"@id\":\"https:\\\/\\\/tinychat.com\\\/#website\"},\"datePublished\":\"2025-09-03T06:28:59+00:00\",\"dateModified\":\"2025-09-03T10:47:40+00:00\",\"description\":\"Enjoying Random Video Chat Online? Join over 50,000,000 strangers on TinyChat! Turn on your cam and start meeting new people, or find a match.\",\"breadcrumb\":{\"@id\":\"https:\\\/\\\/tinychat.com\\\/random-video-chat-online\\\/#breadcrumb\"},\"inLanguage\":\"de\",\"potentialAction\":[{\"@type\":\"ReadAction\",\"target\":[\"https:\\\/\\\/tinychat.com\\\/random-video-chat-online\\\/\"]}]},{\"@type\":\"BreadcrumbList\",\"@id\":\"https:\\\/\\\/tinychat.com\\\/random-video-chat-online\\\/#breadcrumb\",\"itemListElement\":[{\"@type\":\"ListItem\",\"position\":1,\"name\":\"Home\",\"item\":\"https:\\\/\\\/tinychat.com\\\/\"},{\"@type\":\"ListItem\",\"position\":2,\"name\":\"Random Video Chat Online\"}]},{\"@type\":\"WebSite\",\"@id\":\"https:\\\/\\\/tinychat.com\\\/#website\",\"url\":\"https:\\\/\\\/tinychat.com\\\/\",\"name\":\"TinyChat\",\"description\":\"Random Video Chat with Strangers\",\"publisher\":{\"@id\":\"https:\\\/\\\/tinychat.com\\\/#organization\"},\"alternateName\":\"TinyChat.com\",\"potentialAction\":[{\"@type\":\"SearchAction\",\"target\":{\"@type\":\"EntryPoint\",\"urlTemplate\":\"https:\\\/\\\/tinychat.com\\\/?s={search_term_string}\"},\"query-input\":{\"@type\":\"PropertyValueSpecification\",\"valueRequired\":true,\"valueName\":\"search_term_string\"}}],\"inLanguage\":\"de\"},{\"@type\":\"Organization\",\"@id\":\"https:\\\/\\\/tinychat.com\\\/#organization\",\"name\":\"TinyChat\",\"alternateName\":\"TinyChat.com\",\"url\":\"https:\\\/\\\/tinychat.com\\\/\",\"logo\":{\"@type\":\"ImageObject\",\"inLanguage\":\"de\",\"@id\":\"https:\\\/\\\/tinychat.com\\\/#\\\/schema\\\/logo\\\/image\\\/\",\"url\":\"https:\\\/\\\/tinychat.com\\\/wp-content\\\/uploads\\\/2023\\\/11\\\/Tinychat-icon-square.png\",\"contentUrl\":\"https:\\\/\\\/tinychat.com\\\/wp-content\\\/uploads\\\/2023\\\/11\\\/Tinychat-icon-square.png\",\"width\":284,\"height\":284,\"caption\":\"TinyChat\"},\"image\":{\"@id\":\"https:\\\/\\\/tinychat.com\\\/#\\\/schema\\\/logo\\\/image\\\/\"},\"sameAs\":[\"https:\\\/\\\/www.facebook.com\\\/tinychat\",\"https:\\\/\\\/x.com\\\/tinychat\"]}]}<\/script>\n<!-- \/ Yoast SEO plugin. -->","yoast_head_json":{"title":"Zuf\u00e4lliger Video-Chat online auf TinyChat.com","description":"Genie\u00dfen Sie den Zufalls-Videochat online? Schlie\u00dfen Sie sich \u00fcber 50.000.000 Fremden auf TinyChat an! Schalte deine Kamera ein und fange an, neue Leute zu treffen, oder finde einen Partner.","robots":{"index":"index","follow":"follow","max-snippet":"max-snippet:-1","max-image-preview":"max-image-preview:large","max-video-preview":"max-video-preview:-1"},"canonical":"https:\/\/tinychat.com\/de\/random-video-chat-online\/","og_locale":"de_DE","og_type":"article","og_title":"Random Video Chat Online on TinyChat.com","og_description":"Enjoying Random Video Chat Online? Join over 50,000,000 strangers on TinyChat! Turn on your cam and start meeting new people, or find a match.","og_url":"https:\/\/tinychat.com\/de\/random-video-chat-online\/","og_site_name":"TinyChat","article_publisher":"https:\/\/www.facebook.com\/tinychat","article_modified_time":"2025-09-03T10:47:40+00:00","og_image":[{"width":1280,"height":284,"url":"https:\/\/tinychat.com\/wp-content\/uploads\/2020\/04\/Tinychat-logo-1280x284-new-black.png","type":"image\/png"}],"twitter_card":"summary_large_image","twitter_site":"@tinychat","twitter_misc":{"Gesch\u00e4tzte Lesezeit":"5\u00a0Minuten"},"schema":{"@context":"https:\/\/schema.org","@graph":[{"@type":"WebPage","@id":"https:\/\/tinychat.com\/random-video-chat-online\/","url":"https:\/\/tinychat.com\/random-video-chat-online\/","name":"Zuf\u00e4lliger Video-Chat online auf TinyChat.com","isPartOf":{"@id":"https:\/\/tinychat.com\/#website"},"datePublished":"2025-09-03T06:28:59+00:00","dateModified":"2025-09-03T10:47:40+00:00","description":"Genie\u00dfen Sie den Zufalls-Videochat online? Schlie\u00dfen Sie sich \u00fcber 50.000.000 Fremden auf TinyChat an! Schalte deine Kamera ein und fange an, neue Leute zu treffen, oder finde einen Partner.","breadcrumb":{"@id":"https:\/\/tinychat.com\/random-video-chat-online\/#breadcrumb"},"inLanguage":"de","potentialAction":[{"@type":"ReadAction","target":["https:\/\/tinychat.com\/random-video-chat-online\/"]}]},{"@type":"BreadcrumbList","@id":"https:\/\/tinychat.com\/random-video-chat-online\/#breadcrumb","itemListElement":[{"@type":"ListItem","position":1,"name":"Home","item":"https:\/\/tinychat.com\/"},{"@type":"ListItem","position":2,"name":"Random Video Chat Online"}]},{"@type":"WebSite","@id":"https:\/\/tinychat.com\/#website","url":"https:\/\/tinychat.com\/","name":"TinyChat","description":"Zuf\u00e4lliger Video-Chat mit Fremden","publisher":{"@id":"https:\/\/tinychat.com\/#organization"},"alternateName":"TinyChat.com","potentialAction":[{"@type":"SearchAction","target":{"@type":"EntryPoint","urlTemplate":"https:\/\/tinychat.com\/?s={search_term_string}"},"query-input":{"@type":"PropertyValueSpecification","valueRequired":true,"valueName":"search_term_string"}}],"inLanguage":"de"},{"@type":"Organization","@id":"https:\/\/tinychat.com\/#organization","name":"TinyChat","alternateName":"TinyChat.com","url":"https:\/\/tinychat.com\/","logo":{"@type":"ImageObject","inLanguage":"de","@id":"https:\/\/tinychat.com\/#\/schema\/logo\/image\/","url":"https:\/\/tinychat.com\/wp-content\/uploads\/2023\/11\/Tinychat-icon-square.png","contentUrl":"https:\/\/tinychat.com\/wp-content\/uploads\/2023\/11\/Tinychat-icon-square.png","width":284,"height":284,"caption":"TinyChat"},"image":{"@id":"https:\/\/tinychat.com\/#\/schema\/logo\/image\/"},"sameAs":["https:\/\/www.facebook.com\/tinychat","https:\/\/x.com\/tinychat"]}]}},"_links":{"self":[{"href":"https:\/\/tinychat.com\/de\/wp-json\/wp\/v2\/pages\/3953","targetHints":{"allow":["GET"]}}],"collection":[{"href":"https:\/\/tinychat.com\/de\/wp-json\/wp\/v2\/pages"}],"about":[{"href":"https:\/\/tinychat.com\/de\/wp-json\/wp\/v2\/types\/page"}],"author":[{"embeddable":true,"href":"https:\/\/tinychat.com\/de\/wp-json\/wp\/v2\/users\/8"}],"replies":[{"embeddable":true,"href":"https:\/\/tinychat.com\/de\/wp-json\/wp\/v2\/comments?post=3953"}],"version-history":[{"count":4,"href":"https:\/\/tinychat.com\/de\/wp-json\/wp\/v2\/pages\/3953\/revisions"}],"predecessor-version":[{"id":13499,"href":"https:\/\/tinychat.com\/de\/wp-json\/wp\/v2\/pages\/3953\/revisions\/13499"}],"wp:attachment":[{"href":"https:\/\/tinychat.com\/de\/wp-json\/wp\/v2\/media?parent=3953"}],"curies":[{"name":"wp","href":"https:\/\/api.w.org\/{rel}","templated":true}]}}