{"id":3970,"date":"2025-08-07T10:31:39","date_gmt":"2025-08-07T08:31:39","guid":{"rendered":"https:\/\/tinychat.com\/?page_id=3970"},"modified":"2025-08-07T10:52:50","modified_gmt":"2025-08-07T08:52:50","slug":"random-webcam-chat","status":"publish","type":"page","link":"https:\/\/tinychat.com\/de\/random-webcam-chat\/","title":{"rendered":"Zuf\u00e4lliger Webcam-Chat"},"content":{"rendered":"<p>Das Internet hat die ganze Welt in eine gro\u00dfe Nachbarschaft verwandelt - und nichts f\u00e4ngt diesen Geist so gut ein wie ein zuf\u00e4lliger Webcam-Chat. Mit nur wenigen Klicks k\u00f6nnen Sie von Ihrem Wohnzimmer aus ein Gespr\u00e4ch von Angesicht zu Angesicht mit einem Fremden auf der anderen Seite des Globus f\u00fchren. Egal, ob Sie Freundschaften schlie\u00dfen, etwas \u00fcber andere Kulturen erfahren oder einfach nur spontanen Spa\u00df haben wollen, der Webcam-Chat ist das ultimative digitale Abenteuer.<\/p>\n<p>Was genau ist also ein zuf\u00e4lliger Webcam-Chat, wie funktioniert er, und warum erobert er die Online-Welt im Sturm? Lassen Sie uns eintauchen.<\/p>\n<h2>Was ist Random Webcam Chat?<\/h2>\n<p>Der Zufalls-Webcam-Chat ist ein einfaches, aber wirkungsvolles Konzept: Melden Sie sich bei einer Plattform an, schalten Sie Ihre Webcam ein und werden Sie sofort mit einem Fremden f\u00fcr ein Live-Videogespr\u00e4ch verbunden. Sie m\u00fcssen keine pers\u00f6nlichen Daten preisgeben, kein Profil erstellen und nicht auf eine Freundschaftsanfrage warten, sondern k\u00f6nnen sofort und in Echtzeit Kontakt aufnehmen.<\/p>\n<p>Zu den wichtigsten Merkmalen geh\u00f6ren in der Regel:<\/p>\n<ul>\n<li>Kostenloser zuf\u00e4lliger Webcam-Chat: Der Einstieg ist kostenlos; viele f\u00fchrende Websites bieten unbegrenzte kostenlose Chats an.<\/li>\n<li>One-on-One-Matching: Sie werden jeweils mit einer Person zu einem echten Gespr\u00e4ch zusammengebracht.<\/li>\n<li>Schaltfl\u00e4chen \"Weiter\" oder \"\u00dcberspringen\": Wenn Ihnen der Chat nicht gef\u00e4llt, klicken Sie darauf, um sofort jemand anderen zu treffen.<\/li>\n<li>Anonymit\u00e4t: Verwenden Sie einen Spitznamen oder bleiben Sie v\u00f6llig anonym - teilen Sie nur das mit, was Ihnen angenehm ist.<\/li>\n<\/ul>\n<p>Von zwanglosen Unterhaltungen bis hin zu tiefgr\u00fcndigen Gespr\u00e4chen - jeder Chat ist einzigartig.<\/p>\n<h2>Warum Random Webcam Chat mit Fremden ausprobieren?<\/h2>\n<p>Millionen von Menschen auf der ganzen Welt lieben den zuf\u00e4lligen Webcam-Chat aus vielen Gr\u00fcnden:<\/p>\n<ul>\n<li>Sofortige Verbindung: Sie m\u00fcssen kein Profil erstellen oder stundenlang scrollen, sondern k\u00f6nnen in Sekundenschnelle mit dem Chatten beginnen.<\/li>\n<li>Globale Freundschaften: Treffen Sie Menschen aus allen Kontinenten, Kulturen und mit unterschiedlichem Hintergrund.<\/li>\n<li>\u00dcben Sie soziale F\u00e4higkeiten: Ideal f\u00fcr sch\u00fcchterne Menschen, Sprachsch\u00fcler oder alle, die ihr Selbstvertrauen st\u00e4rken wollen.<\/li>\n<li>Kein Druck: Keine Lust? Einfach auslassen und weitermachen - nichts f\u00fcr ungut.<\/li>\n<li>Bek\u00e4mpft die Einsamkeit: Perfekt f\u00fcr lange Abende, Regentage oder wann immer Sie sich ein wenig menschliche N\u00e4he w\u00fcnschen.<\/li>\n<li>Unvorhersehbarer Spa\u00df: Jeder Chat ist eine neue Geschichte; man wei\u00df nie, wen man trifft oder wor\u00fcber man sich unterhalten wird.<\/li>\n<\/ul>\n<blockquote><p>\"Ich bin einem zuf\u00e4lligen Webcam-Chat beigetreten, nur um die Zeit totzuschlagen, und jetzt habe ich Freunde aus vier verschiedenen L\u00e4ndern. Manche Chats sind albern, manche sind tiefgr\u00fcndig, und manche bringen mich einfach zum Lachen.<\/p><\/blockquote>\n<h2>Wie funktioniert der kostenlose Zufalls-Webcam-Chat?<\/h2>\n<p>Der Einstieg in den zuf\u00e4lligen Webcam-Chat k\u00f6nnte nicht einfacher sein - selbst wenn Sie ihn noch nie ausprobiert haben:<\/p>\n<ol>\n<li>W\u00e4hlen Sie eine Plattform: Es gibt Dutzende von kostenlosen Webcam-Chat-Seiten und -Apps (siehe unten f\u00fcr die besten Angebote).<\/li>\n<li>Erlauben Sie den Zugriff auf Kamera und Mikrofon: Ihr Browser oder Ihre App wird Sie um Erlaubnis bitten, Ihre Webcam und Ihr Mikrofon zu verwenden.<\/li>\n<li>W\u00e4hlen Sie Ihre Optionen: Auf einigen Plattformen k\u00f6nnen Sie nach Geschlecht, Land oder Interessen filtern.<\/li>\n<li>Klicken Sie auf \"Start\", \"Verbinden\" oder \"Weiter\": Sie werden sofort mit einem zuf\u00e4llig ausgew\u00e4hlten Fremden f\u00fcr einen Live-Videochat verbunden.<\/li>\n<li>Chatten Sie so lange, wie Sie m\u00f6chten: Wenn Sie sich mit jemandem gut verstehen, bleiben Sie dabei. Wenn nicht, klicken Sie auf \"Weiter\", um ein neues Match zu finden.<\/li>\n<\/ol>\n<p>Keine Anmeldung, keine Bedingungen - nur reine Live-Unterhaltung.<\/p>\n<h2>Beste Zufalls-Webcam-Chat-Seiten und Apps<\/h2>\n<p>Neugierig, wo Sie anfangen sollen? Hier sind einige der am besten bewerteten und vertrauensw\u00fcrdigsten Plattformen f\u00fcr kostenlosen Webcam-Chat:<\/p>\n<ul>\n<li>Omegle: Das Original, das immer noch f\u00fcr anonyme Videochats mit Fremden verwendet wird.<\/li>\n<li>Chatroulette: Schnelllebig, immer aktiv und weltweit beliebt.<\/li>\n<li>Chatspin: Filter f\u00fcr Geschlecht, Ort und Interessen. Lustige Videoeffekte und einfach zu bedienen.<\/li>\n<li>Camsurf: Moderiert f\u00fcr Sicherheit und Positivit\u00e4t; mobilfreundlich und einfach.<\/li>\n<li>Chatrandom: Gruppen- und Privatchats, plus Filter f\u00fcr ma\u00dfgeschneiderte Matches.<\/li>\n<li>Bazoocam: Beliebt in Europa, mit Spielen, um das Eis zu brechen.<\/li>\n<\/ul>\n<p>Probieren Sie einige aus, um herauszufinden, welche Stimmung und welche Merkmale Ihnen am besten gefallen - jede Gemeinschaft hat ihre eigene Energie.<\/p>\n<h2>Zuf\u00e4lliger Webcam-Chat im Vergleich zu anderen Online-Chats<\/h2>\n<table>\n<thead>\n<tr>\n<th>Merkmal<\/th>\n<th>Zuf\u00e4lliger Webcam-Chat<\/th>\n<th>Gruppenchat<\/th>\n<th>Soziale Medien<\/th>\n<th>Messaging-Apps<\/th>\n<\/tr>\n<\/thead>\n<tbody>\n<tr>\n<td>Video in Echtzeit<\/td>\n<td>\u2705<\/td>\n<td>\u2705<\/td>\n<td>\u2705<\/td>\n<td>\u2705<\/td>\n<\/tr>\n<tr>\n<td>Zuf\u00e4llige, anonyme Paarung<\/td>\n<td>\u2705<\/td>\n<td>\u274c<\/td>\n<td>\u274c<\/td>\n<td>\u274c<\/td>\n<\/tr>\n<tr>\n<td>Option \"Weiter\"\/\u00dcberspringen<\/td>\n<td>\u2705<\/td>\n<td>\u274c<\/td>\n<td>\u274c<\/td>\n<td>\u274c<\/td>\n<\/tr>\n<tr>\n<td>Keine Anmeldung erforderlich<\/td>\n<td>\u2705<\/td>\n<td>\u2705\/\u274c<\/td>\n<td>\u274c<\/td>\n<td>\u274c<\/td>\n<\/tr>\n<tr>\n<td>Kostenlose Nutzung<\/td>\n<td>\u2705<\/td>\n<td>\u2705<\/td>\n<td>\u2705<\/td>\n<td>\u2705<\/td>\n<\/tr>\n<\/tbody>\n<\/table>\n<p>Der zuf\u00e4llige Webcam-Chat ist un\u00fcbertroffen in seiner Spontaneit\u00e4t, Anonymit\u00e4t und dem Nervenkitzel, nicht zu wissen, wen man als n\u00e4chstes trifft.<\/p>\n<h2>Ist Random Webcam Chat sicher?<\/h2>\n<p>Die meisten Menschen nutzen den zuf\u00e4lligen Webcam-Chat f\u00fcr harmlosen Spa\u00df, aber wie bei allem im Internet steht die Sicherheit an erster Stelle:<\/p>\n<ul>\n<li>Geben Sie niemals pers\u00f6nliche Daten weiter: Halten Sie Ihren vollst\u00e4ndigen Namen, Ihre Adresse, Ihre Telefonnummer und Ihre sozialen Medien geheim.<\/li>\n<li>Verwenden Sie einen neutralen Hintergrund: Zeigen Sie nichts, von dem Sie nicht m\u00f6chten, dass Fremde es sehen.<\/li>\n<li>Vertrauen Sie auf Ihr Gef\u00fchl: Wenn Ihnen jemand unangenehm ist, lassen Sie ihn links liegen oder blockieren Sie ihn.<\/li>\n<li>Melden Sie unangemessenes Verhalten: Die meisten Plattformen verf\u00fcgen \u00fcber Funktionen zur schnellen Meldung und Sperrung.<\/li>\n<li>Seien Sie vorsichtig mit Links und Dateien: Klicken Sie niemals auf einen Link oder laden Sie etwas von einem Fremden herunter.<\/li>\n<\/ul>\n<p>Halten Sie sich an seri\u00f6se Websites mit aktiver Moderation und klaren Regeln, um die beste Erfahrung zu machen.<\/p>\n<h2>Wer benutzt Random Webcam Chat?<\/h2>\n<p>Es ist f\u00fcr alle da! Typische Benutzer sind:<\/p>\n<ul>\n<li>Singles, die flirten oder neue Freunde finden wollen<\/li>\n<li>Studenten und Sprachsch\u00fcler \u00fcben Konversation<\/li>\n<li>Nachtschw\u00e4rmer und gelangweilte Schlaflose auf der Suche nach Gesellschaft<\/li>\n<li>Menschen, die weltweit Kontakte kn\u00fcpfen oder neue Kulturen kennenlernen m\u00f6chten<\/li>\n<li>Jeder, der einfach nur ein bisschen spontanen Spa\u00df haben will<\/li>\n<\/ul>\n<p>Unabh\u00e4ngig von Ihrem Alter, Ihrem Hintergrund oder Ihren Interessen werden Sie wahrscheinlich jemanden treffen, der Sie \u00fcberrascht.<\/p>\n<h2>Tipps f\u00fcr eine gro\u00dfartige Random-Webcam-Chat-Erfahrung<\/h2>\n<ul>\n<li>Seien Sie freundlich: L\u00e4cheln Sie, gr\u00fc\u00dfen Sie, und beginnen Sie mit einer einfachen Frage.<\/li>\n<li>Halten Sie es leicht: Scheuen Sie sich nicht, albern zu sein, einen Witz zu erz\u00e4hlen oder nach Hobbys zu fragen.<\/li>\n<li>Nehmen Sie es nicht pers\u00f6nlich, wenn jemand aussteigt: Jeder ist auf der Suche nach etwas anderem.<\/li>\n<li>Verwenden Sie Filter, falls vorhanden: Geschlecht, Land oder Interessen-Tags helfen, bessere Treffer zu finden.<\/li>\n<li>Versuchen Sie es zu verschiedenen Zeiten: Die Welt ist immer irgendwo wach - mischen Sie die Zeiten, um neue Gesichter zu entdecken.<\/li>\n<\/ul>\n<h2>Wann sollten Sie Random Webcam Chat verwenden?<\/h2>\n<ul>\n<li>Wenn Sie sich langweilen und spontane Gesellschaft suchen<\/li>\n<li>Begegnung mit Menschen aus anderen L\u00e4ndern und Kulturen<\/li>\n<li>Zum \u00dcben neuer Sprachen oder sozialer F\u00e4higkeiten<\/li>\n<li>Wenn Sie sich einsam f\u00fchlen oder einfach nur reden wollen<\/li>\n<li>Wann immer Sie ein ungeschriebenes Echtzeit-Abenteuer suchen<\/li>\n<\/ul>\n<h2>Kostenlose vs. kostenpflichtige Funktionen<\/h2>\n<p>Die meisten Zufalls-Webcam-Chat-Plattformen sind v\u00f6llig kostenlos. Einige bieten optionale kostenpflichtige Extras wie:<\/p>\n<ul>\n<li>Unbegrenzte Filter oder Abgleiche<\/li>\n<li>Werbefreies Erlebnis<\/li>\n<li>Vorrang in Warteschlangen oder Premiumfunktionen<\/li>\n<li>Zugang zu privaten oder exklusiven Chatr\u00e4umen<\/li>\n<\/ul>\n<p>Die kostenlose Version ist f\u00fcr die meisten Benutzer mehr als ausreichend - es besteht keine Notwendigkeit zu zahlen, es sei denn, Sie m\u00f6chten zus\u00e4tzliche Vorteile.<\/p>\n<p>Zufalls-Webcam-Chat ist die moderne Antwort auf globale Neugierde, Verbindung und Spa\u00df. Egal, ob Sie auf der Suche nach Freundschaft, Romantik, Sprach\u00fcbungen oder einfach nur nach einer Abwechslung zum Alltag sind, diese Plattformen bieten Ihnen eine Welt voller Gesichter - ohne Verpflichtung, ohne Druck, nur mit echten Menschen und echten Gespr\u00e4chen.<\/p>\n<p>Sind Sie bereit, es auszuprobieren? Schalten Sie Ihre Webcam ein, w\u00e4hlen Sie eine Website und sehen Sie, wer da drau\u00dfen ist. Ihr n\u00e4chster Lieblings-Chat k\u00f6nnte nur einen Klick entfernt sein.<\/p>","protected":false},"excerpt":{"rendered":"<p>The internet has turned the whole world into one big neighborhood\u2014and nothing captures that spirit quite like random webcam chat. In just a few clicks, you can go from your living room to a face-to-face conversation with a stranger across the globe. Whether you\u2019re looking to make friends, learn about other cultures, or just have [&hellip;]<\/p>\n","protected":false},"author":8,"featured_media":0,"parent":0,"menu_order":0,"comment_status":"closed","ping_status":"closed","template":"","meta":{"footnotes":""},"class_list":["post-3970","page","type-page","status-publish","hentry"],"yoast_head":"<!-- This site is optimized with the Yoast SEO plugin v27.5 - https:\/\/yoast.com\/product\/yoast-seo-wordpress\/ -->\n<title>Random Webcam Chat with Video Chat on TinyChat.com<\/title>\n<meta name=\"description\" content=\"Enjoying Random Webcam Chat? Join over 50,000,000 strangers on TinyChat! Turn on your cam and start meeting new people, or find a match.\" \/>\n<meta name=\"robots\" content=\"index, follow, max-snippet:-1, max-image-preview:large, max-video-preview:-1\" \/>\n<link rel=\"canonical\" href=\"https:\/\/tinychat.com\/de\/random-webcam-chat\/\" \/>\n<meta property=\"og:locale\" content=\"de_DE\" \/>\n<meta property=\"og:type\" content=\"article\" \/>\n<meta property=\"og:title\" content=\"Random Webcam Chat with Video Chat on TinyChat.com\" \/>\n<meta property=\"og:description\" content=\"Enjoying Random Webcam Chat? Join over 50,000,000 strangers on TinyChat! Turn on your cam and start meeting new people, or find a match.\" \/>\n<meta property=\"og:url\" content=\"https:\/\/tinychat.com\/de\/random-webcam-chat\/\" \/>\n<meta property=\"og:site_name\" content=\"TinyChat\" \/>\n<meta property=\"article:publisher\" content=\"https:\/\/www.facebook.com\/tinychat\" \/>\n<meta property=\"article:modified_time\" content=\"2025-08-07T08:52:50+00:00\" \/>\n<meta property=\"og:image\" content=\"https:\/\/tinychat.com\/wp-content\/uploads\/2020\/04\/Tinychat-logo-1280x284-new-black.png\" \/>\n\t<meta property=\"og:image:width\" content=\"1280\" \/>\n\t<meta property=\"og:image:height\" content=\"284\" \/>\n\t<meta property=\"og:image:type\" content=\"image\/png\" \/>\n<meta name=\"twitter:card\" content=\"summary_large_image\" \/>\n<meta name=\"twitter:site\" content=\"@tinychat\" \/>\n<meta name=\"twitter:label1\" content=\"Gesch\u00e4tzte Lesezeit\" \/>\n\t<meta name=\"twitter:data1\" content=\"5\u00a0Minuten\" \/>\n<script type=\"application\/ld+json\" class=\"yoast-schema-graph\">{\"@context\":\"https:\\\/\\\/schema.org\",\"@graph\":[{\"@type\":\"WebPage\",\"@id\":\"https:\\\/\\\/tinychat.com\\\/random-webcam-chat\\\/\",\"url\":\"https:\\\/\\\/tinychat.com\\\/random-webcam-chat\\\/\",\"name\":\"Random Webcam Chat with Video Chat on TinyChat.com\",\"isPartOf\":{\"@id\":\"https:\\\/\\\/tinychat.com\\\/#website\"},\"datePublished\":\"2025-08-07T08:31:39+00:00\",\"dateModified\":\"2025-08-07T08:52:50+00:00\",\"description\":\"Enjoying Random Webcam Chat? Join over 50,000,000 strangers on TinyChat! Turn on your cam and start meeting new people, or find a match.\",\"breadcrumb\":{\"@id\":\"https:\\\/\\\/tinychat.com\\\/random-webcam-chat\\\/#breadcrumb\"},\"inLanguage\":\"de\",\"potentialAction\":[{\"@type\":\"ReadAction\",\"target\":[\"https:\\\/\\\/tinychat.com\\\/random-webcam-chat\\\/\"]}]},{\"@type\":\"BreadcrumbList\",\"@id\":\"https:\\\/\\\/tinychat.com\\\/random-webcam-chat\\\/#breadcrumb\",\"itemListElement\":[{\"@type\":\"ListItem\",\"position\":1,\"name\":\"Home\",\"item\":\"https:\\\/\\\/tinychat.com\\\/\"},{\"@type\":\"ListItem\",\"position\":2,\"name\":\"Random Webcam Chat\"}]},{\"@type\":\"WebSite\",\"@id\":\"https:\\\/\\\/tinychat.com\\\/#website\",\"url\":\"https:\\\/\\\/tinychat.com\\\/\",\"name\":\"TinyChat\",\"description\":\"Random Video Chat with Strangers\",\"publisher\":{\"@id\":\"https:\\\/\\\/tinychat.com\\\/#organization\"},\"alternateName\":\"TinyChat.com\",\"potentialAction\":[{\"@type\":\"SearchAction\",\"target\":{\"@type\":\"EntryPoint\",\"urlTemplate\":\"https:\\\/\\\/tinychat.com\\\/?s={search_term_string}\"},\"query-input\":{\"@type\":\"PropertyValueSpecification\",\"valueRequired\":true,\"valueName\":\"search_term_string\"}}],\"inLanguage\":\"de\"},{\"@type\":\"Organization\",\"@id\":\"https:\\\/\\\/tinychat.com\\\/#organization\",\"name\":\"TinyChat\",\"alternateName\":\"TinyChat.com\",\"url\":\"https:\\\/\\\/tinychat.com\\\/\",\"logo\":{\"@type\":\"ImageObject\",\"inLanguage\":\"de\",\"@id\":\"https:\\\/\\\/tinychat.com\\\/#\\\/schema\\\/logo\\\/image\\\/\",\"url\":\"https:\\\/\\\/tinychat.com\\\/wp-content\\\/uploads\\\/2023\\\/11\\\/Tinychat-icon-square.png\",\"contentUrl\":\"https:\\\/\\\/tinychat.com\\\/wp-content\\\/uploads\\\/2023\\\/11\\\/Tinychat-icon-square.png\",\"width\":284,\"height\":284,\"caption\":\"TinyChat\"},\"image\":{\"@id\":\"https:\\\/\\\/tinychat.com\\\/#\\\/schema\\\/logo\\\/image\\\/\"},\"sameAs\":[\"https:\\\/\\\/www.facebook.com\\\/tinychat\",\"https:\\\/\\\/x.com\\\/tinychat\"]}]}<\/script>\n<!-- \/ Yoast SEO plugin. -->","yoast_head_json":{"title":"Zuf\u00e4lliger Webcam-Chat mit Video-Chat auf TinyChat.com","description":"Genie\u00dfen Sie Random Webcam Chat? Schlie\u00dfen Sie sich \u00fcber 50.000.000 Fremden auf TinyChat an! Schalte deine Kamera ein und fange an, neue Leute zu treffen, oder finde einen Partner.","robots":{"index":"index","follow":"follow","max-snippet":"max-snippet:-1","max-image-preview":"max-image-preview:large","max-video-preview":"max-video-preview:-1"},"canonical":"https:\/\/tinychat.com\/de\/random-webcam-chat\/","og_locale":"de_DE","og_type":"article","og_title":"Random Webcam Chat with Video Chat on TinyChat.com","og_description":"Enjoying Random Webcam Chat? Join over 50,000,000 strangers on TinyChat! Turn on your cam and start meeting new people, or find a match.","og_url":"https:\/\/tinychat.com\/de\/random-webcam-chat\/","og_site_name":"TinyChat","article_publisher":"https:\/\/www.facebook.com\/tinychat","article_modified_time":"2025-08-07T08:52:50+00:00","og_image":[{"width":1280,"height":284,"url":"https:\/\/tinychat.com\/wp-content\/uploads\/2020\/04\/Tinychat-logo-1280x284-new-black.png","type":"image\/png"}],"twitter_card":"summary_large_image","twitter_site":"@tinychat","twitter_misc":{"Gesch\u00e4tzte Lesezeit":"5\u00a0Minuten"},"schema":{"@context":"https:\/\/schema.org","@graph":[{"@type":"WebPage","@id":"https:\/\/tinychat.com\/random-webcam-chat\/","url":"https:\/\/tinychat.com\/random-webcam-chat\/","name":"Zuf\u00e4lliger Webcam-Chat mit Video-Chat auf TinyChat.com","isPartOf":{"@id":"https:\/\/tinychat.com\/#website"},"datePublished":"2025-08-07T08:31:39+00:00","dateModified":"2025-08-07T08:52:50+00:00","description":"Genie\u00dfen Sie Random Webcam Chat? Schlie\u00dfen Sie sich \u00fcber 50.000.000 Fremden auf TinyChat an! Schalte deine Kamera ein und fange an, neue Leute zu treffen, oder finde einen Partner.","breadcrumb":{"@id":"https:\/\/tinychat.com\/random-webcam-chat\/#breadcrumb"},"inLanguage":"de","potentialAction":[{"@type":"ReadAction","target":["https:\/\/tinychat.com\/random-webcam-chat\/"]}]},{"@type":"BreadcrumbList","@id":"https:\/\/tinychat.com\/random-webcam-chat\/#breadcrumb","itemListElement":[{"@type":"ListItem","position":1,"name":"Home","item":"https:\/\/tinychat.com\/"},{"@type":"ListItem","position":2,"name":"Random Webcam Chat"}]},{"@type":"WebSite","@id":"https:\/\/tinychat.com\/#website","url":"https:\/\/tinychat.com\/","name":"TinyChat","description":"Zuf\u00e4lliger Video-Chat mit Fremden","publisher":{"@id":"https:\/\/tinychat.com\/#organization"},"alternateName":"TinyChat.com","potentialAction":[{"@type":"SearchAction","target":{"@type":"EntryPoint","urlTemplate":"https:\/\/tinychat.com\/?s={search_term_string}"},"query-input":{"@type":"PropertyValueSpecification","valueRequired":true,"valueName":"search_term_string"}}],"inLanguage":"de"},{"@type":"Organization","@id":"https:\/\/tinychat.com\/#organization","name":"TinyChat","alternateName":"TinyChat.com","url":"https:\/\/tinychat.com\/","logo":{"@type":"ImageObject","inLanguage":"de","@id":"https:\/\/tinychat.com\/#\/schema\/logo\/image\/","url":"https:\/\/tinychat.com\/wp-content\/uploads\/2023\/11\/Tinychat-icon-square.png","contentUrl":"https:\/\/tinychat.com\/wp-content\/uploads\/2023\/11\/Tinychat-icon-square.png","width":284,"height":284,"caption":"TinyChat"},"image":{"@id":"https:\/\/tinychat.com\/#\/schema\/logo\/image\/"},"sameAs":["https:\/\/www.facebook.com\/tinychat","https:\/\/x.com\/tinychat"]}]}},"_links":{"self":[{"href":"https:\/\/tinychat.com\/de\/wp-json\/wp\/v2\/pages\/3970","targetHints":{"allow":["GET"]}}],"collection":[{"href":"https:\/\/tinychat.com\/de\/wp-json\/wp\/v2\/pages"}],"about":[{"href":"https:\/\/tinychat.com\/de\/wp-json\/wp\/v2\/types\/page"}],"author":[{"embeddable":true,"href":"https:\/\/tinychat.com\/de\/wp-json\/wp\/v2\/users\/8"}],"replies":[{"embeddable":true,"href":"https:\/\/tinychat.com\/de\/wp-json\/wp\/v2\/comments?post=3970"}],"version-history":[{"count":2,"href":"https:\/\/tinychat.com\/de\/wp-json\/wp\/v2\/pages\/3970\/revisions"}],"predecessor-version":[{"id":13416,"href":"https:\/\/tinychat.com\/de\/wp-json\/wp\/v2\/pages\/3970\/revisions\/13416"}],"wp:attachment":[{"href":"https:\/\/tinychat.com\/de\/wp-json\/wp\/v2\/media?parent=3970"}],"curies":[{"name":"wp","href":"https:\/\/api.w.org\/{rel}","templated":true}]}}