{"id":3987,"date":"2025-05-23T17:34:41","date_gmt":"2025-05-23T15:34:41","guid":{"rendered":"https:\/\/tinychat.com\/?page_id=3987"},"modified":"2025-06-12T10:27:56","modified_gmt":"2025-06-12T08:27:56","slug":"talk-to-strangers","status":"publish","type":"page","link":"https:\/\/tinychat.com\/de\/talk-to-strangers\/","title":{"rendered":"Mit Fremden reden"},"content":{"rendered":"<p>Bei dem Wunsch, sich online mit Fremden zu unterhalten, geht es nicht um Smalltalk, sondern um Gl\u00fccksf\u00e4lle, \u00dcberraschungen und manchmal sogar um Selbstentdeckung. Ganz gleich, ob Sie sich einsam, gelangweilt, neugierig oder abenteuerlustig f\u00fchlen - der Drang, mit jemandem au\u00dferhalb Ihrer gewohnten Kreise Kontakt aufzunehmen, ist zutiefst menschlich. Und genau daf\u00fcr gibt es Plattformen wie <a href=\"https:\/\/tinychat.com\/de\/\">TinyChat<\/a> und schaffen sichere, einfache und ansprechende Umgebungen, um genau das zu tun: mit Fremden zu sprechen.<\/p>\n<p>Dieser Artikel ist Ihr kompletter Leitfaden f\u00fcr Gespr\u00e4che mit Fremden im Internet - warum Menschen dies tun, wie man es sicher macht und warum <a href=\"https:\/\/tinychat.com\/de\/\">TinyChat<\/a> ist eine der besten heute verf\u00fcgbaren Plattformen f\u00fcr sinnvolle Interaktion in Echtzeit.<\/p>\n<h2>Warum wollen Menschen mit Fremden sprechen?<\/h2>\n<p>Auf den ersten Blick mag die Idee seltsam erscheinen: Warum sollten Sie mit jemandem sprechen wollen, den Sie noch nie getroffen haben und vielleicht nie wieder sehen? Aber in Wahrheit ist das genau der Punkt.<\/p>\n<h3>1. Freiheit ohne Verurteilung<\/h3>\n<p>Wenn Sie mit Fremden sprechen, k\u00f6nnen Sie sein, wer immer Sie sein wollen. Es gibt keinen sozialen Ballast, keinen Leistungszwang und keine Angst vor langfristigen Konsequenzen. Sie k\u00f6nnen sich Luft machen, experimentieren, erkunden oder einfach ungefiltert sein.<\/p>\n<h3>2. Echte Neugierde<\/h3>\n<p>Wir Menschen sind von Natur aus neugierig. Wir wollen wissen, wie Menschen in anderen L\u00e4ndern leben, was sie \u00fcber bestimmte Themen denken oder wie sich ihr Leben von unserem unterscheidet. Ein Gespr\u00e4ch mit Fremden bietet einen Einblick in die Welt eines anderen.<\/p>\n<h3>3. Bek\u00e4mpfung der Einsamkeit<\/h3>\n<p>In einer Welt, die mehr denn je digital vernetzt ist, f\u00fchlen sich viele Menschen emotional abgekoppelt. Mit Fremden online zu sprechen, kann das Gef\u00fchl der Isolation lindern, insbesondere f\u00fcr diejenigen, die an einem anderen Ort arbeiten, allein leben oder mit sozialen \u00c4ngsten zu k\u00e4mpfen haben.<\/p>\n<h3>4. Neue Freunde finden<\/h3>\n<p>Manche Gespr\u00e4che sind fl\u00fcchtig, andere entwickeln sich zu echten Freundschaften. Viele Menschen lernen Freunde oder Partner f\u00fcrs Leben kennen, indem sie einfach ein <a href=\"https:\/\/tinychat.com\/de\/chatroulette\/\">Chat<\/a> mit einer <a href=\"https:\/\/tinychat.com\/de\/strangercam\/\">Fremde<\/a>.<\/p>\n<h3>5. Pers\u00f6nliches Wachstum<\/h3>\n<p>Jedes Gespr\u00e4ch mit einem <a href=\"https:\/\/tinychat.com\/de\/strangercam\/\">Fremde<\/a> kann Ihre Annahmen in Frage stellen, Ihr Denken erweitern oder Ihnen helfen, Empathie zu \u00fcben. Es ist eine Form der risikoarmen sozialen Entwicklung, die sich emotional auszahlt.<\/p>\n<h2>Was bedeutet \"Mit Fremden reden\" heute?<\/h2>\n<p>Im digitalen Zeitalter bedeutet \"mit Fremden reden\" nicht mehr nur, mit jemandem im Zug oder in einem Caf\u00e9 zu plaudern. Heute bedeutet es:<\/p>\n<ul>\n<li>Klicken Sie auf eine Schaltfl\u00e4che, um mit einem zuf\u00e4lligen <a href=\"https:\/\/tinychat.com\/de\/strangercam\/\">Fremde<\/a> \u00fcberall auf der Welt.<\/li>\n<li>Spontane Text- oder Videokonversationen, die oft anonym gef\u00fchrt werden.<\/li>\n<li>Einbindung durch interessenbasierte <a href=\"https:\/\/tinychat.com\/de\/chatroulette\/\">Chat<\/a> R\u00e4ume oder Live-Stream-Gruppen.<\/li>\n<li>Sie k\u00f6nnen mit anderen Menschen sprechen, ohne ein soziales Profil erstellen oder Ihren echten Namen verwenden zu m\u00fcssen.<\/li>\n<\/ul>\n<p>Und vor allem bedeutet es Offenheit f\u00fcr neue Erfahrungen - manchmal albern, manchmal ernst, oft \u00fcberraschend.<\/p>\n<h2>Wo man online mit Fremden spricht<\/h2>\n<p>Das Internet ist voll von Plattformen, auf denen man mit Fremden kommunizieren kann - aber sie sind nicht alle gleich. Bei einigen stehen Sicherheit und Gemeinschaft im Vordergrund, w\u00e4hrend andere eher chaotisch oder erwachsenenorientiert sind.<\/p>\n<p>Hier sind die beliebtesten Plattformen, auf denen Menschen Fremde treffen:<\/p>\n<h3>1. Zufalls-Chat unter vier Augen<\/h3>\n<p>Dies ist das Omegle-Modell: Sie werden nach dem Zufallsprinzip mit jemandem f\u00fcr ein privates Video oder einen Text zusammengebracht <a href=\"https:\/\/tinychat.com\/de\/chatroulette\/\">Chat<\/a>. Sie k\u00f6nnen jederzeit zur n\u00e4chsten Person \u00fcbergehen.<\/p>\n<h3>2. Gruppen-Chatr\u00e4ume<\/h3>\n<p>Klassische Plattformen wie <a href=\"https:\/\/tinychat.com\/de\/\">TinyChat<\/a> \u00f6ffentlich oder privat anbieten <a href=\"https:\/\/tinychat.com\/de\/chatroulette\/\">Chat<\/a> R\u00e4ume f\u00fcr bestimmte Interessen (Musik, Dating, Spiele, psychische Gesundheit usw.). Sie k\u00f6nnen mehrere Personen sehen, die per Text oder Video chatten, und sich einklinken, wenn Sie sich wohl f\u00fchlen.<\/p>\n<h3>3. Livestream Chat-R\u00e4ume<\/h3>\n<p>Auf einigen Plattformen k\u00f6nnen Sie an Live-\u00dcbertragungen teilnehmen, bei denen Menschen sich selbst streamen und <a href=\"https:\/\/tinychat.com\/de\/chatroulette\/\">Chat<\/a> mit den Zuschauern. Sie k\u00f6nnen mit dem Moderator sprechen, sich mit anderen Zuschauern <a href=\"https:\/\/tinychat.com\/de\/chatroulette\/\">Chat<\/a>oder sogar \"auf die B\u00fchne\" eingeladen werden.<\/p>\n<h3>4. Voice-Only Random Chats<\/h3>\n<p>F\u00fcr Menschen, die sich mit Videos nicht wohlf\u00fchlen, bieten Apps, die Sie per Audio abgleichen, eine gro\u00dfartige M\u00f6glichkeit, den Einstieg zu erleichtern <a href=\"https:\/\/tinychat.com\/de\/strangercam\/\">Fremde<\/a> Unterhaltungen.<\/p>\n<h2>Warum TinyChat der beste Ort ist, um mit Fremden zu sprechen<\/h2>\n<p>Wenn es um spontane, gruppenbasierte Kommunikation geht, <a href=\"https:\/\/tinychat.com\/de\/\">TinyChat<\/a> ist eine der \u00e4ltesten und vertrauensw\u00fcrdigsten Plattformen \u00fcberhaupt. Sie kombiniert die Freiheit der anonymen Interaktion mit der Struktur themenbezogener R\u00e4ume und ist damit ideal f\u00fcr Menschen, die sich mit Fremden unterhalten wollen, ohne dass Chaos entsteht.<\/p>\n<p>Das sind die Gr\u00fcnde <a href=\"https:\/\/tinychat.com\/de\/\">TinyChat<\/a> eignet sich hervorragend als Plattform f\u00fcr \"Gespr\u00e4che mit Fremden\":<\/p>\n<h3>Keine Anmeldung erforderlich<\/h3>\n<p>Sprung in eine <a href=\"https:\/\/tinychat.com\/de\/chatroulette\/\">Chat<\/a> Raum sofort und ohne Registrierung. M\u00f6chten Sie mehr Funktionen? Sie k\u00f6nnen sich anmelden - aber Sie m\u00fcssen es nicht. Es ist von Anfang an reibungslos.<\/p>\n<h3>Video-, Sprach- und Text-Chat<\/h3>\n<p>Egal, ob Sie gesehen oder geh\u00f6rt werden wollen oder einfach nur anonym schreiben wollen, <a href=\"https:\/\/tinychat.com\/de\/\">TinyChat<\/a> bietet Ihnen mehrere M\u00f6glichkeiten der Interaktion. Sie haben immer die Kontrolle dar\u00fcber, wie sichtbar Sie sein wollen.<\/p>\n<h3>Themenspezifische Chat-R\u00e4ume<\/h3>\n<p>Anders als zuf\u00e4llige Eins-zu-Eins-Plattformen, <a href=\"https:\/\/tinychat.com\/de\/\">TinyChat<\/a> k\u00f6nnen Sie R\u00e4ume nach Ihren Interessen ausw\u00e4hlen: Musik, Politik, Dating, Comedy oder einfach nur \"Chillen\". Das macht es einfacher, gleichgesinnte Fremde zu finden.<\/p>\n<h3>\u00d6ffentliche und private R\u00e4ume<\/h3>\n<p>Sie wollen Leute in einem gro\u00dfen \u00f6ffentlichen Raum treffen? Gehen Sie in einen belebten Raum. Sie wollen etwas Ruhigeres? Schaffen Sie einen privaten <a href=\"https:\/\/tinychat.com\/de\/chatroulette\/\">Chat<\/a> Raum und laden Fremde einzeln ein.<\/p>\n<h3>Live-\u00dcbertragungsfunktionen<\/h3>\n<p><a href=\"https:\/\/tinychat.com\/de\/\">TinyChat<\/a> geht es nicht nur um ein pers\u00f6nliches Gespr\u00e4ch <a href=\"https:\/\/tinychat.com\/de\/chatroulette\/\">Chat<\/a>. Sie k\u00f6nnen Ihr eigenes Video\/Audio in den Raum \u00fcbertragen und mit Ihrem Publikum in Echtzeit interagieren. Oder lehnen Sie sich einfach zur\u00fcck und beobachten Sie, wie andere lustige, seltsame oder aufschlussreiche Sitzungen abhalten.<\/p>\n<h3>Plattform\u00fcbergreifend freundlich<\/h3>\n<p>Verwenden Sie es in Ihrem Browser oder laden Sie die iOS\/Android-Apps herunter, um auch unterwegs zu chatten.<\/p>\n<h2>Ist es sicher, mit Fremden zu sprechen?<\/h2>\n<p>Online-Gespr\u00e4che mit Fremden k\u00f6nnen so sicher oder so riskant sein, wie Sie sie gestalten. Auch wenn die meisten Menschen freundlich oder harmlos sind, ist es wichtig, dass Sie Ihre Privatsph\u00e4re und Ihr emotionales Wohlbefinden sch\u00fctzen. <a href=\"https:\/\/tinychat.com\/de\/\">TinyChat<\/a> und andere seri\u00f6se Plattformen tragen ihren Teil durch Moderation bei, aber auch Ihre Gewohnheiten spielen eine Rolle.<\/p>\n<h3>Sicherheitstipps f\u00fcr Online-Gespr\u00e4che mit Fremden<\/h3>\n<ul>\n<li>Bleiben Sie anonym: Verwenden Sie einen Spitznamen. Geben Sie niemals Ihren richtigen Namen, Ihre Adresse, Ihre Schule oder Ihren Arbeitsplatz an.<\/li>\n<li>Senden Sie keine Fotos oder Links: Auch wenn jemand vertrauensw\u00fcrdig erscheint, sollten Sie keine Bilder oder Links versenden.<\/li>\n<li>Seien Sie respektvoll: Behandeln Sie andere so, wie Sie selbst behandelt werden m\u00f6chten. Die meisten Plattformen, einschlie\u00dflich <a href=\"https:\/\/tinychat.com\/de\/\">TinyChat<\/a>haben klare Regeln gegen Hassreden und Bel\u00e4stigung.<\/li>\n<li>Melden Sie unangemessene Benutzer: Wenn jemand eine Grenze \u00fcberschreitet, verwenden Sie die integrierte Melden-Schaltfl\u00e4che.<\/li>\n<li>Vermeiden Sie die Weitergabe von Informationen \u00fcber soziale Medien, es sei denn, Sie sind sich sicher und m\u00f6chten die Verbindung fortsetzen.<\/li>\n<\/ul>\n<h2>Vorteile von Gespr\u00e4chen mit Fremden auf TinyChat<\/h2>\n<p>Das gruppenbasierte Format von TinyChat hat etwas Besonderes an sich. Hier ist, was die Nutzer am meisten lieben:<\/p>\n<h3>Spontane Gruppenenergie<\/h3>\n<p>Anders als bei einem Einzelgespr\u00e4ch <a href=\"https:\/\/tinychat.com\/de\/chatroulette\/\">Chat<\/a> Die offenen R\u00e4ume von TinyChat bieten die M\u00f6glichkeit, zwanglos zu lauschen, sich langsam einzubringen und lustige Kommentare abzugeben. Es steht Ihnen frei, mitzumachen - oder einfach nur zuzuschauen.<\/p>\n<h3>Vielf\u00e4ltige globale Gemeinschaft<\/h3>\n<p><a href=\"https:\/\/tinychat.com\/de\/\">TinyChat<\/a> bringt Nutzer aus der ganzen Welt zusammen und bietet kulturelle Einblicke, unterschiedliche Perspektiven und gelegentlich unerwartete Freundschaften.<\/p>\n<h3>Umwelt ohne Druck<\/h3>\n<p>Sie k\u00f6nnen den Raum jederzeit verlassen, Ihr Mikrofon stummschalten oder Ihr Video ausschalten. Sie haben immer die Kontrolle dar\u00fcber, wie tief (oder oberfl\u00e4chlich) Ihr Engagement ist.<\/p>\n<h3>Ma\u00dfgeschneiderte Erfahrung<\/h3>\n<p>Egal, ob Sie flirten, Freundschaften schlie\u00dfen, \u00fcber Politik diskutieren, Musik h\u00f6ren oder einfach nur Unsinn mit Fremden reden wollen - es gibt einen Raum daf\u00fcr.<\/p>\n<h2>Echte Benutzererfahrungen<\/h2>\n<blockquote><p>\"Ich begann mit <a href=\"https:\/\/tinychat.com\/de\/\">TinyChat<\/a> w\u00e4hrend der Pandemie, nur um jemanden zum Reden zu finden. Zwei Jahre sp\u00e4ter schaue ich immer noch vorbei, um neue Leute zu treffen. Es ist wie eine virtuelle Bar.\"<br \/>\n- <em>Kevin M., USA<\/em><\/p><\/blockquote>\n<blockquote><p>\"Ich mag es, dass es nicht zu verr\u00fcckt ist. Ich kann einfach in einem Musikraum chillen, mein Mikrofon aufsetzen und mit irgendwelchen Leuten von Kanada bis Kroatien abh\u00e4ngen.\"<br \/>\n- <em>Elena R., Niederlande<\/em><\/p><\/blockquote>\n<blockquote><p>\"Ich habe <a href=\"https:\/\/tinychat.com\/de\/omegle\/\">Omegle<\/a> und diese Art von Websites. <a href=\"https:\/\/tinychat.com\/de\/\">TinyChat<\/a> ist besser f\u00fcr echte Gespr\u00e4che. Man kann herumh\u00e4ngen, ohne zum Reden gezwungen zu werden.\"<br \/>\n- <em>Jason T., S\u00fcdafrika<\/em><\/p><\/blockquote>\n<h2>TinyChat im Vergleich zu anderen \"Talk to Strangers\"-Plattformen<\/h2>\n<table>\n<thead>\n<tr>\n<th>Merkmal<\/th>\n<th><a href=\"https:\/\/tinychat.com\/de\/\">TinyChat<\/a><\/th>\n<th><a href=\"https:\/\/tinychat.com\/de\/omegle\/\">Omegle<\/a><\/th>\n<th><a href=\"https:\/\/tinychat.com\/de\/chatroulette\/\">Chatroulette<\/a><\/th>\n<th><a href=\"https:\/\/tinychat.com\/de\/ometv\/\">OmeTV<\/a><\/th>\n<th><a href=\"https:\/\/tinychat.com\/de\/strangercam\/\">StrangerCam<\/a><\/th>\n<\/tr>\n<\/thead>\n<tbody>\n<tr>\n<td>Gruppenr\u00e4ume<\/td>\n<td>\u2705 Ja<\/td>\n<td>\u274c Nein<\/td>\n<td>\u274c Nein<\/td>\n<td>\u274c Nein<\/td>\n<td>\u274c Nein<\/td>\n<\/tr>\n<tr>\n<td>Text + Video + Sprache <a href=\"https:\/\/tinychat.com\/de\/chatroulette\/\">Chat<\/a><\/td>\n<td>\u2705 Ja<\/td>\n<td>\u2705 Ja<\/td>\n<td>\u2705 Ja<\/td>\n<td>\u2705 Ja<\/td>\n<td>\u2705 Ja<\/td>\n<\/tr>\n<tr>\n<td>Keine Anmeldung erforderlich<\/td>\n<td>\u2705 Ja<\/td>\n<td>\u2705 Ja<\/td>\n<td>\u2705 Ja<\/td>\n<td>\u2705 Ja<\/td>\n<td>\u2705 Ja<\/td>\n<\/tr>\n<tr>\n<td>Themenbasiert <a href=\"https:\/\/tinychat.com\/de\/chatroulette\/\">Chat<\/a><\/td>\n<td>\u2705 Ja<\/td>\n<td>\u274c Nein<\/td>\n<td>\u274c Nein<\/td>\n<td>\u274c Nein<\/td>\n<td>\u274c Nein<\/td>\n<\/tr>\n<tr>\n<td>Live-\u00dcbertragung<\/td>\n<td>\u2705 Ja<\/td>\n<td>\u274c Nein<\/td>\n<td>\u274c Nein<\/td>\n<td>\u274c Nein<\/td>\n<td>\u274c Nein<\/td>\n<\/tr>\n<tr>\n<td>Mobile App verf\u00fcgbar<\/td>\n<td>\u2705 Ja<\/td>\n<td>\u274c Nein<\/td>\n<td>\u2705 Ja<\/td>\n<td>\u2705 Ja<\/td>\n<td>\u2705 Ja<\/td>\n<\/tr>\n<tr>\n<td>Moderation und Berichterstattung<\/td>\n<td>\u2705 Gut<\/td>\n<td>\u26a0\ufe0f Schlecht<\/td>\n<td>\u2705 M\u00e4\u00dfig<\/td>\n<td>\u2705 Gut<\/td>\n<td>\u2705 Gut<\/td>\n<\/tr>\n<\/tbody>\n<\/table>\n<p>Zusammenfassung: <a href=\"https:\/\/tinychat.com\/de\/\">TinyChat<\/a> ist die beste Wahl, wenn Sie auf der Suche nach einer nicht unangenehmen, gruppenbasierten <a href=\"https:\/\/tinychat.com\/de\/strangercam\/\">Fremde<\/a> <a href=\"https:\/\/tinychat.com\/de\/chatroulette\/\">Chat<\/a> mit Themenfilterung, Sprach-\/Videooptionen und einer entspannten Umgebung.<\/p>\n<h2>Tipps, wie Sie das Beste aus Ihrer \"Talk to Strangers\"-Erfahrung machen<\/h2>\n<ul>\n<li>Beginnen Sie im Beobachtermodus: Sie m\u00fcssen nicht sofort reden. Beobachten Sie, lesen Sie den Raum, und lassen Sie sich dann darauf ein.<\/li>\n<li>Finden Sie Ihre Nische: <a href=\"https:\/\/tinychat.com\/de\/\">TinyChat<\/a> hat R\u00e4ume f\u00fcr alles von Politik bis Dating. St\u00f6bern Sie, bis Sie einen Raum finden, der Ihrer Stimmung entspricht.<\/li>\n<li>Verwenden Sie Video nur dann, wenn es Ihnen angenehm ist: Text und Audio sind durchaus zul\u00e4ssige Kommunikationsmittel. Schalten Sie Ihre Kamera nicht \u00fcberst\u00fcrzt ein.<\/li>\n<li>Seien Sie aufgeschlossen: Nicht jeder <a href=\"https:\/\/tinychat.com\/de\/chatroulette\/\">Chat<\/a> werden erstaunlich sein. Einige werden langweilig sein. Andere werden Ihren Tag ver\u00e4ndern. Bleiben Sie auf Entdeckungsreise.<\/li>\n<li>Bleiben Sie konsequent: Je \u00f6fter Sie auftauchen, desto wohler und sicherer werden Sie sich im Umgang mit neuen Menschen f\u00fchlen.<\/li>\n<\/ul>\n<p>Der Satz \"Mit Fremden reden\" war fr\u00fcher mit Warnungen verbunden. Aber in der Online-Welt - wenn es richtig und sicher gemacht wird - ist es ein Tor zu Verbindung, Empathie und gemeinsamen Erfahrungen geworden.<\/p>\n<p><a href=\"https:\/\/tinychat.com\/de\/\">TinyChat<\/a> bietet eine Plattform, auf der diese Idee gedeiht - ein Raum, in dem sich Menschen nicht wegen der Follower, Likes oder Dating-Matches treffen, sondern einfach aus Freude an der Unterhaltung. Es geht darum, mit jemandem in einer anderen Zeitzone zu lachen, eine Geschichte von einer v\u00f6llig anderen Person zu h\u00f6ren. <a href=\"https:\/\/tinychat.com\/de\/strangercam\/\">Fremde<\/a>oder das Finden einer gemeinsamen Basis in einer chaotischen Welt.<\/p>\n<p>Wenn Sie sich also mit Fremden unterhalten wollen - und zwar nicht ziellos, sondern sinnvoll - sind Sie hier genau richtig. Treten Sie einer <a href=\"https:\/\/tinychat.com\/de\/\">TinyChat<\/a> Raum, schalten Sie Ihr Mikrofon ein (oder auch nicht) und sehen Sie, wohin das Gespr\u00e4ch Sie f\u00fchrt.<\/p>\n<p>Denn manchmal sind die besten Gespr\u00e4che die mit Menschen, die man noch nie getroffen hat.<\/p>","protected":false},"excerpt":{"rendered":"<p>The desire to talk to strangers online isn\u2019t about small talk \u2014 it\u2019s about serendipity, surprise, and sometimes, even self-discovery. Whether you&#8217;re feeling isolated, bored, curious, or adventurous, the urge to connect with someone new \u2014 someone outside your usual circles \u2014 is deeply human. That\u2019s where platforms like TinyChat step in, creating safe, easy, [&hellip;]<\/p>\n","protected":false},"author":8,"featured_media":0,"parent":0,"menu_order":0,"comment_status":"closed","ping_status":"closed","template":"","meta":{"footnotes":""},"class_list":["post-3987","page","type-page","status-publish","hentry"],"yoast_head":"<!-- This site is optimized with the Yoast SEO plugin v27.5 - https:\/\/yoast.com\/product\/yoast-seo-wordpress\/ -->\n<title>Talk to Strangers with Video Chat on TinyChat.com<\/title>\n<meta name=\"description\" content=\"Enjoying Talk to Strangers? Join over 50,000,000 strangers on TinyChat! Turn on your cam and start meeting new people, or find a match.\" \/>\n<meta name=\"robots\" content=\"index, follow, max-snippet:-1, max-image-preview:large, max-video-preview:-1\" \/>\n<link rel=\"canonical\" href=\"https:\/\/tinychat.com\/de\/talk-to-strangers\/\" \/>\n<meta property=\"og:locale\" content=\"de_DE\" \/>\n<meta property=\"og:type\" content=\"article\" \/>\n<meta property=\"og:title\" content=\"Talk to Strangers with Video Chat on TinyChat.com\" \/>\n<meta property=\"og:description\" content=\"Enjoying Talk to Strangers? Join over 50,000,000 strangers on TinyChat! Turn on your cam and start meeting new people, or find a match.\" \/>\n<meta property=\"og:url\" content=\"https:\/\/tinychat.com\/de\/talk-to-strangers\/\" \/>\n<meta property=\"og:site_name\" content=\"TinyChat\" \/>\n<meta property=\"article:publisher\" content=\"https:\/\/www.facebook.com\/tinychat\" \/>\n<meta property=\"article:modified_time\" content=\"2025-06-12T08:27:56+00:00\" \/>\n<meta property=\"og:image\" content=\"https:\/\/tinychat.com\/wp-content\/uploads\/2020\/04\/Tinychat-logo-1280x284-new-black.png\" \/>\n\t<meta property=\"og:image:width\" content=\"1280\" \/>\n\t<meta property=\"og:image:height\" content=\"284\" \/>\n\t<meta property=\"og:image:type\" content=\"image\/png\" \/>\n<meta name=\"twitter:card\" content=\"summary_large_image\" \/>\n<meta name=\"twitter:site\" content=\"@tinychat\" \/>\n<meta name=\"twitter:label1\" content=\"Gesch\u00e4tzte Lesezeit\" \/>\n\t<meta name=\"twitter:data1\" content=\"7\u00a0Minuten\" \/>\n<script type=\"application\/ld+json\" class=\"yoast-schema-graph\">{\"@context\":\"https:\\\/\\\/schema.org\",\"@graph\":[{\"@type\":\"WebPage\",\"@id\":\"https:\\\/\\\/tinychat.com\\\/talk-to-strangers\\\/\",\"url\":\"https:\\\/\\\/tinychat.com\\\/talk-to-strangers\\\/\",\"name\":\"Talk to Strangers with Video Chat on TinyChat.com\",\"isPartOf\":{\"@id\":\"https:\\\/\\\/tinychat.com\\\/#website\"},\"datePublished\":\"2025-05-23T15:34:41+00:00\",\"dateModified\":\"2025-06-12T08:27:56+00:00\",\"description\":\"Enjoying Talk to Strangers? Join over 50,000,000 strangers on TinyChat! Turn on your cam and start meeting new people, or find a match.\",\"breadcrumb\":{\"@id\":\"https:\\\/\\\/tinychat.com\\\/talk-to-strangers\\\/#breadcrumb\"},\"inLanguage\":\"de\",\"potentialAction\":[{\"@type\":\"ReadAction\",\"target\":[\"https:\\\/\\\/tinychat.com\\\/talk-to-strangers\\\/\"]}]},{\"@type\":\"BreadcrumbList\",\"@id\":\"https:\\\/\\\/tinychat.com\\\/talk-to-strangers\\\/#breadcrumb\",\"itemListElement\":[{\"@type\":\"ListItem\",\"position\":1,\"name\":\"Home\",\"item\":\"https:\\\/\\\/tinychat.com\\\/\"},{\"@type\":\"ListItem\",\"position\":2,\"name\":\"Talk to Strangers\"}]},{\"@type\":\"WebSite\",\"@id\":\"https:\\\/\\\/tinychat.com\\\/#website\",\"url\":\"https:\\\/\\\/tinychat.com\\\/\",\"name\":\"TinyChat\",\"description\":\"Random Video Chat with Strangers\",\"publisher\":{\"@id\":\"https:\\\/\\\/tinychat.com\\\/#organization\"},\"alternateName\":\"TinyChat.com\",\"potentialAction\":[{\"@type\":\"SearchAction\",\"target\":{\"@type\":\"EntryPoint\",\"urlTemplate\":\"https:\\\/\\\/tinychat.com\\\/?s={search_term_string}\"},\"query-input\":{\"@type\":\"PropertyValueSpecification\",\"valueRequired\":true,\"valueName\":\"search_term_string\"}}],\"inLanguage\":\"de\"},{\"@type\":\"Organization\",\"@id\":\"https:\\\/\\\/tinychat.com\\\/#organization\",\"name\":\"TinyChat\",\"alternateName\":\"TinyChat.com\",\"url\":\"https:\\\/\\\/tinychat.com\\\/\",\"logo\":{\"@type\":\"ImageObject\",\"inLanguage\":\"de\",\"@id\":\"https:\\\/\\\/tinychat.com\\\/#\\\/schema\\\/logo\\\/image\\\/\",\"url\":\"https:\\\/\\\/tinychat.com\\\/wp-content\\\/uploads\\\/2023\\\/11\\\/Tinychat-icon-square.png\",\"contentUrl\":\"https:\\\/\\\/tinychat.com\\\/wp-content\\\/uploads\\\/2023\\\/11\\\/Tinychat-icon-square.png\",\"width\":284,\"height\":284,\"caption\":\"TinyChat\"},\"image\":{\"@id\":\"https:\\\/\\\/tinychat.com\\\/#\\\/schema\\\/logo\\\/image\\\/\"},\"sameAs\":[\"https:\\\/\\\/www.facebook.com\\\/tinychat\",\"https:\\\/\\\/x.com\\\/tinychat\"]}]}<\/script>\n<!-- \/ Yoast SEO plugin. -->","yoast_head_json":{"title":"Sprechen Sie mit Fremden per Video-Chat auf TinyChat.com","description":"Haben Sie Spa\u00df an Talk to Strangers? Schlie\u00dfen Sie sich \u00fcber 50.000.000 Fremden auf TinyChat an! Schalte deine Kamera ein und fange an, neue Leute zu treffen, oder finde einen Partner.","robots":{"index":"index","follow":"follow","max-snippet":"max-snippet:-1","max-image-preview":"max-image-preview:large","max-video-preview":"max-video-preview:-1"},"canonical":"https:\/\/tinychat.com\/de\/talk-to-strangers\/","og_locale":"de_DE","og_type":"article","og_title":"Talk to Strangers with Video Chat on TinyChat.com","og_description":"Enjoying Talk to Strangers? Join over 50,000,000 strangers on TinyChat! Turn on your cam and start meeting new people, or find a match.","og_url":"https:\/\/tinychat.com\/de\/talk-to-strangers\/","og_site_name":"TinyChat","article_publisher":"https:\/\/www.facebook.com\/tinychat","article_modified_time":"2025-06-12T08:27:56+00:00","og_image":[{"width":1280,"height":284,"url":"https:\/\/tinychat.com\/wp-content\/uploads\/2020\/04\/Tinychat-logo-1280x284-new-black.png","type":"image\/png"}],"twitter_card":"summary_large_image","twitter_site":"@tinychat","twitter_misc":{"Gesch\u00e4tzte Lesezeit":"7\u00a0Minuten"},"schema":{"@context":"https:\/\/schema.org","@graph":[{"@type":"WebPage","@id":"https:\/\/tinychat.com\/talk-to-strangers\/","url":"https:\/\/tinychat.com\/talk-to-strangers\/","name":"Sprechen Sie mit Fremden per Video-Chat auf TinyChat.com","isPartOf":{"@id":"https:\/\/tinychat.com\/#website"},"datePublished":"2025-05-23T15:34:41+00:00","dateModified":"2025-06-12T08:27:56+00:00","description":"Haben Sie Spa\u00df an Talk to Strangers? Schlie\u00dfen Sie sich \u00fcber 50.000.000 Fremden auf TinyChat an! Schalte deine Kamera ein und fange an, neue Leute zu treffen, oder finde einen Partner.","breadcrumb":{"@id":"https:\/\/tinychat.com\/talk-to-strangers\/#breadcrumb"},"inLanguage":"de","potentialAction":[{"@type":"ReadAction","target":["https:\/\/tinychat.com\/talk-to-strangers\/"]}]},{"@type":"BreadcrumbList","@id":"https:\/\/tinychat.com\/talk-to-strangers\/#breadcrumb","itemListElement":[{"@type":"ListItem","position":1,"name":"Home","item":"https:\/\/tinychat.com\/"},{"@type":"ListItem","position":2,"name":"Talk to Strangers"}]},{"@type":"WebSite","@id":"https:\/\/tinychat.com\/#website","url":"https:\/\/tinychat.com\/","name":"TinyChat","description":"Zuf\u00e4lliger Video-Chat mit Fremden","publisher":{"@id":"https:\/\/tinychat.com\/#organization"},"alternateName":"TinyChat.com","potentialAction":[{"@type":"SearchAction","target":{"@type":"EntryPoint","urlTemplate":"https:\/\/tinychat.com\/?s={search_term_string}"},"query-input":{"@type":"PropertyValueSpecification","valueRequired":true,"valueName":"search_term_string"}}],"inLanguage":"de"},{"@type":"Organization","@id":"https:\/\/tinychat.com\/#organization","name":"TinyChat","alternateName":"TinyChat.com","url":"https:\/\/tinychat.com\/","logo":{"@type":"ImageObject","inLanguage":"de","@id":"https:\/\/tinychat.com\/#\/schema\/logo\/image\/","url":"https:\/\/tinychat.com\/wp-content\/uploads\/2023\/11\/Tinychat-icon-square.png","contentUrl":"https:\/\/tinychat.com\/wp-content\/uploads\/2023\/11\/Tinychat-icon-square.png","width":284,"height":284,"caption":"TinyChat"},"image":{"@id":"https:\/\/tinychat.com\/#\/schema\/logo\/image\/"},"sameAs":["https:\/\/www.facebook.com\/tinychat","https:\/\/x.com\/tinychat"]}]}},"_links":{"self":[{"href":"https:\/\/tinychat.com\/de\/wp-json\/wp\/v2\/pages\/3987","targetHints":{"allow":["GET"]}}],"collection":[{"href":"https:\/\/tinychat.com\/de\/wp-json\/wp\/v2\/pages"}],"about":[{"href":"https:\/\/tinychat.com\/de\/wp-json\/wp\/v2\/types\/page"}],"author":[{"embeddable":true,"href":"https:\/\/tinychat.com\/de\/wp-json\/wp\/v2\/users\/8"}],"replies":[{"embeddable":true,"href":"https:\/\/tinychat.com\/de\/wp-json\/wp\/v2\/comments?post=3987"}],"version-history":[{"count":3,"href":"https:\/\/tinychat.com\/de\/wp-json\/wp\/v2\/pages\/3987\/revisions"}],"predecessor-version":[{"id":13180,"href":"https:\/\/tinychat.com\/de\/wp-json\/wp\/v2\/pages\/3987\/revisions\/13180"}],"wp:attachment":[{"href":"https:\/\/tinychat.com\/de\/wp-json\/wp\/v2\/media?parent=3987"}],"curies":[{"name":"wp","href":"https:\/\/api.w.org\/{rel}","templated":true}]}}