{"id":4004,"date":"2025-09-03T08:37:25","date_gmt":"2025-09-03T06:37:25","guid":{"rendered":"https:\/\/tinychat.com\/?page_id=4004"},"modified":"2025-09-03T12:46:19","modified_gmt":"2025-09-03T10:46:19","slug":"video-call-strangers","status":"publish","type":"page","link":"https:\/\/tinychat.com\/de\/video-call-strangers\/","title":{"rendered":"Videoanrufe bei Fremden"},"content":{"rendered":"<p>Manchmal sind die denkw\u00fcrdigsten Gespr\u00e4che mit Menschen, von denen man nie erwartet h\u00e4tte, sie zu treffen. Das ist die Magie von Videoanrufplattformen f\u00fcr Fremde - sofortige Verbindungen von Angesicht zu Angesicht mit Menschen aus der ganzen Welt. Mit nur einem Klick k\u00f6nnen Sie eine v\u00f6llig neue Person sehen und mit ihr sprechen, ganz ohne Bios oder Algorithmen.<\/p>\n<p>Ganz gleich, ob Sie Freundschaften schlie\u00dfen, Langeweile bek\u00e4mpfen, etwas \u00fcber andere Kulturen erfahren oder einfach nur lachen m\u00f6chten - Videogespr\u00e4che mit Fremden bieten eine einzigartige M\u00f6glichkeit, in Echtzeit in Kontakt zu treten.<\/p>\n<h2>Was bedeutet es, Fremde per Video anzurufen?<\/h2>\n<p>Wenn Sie Fremde online per Video anrufen, verwenden Sie eine Website oder App, die Sie mit zuf\u00e4lligen Nutzern f\u00fcr Live-Videogespr\u00e4che unter vier Augen oder in Gruppen zusammenbringt. Sie m\u00fcssen sich nicht anmelden, nicht bezahlen und keine pers\u00f6nlichen Daten preisgeben. Stattdessen tun Sie es einfach:<\/p>\n<ol>\n<li>Aktivieren Sie Ihre Webcam und Ihr Mikrofon.<\/li>\n<li>Klicken Sie auf \"Start\" oder \"Verbinden\".<\/li>\n<li>Sie werden sofort mit einer neuen Person zusammengebracht.<\/li>\n<\/ol>\n<p>Konversationen k\u00f6nnen Sekunden, Minuten oder Stunden dauern. Wenn es nicht passt, k\u00f6nnen Sie mit einem Klick zur n\u00e4chsten Person weitergehen.<\/p>\n<p>Sie ist spontan, anonym und erfrischend direkt.<\/p>\n<h2>Warum Menschen zuf\u00e4llige Videoanrufe von Fremden lieben<\/h2>\n<p>Warum also loggen sich jeden Tag Millionen von Menschen ein, um mit Fremden zu videochatten?<\/p>\n<ul>\n<li>Sofortige Verbindung - Starten Sie in Sekundenschnelle ein echtes Gespr\u00e4ch.<\/li>\n<li>Globale Vielfalt - Treffen Sie Menschen aus allen Teilen der Welt.<\/li>\n<li>Menschliche Authentizit\u00e4t - Das Gesicht eines Menschen zu sehen und seine Stimme zu h\u00f6ren, macht es realer als eine SMS.<\/li>\n<li>Null Druck - Wenn es nicht klickt, \u00fcberspringen Sie und versuchen Sie es erneut.<\/li>\n<li>Spannende Unvorhersehbarkeit - Sie wissen nie, ob der n\u00e4chste Chat lustig, kokett, tiefgr\u00fcndig oder \u00fcberraschend sein wird.<\/li>\n<\/ul>\n<p>Es ist das digitale \u00c4quivalent zu einem Gespr\u00e4ch im Zug oder im Caf\u00e9 - nur dass die ganze Welt in Reichweite ist.<\/p>\n<h2>Kostenlose Videoanrufe mit Fremden: So funktioniert es<\/h2>\n<p>Die meisten fremden Videogespr\u00e4chsplattformen k\u00f6nnen kostenlos genutzt werden. Hier ist der einfache Prozess:<\/p>\n<ol>\n<li>Besuchen Sie eine Plattform - beliebte Optionen sind Omegle, Chatroulette, Chatspin und TinyChat.<\/li>\n<li>Erlauben Sie den Zugriff auf Kamera und Mikrofon - unerl\u00e4sslich f\u00fcr die Interaktion von Angesicht zu Angesicht.<\/li>\n<li>Klicken Sie auf \"Verbinden\" - Sie werden sofort mit einem anderen Benutzer zusammengebracht.<\/li>\n<li>Bleiben oder gehen - Wenn die Stimmung gut ist, bleiben Sie, wenn nicht, gehen Sie weiter.<\/li>\n<\/ol>\n<p>Bei einigen Plattformen k\u00f6nnen Sie auch Filter wie Geschlecht, Wohnort oder Interessen hinzuf\u00fcgen, damit Sie mit gr\u00f6\u00dferer Wahrscheinlichkeit Menschen treffen, die Ihnen zusagen.<\/p>\n<h2>Beste Plattformen f\u00fcr Videogespr\u00e4che mit Fremden<\/h2>\n<p>Es gibt Dutzende von Diensten. Hier sind einige der beliebtesten und vertrauensw\u00fcrdigsten:<\/p>\n<ul>\n<li>Omegle - Die urspr\u00fcngliche Zufalls-Video-Chat-Seite, ber\u00fchmt f\u00fcr einfache Text- und Video-Optionen.<\/li>\n<li>Chatroulette - Eine globale Plattform, die f\u00fcr ihre Geschwindigkeit und Unberechenbarkeit bekannt ist.<\/li>\n<li>Chatspin - F\u00fcgt Filter, thematische Chatr\u00e4ume und sogar lustige Videoeffekte hinzu.<\/li>\n<li>Camsurf - Konzentriert sich auf sichere, moderierte Unterhaltungen.<\/li>\n<li>Chatrandom - Bietet sowohl Einzelanrufe nach dem Zufallsprinzip als auch Gruppen-Chatr\u00e4ume.<\/li>\n<li>TinyChat - Eine Mischung aus Fremden-Chat und gemeinschafts\u00e4hnlichen R\u00e4umen.<\/li>\n<li>LuckyCrush - Verbindet M\u00e4nner mit Frauen f\u00fcr flirtende, pers\u00f6nliche Chats.<\/li>\n<\/ul>\n<p>Jede hat ihren eigenen Stil, und wenn Sie mehrere ausprobieren, k\u00f6nnen Sie Ihren Favoriten finden.<\/p>\n<h2>Videoanruf bei Fremden vs. Text-Chat<\/h2>\n<p>Es gibt zwar immer noch reine Text-Chatr\u00e4ume, aber Live-Videogespr\u00e4che bieten ein umfassenderes Erlebnis.<\/p>\n<table>\n<thead>\n<tr>\n<th>Merkmal<\/th>\n<th>Videoanrufe bei Fremden<\/th>\n<th>Text-Chat mit Fremden<\/th>\n<\/tr>\n<\/thead>\n<tbody>\n<tr>\n<td>Gesichtsausdr\u00fccke sehen<\/td>\n<td>\u2705<\/td>\n<td>\u274c<\/td>\n<\/tr>\n<tr>\n<td>H\u00f6re den Tonfall<\/td>\n<td>\u2705<\/td>\n<td>\u274c<\/td>\n<\/tr>\n<tr>\n<td>Schnellere Verbindung<\/td>\n<td>\u2705<\/td>\n<td>\u26a0\ufe0f Manchmal langsamer<\/td>\n<\/tr>\n<tr>\n<td>Mehr authentische Interaktion<\/td>\n<td>\u2705<\/td>\n<td>\u274c<\/td>\n<\/tr>\n<tr>\n<td>Leichter falsch zu interpretieren<\/td>\n<td>\u274c<\/td>\n<td>\u2705<\/td>\n<\/tr>\n<\/tbody>\n<\/table>\n<p>Wenn man jemanden in Echtzeit sieht, f\u00fchlen sich die Gespr\u00e4che echt und spontan an.<\/p>\n<h2>Sicherheit bei Videogespr\u00e4chen mit Fremden<\/h2>\n<p>Die meisten Menschen sind zwar freundlich und respektvoll, aber es ist klug, Grenzen zu setzen. Hier erf\u00e4hrst du, wie du deine Videochats mit Fremden sicher halten kannst:<\/p>\n<ul>\n<li>Geben Sie keine pers\u00f6nlichen Daten weiter - Halten Sie Ihren vollst\u00e4ndigen Namen, Ihre Telefonnummer und Ihre Adresse geheim.<\/li>\n<li>Verwenden Sie einen Spitznamen - Bleiben Sie anonym, bis Sie sich sicher f\u00fchlen.<\/li>\n<li>\u00dcberpr\u00fcfen Sie Ihren Hintergrund - Stellen Sie sicher, dass Ihre Kamera keine privaten Details preisgibt.<\/li>\n<li>Schnell springen - F\u00fchlen Sie sich nicht verpflichtet, in einem Chat zu bleiben, der Ihnen nicht gef\u00e4llt.<\/li>\n<li>Melden Sie unangemessene Nutzer - W\u00e4hlen Sie Plattformen mit Moderationswerkzeugen.<\/li>\n<\/ul>\n<p>Sicherheit ist das, was kostenlose Videoanrufe mit Fremden sowohl Spa\u00df als auch Stressfrei macht.<\/p>\n<h2>Warum Menschen an Videoanrufseiten f\u00fcr Fremde teilnehmen<\/h2>\n<p>Es gibt keinen einzigen Grund, warum die Menschen diese Plattformen lieben - es ist eine Mischung aus Neugier, Spa\u00df und Verbindung.<\/p>\n<ul>\n<li>Gegen Langeweile - ideal f\u00fcr lange Abende oder Auszeiten.<\/li>\n<li>Neue Freunde kennenlernen - Erweitern Sie Ihren Freundeskreis \u00fcber Ihren lokalen Bereich hinaus.<\/li>\n<li>Flirten und Verabreden - Bei manchen Chats stimmt die Chemie sofort.<\/li>\n<li>Sprachkenntnisse \u00fcben - Das Gespr\u00e4ch mit Muttersprachlern ist die beste Art zu lernen.<\/li>\n<li>Kulturen erforschen - direkt etwas \u00fcber das Leben in einem anderen Teil der Welt erfahren.<\/li>\n<\/ul>\n<p>Die Unvorhersehbarkeit ist Teil des Vergn\u00fcgens - Sie k\u00f6nnen ein albernes Gespr\u00e4ch f\u00fchren oder eines, das sich \u00fcberraschend bedeutsam anf\u00fchlt.<\/p>\n<h2>TinyChat: Eine Alternative im Stil der Gemeinschaft<\/h2>\n<p>Wenn Sie die Aufregung von Videogespr\u00e4chen mit Fremden m\u00f6gen, aber mehr Struktur w\u00fcnschen, ist TinyChat einen Blick wert. Im Gegensatz zu vielen Zufallsplattformen f\u00fcr Einzelgespr\u00e4che bietet TinyChat:<\/p>\n<ul>\n<li>Gruppen-Videochats - Nehmen Sie an laufenden Unterhaltungen \u00fcber bestimmte Themen teil.<\/li>\n<li>Private R\u00e4ume - Starten Sie Ihren eigenen Raum und laden Sie Leute ein.<\/li>\n<li>Mehrere Formate - Wechseln Sie zwischen Text, Sprache und Video.<\/li>\n<li>Plattform\u00fcbergreifender Zugriff - Funktioniert in Browsern und auf mobilen Anwendungen.<\/li>\n<li>Community-Veranstaltungen - Treffen Sie Menschen mit gleichen Interessen in Echtzeit.<\/li>\n<\/ul>\n<p>TinyChat verbindet Zuf\u00e4lligkeit mit Gemeinschaft und bietet Ihnen das Beste aus beiden Welten.<\/p>\n<h2>Tipps f\u00fcr ein gro\u00dfartiges Videoanruferlebnis mit Fremden<\/h2>\n<p>Sie m\u00f6chten mehr aus Ihren Chats herausholen? Versuchen Sie dies:<\/p>\n<ul>\n<li>L\u00e4cheln Sie bei der Begr\u00fc\u00dfung - ein herzlicher Start gibt den Ton an.<\/li>\n<li>Seien Sie aufgeschlossen - Seien Sie bereit f\u00fcr unterschiedliche Perspektiven und Pers\u00f6nlichkeiten.<\/li>\n<li>Stellen Sie lustige Fragen - \"Was war das beste Essen, das Sie je hatten?\" ist besser als \"Hallo\".<\/li>\n<li>Bleiben Sie respektvoll - Freundlichkeit bringt meist die besten Antworten.<\/li>\n<li>Probieren Sie verschiedene Zeiten aus - Wenn Sie sich zu verschiedenen Zeiten einloggen, lernen Sie neue Regionen der Welt kennen.<\/li>\n<\/ul>\n<h2>Kostenlose vs. kostenpflichtige Funktionen<\/h2>\n<p>Die meisten Plattformen f\u00fcr Videogespr\u00e4che mit Fremden sind v\u00f6llig kostenlos. Einige bieten jedoch optionale Upgrades an:<\/p>\n<table>\n<thead>\n<tr>\n<th>Merkmal<\/th>\n<th>Kostenlose Version<\/th>\n<th>Kostenpflichtige Version<\/th>\n<\/tr>\n<\/thead>\n<tbody>\n<tr>\n<td>Zuf\u00e4lliger Videoabgleich<\/td>\n<td>\u2705 Ja<\/td>\n<td>\u2705 Ja<\/td>\n<\/tr>\n<tr>\n<td>Unbegrenztes \u00dcberspringen<\/td>\n<td>\u26a0\ufe0f Manchmal gekappt<\/td>\n<td>\u2705 Unbegrenzt<\/td>\n<\/tr>\n<tr>\n<td>Filter f\u00fcr Geschlecht\/Ort<\/td>\n<td>\u26a0\ufe0f Basic<\/td>\n<td>\u2705 Fortgeschritten<\/td>\n<\/tr>\n<tr>\n<td>Anzeigen entfernt<\/td>\n<td>\u274c<\/td>\n<td>\u2705 Ja<\/td>\n<\/tr>\n<tr>\n<td>Private VIP-R\u00e4ume<\/td>\n<td>\u274c<\/td>\n<td>\u2705 Ja<\/td>\n<\/tr>\n<\/tbody>\n<\/table>\n<p>F\u00fcr gelegentliche Nutzer sind die kostenlosen Versionen mehr als ausreichend.<\/p>\n<h2>Die Aufregung des Unbekannten<\/h2>\n<p>Einer der gr\u00f6\u00dften Reize des Videochats mit Fremden ist das Gef\u00fchl von Abenteuer. Bei jedem Anruf werden die W\u00fcrfel neu geworfen. An einem einzigen Abend k\u00f6nnten Sie:<\/p>\n<ul>\n<li>Lernen Sie Slang aus einer anderen Sprache.<\/li>\n<li>Lachen Sie mit jemandem auf der anderen Seite des Globus \u00fcber dumme Witze.<\/li>\n<li>Entdecken Sie eine neue Band oder eine Empfehlung f\u00fcr eine Fernsehsendung.<\/li>\n<li>Erz\u00e4hlen Sie eine Geschichte aus Ihrem Leben und h\u00f6ren Sie im Gegenzug eine.<\/li>\n<li>Stellen Sie eine Verbindung her, die \u00fcber den Anruf hinaus Bestand hat.<\/li>\n<\/ul>\n<p>Die Ungewissheit h\u00e4lt die Dinge frisch und spannend.<\/p>\n<p>Plattformen f\u00fcr Videogespr\u00e4che mit Fremden sind eine der unterhaltsamsten und spontansten M\u00f6glichkeiten, online in Kontakt zu treten. Sie sind kostenlos, schnell und global - und bringen Menschen mit unterschiedlichstem Hintergrund zu Echtzeitgespr\u00e4chen von Angesicht zu Angesicht zusammen.<\/p>\n<p>Egal, ob Sie Freundschaften schlie\u00dfen, flirten, eine neue Sprache \u00fcben oder einfach nur ein bisschen Gesellschaft zu sp\u00e4ter Stunde genie\u00dfen wollen - es gibt immer jemanden, der auf ein Gespr\u00e4ch wartet.<\/p>\n<p>Wenn Sie also bereit sind, aus Ihrer Blase herauszutreten, schalten Sie Ihre Webcam ein, klicken Sie auf \"Verbinden\" und sehen Sie, wen Sie treffen. Ihr n\u00e4chster Videoanruf mit einem Unbekannten k\u00f6nnte das Highlight Ihres Tages werden.<\/p>","protected":false},"excerpt":{"rendered":"<p>Sometimes, the most memorable conversations are with people you never expected to meet. That\u2019s the magic of video call strangers platforms\u2014instant, face-to-face connections with people from all over the world. With just a click, you can see and talk to someone completely new, no bios or algorithms required. Whether you\u2019re looking to make friends, fight [&hellip;]<\/p>\n","protected":false},"author":8,"featured_media":0,"parent":0,"menu_order":0,"comment_status":"closed","ping_status":"closed","template":"","meta":{"footnotes":""},"class_list":["post-4004","page","type-page","status-publish","hentry"],"yoast_head":"<!-- This site is optimized with the Yoast SEO plugin v27.4 - https:\/\/yoast.com\/product\/yoast-seo-wordpress\/ -->\n<title>Video Call Strangers with Video Chat on TinyChat.com<\/title>\n<meta name=\"description\" content=\"Enjoying Video Call Strangers? Join over 50,000,000 strangers on TinyChat! Turn on your cam and start meeting new people, or find a match.\" \/>\n<meta name=\"robots\" content=\"index, follow, max-snippet:-1, max-image-preview:large, max-video-preview:-1\" \/>\n<link rel=\"canonical\" href=\"https:\/\/tinychat.com\/de\/video-call-strangers\/\" \/>\n<meta property=\"og:locale\" content=\"de_DE\" \/>\n<meta property=\"og:type\" content=\"article\" \/>\n<meta property=\"og:title\" content=\"Video Call Strangers with Video Chat on TinyChat.com\" \/>\n<meta property=\"og:description\" content=\"Enjoying Video Call Strangers? Join over 50,000,000 strangers on TinyChat! Turn on your cam and start meeting new people, or find a match.\" \/>\n<meta property=\"og:url\" content=\"https:\/\/tinychat.com\/de\/video-call-strangers\/\" \/>\n<meta property=\"og:site_name\" content=\"TinyChat\" \/>\n<meta property=\"article:publisher\" content=\"https:\/\/www.facebook.com\/tinychat\" \/>\n<meta property=\"article:modified_time\" content=\"2025-09-03T10:46:19+00:00\" \/>\n<meta property=\"og:image\" content=\"https:\/\/tinychat.com\/wp-content\/uploads\/2020\/04\/Tinychat-logo-1280x284-new-black.png\" \/>\n\t<meta property=\"og:image:width\" content=\"1280\" \/>\n\t<meta property=\"og:image:height\" content=\"284\" \/>\n\t<meta property=\"og:image:type\" content=\"image\/png\" \/>\n<meta name=\"twitter:card\" content=\"summary_large_image\" \/>\n<meta name=\"twitter:site\" content=\"@tinychat\" \/>\n<meta name=\"twitter:label1\" content=\"Gesch\u00e4tzte Lesezeit\" \/>\n\t<meta name=\"twitter:data1\" content=\"5\u00a0Minuten\" \/>\n<script type=\"application\/ld+json\" class=\"yoast-schema-graph\">{\"@context\":\"https:\\\/\\\/schema.org\",\"@graph\":[{\"@type\":\"WebPage\",\"@id\":\"https:\\\/\\\/tinychat.com\\\/video-call-strangers\\\/\",\"url\":\"https:\\\/\\\/tinychat.com\\\/video-call-strangers\\\/\",\"name\":\"Video Call Strangers with Video Chat on TinyChat.com\",\"isPartOf\":{\"@id\":\"https:\\\/\\\/tinychat.com\\\/#website\"},\"datePublished\":\"2025-09-03T06:37:25+00:00\",\"dateModified\":\"2025-09-03T10:46:19+00:00\",\"description\":\"Enjoying Video Call Strangers? Join over 50,000,000 strangers on TinyChat! Turn on your cam and start meeting new people, or find a match.\",\"breadcrumb\":{\"@id\":\"https:\\\/\\\/tinychat.com\\\/video-call-strangers\\\/#breadcrumb\"},\"inLanguage\":\"de\",\"potentialAction\":[{\"@type\":\"ReadAction\",\"target\":[\"https:\\\/\\\/tinychat.com\\\/video-call-strangers\\\/\"]}]},{\"@type\":\"BreadcrumbList\",\"@id\":\"https:\\\/\\\/tinychat.com\\\/video-call-strangers\\\/#breadcrumb\",\"itemListElement\":[{\"@type\":\"ListItem\",\"position\":1,\"name\":\"Home\",\"item\":\"https:\\\/\\\/tinychat.com\\\/\"},{\"@type\":\"ListItem\",\"position\":2,\"name\":\"Video Call Strangers\"}]},{\"@type\":\"WebSite\",\"@id\":\"https:\\\/\\\/tinychat.com\\\/#website\",\"url\":\"https:\\\/\\\/tinychat.com\\\/\",\"name\":\"TinyChat\",\"description\":\"Random Video Chat with Strangers\",\"publisher\":{\"@id\":\"https:\\\/\\\/tinychat.com\\\/#organization\"},\"alternateName\":\"TinyChat.com\",\"potentialAction\":[{\"@type\":\"SearchAction\",\"target\":{\"@type\":\"EntryPoint\",\"urlTemplate\":\"https:\\\/\\\/tinychat.com\\\/?s={search_term_string}\"},\"query-input\":{\"@type\":\"PropertyValueSpecification\",\"valueRequired\":true,\"valueName\":\"search_term_string\"}}],\"inLanguage\":\"de\"},{\"@type\":\"Organization\",\"@id\":\"https:\\\/\\\/tinychat.com\\\/#organization\",\"name\":\"TinyChat\",\"alternateName\":\"TinyChat.com\",\"url\":\"https:\\\/\\\/tinychat.com\\\/\",\"logo\":{\"@type\":\"ImageObject\",\"inLanguage\":\"de\",\"@id\":\"https:\\\/\\\/tinychat.com\\\/#\\\/schema\\\/logo\\\/image\\\/\",\"url\":\"https:\\\/\\\/tinychat.com\\\/wp-content\\\/uploads\\\/2023\\\/11\\\/Tinychat-icon-square.png\",\"contentUrl\":\"https:\\\/\\\/tinychat.com\\\/wp-content\\\/uploads\\\/2023\\\/11\\\/Tinychat-icon-square.png\",\"width\":284,\"height\":284,\"caption\":\"TinyChat\"},\"image\":{\"@id\":\"https:\\\/\\\/tinychat.com\\\/#\\\/schema\\\/logo\\\/image\\\/\"},\"sameAs\":[\"https:\\\/\\\/www.facebook.com\\\/tinychat\",\"https:\\\/\\\/x.com\\\/tinychat\"]}]}<\/script>\n<!-- \/ Yoast SEO plugin. -->","yoast_head_json":{"title":"Videoanrufe bei Fremden mit Video-Chat auf TinyChat.com","description":"Genie\u00dfen Sie Videoanrufe mit Fremden? Schlie\u00dfen Sie sich \u00fcber 50.000.000 Fremden auf TinyChat an! Schalten Sie Ihre Kamera ein und lernen Sie neue Leute kennen, oder finden Sie einen Partner.","robots":{"index":"index","follow":"follow","max-snippet":"max-snippet:-1","max-image-preview":"max-image-preview:large","max-video-preview":"max-video-preview:-1"},"canonical":"https:\/\/tinychat.com\/de\/video-call-strangers\/","og_locale":"de_DE","og_type":"article","og_title":"Video Call Strangers with Video Chat on TinyChat.com","og_description":"Enjoying Video Call Strangers? Join over 50,000,000 strangers on TinyChat! Turn on your cam and start meeting new people, or find a match.","og_url":"https:\/\/tinychat.com\/de\/video-call-strangers\/","og_site_name":"TinyChat","article_publisher":"https:\/\/www.facebook.com\/tinychat","article_modified_time":"2025-09-03T10:46:19+00:00","og_image":[{"width":1280,"height":284,"url":"https:\/\/tinychat.com\/wp-content\/uploads\/2020\/04\/Tinychat-logo-1280x284-new-black.png","type":"image\/png"}],"twitter_card":"summary_large_image","twitter_site":"@tinychat","twitter_misc":{"Gesch\u00e4tzte Lesezeit":"5\u00a0Minuten"},"schema":{"@context":"https:\/\/schema.org","@graph":[{"@type":"WebPage","@id":"https:\/\/tinychat.com\/video-call-strangers\/","url":"https:\/\/tinychat.com\/video-call-strangers\/","name":"Videoanrufe bei Fremden mit Video-Chat auf TinyChat.com","isPartOf":{"@id":"https:\/\/tinychat.com\/#website"},"datePublished":"2025-09-03T06:37:25+00:00","dateModified":"2025-09-03T10:46:19+00:00","description":"Genie\u00dfen Sie Videoanrufe mit Fremden? Schlie\u00dfen Sie sich \u00fcber 50.000.000 Fremden auf TinyChat an! Schalten Sie Ihre Kamera ein und lernen Sie neue Leute kennen, oder finden Sie einen Partner.","breadcrumb":{"@id":"https:\/\/tinychat.com\/video-call-strangers\/#breadcrumb"},"inLanguage":"de","potentialAction":[{"@type":"ReadAction","target":["https:\/\/tinychat.com\/video-call-strangers\/"]}]},{"@type":"BreadcrumbList","@id":"https:\/\/tinychat.com\/video-call-strangers\/#breadcrumb","itemListElement":[{"@type":"ListItem","position":1,"name":"Home","item":"https:\/\/tinychat.com\/"},{"@type":"ListItem","position":2,"name":"Video Call Strangers"}]},{"@type":"WebSite","@id":"https:\/\/tinychat.com\/#website","url":"https:\/\/tinychat.com\/","name":"TinyChat","description":"Zuf\u00e4lliger Video-Chat mit Fremden","publisher":{"@id":"https:\/\/tinychat.com\/#organization"},"alternateName":"TinyChat.com","potentialAction":[{"@type":"SearchAction","target":{"@type":"EntryPoint","urlTemplate":"https:\/\/tinychat.com\/?s={search_term_string}"},"query-input":{"@type":"PropertyValueSpecification","valueRequired":true,"valueName":"search_term_string"}}],"inLanguage":"de"},{"@type":"Organization","@id":"https:\/\/tinychat.com\/#organization","name":"TinyChat","alternateName":"TinyChat.com","url":"https:\/\/tinychat.com\/","logo":{"@type":"ImageObject","inLanguage":"de","@id":"https:\/\/tinychat.com\/#\/schema\/logo\/image\/","url":"https:\/\/tinychat.com\/wp-content\/uploads\/2023\/11\/Tinychat-icon-square.png","contentUrl":"https:\/\/tinychat.com\/wp-content\/uploads\/2023\/11\/Tinychat-icon-square.png","width":284,"height":284,"caption":"TinyChat"},"image":{"@id":"https:\/\/tinychat.com\/#\/schema\/logo\/image\/"},"sameAs":["https:\/\/www.facebook.com\/tinychat","https:\/\/x.com\/tinychat"]}]}},"_links":{"self":[{"href":"https:\/\/tinychat.com\/de\/wp-json\/wp\/v2\/pages\/4004","targetHints":{"allow":["GET"]}}],"collection":[{"href":"https:\/\/tinychat.com\/de\/wp-json\/wp\/v2\/pages"}],"about":[{"href":"https:\/\/tinychat.com\/de\/wp-json\/wp\/v2\/types\/page"}],"author":[{"embeddable":true,"href":"https:\/\/tinychat.com\/de\/wp-json\/wp\/v2\/users\/8"}],"replies":[{"embeddable":true,"href":"https:\/\/tinychat.com\/de\/wp-json\/wp\/v2\/comments?post=4004"}],"version-history":[{"count":4,"href":"https:\/\/tinychat.com\/de\/wp-json\/wp\/v2\/pages\/4004\/revisions"}],"predecessor-version":[{"id":13498,"href":"https:\/\/tinychat.com\/de\/wp-json\/wp\/v2\/pages\/4004\/revisions\/13498"}],"wp:attachment":[{"href":"https:\/\/tinychat.com\/de\/wp-json\/wp\/v2\/media?parent=4004"}],"curies":[{"name":"wp","href":"https:\/\/api.w.org\/{rel}","templated":true}]}}