{"id":4022,"date":"2025-08-14T09:43:36","date_gmt":"2025-08-14T07:43:36","guid":{"rendered":"https:\/\/tinychat.com\/?page_id=4022"},"modified":"2025-08-14T10:00:09","modified_gmt":"2025-08-14T08:00:09","slug":"free-random-video-chat","status":"publish","type":"page","link":"https:\/\/tinychat.com\/de\/free-random-video-chat\/","title":{"rendered":"Kostenloser Zufalls-Video-Chat"},"content":{"rendered":"<p>In einer Welt, in der die meisten Online-Interaktionen sorgf\u00e4ltig kuratiert sind, bringt der kostenlose Zufalls-Videochat den Nervenkitzel der Spontaneit\u00e4t zur\u00fcck. Man wei\u00df nie, wen man als N\u00e4chstes trifft - jemanden von der anderen Stra\u00dfenseite oder am anderen Ende der Welt. Mit nur einem Klick stehen Sie einem Fremden von Angesicht zu Angesicht gegen\u00fcber und tauschen Geschichten, Witze oder einfach ein paar Minuten Ihrer Zeit aus.<\/p>\n<p>Es ist eine echte, ungefilterte Verbindung - etwas, das soziale Feeds und Dating-Apps nicht ganz wiedergeben k\u00f6nnen.<\/p>\n<h2>Was ist Free Random Video Chat?<\/h2>\n<p>Ein kostenloser Zufalls-Videochat ist genau das, wonach es klingt: ein Live-Videogespr\u00e4ch unter vier Augen mit einem Fremden, der nach dem Zufallsprinzip ausgew\u00e4hlt wurde, ohne einen Cent zu bezahlen. Sie \u00f6ffnen die Website oder App, aktivieren Ihre Webcam und Ihr Mikrofon, und die Plattform verbindet Sie sofort mit einer anderen Person, die dasselbe tut.<\/p>\n<p>Keine Profile, kein Swipen, keine langen Biografien - nur sofortige Kommunikation in Echtzeit.<\/p>\n<p>Bei einigen Plattformen ist die Auswahl rein zuf\u00e4llig, w\u00e4hrend Sie bei anderen Plattformen Filter wie Interessen, Ort oder Geschlecht hinzuf\u00fcgen k\u00f6nnen, um zu bestimmen, wen Sie treffen.<\/p>\n<h2>Warum Menschen Random Video Calling kostenlos lieben<\/h2>\n<p>Der Reiz liegt in einem Wort: \u00dcberraschung. Jeder Klick ist ein Neuanfang, ohne dass man gezwungen ist, das Gespr\u00e4ch fortzusetzen, wenn man es nicht will.<\/p>\n<p>Das ist der Grund, warum sich so viele Menschen f\u00fcr einen kostenlosen, zuf\u00e4lligen Videochat entscheiden:<\/p>\n<ul>\n<li>Es geht ganz schnell - keine Anmeldung oder Kreditkarte erforderlich. Einfach beitreten und anfangen zu reden.<\/li>\n<li>Es ist global - Treffen Sie Menschen aus verschiedenen Kulturen, Zeitzonen und Lebensbereichen.<\/li>\n<li>Es ist unvorhersehbar - Jeder Anruf ist anders; am Ende kann man etwas lernen, lachen oder sogar einen neuen Freund finden.<\/li>\n<li>Es ist privat - Die meisten Plattformen verlangen keine echten Namen, so dass Ihre Identit\u00e4t gesch\u00fctzt ist.<\/li>\n<li>Es ist flexibel: Bleiben Sie stundenlang bei einer Person, oder brechen Sie nach ein paar Sekunden ab - es liegt ganz bei Ihnen.<\/li>\n<\/ul>\n<h2>Wie der kostenlose Zufalls-Videochat funktioniert<\/h2>\n<p>Der Einstieg ist schnell und einfach:<\/p>\n<ol>\n<li>W\u00e4hlen Sie eine Plattform - Zu den Optionen geh\u00f6ren TinyChat, Chatspin, CamSurf und andere, die kostenlose, zuf\u00e4llige Live-Videochats anbieten.<\/li>\n<li>Kamera und Mikrofon aktivieren - So k\u00f6nnen Sie die andere Person in Echtzeit sehen und h\u00f6ren.<\/li>\n<li>Klicken Sie auf \"Verbinden\" - Die Plattform verbindet Sie zuf\u00e4llig mit einem anderen Nutzer.<\/li>\n<li>Entscheiden Sie, ob Sie bleiben oder weitermachen wollen - Wenn Ihnen der Chat Spa\u00df macht, machen Sie weiter. Wenn nicht, klicken Sie auf \"Weiter\" und lernen Sie sofort jemand Neues kennen.<\/li>\n<\/ol>\n<p>Viele Websites laufen sowohl auf Desktop-Browsern als auch auf mobilen Ger\u00e4ten, so dass Sie sie \u00fcberall nutzen k\u00f6nnen.<\/p>\n<h2>Beliebte Arten von zuf\u00e4lligen Video-Chat-Erlebnissen<\/h2>\n<p>Kostenlose Zufalls-Cam-Chats gibt es in verschiedenen Formaten, jedes mit seiner eigenen Atmosph\u00e4re:<\/p>\n<ul>\n<li>One-on-One Video Chats - Klassische Omegle-Spiele f\u00fcr private Unterhaltungen.<\/li>\n<li>Interessenbasiertes Matching - Geben Sie Themen wie \"Musik\", \"Sport\" oder \"Reisen\" ein, um Gleichgesinnte zu treffen.<\/li>\n<li>Anonymer Video-Chat - Schalten Sie die Kamera aus oder verbergen Sie Ihre Identit\u00e4t, bis Sie bereit sind, sich mitzuteilen.<\/li>\n<li>Bereiche nur f\u00fcr Erwachsene - Einige Plattformen bieten 18+ Bereiche f\u00fcr diejenigen, die flirten oder explizite Chats suchen.<\/li>\n<li>Gruppen-Videor\u00e4ume - Treten Sie offenen R\u00e4umen bei, in denen mehrere Webcams gleichzeitig live sind.<\/li>\n<\/ul>\n<h2>Sicherheit bei der Nutzung des kostenlosen Zufalls-Videochats<\/h2>\n<p>Die meisten Menschen, die Sie treffen werden, sind freundlich und respektvoll, aber die Online-Sicherheit sollte immer Priorit\u00e4t haben.<\/p>\n<ul>\n<li>Sch\u00fctzen Sie Ihre Identit\u00e4t - Verwenden Sie einen Spitznamen anstelle Ihres echten Namens.<\/li>\n<li>Vermeiden Sie die Weitergabe pers\u00f6nlicher Daten - Geben Sie Ihre Adresse, Ihren Arbeitsplatz oder Ihre Telefonnummer nicht preis.<\/li>\n<li>Kontrollieren Sie Ihren Kamerahintergrund - Stellen Sie sicher, dass nichts Privates zu sehen ist.<\/li>\n<li>Benutzen Sie die Schaltfl\u00e4che \"\u00dcberspringen\" nach Belieben - Sie sind nie verpflichtet, in einem Chat zu bleiben.<\/li>\n<li>Melden Sie schlechtes Verhalten - Die meisten Plattformen verf\u00fcgen \u00fcber Schnellmelde-\/Blockierfunktionen.<\/li>\n<\/ul>\n<h2>TinyChat: Eine gro\u00dfartige kostenlose Zufalls-Video-Chat-Option<\/h2>\n<p>Es gibt zwar viele Plattformen, aber TinyChat hebt sich als vielseitige Alternative zu den klassischen Zufalls-Videochatseiten ab. Es kombiniert den Nervenkitzel von zuf\u00e4lligen Einzelgespr\u00e4chen mit Gruppen-Chatr\u00e4umen, denen man nach Thema beitreten kann.<\/p>\n<p>Warum TinyChat einen Versuch wert ist:<\/p>\n<ul>\n<li>Keine erzwungene Anmeldung - Steigen Sie sofort ein oder registrieren Sie sich f\u00fcr weitere Funktionen.<\/li>\n<li>Mehrere M\u00f6glichkeiten zum Chatten - Video, Audio und Text sind alle verf\u00fcgbar.<\/li>\n<li>Themenbezogene R\u00e4ume - Treten Sie R\u00e4umen bei, die sich mit Musik, Dating, Politik oder zwanglosem Beisammensein besch\u00e4ftigen.<\/li>\n<li>\u00d6ffentlich oder privat - Treffen Sie neue Leute in belebten \u00f6ffentlichen R\u00e4umen oder schaffen Sie sich Ihren eigenen privaten Raum.<\/li>\n<li>Plattform\u00fcbergreifender Zugang - Funktioniert in Browsern und verf\u00fcgt \u00fcber iOS\/Android-Apps zum Chatten unterwegs.<\/li>\n<\/ul>\n<p>Wenn Sie die Unvorhersehbarkeit kostenloser, zuf\u00e4lliger Video-Chats m\u00f6gen, aber mehr Kontrolle dar\u00fcber haben m\u00f6chten, wen Sie treffen, ist TinyChat eine gute Wahl.<\/p>\n<h2>Kostenloser Zufalls-Videochat vs. Bezahlter Videochat<\/h2>\n<p>Sie fragen sich vielleicht, ob ein kostenpflichtiger Chat-Dienst mehr bietet. W\u00e4hrend kostenpflichtige Plattformen Extras wie eine bessere Filterung von \u00dcbereinstimmungen oder keine Werbung bieten k\u00f6nnen, hat der kostenlose Zufalls-Videochat seinen eigenen starken Reiz.<\/p>\n<table>\n<thead>\n<tr>\n<th>Merkmal<\/th>\n<th>Kostenloser Zufalls-Video-Chat<\/th>\n<th>Bezahlte Video-Chat-Dienste<\/th>\n<\/tr>\n<\/thead>\n<tbody>\n<tr>\n<td>Kosten<\/td>\n<td>\u2705 Frei<\/td>\n<td>\u274c Abonnement erforderlich<\/td>\n<\/tr>\n<tr>\n<td>Sofortiger Zugang<\/td>\n<td>\u2705 Ja<\/td>\n<td>\u26a0\ufe0f Manchmal begrenzt<\/td>\n<\/tr>\n<tr>\n<td>Globale Reichweite<\/td>\n<td>\u2705 Ja<\/td>\n<td>\u2705 Ja<\/td>\n<\/tr>\n<tr>\n<td>Filter (Ort\/Geschlecht)<\/td>\n<td>\u26a0\ufe0f Begrenzt<\/td>\n<td>\u2705 Weiter fortgeschritten<\/td>\n<\/tr>\n<tr>\n<td>Keine Verpflichtung<\/td>\n<td>\u2705 Ja<\/td>\n<td>\u26a0\ufe0f H\u00e4ufig ist eine Anmeldung erforderlich<\/td>\n<\/tr>\n<\/tbody>\n<\/table>\n<p>F\u00fcr die meisten Gelegenheitsnutzer sind die kostenlosen Dienste mehr als ausreichend.<\/p>\n<h2>Warum Menschen immer wieder zur\u00fcckkommen<\/h2>\n<p>Ein kostenloser Live-Videochat dient nicht nur dem Zeitvertreib, sondern auch der zwischenmenschlichen Kontaktaufnahme ohne die Schichten der sozialen Medien. Sie k\u00f6nnen mit echten Menschen in Echtzeit sprechen, mit all den Macken und Unvorhersehbarkeiten, die damit einhergehen.<\/p>\n<p>Manche verwenden es dazu:<\/p>\n<ul>\n<li>\u00dcben Sie das Sprechen einer neuen Sprache.<\/li>\n<li>Lernen Sie andere L\u00e4nder und Kulturen kennen.<\/li>\n<li>Finden Sie im Gespr\u00e4ch neue Musik, Sendungen oder Hobbys.<\/li>\n<li>Die Langeweile durchbrechen und sich weniger isoliert f\u00fchlen.<\/li>\n<li>Flirten Sie oder lernen Sie jemand Besonderen kennen.<\/li>\n<\/ul>\n<h2>Tipps f\u00fcr ein gro\u00dfartiges Zufalls-Video-Chat-Erlebnis<\/h2>\n<ul>\n<li>Beginnen Sie mit einem L\u00e4cheln - Der erste Eindruck z\u00e4hlt, auch online.<\/li>\n<li>Seien Sie aufgeschlossen - Der Spa\u00df besteht darin, alle Arten von Menschen zu treffen.<\/li>\n<li>Bleiben Sie respektvoll - Freundlichkeit f\u00fchrt oft zu den besten Gespr\u00e4chen.<\/li>\n<li>Wechseln Sie die Tageszeit - Versuchen Sie, Menschen aus anderen Teilen der Welt zu treffen.<\/li>\n<li>Wissen, wann Schluss ist - Ziehen Sie ein Gespr\u00e4ch, das Ihnen keinen Spa\u00df macht, nicht in die L\u00e4nge.<\/li>\n<\/ul>\n<h2>Die Freude am Unerwarteten<\/h2>\n<p>Eines der besten Dinge an kostenlosen Zufalls-Cam-Chats ist ihre Unberechenbarkeit. An einem einzigen Abend k\u00f6nnen Sie mit einem Studenten in Spanien, einem Gamer in Japan und einem Musiker in Brasilien sprechen. Manche Chats k\u00f6nnen 30 Sekunden dauern, andere eine Stunde - aber jeder ist ein eigenes kleines Fenster in ein anderes Leben.<\/p>\n<p>Kostenlose Zufalls-Videochats sind mehr als nur ein Trend - sie sind eine M\u00f6glichkeit, sich in Echtzeit mit der Welt zu verbinden, ohne einen Cent auszugeben. Egal, ob Sie Freundschaften schlie\u00dfen, eine Sprache \u00fcben, ein wenig flirten oder einfach nur eine Unterhaltung mit jemandem genie\u00dfen m\u00f6chten - es gibt eine Plattform f\u00fcr Sie.<\/p>\n<p>Die Sch\u00f6nheit liegt in der Einfachheit: Schalten Sie Ihre Kamera ein, klicken Sie auf \"Verbinden\" und sehen Sie, wohin der Moment Sie f\u00fchrt. Man wei\u00df nie - Ihr n\u00e4chster Chat k\u00f6nnte der H\u00f6hepunkt Ihres Tages sein.<\/p>","protected":false},"excerpt":{"rendered":"<p>In a world where most online interactions are carefully curated, free random video chat brings back the thrill of spontaneity. You never know who you\u2019ll meet next\u2014someone from across the street, or halfway around the world. With just one click, you\u2019re face-to-face with a stranger, sharing stories, jokes, or simply a few minutes of your [&hellip;]<\/p>\n","protected":false},"author":8,"featured_media":0,"parent":0,"menu_order":0,"comment_status":"closed","ping_status":"closed","template":"","meta":{"footnotes":""},"class_list":["post-4022","page","type-page","status-publish","hentry"],"yoast_head":"<!-- This site is optimized with the Yoast SEO plugin v27.6 - https:\/\/yoast.com\/product\/yoast-seo-wordpress\/ -->\n<title>Free Random Video Chat with Video Chat on TinyChat.com<\/title>\n<meta name=\"description\" content=\"Enjoying Free Random Video Chat? Join over 50,000,000 strangers on TinyChat! Turn on your cam and start meeting new people, or find a match.\" \/>\n<meta name=\"robots\" content=\"index, follow, max-snippet:-1, max-image-preview:large, max-video-preview:-1\" \/>\n<link rel=\"canonical\" href=\"https:\/\/tinychat.com\/de\/free-random-video-chat\/\" \/>\n<meta property=\"og:locale\" content=\"de_DE\" \/>\n<meta property=\"og:type\" content=\"article\" \/>\n<meta property=\"og:title\" content=\"Free Random Video Chat with Video Chat on TinyChat.com\" \/>\n<meta property=\"og:description\" content=\"Enjoying Free Random Video Chat? Join over 50,000,000 strangers on TinyChat! Turn on your cam and start meeting new people, or find a match.\" \/>\n<meta property=\"og:url\" content=\"https:\/\/tinychat.com\/de\/free-random-video-chat\/\" \/>\n<meta property=\"og:site_name\" content=\"TinyChat\" \/>\n<meta property=\"article:publisher\" content=\"https:\/\/www.facebook.com\/tinychat\" \/>\n<meta property=\"article:modified_time\" content=\"2025-08-14T08:00:09+00:00\" \/>\n<meta property=\"og:image\" content=\"https:\/\/tinychat.com\/wp-content\/uploads\/2020\/04\/Tinychat-logo-1280x284-new-black.png\" \/>\n\t<meta property=\"og:image:width\" content=\"1280\" \/>\n\t<meta property=\"og:image:height\" content=\"284\" \/>\n\t<meta property=\"og:image:type\" content=\"image\/png\" \/>\n<meta name=\"twitter:card\" content=\"summary_large_image\" \/>\n<meta name=\"twitter:site\" content=\"@tinychat\" \/>\n<meta name=\"twitter:label1\" content=\"Gesch\u00e4tzte Lesezeit\" \/>\n\t<meta name=\"twitter:data1\" content=\"5\u00a0Minuten\" \/>\n<script type=\"application\/ld+json\" class=\"yoast-schema-graph\">{\"@context\":\"https:\\\/\\\/schema.org\",\"@graph\":[{\"@type\":\"WebPage\",\"@id\":\"https:\\\/\\\/tinychat.com\\\/free-random-video-chat\\\/\",\"url\":\"https:\\\/\\\/tinychat.com\\\/free-random-video-chat\\\/\",\"name\":\"Free Random Video Chat with Video Chat on TinyChat.com\",\"isPartOf\":{\"@id\":\"https:\\\/\\\/tinychat.com\\\/#website\"},\"datePublished\":\"2025-08-14T07:43:36+00:00\",\"dateModified\":\"2025-08-14T08:00:09+00:00\",\"description\":\"Enjoying Free Random Video Chat? Join over 50,000,000 strangers on TinyChat! Turn on your cam and start meeting new people, or find a match.\",\"breadcrumb\":{\"@id\":\"https:\\\/\\\/tinychat.com\\\/free-random-video-chat\\\/#breadcrumb\"},\"inLanguage\":\"de\",\"potentialAction\":[{\"@type\":\"ReadAction\",\"target\":[\"https:\\\/\\\/tinychat.com\\\/free-random-video-chat\\\/\"]}]},{\"@type\":\"BreadcrumbList\",\"@id\":\"https:\\\/\\\/tinychat.com\\\/free-random-video-chat\\\/#breadcrumb\",\"itemListElement\":[{\"@type\":\"ListItem\",\"position\":1,\"name\":\"Home\",\"item\":\"https:\\\/\\\/tinychat.com\\\/\"},{\"@type\":\"ListItem\",\"position\":2,\"name\":\"Free Random Video Chat\"}]},{\"@type\":\"WebSite\",\"@id\":\"https:\\\/\\\/tinychat.com\\\/#website\",\"url\":\"https:\\\/\\\/tinychat.com\\\/\",\"name\":\"TinyChat\",\"description\":\"Random Video Chat with Strangers\",\"publisher\":{\"@id\":\"https:\\\/\\\/tinychat.com\\\/#organization\"},\"alternateName\":\"TinyChat.com\",\"potentialAction\":[{\"@type\":\"SearchAction\",\"target\":{\"@type\":\"EntryPoint\",\"urlTemplate\":\"https:\\\/\\\/tinychat.com\\\/?s={search_term_string}\"},\"query-input\":{\"@type\":\"PropertyValueSpecification\",\"valueRequired\":true,\"valueName\":\"search_term_string\"}}],\"inLanguage\":\"de\"},{\"@type\":\"Organization\",\"@id\":\"https:\\\/\\\/tinychat.com\\\/#organization\",\"name\":\"TinyChat\",\"alternateName\":\"TinyChat.com\",\"url\":\"https:\\\/\\\/tinychat.com\\\/\",\"logo\":{\"@type\":\"ImageObject\",\"inLanguage\":\"de\",\"@id\":\"https:\\\/\\\/tinychat.com\\\/#\\\/schema\\\/logo\\\/image\\\/\",\"url\":\"https:\\\/\\\/tinychat.com\\\/wp-content\\\/uploads\\\/2023\\\/11\\\/Tinychat-icon-square.png\",\"contentUrl\":\"https:\\\/\\\/tinychat.com\\\/wp-content\\\/uploads\\\/2023\\\/11\\\/Tinychat-icon-square.png\",\"width\":284,\"height\":284,\"caption\":\"TinyChat\"},\"image\":{\"@id\":\"https:\\\/\\\/tinychat.com\\\/#\\\/schema\\\/logo\\\/image\\\/\"},\"sameAs\":[\"https:\\\/\\\/www.facebook.com\\\/tinychat\",\"https:\\\/\\\/x.com\\\/tinychat\"]}]}<\/script>\n<!-- \/ Yoast SEO plugin. -->","yoast_head_json":{"title":"Kostenloser Zufalls-Video-Chat mit Video-Chat auf TinyChat.com","description":"Genie\u00dfen Sie den kostenlosen Zufalls-Videochat? Schlie\u00dfen Sie sich \u00fcber 50.000.000 Fremden auf TinyChat an! Schalte deine Kamera ein und fange an, neue Leute zu treffen, oder finde einen Partner.","robots":{"index":"index","follow":"follow","max-snippet":"max-snippet:-1","max-image-preview":"max-image-preview:large","max-video-preview":"max-video-preview:-1"},"canonical":"https:\/\/tinychat.com\/de\/free-random-video-chat\/","og_locale":"de_DE","og_type":"article","og_title":"Free Random Video Chat with Video Chat on TinyChat.com","og_description":"Enjoying Free Random Video Chat? Join over 50,000,000 strangers on TinyChat! Turn on your cam and start meeting new people, or find a match.","og_url":"https:\/\/tinychat.com\/de\/free-random-video-chat\/","og_site_name":"TinyChat","article_publisher":"https:\/\/www.facebook.com\/tinychat","article_modified_time":"2025-08-14T08:00:09+00:00","og_image":[{"width":1280,"height":284,"url":"https:\/\/tinychat.com\/wp-content\/uploads\/2020\/04\/Tinychat-logo-1280x284-new-black.png","type":"image\/png"}],"twitter_card":"summary_large_image","twitter_site":"@tinychat","twitter_misc":{"Gesch\u00e4tzte Lesezeit":"5\u00a0Minuten"},"schema":{"@context":"https:\/\/schema.org","@graph":[{"@type":"WebPage","@id":"https:\/\/tinychat.com\/free-random-video-chat\/","url":"https:\/\/tinychat.com\/free-random-video-chat\/","name":"Kostenloser Zufalls-Video-Chat mit Video-Chat auf TinyChat.com","isPartOf":{"@id":"https:\/\/tinychat.com\/#website"},"datePublished":"2025-08-14T07:43:36+00:00","dateModified":"2025-08-14T08:00:09+00:00","description":"Genie\u00dfen Sie den kostenlosen Zufalls-Videochat? Schlie\u00dfen Sie sich \u00fcber 50.000.000 Fremden auf TinyChat an! Schalte deine Kamera ein und fange an, neue Leute zu treffen, oder finde einen Partner.","breadcrumb":{"@id":"https:\/\/tinychat.com\/free-random-video-chat\/#breadcrumb"},"inLanguage":"de","potentialAction":[{"@type":"ReadAction","target":["https:\/\/tinychat.com\/free-random-video-chat\/"]}]},{"@type":"BreadcrumbList","@id":"https:\/\/tinychat.com\/free-random-video-chat\/#breadcrumb","itemListElement":[{"@type":"ListItem","position":1,"name":"Home","item":"https:\/\/tinychat.com\/"},{"@type":"ListItem","position":2,"name":"Free Random Video Chat"}]},{"@type":"WebSite","@id":"https:\/\/tinychat.com\/#website","url":"https:\/\/tinychat.com\/","name":"TinyChat","description":"Zuf\u00e4lliger Video-Chat mit Fremden","publisher":{"@id":"https:\/\/tinychat.com\/#organization"},"alternateName":"TinyChat.com","potentialAction":[{"@type":"SearchAction","target":{"@type":"EntryPoint","urlTemplate":"https:\/\/tinychat.com\/?s={search_term_string}"},"query-input":{"@type":"PropertyValueSpecification","valueRequired":true,"valueName":"search_term_string"}}],"inLanguage":"de"},{"@type":"Organization","@id":"https:\/\/tinychat.com\/#organization","name":"TinyChat","alternateName":"TinyChat.com","url":"https:\/\/tinychat.com\/","logo":{"@type":"ImageObject","inLanguage":"de","@id":"https:\/\/tinychat.com\/#\/schema\/logo\/image\/","url":"https:\/\/tinychat.com\/wp-content\/uploads\/2023\/11\/Tinychat-icon-square.png","contentUrl":"https:\/\/tinychat.com\/wp-content\/uploads\/2023\/11\/Tinychat-icon-square.png","width":284,"height":284,"caption":"TinyChat"},"image":{"@id":"https:\/\/tinychat.com\/#\/schema\/logo\/image\/"},"sameAs":["https:\/\/www.facebook.com\/tinychat","https:\/\/x.com\/tinychat"]}]}},"_links":{"self":[{"href":"https:\/\/tinychat.com\/de\/wp-json\/wp\/v2\/pages\/4022","targetHints":{"allow":["GET"]}}],"collection":[{"href":"https:\/\/tinychat.com\/de\/wp-json\/wp\/v2\/pages"}],"about":[{"href":"https:\/\/tinychat.com\/de\/wp-json\/wp\/v2\/types\/page"}],"author":[{"embeddable":true,"href":"https:\/\/tinychat.com\/de\/wp-json\/wp\/v2\/users\/8"}],"replies":[{"embeddable":true,"href":"https:\/\/tinychat.com\/de\/wp-json\/wp\/v2\/comments?post=4022"}],"version-history":[{"count":3,"href":"https:\/\/tinychat.com\/de\/wp-json\/wp\/v2\/pages\/4022\/revisions"}],"predecessor-version":[{"id":13445,"href":"https:\/\/tinychat.com\/de\/wp-json\/wp\/v2\/pages\/4022\/revisions\/13445"}],"wp:attachment":[{"href":"https:\/\/tinychat.com\/de\/wp-json\/wp\/v2\/media?parent=4022"}],"curies":[{"name":"wp","href":"https:\/\/api.w.org\/{rel}","templated":true}]}}