{"id":4039,"date":"2025-09-03T08:47:55","date_gmt":"2025-09-03T06:47:55","guid":{"rendered":"https:\/\/tinychat.com\/?page_id=4039"},"modified":"2025-09-03T12:38:11","modified_gmt":"2025-09-03T10:38:11","slug":"random-video-chat-with-strangers","status":"publish","type":"page","link":"https:\/\/tinychat.com\/de\/random-video-chat-with-strangers\/","title":{"rendered":"Zuf\u00e4lliger Video-Chat mit Fremden"},"content":{"rendered":"<p>Es hat etwas Aufregendes, ein Gespr\u00e4ch mit einem v\u00f6llig Fremden zu beginnen. Wenn man dann noch ein Video hinzuf\u00fcgt, wird das Erlebnis noch realer, pers\u00f6nlicher und spontaner. Deshalb nutzen Millionen von Menschen auf der ganzen Welt jeden Tag den zuf\u00e4lligen Videochat mit Fremden. Mit einem Klick sind Sie von Angesicht zu Angesicht mit jemandem, den Sie noch nie zuvor getroffen haben, und k\u00f6nnen Geschichten und Witze austauschen und manchmal sogar langfristige Beziehungen aufbauen.<\/p>\n<p>Im Gegensatz zu sozialen Medien oder Dating-Apps m\u00fcssen Sie hier keine Profile durchbl\u00e4ttern oder Biografien lesen. Beim Zufalls-Videochat werden die Filter entfernt und Sie k\u00f6nnen direkt in ein ungefiltertes Live-Gespr\u00e4ch einsteigen.<\/p>\n<h2>Was ist ein zuf\u00e4lliger Video-Chat mit Fremden?<\/h2>\n<p>Der Zufalls-Videochat mit Fremden ist eine Online-Plattform, die Sie nach dem Zufallsprinzip mit einer anderen Person f\u00fcr ein pers\u00f6nliches Live-Videogespr\u00e4ch zusammenbringt. Sie k\u00f6nnen so lange chatten, wie Sie m\u00f6chten, oder auf \"Weiter\" klicken, um sofort zu einem anderen Nutzer zu wechseln.<\/p>\n<p>Diese Chats sind:<\/p>\n<ul>\n<li>Kostenlos und sofort - Viele Plattformen erfordern keine Anmeldung oder Zahlung.<\/li>\n<li>Anonym - Verwenden Sie einen Spitznamen oder bleiben Sie inkognito, bis Sie bereit sind, sich mitzuteilen.<\/li>\n<li>Flexibel - Beginnen Sie mit Video-, reinem Sprach- oder Text-Chat.<\/li>\n<li>Unvorhersehbar - Man wei\u00df nie, wen man als n\u00e4chstes trifft.<\/li>\n<\/ul>\n<p>Es ist wie ein digitales Abenteuer - jede Verbindung ist eine neue Geschichte, die nur darauf wartet, zu passieren.<\/p>\n<h2>Warum Menschen Random Video Chat lieben<\/h2>\n<p>Was also macht dieses Format so beliebt? Hier sind einige der wichtigsten Gr\u00fcnde:<\/p>\n<ul>\n<li>Spontaneit\u00e4t - Jeder Anruf ist neu und unerwartet.<\/li>\n<li>Globale Reichweite - Treffen Sie Menschen aus verschiedenen Kulturen, Zeitzonen und Lebensbereichen.<\/li>\n<li>Zwischenmenschliche Beziehungen - In Videos sieht man L\u00e4cheln, h\u00f6rt Stimmen und kann sich authentisch verbinden.<\/li>\n<li>Niedriger Druck - Wenn sich der Chat nicht richtig anf\u00fchlt, \u00fcberspringen Sie ihn und gehen Sie weiter.<\/li>\n<li>Spa\u00df und Abwechslung - Vom lockeren Gepl\u00e4nkel bis zu tiefgr\u00fcndigen Gespr\u00e4chen zu sp\u00e4ter Stunde ist kein Chat wie der andere.<\/li>\n<\/ul>\n<p>F\u00fcr viele geht es beim zuf\u00e4lligen Videochat darum, die Freude am Reden wiederzuentdecken, ohne zu viel nachzudenken.<\/p>\n<h2>Wie der zuf\u00e4llige Video-Chat mit Fremden funktioniert<\/h2>\n<p>Die ersten Schritte sind ganz einfach - auch wenn Sie nicht technisch versiert sind:<\/p>\n<ol>\n<li>W\u00e4hlen Sie eine Plattform - Websites wie Omegle, Chatroulette, Chatspin und TinyChat sind sehr beliebt.<\/li>\n<li>Erlauben Sie Ihre Webcam und Ihr Mikrofon - Die Plattformen verlangen Zugang, damit Sie gesehen und geh\u00f6rt werden k\u00f6nnen.<\/li>\n<li>Klicken Sie auf \"Start\" oder \"Verbinden\" - Sie werden sofort mit einem zuf\u00e4llig ausgew\u00e4hlten Fremden zusammengebracht.<\/li>\n<li>Plaudern oder \u00fcberspringen - Bleiben Sie im Gespr\u00e4ch, wenn es gut ist, oder gehen Sie weiter, um jemand Neues kennenzulernen.<\/li>\n<li>Verwenden Sie Filter, falls vorhanden - Auf einigen Plattformen k\u00f6nnen Sie die Treffer nach Interessen, Ort oder Geschlecht eingrenzen.<\/li>\n<\/ol>\n<p>Das ist alles - keine komplizierte Einrichtung, nur sofortige Videokonversationen.<\/p>\n<h2>Beste Plattformen f\u00fcr zuf\u00e4llige Video-Chats mit Fremden<\/h2>\n<p>Hier sind einige der bekanntesten und vertrauensw\u00fcrdigsten Optionen:<\/p>\n<ul>\n<li>Omegle - Die urspr\u00fcngliche Zufalls-Video-Chat-Seite, mit Text- und Videomodus.<\/li>\n<li>Chatroulette - Globale Plattform mit schnellem Abgleich und einer gro\u00dfen Nutzerbasis.<\/li>\n<li>Chatspin - F\u00fcgt Filter f\u00fcr Geschlecht, Ort und Interessen sowie lustige Videoeffekte hinzu.<\/li>\n<li>Camsurf - Bekannt f\u00fcr sein sauberes Design, die Moderation und die freundliche Community.<\/li>\n<li>Chatrandom - Bietet thematische Chat-R\u00e4ume sowie einen \"Nur-M\u00e4dchen-Chat\"-Modus.<\/li>\n<li>TinyChat - Kombiniert den Fremden-Chat mit Gruppen-Videor\u00e4umen und vermittelt so ein Gemeinschaftsgef\u00fchl.<\/li>\n<li>Bazoocam - Europ\u00e4ischer Favorit mit in den Chat integrierten Eisbrecher-Spielen.<\/li>\n<\/ul>\n<p>Jede Plattform hat ihre eigenen St\u00e4rken, also probieren Sie einige aus, um herauszufinden, welche Ihrer Stimmung entspricht.<\/p>\n<h2>Zuf\u00e4lliger Video-Chat im Vergleich zu anderen Online-Konversationen<\/h2>\n<p>Es gibt zwar viele M\u00f6glichkeiten, sich online zu unterhalten, aber der Videochat mit zuf\u00e4lligen Fremden sticht heraus.<\/p>\n<table>\n<thead>\n<tr>\n<th>Merkmal<\/th>\n<th>Random Video Chat mit Fremden<\/th>\n<th>Soziale Medien<\/th>\n<th>Dating-Apps<\/th>\n<th>Text-Chat-R\u00e4ume<\/th>\n<\/tr>\n<\/thead>\n<tbody>\n<tr>\n<td>Video in Echtzeit<\/td>\n<td>\u2705<\/td>\n<td>\u2705<\/td>\n<td>\u2705<\/td>\n<td>\u274c<\/td>\n<\/tr>\n<tr>\n<td>Zuf\u00e4lliger Abgleich<\/td>\n<td>\u2705<\/td>\n<td>\u274c<\/td>\n<td>\u2705\/\u274c<\/td>\n<td>\u2705<\/td>\n<\/tr>\n<tr>\n<td>Kein Profil erforderlich<\/td>\n<td>\u2705<\/td>\n<td>\u274c<\/td>\n<td>\u274c<\/td>\n<td>\u2705<\/td>\n<\/tr>\n<tr>\n<td>Kostenloser und sofortiger Zugang<\/td>\n<td>\u2705<\/td>\n<td>\u2705<\/td>\n<td>\u26a0\ufe0f Oft bezahlt<\/td>\n<td>\u2705<\/td>\n<\/tr>\n<tr>\n<td>Option \u00dcberspringen\/N\u00e4chstes<\/td>\n<td>\u2705<\/td>\n<td>\u274c<\/td>\n<td>\u274c<\/td>\n<td>\u274c<\/td>\n<\/tr>\n<\/tbody>\n<\/table>\n<p>Es ist die Unmittelbarkeit, die Unvorhersehbarkeit und das pers\u00f6nliche Element, das sie einzigartig macht.<\/p>\n<h2>Beim Chatten mit Fremden sicher bleiben<\/h2>\n<p>Die meisten Nutzer sind dort, um Spa\u00df zu haben und sich zu unterhalten, aber Sicherheit ist immer wichtig:<\/p>\n<ul>\n<li>Geben Sie keine pers\u00f6nlichen Daten weiter - Halten Sie Ihren vollst\u00e4ndigen Namen, Ihre Adresse und Ihre Telefonnummer geheim.<\/li>\n<li>Verwenden Sie einen neutralen Hintergrund - Vermeiden Sie es, pers\u00f6nliche Informationen in Ihrer Webcam-Ansicht zu zeigen.<\/li>\n<li>Seien Sie vorsichtig mit Links - Klicken Sie niemals auf Dateien von Fremden oder laden Sie diese herunter.<\/li>\n<li>Melden oder \u00fcberspringen Sie unangemessene Nutzer - Seri\u00f6se Plattformen verf\u00fcgen \u00fcber Moderationsfunktionen.<\/li>\n<li>Vertrauen Sie auf Ihren Instinkt - Wenn Ihnen etwas nicht passt, gehen Sie weiter.<\/li>\n<\/ul>\n<p>Richtig gemacht, ist ein zuf\u00e4lliger Videochat sowohl unterhaltsam als auch sicher.<\/p>\n<h2>Warum Menschen Stranger Cam Chats beitreten<\/h2>\n<p>Es gibt eine ganze Reihe von Menschen, die den kostenlosen Video-Chat mit Fremden nutzen. H\u00e4ufige Gr\u00fcnde sind:<\/p>\n<ul>\n<li>Gegen die Langeweile - Unterhaltung zu Hause zu sp\u00e4ter Stunde.<\/li>\n<li>Kulturelle Neugier - Lernen Sie andere L\u00e4nder und Lebensstile kennen.<\/li>\n<li>Sprachpraxis - Sprechen mit Muttersprachlern, um die Sprachfertigkeit zu verbessern.<\/li>\n<li>Flirten und Dating - In der Hoffnung, jemanden zu treffen, bei dem die Chemie stimmt.<\/li>\n<li>Zwanglose Unterhaltung - Ich m\u00f6chte einfach nur mit jemandem reden.<\/li>\n<\/ul>\n<p>Durch die Unvorhersehbarkeit bleibt es frisch - jede Verbindung ist eine Chance, etwas Unerwartetes zu entdecken.<\/p>\n<h2>TinyChat: Eine auf die Gemeinschaft ausgerichtete Alternative<\/h2>\n<p>Wenn Sie die Idee des zuf\u00e4lligen Videochats mit Fremden lieben, aber ein wenig mehr Struktur w\u00fcnschen, ist TinyChat einen Versuch wert. Anstelle von zuf\u00e4lligen Eins-zu-Eins-Spielen bietet es:<\/p>\n<ul>\n<li>\u00d6ffentliche Chatr\u00e4ume - Nehmen Sie an Gruppengespr\u00e4chen zu bestimmten Themen teil.<\/li>\n<li>Private R\u00e4ume - Schaffen Sie sich Ihren eigenen Raum f\u00fcr pers\u00f6nliche Gespr\u00e4che.<\/li>\n<li>Mehrere Chat-Formate - Wechseln Sie zwischen Text, Audio und Video.<\/li>\n<li>Plattform\u00fcbergreifender Zugriff - Nutzen Sie es in Ihrem Browser oder \u00fcber mobile Anwendungen.<\/li>\n<li>Gemeinschaftsveranstaltungen - Finden Sie Gleichgesinnte in fortlaufenden Gruppensitzungen.<\/li>\n<\/ul>\n<p>Es ist eine gute Balance zwischen spontanen Chats und l\u00e4ngerfristiger Community-Interaktion.<\/p>\n<h2>Tipps f\u00fcr ein gro\u00dfartiges Zufalls-Video-Chat-Erlebnis<\/h2>\n<p>Sie m\u00f6chten Ihre Sitzungen optimal nutzen? Versuchen Sie dies:<\/p>\n<ul>\n<li>L\u00e4cheln und einladend sein - Der erste Eindruck z\u00e4hlt, auch online.<\/li>\n<li>Stellen Sie ansprechende Fragen - \"Was ist Ihr Lieblingsort, an den Sie gereist sind?\" schl\u00e4gt \"Hallo\".<\/li>\n<li>Bleiben Sie respektvoll - Eine positive Einstellung erh\u00f6ht die Wahrscheinlichkeit, dass Menschen bleiben.<\/li>\n<li>Experimentieren Sie mit dem Timing - Unterschiedliche Zeitzonen bedeuten unterschiedliche Menschen online.<\/li>\n<li>Wissen, wann man aussetzen sollte - Nicht jedes Spiel wird gefallen, und das ist auch gut so.<\/li>\n<\/ul>\n<h2>Kostenlose vs. kostenpflichtige Random Video Chat Funktionen<\/h2>\n<p>Die meisten Plattformen sind kostenlos, einige bieten jedoch Upgrades an:<\/p>\n<table>\n<thead>\n<tr>\n<th>Merkmal<\/th>\n<th>Kostenlose Version<\/th>\n<th>Kostenpflichtige Version<\/th>\n<\/tr>\n<\/thead>\n<tbody>\n<tr>\n<td>Zuf\u00e4lliger Abgleich<\/td>\n<td>\u2705 Ja<\/td>\n<td>\u2705 Ja<\/td>\n<\/tr>\n<tr>\n<td>Unbegrenztes \u00dcberspringen<\/td>\n<td>\u26a0\ufe0f Manchmal gekappt<\/td>\n<td>\u2705 Unbegrenzt<\/td>\n<\/tr>\n<tr>\n<td>Filter f\u00fcr Geschlecht\/Ort<\/td>\n<td>\u26a0\ufe0f Basic<\/td>\n<td>\u2705 Fortgeschritten<\/td>\n<\/tr>\n<tr>\n<td>Anzeigen entfernt<\/td>\n<td>\u274c<\/td>\n<td>\u2705 Ja<\/td>\n<\/tr>\n<tr>\n<td>VIP-\/Privatr\u00e4ume<\/td>\n<td>\u274c<\/td>\n<td>\u2705 Ja<\/td>\n<\/tr>\n<\/tbody>\n<\/table>\n<p>F\u00fcr den gelegentlichen Gebrauch ist der kostenlose Zufalls-Chat mehr als ausreichend - Sie brauchen nicht zu bezahlen, um Spa\u00df zu haben.<\/p>\n<h2>Die Freude des Zufalls<\/h2>\n<p>Der gr\u00f6\u00dfte Vorteil des zuf\u00e4lligen Videochats mit Fremden ist seine Unvorhersehbarkeit. An einem einzigen Abend k\u00f6nnten Sie:<\/p>\n<ul>\n<li>Lachen Sie mit jemandem auf der anderen Seite des Globus.<\/li>\n<li>Lernen Sie eine Redewendung in einer anderen Sprache.<\/li>\n<li>Teilen Sie Musik- oder Filmempfehlungen.<\/li>\n<li>Flirten Sie mit jemandem, der Ihnen ins Auge f\u00e4llt.<\/li>\n<li>Am Ende steht eine Geschichte, von der Sie noch jahrelang erz\u00e4hlen werden.<\/li>\n<\/ul>\n<p>Es geht um die M\u00f6glichkeit - das unbekannte Gesicht, das auf der anderen Seite des Bildschirms wartet.<\/p>\n<p>Zuf\u00e4llige Videochats mit Fremden sind eine der einfachsten und aufregendsten M\u00f6glichkeiten, online in Kontakt zu treten. Er ist spontan, global und erfrischend menschlich. Egal, ob Sie auf der Suche nach zwanglosem Spa\u00df, kulturellem Austausch oder sogar einem Funken Romantik sind, diese Plattformen bieten Ihnen sofortigen Zugang zu echten Menschen - keine Profile, kein Swipe, kein Stress.<\/p>\n<p>Wenn Sie neugierig sind, schalten Sie Ihre Webcam ein, klicken Sie auf \"Start\" und sehen Sie, wen Sie treffen. Der n\u00e4chste zuf\u00e4llige Fremde k\u00f6nnte der H\u00f6hepunkt deines Abends sein.<\/p>","protected":false},"excerpt":{"rendered":"<p>There\u2019s something exciting about striking up a conversation with a complete stranger. Add video into the mix, and the experience becomes even more real, personal, and spontaneous. That\u2019s why millions of people around the world turn to random video chat with strangers every day. With one click, you\u2019re face-to-face with someone you\u2019ve never met before\u2014sharing [&hellip;]<\/p>\n","protected":false},"author":8,"featured_media":0,"parent":0,"menu_order":0,"comment_status":"closed","ping_status":"closed","template":"","meta":{"footnotes":""},"class_list":["post-4039","page","type-page","status-publish","hentry"],"yoast_head":"<!-- This site is optimized with the Yoast SEO plugin v27.4 - https:\/\/yoast.com\/product\/yoast-seo-wordpress\/ -->\n<title>Random Video Chat With Strangers on TinyChat.com<\/title>\n<meta name=\"description\" content=\"Enjoying Random Video Chat With Strangers? Join over 50,000,000 strangers on TinyChat! Turn on your cam and start meeting new people, or find a match.\" \/>\n<meta name=\"robots\" content=\"index, follow, max-snippet:-1, max-image-preview:large, max-video-preview:-1\" \/>\n<link rel=\"canonical\" href=\"https:\/\/tinychat.com\/de\/random-video-chat-with-strangers\/\" \/>\n<meta property=\"og:locale\" content=\"de_DE\" \/>\n<meta property=\"og:type\" content=\"article\" \/>\n<meta property=\"og:title\" content=\"Random Video Chat With Strangers on TinyChat.com\" \/>\n<meta property=\"og:description\" content=\"Enjoying Random Video Chat With Strangers? Join over 50,000,000 strangers on TinyChat! Turn on your cam and start meeting new people, or find a match.\" \/>\n<meta property=\"og:url\" content=\"https:\/\/tinychat.com\/de\/random-video-chat-with-strangers\/\" \/>\n<meta property=\"og:site_name\" content=\"TinyChat\" \/>\n<meta property=\"article:publisher\" content=\"https:\/\/www.facebook.com\/tinychat\" \/>\n<meta property=\"article:modified_time\" content=\"2025-09-03T10:38:11+00:00\" \/>\n<meta property=\"og:image\" content=\"https:\/\/tinychat.com\/wp-content\/uploads\/2020\/04\/Tinychat-logo-1280x284-new-black.png\" \/>\n\t<meta property=\"og:image:width\" content=\"1280\" \/>\n\t<meta property=\"og:image:height\" content=\"284\" \/>\n\t<meta property=\"og:image:type\" content=\"image\/png\" \/>\n<meta name=\"twitter:card\" content=\"summary_large_image\" \/>\n<meta name=\"twitter:site\" content=\"@tinychat\" \/>\n<meta name=\"twitter:label1\" content=\"Gesch\u00e4tzte Lesezeit\" \/>\n\t<meta name=\"twitter:data1\" content=\"5\u00a0Minuten\" \/>\n<script type=\"application\/ld+json\" class=\"yoast-schema-graph\">{\"@context\":\"https:\\\/\\\/schema.org\",\"@graph\":[{\"@type\":\"WebPage\",\"@id\":\"https:\\\/\\\/tinychat.com\\\/random-video-chat-with-strangers\\\/\",\"url\":\"https:\\\/\\\/tinychat.com\\\/random-video-chat-with-strangers\\\/\",\"name\":\"Random Video Chat With Strangers on TinyChat.com\",\"isPartOf\":{\"@id\":\"https:\\\/\\\/tinychat.com\\\/#website\"},\"datePublished\":\"2025-09-03T06:47:55+00:00\",\"dateModified\":\"2025-09-03T10:38:11+00:00\",\"description\":\"Enjoying Random Video Chat With Strangers? Join over 50,000,000 strangers on TinyChat! Turn on your cam and start meeting new people, or find a match.\",\"breadcrumb\":{\"@id\":\"https:\\\/\\\/tinychat.com\\\/random-video-chat-with-strangers\\\/#breadcrumb\"},\"inLanguage\":\"de\",\"potentialAction\":[{\"@type\":\"ReadAction\",\"target\":[\"https:\\\/\\\/tinychat.com\\\/random-video-chat-with-strangers\\\/\"]}]},{\"@type\":\"BreadcrumbList\",\"@id\":\"https:\\\/\\\/tinychat.com\\\/random-video-chat-with-strangers\\\/#breadcrumb\",\"itemListElement\":[{\"@type\":\"ListItem\",\"position\":1,\"name\":\"Home\",\"item\":\"https:\\\/\\\/tinychat.com\\\/\"},{\"@type\":\"ListItem\",\"position\":2,\"name\":\"Random Video Chat With Strangers\"}]},{\"@type\":\"WebSite\",\"@id\":\"https:\\\/\\\/tinychat.com\\\/#website\",\"url\":\"https:\\\/\\\/tinychat.com\\\/\",\"name\":\"TinyChat\",\"description\":\"Random Video Chat with Strangers\",\"publisher\":{\"@id\":\"https:\\\/\\\/tinychat.com\\\/#organization\"},\"alternateName\":\"TinyChat.com\",\"potentialAction\":[{\"@type\":\"SearchAction\",\"target\":{\"@type\":\"EntryPoint\",\"urlTemplate\":\"https:\\\/\\\/tinychat.com\\\/?s={search_term_string}\"},\"query-input\":{\"@type\":\"PropertyValueSpecification\",\"valueRequired\":true,\"valueName\":\"search_term_string\"}}],\"inLanguage\":\"de\"},{\"@type\":\"Organization\",\"@id\":\"https:\\\/\\\/tinychat.com\\\/#organization\",\"name\":\"TinyChat\",\"alternateName\":\"TinyChat.com\",\"url\":\"https:\\\/\\\/tinychat.com\\\/\",\"logo\":{\"@type\":\"ImageObject\",\"inLanguage\":\"de\",\"@id\":\"https:\\\/\\\/tinychat.com\\\/#\\\/schema\\\/logo\\\/image\\\/\",\"url\":\"https:\\\/\\\/tinychat.com\\\/wp-content\\\/uploads\\\/2023\\\/11\\\/Tinychat-icon-square.png\",\"contentUrl\":\"https:\\\/\\\/tinychat.com\\\/wp-content\\\/uploads\\\/2023\\\/11\\\/Tinychat-icon-square.png\",\"width\":284,\"height\":284,\"caption\":\"TinyChat\"},\"image\":{\"@id\":\"https:\\\/\\\/tinychat.com\\\/#\\\/schema\\\/logo\\\/image\\\/\"},\"sameAs\":[\"https:\\\/\\\/www.facebook.com\\\/tinychat\",\"https:\\\/\\\/x.com\\\/tinychat\"]}]}<\/script>\n<!-- \/ Yoast SEO plugin. -->","yoast_head_json":{"title":"Zuf\u00e4lliger Video-Chat mit Fremden auf TinyChat.com","description":"Genie\u00dfen Sie den zuf\u00e4lligen Video-Chat mit Fremden? Schlie\u00dfen Sie sich \u00fcber 50.000.000 Fremden auf TinyChat an! Schalte deine Kamera ein und fange an, neue Leute zu treffen, oder finde einen Partner.","robots":{"index":"index","follow":"follow","max-snippet":"max-snippet:-1","max-image-preview":"max-image-preview:large","max-video-preview":"max-video-preview:-1"},"canonical":"https:\/\/tinychat.com\/de\/random-video-chat-with-strangers\/","og_locale":"de_DE","og_type":"article","og_title":"Random Video Chat With Strangers on TinyChat.com","og_description":"Enjoying Random Video Chat With Strangers? Join over 50,000,000 strangers on TinyChat! Turn on your cam and start meeting new people, or find a match.","og_url":"https:\/\/tinychat.com\/de\/random-video-chat-with-strangers\/","og_site_name":"TinyChat","article_publisher":"https:\/\/www.facebook.com\/tinychat","article_modified_time":"2025-09-03T10:38:11+00:00","og_image":[{"width":1280,"height":284,"url":"https:\/\/tinychat.com\/wp-content\/uploads\/2020\/04\/Tinychat-logo-1280x284-new-black.png","type":"image\/png"}],"twitter_card":"summary_large_image","twitter_site":"@tinychat","twitter_misc":{"Gesch\u00e4tzte Lesezeit":"5\u00a0Minuten"},"schema":{"@context":"https:\/\/schema.org","@graph":[{"@type":"WebPage","@id":"https:\/\/tinychat.com\/random-video-chat-with-strangers\/","url":"https:\/\/tinychat.com\/random-video-chat-with-strangers\/","name":"Zuf\u00e4lliger Video-Chat mit Fremden auf TinyChat.com","isPartOf":{"@id":"https:\/\/tinychat.com\/#website"},"datePublished":"2025-09-03T06:47:55+00:00","dateModified":"2025-09-03T10:38:11+00:00","description":"Genie\u00dfen Sie den zuf\u00e4lligen Video-Chat mit Fremden? Schlie\u00dfen Sie sich \u00fcber 50.000.000 Fremden auf TinyChat an! Schalte deine Kamera ein und fange an, neue Leute zu treffen, oder finde einen Partner.","breadcrumb":{"@id":"https:\/\/tinychat.com\/random-video-chat-with-strangers\/#breadcrumb"},"inLanguage":"de","potentialAction":[{"@type":"ReadAction","target":["https:\/\/tinychat.com\/random-video-chat-with-strangers\/"]}]},{"@type":"BreadcrumbList","@id":"https:\/\/tinychat.com\/random-video-chat-with-strangers\/#breadcrumb","itemListElement":[{"@type":"ListItem","position":1,"name":"Home","item":"https:\/\/tinychat.com\/"},{"@type":"ListItem","position":2,"name":"Random Video Chat With Strangers"}]},{"@type":"WebSite","@id":"https:\/\/tinychat.com\/#website","url":"https:\/\/tinychat.com\/","name":"TinyChat","description":"Zuf\u00e4lliger Video-Chat mit Fremden","publisher":{"@id":"https:\/\/tinychat.com\/#organization"},"alternateName":"TinyChat.com","potentialAction":[{"@type":"SearchAction","target":{"@type":"EntryPoint","urlTemplate":"https:\/\/tinychat.com\/?s={search_term_string}"},"query-input":{"@type":"PropertyValueSpecification","valueRequired":true,"valueName":"search_term_string"}}],"inLanguage":"de"},{"@type":"Organization","@id":"https:\/\/tinychat.com\/#organization","name":"TinyChat","alternateName":"TinyChat.com","url":"https:\/\/tinychat.com\/","logo":{"@type":"ImageObject","inLanguage":"de","@id":"https:\/\/tinychat.com\/#\/schema\/logo\/image\/","url":"https:\/\/tinychat.com\/wp-content\/uploads\/2023\/11\/Tinychat-icon-square.png","contentUrl":"https:\/\/tinychat.com\/wp-content\/uploads\/2023\/11\/Tinychat-icon-square.png","width":284,"height":284,"caption":"TinyChat"},"image":{"@id":"https:\/\/tinychat.com\/#\/schema\/logo\/image\/"},"sameAs":["https:\/\/www.facebook.com\/tinychat","https:\/\/x.com\/tinychat"]}]}},"_links":{"self":[{"href":"https:\/\/tinychat.com\/de\/wp-json\/wp\/v2\/pages\/4039","targetHints":{"allow":["GET"]}}],"collection":[{"href":"https:\/\/tinychat.com\/de\/wp-json\/wp\/v2\/pages"}],"about":[{"href":"https:\/\/tinychat.com\/de\/wp-json\/wp\/v2\/types\/page"}],"author":[{"embeddable":true,"href":"https:\/\/tinychat.com\/de\/wp-json\/wp\/v2\/users\/8"}],"replies":[{"embeddable":true,"href":"https:\/\/tinychat.com\/de\/wp-json\/wp\/v2\/comments?post=4039"}],"version-history":[{"count":4,"href":"https:\/\/tinychat.com\/de\/wp-json\/wp\/v2\/pages\/4039\/revisions"}],"predecessor-version":[{"id":13497,"href":"https:\/\/tinychat.com\/de\/wp-json\/wp\/v2\/pages\/4039\/revisions\/13497"}],"wp:attachment":[{"href":"https:\/\/tinychat.com\/de\/wp-json\/wp\/v2\/media?parent=4039"}],"curies":[{"name":"wp","href":"https:\/\/api.w.org\/{rel}","templated":true}]}}