{"id":4056,"date":"2025-09-03T08:50:30","date_gmt":"2025-09-03T06:50:30","guid":{"rendered":"https:\/\/tinychat.com\/?page_id=4056"},"modified":"2025-09-03T12:43:21","modified_gmt":"2025-09-03T10:43:21","slug":"stranger-video-chat","status":"publish","type":"page","link":"https:\/\/tinychat.com\/de\/stranger-video-chat\/","title":{"rendered":"Fremder Video Chat"},"content":{"rendered":"<p>Manchmal sind die besten Unterhaltungen diejenigen, die man nicht kommen sieht. Genau darum geht es beim Fremden-Videochat - sich sofort mit Menschen zu verbinden, die man nicht kennt, \u00fcberall auf der Welt, per Live-Video. Keine langen Profile, kein Swipen, keine Algorithmen - nur Sie, Ihre Webcam und die \u00dcberraschung, wer auf der anderen Seite auftaucht.<\/p>\n<p>F\u00fcr Millionen von Menschen ist er zu einer der aufregendsten M\u00f6glichkeiten geworden, online Kontakte zu kn\u00fcpfen. Egal, ob Sie die Langeweile bek\u00e4mpfen, neue Freunde kennenlernen, ein wenig flirten oder etwas \u00fcber andere Kulturen erfahren m\u00f6chten, die Cam-Chat-Plattformen f\u00fcr Fremde machen es einfach, kostenlos und spontan.<\/p>\n<h2>Was ist Stranger Video Chat?<\/h2>\n<p>Der Videochat mit Fremden ist ein einfaches, aber wirkungsvolles Konzept: Eine Website oder App bringt Sie nach dem Zufallsprinzip mit einem anderen Nutzer f\u00fcr ein Live-Videogespr\u00e4ch zusammen. Sie k\u00f6nnen sich so lange unterhalten, wie Sie m\u00f6chten, oder auf \"Weiter\" klicken, um sofort jemanden kennenzulernen.<\/p>\n<p>Zu den wichtigsten Merkmalen geh\u00f6ren h\u00e4ufig:<\/p>\n<ul>\n<li>Kostenloser Videochat mit Fremden ohne Anmeldung.<\/li>\n<li>Zuf\u00e4lliges Pairing von Einzelpersonen f\u00fcr Privatgespr\u00e4che.<\/li>\n<li>Text- und Voice-Chat-Optionen, wenn Sie Ihr Gesicht nicht sofort zeigen wollen.<\/li>\n<li>Mit den Schaltfl\u00e4chen \u00dcberspringen\/N\u00e4chstes k\u00f6nnen Sie steuern, mit wem Sie sprechen.<\/li>\n<li>Interessens- oder Ortsfilter, um Menschen zu finden, die die gleiche Einstellung haben wie Sie.<\/li>\n<\/ul>\n<p>Auf diese Weise k\u00f6nnen Sie auf unkomplizierte Weise zwischenmenschliche Interaktionen in Echtzeit online erleben.<\/p>\n<h2>Warum Menschen Fremde Video-Chat lieben<\/h2>\n<p>Der Reiz ist einfach: Jeder Chat ist eine \u00dcberraschung, und diese Unvorhersehbarkeit macht Spa\u00df. Das ist der Grund, warum die Leute immer wieder zur\u00fcckkommen:<\/p>\n<ul>\n<li>Sofortige menschliche Verbindung - Treffen Sie jemanden in Sekundenschnelle von Angesicht zu Angesicht.<\/li>\n<li>Globale Reichweite - Sprechen Sie mit Menschen aus verschiedenen L\u00e4ndern, Hintergr\u00fcnden und Kulturen.<\/li>\n<li>Geringer Einsatz - Keine Profile, Likes oder Follower zu verwalten. Wenn es Ihnen unangenehm ist, lassen Sie es einfach sein.<\/li>\n<li>Anonymit\u00e4t - Bleiben Sie privat mit einem Spitznamen oder lassen Sie Ihre Kamera aus, bis Sie bereit sind.<\/li>\n<li>Abwechslung - Von albernen Gespr\u00e4chen bis hin zu tiefgr\u00fcndigen Diskussionen zu sp\u00e4ter Stunde ist jede Sitzung anders.<\/li>\n<\/ul>\n<p>Es ist die spontanste Form der Geselligkeit.<\/p>\n<h2>Wie Stranger Cam Chat funktioniert<\/h2>\n<p>Wenn Sie es noch nie ausprobiert haben, ist der Einstieg ganz einfach:<\/p>\n<ol>\n<li>W\u00e4hlen Sie eine Plattform - zur Auswahl stehen Omegle, Chatroulette, Chatspin, TinyChat und Camsurf.<\/li>\n<li>Aktivieren Sie Ihre Kamera und Ihr Mikrofon - Die meisten Websites fragen vor dem Verbinden um Erlaubnis.<\/li>\n<li>Klicken Sie auf \"Start\" - Sie werden sofort mit einer fremden Person f\u00fcr einen Live-Videochat zusammengebracht.<\/li>\n<li>Chatten oder \u00fcberspringen - Genie\u00dfen Sie das Gespr\u00e4ch oder klicken Sie auf \"Weiter\", um weiterzumachen, wann immer Sie wollen.<\/li>\n<li>Filter anpassen - Auf einigen Websites k\u00f6nnen Sie Interessen, Geschlecht oder Ort ausw\u00e4hlen, um die Treffer einzugrenzen.<\/li>\n<\/ol>\n<p>Sie haben jederzeit die Kontrolle - chatten Sie ein paar Sekunden oder bleiben Sie eine Stunde lang.<\/p>\n<h2>Beste Plattformen f\u00fcr Video-Chat mit Fremden<\/h2>\n<p>Es gibt Dutzende von M\u00f6glichkeiten, aber hier sind einige der beliebtesten und vertrauensw\u00fcrdigsten Websites:<\/p>\n<ul>\n<li>Omegle - Die urspr\u00fcngliche Chat-Plattform f\u00fcr zuf\u00e4llige Fremde, mit Text- und Videomodus.<\/li>\n<li>Chatroulette - Bekannt f\u00fcr seine rasanten Zufalls-Videoanrufe und seine globale Reichweite.<\/li>\n<li>Chatspin - Bietet Filter f\u00fcr Geschlecht und Ort sowie lustige Videoeffekte.<\/li>\n<li>Camsurf - Eine saubere, moderierte Plattform mit einer freundlichen Community.<\/li>\n<li>Chatrandom - Enth\u00e4lt thematische R\u00e4ume und einen Modus \"nur f\u00fcr M\u00e4dchen\".<\/li>\n<li>TinyChat - Verbindet den Chat von Unbekannten mit Gruppenr\u00e4umen und sorgt so f\u00fcr ein Gemeinschaftsgef\u00fchl.<\/li>\n<li>Bazoocam - Beliebt in Europa, mit integrierten Eisbrecher-Spielen.<\/li>\n<\/ul>\n<p>Jede hat ihre eigene Atmosph\u00e4re, es lohnt sich also, einige auszuprobieren, um zu sehen, wo man sich am wohlsten f\u00fchlt.<\/p>\n<h2>Video-Chat mit Fremden vs. reiner Text-Chat<\/h2>\n<p>Der Text-Chat ist zwar nach wie vor eine Option, aber der Video-Chat mit Fremden bietet eine ganz neue Ebene der Authentizit\u00e4t.<\/p>\n<table>\n<thead>\n<tr>\n<th>Merkmal<\/th>\n<th>Fremder Video Chat<\/th>\n<th>Nur-Text-Chat<\/th>\n<\/tr>\n<\/thead>\n<tbody>\n<tr>\n<td>Gesichtsausdr\u00fccke sehen<\/td>\n<td>\u2705<\/td>\n<td>\u274c<\/td>\n<\/tr>\n<tr>\n<td>H\u00f6re den Tonfall<\/td>\n<td>\u2705<\/td>\n<td>\u274c<\/td>\n<\/tr>\n<tr>\n<td>Schnellere Verbindung<\/td>\n<td>\u2705<\/td>\n<td>\u26a0\ufe0f Manchmal<\/td>\n<\/tr>\n<tr>\n<td>Mehr pers\u00f6nliche Erfahrung<\/td>\n<td>\u2705<\/td>\n<td>\u274c<\/td>\n<\/tr>\n<tr>\n<td>Leichtere Fehlinterpretation des Textes<\/td>\n<td>\u274c<\/td>\n<td>\u2705<\/td>\n<\/tr>\n<\/tbody>\n<\/table>\n<p>Jemanden in Echtzeit zu sehen und zu h\u00f6ren, macht Gespr\u00e4che nat\u00fcrlicher und ansprechender.<\/p>\n<h2>Sicherheit bei Videochats mit Fremden<\/h2>\n<p>Die meisten Menschen nehmen aus Spa\u00df an Cam-Chats mit Fremden teil, aber es ist klug, Vorsichtsma\u00dfnahmen mit gesundem Menschenverstand zu treffen:<\/p>\n<ul>\n<li>Sch\u00fctzen Sie Ihre Privatsph\u00e4re - Geben Sie Ihren echten Namen, Ihre Telefonnummer oder Ihren Standort nicht preis.<\/li>\n<li>Verwenden Sie einen neutralen Hintergrund - halten Sie pers\u00f6nliche Details aus dem Kamerarahmen heraus.<\/li>\n<li>Freies Gehen - Wenn Sie sich bei jemandem unwohl f\u00fchlen, gehen Sie sofort.<\/li>\n<li>Melden Sie unangemessenes Verhalten - Seri\u00f6se Plattformen verf\u00fcgen \u00fcber Moderationswerkzeuge.<\/li>\n<li>Halten Sie sich an bekannte Websites - Vermeiden Sie zwielichtige Plattformen ohne Sicherheitsrichtlinien.<\/li>\n<\/ul>\n<p>Richtig gemacht, kann ein Videochat mit Fremden sowohl sicher als auch unterhaltsam sein.<\/p>\n<h2>Warum Menschen Stranger Cam Chats beitreten<\/h2>\n<p>Haben Sie sich schon einmal gefragt, warum Menschen so eifrig mit Fremden online sprechen? Die Gr\u00fcnde daf\u00fcr sind unterschiedlich, aber einige der h\u00e4ufigsten sind:<\/p>\n<ul>\n<li>Gegen die Langeweile - Perfekt f\u00fcr lange Abende oder Auszeiten.<\/li>\n<li>Soziale Kontakte - Ein schneller Weg, um sich weniger isoliert zu f\u00fchlen.<\/li>\n<li>Flirten und Verabreden - Viele Nutzer hoffen auf Chemie und Romantik.<\/li>\n<li>Lernen - eine Sprache \u00fcben oder Perspektiven aus verschiedenen Kulturen kennen lernen.<\/li>\n<li>Neugierde - Manchmal macht es einfach Spa\u00df, zu sehen, wer da drau\u00dfen ist.<\/li>\n<\/ul>\n<p>Diese Mischung aus Neugierde und Verbundenheit ist es, die diese Plattformen am Leben erh\u00e4lt.<\/p>\n<h2>Tipps f\u00fcr ein besseres Video-Chat-Erlebnis mit Fremden<\/h2>\n<p>Sie m\u00f6chten das Beste aus Ihren Chats herausholen? Hier finden Sie einige einfache M\u00f6glichkeiten, um das Erlebnis zu verbessern:<\/p>\n<ul>\n<li>L\u00e4cheln Sie und gr\u00fc\u00dfen Sie zuerst - freundliche Ausstrahlung wirkt weit.<\/li>\n<li>Stellen Sie offene Fragen - Anstelle von \"Ja\/Nein\"-Fragen sollten Sie nach Interessen oder Geschichten fragen.<\/li>\n<li>Seien Sie respektvoll - Behandeln Sie andere so, wie Sie selbst behandelt werden m\u00f6chten.<\/li>\n<li>Halten Sie es anfangs leicht - Humor und lockere Konversation helfen, das Eis zu brechen.<\/li>\n<li>Experimentieren Sie mit den Zeiten - Unterschiedliche Zeitzonen bedeuten unterschiedliche Menschen online.<\/li>\n<\/ul>\n<h2>Video-Chat mit Fremden f\u00fcr unterschiedliche Bed\u00fcrfnisse<\/h2>\n<p>Stranger-Cam-Chat ist nicht nur f\u00fcr eine bestimmte Art von Person geeignet. Es kann funktionieren f\u00fcr:<\/p>\n<ul>\n<li>Singles - Auf der Suche nach flirtenden Gespr\u00e4chen oder m\u00f6glichen Dates.<\/li>\n<li>Reisende - Treffen Sie Einheimische virtuell, bevor Sie einen neuen Ort besuchen.<\/li>\n<li>Studenten - \u00dcben einer zweiten Sprache mit Muttersprachlern.<\/li>\n<li>Fernarbeitnehmer - Unterbrechung langer Tage durch soziale Interaktion.<\/li>\n<li>Neugierige K\u00f6pfe - Einfach die menschliche Seite des Internets erforschen.<\/li>\n<\/ul>\n<h2>Kostenlose vs. kostenpflichtige Stranger Video Chat Funktionen<\/h2>\n<p>Die meisten Fremden-Cam-Plattformen sind kostenlos, aber einige bieten Upgrades an.<\/p>\n<table>\n<thead>\n<tr>\n<th>Merkmal<\/th>\n<th>Kostenlose Version<\/th>\n<th>Kostenpflichtige Version<\/th>\n<\/tr>\n<\/thead>\n<tbody>\n<tr>\n<td>Zuf\u00e4lliger Abgleich<\/td>\n<td>\u2705 Ja<\/td>\n<td>\u2705 Ja<\/td>\n<\/tr>\n<tr>\n<td>Unbegrenztes \u00dcberspringen<\/td>\n<td>\u26a0\ufe0f Manchmal begrenzt<\/td>\n<td>\u2705 Immer<\/td>\n<\/tr>\n<tr>\n<td>Geschlechtsspezifische Filter<\/td>\n<td>\u26a0\ufe0f Basic<\/td>\n<td>\u2705 Fortgeschritten<\/td>\n<\/tr>\n<tr>\n<td>Anzeigen entfernt<\/td>\n<td>\u274c<\/td>\n<td>\u2705 Ja<\/td>\n<\/tr>\n<tr>\n<td>Priorit\u00e4tsabgleich<\/td>\n<td>\u274c<\/td>\n<td>\u2705 Ja<\/td>\n<\/tr>\n<\/tbody>\n<\/table>\n<p>F\u00fcr gelegentliche Nutzer ist die kostenlose Version in der Regel mehr als ausreichend.<\/p>\n<h2>TinyChat als Fremder Video Chat Alternative<\/h2>\n<p>Wenn Sie auf der Suche nach etwas sind, das \u00fcber das \u00fcbliche Eins-gegen-Eins-Spiel mit Fremden hinausgeht, bietet TinyChat eine einzigartige Abwechslung. Anstatt nur zuf\u00e4llige Anrufe zu erhalten, k\u00f6nnen Sie thematischen Gruppenr\u00e4umen beitreten oder Ihre eigenen R\u00e4ume einrichten. Das macht es einfach, Leute zu finden, die Ihre Interessen teilen, ohne dass die Spontaneit\u00e4t eines Treffens mit Fremden verloren geht.<\/p>\n<p>TinyChat ist ideal f\u00fcr:<\/p>\n<ul>\n<li>Teilnahme an lebhaften Gruppengespr\u00e4chen \u00fcber Musik, Dating, Spiele oder aktuelle Ereignisse.<\/li>\n<li>Erstellen Sie Ihren eigenen privaten Chat-Raum f\u00fcr pers\u00f6nliche Gespr\u00e4che.<\/li>\n<li>Wechseln Sie je nach Stimmung zwischen Video, Audio und Text.<\/li>\n<li>Plattform\u00fcbergreifendes Chatten auf dem Desktop oder \u00fcber mobile Anwendungen.<\/li>\n<\/ul>\n<p>Der Reiz des Videochats mit Fremden bleibt erhalten, w\u00e4hrend Sie mehr Kontrolle und Gemeinschaft haben.<\/p>\n<p>Der Videochat mit Fremden ist zu einer der unterhaltsamsten und spontansten M\u00f6glichkeiten geworden, online in Kontakt zu treten. Mit nur einer Webcam und einem Klick k\u00f6nnen Sie \u00fcberall auf der Welt jemandem von Angesicht zu Angesicht gegen\u00fcberstehen. Es ist unvorhersehbar, authentisch und oft \u00fcberraschend lohnend.<\/p>\n<p>Egal, ob es Ihnen um zwanglosen Spa\u00df, kulturellen Austausch, n\u00e4chtliche Gesellschaft oder sogar die Chance auf eine Romanze geht, der Cam-Chat mit Fremden bietet unendlich viele M\u00f6glichkeiten - ohne Kosten oder Verpflichtungen.<\/p>\n<p>Wenn Sie also bereit sind, es zu versuchen, gehen Sie auf eine kostenlose Plattform wie TinyChat oder Chatspin, schalten Sie Ihre Kamera ein und sehen Sie, wer da drau\u00dfen ist. Ihr n\u00e4chstes tolles Gespr\u00e4ch k\u00f6nnte nur einen Klick entfernt sein.<\/p>","protected":false},"excerpt":{"rendered":"<p>Sometimes the best conversations are the ones you never see coming. That\u2019s exactly what stranger video chat is all about\u2014connecting instantly with people you don\u2019t know, anywhere in the world, through live video. No long profiles, no swiping, no algorithms\u2014just you, your webcam, and the surprise of seeing who pops up on the other side. [&hellip;]<\/p>\n","protected":false},"author":8,"featured_media":0,"parent":0,"menu_order":0,"comment_status":"closed","ping_status":"closed","template":"","meta":{"footnotes":""},"class_list":["post-4056","page","type-page","status-publish","hentry"],"yoast_head":"<!-- This site is optimized with the Yoast SEO plugin v27.4 - https:\/\/yoast.com\/product\/yoast-seo-wordpress\/ -->\n<title>Stranger Video Chat with Video Chat on TinyChat.com<\/title>\n<meta name=\"description\" content=\"Enjoying Stranger Video Chat? Join over 50,000,000 strangers on TinyChat! Turn on your cam and start meeting new people, or find a match.\" \/>\n<meta name=\"robots\" content=\"index, follow, max-snippet:-1, max-image-preview:large, max-video-preview:-1\" \/>\n<link rel=\"canonical\" href=\"https:\/\/tinychat.com\/de\/stranger-video-chat\/\" \/>\n<meta property=\"og:locale\" content=\"de_DE\" \/>\n<meta property=\"og:type\" content=\"article\" \/>\n<meta property=\"og:title\" content=\"Stranger Video Chat with Video Chat on TinyChat.com\" \/>\n<meta property=\"og:description\" content=\"Enjoying Stranger Video Chat? Join over 50,000,000 strangers on TinyChat! Turn on your cam and start meeting new people, or find a match.\" \/>\n<meta property=\"og:url\" content=\"https:\/\/tinychat.com\/de\/stranger-video-chat\/\" \/>\n<meta property=\"og:site_name\" content=\"TinyChat\" \/>\n<meta property=\"article:publisher\" content=\"https:\/\/www.facebook.com\/tinychat\" \/>\n<meta property=\"article:modified_time\" content=\"2025-09-03T10:43:21+00:00\" \/>\n<meta property=\"og:image\" content=\"https:\/\/tinychat.com\/wp-content\/uploads\/2020\/04\/Tinychat-logo-1280x284-new-black.png\" \/>\n\t<meta property=\"og:image:width\" content=\"1280\" \/>\n\t<meta property=\"og:image:height\" content=\"284\" \/>\n\t<meta property=\"og:image:type\" content=\"image\/png\" \/>\n<meta name=\"twitter:card\" content=\"summary_large_image\" \/>\n<meta name=\"twitter:site\" content=\"@tinychat\" \/>\n<meta name=\"twitter:label1\" content=\"Gesch\u00e4tzte Lesezeit\" \/>\n\t<meta name=\"twitter:data1\" content=\"6\u00a0Minuten\" \/>\n<script type=\"application\/ld+json\" class=\"yoast-schema-graph\">{\"@context\":\"https:\\\/\\\/schema.org\",\"@graph\":[{\"@type\":\"WebPage\",\"@id\":\"https:\\\/\\\/tinychat.com\\\/stranger-video-chat\\\/\",\"url\":\"https:\\\/\\\/tinychat.com\\\/stranger-video-chat\\\/\",\"name\":\"Stranger Video Chat with Video Chat on TinyChat.com\",\"isPartOf\":{\"@id\":\"https:\\\/\\\/tinychat.com\\\/#website\"},\"datePublished\":\"2025-09-03T06:50:30+00:00\",\"dateModified\":\"2025-09-03T10:43:21+00:00\",\"description\":\"Enjoying Stranger Video Chat? Join over 50,000,000 strangers on TinyChat! Turn on your cam and start meeting new people, or find a match.\",\"breadcrumb\":{\"@id\":\"https:\\\/\\\/tinychat.com\\\/stranger-video-chat\\\/#breadcrumb\"},\"inLanguage\":\"de\",\"potentialAction\":[{\"@type\":\"ReadAction\",\"target\":[\"https:\\\/\\\/tinychat.com\\\/stranger-video-chat\\\/\"]}]},{\"@type\":\"BreadcrumbList\",\"@id\":\"https:\\\/\\\/tinychat.com\\\/stranger-video-chat\\\/#breadcrumb\",\"itemListElement\":[{\"@type\":\"ListItem\",\"position\":1,\"name\":\"Home\",\"item\":\"https:\\\/\\\/tinychat.com\\\/\"},{\"@type\":\"ListItem\",\"position\":2,\"name\":\"Stranger Video Chat\"}]},{\"@type\":\"WebSite\",\"@id\":\"https:\\\/\\\/tinychat.com\\\/#website\",\"url\":\"https:\\\/\\\/tinychat.com\\\/\",\"name\":\"TinyChat\",\"description\":\"Random Video Chat with Strangers\",\"publisher\":{\"@id\":\"https:\\\/\\\/tinychat.com\\\/#organization\"},\"alternateName\":\"TinyChat.com\",\"potentialAction\":[{\"@type\":\"SearchAction\",\"target\":{\"@type\":\"EntryPoint\",\"urlTemplate\":\"https:\\\/\\\/tinychat.com\\\/?s={search_term_string}\"},\"query-input\":{\"@type\":\"PropertyValueSpecification\",\"valueRequired\":true,\"valueName\":\"search_term_string\"}}],\"inLanguage\":\"de\"},{\"@type\":\"Organization\",\"@id\":\"https:\\\/\\\/tinychat.com\\\/#organization\",\"name\":\"TinyChat\",\"alternateName\":\"TinyChat.com\",\"url\":\"https:\\\/\\\/tinychat.com\\\/\",\"logo\":{\"@type\":\"ImageObject\",\"inLanguage\":\"de\",\"@id\":\"https:\\\/\\\/tinychat.com\\\/#\\\/schema\\\/logo\\\/image\\\/\",\"url\":\"https:\\\/\\\/tinychat.com\\\/wp-content\\\/uploads\\\/2023\\\/11\\\/Tinychat-icon-square.png\",\"contentUrl\":\"https:\\\/\\\/tinychat.com\\\/wp-content\\\/uploads\\\/2023\\\/11\\\/Tinychat-icon-square.png\",\"width\":284,\"height\":284,\"caption\":\"TinyChat\"},\"image\":{\"@id\":\"https:\\\/\\\/tinychat.com\\\/#\\\/schema\\\/logo\\\/image\\\/\"},\"sameAs\":[\"https:\\\/\\\/www.facebook.com\\\/tinychat\",\"https:\\\/\\\/x.com\\\/tinychat\"]}]}<\/script>\n<!-- \/ Yoast SEO plugin. -->","yoast_head_json":{"title":"Fremder Video-Chat mit Video-Chat auf TinyChat.com","description":"Genie\u00dfen Sie den Video-Chat mit Fremden? Schlie\u00dfen Sie sich \u00fcber 50.000.000 Fremden auf TinyChat an! Schalte deine Kamera ein und fange an, neue Leute zu treffen, oder finde einen Partner.","robots":{"index":"index","follow":"follow","max-snippet":"max-snippet:-1","max-image-preview":"max-image-preview:large","max-video-preview":"max-video-preview:-1"},"canonical":"https:\/\/tinychat.com\/de\/stranger-video-chat\/","og_locale":"de_DE","og_type":"article","og_title":"Stranger Video Chat with Video Chat on TinyChat.com","og_description":"Enjoying Stranger Video Chat? Join over 50,000,000 strangers on TinyChat! Turn on your cam and start meeting new people, or find a match.","og_url":"https:\/\/tinychat.com\/de\/stranger-video-chat\/","og_site_name":"TinyChat","article_publisher":"https:\/\/www.facebook.com\/tinychat","article_modified_time":"2025-09-03T10:43:21+00:00","og_image":[{"width":1280,"height":284,"url":"https:\/\/tinychat.com\/wp-content\/uploads\/2020\/04\/Tinychat-logo-1280x284-new-black.png","type":"image\/png"}],"twitter_card":"summary_large_image","twitter_site":"@tinychat","twitter_misc":{"Gesch\u00e4tzte Lesezeit":"6\u00a0Minuten"},"schema":{"@context":"https:\/\/schema.org","@graph":[{"@type":"WebPage","@id":"https:\/\/tinychat.com\/stranger-video-chat\/","url":"https:\/\/tinychat.com\/stranger-video-chat\/","name":"Fremder Video-Chat mit Video-Chat auf TinyChat.com","isPartOf":{"@id":"https:\/\/tinychat.com\/#website"},"datePublished":"2025-09-03T06:50:30+00:00","dateModified":"2025-09-03T10:43:21+00:00","description":"Genie\u00dfen Sie den Video-Chat mit Fremden? Schlie\u00dfen Sie sich \u00fcber 50.000.000 Fremden auf TinyChat an! Schalte deine Kamera ein und fange an, neue Leute zu treffen, oder finde einen Partner.","breadcrumb":{"@id":"https:\/\/tinychat.com\/stranger-video-chat\/#breadcrumb"},"inLanguage":"de","potentialAction":[{"@type":"ReadAction","target":["https:\/\/tinychat.com\/stranger-video-chat\/"]}]},{"@type":"BreadcrumbList","@id":"https:\/\/tinychat.com\/stranger-video-chat\/#breadcrumb","itemListElement":[{"@type":"ListItem","position":1,"name":"Home","item":"https:\/\/tinychat.com\/"},{"@type":"ListItem","position":2,"name":"Stranger Video Chat"}]},{"@type":"WebSite","@id":"https:\/\/tinychat.com\/#website","url":"https:\/\/tinychat.com\/","name":"TinyChat","description":"Zuf\u00e4lliger Video-Chat mit Fremden","publisher":{"@id":"https:\/\/tinychat.com\/#organization"},"alternateName":"TinyChat.com","potentialAction":[{"@type":"SearchAction","target":{"@type":"EntryPoint","urlTemplate":"https:\/\/tinychat.com\/?s={search_term_string}"},"query-input":{"@type":"PropertyValueSpecification","valueRequired":true,"valueName":"search_term_string"}}],"inLanguage":"de"},{"@type":"Organization","@id":"https:\/\/tinychat.com\/#organization","name":"TinyChat","alternateName":"TinyChat.com","url":"https:\/\/tinychat.com\/","logo":{"@type":"ImageObject","inLanguage":"de","@id":"https:\/\/tinychat.com\/#\/schema\/logo\/image\/","url":"https:\/\/tinychat.com\/wp-content\/uploads\/2023\/11\/Tinychat-icon-square.png","contentUrl":"https:\/\/tinychat.com\/wp-content\/uploads\/2023\/11\/Tinychat-icon-square.png","width":284,"height":284,"caption":"TinyChat"},"image":{"@id":"https:\/\/tinychat.com\/#\/schema\/logo\/image\/"},"sameAs":["https:\/\/www.facebook.com\/tinychat","https:\/\/x.com\/tinychat"]}]}},"_links":{"self":[{"href":"https:\/\/tinychat.com\/de\/wp-json\/wp\/v2\/pages\/4056","targetHints":{"allow":["GET"]}}],"collection":[{"href":"https:\/\/tinychat.com\/de\/wp-json\/wp\/v2\/pages"}],"about":[{"href":"https:\/\/tinychat.com\/de\/wp-json\/wp\/v2\/types\/page"}],"author":[{"embeddable":true,"href":"https:\/\/tinychat.com\/de\/wp-json\/wp\/v2\/users\/8"}],"replies":[{"embeddable":true,"href":"https:\/\/tinychat.com\/de\/wp-json\/wp\/v2\/comments?post=4056"}],"version-history":[{"count":5,"href":"https:\/\/tinychat.com\/de\/wp-json\/wp\/v2\/pages\/4056\/revisions"}],"predecessor-version":[{"id":13496,"href":"https:\/\/tinychat.com\/de\/wp-json\/wp\/v2\/pages\/4056\/revisions\/13496"}],"wp:attachment":[{"href":"https:\/\/tinychat.com\/de\/wp-json\/wp\/v2\/media?parent=4056"}],"curies":[{"name":"wp","href":"https:\/\/api.w.org\/{rel}","templated":true}]}}