{"id":4141,"date":"2025-05-23T18:04:51","date_gmt":"2025-05-23T16:04:51","guid":{"rendered":"https:\/\/tinychat.com\/?page_id=4141"},"modified":"2025-07-07T18:19:49","modified_gmt":"2025-07-07T16:19:49","slug":"cam-dating","status":"publish","type":"page","link":"https:\/\/tinychat.com\/de\/cam-dating\/","title":{"rendered":"Cam Dating"},"content":{"rendered":"<p>Online-Dating hat sich von Textnachrichten und sorgf\u00e4ltig kuratierten Profilbildern weit entfernt. Cam-Dating ver\u00e4ndert das Spiel, indem es eine sofortige Verbindung von Angesicht zu Angesicht erm\u00f6glicht - kein endloses Messaging, Catfishing oder R\u00e4tselraten mehr. In einer Welt, in der wir uns nach Intimit\u00e4t und Authentizit\u00e4t sehnen, bieten Cam-Dating-Seiten Singles (und sogar Paaren) eine M\u00f6glichkeit, sich zu treffen, zu flirten und sich zu verlieben - und das alles in Echtzeit.<\/p>\n<p>Egal, ob du auf der Suche nach zwanglosem Spa\u00df, einer ernsthaften Beziehung oder einfach nur nach einem unvergesslichen virtuellen Date bist, Cam-Dating bringt dir echte Kontakte direkt auf deinen Bildschirm.<\/p>\n<h2>Was ist Cam-Dating?<\/h2>\n<p>Einfach ausgedr\u00fcckt, ist Cam-Dating Online-Dating mit einem Live-Video-Twist. Anstatt auf Antworten zu warten oder sich in einem Meer von Texten zu verlieren, treten Sie in einen Echtzeit-Videochat mit einer neuen Person ein - Sie sehen, h\u00f6ren und reagieren in diesem Moment. Betrachten Sie es als Speed-Dating f\u00fcr das digitale Zeitalter: spontan, ehrlich und unterhaltsam.<\/p>\n<p>Die meisten Cam-Dating-Seiten bieten:<\/p>\n<ul>\n<li>Live-Videochat unter vier Augen: Treffen und interagieren Sie sofort.<\/li>\n<li>Zufalls-Cam-Dating: Mit einem Klick werden Sie mit Singles aus der ganzen Welt zusammengebracht.<\/li>\n<li>Filter f\u00fcr Geschlecht und Standort: So k\u00f6nnen Sie mit Menschen in Kontakt treten, die Sie wirklich interessieren.<\/li>\n<li>Profil durchsuchen: F\u00fcr diejenigen, die etwas mehr wissen wollen, bevor sie live gehen.<\/li>\n<li>Privat- und Gruppenvideo-Optionen: Von privaten Dates bis hin zu zwanglosen Cam-Partys.<\/li>\n<\/ul>\n<p>Das kommt einem pers\u00f6nlichen Treffen am n\u00e4chsten - ohne das Haus zu verlassen.<\/p>\n<h2>Warum Cam Dating ausprobieren?<\/h2>\n<p>Texting und Swiping reichen nicht aus. Hier ist der Grund, warum immer mehr Singles den Wechsel vollziehen:<\/p>\n<ul>\n<li>Sehen Sie die echte Chemie: Im Video-Chat sieht man L\u00e4cheln, Lachen und sofortige Anziehungskraft - kein Raten mehr anhand von Profilbildern.<\/li>\n<li>Vermeiden Sie \"Catfishing\": Treffen Sie die echte Person, und zwar sofort.<\/li>\n<li>Sparen Sie Zeit: Lernen Sie sich sofort kennen, ohne endlosen Smalltalk.<\/li>\n<li>Pers\u00f6nlicher: Videos machen Gespr\u00e4che tiefer, lustiger und einpr\u00e4gsamer.<\/li>\n<li>Spontaneit\u00e4t: Jeder Anruf ist ein neuer Anfang und eine neue Geschichte.<\/li>\n<\/ul>\n<p>Ob du sch\u00fcchtern, kontaktfreudig oder irgendwo dazwischen bist, Cam-Dating passt zu jedem Stil.<\/p>\n<h2>Wie Cam-Dating funktioniert<\/h2>\n<p>Die meisten Cam-Dating-Seiten und -Apps sind super einfach zu bedienen:<\/p>\n<ol>\n<li>Melden Sie sich mit einem Benutzernamen, einer E-Mail oder manchmal auch anonym an.<\/li>\n<li>Legen Sie Ihre Pr\u00e4ferenzen fest - wen Sie treffen m\u00f6chten und woher.<\/li>\n<li>Nehmen Sie an einer zuf\u00e4lligen Cam-Dating-Sitzung teil oder durchsuchen Sie Profile, um jemanden zu einem privaten Chat einzuladen.<\/li>\n<li>Erlauben Sie den Zugriff auf Kamera und Mikrofon. (Sie bestimmen, wann Ihre Kamera eingeschaltet wird.)<\/li>\n<li>Beginnen Sie Ihr Date! Bleiben Sie ein paar Minuten oder eine Stunde - es liegt ganz bei Ihnen.<\/li>\n<li>Sie f\u00fchlen sich nicht wohl? Dann klicken Sie einfach weiter - keine Unannehmlichkeiten, kein Druck.<\/li>\n<\/ol>\n<p>Einige Plattformen bieten sogar \"Speed-Dating\"-Veranstaltungen, Eisbrecher oder themenbezogene Video-Chatr\u00e4ume an, um Ihnen den Einstieg zu erleichtern.<\/p>\n<h2>Beste Cam Dating Seiten &amp; Apps<\/h2>\n<p>Sie wissen nicht, wo Sie anfangen sollen? Hier sind ein paar der beliebtesten Orte, um Cam-Dating auszuprobieren:<\/p>\n<ul>\n<li>CooMeet: Bekannt f\u00fcr die Verifizierung der Geschlechter und freundliche, flirty Videochats zwischen M\u00e4nnern und Frauen.<\/li>\n<li>LuckyCrush: Verbindet zuf\u00e4llig M\u00e4nner und Frauen f\u00fcr Live-Cam-Dating aus aller Welt.<\/li>\n<li>Flingster: Konzentriert sich auf Cam-Dating f\u00fcr Erwachsene und flirty, aufgeschlossene Konversation.<\/li>\n<li>Chatspin: Bietet Filter f\u00fcr Geschlecht, Ort und Interessen, sowie zuf\u00e4llige und private Cam-Dating-Optionen.<\/li>\n<li>Chatrandom: Ein Mix aus Casual Chat, Dating und Gruppen-Cams f\u00fcr alle Pers\u00f6nlichkeiten.<\/li>\n<li>Omegle\/Chatroulette: Klassische Plattformen f\u00fcr zuf\u00e4llige Cam-Chats, die von vielen Singles genutzt werden, um Spa\u00df oder Romantik zu finden.<\/li>\n<\/ul>\n<p>Jede hat ihre eigene Community und Atmosph\u00e4re. Probieren Sie ein paar aus, um das richtige Cam-Dating-Erlebnis f\u00fcr Sie zu finden.<\/p>\n<h2>Cam-Dating vs. Traditionelles Online-Dating<\/h2>\n<table>\n<thead>\n<tr>\n<th>Merkmal<\/th>\n<th>Cam Dating<\/th>\n<th>App\/Swipe Dating<\/th>\n<th>Soziale Medien<\/th>\n<th>Nur Text-Chat<\/th>\n<\/tr>\n<\/thead>\n<tbody>\n<tr>\n<td>Video in Echtzeit<\/td>\n<td>\u2705<\/td>\n<td>\u274c<\/td>\n<td>\u274c<\/td>\n<td>\u274c<\/td>\n<\/tr>\n<tr>\n<td>Sofortige Chemie<\/td>\n<td>\u2705<\/td>\n<td>\u274c<\/td>\n<td>\u274c<\/td>\n<td>\u274c<\/td>\n<\/tr>\n<tr>\n<td>Welsfest<\/td>\n<td>\u2705<\/td>\n<td>\u274c<\/td>\n<td>\u274c<\/td>\n<td>\u274c<\/td>\n<\/tr>\n<tr>\n<td>Privater oder zuf\u00e4lliger Chat<\/td>\n<td>\u2705<\/td>\n<td>\u2705<\/td>\n<td>\u2705<\/td>\n<td>\u2705<\/td>\n<\/tr>\n<tr>\n<td>Optionen f\u00fcr Gruppenchats<\/td>\n<td>\u2705<\/td>\n<td>\u274c<\/td>\n<td>\u2705<\/td>\n<td>\u2705<\/td>\n<\/tr>\n<tr>\n<td>Kostenlose Nutzung<\/td>\n<td>\u2705 (meist)<\/td>\n<td>\u2705\/\u274c<\/td>\n<td>\u2705<\/td>\n<td>\u2705<\/td>\n<\/tr>\n<\/tbody>\n<\/table>\n<p>F\u00fcr diejenigen, die sich nach etwas Realem und Unmittelbarem sehnen, ist Cam-Dating der klare Gewinner.<\/p>\n<h2>Kostenloses Cam-Dating vs. kostenpflichtige Optionen<\/h2>\n<p>Die meisten Cam-Dating-Plattformen bieten ein kostenloses Cam-Dating-Erlebnis, mit kostenpflichtigen Upgrades f\u00fcr Premium-Funktionen wie unbegrenzte Matches, erweiterte Filter oder besondere Geschenke. Hier sehen Sie, wie sie sich unterscheiden:<\/p>\n<table>\n<thead>\n<tr>\n<th>Merkmal<\/th>\n<th>Kostenloses Cam-Dating<\/th>\n<th>Bezahltes Cam-Dating<\/th>\n<\/tr>\n<\/thead>\n<tbody>\n<tr>\n<td>Keine Kosten<\/td>\n<td>\u2705<\/td>\n<td>\u274c<\/td>\n<\/tr>\n<tr>\n<td>Unbegrenzte Zufalls-Chats<\/td>\n<td>\u2705 (eingeschr\u00e4nkt)<\/td>\n<td>\u2705<\/td>\n<\/tr>\n<tr>\n<td>Erweiterte Filter<\/td>\n<td>\u274c<\/td>\n<td>\u2705<\/td>\n<\/tr>\n<tr>\n<td>Vorrangige Spiele<\/td>\n<td>\u274c<\/td>\n<td>\u2705<\/td>\n<\/tr>\n<tr>\n<td>Zugang zu allen Funktionen<\/td>\n<td>\u274c<\/td>\n<td>\u2705<\/td>\n<\/tr>\n<\/tbody>\n<\/table>\n<p>Sie m\u00fcssen nicht bezahlen, um Spa\u00df zu haben! Die meisten Nutzer profitieren von den kostenlosen Versionen, wobei die Premium-Versionen lediglich mehr Kontrolle oder Komfort bieten.<\/p>\n<h2>Sicheres Verhalten bei der Partnersuche durch Cam<\/h2>\n<p>Cam-Dating macht Spa\u00df, aber Ihre Sicherheit sollte immer an erster Stelle stehen:<\/p>\n<ul>\n<li>Geben Sie niemals private Informationen (vollst\u00e4ndiger Name, Adresse, Telefonnummer) weiter, solange Sie Ihrem Date nicht vertrauen.<\/li>\n<li>Verwenden Sie einen Spitznamen, wenn Sie anonym bleiben m\u00f6chten.<\/li>\n<li>Wenn Sie sich jemals unwohl f\u00fchlen, verlassen Sie den Chat sofort - ohne Erkl\u00e4rung.<\/li>\n<li>Nutzen Sie Websites mit Moderations- und Meldefunktionen.<\/li>\n<li>Seien Sie vorsichtig mit expliziten Inhalten - kennen Sie die Regeln der Plattform und Ihre eigene Komfortzone.<\/li>\n<\/ul>\n<p>Denken Sie daran, dass die besten Beziehungen entstehen, wenn sich beide Personen sicher und respektiert f\u00fchlen.<\/p>\n<h2>Wer nutzt Cam Dating?<\/h2>\n<p>So ziemlich jeder! Cam-Dating ist beliebt bei:<\/p>\n<ul>\n<li>Singles, die genug haben von Catfishing und endlosen Textnachrichten<\/li>\n<li>Menschen, die nach echten, pers\u00f6nlichen Kontakten suchen<\/li>\n<li>Expats und Reisende, die Menschen aus aller Welt kennenlernen m\u00f6chten<\/li>\n<li>Flirtwillige Paare, die online Spa\u00df und Abenteuer suchen<\/li>\n<li>Jeder, der sich zu seinen eigenen Bedingungen und in seinem eigenen Tempo verabreden oder Kontakte kn\u00fcpfen m\u00f6chte<\/li>\n<\/ul>\n<h2>Tipps f\u00fcr das beste Cam-Dating-Erlebnis<\/h2>\n<ul>\n<li>Kleiden Sie sich bequem, aber seien Sie Sie selbst - Sie m\u00fcssen sich nicht herausputzen, wenn Sie es nicht wollen.<\/li>\n<li>Verwenden Sie eine gute Beleuchtung und einen ordentlichen Hintergrund, um sich von Ihrer besten Seite zu zeigen.<\/li>\n<li>Beginnen Sie mit einer freundlichen Begr\u00fc\u00dfung und einem echten L\u00e4cheln.<\/li>\n<li>Stellen Sie Fragen und h\u00f6ren Sie zu - ein Gespr\u00e4ch ist eine Zweibahnstra\u00dfe.<\/li>\n<li>Lassen Sie sich nicht entmutigen, wenn ein Chat nicht so toll ist - machen Sie einfach weiter und versuchen Sie es erneut.<\/li>\n<li>Seien Sie sich \u00fcber Ihre Absichten im Klaren, egal ob Sie eine Freundschaft, eine Romanze oder einfach nur einen lustigen Abend suchen.<\/li>\n<\/ul>\n<h2>Wor\u00fcber man bei Cam-Dates sprechen sollte<\/h2>\n<p>Brauchst du Inspiration f\u00fcr dein n\u00e4chstes Cam-Date? Versuchen Sie diese Themen:<\/p>\n<ul>\n<li>Hobbys, Musik oder Lieblingssendungen<\/li>\n<li>Reiseberichte oder Reiseziele, die auf der Bucket List stehen<\/li>\n<li>Essen - was ist das Beste, was Sie in letzter Zeit gegessen haben?<\/li>\n<li>Alberne \"W\u00fcrden Sie lieber\"-Fragen<\/li>\n<li>Lustige Herausforderungen oder Spiele (Wahrheit oder Pflicht, jemand?)<\/li>\n<li>Was hat dich zum Cam-Dating gebracht?<\/li>\n<\/ul>\n<p>Ein bisschen Neugierde kann viel bewirken. Das Wichtigste: Seien Sie offen und ehrlich und haben Sie Spa\u00df!<\/p>\n<h2>Wann ist Cam-Dating die richtige Wahl?<\/h2>\n<ul>\n<li>Wenn Sie den Smalltalk \u00fcberspringen und sehen wollen, ob der Funke sofort \u00fcberspringt<\/li>\n<li>F\u00fcr Paare, die eine Fernbeziehung f\u00fchren und Zeit von Angesicht zu Angesicht verbringen m\u00f6chten<\/li>\n<li>Wenn Sie sch\u00fcchtern sind, sich pers\u00f6nlich zu treffen, aber etwas Echtes wollen<\/li>\n<li>Wenn Sie den \"Swipe and Ghost\"-Zyklus herk\u00f6mmlicher Dating-Apps leid sind<\/li>\n<li>F\u00fcr alle, die auf moderne, aufregende Weise flirten, ausgehen oder einfach nur Kontakte kn\u00fcpfen wollen<\/li>\n<\/ul>\n<p>Cam-Dating bringt den Nervenkitzel, die Echtheit und die Aufregung ins Online-Dating zur\u00fcck. Es ist spontan, lustig und erfrischend ehrlich - und gibt Ihnen die Chance, sich mit jemandem von Angesicht zu Angesicht zu treffen, wann immer Sie wollen. Egal, ob Sie sich Liebe, Freundschaft oder einfach nur ein kleines Abenteuer erhoffen, Cam-Dating macht es m\u00f6glich - keine Bedingungen, kein Druck, nur eine echte Verbindung.<\/p>\n<p>Bist du bereit zu sehen, wer da drau\u00dfen ist? Schalten Sie Ihre Webcam ein, finden Sie eine kostenlose Cam-Dating-Site und beginnen Sie noch heute mit Ihrer n\u00e4chsten tollen Unterhaltung. Ihre virtuelle Romanze - oder Ihre neue Lieblingsgeschichte - k\u00f6nnte nur einen Klick entfernt sein.<\/p>","protected":false},"excerpt":{"rendered":"<p>Online dating has come a long way from text messages and carefully curated profile pics. Cam dating is changing the game by making it possible to connect face-to-face instantly\u2014no more endless messaging, catfishing, or guesswork. In a world where we crave both intimacy and authenticity, cam dating sites give singles (and even couples) a way [&hellip;]<\/p>\n","protected":false},"author":8,"featured_media":0,"parent":0,"menu_order":0,"comment_status":"closed","ping_status":"closed","template":"","meta":{"footnotes":""},"class_list":["post-4141","page","type-page","status-publish","hentry"],"yoast_head":"<!-- This site is optimized with the Yoast SEO plugin v27.6 - https:\/\/yoast.com\/product\/yoast-seo-wordpress\/ -->\n<title>Cam Dating with Video Chat on TinyChat.com<\/title>\n<meta name=\"description\" content=\"Enjoying Cam Dating? Join over 50,000,000 strangers on TinyChat! Turn on your cam and start meeting new people, or find a match.\" \/>\n<meta name=\"robots\" content=\"index, follow, max-snippet:-1, max-image-preview:large, max-video-preview:-1\" \/>\n<link rel=\"canonical\" href=\"https:\/\/tinychat.com\/de\/cam-dating\/\" \/>\n<meta property=\"og:locale\" content=\"de_DE\" \/>\n<meta property=\"og:type\" content=\"article\" \/>\n<meta property=\"og:title\" content=\"Cam Dating with Video Chat on TinyChat.com\" \/>\n<meta property=\"og:description\" content=\"Enjoying Cam Dating? Join over 50,000,000 strangers on TinyChat! Turn on your cam and start meeting new people, or find a match.\" \/>\n<meta property=\"og:url\" content=\"https:\/\/tinychat.com\/de\/cam-dating\/\" \/>\n<meta property=\"og:site_name\" content=\"TinyChat\" \/>\n<meta property=\"article:publisher\" content=\"https:\/\/www.facebook.com\/tinychat\" \/>\n<meta property=\"article:modified_time\" content=\"2025-07-07T16:19:49+00:00\" \/>\n<meta property=\"og:image\" content=\"https:\/\/tinychat.com\/wp-content\/uploads\/2020\/04\/Tinychat-logo-1280x284-new-black.png\" \/>\n\t<meta property=\"og:image:width\" content=\"1280\" \/>\n\t<meta property=\"og:image:height\" content=\"284\" \/>\n\t<meta property=\"og:image:type\" content=\"image\/png\" \/>\n<meta name=\"twitter:card\" content=\"summary_large_image\" \/>\n<meta name=\"twitter:site\" content=\"@tinychat\" \/>\n<meta name=\"twitter:label1\" content=\"Gesch\u00e4tzte Lesezeit\" \/>\n\t<meta name=\"twitter:data1\" content=\"6\u00a0Minuten\" \/>\n<script type=\"application\/ld+json\" class=\"yoast-schema-graph\">{\"@context\":\"https:\\\/\\\/schema.org\",\"@graph\":[{\"@type\":\"WebPage\",\"@id\":\"https:\\\/\\\/tinychat.com\\\/cam-dating\\\/\",\"url\":\"https:\\\/\\\/tinychat.com\\\/cam-dating\\\/\",\"name\":\"Cam Dating with Video Chat on TinyChat.com\",\"isPartOf\":{\"@id\":\"https:\\\/\\\/tinychat.com\\\/#website\"},\"datePublished\":\"2025-05-23T16:04:51+00:00\",\"dateModified\":\"2025-07-07T16:19:49+00:00\",\"description\":\"Enjoying Cam Dating? Join over 50,000,000 strangers on TinyChat! Turn on your cam and start meeting new people, or find a match.\",\"breadcrumb\":{\"@id\":\"https:\\\/\\\/tinychat.com\\\/cam-dating\\\/#breadcrumb\"},\"inLanguage\":\"de\",\"potentialAction\":[{\"@type\":\"ReadAction\",\"target\":[\"https:\\\/\\\/tinychat.com\\\/cam-dating\\\/\"]}]},{\"@type\":\"BreadcrumbList\",\"@id\":\"https:\\\/\\\/tinychat.com\\\/cam-dating\\\/#breadcrumb\",\"itemListElement\":[{\"@type\":\"ListItem\",\"position\":1,\"name\":\"Home\",\"item\":\"https:\\\/\\\/tinychat.com\\\/\"},{\"@type\":\"ListItem\",\"position\":2,\"name\":\"Cam Dating\"}]},{\"@type\":\"WebSite\",\"@id\":\"https:\\\/\\\/tinychat.com\\\/#website\",\"url\":\"https:\\\/\\\/tinychat.com\\\/\",\"name\":\"TinyChat\",\"description\":\"Random Video Chat with Strangers\",\"publisher\":{\"@id\":\"https:\\\/\\\/tinychat.com\\\/#organization\"},\"alternateName\":\"TinyChat.com\",\"potentialAction\":[{\"@type\":\"SearchAction\",\"target\":{\"@type\":\"EntryPoint\",\"urlTemplate\":\"https:\\\/\\\/tinychat.com\\\/?s={search_term_string}\"},\"query-input\":{\"@type\":\"PropertyValueSpecification\",\"valueRequired\":true,\"valueName\":\"search_term_string\"}}],\"inLanguage\":\"de\"},{\"@type\":\"Organization\",\"@id\":\"https:\\\/\\\/tinychat.com\\\/#organization\",\"name\":\"TinyChat\",\"alternateName\":\"TinyChat.com\",\"url\":\"https:\\\/\\\/tinychat.com\\\/\",\"logo\":{\"@type\":\"ImageObject\",\"inLanguage\":\"de\",\"@id\":\"https:\\\/\\\/tinychat.com\\\/#\\\/schema\\\/logo\\\/image\\\/\",\"url\":\"https:\\\/\\\/tinychat.com\\\/wp-content\\\/uploads\\\/2023\\\/11\\\/Tinychat-icon-square.png\",\"contentUrl\":\"https:\\\/\\\/tinychat.com\\\/wp-content\\\/uploads\\\/2023\\\/11\\\/Tinychat-icon-square.png\",\"width\":284,\"height\":284,\"caption\":\"TinyChat\"},\"image\":{\"@id\":\"https:\\\/\\\/tinychat.com\\\/#\\\/schema\\\/logo\\\/image\\\/\"},\"sameAs\":[\"https:\\\/\\\/www.facebook.com\\\/tinychat\",\"https:\\\/\\\/x.com\\\/tinychat\"]}]}<\/script>\n<!-- \/ Yoast SEO plugin. -->","yoast_head_json":{"title":"Cam Dating mit Video Chat auf TinyChat.com","description":"Lust auf Cam-Dating? Schlie\u00dfen Sie sich \u00fcber 50.000.000 Fremden auf TinyChat an! Schalte deine Cam ein und fange an, neue Leute zu treffen, oder finde einen Partner.","robots":{"index":"index","follow":"follow","max-snippet":"max-snippet:-1","max-image-preview":"max-image-preview:large","max-video-preview":"max-video-preview:-1"},"canonical":"https:\/\/tinychat.com\/de\/cam-dating\/","og_locale":"de_DE","og_type":"article","og_title":"Cam Dating with Video Chat on TinyChat.com","og_description":"Enjoying Cam Dating? Join over 50,000,000 strangers on TinyChat! Turn on your cam and start meeting new people, or find a match.","og_url":"https:\/\/tinychat.com\/de\/cam-dating\/","og_site_name":"TinyChat","article_publisher":"https:\/\/www.facebook.com\/tinychat","article_modified_time":"2025-07-07T16:19:49+00:00","og_image":[{"width":1280,"height":284,"url":"https:\/\/tinychat.com\/wp-content\/uploads\/2020\/04\/Tinychat-logo-1280x284-new-black.png","type":"image\/png"}],"twitter_card":"summary_large_image","twitter_site":"@tinychat","twitter_misc":{"Gesch\u00e4tzte Lesezeit":"6\u00a0Minuten"},"schema":{"@context":"https:\/\/schema.org","@graph":[{"@type":"WebPage","@id":"https:\/\/tinychat.com\/cam-dating\/","url":"https:\/\/tinychat.com\/cam-dating\/","name":"Cam Dating mit Video Chat auf TinyChat.com","isPartOf":{"@id":"https:\/\/tinychat.com\/#website"},"datePublished":"2025-05-23T16:04:51+00:00","dateModified":"2025-07-07T16:19:49+00:00","description":"Lust auf Cam-Dating? Schlie\u00dfen Sie sich \u00fcber 50.000.000 Fremden auf TinyChat an! Schalte deine Cam ein und fange an, neue Leute zu treffen, oder finde einen Partner.","breadcrumb":{"@id":"https:\/\/tinychat.com\/cam-dating\/#breadcrumb"},"inLanguage":"de","potentialAction":[{"@type":"ReadAction","target":["https:\/\/tinychat.com\/cam-dating\/"]}]},{"@type":"BreadcrumbList","@id":"https:\/\/tinychat.com\/cam-dating\/#breadcrumb","itemListElement":[{"@type":"ListItem","position":1,"name":"Home","item":"https:\/\/tinychat.com\/"},{"@type":"ListItem","position":2,"name":"Cam Dating"}]},{"@type":"WebSite","@id":"https:\/\/tinychat.com\/#website","url":"https:\/\/tinychat.com\/","name":"TinyChat","description":"Zuf\u00e4lliger Video-Chat mit Fremden","publisher":{"@id":"https:\/\/tinychat.com\/#organization"},"alternateName":"TinyChat.com","potentialAction":[{"@type":"SearchAction","target":{"@type":"EntryPoint","urlTemplate":"https:\/\/tinychat.com\/?s={search_term_string}"},"query-input":{"@type":"PropertyValueSpecification","valueRequired":true,"valueName":"search_term_string"}}],"inLanguage":"de"},{"@type":"Organization","@id":"https:\/\/tinychat.com\/#organization","name":"TinyChat","alternateName":"TinyChat.com","url":"https:\/\/tinychat.com\/","logo":{"@type":"ImageObject","inLanguage":"de","@id":"https:\/\/tinychat.com\/#\/schema\/logo\/image\/","url":"https:\/\/tinychat.com\/wp-content\/uploads\/2023\/11\/Tinychat-icon-square.png","contentUrl":"https:\/\/tinychat.com\/wp-content\/uploads\/2023\/11\/Tinychat-icon-square.png","width":284,"height":284,"caption":"TinyChat"},"image":{"@id":"https:\/\/tinychat.com\/#\/schema\/logo\/image\/"},"sameAs":["https:\/\/www.facebook.com\/tinychat","https:\/\/x.com\/tinychat"]}]}},"_links":{"self":[{"href":"https:\/\/tinychat.com\/de\/wp-json\/wp\/v2\/pages\/4141","targetHints":{"allow":["GET"]}}],"collection":[{"href":"https:\/\/tinychat.com\/de\/wp-json\/wp\/v2\/pages"}],"about":[{"href":"https:\/\/tinychat.com\/de\/wp-json\/wp\/v2\/types\/page"}],"author":[{"embeddable":true,"href":"https:\/\/tinychat.com\/de\/wp-json\/wp\/v2\/users\/8"}],"replies":[{"embeddable":true,"href":"https:\/\/tinychat.com\/de\/wp-json\/wp\/v2\/comments?post=4141"}],"version-history":[{"count":4,"href":"https:\/\/tinychat.com\/de\/wp-json\/wp\/v2\/pages\/4141\/revisions"}],"predecessor-version":[{"id":13307,"href":"https:\/\/tinychat.com\/de\/wp-json\/wp\/v2\/pages\/4141\/revisions\/13307"}],"wp:attachment":[{"href":"https:\/\/tinychat.com\/de\/wp-json\/wp\/v2\/media?parent=4141"}],"curies":[{"name":"wp","href":"https:\/\/api.w.org\/{rel}","templated":true}]}}