{"id":4175,"date":"2021-05-23T18:10:09","date_gmt":"2021-05-23T16:10:09","guid":{"rendered":"https:\/\/tinychat.com\/?page_id=4175"},"modified":"2025-07-21T11:54:59","modified_gmt":"2025-07-21T09:54:59","slug":"omegle-video-chat","status":"publish","type":"page","link":"https:\/\/tinychat.com\/de\/omegle-video-chat\/","title":{"rendered":"Omegle Video-Chat"},"content":{"rendered":"<p>Wenn es um spontane, aufregende und wirklich zuf\u00e4llige Online-Unterhaltungen geht, ist Omegle Video-Chat der Ort, an dem alles begann. Seit \u00fcber einem Jahrzehnt ist Omegle die erste Adresse f\u00fcr alle, die neue Leute kennenlernen wollen, ohne ihr Zuhause zu verlassen. Egal, ob Sie Freundschaften schlie\u00dfen, lachen, flirten oder einfach nur Ihre Neugier befriedigen wollen, Omegles einzigartige Art des zuf\u00e4lligen Videochats bietet f\u00fcr jeden etwas.<\/p>\n<p>Im Folgenden erfahren Sie, warum Omegle so beliebt ist, wie es funktioniert und wie Sie Ihre n\u00e4chste Videochatsitzung optimal nutzen k\u00f6nnen.<\/p>\n<h2>Was ist Omegle Video Chat?<\/h2>\n<p>Im Kern ist der Omegle-Videochat eine einfache, aber geniale Idee: zwei Fremde \u00fcberall auf der Welt f\u00fcr ein Live-Video- (oder Text-) Gespr\u00e4ch zusammenzubringen. Es gibt keine Profile, keine Biografien, keine Fotos, die man hochladen muss, und keine langen Anmeldeformulare. Klicken Sie einfach auf \"Video\" und schon stehen Sie einem neuen Gespr\u00e4chspartner gegen\u00fcber.<\/p>\n<p>Mit dem Omegle k\u00f6nnen Sie:<\/p>\n<ul>\n<li>Starten Sie einen kostenlosen Omegle-Videochat mit nur einem Klick - keine Anmeldung erforderlich<\/li>\n<li>Anonym chatten, mit einem Spitznamen oder ohne Namen<\/li>\n<li>Begegnungen mit Menschen aus allen L\u00e4ndern und allen Gesellschaftsschichten<\/li>\n<li>Verwenden Sie Interessen-Tags, um mehr gleichgesinnte Fremde zu finden<\/li>\n<\/ul>\n<p>Egal, ob Sie ein sozialer Schmetterling sind oder einfach nur neugierig, wen Sie treffen k\u00f6nnten - das zuf\u00e4llige Pairing von Omegle macht jede Sitzung zu einer \u00dcberraschung.<\/p>\n<h2>Warum sollten Sie Random Video Chat auf Omegle ausprobieren?<\/h2>\n<p>Wodurch unterscheidet sich Omegle von sozialen Medien oder Dating-Apps? Es geht um alles:<\/p>\n<ul>\n<li>Sofortige Verbindungen in Echtzeit: Kein Wischen, kein Warten - einfach reinspringen und anfangen zu chatten.<\/li>\n<li>V\u00f6llige Anonymit\u00e4t: Sie m\u00fcssen Ihre Identit\u00e4t nicht preisgeben, was es Ihnen erleichtert, offen und authentisch zu sein.<\/li>\n<li>Globale Reichweite: Treffen Sie Menschen aus der ganzen Welt, zu jeder Tages- und Nachtzeit.<\/li>\n<li>Kein Druck: Gef\u00e4llt Ihnen die Stimmung nicht? Klicken Sie einfach auf \"Stopp\" oder \"Weiter\" und lernen Sie jemand Neues kennen.<\/li>\n<li>Abwechslung pur: Jedes Gespr\u00e4ch ist anders - man wei\u00df nie, ob man einen Freund, einen Schwarm oder einfach eine interessante Geschichte findet.<\/li>\n<\/ul>\n<p>\"Ich habe \u00fcber den Omegle-Videochat Freunde aus vier verschiedenen Kontinenten gefunden. Man wei\u00df nie, wer der N\u00e4chste ist, und das ist der halbe Spa\u00df!\"<\/p>\n<h2>Wie funktioniert der kostenlose Omegle-Videochat?<\/h2>\n<p>Es ist ganz einfach - auch wenn Sie es noch nie ausprobiert haben:<\/p>\n<ol>\n<li>Besuchen Sie die Omegle-Homepage.<\/li>\n<li>W\u00e4hlen Sie \"Video\", um einen Live-Video-Chat zu starten, oder \"Text\", wenn Sie lieber tippen m\u00f6chten.<\/li>\n<li>Erlauben Sie den Zugriff auf Ihre Kamera und Ihr Mikrofon.<\/li>\n<li>Geben Sie optional Interessen-Tags ein, um mit Personen zusammengebracht zu werden, die Ihre Hobbys teilen.<\/li>\n<li>Klicken Sie auf \"Start\" und Sie sind sofort mit einem zuf\u00e4lligen Fremden verbunden.<\/li>\n<li>Sprechen Sie so lange, wie Sie m\u00f6chten, und klicken Sie dann auf \"Stopp\" oder \"Weiter\" f\u00fcr ein neues Spiel.<\/li>\n<\/ol>\n<p>Keine Anmeldung, keine Geb\u00fchren und keine pers\u00f6nlichen Daten erforderlich. Sie k\u00f6nnen v\u00f6llig anonym bleiben, wenn Sie m\u00f6chten.<\/p>\n<h2>Merkmale, die den Omegle Video Chat auszeichnen<\/h2>\n<p>Die Einfachheit des Omegle macht einen gro\u00dfen Teil seines Charmes aus, aber es hat auch Funktionen, die es von anderen unterscheidet:<\/p>\n<ul>\n<li>Interessen-Tags: Verbinden Sie sich mit Menschen, die das m\u00f6gen, was Sie m\u00f6gen - von Musik \u00fcber Filme und Sport bis hin zu Spielen.<\/li>\n<li>Spionage-Modus: Beobachten Sie die Chats anderer oder beantworten Sie Fragen anonym.<\/li>\n<li>Keine Registrierung erforderlich: Werden Sie sofort Mitglied - kein Profil, keine E-Mail und keine Telefonnummer erforderlich.<\/li>\n<li>Auf dem Handy verf\u00fcgbar: Verwenden Sie den Omegle-Videochat auf Ihrem Telefon oder Tablet, um unterwegs zu chatten.<\/li>\n<li>Text oder Video: Sie f\u00fchlen sich nicht kameratauglich? Bleiben Sie beim Text-Chat, wann immer Sie wollen.<\/li>\n<\/ul>\n<h2>Omegle Video-Chat im Vergleich zu anderen Plattformen<\/h2>\n<table>\n<thead>\n<tr>\n<th>Merkmal<\/th>\n<th>Omegle Video-Chat<\/th>\n<th>Chatroulette<\/th>\n<th>Chatspin<\/th>\n<th>Soziale Medien<\/th>\n<\/tr>\n<\/thead>\n<tbody>\n<tr>\n<td>Zuf\u00e4lliger, anonymer Abgleich<\/td>\n<td>\u2705<\/td>\n<td>\u2705<\/td>\n<td>\u2705<\/td>\n<td>\u274c<\/td>\n<\/tr>\n<tr>\n<td>Keine Anmeldung erforderlich<\/td>\n<td>\u2705<\/td>\n<td>\u2705<\/td>\n<td>\u2705<\/td>\n<td>\u274c<\/td>\n<\/tr>\n<tr>\n<td>Zins-Tags<\/td>\n<td>\u2705<\/td>\n<td>\u274c<\/td>\n<td>\u2705<\/td>\n<td>\u274c<\/td>\n<\/tr>\n<tr>\n<td>Text- und Video-Chat-Optionen<\/td>\n<td>\u2705<\/td>\n<td>\u2705<\/td>\n<td>\u2705<\/td>\n<td>\u2705<\/td>\n<\/tr>\n<tr>\n<td>Funktion \"Weiter\"\/\u00dcberspringen<\/td>\n<td>\u2705<\/td>\n<td>\u2705<\/td>\n<td>\u2705<\/td>\n<td>\u274c<\/td>\n<\/tr>\n<tr>\n<td>Kostenlose Nutzung<\/td>\n<td>\u2705<\/td>\n<td>\u2705<\/td>\n<td>\u2705<\/td>\n<td>\u2705\/\u274c<\/td>\n<\/tr>\n<\/tbody>\n<\/table>\n<p>Omegle zeichnet sich durch seine Einfachheit und seine globale Gemeinschaft aus.<\/p>\n<h2>Sicherheit im Omegle-Video-Chat<\/h2>\n<p>Ein zuf\u00e4lliger Video-Chat kann viel Spa\u00df machen, aber denken Sie immer an Ihre Sicherheit:<\/p>\n<ul>\n<li>Geben Sie nicht Ihren echten Namen, Ihre Adresse oder Kontaktinformationen weiter.<\/li>\n<li>Verwenden Sie einen neutralen Spitznamen und vermeiden Sie es, pers\u00f6nliche Gegenst\u00e4nde oder Orte vor der Kamera zu zeigen.<\/li>\n<li>Wenn Sie sich in einem Gespr\u00e4ch unwohl f\u00fchlen, beenden Sie es sofort - ohne Erkl\u00e4rung.<\/li>\n<li>Seien Sie vorsichtig bei verd\u00e4chtigen Links oder Anfragen nach privaten Fotos.<\/li>\n<li>Nutzen Sie die Meldefunktion von Omegle, um missbr\u00e4uchliches oder unangemessenes Verhalten zu melden.<\/li>\n<\/ul>\n<p>Die meisten Leute sind dort, um sich zu am\u00fcsieren oder freundlich zu unterhalten, aber es ist immer klug, vorsichtig zu sein.<\/p>\n<h2>Wer benutzt den Omegle Video-Chat?<\/h2>\n<p>Die Omegle zieht ein bunt gemischtes Publikum an, darunter:<\/p>\n<ul>\n<li>Jugendliche und Studenten, die Menschen aus anderen L\u00e4ndern kennenlernen m\u00f6chten<\/li>\n<li>Sprachsch\u00fcler \u00fcben mit Muttersprachlern<\/li>\n<li>Singles, die an zwanglosem Flirten oder Spa\u00df interessiert sind<\/li>\n<li>Gelangweilte Nachtschw\u00e4rmer, die Gesellschaft und Unterhaltung suchen<\/li>\n<li>Neugierige Reisende, K\u00fcnstler, Musiker und so ziemlich jeder andere<\/li>\n<\/ul>\n<p>Unabh\u00e4ngig von Ihrer Stimmung oder Ihrem Hintergrund werden Sie auf Omegle jede Art von Pers\u00f6nlichkeit finden.<\/p>\n<h2>Tipps f\u00fcr die beste Omegle-Videochat-Erfahrung<\/h2>\n<ul>\n<li>L\u00e4cheln Sie und seien Sie freundlich - der erste Eindruck z\u00e4hlt, auch online.<\/li>\n<li>Verwenden Sie Interessen-Tags, um Menschen zu finden, die Ihre Hobbys oder Leidenschaften teilen.<\/li>\n<li>Stellen Sie offene Fragen, um das Gespr\u00e4ch in Gang zu halten.<\/li>\n<li>Lassen Sie sich von kurzen oder unbeholfenen Gespr\u00e4chen nicht entmutigen - das n\u00e4chste k\u00f6nnte unvergesslich werden.<\/li>\n<li>Probieren Sie verschiedene Tageszeiten aus, um Menschen aus aller Welt zu treffen.<\/li>\n<\/ul>\n<h2>Wann wird der Omegle-Videochat verwendet?<\/h2>\n<ul>\n<li>Wenn Sie sich langweilen und jemanden kennenlernen m\u00f6chten<\/li>\n<li>Eine neue Sprache in einer entspannten, lebensnahen Umgebung \u00fcben<\/li>\n<li>F\u00fcr spontane Lacher, tiefgr\u00fcndige Gespr\u00e4che oder schnelle Gesellschaft<\/li>\n<li>Wenn Sie neugierig auf das Leben an anderen Orten sind<\/li>\n<li>Wann immer Sie eine echte, ungeschriebene Verbindung w\u00fcnschen - ohne Filter, ohne Druck<\/li>\n<\/ul>\n<h2>Kostenlos vs. kostenpflichtig: Gibt es einen Haken?<\/h2>\n<p>Der Omegle-Videochat ist v\u00f6llig kostenlos. Es gibt keine Abonnements oder versteckten Geb\u00fchren. Einige Websites von Drittanbietern bieten \"Premium\"-Chat-Dienste an, aber alles, was Sie f\u00fcr ein echtes Omegle-Erlebnis brauchen, ist kostenlos - immer.<\/p>\n<p>Der Omegle-Videochat ist nach wie vor eine der besten M\u00f6glichkeiten, um Fremde zu treffen, Freundschaften zu schlie\u00dfen und spontane Gespr\u00e4che in Echtzeit von jedem Ort der Welt aus zu f\u00fchren. Mit nur einer Webcam und einem Klick k\u00f6nnen Sie Geschichten, Kulturen, Freundschaften und vielleicht sogar eine kleine Romanze entdecken - ohne Anmeldung, ohne Aufhebens und ohne Grenzen.<\/p>\n<p>Warum also nicht einmal ausprobieren? Ihr n\u00e4chstes Lieblingsgespr\u00e4ch k\u00f6nnte nur einen Omegle-Videochat entfernt sein.<\/p>","protected":false},"excerpt":{"rendered":"<p>When it comes to spontaneous, exciting, and truly random online conversations, Omegle video chat is where it all began. For over a decade, Omegle has been the go-to platform for anyone who wants to meet new people without leaving home. Whether you\u2019re looking to make friends, have a laugh, flirt a little, or just satisfy [&hellip;]<\/p>\n","protected":false},"author":8,"featured_media":0,"parent":0,"menu_order":0,"comment_status":"closed","ping_status":"closed","template":"","meta":{"footnotes":""},"class_list":["post-4175","page","type-page","status-publish","hentry"],"yoast_head":"<!-- This site is optimized with the Yoast SEO plugin v27.4 - https:\/\/yoast.com\/product\/yoast-seo-wordpress\/ -->\n<title>Omegle Video Chat with Video Chat on TinyChat.com<\/title>\n<meta name=\"description\" content=\"Enjoying Omegle Video Chat? Join over 50,000,000 strangers on TinyChat! Turn on your cam and start meeting new people, or find a match.\" \/>\n<meta name=\"robots\" content=\"index, follow, max-snippet:-1, max-image-preview:large, max-video-preview:-1\" \/>\n<link rel=\"canonical\" href=\"https:\/\/tinychat.com\/de\/omegle-video-chat\/\" \/>\n<meta property=\"og:locale\" content=\"de_DE\" \/>\n<meta property=\"og:type\" content=\"article\" \/>\n<meta property=\"og:title\" content=\"Omegle Video Chat with Video Chat on TinyChat.com\" \/>\n<meta property=\"og:description\" content=\"Enjoying Omegle Video Chat? Join over 50,000,000 strangers on TinyChat! Turn on your cam and start meeting new people, or find a match.\" \/>\n<meta property=\"og:url\" content=\"https:\/\/tinychat.com\/de\/omegle-video-chat\/\" \/>\n<meta property=\"og:site_name\" content=\"TinyChat\" \/>\n<meta property=\"article:publisher\" content=\"https:\/\/www.facebook.com\/tinychat\" \/>\n<meta property=\"article:modified_time\" content=\"2025-07-21T09:54:59+00:00\" \/>\n<meta property=\"og:image\" content=\"https:\/\/tinychat.com\/wp-content\/uploads\/2020\/04\/Tinychat-logo-1280x284-new-black.png\" \/>\n\t<meta property=\"og:image:width\" content=\"1280\" \/>\n\t<meta property=\"og:image:height\" content=\"284\" \/>\n\t<meta property=\"og:image:type\" content=\"image\/png\" \/>\n<meta name=\"twitter:card\" content=\"summary_large_image\" \/>\n<meta name=\"twitter:site\" content=\"@tinychat\" \/>\n<meta name=\"twitter:label1\" content=\"Gesch\u00e4tzte Lesezeit\" \/>\n\t<meta name=\"twitter:data1\" content=\"5\u00a0Minuten\" \/>\n<script type=\"application\/ld+json\" class=\"yoast-schema-graph\">{\"@context\":\"https:\\\/\\\/schema.org\",\"@graph\":[{\"@type\":\"WebPage\",\"@id\":\"https:\\\/\\\/tinychat.com\\\/omegle-video-chat\\\/\",\"url\":\"https:\\\/\\\/tinychat.com\\\/omegle-video-chat\\\/\",\"name\":\"Omegle Video Chat with Video Chat on TinyChat.com\",\"isPartOf\":{\"@id\":\"https:\\\/\\\/tinychat.com\\\/#website\"},\"datePublished\":\"2021-05-23T16:10:09+00:00\",\"dateModified\":\"2025-07-21T09:54:59+00:00\",\"description\":\"Enjoying Omegle Video Chat? Join over 50,000,000 strangers on TinyChat! Turn on your cam and start meeting new people, or find a match.\",\"breadcrumb\":{\"@id\":\"https:\\\/\\\/tinychat.com\\\/omegle-video-chat\\\/#breadcrumb\"},\"inLanguage\":\"de\",\"potentialAction\":[{\"@type\":\"ReadAction\",\"target\":[\"https:\\\/\\\/tinychat.com\\\/omegle-video-chat\\\/\"]}]},{\"@type\":\"BreadcrumbList\",\"@id\":\"https:\\\/\\\/tinychat.com\\\/omegle-video-chat\\\/#breadcrumb\",\"itemListElement\":[{\"@type\":\"ListItem\",\"position\":1,\"name\":\"Home\",\"item\":\"https:\\\/\\\/tinychat.com\\\/\"},{\"@type\":\"ListItem\",\"position\":2,\"name\":\"Omegle Video Chat\"}]},{\"@type\":\"WebSite\",\"@id\":\"https:\\\/\\\/tinychat.com\\\/#website\",\"url\":\"https:\\\/\\\/tinychat.com\\\/\",\"name\":\"TinyChat\",\"description\":\"Random Video Chat with Strangers\",\"publisher\":{\"@id\":\"https:\\\/\\\/tinychat.com\\\/#organization\"},\"alternateName\":\"TinyChat.com\",\"potentialAction\":[{\"@type\":\"SearchAction\",\"target\":{\"@type\":\"EntryPoint\",\"urlTemplate\":\"https:\\\/\\\/tinychat.com\\\/?s={search_term_string}\"},\"query-input\":{\"@type\":\"PropertyValueSpecification\",\"valueRequired\":true,\"valueName\":\"search_term_string\"}}],\"inLanguage\":\"de\"},{\"@type\":\"Organization\",\"@id\":\"https:\\\/\\\/tinychat.com\\\/#organization\",\"name\":\"TinyChat\",\"alternateName\":\"TinyChat.com\",\"url\":\"https:\\\/\\\/tinychat.com\\\/\",\"logo\":{\"@type\":\"ImageObject\",\"inLanguage\":\"de\",\"@id\":\"https:\\\/\\\/tinychat.com\\\/#\\\/schema\\\/logo\\\/image\\\/\",\"url\":\"https:\\\/\\\/tinychat.com\\\/wp-content\\\/uploads\\\/2023\\\/11\\\/Tinychat-icon-square.png\",\"contentUrl\":\"https:\\\/\\\/tinychat.com\\\/wp-content\\\/uploads\\\/2023\\\/11\\\/Tinychat-icon-square.png\",\"width\":284,\"height\":284,\"caption\":\"TinyChat\"},\"image\":{\"@id\":\"https:\\\/\\\/tinychat.com\\\/#\\\/schema\\\/logo\\\/image\\\/\"},\"sameAs\":[\"https:\\\/\\\/www.facebook.com\\\/tinychat\",\"https:\\\/\\\/x.com\\\/tinychat\"]}]}<\/script>\n<!-- \/ Yoast SEO plugin. -->","yoast_head_json":{"title":"Omegle Video Chat mit Video Chat auf TinyChat.com","description":"Gef\u00e4llt Ihnen Omegle Video Chat? Schlie\u00dfen Sie sich \u00fcber 50.000.000 Fremden auf TinyChat an! Schalten Sie Ihre Kamera ein und lernen Sie neue Leute kennen, oder finden Sie einen Partner.","robots":{"index":"index","follow":"follow","max-snippet":"max-snippet:-1","max-image-preview":"max-image-preview:large","max-video-preview":"max-video-preview:-1"},"canonical":"https:\/\/tinychat.com\/de\/omegle-video-chat\/","og_locale":"de_DE","og_type":"article","og_title":"Omegle Video Chat with Video Chat on TinyChat.com","og_description":"Enjoying Omegle Video Chat? Join over 50,000,000 strangers on TinyChat! Turn on your cam and start meeting new people, or find a match.","og_url":"https:\/\/tinychat.com\/de\/omegle-video-chat\/","og_site_name":"TinyChat","article_publisher":"https:\/\/www.facebook.com\/tinychat","article_modified_time":"2025-07-21T09:54:59+00:00","og_image":[{"width":1280,"height":284,"url":"https:\/\/tinychat.com\/wp-content\/uploads\/2020\/04\/Tinychat-logo-1280x284-new-black.png","type":"image\/png"}],"twitter_card":"summary_large_image","twitter_site":"@tinychat","twitter_misc":{"Gesch\u00e4tzte Lesezeit":"5\u00a0Minuten"},"schema":{"@context":"https:\/\/schema.org","@graph":[{"@type":"WebPage","@id":"https:\/\/tinychat.com\/omegle-video-chat\/","url":"https:\/\/tinychat.com\/omegle-video-chat\/","name":"Omegle Video Chat mit Video Chat auf TinyChat.com","isPartOf":{"@id":"https:\/\/tinychat.com\/#website"},"datePublished":"2021-05-23T16:10:09+00:00","dateModified":"2025-07-21T09:54:59+00:00","description":"Gef\u00e4llt Ihnen Omegle Video Chat? Schlie\u00dfen Sie sich \u00fcber 50.000.000 Fremden auf TinyChat an! Schalten Sie Ihre Kamera ein und lernen Sie neue Leute kennen, oder finden Sie einen Partner.","breadcrumb":{"@id":"https:\/\/tinychat.com\/omegle-video-chat\/#breadcrumb"},"inLanguage":"de","potentialAction":[{"@type":"ReadAction","target":["https:\/\/tinychat.com\/omegle-video-chat\/"]}]},{"@type":"BreadcrumbList","@id":"https:\/\/tinychat.com\/omegle-video-chat\/#breadcrumb","itemListElement":[{"@type":"ListItem","position":1,"name":"Home","item":"https:\/\/tinychat.com\/"},{"@type":"ListItem","position":2,"name":"Omegle Video Chat"}]},{"@type":"WebSite","@id":"https:\/\/tinychat.com\/#website","url":"https:\/\/tinychat.com\/","name":"TinyChat","description":"Zuf\u00e4lliger Video-Chat mit Fremden","publisher":{"@id":"https:\/\/tinychat.com\/#organization"},"alternateName":"TinyChat.com","potentialAction":[{"@type":"SearchAction","target":{"@type":"EntryPoint","urlTemplate":"https:\/\/tinychat.com\/?s={search_term_string}"},"query-input":{"@type":"PropertyValueSpecification","valueRequired":true,"valueName":"search_term_string"}}],"inLanguage":"de"},{"@type":"Organization","@id":"https:\/\/tinychat.com\/#organization","name":"TinyChat","alternateName":"TinyChat.com","url":"https:\/\/tinychat.com\/","logo":{"@type":"ImageObject","inLanguage":"de","@id":"https:\/\/tinychat.com\/#\/schema\/logo\/image\/","url":"https:\/\/tinychat.com\/wp-content\/uploads\/2023\/11\/Tinychat-icon-square.png","contentUrl":"https:\/\/tinychat.com\/wp-content\/uploads\/2023\/11\/Tinychat-icon-square.png","width":284,"height":284,"caption":"TinyChat"},"image":{"@id":"https:\/\/tinychat.com\/#\/schema\/logo\/image\/"},"sameAs":["https:\/\/www.facebook.com\/tinychat","https:\/\/x.com\/tinychat"]}]}},"_links":{"self":[{"href":"https:\/\/tinychat.com\/de\/wp-json\/wp\/v2\/pages\/4175","targetHints":{"allow":["GET"]}}],"collection":[{"href":"https:\/\/tinychat.com\/de\/wp-json\/wp\/v2\/pages"}],"about":[{"href":"https:\/\/tinychat.com\/de\/wp-json\/wp\/v2\/types\/page"}],"author":[{"embeddable":true,"href":"https:\/\/tinychat.com\/de\/wp-json\/wp\/v2\/users\/8"}],"replies":[{"embeddable":true,"href":"https:\/\/tinychat.com\/de\/wp-json\/wp\/v2\/comments?post=4175"}],"version-history":[{"count":3,"href":"https:\/\/tinychat.com\/de\/wp-json\/wp\/v2\/pages\/4175\/revisions"}],"predecessor-version":[{"id":13333,"href":"https:\/\/tinychat.com\/de\/wp-json\/wp\/v2\/pages\/4175\/revisions\/13333"}],"wp:attachment":[{"href":"https:\/\/tinychat.com\/de\/wp-json\/wp\/v2\/media?parent=4175"}],"curies":[{"name":"wp","href":"https:\/\/api.w.org\/{rel}","templated":true}]}}