{"id":4831,"date":"2025-09-03T08:00:01","date_gmt":"2025-09-03T06:00:01","guid":{"rendered":"https:\/\/tinychat.com\/?page_id=4831"},"modified":"2025-09-03T12:22:10","modified_gmt":"2025-09-03T10:22:10","slug":"free-random-chat-with-girls","status":"publish","type":"page","link":"https:\/\/tinychat.com\/de\/free-random-chat-with-girls\/","title":{"rendered":"Kostenloser Zufalls-Chat mit M\u00e4dchen"},"content":{"rendered":"<p>Wenn Sie online auf der Suche nach einer neuen Bekanntschaft sind, ist es aufregend, sich von Angesicht zu Angesicht in Echtzeit zu treffen. Das ist der Punkt, an dem der kostenlose Chat mit M\u00e4dchen ins Spiel kommt. Anstatt sich durch endlose Profile zu wischen oder auf Nachrichten auf Dating-Apps zu warten, k\u00f6nnen Sie auf einen Button klicken und sofort ein Live-Gespr\u00e4ch mit einer Frau irgendwo auf der Welt beginnen.<\/p>\n<p>Es ist schnell, spontan und - das Beste von allem - v\u00f6llig kostenlos. Egal, ob Sie auf einen zwanglosen Chat, neue Freundschaften oder einen Flirt aus sind, der zuf\u00e4llige Online-Chat mit M\u00e4dchen macht es Ihnen leicht, ohne Verpflichtungen in Kontakt zu treten.<\/p>\n<h2>Was ist Free Random Chat mit M\u00e4dchen?<\/h2>\n<p>Im Grunde ist der kostenlose Zufalls-Chat mit M\u00e4dchen ein Online-Dienst, mit dem Sie sofort per Video, Text oder Audio mit Frauen in Kontakt treten k\u00f6nnen. Der \"zuf\u00e4llige\" Teil bedeutet, dass Sie nie wissen, wen Sie als N\u00e4chstes treffen werden - es k\u00f6nnte jemand in Ihrer Stadt oder auf der anderen Seite des Globus sein.<\/p>\n<p>Im Gegensatz zu herk\u00f6mmlichen Dating-Apps, die Biografien, Fotos und lange Wartezeiten erfordern, geht es bei Zufalls-Chat-Plattformen um den Nervenkitzel der Unmittelbarkeit:<\/p>\n<ul>\n<li>Klicken und verbinden - Lassen Sie sich sofort mit einem M\u00e4dchen online verkuppeln.<\/li>\n<li>Keine Kosten - Auf vielen Plattformen k\u00f6nnen Sie kostenlos chatten.<\/li>\n<li>Anonymit\u00e4tsoptionen - Bleiben Sie privat oder verwenden Sie einen Spitznamen, bis Sie bereit sind, mehr zu teilen.<\/li>\n<li>Flexibilit\u00e4t - Wechseln Sie je nach Komfort zwischen Text, Audio und Video.<\/li>\n<\/ul>\n<p>Diese Art des Chats wirkt authentischer, weil er nicht geschrieben ist - Sie treffen echte Menschen in dem Moment.<\/p>\n<h2>Warum probieren Sie Random Video Chat mit M\u00e4dchen online?<\/h2>\n<p>Warum also suchen so viele Menschen gezielt nach M\u00f6glichkeiten, kostenlos mit zuf\u00e4lligen M\u00e4dchen online zu chatten? Hier sind einige der wichtigsten Gr\u00fcnde:<\/p>\n<ul>\n<li>Sofortige Interaktion - Sie m\u00fcssen keine Zeit damit verbringen, ein Profil zu erstellen oder auf Antworten zu warten.<\/li>\n<li>Authentische Verbindungen - Live-Videos sorgen daf\u00fcr, dass sich Gespr\u00e4che echt und nicht inszeniert anf\u00fchlen.<\/li>\n<li>Vielf\u00e4ltige Erfahrungen - Jeder Chat ist anders; ein Chat kann albern sein, ein anderer tiefgr\u00fcndig, ein anderer kokett.<\/li>\n<li>Geringer Druck - Wenn Sie sich nicht angesprochen f\u00fchlen, klicken Sie auf \"Weiter\" und gehen Sie weiter.<\/li>\n<li>Chance auf eine Romanze - Viele Freundschaften und Beziehungen haben auf Zufalls-Chat-Sites begonnen.<\/li>\n<\/ul>\n<blockquote><p>\"Ich habe einen kostenlosen, zuf\u00e4lligen Cam-Chat mit M\u00e4dchen nur zum Spa\u00df ausprobiert, aber am Ende habe ich jemanden getroffen, mit dem ich jetzt schon seit Monaten spreche. Man wei\u00df nie, was passiert, wenn man auf 'Start' klickt.\"<\/p><\/blockquote>\n<h2>Wie der kostenlose Zufalls-Chat mit M\u00e4dchen funktioniert<\/h2>\n<p>Der Einstieg ist denkbar einfach:<\/p>\n<ol>\n<li>W\u00e4hlen Sie eine Plattform - W\u00e4hlen Sie eine kostenlose Zufalls-Chat-Site oder App, die Geschlechterfilter bietet.<\/li>\n<li>Schalten Sie Ihre Kamera und Ihr Mikrofon ein - oder beginnen Sie mit einem Text-Chat, wenn Sie das bevorzugen.<\/li>\n<li>Klicken Sie auf \"Verbinden\" - Das System verbindet Sie sofort mit einem zuf\u00e4lligen Online-M\u00e4dchen.<\/li>\n<li>Plaudern Sie, lachen Sie, und schauen Sie, wohin es f\u00fchrt - bleiben Sie so lange, wie Sie beide es wollen.<\/li>\n<li>\u00dcberspringen, wenn Sie bereit sind - Wenn das Gespr\u00e4ch nicht klappt, dr\u00fccken Sie auf \"Weiter\", um jemand Neues kennenzulernen.<\/li>\n<\/ol>\n<p>Die meisten Plattformen sind browserbasiert, aber viele bieten auch mobile Anwendungen f\u00fcr das Chatten von unterwegs an.<\/p>\n<h2>Beste Plattformen f\u00fcr kostenlosen Zufalls-Chat mit M\u00e4dchen<\/h2>\n<p>Hier sind einige der beliebtesten und zuverl\u00e4ssigsten Optionen, wenn Sie es selbst versuchen m\u00f6chten:<\/p>\n<ul>\n<li>CooMeet - Speziell f\u00fcr das Chatten mit Frauen entwickelt; alle weiblichen Nutzer sind verifiziert.<\/li>\n<li>LuckyCrush - Bringt M\u00e4nner mit Frauen aus aller Welt zusammen.<\/li>\n<li>Chatspin - Bietet kostenlosen zuf\u00e4lligen Video-Chat mit optionalen Geschlechtsfiltern.<\/li>\n<li>Chatrandom - Enth\u00e4lt einen \"Girls only\"-Chatmodus und Themenr\u00e4ume.<\/li>\n<li>TinyChat - Eine mehr auf die Gemeinschaft ausgerichtete Plattform mit Gruppen- und Privatr\u00e4umen.<\/li>\n<li>Bazoocam - Einfacher und schneller Zufalls-Videochat, beliebt in Europa.<\/li>\n<\/ul>\n<h2>Free Random Chat mit M\u00e4dchen vs. Regular Random Chat<\/h2>\n<p>Was ist der Unterschied zwischen einem allgemeinen Zufalls-Chat und einem Chat, der sich auf die Kontaktaufnahme mit M\u00e4dchen konzentriert?<\/p>\n<table>\n<thead>\n<tr>\n<th>Merkmal<\/th>\n<th>Allgemeines Zufalls-Chat<\/th>\n<th>Kostenloser Zufalls-Chat mit M\u00e4dchen<\/th>\n<\/tr>\n<\/thead>\n<tbody>\n<tr>\n<td>Geschlechtsspezifische Filter<\/td>\n<td>\u274c Begrenzt<\/td>\n<td>\u2705 Ja (nur M\u00e4dchen)<\/td>\n<\/tr>\n<tr>\n<td>Fokussierte Erfahrung<\/td>\n<td>\u274c Gemischt<\/td>\n<td>\u2705 Gezielter<\/td>\n<\/tr>\n<tr>\n<td>L\u00e4ssige oder kokette Stimmung<\/td>\n<td>\u26a0\ufe0f Gemischt<\/td>\n<td>\u2705 Oft kokett oder gesellig<\/td>\n<\/tr>\n<tr>\n<td>Beliebte Plattformen<\/td>\n<td>Omegle, Chatroulette<\/td>\n<td>CooMeet, LuckyCrush, Chatspin<\/td>\n<\/tr>\n<\/tbody>\n<\/table>\n<p>Wenn Sie speziell mit Frauen in Kontakt treten m\u00f6chten, spart die Nutzung einer Plattform, die eine Filterung nach Geschlecht bietet, Zeit und Frustration.<\/p>\n<h2>Sicher bleiben beim Chatten mit M\u00e4dchen im Internet<\/h2>\n<p>Auch wenn die meisten Menschen freundlich und aufrichtig sind, sollten Sie immer auf Ihre Sicherheit achten:<\/p>\n<ul>\n<li>Bleiben Sie zun\u00e4chst anonym - Geben Sie nicht gleich pers\u00f6nliche Daten preis.<\/li>\n<li>Achten Sie auf die Kamera - Halten Sie den Hintergrund neutral.<\/li>\n<li>Respektieren Sie Grenzen - Behandeln Sie andere so, wie Sie selbst behandelt werden m\u00f6chten.<\/li>\n<li>Vermeiden Sie den Austausch von Links oder Dateien - beschr\u00e4nken Sie sich auf das Chatten innerhalb der Plattform.<\/li>\n<li>Melden Sie unangemessene Nutzer - Gute Plattformen verf\u00fcgen \u00fcber Meldetools - nutzen Sie sie.<\/li>\n<\/ul>\n<p>Die Sicherheit sorgt daf\u00fcr, dass das Erlebnis Spa\u00df macht und sorgenfrei bleibt.<\/p>\n<h2>Warum M\u00e4dchen bei Random-Chat-Plattformen mitmachen<\/h2>\n<p>Sie fragen sich vielleicht, warum so viele Frauen online mit Fremden chatten wollen? Die Gr\u00fcnde daf\u00fcr sind so vielf\u00e4ltig wie die Menschen, die Sie treffen werden:<\/p>\n<ul>\n<li>Auf der Suche nach Spa\u00df und Lachen in der Freizeit.<\/li>\n<li>Neugierde, Menschen aus anderen L\u00e4ndern kennenzulernen.<\/li>\n<li>Freundschaft und Verbindung, insbesondere wenn sie aus der Ferne arbeiten oder studieren.<\/li>\n<li>Sprachpraxis mit Muttersprachlern.<\/li>\n<li>Flirt- oder Verabredungsm\u00f6glichkeiten.<\/li>\n<\/ul>\n<p>Wenn man das wei\u00df, f\u00e4llt es einem leichter, jedem Gespr\u00e4ch mit Offenheit und Respekt zu begegnen.<\/p>\n<h2>Tipps f\u00fcr einen tollen Zufalls-Chat mit M\u00e4dchen<\/h2>\n<p>M\u00f6chten Sie sich von der Masse abheben und Gespr\u00e4che angenehmer gestalten? Versuchen Sie dies:<\/p>\n<ul>\n<li>Beginnen Sie mit einem L\u00e4cheln - eine freundliche Ausstrahlung hilft, das Eis zu brechen.<\/li>\n<li>Stellen Sie Fragen - Zeigen Sie echte Neugier \u00fcber ihr Leben oder ihre Interessen.<\/li>\n<li>Halten Sie es leicht - Humor funktioniert oft besser als schwere Themen zu Beginn.<\/li>\n<li>Respektieren Sie ihr Tempo - Wenn sie sich mit Video nicht wohl f\u00fchlt, bleiben Sie bei Text oder Audio.<\/li>\n<li>Seien Sie bereit, h\u00f6flich zu schw\u00e4nzen - Nicht jedes Spiel wird gut ankommen, und das ist in Ordnung.<\/li>\n<\/ul>\n<h2>Vorteile des kostenlosen Random Cam Chat mit M\u00e4dchen<\/h2>\n<p>Die Mischung aus Zug\u00e4nglichkeit und Abwechslung macht diese Art von Chat so attraktiv:<\/p>\n<ul>\n<li>Keine Kosten - Bei vielen Diensten k\u00f6nnen Sie kostenlos chatten.<\/li>\n<li>Kein Druck - Sie sind nicht verpflichtet, wenn der Chat nicht funktioniert.<\/li>\n<li>Vielf\u00e4ltige Menschen - Treffen Sie Frauen aus verschiedenen Kulturen, mit unterschiedlichen Interessen und Hintergr\u00fcnden.<\/li>\n<li>M\u00f6glichkeit der Verbindung - Von kurzen Lachern bis zu dauerhaften Freundschaften kann alles passieren.<\/li>\n<li>24\/7-Verf\u00fcgbarkeit - Irgendjemand, irgendwo, ist immer online.<\/li>\n<\/ul>\n<h2>Wann sollte man einen zuf\u00e4lligen Video-Chat mit M\u00e4dchen verwenden?<\/h2>\n<p>Es gibt keinen falschen Zeitpunkt f\u00fcr einen Versuch, aber es ist besonders gut f\u00fcr:<\/p>\n<ul>\n<li>Langeweile zu sp\u00e4ter Stunde, wenn man Gesellschaft braucht.<\/li>\n<li>Ich reise und m\u00f6chte Einheimische virtuell treffen.<\/li>\n<li>\u00dcben von Small Talk oder einer neuen Sprache.<\/li>\n<li>Flirten und sehen, ob die Funken fliegen.<\/li>\n<li>Erweitern Sie Ihren sozialen Kreis ohne Druck.<\/li>\n<\/ul>\n<h2>Abschlie\u00dfende \u00dcberlegungen<\/h2>\n<p>Der kostenlose Zufalls-Chat mit M\u00e4dchen ist eine der aufregendsten M\u00f6glichkeiten, online neue Leute kennenzulernen. Er ist spontan, flexibel und voller Abwechslung - Sie wissen nie, ob Ihr n\u00e4chster Chat eine lustige f\u00fcnfmin\u00fctige Unterhaltung, ein interessanter kultureller Austausch oder der Beginn einer tieferen Verbindung sein wird.<\/p>\n<p>Und das Beste daran? Es kostet nichts, es auszuprobieren. Bei Plattformen, die einen kostenlosen und sofortigen Zugang anbieten, ist alles, was Sie brauchen, Neugierde und ein Klick.<\/p>\n<p>Wenn du also bereit bist, jemanden Neues kennenzulernen, dann st\u00fcrze dich noch heute in einen kostenlosen, zuf\u00e4lligen Cam-Chat mit M\u00e4dchen - du wirst vielleicht \u00fcberrascht sein, wer darauf wartet, mit dir zu sprechen.<\/p>","protected":false},"excerpt":{"rendered":"<p>When you\u2019re online looking to meet someone new, there\u2019s something exciting about connecting face-to-face in real time. That\u2019s where free random chat with girls comes in. Instead of swiping through endless profiles or waiting for messages on dating apps, you can click one button and instantly start a live conversation with a woman somewhere in [&hellip;]<\/p>\n","protected":false},"author":8,"featured_media":0,"parent":0,"menu_order":0,"comment_status":"closed","ping_status":"closed","template":"","meta":{"footnotes":""},"class_list":["post-4831","page","type-page","status-publish","hentry"],"yoast_head":"<!-- This site is optimized with the Yoast SEO plugin v27.4 - https:\/\/yoast.com\/product\/yoast-seo-wordpress\/ -->\n<title>Free Random Chat With Girls on TinyChat.com<\/title>\n<meta name=\"description\" content=\"Enjoying Free Random Chat With Girls? Join over 50,000,000 strangers on TinyChat! Turn on your cam and start meeting new people, or find a match.\" \/>\n<meta name=\"robots\" content=\"index, follow, max-snippet:-1, max-image-preview:large, max-video-preview:-1\" \/>\n<link rel=\"canonical\" href=\"https:\/\/tinychat.com\/de\/free-random-chat-with-girls\/\" \/>\n<meta property=\"og:locale\" content=\"de_DE\" \/>\n<meta property=\"og:type\" content=\"article\" \/>\n<meta property=\"og:title\" content=\"Free Random Chat With Girls on TinyChat.com\" \/>\n<meta property=\"og:description\" content=\"Enjoying Free Random Chat With Girls? Join over 50,000,000 strangers on TinyChat! Turn on your cam and start meeting new people, or find a match.\" \/>\n<meta property=\"og:url\" content=\"https:\/\/tinychat.com\/de\/free-random-chat-with-girls\/\" \/>\n<meta property=\"og:site_name\" content=\"TinyChat\" \/>\n<meta property=\"article:publisher\" content=\"https:\/\/www.facebook.com\/tinychat\" \/>\n<meta property=\"article:modified_time\" content=\"2025-09-03T10:22:10+00:00\" \/>\n<meta property=\"og:image\" content=\"https:\/\/tinychat.com\/wp-content\/uploads\/2020\/04\/Tinychat-logo-1280x284-new-black.png\" \/>\n\t<meta property=\"og:image:width\" content=\"1280\" \/>\n\t<meta property=\"og:image:height\" content=\"284\" \/>\n\t<meta property=\"og:image:type\" content=\"image\/png\" \/>\n<meta name=\"twitter:card\" content=\"summary_large_image\" \/>\n<meta name=\"twitter:site\" content=\"@tinychat\" \/>\n<meta name=\"twitter:label1\" content=\"Gesch\u00e4tzte Lesezeit\" \/>\n\t<meta name=\"twitter:data1\" content=\"5\u00a0Minuten\" \/>\n<script type=\"application\/ld+json\" class=\"yoast-schema-graph\">{\"@context\":\"https:\\\/\\\/schema.org\",\"@graph\":[{\"@type\":\"WebPage\",\"@id\":\"https:\\\/\\\/tinychat.com\\\/free-random-chat-with-girls\\\/\",\"url\":\"https:\\\/\\\/tinychat.com\\\/free-random-chat-with-girls\\\/\",\"name\":\"Free Random Chat With Girls on TinyChat.com\",\"isPartOf\":{\"@id\":\"https:\\\/\\\/tinychat.com\\\/#website\"},\"datePublished\":\"2025-09-03T06:00:01+00:00\",\"dateModified\":\"2025-09-03T10:22:10+00:00\",\"description\":\"Enjoying Free Random Chat With Girls? Join over 50,000,000 strangers on TinyChat! Turn on your cam and start meeting new people, or find a match.\",\"breadcrumb\":{\"@id\":\"https:\\\/\\\/tinychat.com\\\/free-random-chat-with-girls\\\/#breadcrumb\"},\"inLanguage\":\"de\",\"potentialAction\":[{\"@type\":\"ReadAction\",\"target\":[\"https:\\\/\\\/tinychat.com\\\/free-random-chat-with-girls\\\/\"]}]},{\"@type\":\"BreadcrumbList\",\"@id\":\"https:\\\/\\\/tinychat.com\\\/free-random-chat-with-girls\\\/#breadcrumb\",\"itemListElement\":[{\"@type\":\"ListItem\",\"position\":1,\"name\":\"Home\",\"item\":\"https:\\\/\\\/tinychat.com\\\/\"},{\"@type\":\"ListItem\",\"position\":2,\"name\":\"Free Random Chat With Girls\"}]},{\"@type\":\"WebSite\",\"@id\":\"https:\\\/\\\/tinychat.com\\\/#website\",\"url\":\"https:\\\/\\\/tinychat.com\\\/\",\"name\":\"TinyChat\",\"description\":\"Random Video Chat with Strangers\",\"publisher\":{\"@id\":\"https:\\\/\\\/tinychat.com\\\/#organization\"},\"alternateName\":\"TinyChat.com\",\"potentialAction\":[{\"@type\":\"SearchAction\",\"target\":{\"@type\":\"EntryPoint\",\"urlTemplate\":\"https:\\\/\\\/tinychat.com\\\/?s={search_term_string}\"},\"query-input\":{\"@type\":\"PropertyValueSpecification\",\"valueRequired\":true,\"valueName\":\"search_term_string\"}}],\"inLanguage\":\"de\"},{\"@type\":\"Organization\",\"@id\":\"https:\\\/\\\/tinychat.com\\\/#organization\",\"name\":\"TinyChat\",\"alternateName\":\"TinyChat.com\",\"url\":\"https:\\\/\\\/tinychat.com\\\/\",\"logo\":{\"@type\":\"ImageObject\",\"inLanguage\":\"de\",\"@id\":\"https:\\\/\\\/tinychat.com\\\/#\\\/schema\\\/logo\\\/image\\\/\",\"url\":\"https:\\\/\\\/tinychat.com\\\/wp-content\\\/uploads\\\/2023\\\/11\\\/Tinychat-icon-square.png\",\"contentUrl\":\"https:\\\/\\\/tinychat.com\\\/wp-content\\\/uploads\\\/2023\\\/11\\\/Tinychat-icon-square.png\",\"width\":284,\"height\":284,\"caption\":\"TinyChat\"},\"image\":{\"@id\":\"https:\\\/\\\/tinychat.com\\\/#\\\/schema\\\/logo\\\/image\\\/\"},\"sameAs\":[\"https:\\\/\\\/www.facebook.com\\\/tinychat\",\"https:\\\/\\\/x.com\\\/tinychat\"]}]}<\/script>\n<!-- \/ Yoast SEO plugin. -->","yoast_head_json":{"title":"Kostenloser Zufalls-Chat mit M\u00e4dchen auf TinyChat.com","description":"Genie\u00dfen Sie den kostenlosen Zufalls-Chat mit M\u00e4dchen? Schlie\u00dfen Sie sich \u00fcber 50.000.000 Fremden auf TinyChat an! Schalte deine Kamera ein und fange an, neue Leute zu treffen, oder finde einen Partner.","robots":{"index":"index","follow":"follow","max-snippet":"max-snippet:-1","max-image-preview":"max-image-preview:large","max-video-preview":"max-video-preview:-1"},"canonical":"https:\/\/tinychat.com\/de\/free-random-chat-with-girls\/","og_locale":"de_DE","og_type":"article","og_title":"Free Random Chat With Girls on TinyChat.com","og_description":"Enjoying Free Random Chat With Girls? Join over 50,000,000 strangers on TinyChat! Turn on your cam and start meeting new people, or find a match.","og_url":"https:\/\/tinychat.com\/de\/free-random-chat-with-girls\/","og_site_name":"TinyChat","article_publisher":"https:\/\/www.facebook.com\/tinychat","article_modified_time":"2025-09-03T10:22:10+00:00","og_image":[{"width":1280,"height":284,"url":"https:\/\/tinychat.com\/wp-content\/uploads\/2020\/04\/Tinychat-logo-1280x284-new-black.png","type":"image\/png"}],"twitter_card":"summary_large_image","twitter_site":"@tinychat","twitter_misc":{"Gesch\u00e4tzte Lesezeit":"5\u00a0Minuten"},"schema":{"@context":"https:\/\/schema.org","@graph":[{"@type":"WebPage","@id":"https:\/\/tinychat.com\/free-random-chat-with-girls\/","url":"https:\/\/tinychat.com\/free-random-chat-with-girls\/","name":"Kostenloser Zufalls-Chat mit M\u00e4dchen auf TinyChat.com","isPartOf":{"@id":"https:\/\/tinychat.com\/#website"},"datePublished":"2025-09-03T06:00:01+00:00","dateModified":"2025-09-03T10:22:10+00:00","description":"Genie\u00dfen Sie den kostenlosen Zufalls-Chat mit M\u00e4dchen? Schlie\u00dfen Sie sich \u00fcber 50.000.000 Fremden auf TinyChat an! Schalte deine Kamera ein und fange an, neue Leute zu treffen, oder finde einen Partner.","breadcrumb":{"@id":"https:\/\/tinychat.com\/free-random-chat-with-girls\/#breadcrumb"},"inLanguage":"de","potentialAction":[{"@type":"ReadAction","target":["https:\/\/tinychat.com\/free-random-chat-with-girls\/"]}]},{"@type":"BreadcrumbList","@id":"https:\/\/tinychat.com\/free-random-chat-with-girls\/#breadcrumb","itemListElement":[{"@type":"ListItem","position":1,"name":"Home","item":"https:\/\/tinychat.com\/"},{"@type":"ListItem","position":2,"name":"Free Random Chat With Girls"}]},{"@type":"WebSite","@id":"https:\/\/tinychat.com\/#website","url":"https:\/\/tinychat.com\/","name":"TinyChat","description":"Zuf\u00e4lliger Video-Chat mit Fremden","publisher":{"@id":"https:\/\/tinychat.com\/#organization"},"alternateName":"TinyChat.com","potentialAction":[{"@type":"SearchAction","target":{"@type":"EntryPoint","urlTemplate":"https:\/\/tinychat.com\/?s={search_term_string}"},"query-input":{"@type":"PropertyValueSpecification","valueRequired":true,"valueName":"search_term_string"}}],"inLanguage":"de"},{"@type":"Organization","@id":"https:\/\/tinychat.com\/#organization","name":"TinyChat","alternateName":"TinyChat.com","url":"https:\/\/tinychat.com\/","logo":{"@type":"ImageObject","inLanguage":"de","@id":"https:\/\/tinychat.com\/#\/schema\/logo\/image\/","url":"https:\/\/tinychat.com\/wp-content\/uploads\/2023\/11\/Tinychat-icon-square.png","contentUrl":"https:\/\/tinychat.com\/wp-content\/uploads\/2023\/11\/Tinychat-icon-square.png","width":284,"height":284,"caption":"TinyChat"},"image":{"@id":"https:\/\/tinychat.com\/#\/schema\/logo\/image\/"},"sameAs":["https:\/\/www.facebook.com\/tinychat","https:\/\/x.com\/tinychat"]}]}},"_links":{"self":[{"href":"https:\/\/tinychat.com\/de\/wp-json\/wp\/v2\/pages\/4831","targetHints":{"allow":["GET"]}}],"collection":[{"href":"https:\/\/tinychat.com\/de\/wp-json\/wp\/v2\/pages"}],"about":[{"href":"https:\/\/tinychat.com\/de\/wp-json\/wp\/v2\/types\/page"}],"author":[{"embeddable":true,"href":"https:\/\/tinychat.com\/de\/wp-json\/wp\/v2\/users\/8"}],"replies":[{"embeddable":true,"href":"https:\/\/tinychat.com\/de\/wp-json\/wp\/v2\/comments?post=4831"}],"version-history":[{"count":4,"href":"https:\/\/tinychat.com\/de\/wp-json\/wp\/v2\/pages\/4831\/revisions"}],"predecessor-version":[{"id":13493,"href":"https:\/\/tinychat.com\/de\/wp-json\/wp\/v2\/pages\/4831\/revisions\/13493"}],"wp:attachment":[{"href":"https:\/\/tinychat.com\/de\/wp-json\/wp\/v2\/media?parent=4831"}],"curies":[{"name":"wp","href":"https:\/\/api.w.org\/{rel}","templated":true}]}}