{"id":51,"date":"2020-04-08T23:24:23","date_gmt":"2020-04-08T21:24:23","guid":{"rendered":"https:\/\/tinychat.com\/?page_id=51"},"modified":"2025-05-03T17:23:14","modified_gmt":"2025-05-03T15:23:14","slug":"rules","status":"publish","type":"page","link":"https:\/\/tinychat.com\/de\/rules\/","title":{"rendered":"Regeln"},"content":{"rendered":"<p class=\"\" data-start=\"344\" data-end=\"639\"><a href=\"https:\/\/tinychat.com\/de\/\">TinyChat<\/a> bietet kostenlosen, anonymen Zugang zu einem pers\u00f6nlichen Gespr\u00e4ch <a href=\"https:\/\/tinychat.com\/de\/\">zuf\u00e4lliger Video-Chat<\/a> Erfahrung, keine Anmeldung erforderlich. Unser Ziel ist es, eine sichere, ansprechende und respektvolle Plattform zu bieten, \u00e4hnlich wie bei anderen <a href=\"https:\/\/tinychat.com\/de\/chatroulette\/\">Chat<\/a> Websites wie <a href=\"https:\/\/tinychat.com\/de\/omegle\/\">Omegle<\/a>wo die Nutzer spontane Interaktionen genie\u00dfen und neue Leute online treffen k\u00f6nnen.<\/p>\n<p class=\"\" data-start=\"641\" data-end=\"833\">Um ein positives Umfeld f\u00fcr alle Nutzer zu gew\u00e4hrleisten, bitten wir Sie, die nachstehenden Regeln zu befolgen. Ein Versto\u00df gegen diese Richtlinien kann zu einer sofortigen Sperrung oder dauerhaften Entfernung von der Plattform f\u00fchren.<\/p>\n<h2 data-start=\"840\" data-end=\"878\">Verbotenes Verhalten auf TinyChat<\/h2>\n<p class=\"\" data-start=\"880\" data-end=\"988\">Zur Wahrung der Sicherheit, des Respekts und der Einhaltung von Gesetzen sind folgende Handlungen strengstens untersagt am <a href=\"https:\/\/tinychat.com\/de\/\">TinyChat<\/a>:<\/p>\n<ul>\n<li data-start=\"992\" data-end=\"1127\">Zugang f\u00fcr Minderj\u00e4hrige: Die Nutzer m\u00fcssen mindestens 18 Jahre alt sein, um Folgendes nutzen zu k\u00f6nnen <a href=\"https:\/\/tinychat.com\/de\/\">TinyChat<\/a>. Der Zugang f\u00fcr Personen unter 18 Jahren ist streng verboten.<\/li>\n<li data-start=\"992\" data-end=\"1127\">Unangemessene Sprache oder unangemessenes Verhalten: Es ist nicht erlaubt, vulg\u00e4re, sexuell eindeutige, gewaltt\u00e4tige oder depressive Sprache zu verwenden. Unsere Plattform ist kein Ort f\u00fcr st\u00f6rende oder sch\u00e4dliche Inhalte.<\/li>\n<li data-start=\"1326\" data-end=\"1556\">Diskriminierung oder Hassrede: Sie d\u00fcrfen andere aufgrund ihrer Religion, Ethnie, ihres Geschlechts, ihrer sexuellen Orientierung, ihrer Nationalit\u00e4t oder ihres Alters nicht herabsetzen, beleidigen oder angreifen. Jede Form von Hassrede oder diskriminierendem Verhalten ist inakzeptabel.<\/li>\n<li data-start=\"1560\" data-end=\"1732\">Bel\u00e4stigung oder Missbrauch: Bel\u00e4stigung, Einsch\u00fcchterung oder absichtliche Respektlosigkeit gegen\u00fcber anderen Nutzern in jeglicher Form - verbal, visuell oder anderweitig - ist streng verboten.<\/li>\n<li data-start=\"1736\" data-end=\"1949\">Partielle Nacktheit ohne Identifizierung: Sie d\u00fcrfen Ihre nackte Brust nicht vor der Kamera zeigen, es sei denn, Ihr Gesicht ist gleichzeitig deutlich sichtbar. Diese Regel dient dazu, anonyme unsittliche Entbl\u00f6\u00dfung zu verhindern.<\/li>\n<li data-start=\"1953\" data-end=\"2105\">Nacktheit oder Entbl\u00f6\u00dfung von Unterw\u00e4sche: V\u00f6llig nackt oder nur mit Unterw\u00e4sche bekleidet vor der Kamera zu erscheinen, ist unter keinen Umst\u00e4nden erlaubt.<\/li>\n<li data-start=\"1953\" data-end=\"2105\">Sexuell explizites Verhalten: <span style=\"font-family: -apple-system, BlinkMacSystemFont, 'Segoe UI', Roboto, 'Helvetica Neue', Arial, 'Noto Sans', sans-serif, 'Apple Color Emoji', 'Segoe UI Emoji', 'Segoe UI Symbol', 'Noto Color Emoji';\">Es ist strengstens untersagt:<\/span>\n<ul>\n<li data-start=\"2178\" data-end=\"2236\">Andere zu virtuellen sexuellen Aktivit\u00e4ten auffordern oder zwingen.<\/li>\n<li data-start=\"2241\" data-end=\"2281\">Entbl\u00f6\u00dfen Sie Ihr Geschlechtsteil vor der Kamera.<\/li>\n<li data-start=\"2286\" data-end=\"2355\">Ber\u00fchren oder simulieren Sie die Ber\u00fchrung Ihrer Genitalien, w\u00e4hrend Sie vor der Kamera stehen.<\/li>\n<li data-start=\"2360\" data-end=\"2412\">Fokussieren Sie Ihre Kamera absichtlich unterhalb der Brust.<\/li>\n<\/ul>\n<\/li>\n<li>Werbliche oder umleitende Inhalte: <span style=\"font-family: -apple-system, BlinkMacSystemFont, 'Segoe UI', Roboto, 'Helvetica Neue', Arial, 'Noto Sans', sans-serif, 'Apple Color Emoji', 'Segoe UI Emoji', 'Segoe UI Symbol', 'Noto Color Emoji';\">Sie d\u00fcrfen nicht verwenden <a href=\"https:\/\/tinychat.com\/de\/\">TinyChat<\/a> zu:<\/span>\n<ul>\n<li>Anzeige von Text, Bildern oder Videos mit der Absicht, Nutzer auf andere Websites, Plattformen oder Dienste umzuleiten.<\/li>\n<li>Zeigen Sie Ihren Computerbildschirm, einschlie\u00dflich Nachrichten oder Werbebotschaften.<\/li>\n<li>Verwenden Sie Webcam-Emulatoren, virtuelle Ger\u00e4te oder Videoschleifen, um in die Irre zu f\u00fchren oder zu werben.<\/li>\n<li>um Stimmen zu bitten, f\u00fcr Links zu werben oder Produkte oder Dienstleistungen \u00fcber jegliche Form von Medien auf der Plattform zu verkaufen.<\/li>\n<\/ul>\n<\/li>\n<li>Illegale oder ausbeuterische Nutzung: <span style=\"font-family: -apple-system, BlinkMacSystemFont, 'Segoe UI', Roboto, 'Helvetica Neue', Arial, 'Noto Sans', sans-serif, 'Apple Color Emoji', 'Segoe UI Emoji', 'Segoe UI Symbol', 'Noto Color Emoji';\">Es ist absolut verboten, die <a href=\"https:\/\/tinychat.com\/de\/\">TinyChat<\/a> sich in irgendeiner Form zu engagieren, zu f\u00f6rdern oder zu erleichtern:<\/span>\n<ul>\n<li>Sexueller Menschenhandel<\/li>\n<li>Menschenschmuggel<\/li>\n<li>Prostitution<\/li>\n<li>Physischer oder psychischer Missbrauch<\/li>\n<li>Jede illegale T\u00e4tigkeit, die die Ausbeutung anderer beinhaltet<\/li>\n<\/ul>\n<\/li>\n<\/ul>\n<h2 data-start=\"3196\" data-end=\"3222\">Einreichen einer Beschwerde<\/h2>\n<p class=\"\" data-start=\"3224\" data-end=\"3383\">Wenn Sie auf einen Nutzer sto\u00dfen, der gegen die Regeln verst\u00f6\u00dft, empfehlen wir Ihnen, den Vorfall sofort zu melden. Sie k\u00f6nnen eine Beschwerde \u00fcber unser Support-System einreichen.<\/p>\n<p class=\"\" data-start=\"3385\" data-end=\"3551\">Um eine schnellere und effektivere Bearbeitung zu erm\u00f6glichen, f\u00fcgen Sie bitte einen Screenshot des Versto\u00dfes bei, wenn Sie Ihre Beschwerde einreichen. Dies hilft uns, schnell und pr\u00e4zise zu handeln.<\/p>\n<h2 data-start=\"3558\" data-end=\"3591\">Durchsetzung und Nutzungsverbote<\/h2>\n<p class=\"\" data-start=\"3593\" data-end=\"3779\"><a href=\"https:\/\/tinychat.com\/de\/\">TinyChat<\/a> verfolgt eine Null-Toleranz-Politik gegen\u00fcber Benutzern, die gegen die Regeln versto\u00dfen. Wenn ein Nutzer mehrere Beschwerden erh\u00e4lt, sperrt unser System automatisch seinen Zugang zu <a href=\"https:\/\/tinychat.com\/de\/\">TinyChat<\/a>.<\/p>\n<p class=\"\" data-start=\"3781\" data-end=\"4065\">Wir nehmen Meldungen ernst, aber wir ber\u00fccksichtigen auch mehrere Faktoren, bevor wir ein dauerhaftes Verbot aussprechen. <a href=\"https:\/\/tinychat.com\/de\/\">TinyChat<\/a> Wir k\u00f6nnen nicht jede Interaktion in Echtzeit \u00fcberwachen. Wir sind darauf angewiesen, dass unsere Gemeinschaft dazu beitr\u00e4gt, ein respektvolles Umfeld aufrechtzuerhalten. Ihre Mitarbeit bei der Meldung von Verst\u00f6\u00dfen ist unerl\u00e4sslich.<\/p>\n<p class=\"\" data-start=\"4067\" data-end=\"4228\">Gemeinsam k\u00f6nnen wir weiterhin eine Plattform aufbauen, die sicher, spontan und unterhaltsam f\u00fcr alle ist. Danke, dass Sie uns helfen <a href=\"https:\/\/tinychat.com\/de\/\">TinyChat<\/a> ein besserer Ort zum <a href=\"https:\/\/tinychat.com\/de\/chatroulette\/\">Chat<\/a>.<\/p>","protected":false},"excerpt":{"rendered":"<p>TinyChat provides free, anonymous access to a one-on-one random video chat experience, no registration required. Our goal is to offer a safe, engaging, and respectful platform similar to other chat sites like Omegle, where users can enjoy spontaneous interactions and meet new people online. To ensure a positive environment for all users, we ask that [&hellip;]<\/p>\n","protected":false},"author":1,"featured_media":0,"parent":0,"menu_order":0,"comment_status":"closed","ping_status":"closed","template":"","meta":{"footnotes":""},"class_list":["post-51","page","type-page","status-publish","hentry"],"yoast_head":"<!-- This site is optimized with the Yoast SEO plugin v27.3 - https:\/\/yoast.com\/product\/yoast-seo-wordpress\/ -->\n<title>Rules - TinyChat<\/title>\n<meta name=\"robots\" content=\"index, follow, max-snippet:-1, max-image-preview:large, max-video-preview:-1\" \/>\n<link rel=\"canonical\" href=\"https:\/\/tinychat.com\/de\/rules\/\" \/>\n<meta property=\"og:locale\" content=\"de_DE\" \/>\n<meta property=\"og:type\" content=\"article\" \/>\n<meta property=\"og:title\" content=\"Rules - TinyChat\" \/>\n<meta property=\"og:description\" content=\"TinyChat provides free, anonymous access to a one-on-one random video chat experience, no registration required. Our goal is to offer a safe, engaging, and respectful platform similar to other chat sites like Omegle, where users can enjoy spontaneous interactions and meet new people online. To ensure a positive environment for all users, we ask that [&hellip;]\" \/>\n<meta property=\"og:url\" content=\"https:\/\/tinychat.com\/de\/rules\/\" \/>\n<meta property=\"og:site_name\" content=\"TinyChat\" \/>\n<meta property=\"article:publisher\" content=\"https:\/\/www.facebook.com\/tinychat\" \/>\n<meta property=\"article:modified_time\" content=\"2025-05-03T15:23:14+00:00\" \/>\n<meta property=\"og:image\" content=\"https:\/\/tinychat.com\/wp-content\/uploads\/2020\/04\/Tinychat-logo-1280x284-new-black.png\" \/>\n\t<meta property=\"og:image:width\" content=\"1280\" \/>\n\t<meta property=\"og:image:height\" content=\"284\" \/>\n\t<meta property=\"og:image:type\" content=\"image\/png\" \/>\n<meta name=\"twitter:card\" content=\"summary_large_image\" \/>\n<meta name=\"twitter:site\" content=\"@tinychat\" \/>\n<meta name=\"twitter:label1\" content=\"Gesch\u00e4tzte Lesezeit\" \/>\n\t<meta name=\"twitter:data1\" content=\"3\u00a0Minuten\" \/>\n<script type=\"application\/ld+json\" class=\"yoast-schema-graph\">{\"@context\":\"https:\\\/\\\/schema.org\",\"@graph\":[{\"@type\":\"WebPage\",\"@id\":\"https:\\\/\\\/tinychat.com\\\/rules\\\/\",\"url\":\"https:\\\/\\\/tinychat.com\\\/rules\\\/\",\"name\":\"Rules - TinyChat\",\"isPartOf\":{\"@id\":\"https:\\\/\\\/tinychat.com\\\/#website\"},\"datePublished\":\"2020-04-08T21:24:23+00:00\",\"dateModified\":\"2025-05-03T15:23:14+00:00\",\"breadcrumb\":{\"@id\":\"https:\\\/\\\/tinychat.com\\\/rules\\\/#breadcrumb\"},\"inLanguage\":\"de\",\"potentialAction\":[{\"@type\":\"ReadAction\",\"target\":[\"https:\\\/\\\/tinychat.com\\\/rules\\\/\"]}]},{\"@type\":\"BreadcrumbList\",\"@id\":\"https:\\\/\\\/tinychat.com\\\/rules\\\/#breadcrumb\",\"itemListElement\":[{\"@type\":\"ListItem\",\"position\":1,\"name\":\"Home\",\"item\":\"https:\\\/\\\/tinychat.com\\\/\"},{\"@type\":\"ListItem\",\"position\":2,\"name\":\"Rules\"}]},{\"@type\":\"WebSite\",\"@id\":\"https:\\\/\\\/tinychat.com\\\/#website\",\"url\":\"https:\\\/\\\/tinychat.com\\\/\",\"name\":\"TinyChat\",\"description\":\"Random Video Chat with Strangers\",\"publisher\":{\"@id\":\"https:\\\/\\\/tinychat.com\\\/#organization\"},\"alternateName\":\"TinyChat.com\",\"potentialAction\":[{\"@type\":\"SearchAction\",\"target\":{\"@type\":\"EntryPoint\",\"urlTemplate\":\"https:\\\/\\\/tinychat.com\\\/?s={search_term_string}\"},\"query-input\":{\"@type\":\"PropertyValueSpecification\",\"valueRequired\":true,\"valueName\":\"search_term_string\"}}],\"inLanguage\":\"de\"},{\"@type\":\"Organization\",\"@id\":\"https:\\\/\\\/tinychat.com\\\/#organization\",\"name\":\"TinyChat\",\"alternateName\":\"TinyChat.com\",\"url\":\"https:\\\/\\\/tinychat.com\\\/\",\"logo\":{\"@type\":\"ImageObject\",\"inLanguage\":\"de\",\"@id\":\"https:\\\/\\\/tinychat.com\\\/#\\\/schema\\\/logo\\\/image\\\/\",\"url\":\"https:\\\/\\\/tinychat.com\\\/wp-content\\\/uploads\\\/2023\\\/11\\\/Tinychat-icon-square.png\",\"contentUrl\":\"https:\\\/\\\/tinychat.com\\\/wp-content\\\/uploads\\\/2023\\\/11\\\/Tinychat-icon-square.png\",\"width\":284,\"height\":284,\"caption\":\"TinyChat\"},\"image\":{\"@id\":\"https:\\\/\\\/tinychat.com\\\/#\\\/schema\\\/logo\\\/image\\\/\"},\"sameAs\":[\"https:\\\/\\\/www.facebook.com\\\/tinychat\",\"https:\\\/\\\/x.com\\\/tinychat\"]}]}<\/script>\n<!-- \/ Yoast SEO plugin. -->","yoast_head_json":{"title":"Regeln - TinyChat","robots":{"index":"index","follow":"follow","max-snippet":"max-snippet:-1","max-image-preview":"max-image-preview:large","max-video-preview":"max-video-preview:-1"},"canonical":"https:\/\/tinychat.com\/de\/rules\/","og_locale":"de_DE","og_type":"article","og_title":"Rules - TinyChat","og_description":"TinyChat provides free, anonymous access to a one-on-one random video chat experience, no registration required. Our goal is to offer a safe, engaging, and respectful platform similar to other chat sites like Omegle, where users can enjoy spontaneous interactions and meet new people online. To ensure a positive environment for all users, we ask that [&hellip;]","og_url":"https:\/\/tinychat.com\/de\/rules\/","og_site_name":"TinyChat","article_publisher":"https:\/\/www.facebook.com\/tinychat","article_modified_time":"2025-05-03T15:23:14+00:00","og_image":[{"width":1280,"height":284,"url":"https:\/\/tinychat.com\/wp-content\/uploads\/2020\/04\/Tinychat-logo-1280x284-new-black.png","type":"image\/png"}],"twitter_card":"summary_large_image","twitter_site":"@tinychat","twitter_misc":{"Gesch\u00e4tzte Lesezeit":"3\u00a0Minuten"},"schema":{"@context":"https:\/\/schema.org","@graph":[{"@type":"WebPage","@id":"https:\/\/tinychat.com\/rules\/","url":"https:\/\/tinychat.com\/rules\/","name":"Regeln - TinyChat","isPartOf":{"@id":"https:\/\/tinychat.com\/#website"},"datePublished":"2020-04-08T21:24:23+00:00","dateModified":"2025-05-03T15:23:14+00:00","breadcrumb":{"@id":"https:\/\/tinychat.com\/rules\/#breadcrumb"},"inLanguage":"de","potentialAction":[{"@type":"ReadAction","target":["https:\/\/tinychat.com\/rules\/"]}]},{"@type":"BreadcrumbList","@id":"https:\/\/tinychat.com\/rules\/#breadcrumb","itemListElement":[{"@type":"ListItem","position":1,"name":"Home","item":"https:\/\/tinychat.com\/"},{"@type":"ListItem","position":2,"name":"Rules"}]},{"@type":"WebSite","@id":"https:\/\/tinychat.com\/#website","url":"https:\/\/tinychat.com\/","name":"TinyChat","description":"Zuf\u00e4lliger Video-Chat mit Fremden","publisher":{"@id":"https:\/\/tinychat.com\/#organization"},"alternateName":"TinyChat.com","potentialAction":[{"@type":"SearchAction","target":{"@type":"EntryPoint","urlTemplate":"https:\/\/tinychat.com\/?s={search_term_string}"},"query-input":{"@type":"PropertyValueSpecification","valueRequired":true,"valueName":"search_term_string"}}],"inLanguage":"de"},{"@type":"Organization","@id":"https:\/\/tinychat.com\/#organization","name":"TinyChat","alternateName":"TinyChat.com","url":"https:\/\/tinychat.com\/","logo":{"@type":"ImageObject","inLanguage":"de","@id":"https:\/\/tinychat.com\/#\/schema\/logo\/image\/","url":"https:\/\/tinychat.com\/wp-content\/uploads\/2023\/11\/Tinychat-icon-square.png","contentUrl":"https:\/\/tinychat.com\/wp-content\/uploads\/2023\/11\/Tinychat-icon-square.png","width":284,"height":284,"caption":"TinyChat"},"image":{"@id":"https:\/\/tinychat.com\/#\/schema\/logo\/image\/"},"sameAs":["https:\/\/www.facebook.com\/tinychat","https:\/\/x.com\/tinychat"]}]}},"_links":{"self":[{"href":"https:\/\/tinychat.com\/de\/wp-json\/wp\/v2\/pages\/51","targetHints":{"allow":["GET"]}}],"collection":[{"href":"https:\/\/tinychat.com\/de\/wp-json\/wp\/v2\/pages"}],"about":[{"href":"https:\/\/tinychat.com\/de\/wp-json\/wp\/v2\/types\/page"}],"author":[{"embeddable":true,"href":"https:\/\/tinychat.com\/de\/wp-json\/wp\/v2\/users\/1"}],"replies":[{"embeddable":true,"href":"https:\/\/tinychat.com\/de\/wp-json\/wp\/v2\/comments?post=51"}],"version-history":[{"count":3,"href":"https:\/\/tinychat.com\/de\/wp-json\/wp\/v2\/pages\/51\/revisions"}],"predecessor-version":[{"id":13052,"href":"https:\/\/tinychat.com\/de\/wp-json\/wp\/v2\/pages\/51\/revisions\/13052"}],"wp:attachment":[{"href":"https:\/\/tinychat.com\/de\/wp-json\/wp\/v2\/media?parent=51"}],"curies":[{"name":"wp","href":"https:\/\/api.w.org\/{rel}","templated":true}]}}