{"id":5113,"date":"2025-06-19T21:05:49","date_gmt":"2025-06-19T19:05:49","guid":{"rendered":"https:\/\/tinychat.com\/?page_id=5113"},"modified":"2025-07-07T18:18:42","modified_gmt":"2025-07-07T16:18:42","slug":"chatiw","status":"publish","type":"page","link":"https:\/\/tinychat.com\/de\/chatiw\/","title":{"rendered":"Chatiw"},"content":{"rendered":"<p>In einer Zeit, in der soziale Netzwerke voller Algorithmen, Freundschaftsanfragen und Datenschutzh\u00fcrden sind, haben Chat-Plattformen, die schnell, einfach und anonym sind, einen besonderen Reiz. Hier kommt Chatiw ins Spiel: eine Chatseite, die f\u00fcr alle gedacht ist, die direkt in ein Gespr\u00e4ch einsteigen wollen - keine Anmeldung, keine Downloads, keine Bedingungen.<\/p>\n<p>W\u00e4hrend sich andere Plattformen auf Video-Chat, Dating oder Gruppenr\u00e4ume konzentrieren, geht es bei Chatiw vor allem um sofortige, textbasierte Verbindungen mit Fremden aus aller Welt. Das leichtgewichtige Design, die mobilfreundliche Oberfl\u00e4che und die Philosophie der offenen T\u00fcr haben es zu einem Favoriten f\u00fcr Nutzer gemacht, die schnelle, echte und risikofreie Interaktionen sch\u00e4tzen - egal, ob sie auf der Suche nach einer Freundschaft, einem lockeren Chat oder sogar einem kleinen Flirt sind.<\/p>\n<p>In diesem umfassenden Leitfaden erfahren Sie, wie Chatiw funktioniert, welche Funktionen es bietet, wie es im Vergleich zu anderen Chatseiten abschneidet, welche Sicherheitstipps es gibt und wie Sie die Zeit, die Sie online mit Fremden verbringen, optimal nutzen k\u00f6nnen.<\/p>\n<h2>Was ist Chatiw?<\/h2>\n<p>Chatiw ist eine kostenlose Online-Chat-Plattform, die Benutzer anonym mit zuf\u00e4lligen Personen aus der ganzen Welt verbindet, haupts\u00e4chlich durch textbasierten Chat. Gegr\u00fcndet vor \u00fcber einem Jahrzehnt, hat sich Chatiw zu einem der beliebtesten \"Fremden-Chat\"-Ziele im Internet entwickelt, wobei der Schwerpunkt auf Geschwindigkeit und Einfachheit liegt.<\/p>\n<p>Es gibt keine langwierigen Registrierungen, E-Mail-Best\u00e4tigungen oder komplexe Profile, die eingerichtet werden m\u00fcssen. Sie w\u00e4hlen einfach einen Benutzernamen, Ihr Land, Ihr Alter und Ihr Geschlecht aus, und schon k\u00f6nnen Sie sich in einen Chatraum oder einen Einzelchat begeben. Chatiw bietet auch optionale Funktionen f\u00fcr registrierte Benutzer, aber im Kern bleibt es eine Plattform f\u00fcr schnelle, anonyme und reibungslose Konversation.<\/p>\n<p>Chatiw ist \u00fcber jeden Browser verf\u00fcgbar - sowohl auf dem Desktop als auch auf dem Handy - und bietet auch eine spezielle mobile App f\u00fcr Android-Nutzer.<\/p>\n<h2>Hauptmerkmale von Chatiw<\/h2>\n<p>Obwohl das Konzept einfach ist, bietet Chatiw mehrere n\u00fctzliche und benutzerfreundliche Funktionen, um das Chat-Erlebnis zu verbessern und die Benutzer zu besch\u00e4ftigen:<\/p>\n<h3>1. Anonymer Sofort-Chat<\/h3>\n<p>Das Markenzeichen von Chatiw ist Schnelligkeit und Anonymit\u00e4t. Sie m\u00fcssen weder ein Konto erstellen noch pers\u00f6nliche Daten angeben, um mit dem Chatten zu beginnen. F\u00fcllen Sie einfach ein kurzes Formular aus (Nickname, Alter, Geschlecht, Land), stimmen Sie den Bedingungen zu, und Sie sind sofort verbunden.<\/p>\n<p>Damit ist das Chatiw ideal f\u00fcr Menschen, die schnell und ohne gro\u00dfen Aufwand Gespr\u00e4che f\u00fchren m\u00f6chten.<\/p>\n<h3>2. Globale Chat-R\u00e4ume und One-on-One-Chat<\/h3>\n<p>Einmal drinnen, k\u00f6nnen Sie:<\/p>\n<ul>\n<li>Treten Sie einem \u00f6ffentlichen Chatroom mit Benutzern aus der ganzen Welt bei.<\/li>\n<li>Starten Sie einen privaten Einzel-Chat mit einer beliebigen Person in diesem Raum.<\/li>\n<\/ul>\n<p>Dank dieser Flexibilit\u00e4t k\u00f6nnen Sie selbst entscheiden, ob Sie sich in Gruppengespr\u00e4che einklinken oder private, sinnvolle Gespr\u00e4che suchen.<\/p>\n<h3>3. Private Nachrichten und Freundesliste<\/h3>\n<p>Nutzer k\u00f6nnen jedem, den sie im Chatraum treffen, private Nachrichten schicken. Wenn Sie sich gut verstehen, k\u00f6nnen Sie Personen zu Ihrer Freundesliste hinzuf\u00fcgen, um zuk\u00fcnftige Chats zu erleichtern (f\u00fcr registrierte Benutzer).<\/p>\n<h3>4. Optionale Profilregistrierung<\/h3>\n<p>W\u00e4hrend Sie Chatiw als Gast nutzen k\u00f6nnen, erhalten registrierte Benutzer:<\/p>\n<ul>\n<li>Ein einzigartiges Profil (mit Foto)<\/li>\n<li>Die M\u00f6glichkeit, Freunde zu speichern<\/li>\n<li>Zugang zum Nachrichtenverlauf<\/li>\n<li>Benutzersperrung und Berichtsfunktionen<\/li>\n<\/ul>\n<p>Die Registrierung ist nach wie vor einfach und erfordert nur grundlegende Informationen.<\/p>\n<h3>5. Mobile App f\u00fcr Android<\/h3>\n<p>F\u00fcr Chatter, die unterwegs sind, bietet Chatiw eine spezielle Android-App an, die genauso leichtgewichtig ist und sofortigen Zugriff erm\u00f6glicht wie die Browser-Version. Die mobile App erm\u00f6glicht Push-Benachrichtigungen, einfaches Umschalten zwischen \u00f6ffentlichen und privaten Chats und ein optimiertes Layout f\u00fcr kleine Bildschirme.<\/p>\n<h3>6. Filter und L\u00e4nderauswahl<\/h3>\n<p>Mit Chatiw k\u00f6nnen Nutzer Chats nach L\u00e4ndern filtern und so mit Menschen aus bestimmten Regionen in Kontakt treten oder Einheimische finden. Dies ist ideal f\u00fcr diejenigen, die eine Sprache \u00fcben, eine andere Kultur kennenlernen oder Menschen in der N\u00e4he treffen m\u00f6chten.<\/p>\n<h3>7. Einfache Moderation und Berichterstattung<\/h3>\n<p>Chatiw verwendet automatische Spam-Kontrollen und stellt den Nutzern Tools zur Verf\u00fcgung, mit denen sie missbr\u00e4uchliche Nutzer blockieren oder melden k\u00f6nnen. Die Moderatoren \u00fcberwachen die Plattform auf unangemessenes Verhalten und bem\u00fchen sich, einen freundlichen, einladenden Raum zu schaffen.<\/p>\n<h3>8. Emoji, Medien und Dateifreigabe<\/h3>\n<p>Damit der Spa\u00df nicht zu kurz kommt, unterst\u00fctzt das Chatiw Emojis, GIFs und eine eingeschr\u00e4nkte Dateifreigabe (f\u00fcr registrierte Benutzer), was die Konversation noch ausdrucksst\u00e4rker und interessanter macht.<\/p>\n<h2>So verwenden Sie Chatiw<\/h2>\n<p>Eine der gr\u00f6\u00dften St\u00e4rken des Chatiw ist seine Benutzerfreundlichkeit. Hier erfahren Sie, wie Sie loslegen k\u00f6nnen:<\/p>\n<h3>Schritt 1: Besuchen Sie die Website oder laden Sie die App herunter<\/h3>\n<p>Besuchen Sie chatiw.com in Ihrem Browser (Desktop oder Handy), oder laden Sie die Chatiw-App aus dem Google Play Store herunter.<\/p>\n<h3>Schritt 2: Geben Sie Ihre Daten ein<\/h3>\n<p>F\u00fcllen Sie das Chat-Formular aus:<\/p>\n<ul>\n<li>W\u00e4hlen Sie einen Spitznamen<\/li>\n<li>W\u00e4hlen Sie Ihr Alter, Geschlecht und Land<\/li>\n<\/ul>\n<p>Keine E-Mail oder echter Name erforderlich!<\/p>\n<h3>Schritt 3: Akzeptieren Sie die Bedingungen<\/h3>\n<p>Markieren Sie das K\u00e4stchen, um zu best\u00e4tigen, dass Sie mit den Nutzungsbedingungen und Regeln der Website einverstanden sind.<\/p>\n<h3>Schritt 4: Chatten beginnen<\/h3>\n<p>Du bist jetzt dabei! Betreten Sie den \u00f6ffentlichen Chat-Raum, in dem Sie f\u00fcr alle sichtbar Nachrichten senden k\u00f6nnen, oder klicken Sie auf einen beliebigen Benutzernamen, um einen privaten Chat zu starten.<\/p>\n<h3>Schritt 5: (Optional) Registrierung f\u00fcr ein Profil<\/h3>\n<p>Wenn Sie weitere Funktionen freischalten m\u00f6chten, klicken Sie auf \"Anmelden\", um ein kostenloses Konto zu erstellen. F\u00fcgen Sie ein Foto hinzu, erstellen Sie Ihre Freundesliste und passen Sie Ihr Profil an.<\/p>\n<h2>Benutzererfahrung mit Chatiw<\/h2>\n<p>Bei Chatiw dreht sich alles um Einfachheit und Zug\u00e4nglichkeit. Die Benutzeroberfl\u00e4che ist geradlinig, mit klaren Chat-Fenstern, einfacher Navigation und minimaler Ablenkung.<\/p>\n<h3>Was Benutzer lieben<\/h3>\n<ul>\n<li>Keine Registrierung f\u00fcr den Basis-Chat erforderlich<\/li>\n<li>Schnelle, globale Verbindungen - Hunderte von Nutzern jederzeit online<\/li>\n<li>Geringer Datenverbrauch, schnelles Laden, ideal f\u00fcr langsame Verbindungen<\/li>\n<li>Perfekt f\u00fcr sch\u00fcchterne Benutzer oder diejenigen, die Text einem Video vorziehen<\/li>\n<li>Mobilfreundlich und einfach auf jedem Ger\u00e4t zu verwenden<\/li>\n<\/ul>\n<h3>Wo sie sich verbessern k\u00f6nnte<\/h3>\n<ul>\n<li>Gelegentlicher Spam und Bots in \u00f6ffentlichen R\u00e4umen<\/li>\n<li>Kein Video-Chat - nur Text<\/li>\n<li>Die Werbung in der kostenlosen Version kann aufdringlich sein<\/li>\n<li>Eingeschr\u00e4nkte Funktionen f\u00fcr Gastnutzer<\/li>\n<\/ul>\n<h3>Echtes Benutzer-Feedback<\/h3>\n<blockquote><p>\"Ich finde es toll, wie einfach Chatiw zu bedienen ist. Ich muss mich nicht anmelden oder durch Reifen springen - einfach nur chatten!\"<br \/>\n- <em>Maria P., Trustpilot<\/em><\/p><\/blockquote>\n<blockquote><p>\"Ich habe hier Leute aus f\u00fcnf verschiedenen L\u00e4ndern kennengelernt. Manchmal ist es albern, manchmal ist es tiefgr\u00fcndig. Eine tolle Art, sich die Zeit zu vertreiben.\"<br \/>\n- <em>Samir D., Google Play<\/em><\/p><\/blockquote>\n<blockquote><p>\"Es w\u00e4re noch besser, wenn sie einen Videochat hinzuf\u00fcgen w\u00fcrden, aber ich mag es, um Freunde zu finden und zu flirten.\"<br \/>\n- <em>Jessica W., Sitejabber<\/em><\/p><\/blockquote>\n<h2>Chatiw im Vergleich zu anderen Chat-Plattformen<\/h2>\n<p>Hier sehen Sie, wie Chatiw im Vergleich zu anderen f\u00fchrenden Chat-Plattformen abschneidet:<\/p>\n<table>\n<thead>\n<tr>\n<th>Merkmal<\/th>\n<th>Chatiw<\/th>\n<th>Omegle<\/th>\n<th>ChatHub<\/th>\n<th>Camfrog<\/th>\n<th>Emerald Chat<\/th>\n<th>Thundr<\/th>\n<\/tr>\n<\/thead>\n<tbody>\n<tr>\n<td>Anonyme Nutzung<\/td>\n<td>\u2705 Ja<\/td>\n<td>\u2705 Ja<\/td>\n<td>\u2705 Ja<\/td>\n<td>\u2705 Gast<\/td>\n<td>\u2705 Fakultativ<\/td>\n<td>\u2705 Ja<\/td>\n<\/tr>\n<tr>\n<td>Text-Chat<\/td>\n<td>\u2705 Ja<\/td>\n<td>\u2705 Ja<\/td>\n<td>\u2705 Ja<\/td>\n<td>\u2705 Ja<\/td>\n<td>\u2705 Ja<\/td>\n<td>\u2705 Ja<\/td>\n<\/tr>\n<tr>\n<td>Video-Chat<\/td>\n<td>\u274c Nein<\/td>\n<td>\u2705 Ja<\/td>\n<td>\u2705 Ja<\/td>\n<td>\u2705 Ja<\/td>\n<td>\u2705 Ja<\/td>\n<td>\u2705 Ja<\/td>\n<\/tr>\n<tr>\n<td>\u00d6ffentliche Chat-R\u00e4ume<\/td>\n<td>\u2705 Ja<\/td>\n<td>\u274c Nein<\/td>\n<td>\u274c Nein<\/td>\n<td>\u2705 Ja<\/td>\n<td>\u274c Nein<\/td>\n<td>\u274c Nein<\/td>\n<\/tr>\n<tr>\n<td>Private Nachrichten\u00fcbermittlung<\/td>\n<td>\u2705 Ja<\/td>\n<td>\u2705 Ja<\/td>\n<td>\u2705 Ja<\/td>\n<td>\u2705 Ja<\/td>\n<td>\u2705 Ja<\/td>\n<td>\u2705 Ja<\/td>\n<\/tr>\n<tr>\n<td>Profil Registrierung<\/td>\n<td>\u2705 Fakultativ<\/td>\n<td>\u274c Nein<\/td>\n<td>\u2705 Ja<\/td>\n<td>\u2705 Ja<\/td>\n<td>\u2705 Ja<\/td>\n<td>\u274c Nein<\/td>\n<\/tr>\n<tr>\n<td>Mobile App<\/td>\n<td>\u2705 Android<\/td>\n<td>\u274c Nein<\/td>\n<td>\u2705 Ja<\/td>\n<td>\u2705 Ja<\/td>\n<td>\u274c Nein<\/td>\n<td>\u274c Nein<\/td>\n<\/tr>\n<tr>\n<td>Filter\/Gezielter Chat<\/td>\n<td>\u2705 Land<\/td>\n<td>\u2705 Interesse<\/td>\n<td>\u2705 Geschlecht<\/td>\n<td>\u2705 Zimmer<\/td>\n<td>\u2705 Interesse<\/td>\n<td>\u2705 Geschlecht<\/td>\n<\/tr>\n<tr>\n<td>In-App-W\u00e4hrung\/Geschenke<\/td>\n<td>\u274c Nein<\/td>\n<td>\u274c Nein<\/td>\n<td>\u274c Nein<\/td>\n<td>\u2705 Ja<\/td>\n<td>\u274c Nein<\/td>\n<td>\u274c Nein<\/td>\n<\/tr>\n<\/tbody>\n<\/table>\n<p>Zusammenfassung: Chatiw ist perfekt f\u00fcr Benutzer, die einen schnellen, unkomplizierten, textbasierten Chat mit Gruppen- und Privatoptionen w\u00fcnschen. Dabei geht es weniger um visuelle Eindr\u00fccke als vielmehr um echte, spontane Gespr\u00e4che.<\/p>\n<h2>Ist Chatiw sicher?<\/h2>\n<p>Chatiw legt gro\u00dfen Wert auf eine sichere Umgebung, aber wie bei jeder anonymen Chatseite ist die Wachsamkeit der Benutzer unerl\u00e4sslich. Hier ist, was Sie wissen sollten:<\/p>\n<h3>Sicherheitsmerkmale<\/h3>\n<ul>\n<li>Schaltfl\u00e4chen zum Sperren und Melden von missbr\u00e4uchlichen Nutzern<\/li>\n<li>Automatisierte Spam-Erkennung und -Verbot<\/li>\n<li>Moderatoren in \u00f6ffentlichen R\u00e4umen anwesend<\/li>\n<li>Grundlegende Inhaltsfilterung (keine expliziten Bilder, begrenzter Dateiaustausch)<\/li>\n<\/ul>\n<h3>Bew\u00e4hrte Praktiken<\/h3>\n<ul>\n<li>Geben Sie keine pers\u00f6nlichen Informationen weiter (richtiger Name, E-Mail, Adresse, Telefonnummer)<\/li>\n<li>Verwenden Sie ein Pseudonym oder einen Spitznamen, insbesondere als Gast<\/li>\n<li>Senden Sie niemals Geld oder klicken Sie auf unbekannte Links<\/li>\n<li>Blockieren und Melden verd\u00e4chtiger oder beleidigender Benutzer<\/li>\n<\/ul>\n<h2>Tipps f\u00fcr die optimale Nutzung von Chatiw<\/h2>\n<ul>\n<li>Probieren Sie verschiedene R\u00e4ume aus: Probieren Sie den \u00f6ffentlichen Chat aus und gehen Sie dann zu privaten Chats \u00fcber, wenn Sie sich daran gew\u00f6hnt haben.<\/li>\n<li>Erkunden Sie L\u00e4nder: Verwenden Sie den Filter, um Menschen aus verschiedenen Regionen zu treffen.<\/li>\n<li>Verwenden Sie die mobile App: Bleiben Sie auch unterwegs in Verbindung.<\/li>\n<li>Seien Sie respektvoll: H\u00f6flichkeit f\u00fchrt zu besseren Gespr\u00e4chen und neuen Freunden.<\/li>\n<li>Sch\u00fctzen Sie Ihre Identit\u00e4t: Bewahren Sie pers\u00f6nliche Informationen f\u00fcr sich und lassen Sie sich nicht unter Druck setzen, sie weiterzugeben.<\/li>\n<\/ul>\n<h2>Fehlersuche bei h\u00e4ufigen Chatiw-Problemen<\/h2>\n<h3>Kann keine Verbindung zum Chat herstellen<\/h3>\n<p>Aktualisieren Sie die Seite, l\u00f6schen Sie die Cookies oder verwenden Sie einen anderen Browser. Pr\u00fcfen Sie, ob Ihr Land Chatseiten blockiert.<\/p>\n<h3>Zu viele Werbeanzeigen<\/h3>\n<p>\u00dcberlegen Sie, ob Sie sich f\u00fcr ein Premium-Konto (werbefrei) anmelden oder einen Werbeblocker verwenden (nur in der Browser-Version).<\/p>\n<h3>Spam oder Bots<\/h3>\n<p>Benutzer blockieren und melden. Wechseln Sie zu privaten Chats mit vertrauensw\u00fcrdigen Nutzern.<\/p>\n<h3>Kein Empfang von Nachrichten<\/h3>\n<p>\u00dcberpr\u00fcfen Sie Ihre Internetverbindung, aktualisieren Sie die Seite, oder melden Sie sich ab und wieder an.<\/p>\n<h3>App-Absturz<\/h3>\n<p>Aktualisieren Sie die App, starten Sie Ihr Ger\u00e4t neu oder installieren Sie sie erneut aus dem Google Play Store.<\/p>\n<h2>Abschlie\u00dfende \u00dcberlegungen: Ist das Chatiw sein Geld wert?<\/h2>\n<p>Auf jeden Fall - f\u00fcr alle, die sofortige, anonyme, textbasierte Unterhaltungen sch\u00e4tzen. Chatiw beseitigt die Barrieren, die andere soziale Apps m\u00fchsam machen, und bringt Sie in Sekundenschnelle zum Chatten.<\/p>\n<p>Es ist nicht der Ort f\u00fcr ausf\u00fchrliche Profile, fortschrittliche Partnersuche oder HD-Videos - aber genau deshalb lieben es so viele Nutzer. Chatiw l\u00f6st das Versprechen einer reinen, menschlichen Verbindung ein: in Echtzeit, anonym und erfrischend einfach.<\/p>\n<p>Ganz gleich, ob Sie die Zeit totschlagen, Freundschaften schlie\u00dfen, flirten oder die Welt durch Konversation erkunden m\u00f6chten, das Chatiw bietet den perfekten Einstieg.<\/p>\n<p>Besuchen Sie chatiw.com oder laden Sie die App herunter und fangen Sie jetzt an zu chatten - man wei\u00df nie, wen man als n\u00e4chstes trifft.<\/p>","protected":false},"excerpt":{"rendered":"<p>In an age where social networks are filled with algorithms, friend requests, and privacy hurdles, there\u2019s a real appeal to chat platforms that keep things fast, simple, and anonymous. Enter Chatiw: a chat site designed for anyone who wants to jump straight into conversation \u2014 no sign-up, no downloads, no strings attached. While some platforms [&hellip;]<\/p>\n","protected":false},"author":6,"featured_media":0,"parent":0,"menu_order":0,"comment_status":"closed","ping_status":"closed","template":"","meta":{"footnotes":""},"class_list":["post-5113","page","type-page","status-publish","hentry"],"yoast_head":"<!-- This site is optimized with the Yoast SEO plugin v27.6 - https:\/\/yoast.com\/product\/yoast-seo-wordpress\/ -->\n<title>Chatiw - Text Chat Rooms to Chat with Strangers - TinyChat.com<\/title>\n<meta name=\"description\" content=\"Enjoying Chatiw? Join over 50,000,000 strangers on TinyChat! Turn on your cam and start meeting new people, or find a match.\" \/>\n<meta name=\"robots\" content=\"index, follow, max-snippet:-1, max-image-preview:large, max-video-preview:-1\" \/>\n<link rel=\"canonical\" href=\"https:\/\/tinychat.com\/de\/chatiw\/\" \/>\n<meta property=\"og:locale\" content=\"de_DE\" \/>\n<meta property=\"og:type\" content=\"article\" \/>\n<meta property=\"og:title\" content=\"Chatiw - Text Chat Rooms to Chat with Strangers - TinyChat.com\" \/>\n<meta property=\"og:description\" content=\"Enjoying Chatiw? Join over 50,000,000 strangers on TinyChat! Turn on your cam and start meeting new people, or find a match.\" \/>\n<meta property=\"og:url\" content=\"https:\/\/tinychat.com\/de\/chatiw\/\" \/>\n<meta property=\"og:site_name\" content=\"TinyChat\" \/>\n<meta property=\"article:publisher\" content=\"https:\/\/www.facebook.com\/tinychat\" \/>\n<meta property=\"article:modified_time\" content=\"2025-07-07T16:18:42+00:00\" \/>\n<meta property=\"og:image\" content=\"https:\/\/tinychat.com\/wp-content\/uploads\/2020\/04\/Tinychat-logo-1280x284-new-black.png\" \/>\n\t<meta property=\"og:image:width\" content=\"1280\" \/>\n\t<meta property=\"og:image:height\" content=\"284\" \/>\n\t<meta property=\"og:image:type\" content=\"image\/png\" \/>\n<meta name=\"twitter:card\" content=\"summary_large_image\" \/>\n<meta name=\"twitter:site\" content=\"@tinychat\" \/>\n<meta name=\"twitter:label1\" content=\"Gesch\u00e4tzte Lesezeit\" \/>\n\t<meta name=\"twitter:data1\" content=\"7\u00a0Minuten\" \/>\n<script type=\"application\/ld+json\" class=\"yoast-schema-graph\">{\"@context\":\"https:\\\/\\\/schema.org\",\"@graph\":[{\"@type\":\"WebPage\",\"@id\":\"https:\\\/\\\/tinychat.com\\\/chatiw\\\/\",\"url\":\"https:\\\/\\\/tinychat.com\\\/chatiw\\\/\",\"name\":\"Chatiw - Text Chat Rooms to Chat with Strangers - TinyChat.com\",\"isPartOf\":{\"@id\":\"https:\\\/\\\/tinychat.com\\\/#website\"},\"datePublished\":\"2025-06-19T19:05:49+00:00\",\"dateModified\":\"2025-07-07T16:18:42+00:00\",\"description\":\"Enjoying Chatiw? Join over 50,000,000 strangers on TinyChat! Turn on your cam and start meeting new people, or find a match.\",\"breadcrumb\":{\"@id\":\"https:\\\/\\\/tinychat.com\\\/chatiw\\\/#breadcrumb\"},\"inLanguage\":\"de\",\"potentialAction\":[{\"@type\":\"ReadAction\",\"target\":[\"https:\\\/\\\/tinychat.com\\\/chatiw\\\/\"]}]},{\"@type\":\"BreadcrumbList\",\"@id\":\"https:\\\/\\\/tinychat.com\\\/chatiw\\\/#breadcrumb\",\"itemListElement\":[{\"@type\":\"ListItem\",\"position\":1,\"name\":\"Home\",\"item\":\"https:\\\/\\\/tinychat.com\\\/\"},{\"@type\":\"ListItem\",\"position\":2,\"name\":\"Chatiw\"}]},{\"@type\":\"WebSite\",\"@id\":\"https:\\\/\\\/tinychat.com\\\/#website\",\"url\":\"https:\\\/\\\/tinychat.com\\\/\",\"name\":\"TinyChat\",\"description\":\"Random Video Chat with Strangers\",\"publisher\":{\"@id\":\"https:\\\/\\\/tinychat.com\\\/#organization\"},\"alternateName\":\"TinyChat.com\",\"potentialAction\":[{\"@type\":\"SearchAction\",\"target\":{\"@type\":\"EntryPoint\",\"urlTemplate\":\"https:\\\/\\\/tinychat.com\\\/?s={search_term_string}\"},\"query-input\":{\"@type\":\"PropertyValueSpecification\",\"valueRequired\":true,\"valueName\":\"search_term_string\"}}],\"inLanguage\":\"de\"},{\"@type\":\"Organization\",\"@id\":\"https:\\\/\\\/tinychat.com\\\/#organization\",\"name\":\"TinyChat\",\"alternateName\":\"TinyChat.com\",\"url\":\"https:\\\/\\\/tinychat.com\\\/\",\"logo\":{\"@type\":\"ImageObject\",\"inLanguage\":\"de\",\"@id\":\"https:\\\/\\\/tinychat.com\\\/#\\\/schema\\\/logo\\\/image\\\/\",\"url\":\"https:\\\/\\\/tinychat.com\\\/wp-content\\\/uploads\\\/2023\\\/11\\\/Tinychat-icon-square.png\",\"contentUrl\":\"https:\\\/\\\/tinychat.com\\\/wp-content\\\/uploads\\\/2023\\\/11\\\/Tinychat-icon-square.png\",\"width\":284,\"height\":284,\"caption\":\"TinyChat\"},\"image\":{\"@id\":\"https:\\\/\\\/tinychat.com\\\/#\\\/schema\\\/logo\\\/image\\\/\"},\"sameAs\":[\"https:\\\/\\\/www.facebook.com\\\/tinychat\",\"https:\\\/\\\/x.com\\\/tinychat\"]}]}<\/script>\n<!-- \/ Yoast SEO plugin. -->","yoast_head_json":{"title":"Chatiw - Text-Chatr\u00e4ume zum Chatten mit Fremden - TinyChat.com","description":"Gef\u00e4llt Ihnen Chatiw? Schlie\u00dfen Sie sich \u00fcber 50.000.000 Fremden auf TinyChat an! Schalte deine Kamera ein und fange an, neue Leute zu treffen, oder finde einen Partner.","robots":{"index":"index","follow":"follow","max-snippet":"max-snippet:-1","max-image-preview":"max-image-preview:large","max-video-preview":"max-video-preview:-1"},"canonical":"https:\/\/tinychat.com\/de\/chatiw\/","og_locale":"de_DE","og_type":"article","og_title":"Chatiw - Text Chat Rooms to Chat with Strangers - TinyChat.com","og_description":"Enjoying Chatiw? Join over 50,000,000 strangers on TinyChat! Turn on your cam and start meeting new people, or find a match.","og_url":"https:\/\/tinychat.com\/de\/chatiw\/","og_site_name":"TinyChat","article_publisher":"https:\/\/www.facebook.com\/tinychat","article_modified_time":"2025-07-07T16:18:42+00:00","og_image":[{"width":1280,"height":284,"url":"https:\/\/tinychat.com\/wp-content\/uploads\/2020\/04\/Tinychat-logo-1280x284-new-black.png","type":"image\/png"}],"twitter_card":"summary_large_image","twitter_site":"@tinychat","twitter_misc":{"Gesch\u00e4tzte Lesezeit":"7\u00a0Minuten"},"schema":{"@context":"https:\/\/schema.org","@graph":[{"@type":"WebPage","@id":"https:\/\/tinychat.com\/chatiw\/","url":"https:\/\/tinychat.com\/chatiw\/","name":"Chatiw - Text-Chatr\u00e4ume zum Chatten mit Fremden - TinyChat.com","isPartOf":{"@id":"https:\/\/tinychat.com\/#website"},"datePublished":"2025-06-19T19:05:49+00:00","dateModified":"2025-07-07T16:18:42+00:00","description":"Gef\u00e4llt Ihnen Chatiw? Schlie\u00dfen Sie sich \u00fcber 50.000.000 Fremden auf TinyChat an! Schalte deine Kamera ein und fange an, neue Leute zu treffen, oder finde einen Partner.","breadcrumb":{"@id":"https:\/\/tinychat.com\/chatiw\/#breadcrumb"},"inLanguage":"de","potentialAction":[{"@type":"ReadAction","target":["https:\/\/tinychat.com\/chatiw\/"]}]},{"@type":"BreadcrumbList","@id":"https:\/\/tinychat.com\/chatiw\/#breadcrumb","itemListElement":[{"@type":"ListItem","position":1,"name":"Home","item":"https:\/\/tinychat.com\/"},{"@type":"ListItem","position":2,"name":"Chatiw"}]},{"@type":"WebSite","@id":"https:\/\/tinychat.com\/#website","url":"https:\/\/tinychat.com\/","name":"TinyChat","description":"Zuf\u00e4lliger Video-Chat mit Fremden","publisher":{"@id":"https:\/\/tinychat.com\/#organization"},"alternateName":"TinyChat.com","potentialAction":[{"@type":"SearchAction","target":{"@type":"EntryPoint","urlTemplate":"https:\/\/tinychat.com\/?s={search_term_string}"},"query-input":{"@type":"PropertyValueSpecification","valueRequired":true,"valueName":"search_term_string"}}],"inLanguage":"de"},{"@type":"Organization","@id":"https:\/\/tinychat.com\/#organization","name":"TinyChat","alternateName":"TinyChat.com","url":"https:\/\/tinychat.com\/","logo":{"@type":"ImageObject","inLanguage":"de","@id":"https:\/\/tinychat.com\/#\/schema\/logo\/image\/","url":"https:\/\/tinychat.com\/wp-content\/uploads\/2023\/11\/Tinychat-icon-square.png","contentUrl":"https:\/\/tinychat.com\/wp-content\/uploads\/2023\/11\/Tinychat-icon-square.png","width":284,"height":284,"caption":"TinyChat"},"image":{"@id":"https:\/\/tinychat.com\/#\/schema\/logo\/image\/"},"sameAs":["https:\/\/www.facebook.com\/tinychat","https:\/\/x.com\/tinychat"]}]}},"_links":{"self":[{"href":"https:\/\/tinychat.com\/de\/wp-json\/wp\/v2\/pages\/5113","targetHints":{"allow":["GET"]}}],"collection":[{"href":"https:\/\/tinychat.com\/de\/wp-json\/wp\/v2\/pages"}],"about":[{"href":"https:\/\/tinychat.com\/de\/wp-json\/wp\/v2\/types\/page"}],"author":[{"embeddable":true,"href":"https:\/\/tinychat.com\/de\/wp-json\/wp\/v2\/users\/6"}],"replies":[{"embeddable":true,"href":"https:\/\/tinychat.com\/de\/wp-json\/wp\/v2\/comments?post=5113"}],"version-history":[{"count":3,"href":"https:\/\/tinychat.com\/de\/wp-json\/wp\/v2\/pages\/5113\/revisions"}],"predecessor-version":[{"id":13288,"href":"https:\/\/tinychat.com\/de\/wp-json\/wp\/v2\/pages\/5113\/revisions\/13288"}],"wp:attachment":[{"href":"https:\/\/tinychat.com\/de\/wp-json\/wp\/v2\/media?parent=5113"}],"curies":[{"name":"wp","href":"https:\/\/api.w.org\/{rel}","templated":true}]}}