{"id":5268,"date":"2025-07-26T15:53:54","date_gmt":"2025-07-26T13:53:54","guid":{"rendered":"https:\/\/tinychat.com\/?page_id=5268"},"modified":"2025-07-26T18:20:07","modified_gmt":"2025-07-26T16:20:07","slug":"chatzy","status":"publish","type":"page","link":"https:\/\/tinychat.com\/de\/chatzy\/","title":{"rendered":"Chatzy"},"content":{"rendered":"<p>Da soziale Netzwerke und Chat-Plattformen immer gr\u00f6\u00dfer, lauter und \u00f6ffentlicher werden, gibt es eine wachsende Nachfrage nach Privatsph\u00e4re und Einfachheit - Orte, an denen Sie mit Freunden, Kollegen oder sogar Fremden sprechen k\u00f6nnen, ohne Ihre Gedanken der ganzen Welt mitzuteilen. Hier kommt Chatzy ins Spiel, eine der \u00e4ltesten und vertrauensw\u00fcrdigsten Plattformen im Internet, mit der Sie private Chat-R\u00e4ume erstellen, Gruppendiskussionen veranstalten und anonymen Text-Chat genie\u00dfen k\u00f6nnen - ohne Registrierung, Downloads oder Werbung, die Sie st\u00f6ren.<\/p>\n<p>Chatzy ist nicht nur eine weitere beliebige Video-Chat-Site oder ein sozialer Feed. Es ist ein leistungsstarker, flexibler und benutzerfreundlicher Raum, in dem Sie in Sekundenschnelle sichere Chatr\u00e4ume einrichten, Gruppendiskussionen verwalten, nur Personen Ihres Vertrauens einladen und \u00fcber alles M\u00f6gliche sprechen k\u00f6nnen - von Hobbys \u00fcber Hausaufgaben bis hin zu Selbsthilfegruppen. Ganz gleich, ob Sie als Lehrer einen Kurs veranstalten, als Gamer einen Raid planen, als Gruppe von Freunden sich austauschen oder als Fremder neue Gemeinschaften erkunden, Chatzy bietet die Werkzeuge f\u00fcr echte, sinnvolle und private Online-Unterhaltungen.<\/p>\n<p>In diesem ausf\u00fchrlichen Leitfaden erfahren Sie alles, was Sie \u00fcber Chatzy wissen m\u00fcssen: Funktionsweise, herausragende Funktionen, Benutzerfreundlichkeit, Datenschutz und Sicherheit, Vergleiche mit anderen Chat-Plattformen, Fehlerbehebung und Tipps zur optimalen Nutzung Ihrer Chatzy-R\u00e4ume.<\/p>\n<h2>Was ist Chatzy?<\/h2>\n<p>Chatzy ist eine webbasierte Chat-Plattform, mit der jeder private oder \u00f6ffentliche Chatr\u00e4ume f\u00fcr Gruppen- oder Einzelgespr\u00e4che einrichten kann. Im Gegensatz zu vielen anderen Chat-Apps muss keine Software installiert werden und f\u00fcr die meisten Funktionen ist keine Anmeldung erforderlich - Sie richten einfach einen Raum ein, teilen den Link und beginnen zu chatten.<\/p>\n<p>Gegr\u00fcndet in den fr\u00fchen 2000er Jahren, hat sich Chatzy einen Ruf als zuverl\u00e4ssige, schnelle und werbefreie L\u00f6sung f\u00fcr:<\/p>\n<ul>\n<li>Private Gruppenchats und Studiengruppen<\/li>\n<li>Veranstaltungsplanung und Hobbygemeinschaften<\/li>\n<li>Familienzimmer und Treffpunkte f\u00fcr Freunde<\/li>\n<li>Klassenzimmer und Nachhilfestunden<\/li>\n<li>Selbsthilfegruppen und sichere R\u00e4ume<\/li>\n<\/ul>\n<p>Mit dem Schwerpunkt auf Privatsph\u00e4re, Einfachheit und Benutzerkontrolle ist Chatzy nach wie vor ein Favorit bei Benutzern, die mehr als soziale Medien, aber weniger Chaos als \u00f6ffentliche Foren oder Discord-Server wollen.<\/p>\n<h2>Hauptmerkmale des Chatzy<\/h2>\n<p>Was macht Chatzy zu einer herausragenden Plattform f\u00fcr Online-Chats? Im Folgenden finden Sie eine Aufschl\u00fcsselung der wichtigsten Funktionen und was sie auszeichnet:<\/p>\n<h3>1. Sofortige Erstellung von Chatr\u00e4umen<\/h3>\n<p>Richten Sie in Sekundenschnelle einen Chat-Raum ein. Besuchen Sie einfach Chatzy, klicken Sie auf \"Eigenen Raum erstellen\", legen Sie einen Namen und (optional) ein Kennwort fest, und schon steht Ihnen ein privater Raum f\u00fcr Gespr\u00e4che zur Verf\u00fcgung.<\/p>\n<h3>2. Keine Downloads, keine Registrierung erforderlich<\/h3>\n<p>Chatzy ist 100% browserbasiert - es muss keine App installiert werden, und f\u00fcr die meisten R\u00e4ume ist keine E-Mail oder ein Profil erforderlich, um sie zu erstellen oder ihnen beizutreten. \u00d6ffnen Sie einfach den Link und beginnen Sie zu chatten.<\/p>\n<h3>3. Absolute Privatsph\u00e4re und Raumkontrolle<\/h3>\n<ul>\n<li>Private R\u00e4ume: Kontrollieren Sie, wer beitritt, indem Sie ein Passwort festlegen oder den Zugang beschr\u00e4nken.<\/li>\n<li>Verwaltungswerkzeuge: Benutzer sperren, kicken oder stummschalten, Zugangsvoraussetzungen festlegen und mehr.<\/li>\n<li>Anonymes Chatten: Benutzer k\u00f6nnen sich mit Spitznamen anmelden; sie m\u00fcssen keine pers\u00f6nlichen Daten preisgeben.<\/li>\n<\/ul>\n<h3>4. Gro\u00dfe Gruppe oder 1-on-1-Chat<\/h3>\n<ul>\n<li>Skalieren Sie nach Ihren Bed\u00fcrfnissen: Von vertraulichen Einzelgespr\u00e4chen bis hin zu Gruppen von 100+ Benutzern.<\/li>\n<li>Privatnachrichten: Senden Sie DMs innerhalb eines Raums f\u00fcr Nebengespr\u00e4che.<\/li>\n<\/ul>\n<h3>5. Umfangreiche Formatierung und gemeinsame Nutzung von Medien<\/h3>\n<ul>\n<li>Textformatierung: Verwenden Sie Farben, Fett- und Kursivdruck und vieles mehr f\u00fcr lebendige Diskussionen.<\/li>\n<li>Bild-, Link- und Dateifreigabe: Laden Sie Bilder hoch oder teilen Sie Dokumente auf sichere Weise.<\/li>\n<li>Emojis: Peppen Sie Ihre Nachrichten mit einer gro\u00dfen Auswahl an Emojis auf.<\/li>\n<\/ul>\n<h3>6. Individuelle Einladungen und Raumeinstellungen<\/h3>\n<ul>\n<li>Laden Sie per Link oder E-Mail ein: Geben Sie Ihren Raum mit einer eindeutigen URL frei, oder versenden Sie Einladungen per E-Mail direkt von Chatzy.<\/li>\n<li>Passen Sie Ihren Raum an: Legen Sie Willkommensnachrichten, Benutzerrollen, Zugangsregeln und Themen f\u00fcr jeden Raum fest.<\/li>\n<\/ul>\n<h3>7. T\u00e4tigkeitsprotokolle und Abschriften<\/h3>\n<ul>\n<li>Nachrichtenverlauf anzeigen: Bl\u00e4ttern Sie in den Chat-Protokollen zur\u00fcck oder exportieren Sie Abschriften f\u00fcr die sp\u00e4tere Verwendung - praktisch f\u00fcr Klassen, Meetings oder wichtige Diskussionen.<\/li>\n<\/ul>\n<h3>8. Farbkodierung und Benutzerkennzeichen<\/h3>\n<ul>\n<li>Weisen Sie den Nutzern Farben zu, um Unterhaltungen leichter verfolgen zu k\u00f6nnen.<\/li>\n<li>Benutzer-Tags\/Rollen f\u00fcr Administratoren, Lehrer oder besondere G\u00e4ste.<\/li>\n<\/ul>\n<h3>9. Optionale Registrierung f\u00fcr Power-User<\/h3>\n<ul>\n<li>Erstellen Sie ein kostenloses Chatzy-Konto, um Ihre Lieblingsr\u00e4ume zu verwalten, auf alle Ihre privaten Einladungen zuzugreifen und Ihr Chat-Erlebnis anzupassen.<\/li>\n<li>Premium-Funktionen: Gegen eine geringe Geb\u00fchr k\u00f6nnen Sie Extras wie unbegrenzte Nachrichten, gr\u00f6\u00dfere R\u00e4ume oder erweiterte Verwaltungsfunktionen freischalten.<\/li>\n<\/ul>\n<h2>So verwenden Sie Chatzy<\/h2>\n<p>Der Einstieg in Chatzy ist einfach, schnell und kostenlos. Hier finden Sie eine schrittweise Anleitung f\u00fcr neue und fortgeschrittene Benutzer:<\/p>\n<h3>Schritt 1: Besuchen Sie die Chatzy-Website<\/h3>\n<p>Gehen Sie in einem beliebigen Webbrowser auf chatzy.com.<\/p>\n<h3>Schritt 2: Einen Chat-Raum erstellen oder ihm beitreten<\/h3>\n<ul>\n<li>Erstellen Sie einen Raum: Klicken Sie auf \"Eigenen Raum erstellen\", geben Sie einen Raumnamen und (wenn Sie m\u00f6chten) ein Passwort oder Zugangsvoraussetzungen an.<\/li>\n<li>Einem Raum beitreten: Geben Sie den Einladungslink oder die Raum-URL ein, die Sie von einem Freund, einer Gruppe oder einem Lehrer erhalten haben.<\/li>\n<\/ul>\n<h3>Schritt 3: Legen Sie Ihren Spitznamen fest<\/h3>\n<p>Sie werden dann aufgefordert, einen Anzeigenamen einzugeben. Ein echter Name oder eine Registrierung ist nicht erforderlich.<\/p>\n<h3>Schritt 4: Andere einladen<\/h3>\n<p>Geben Sie die eindeutige Raum-URL weiter oder verwenden Sie das in Chatzy integrierte E-Mail-Einladungstool, um andere einzuladen.<\/p>\n<h3>Schritt 5: Anpassen und Verwalten des Raums<\/h3>\n<ul>\n<li>Willkommensnachrichten oder Regeln festlegen<\/li>\n<li>Rollen zuweisen (Admin, Moderator, Gast)<\/li>\n<li>Verwenden Sie die Raumeinstellungen, um den Zugang, den Verlauf oder die Benutzerberechtigungen zu verwalten.<\/li>\n<\/ul>\n<h3>Schritt 6: Chatten Sie!<\/h3>\n<p>Geben Sie Nachrichten ein, tauschen Sie Dateien aus, posten Sie Bilder oder Links, und unterhalten Sie sich in Echtzeit mit Ihrer Gruppe.<\/p>\n<h3>Schritt 7: Private Nachrichten oder Tags verwenden<\/h3>\n<p>Senden Sie Direktnachrichten an andere Benutzer im Raum oder markieren Sie Teilnehmer, um die \u00dcbersichtlichkeit zu erh\u00f6hen.<\/p>\n<h3>Schritt 8: Chatprotokolle exportieren oder speichern (falls erforderlich)<\/h3>\n<p>F\u00fcr Besprechungen, Studiengruppen oder wichtige Ereignisse k\u00f6nnen Sie den Chatverlauf als Referenz exportieren.<\/p>\n<h2>Benutzererfahrung mit Chatzy<\/h2>\n<p>Die Benutzerfreundlichkeit des Chatzy ist auf Datenschutz, Kontrolle und Flexibilit\u00e4t ausgerichtet, ohne dabei auf Einfachheit zu verzichten.<\/p>\n<h3>Was Benutzer lieben<\/h3>\n<ul>\n<li>Keine Registrierung oder Download-Probleme: Nur ein Link, und schon sind Sie dabei.<\/li>\n<li>Volle Privatsph\u00e4re: Die Raumersteller kontrollieren, wer beitritt, was sichtbar ist und wer sprechen darf.<\/li>\n<li>Gruppe oder 1-on-1: Anpassungsf\u00e4hig f\u00fcr jedes Szenario, von der privaten Therapie bis zu gro\u00dfen Veranstaltungen.<\/li>\n<li>Anpassbare Erfahrung: Admins legen Themen, Regeln und mehr fest.<\/li>\n<li>Minimale Werbung: Selbst kostenlose Nutzer werden fast nicht abgelenkt.<\/li>\n<li>Text-, Medien- und Dateifreigabe: Ideal f\u00fcr Klassen, Arbeit oder Freundeskreise.<\/li>\n<\/ul>\n<h3>Wo die Nutzer Raum f\u00fcr Verbesserungen sehen<\/h3>\n<ul>\n<li>Die Benutzeroberfl\u00e4che ist im Vergleich zu modernen Anwendungen einfach gehalten (aber manche bevorzugen diese Einfachheit).<\/li>\n<li>Kein Video- oder Audio-Chat (Chatzy ist textbasiert).<\/li>\n<li>Gelegentlicher Spam (private R\u00e4ume mit Passw\u00f6rtern beseitigen dieses Problem).<\/li>\n<li>Einige Funktionen - wie gr\u00f6\u00dfere R\u00e4ume oder erweiterte Steuerungen - sind nur im Premiumsegment erh\u00e4ltlich.<\/li>\n<\/ul>\n<h3>Echtes Benutzer-Feedback<\/h3>\n<blockquote><p>\"Wir verwenden Chatzy f\u00fcr unsere Fernstudiengruppe. Es ist privat, sicher und wir k\u00f6nnen unsere Chatprotokolle zur \u00dcberpr\u00fcfung speichern.\"<br \/>\n- <em>Melissa J., Trustpilot<\/em><\/p><\/blockquote>\n<blockquote><p>\"Ich brauche keine Downloads oder Apps. Ich schicke meinem Team einen Link und wir k\u00f6nnen in Sekundenschnelle zusammenarbeiten.\"<br \/>\n- <em>Rajiv S., Google Bewertungen<\/em><\/p><\/blockquote>\n<blockquote><p>\"Ich finde es toll, dass ich R\u00e4ume f\u00fcr alles M\u00f6gliche einrichten kann - Buchklub, Familienchat, Selbsthilfegruppe. Es funktioniert einfach.\"<br \/>\n- <em>Nina P., App Store<\/em><\/p><\/blockquote>\n<h2>Chatzy im Vergleich zu anderen Chat-Plattformen<\/h2>\n<p>Wie schneidet Chatzy im Vergleich zu den bekanntesten Gruppen- und Privat-Chat-Anwendungen ab?<\/p>\n<table>\n<thead>\n<tr>\n<th>Merkmal<\/th>\n<th>Chatzy<\/th>\n<th>Yesichat<\/th>\n<th>Chat Avenue<\/th>\n<th>Diskord<\/th>\n<th>Slack<\/th>\n<th>Telegramm<\/th>\n<th>WhatsApp<\/th>\n<\/tr>\n<\/thead>\n<tbody>\n<tr>\n<td>Keine Anmeldung erforderlich<\/td>\n<td>\u2705 Ja<\/td>\n<td>\u2705 Ja<\/td>\n<td>\u2705 Ja<\/td>\n<td>\u274c Nein<\/td>\n<td>\u274c Nein<\/td>\n<td>\u274c Nein<\/td>\n<td>\u274c Nein<\/td>\n<\/tr>\n<tr>\n<td>Gruppen-Chatr\u00e4ume<\/td>\n<td>\u2705 Ja<\/td>\n<td>\u2705 Ja<\/td>\n<td>\u2705 Ja<\/td>\n<td>\u2705 Ja<\/td>\n<td>\u2705 Ja<\/td>\n<td>\u2705 Ja<\/td>\n<td>\u2705 Ja<\/td>\n<\/tr>\n<tr>\n<td>Privater Chat<\/td>\n<td>\u2705 Ja<\/td>\n<td>\u2705 Ja<\/td>\n<td>\u2705 Ja<\/td>\n<td>\u2705 Ja<\/td>\n<td>\u2705 Ja<\/td>\n<td>\u2705 Ja<\/td>\n<td>\u2705 Ja<\/td>\n<\/tr>\n<tr>\n<td>Video-\/Audio-Chat<\/td>\n<td>\u274c Nein<\/td>\n<td>\u2705 Ja<\/td>\n<td>\u2705 Ja<\/td>\n<td>\u2705 Ja<\/td>\n<td>\u2705 Ja<\/td>\n<td>\u2705 Ja<\/td>\n<td>\u2705 Ja<\/td>\n<\/tr>\n<tr>\n<td>Anonyme Nutzung<\/td>\n<td>\u2705 Ja<\/td>\n<td>\u2705 Ja<\/td>\n<td>\u2705 Ja<\/td>\n<td>\u274c Nein<\/td>\n<td>\u274c Nein<\/td>\n<td>\u26a0\ufe0f Begrenzt<\/td>\n<td>\u26a0\ufe0f Begrenzt<\/td>\n<\/tr>\n<tr>\n<td>Keine Downloads erforderlich<\/td>\n<td>\u2705 Ja<\/td>\n<td>\u2705 Ja<\/td>\n<td>\u2705 Ja<\/td>\n<td>\u274c Nein<\/td>\n<td>\u274c Nein<\/td>\n<td>\u26a0\ufe0f Mobil<\/td>\n<td>\u26a0\ufe0f Mobil<\/td>\n<\/tr>\n<tr>\n<td>Textformatierung<\/td>\n<td>\u2705 Ja<\/td>\n<td>\u2705 Begrenzt<\/td>\n<td>\u274c Nein<\/td>\n<td>\u2705 Ja<\/td>\n<td>\u2705 Ja<\/td>\n<td>\u2705 Begrenzt<\/td>\n<td>\u2705 Begrenzt<\/td>\n<\/tr>\n<tr>\n<td>Gemeinsame Nutzung von Dateien\/Bildern<\/td>\n<td>\u2705 Ja<\/td>\n<td>\u2705 Ja<\/td>\n<td>\u2705 Ja<\/td>\n<td>\u2705 Ja<\/td>\n<td>\u2705 Ja<\/td>\n<td>\u2705 Ja<\/td>\n<td>\u2705 Ja<\/td>\n<\/tr>\n<tr>\n<td>Benutzerdefinierte Raumsteuerung<\/td>\n<td>\u2705 Ja<\/td>\n<td>\u2705 Begrenzt<\/td>\n<td>\u2705 Ja<\/td>\n<td>\u2705 Ja<\/td>\n<td>\u2705 Ja<\/td>\n<td>\u2705 Ja<\/td>\n<td>\u274c Nein<\/td>\n<\/tr>\n<\/tbody>\n<\/table>\n<p>Zusammenfassung: Chatzy ist ein einzigartiger, sofortiger, browserbasierter, privater Gruppentext-Chat - ohne Anmeldung oder App. Damit ist er ideal f\u00fcr Klassenr\u00e4ume, Familien, privaten Support und jede Gruppe, die Sicherheit und Einfachheit sucht.<\/p>\n<h2>Ist Chatzy sicher?<\/h2>\n<p>Das Chatzy stellt Datenschutz und Benutzerkontrolle in den Mittelpunkt:<\/p>\n<ul>\n<li>Private R\u00e4ume: Legen Sie Passw\u00f6rter fest, schr\u00e4nken Sie den Zugang ein, und treten Sie Benutzer bei Bedarf aus oder sperren Sie sie.<\/li>\n<li>Keine pers\u00f6nlichen Daten erforderlich: Verwenden Sie nur Spitznamen; f\u00fcr die grundlegende Nutzung sind weder E-Mail noch Telefonnummer erforderlich.<\/li>\n<li>Nur direkte Links: Teilen Sie Ihren Raum nur mit Personen, denen Sie vertrauen; private R\u00e4ume werden nicht \u00f6ffentlich aufgelistet.<\/li>\n<li>Keine auf \u00f6ffentlichen Servern gespeicherten Chat-Protokolle: Sie kontrollieren Ihre eigenen Abschriften.<\/li>\n<li>Minimale Werbung oder Tracking durch Dritte: Die Plattform basiert auf dem Vertrauen der Nutzer, nicht auf Werbeeinnahmen.<\/li>\n<\/ul>\n<h3>Sicherheitstipps<\/h3>\n<ul>\n<li>Verwenden Sie sichere Passw\u00f6rter f\u00fcr private R\u00e4ume.<\/li>\n<li>Teilen Sie Ihren Raum-Link nur mit vertrauensw\u00fcrdigen Personen.<\/li>\n<li>Kicken oder sperren Sie unerw\u00fcnschte Benutzer sofort.<\/li>\n<li>Geben Sie keine sensiblen Informationen in Chatrooms weiter (auch nicht in privaten).<\/li>\n<li>Verwenden Sie bei Bedarf private Nachrichten f\u00fcr pers\u00f6nliche Gespr\u00e4che.<\/li>\n<\/ul>\n<h2>Tipps zur optimalen Nutzung von Chatzy<\/h2>\n<ul>\n<li>Perfekt f\u00fcr Lehrer und Lerngruppen: Veranstalten Sie virtuelle Klassen, weisen Sie Rollen zu, und speichern Sie Chatprotokolle f\u00fcr Hausaufgaben.<\/li>\n<li>Familien- oder Freundesr\u00e4ume: Erstellen Sie fortlaufende Chatr\u00e4ume, um ohne Gruppentexte oder un\u00fcbersichtliche Apps in Kontakt zu bleiben.<\/li>\n<li>Legen Sie ein Passwort fest: F\u00fcr maximale Privatsph\u00e4re sollten Sie wichtige R\u00e4ume immer mit einem Passwort sch\u00fctzen.<\/li>\n<li>Verwenden Sie Formatierungen und Farben: Machen Sie Chats lebendig und leichter lesbar.<\/li>\n<li>Exportieren Sie Abschriften: Speichern Sie wichtige Diskussionen, Besprechungsnotizen oder kreative Sitzungen.<\/li>\n<li>Weisen Sie Benutzerrollen zu: Sorgen Sie f\u00fcr Ordnung in gro\u00dfen R\u00e4umen, indem Sie vertrauensw\u00fcrdigen Benutzern Moderatorenrechte zuweisen.<\/li>\n<li>Passen Sie Ihr Zimmer an: \u00c4ndern Sie Themen, legen Sie Regeln fest, und schreiben Sie eine Willkommensnachricht, um den Ton anzugeben.<\/li>\n<li>Einfacher Ger\u00e4tewechsel: Da das Chatzy browserbasiert ist, funktioniert es auf jedem Computer, Telefon oder Tablet - ganz ohne Downloads.<\/li>\n<\/ul>\n<h2>Fehlersuche bei h\u00e4ufigen Chatzy-Problemen<\/h2>\n<h3>Kann einen Raum nicht betreten<\/h3>\n<p>Pr\u00fcfen Sie, ob f\u00fcr den Raum ein Passwort erforderlich ist; wenden Sie sich f\u00fcr den Zugang an den Administrator. Vergewissern Sie sich, dass Sie den richtigen Link verwenden.<\/p>\n<h3>Spam oder unerw\u00fcnschte Benutzer<\/h3>\n<p>Verwenden Sie immer passwortgesch\u00fctzte R\u00e4ume. Verwenden Sie das Admin-Panel, um St\u00f6renfriede sofort zu sperren oder stumm zu schalten.<\/p>\n<h3>Verlorene Chat-Protokolle<\/h3>\n<p>Exportieren Sie wichtige Abschriften regelm\u00e4\u00dfig; bei Browserabst\u00fcrzen oder dem Schlie\u00dfen von Registerkarten kann der ungespeicherte Verlauf verloren gehen.<\/p>\n<h3>Bild- oder Dateifreigabe funktioniert nicht<\/h3>\n<p>\u00dcberpr\u00fcfen Sie den Dateityp und die Gr\u00f6\u00dfenbeschr\u00e4nkungen. Vergewissern Sie sich, dass Ihr Browser aktualisiert ist und die erforderlichen Funktionen unterst\u00fctzt.<\/p>\n<h3>Formatierung und Farben k\u00f6nnen nicht verwendet werden<\/h3>\n<p>Informationen zu den korrekten Formatierungscodes und der Syntax finden Sie in der Hilfe des Chatzy.<\/p>\n<p>Auf jeden Fall - vor allem f\u00fcr alle, die ein privates, flexibles und zuverl\u00e4ssiges Chatroom-Erlebnis ohne die Schwierigkeiten moderner sozialer Netzwerke suchen. Chatzy bietet einen reinen, anpassbaren Gruppenchat ohne Anmeldung, ohne Downloads und mit voller Benutzerkontrolle.<\/p>\n<p>Ganz gleich, ob Sie einen Kurs veranstalten, eine Selbsthilfegruppe leiten, eine Veranstaltung planen oder einfach nur Ihren Freundeskreis zusammenhalten wollen - Chatzy ist eine zeitlose und bew\u00e4hrte L\u00f6sung, die heute noch genauso aktuell ist wie bei ihrer Einf\u00fchrung.<\/p>\n<p>Besuchen Sie chatzy.com, richten Sie Ihren Chat-Raum ein und beginnen Sie Ihre n\u00e4chste Unterhaltung in Sekundenschnelle.<\/p>","protected":false},"excerpt":{"rendered":"<p>As social networks and chat platforms get bigger, noisier, and more public, there\u2019s a growing demand for privacy and simplicity\u2014places where you can talk with friends, colleagues, or even strangers without broadcasting your thoughts to the whole world. Enter Chatzy, one of the web\u2019s longest-running, most trusted platforms for creating private chat rooms, hosting group [&hellip;]<\/p>\n","protected":false},"author":6,"featured_media":0,"parent":0,"menu_order":0,"comment_status":"closed","ping_status":"closed","template":"","meta":{"footnotes":""},"class_list":["post-5268","page","type-page","status-publish","hentry"],"yoast_head":"<!-- This site is optimized with the Yoast SEO plugin v27.4 - https:\/\/yoast.com\/product\/yoast-seo-wordpress\/ -->\n<title>Chatzy - Free Private Chat Rooms - TinyChat.com<\/title>\n<meta name=\"description\" content=\"Enjoying Chatzy? Join over 50,000,000 strangers on TinyChat! Turn on your cam and start meeting new people, or find a match.\" \/>\n<meta name=\"robots\" content=\"index, follow, max-snippet:-1, max-image-preview:large, max-video-preview:-1\" \/>\n<link rel=\"canonical\" href=\"https:\/\/tinychat.com\/de\/chatzy\/\" \/>\n<meta property=\"og:locale\" content=\"de_DE\" \/>\n<meta property=\"og:type\" content=\"article\" \/>\n<meta property=\"og:title\" content=\"Chatzy - Free Private Chat Rooms - TinyChat.com\" \/>\n<meta property=\"og:description\" content=\"Enjoying Chatzy? Join over 50,000,000 strangers on TinyChat! Turn on your cam and start meeting new people, or find a match.\" \/>\n<meta property=\"og:url\" content=\"https:\/\/tinychat.com\/de\/chatzy\/\" \/>\n<meta property=\"og:site_name\" content=\"TinyChat\" \/>\n<meta property=\"article:publisher\" content=\"https:\/\/www.facebook.com\/tinychat\" \/>\n<meta property=\"article:modified_time\" content=\"2025-07-26T16:20:07+00:00\" \/>\n<meta property=\"og:image\" content=\"https:\/\/tinychat.com\/wp-content\/uploads\/2020\/04\/Tinychat-logo-1280x284-new-black.png\" \/>\n\t<meta property=\"og:image:width\" content=\"1280\" \/>\n\t<meta property=\"og:image:height\" content=\"284\" \/>\n\t<meta property=\"og:image:type\" content=\"image\/png\" \/>\n<meta name=\"twitter:card\" content=\"summary_large_image\" \/>\n<meta name=\"twitter:site\" content=\"@tinychat\" \/>\n<meta name=\"twitter:label1\" content=\"Gesch\u00e4tzte Lesezeit\" \/>\n\t<meta name=\"twitter:data1\" content=\"8\u00a0Minuten\" \/>\n<script type=\"application\/ld+json\" class=\"yoast-schema-graph\">{\"@context\":\"https:\\\/\\\/schema.org\",\"@graph\":[{\"@type\":\"WebPage\",\"@id\":\"https:\\\/\\\/tinychat.com\\\/chatzy\\\/\",\"url\":\"https:\\\/\\\/tinychat.com\\\/chatzy\\\/\",\"name\":\"Chatzy - Free Private Chat Rooms - TinyChat.com\",\"isPartOf\":{\"@id\":\"https:\\\/\\\/tinychat.com\\\/#website\"},\"datePublished\":\"2025-07-26T13:53:54+00:00\",\"dateModified\":\"2025-07-26T16:20:07+00:00\",\"description\":\"Enjoying Chatzy? Join over 50,000,000 strangers on TinyChat! Turn on your cam and start meeting new people, or find a match.\",\"breadcrumb\":{\"@id\":\"https:\\\/\\\/tinychat.com\\\/chatzy\\\/#breadcrumb\"},\"inLanguage\":\"de\",\"potentialAction\":[{\"@type\":\"ReadAction\",\"target\":[\"https:\\\/\\\/tinychat.com\\\/chatzy\\\/\"]}]},{\"@type\":\"BreadcrumbList\",\"@id\":\"https:\\\/\\\/tinychat.com\\\/chatzy\\\/#breadcrumb\",\"itemListElement\":[{\"@type\":\"ListItem\",\"position\":1,\"name\":\"Home\",\"item\":\"https:\\\/\\\/tinychat.com\\\/\"},{\"@type\":\"ListItem\",\"position\":2,\"name\":\"Chatzy\"}]},{\"@type\":\"WebSite\",\"@id\":\"https:\\\/\\\/tinychat.com\\\/#website\",\"url\":\"https:\\\/\\\/tinychat.com\\\/\",\"name\":\"TinyChat\",\"description\":\"Random Video Chat with Strangers\",\"publisher\":{\"@id\":\"https:\\\/\\\/tinychat.com\\\/#organization\"},\"alternateName\":\"TinyChat.com\",\"potentialAction\":[{\"@type\":\"SearchAction\",\"target\":{\"@type\":\"EntryPoint\",\"urlTemplate\":\"https:\\\/\\\/tinychat.com\\\/?s={search_term_string}\"},\"query-input\":{\"@type\":\"PropertyValueSpecification\",\"valueRequired\":true,\"valueName\":\"search_term_string\"}}],\"inLanguage\":\"de\"},{\"@type\":\"Organization\",\"@id\":\"https:\\\/\\\/tinychat.com\\\/#organization\",\"name\":\"TinyChat\",\"alternateName\":\"TinyChat.com\",\"url\":\"https:\\\/\\\/tinychat.com\\\/\",\"logo\":{\"@type\":\"ImageObject\",\"inLanguage\":\"de\",\"@id\":\"https:\\\/\\\/tinychat.com\\\/#\\\/schema\\\/logo\\\/image\\\/\",\"url\":\"https:\\\/\\\/tinychat.com\\\/wp-content\\\/uploads\\\/2023\\\/11\\\/Tinychat-icon-square.png\",\"contentUrl\":\"https:\\\/\\\/tinychat.com\\\/wp-content\\\/uploads\\\/2023\\\/11\\\/Tinychat-icon-square.png\",\"width\":284,\"height\":284,\"caption\":\"TinyChat\"},\"image\":{\"@id\":\"https:\\\/\\\/tinychat.com\\\/#\\\/schema\\\/logo\\\/image\\\/\"},\"sameAs\":[\"https:\\\/\\\/www.facebook.com\\\/tinychat\",\"https:\\\/\\\/x.com\\\/tinychat\"]}]}<\/script>\n<!-- \/ Yoast SEO plugin. -->","yoast_head_json":{"title":"Chatzy - Kostenlose private Chatr\u00e4ume - TinyChat.com","description":"Gef\u00e4llt Ihnen Chatzy? Schlie\u00dfen Sie sich \u00fcber 50.000.000 Fremden auf TinyChat an! Schalten Sie Ihre Kamera ein und lernen Sie neue Leute kennen, oder finden Sie einen Partner.","robots":{"index":"index","follow":"follow","max-snippet":"max-snippet:-1","max-image-preview":"max-image-preview:large","max-video-preview":"max-video-preview:-1"},"canonical":"https:\/\/tinychat.com\/de\/chatzy\/","og_locale":"de_DE","og_type":"article","og_title":"Chatzy - Free Private Chat Rooms - TinyChat.com","og_description":"Enjoying Chatzy? Join over 50,000,000 strangers on TinyChat! Turn on your cam and start meeting new people, or find a match.","og_url":"https:\/\/tinychat.com\/de\/chatzy\/","og_site_name":"TinyChat","article_publisher":"https:\/\/www.facebook.com\/tinychat","article_modified_time":"2025-07-26T16:20:07+00:00","og_image":[{"width":1280,"height":284,"url":"https:\/\/tinychat.com\/wp-content\/uploads\/2020\/04\/Tinychat-logo-1280x284-new-black.png","type":"image\/png"}],"twitter_card":"summary_large_image","twitter_site":"@tinychat","twitter_misc":{"Gesch\u00e4tzte Lesezeit":"8\u00a0Minuten"},"schema":{"@context":"https:\/\/schema.org","@graph":[{"@type":"WebPage","@id":"https:\/\/tinychat.com\/chatzy\/","url":"https:\/\/tinychat.com\/chatzy\/","name":"Chatzy - Kostenlose private Chatr\u00e4ume - TinyChat.com","isPartOf":{"@id":"https:\/\/tinychat.com\/#website"},"datePublished":"2025-07-26T13:53:54+00:00","dateModified":"2025-07-26T16:20:07+00:00","description":"Gef\u00e4llt Ihnen Chatzy? Schlie\u00dfen Sie sich \u00fcber 50.000.000 Fremden auf TinyChat an! Schalten Sie Ihre Kamera ein und lernen Sie neue Leute kennen, oder finden Sie einen Partner.","breadcrumb":{"@id":"https:\/\/tinychat.com\/chatzy\/#breadcrumb"},"inLanguage":"de","potentialAction":[{"@type":"ReadAction","target":["https:\/\/tinychat.com\/chatzy\/"]}]},{"@type":"BreadcrumbList","@id":"https:\/\/tinychat.com\/chatzy\/#breadcrumb","itemListElement":[{"@type":"ListItem","position":1,"name":"Home","item":"https:\/\/tinychat.com\/"},{"@type":"ListItem","position":2,"name":"Chatzy"}]},{"@type":"WebSite","@id":"https:\/\/tinychat.com\/#website","url":"https:\/\/tinychat.com\/","name":"TinyChat","description":"Zuf\u00e4lliger Video-Chat mit Fremden","publisher":{"@id":"https:\/\/tinychat.com\/#organization"},"alternateName":"TinyChat.com","potentialAction":[{"@type":"SearchAction","target":{"@type":"EntryPoint","urlTemplate":"https:\/\/tinychat.com\/?s={search_term_string}"},"query-input":{"@type":"PropertyValueSpecification","valueRequired":true,"valueName":"search_term_string"}}],"inLanguage":"de"},{"@type":"Organization","@id":"https:\/\/tinychat.com\/#organization","name":"TinyChat","alternateName":"TinyChat.com","url":"https:\/\/tinychat.com\/","logo":{"@type":"ImageObject","inLanguage":"de","@id":"https:\/\/tinychat.com\/#\/schema\/logo\/image\/","url":"https:\/\/tinychat.com\/wp-content\/uploads\/2023\/11\/Tinychat-icon-square.png","contentUrl":"https:\/\/tinychat.com\/wp-content\/uploads\/2023\/11\/Tinychat-icon-square.png","width":284,"height":284,"caption":"TinyChat"},"image":{"@id":"https:\/\/tinychat.com\/#\/schema\/logo\/image\/"},"sameAs":["https:\/\/www.facebook.com\/tinychat","https:\/\/x.com\/tinychat"]}]}},"_links":{"self":[{"href":"https:\/\/tinychat.com\/de\/wp-json\/wp\/v2\/pages\/5268","targetHints":{"allow":["GET"]}}],"collection":[{"href":"https:\/\/tinychat.com\/de\/wp-json\/wp\/v2\/pages"}],"about":[{"href":"https:\/\/tinychat.com\/de\/wp-json\/wp\/v2\/types\/page"}],"author":[{"embeddable":true,"href":"https:\/\/tinychat.com\/de\/wp-json\/wp\/v2\/users\/6"}],"replies":[{"embeddable":true,"href":"https:\/\/tinychat.com\/de\/wp-json\/wp\/v2\/comments?post=5268"}],"version-history":[{"count":3,"href":"https:\/\/tinychat.com\/de\/wp-json\/wp\/v2\/pages\/5268\/revisions"}],"predecessor-version":[{"id":13368,"href":"https:\/\/tinychat.com\/de\/wp-json\/wp\/v2\/pages\/5268\/revisions\/13368"}],"wp:attachment":[{"href":"https:\/\/tinychat.com\/de\/wp-json\/wp\/v2\/media?parent=5268"}],"curies":[{"name":"wp","href":"https:\/\/api.w.org\/{rel}","templated":true}]}}