{"id":8192,"date":"2025-08-18T09:10:14","date_gmt":"2025-08-18T07:10:14","guid":{"rendered":"https:\/\/tinychat.com\/?page_id=8192"},"modified":"2025-08-18T10:11:49","modified_gmt":"2025-08-18T08:11:49","slug":"voojio","status":"publish","type":"page","link":"https:\/\/tinychat.com\/de\/voojio\/","title":{"rendered":"Voojio"},"content":{"rendered":"<p>Im Internet gibt es unz\u00e4hlige M\u00f6glichkeiten, Kontakte zu kn\u00fcpfen, aber nur wenige Dinge sind mit dem Nervenkitzel vergleichbar, den es bedeutet, jemand Neues in einem zuf\u00e4lligen Video-Chat kennenzulernen. Plattformen wie Voojio haben diesen Nervenkitzel angezapft, indem sie R\u00e4ume geschaffen haben, in denen sich Fremde aus allen Ecken der Welt sofort treffen k\u00f6nnen - von Angesicht zu Angesicht, in Echtzeit und ohne die Barrieren von Profilen oder langen Anmeldungen.<\/p>\n<p>Im Gegensatz zu kuratierten sozialen Feeds setzt Voojio auf Authentizit\u00e4t und Spontaneit\u00e4t. Jeder neue Chat k\u00f6nnte einen Freund, ein Lachen oder sogar eine lebensver\u00e4ndernde Verbindung bringen. In diesem Artikel gehen wir der Frage nach, was Voojio auszeichnet, wie es funktioniert und warum es bei Fans von Plattformen wie Omegle, Chatroulette und ChatHub auf Interesse st\u00f6\u00dft.<\/p>\n<h2>Was ist Voojio?<\/h2>\n<p>Voojio ist ein zuf\u00e4lliger Video-Chat-Dienst, der darauf ausgelegt ist, Menschen sofort \u00fcber Video, Audio oder Text zu verbinden. Im Kern geht es darum, eine Umgebung zu schaffen, in der es einfach, sicher und unterhaltsam ist, neue Leute kennenzulernen. Sie m\u00fcssen weder ein Profil erstellen noch bezahlen, um loszulegen. Stattdessen klickt man einfach, findet zusammen und unterh\u00e4lt sich.<\/p>\n<p>Es ist Teil einer wachsenden Welle von modernen Alternativen zu \u00e4lteren Plattformen wie Omegle. Durch die Hinzuf\u00fcgung von aktualisierten Filtern, fl\u00fcssigerer Videoqualit\u00e4t und eingebauten Sicherheitstools bietet Voojio ein ausgefeilteres Erlebnis, w\u00e4hrend der Nervenkitzel des zuf\u00e4lligen Chats intakt bleibt.<\/p>\n<h2>Hauptmerkmale von Voojio<\/h2>\n<p>Der Erfolg des Voojio beruht auf der Kombination von Einfachheit mit Funktionen, die die Sicherheit und die Kontrolle des Benutzers verbessern. Hier ist ein genauerer Blick:<\/p>\n<h3>1. Sofortiger Abgleich<\/h3>\n<ul>\n<li>Verbinden Sie sich in Sekundenschnelle mit einem Fremden.<\/li>\n<li>Verwenden Sie \"Weiter\", wenn Sie bereit sind, weiterzugehen.<\/li>\n<li>Schnell und reibungslos mit minimalen Wartezeiten.<\/li>\n<\/ul>\n<h3>2. Globale Verbindungen<\/h3>\n<ul>\n<li>Treffen Sie Nutzer aus der ganzen Welt.<\/li>\n<li>Oder filtern Sie die Treffer nach Ort, wenn Sie das bevorzugen.<\/li>\n<\/ul>\n<h3>3. Gender-Filter<\/h3>\n<ul>\n<li>Verfeinern Sie Ihre Treffer nach Geschlecht, um pers\u00f6nlichere Konversationen zu f\u00fchren.<\/li>\n<li>Hilft, wenn Sie eine bestimmte Art von Interaktion w\u00fcnschen.<\/li>\n<\/ul>\n<h3>4. Text- und Video-Optionen<\/h3>\n<ul>\n<li>Wechseln Sie nahtlos zwischen Video-, Audio- und Text-Chat.<\/li>\n<li>Ideal, wenn Sie sich in einer lauten Umgebung befinden oder textbasierte Einf\u00fchrungen bevorzugen.<\/li>\n<\/ul>\n<h3>5. Benutzerfreundliche Schnittstelle<\/h3>\n<ul>\n<li>Sauberes, \u00fcbersichtliches Design f\u00fcr Desktop und Handy.<\/li>\n<li>F\u00fcr Neulinge leicht zu navigieren.<\/li>\n<\/ul>\n<h3>6. Option \"Freunde &amp; Wiederverbinden<\/h3>\n<ul>\n<li>Speichern Sie Ihre Lieblingsverbindungen und kehren Sie sp\u00e4ter zur\u00fcck.<\/li>\n<li>Reduziert die Frustration \u00fcber den Verlust interessanter Chats.<\/li>\n<\/ul>\n<h3>7. Eingebaute Sicherheitstools<\/h3>\n<ul>\n<li>Schnellmelde- und Sperrschaltfl\u00e4chen.<\/li>\n<li>Die Moderation filtert beleidigende oder sch\u00e4dliche Inhalte heraus.<\/li>\n<\/ul>\n<h2>So verwenden Sie Voojio<\/h2>\n<p>Eine Unterhaltung \u00fcber Voojio zu beginnen ist einfach und erfordert keine technischen Kenntnisse.<\/p>\n<h3>Schritt 1: Besuchen Sie die Website<\/h3>\n<ul>\n<li>\u00d6ffnen Sie Voojio in Ihrem Browser oder auf Ihrem mobilen Ger\u00e4t.<\/li>\n<li>Keine Anmeldung erforderlich.<\/li>\n<\/ul>\n<h3>Schritt 2: Aktivieren von Kamera und Mikrofon<\/h3>\n<ul>\n<li>Erm\u00f6glichen Sie den Zugang f\u00fcr reibungslose Videochats.<\/li>\n<li>\u00dcberpr\u00fcfen Sie Ihre Ger\u00e4teeinstellungen, wenn es Probleme gibt.<\/li>\n<\/ul>\n<h3>Schritt 3: Filter anwenden<\/h3>\n<ul>\n<li>W\u00e4hlen Sie den gew\u00fcnschten Ort oder das gew\u00fcnschte Geschlecht (optional).<\/li>\n<li>Lassen Sie die Filter f\u00fcr volle Zuf\u00e4lligkeit ausgeschaltet.<\/li>\n<\/ul>\n<h3>Schritt 4: Chatten beginnen<\/h3>\n<ul>\n<li>Klicken Sie auf \"Start\", um eine sofortige Verbindung herzustellen.<\/li>\n<li>Mit \"Weiter\" k\u00f6nnen Sie jederzeit weitergehen.<\/li>\n<\/ul>\n<h3>Schritt 5: Freunde hinzuf\u00fcgen oder Erkundung fortsetzen<\/h3>\n<ul>\n<li>Chatten Sie weiter mit Menschen, die Sie m\u00f6gen.<\/li>\n<li>Oder springen Sie zur\u00fcck in den Pool der Zufallsspiele.<\/li>\n<\/ul>\n<h2>Benutzererfahrung mit Voojio<\/h2>\n<p>Das minimalistische Design macht das Voojio benutzerfreundlich, w\u00e4hrend seine Funktionen dem Benutzer Flexibilit\u00e4t bieten.<\/p>\n<h3>Was Benutzer m\u00f6gen<\/h3>\n<ul>\n<li>Sofortige Zufallsverbindungen.<\/li>\n<li>Hochwertige Video- und Audioqualit\u00e4t.<\/li>\n<li>Filter, die tats\u00e4chlich funktionieren.<\/li>\n<li>Sicherheit steht an erster Stelle.<\/li>\n<\/ul>\n<h3>Was Nutzer nicht m\u00f6gen<\/h3>\n<ul>\n<li>Einige Filter k\u00f6nnen auf Premium beschr\u00e4nkt sein.<\/li>\n<li>Kleinerer Benutzerstamm als gr\u00f6\u00dfere Namen wie Omegle.<\/li>\n<li>Weniger App-Integrationen im Vergleich zu Azar oder LivU.<\/li>\n<\/ul>\n<h2>Voojio im Vergleich zu anderen Plattformen<\/h2>\n<table>\n<thead>\n<tr>\n<th>Merkmal<\/th>\n<th>Voojio<\/th>\n<th>Omegle<\/th>\n<th>Chatroulette<\/th>\n<th>ChatHub<\/th>\n<th>LuckyCrush<\/th>\n<th>Azar<\/th>\n<\/tr>\n<\/thead>\n<tbody>\n<tr>\n<td>Random Video Chat mit Fremden<\/td>\n<td>\u2705 Ja<\/td>\n<td>\u2705 Ja<\/td>\n<td>\u2705 Ja<\/td>\n<td>\u2705 Ja<\/td>\n<td>\u2705 Ja<\/td>\n<td>\u2705 Ja<\/td>\n<\/tr>\n<tr>\n<td>Geschlecht\/Ort-Filter<\/td>\n<td>\u2705 Ja<\/td>\n<td>\u274c Nein<\/td>\n<td>\u274c Begrenzt<\/td>\n<td>\u2705 Ja<\/td>\n<td>\u2705 Ja<\/td>\n<td>\u2705 Ja<\/td>\n<\/tr>\n<tr>\n<td>Option zur Wiederverbindung von Freunden<\/td>\n<td>\u2705 Ja<\/td>\n<td>\u274c Nein<\/td>\n<td>\u274c Nein<\/td>\n<td>\u2705 Ja<\/td>\n<td>\u2705 Ja<\/td>\n<td>\u2705 Ja<\/td>\n<\/tr>\n<tr>\n<td>Text-Chat-Option<\/td>\n<td>\u2705 Ja<\/td>\n<td>\u2705 Ja<\/td>\n<td>\u2705 Ja<\/td>\n<td>\u2705 Ja<\/td>\n<td>\u274c Nein<\/td>\n<td>\u2705 Ja<\/td>\n<\/tr>\n<tr>\n<td>Mobilfreundlich<\/td>\n<td>\u2705 Ja<\/td>\n<td>\u2705 Ja<\/td>\n<td>\u2705 Ja<\/td>\n<td>\u2705 Ja<\/td>\n<td>\u2705 Ja<\/td>\n<td>\u2705 Ja<\/td>\n<\/tr>\n<tr>\n<td>Sicherheit Moderation<\/td>\n<td>\u2705 Ja<\/td>\n<td>\u274c Begrenzt<\/td>\n<td>\u274c Begrenzt<\/td>\n<td>\u2705 Ja<\/td>\n<td>\u2705 Ja<\/td>\n<td>\u2705 Ja<\/td>\n<\/tr>\n<\/tbody>\n<\/table>\n<p>Fazit: Das Voojio liegt in der Mitte - es bietet moderne Funktionen, starke Sicherheitstools und ein sauberes Erlebnis, ohne den Benutzer mit Extras zu \u00fcberfordern.<\/p>\n<h2>Ist Voojio sicher?<\/h2>\n<p>Die Sicherheit ist eine der gr\u00f6\u00dften St\u00e4rken von Voojio. Obwohl zuf\u00e4llige Chats immer Risiken bergen, setzt die Plattform eine Kombination aus Moderations- und Benutzerkontrollinstrumenten ein, um die Sicherheit zu gew\u00e4hrleisten.<\/p>\n<h3>Sicherheitsmerkmale<\/h3>\n<ul>\n<li>Schaltfl\u00e4chen zum Melden und Sperren sind immer verf\u00fcgbar.<\/li>\n<li>Anonymit\u00e4t - kein Profil oder pers\u00f6nliche Angaben erforderlich.<\/li>\n<li>Die Community-Moderation reduziert anst\u00f6\u00dfige Inhalte.<\/li>\n<li>Funktioniert am besten f\u00fcr Benutzer, die die Grundlagen der Online-Sicherheit beachten.<\/li>\n<\/ul>\n<h3>Sicherheitstipps<\/h3>\n<ul>\n<li>Geben Sie keine pers\u00f6nlichen oder finanziellen Informationen weiter.<\/li>\n<li>F\u00fchren Sie leichte Gespr\u00e4che mit Fremden.<\/li>\n<li>Melden Sie unangemessenes Verhalten sofort.<\/li>\n<li>Eltern sollten j\u00fcngere Benutzer beaufsichtigen.<\/li>\n<\/ul>\n<h2>Tipps, wie Sie das Beste aus Voojio herausholen<\/h2>\n<ul>\n<li>Verwenden Sie Standortfilter, um Menschen in Ihrer N\u00e4he oder weltweit zu treffen.<\/li>\n<li>Loggen Sie sich w\u00e4hrend der Sto\u00dfzeiten ein, um mehr Spiele zu erhalten.<\/li>\n<li>Versuchen Sie es mit Eisbrechern oder Requisiten, damit die Gespr\u00e4che Spa\u00df machen.<\/li>\n<li>Sorgen Sie f\u00fcr eine gute Beleuchtung, um einen besseren Eindruck zu vermitteln.<\/li>\n<li>Z\u00f6gern Sie nicht, die Schaltfl\u00e4che \"Blockieren\/Melden\" zu verwenden.<\/li>\n<\/ul>\n<h2>Fehlersuche bei allgemeinen Problemen<\/h2>\n<h3>Kamera\/Mikrofon funktioniert nicht<\/h3>\n<ul>\n<li>\u00dcberpr\u00fcfen Sie die Berechtigungen in Ihrem Browser oder Ihrer App.<\/li>\n<li>Starten Sie das Ger\u00e4t neu, wenn die Probleme weiterhin bestehen.<\/li>\n<\/ul>\n<h3>Schlechte Videoqualit\u00e4t<\/h3>\n<ul>\n<li>Wechseln Sie zu Wi-Fi, wenn Sie mobile Daten verwenden.<\/li>\n<li>Schlie\u00dfen Sie andere Anwendungen, die Bandbreite verbrauchen.<\/li>\n<\/ul>\n<h3>Filter funktioniert nicht<\/h3>\n<ul>\n<li>Aktualisieren Sie die Seite und wenden Sie die Einstellungen erneut an.<\/li>\n<li>F\u00fcr einige erweiterte Filter ist m\u00f6glicherweise ein Aufpreis erforderlich.<\/li>\n<\/ul>\n<h2>Warum man sich f\u00fcr Voojio entscheidet<\/h2>\n<p>Der Reiz von Voojio liegt in seinem frischen, leichten Ansatz f\u00fcr zuf\u00e4llige Videochats. Es hat zwar nicht die riesige Nutzerbasis von Omegle, aber sein modernes Design und sein Sicherheitsdenken machen es zu einem bequemen Ort f\u00fcr Leute, die zuf\u00e4llige Chats ohne all das Durcheinander erkunden wollen.<\/p>\n<p>Es schlie\u00dft die L\u00fccke zwischen Einfachheit und Personalisierung, indem es den Nutzern mehr Kontrolle gibt und gleichzeitig das \u00dcberraschungsmoment beibeh\u00e4lt, von dem der Zufalls-Chat lebt.<\/p>\n<p>Wenn Sie auf der Suche nach einer modernen Omegle-Alternative sind, die Spa\u00df, Spontaneit\u00e4t und Sicherheit miteinander verbindet, ist Voojio einen Versuch wert. Es ist schnell, intuitiv und einfach zu bedienen und bietet Ihnen dennoch die Filter und Tools, die Sie brauchen, um Ihr Erlebnis angenehm zu gestalten.<\/p>\n<p>Egal, ob Sie in der Stimmung f\u00fcr einen schnellen Chat, einen globalen kulturellen Austausch oder eine m\u00f6gliche Freundschaft sind, Voojio ist f\u00fcr diese Momente gemacht. Es macht die Dinge nicht zu kompliziert - klicken Sie einfach, verbinden Sie sich und sehen Sie, wohin das Gespr\u00e4ch Sie f\u00fchrt.<\/p>\n<p>Sind Sie bereit, Voojio zu erleben? Besuchen Sie die Website, dr\u00fccken Sie auf \"Start\" und entdecken Sie die Welt, einen Fremden nach dem anderen.<\/p>","protected":false},"excerpt":{"rendered":"<p>The internet is overflowing with ways to connect, but few things compare to the thrill of meeting someone new through a random video chat. Platforms like Voojio have tapped into this excitement by creating spaces where strangers from all corners of the globe can meet instantly\u2014face-to-face, in real time, and without the barriers of profiles [&hellip;]<\/p>\n","protected":false},"author":6,"featured_media":0,"parent":0,"menu_order":0,"comment_status":"closed","ping_status":"closed","template":"","meta":{"footnotes":""},"class_list":["post-8192","page","type-page","status-publish","hentry"],"yoast_head":"<!-- This site is optimized with the Yoast SEO plugin v27.6 - https:\/\/yoast.com\/product\/yoast-seo-wordpress\/ -->\n<title>Voojio - Random Video Chat like Omegle - TinyChat.com<\/title>\n<meta name=\"description\" content=\"Enjoying Voojio? Join over 50,000,000 strangers on TinyChat! Turn on your cam and start meeting new people, or find a match.\" \/>\n<meta name=\"robots\" content=\"index, follow, max-snippet:-1, max-image-preview:large, max-video-preview:-1\" \/>\n<link rel=\"canonical\" href=\"https:\/\/tinychat.com\/de\/voojio\/\" \/>\n<meta property=\"og:locale\" content=\"de_DE\" \/>\n<meta property=\"og:type\" content=\"article\" \/>\n<meta property=\"og:title\" content=\"Voojio - Random Video Chat like Omegle - TinyChat.com\" \/>\n<meta property=\"og:description\" content=\"Enjoying Voojio? Join over 50,000,000 strangers on TinyChat! Turn on your cam and start meeting new people, or find a match.\" \/>\n<meta property=\"og:url\" content=\"https:\/\/tinychat.com\/de\/voojio\/\" \/>\n<meta property=\"og:site_name\" content=\"TinyChat\" \/>\n<meta property=\"article:publisher\" content=\"https:\/\/www.facebook.com\/tinychat\" \/>\n<meta property=\"article:modified_time\" content=\"2025-08-18T08:11:49+00:00\" \/>\n<meta property=\"og:image\" content=\"https:\/\/tinychat.com\/wp-content\/uploads\/2020\/04\/Tinychat-logo-1280x284-new-black.png\" \/>\n\t<meta property=\"og:image:width\" content=\"1280\" \/>\n\t<meta property=\"og:image:height\" content=\"284\" \/>\n\t<meta property=\"og:image:type\" content=\"image\/png\" \/>\n<meta name=\"twitter:card\" content=\"summary_large_image\" \/>\n<meta name=\"twitter:site\" content=\"@tinychat\" \/>\n<meta name=\"twitter:label1\" content=\"Gesch\u00e4tzte Lesezeit\" \/>\n\t<meta name=\"twitter:data1\" content=\"5\u00a0Minuten\" \/>\n<script type=\"application\/ld+json\" class=\"yoast-schema-graph\">{\"@context\":\"https:\\\/\\\/schema.org\",\"@graph\":[{\"@type\":\"WebPage\",\"@id\":\"https:\\\/\\\/tinychat.com\\\/voojio\\\/\",\"url\":\"https:\\\/\\\/tinychat.com\\\/voojio\\\/\",\"name\":\"Voojio - Random Video Chat like Omegle - TinyChat.com\",\"isPartOf\":{\"@id\":\"https:\\\/\\\/tinychat.com\\\/#website\"},\"datePublished\":\"2025-08-18T07:10:14+00:00\",\"dateModified\":\"2025-08-18T08:11:49+00:00\",\"description\":\"Enjoying Voojio? Join over 50,000,000 strangers on TinyChat! Turn on your cam and start meeting new people, or find a match.\",\"breadcrumb\":{\"@id\":\"https:\\\/\\\/tinychat.com\\\/voojio\\\/#breadcrumb\"},\"inLanguage\":\"de\",\"potentialAction\":[{\"@type\":\"ReadAction\",\"target\":[\"https:\\\/\\\/tinychat.com\\\/voojio\\\/\"]}]},{\"@type\":\"BreadcrumbList\",\"@id\":\"https:\\\/\\\/tinychat.com\\\/voojio\\\/#breadcrumb\",\"itemListElement\":[{\"@type\":\"ListItem\",\"position\":1,\"name\":\"Home\",\"item\":\"https:\\\/\\\/tinychat.com\\\/\"},{\"@type\":\"ListItem\",\"position\":2,\"name\":\"Voojio\"}]},{\"@type\":\"WebSite\",\"@id\":\"https:\\\/\\\/tinychat.com\\\/#website\",\"url\":\"https:\\\/\\\/tinychat.com\\\/\",\"name\":\"TinyChat\",\"description\":\"Random Video Chat with Strangers\",\"publisher\":{\"@id\":\"https:\\\/\\\/tinychat.com\\\/#organization\"},\"alternateName\":\"TinyChat.com\",\"potentialAction\":[{\"@type\":\"SearchAction\",\"target\":{\"@type\":\"EntryPoint\",\"urlTemplate\":\"https:\\\/\\\/tinychat.com\\\/?s={search_term_string}\"},\"query-input\":{\"@type\":\"PropertyValueSpecification\",\"valueRequired\":true,\"valueName\":\"search_term_string\"}}],\"inLanguage\":\"de\"},{\"@type\":\"Organization\",\"@id\":\"https:\\\/\\\/tinychat.com\\\/#organization\",\"name\":\"TinyChat\",\"alternateName\":\"TinyChat.com\",\"url\":\"https:\\\/\\\/tinychat.com\\\/\",\"logo\":{\"@type\":\"ImageObject\",\"inLanguage\":\"de\",\"@id\":\"https:\\\/\\\/tinychat.com\\\/#\\\/schema\\\/logo\\\/image\\\/\",\"url\":\"https:\\\/\\\/tinychat.com\\\/wp-content\\\/uploads\\\/2023\\\/11\\\/Tinychat-icon-square.png\",\"contentUrl\":\"https:\\\/\\\/tinychat.com\\\/wp-content\\\/uploads\\\/2023\\\/11\\\/Tinychat-icon-square.png\",\"width\":284,\"height\":284,\"caption\":\"TinyChat\"},\"image\":{\"@id\":\"https:\\\/\\\/tinychat.com\\\/#\\\/schema\\\/logo\\\/image\\\/\"},\"sameAs\":[\"https:\\\/\\\/www.facebook.com\\\/tinychat\",\"https:\\\/\\\/x.com\\\/tinychat\"]}]}<\/script>\n<!-- \/ Yoast SEO plugin. -->","yoast_head_json":{"title":"Voojio - Zuf\u00e4lliger Video-Chat wie Omegle - TinyChat.com","description":"Gef\u00e4llt Ihnen Voojio? Schlie\u00dfen Sie sich \u00fcber 50.000.000 Fremden auf TinyChat an! Schalte deine Kamera ein und fange an, neue Leute zu treffen, oder finde einen Partner.","robots":{"index":"index","follow":"follow","max-snippet":"max-snippet:-1","max-image-preview":"max-image-preview:large","max-video-preview":"max-video-preview:-1"},"canonical":"https:\/\/tinychat.com\/de\/voojio\/","og_locale":"de_DE","og_type":"article","og_title":"Voojio - Random Video Chat like Omegle - TinyChat.com","og_description":"Enjoying Voojio? Join over 50,000,000 strangers on TinyChat! Turn on your cam and start meeting new people, or find a match.","og_url":"https:\/\/tinychat.com\/de\/voojio\/","og_site_name":"TinyChat","article_publisher":"https:\/\/www.facebook.com\/tinychat","article_modified_time":"2025-08-18T08:11:49+00:00","og_image":[{"width":1280,"height":284,"url":"https:\/\/tinychat.com\/wp-content\/uploads\/2020\/04\/Tinychat-logo-1280x284-new-black.png","type":"image\/png"}],"twitter_card":"summary_large_image","twitter_site":"@tinychat","twitter_misc":{"Gesch\u00e4tzte Lesezeit":"5\u00a0Minuten"},"schema":{"@context":"https:\/\/schema.org","@graph":[{"@type":"WebPage","@id":"https:\/\/tinychat.com\/voojio\/","url":"https:\/\/tinychat.com\/voojio\/","name":"Voojio - Zuf\u00e4lliger Video-Chat wie Omegle - TinyChat.com","isPartOf":{"@id":"https:\/\/tinychat.com\/#website"},"datePublished":"2025-08-18T07:10:14+00:00","dateModified":"2025-08-18T08:11:49+00:00","description":"Gef\u00e4llt Ihnen Voojio? Schlie\u00dfen Sie sich \u00fcber 50.000.000 Fremden auf TinyChat an! Schalte deine Kamera ein und fange an, neue Leute zu treffen, oder finde einen Partner.","breadcrumb":{"@id":"https:\/\/tinychat.com\/voojio\/#breadcrumb"},"inLanguage":"de","potentialAction":[{"@type":"ReadAction","target":["https:\/\/tinychat.com\/voojio\/"]}]},{"@type":"BreadcrumbList","@id":"https:\/\/tinychat.com\/voojio\/#breadcrumb","itemListElement":[{"@type":"ListItem","position":1,"name":"Home","item":"https:\/\/tinychat.com\/"},{"@type":"ListItem","position":2,"name":"Voojio"}]},{"@type":"WebSite","@id":"https:\/\/tinychat.com\/#website","url":"https:\/\/tinychat.com\/","name":"TinyChat","description":"Zuf\u00e4lliger Video-Chat mit Fremden","publisher":{"@id":"https:\/\/tinychat.com\/#organization"},"alternateName":"TinyChat.com","potentialAction":[{"@type":"SearchAction","target":{"@type":"EntryPoint","urlTemplate":"https:\/\/tinychat.com\/?s={search_term_string}"},"query-input":{"@type":"PropertyValueSpecification","valueRequired":true,"valueName":"search_term_string"}}],"inLanguage":"de"},{"@type":"Organization","@id":"https:\/\/tinychat.com\/#organization","name":"TinyChat","alternateName":"TinyChat.com","url":"https:\/\/tinychat.com\/","logo":{"@type":"ImageObject","inLanguage":"de","@id":"https:\/\/tinychat.com\/#\/schema\/logo\/image\/","url":"https:\/\/tinychat.com\/wp-content\/uploads\/2023\/11\/Tinychat-icon-square.png","contentUrl":"https:\/\/tinychat.com\/wp-content\/uploads\/2023\/11\/Tinychat-icon-square.png","width":284,"height":284,"caption":"TinyChat"},"image":{"@id":"https:\/\/tinychat.com\/#\/schema\/logo\/image\/"},"sameAs":["https:\/\/www.facebook.com\/tinychat","https:\/\/x.com\/tinychat"]}]}},"_links":{"self":[{"href":"https:\/\/tinychat.com\/de\/wp-json\/wp\/v2\/pages\/8192","targetHints":{"allow":["GET"]}}],"collection":[{"href":"https:\/\/tinychat.com\/de\/wp-json\/wp\/v2\/pages"}],"about":[{"href":"https:\/\/tinychat.com\/de\/wp-json\/wp\/v2\/types\/page"}],"author":[{"embeddable":true,"href":"https:\/\/tinychat.com\/de\/wp-json\/wp\/v2\/users\/6"}],"replies":[{"embeddable":true,"href":"https:\/\/tinychat.com\/de\/wp-json\/wp\/v2\/comments?post=8192"}],"version-history":[{"count":3,"href":"https:\/\/tinychat.com\/de\/wp-json\/wp\/v2\/pages\/8192\/revisions"}],"predecessor-version":[{"id":13458,"href":"https:\/\/tinychat.com\/de\/wp-json\/wp\/v2\/pages\/8192\/revisions\/13458"}],"wp:attachment":[{"href":"https:\/\/tinychat.com\/de\/wp-json\/wp\/v2\/media?parent=8192"}],"curies":[{"name":"wp","href":"https:\/\/api.w.org\/{rel}","templated":true}]}}