{"id":8386,"date":"2025-04-19T11:35:24","date_gmt":"2025-04-19T09:35:24","guid":{"rendered":"https:\/\/tinychat.com\/?page_id=8386"},"modified":"2025-07-07T18:17:39","modified_gmt":"2025-07-07T16:17:39","slug":"chat-avenue","status":"publish","type":"page","link":"https:\/\/tinychat.com\/de\/chat-avenue\/","title":{"rendered":"Chat Avenue"},"content":{"rendered":"<p>Bekannt f\u00fcr seine gro\u00dfe Vielfalt an <a href=\"https:\/\/tinychat.com\/de\/chatroulette\/\">Chat<\/a> R\u00e4ume, eine Retro-Oberfl\u00e4che und eine treue Benutzerbasis, <a href=\"https:\/\/tinychat.com\/de\/chatroulette\/\">Chat<\/a> Avenue ist nicht nur eine weitere zuf\u00e4llige <a href=\"https:\/\/tinychat.com\/de\/chatroulette\/\">Chat<\/a> ist ein Urgestein der Online-Chat-Szene, das auch heute noch aktuell ist.<\/p>\n<p>Eingef\u00fchrt im Jahr 2000, <a href=\"https:\/\/tinychat.com\/de\/chatroulette\/\">Chat<\/a> Avenue hat sich auf \u00fcber ein Dutzend spezialisierte <a href=\"https:\/\/tinychat.com\/de\/chatroulette\/\">Chat<\/a> R\u00e4ume, die auf unterschiedliche Interessen und Demografien zugeschnitten sind - von Teenager <a href=\"https:\/\/tinychat.com\/de\/chatroulette\/\">Chat<\/a> und Erwachsene <a href=\"https:\/\/tinychat.com\/de\/chatroulette\/\">Chat<\/a> zu Musik, Sport, Dating und sogar Webcam <a href=\"https:\/\/tinychat.com\/de\/chatroulette\/\">Chat<\/a>. Es kombiniert das Gef\u00fchl eines IRC-Chats der alten Schule mit moderner Moderation, Benutzerprofilen und mobilem Zugang.<\/p>\n<p>Wenn Sie ein textbasiertes Erlebnis mit optionaler Videointegration suchen, <a href=\"https:\/\/tinychat.com\/de\/chatroulette\/\">Chat<\/a> Avenue bietet einen gro\u00dfz\u00fcgigen, barrierearmen Platz zum <a href=\"https:\/\/tinychat.com\/de\/talk-to-strangers\/\">sich mit Fremden unterhalten<\/a>und interagieren Sie mit einer Vielzahl von Menschen, von Gelegenheitsnutzern bis hin zu <a href=\"https:\/\/tinychat.com\/de\/chatroulette\/\">Chat<\/a> Veteranen.<\/p>\n<p>In diesem ausf\u00fchrlichen Leitfaden erfahren Sie, was <a href=\"https:\/\/tinychat.com\/de\/chatroulette\/\">Chat<\/a> Avenue ist, seine Funktionen, Benutzerfreundlichkeit, Vor- und Nachteile, Vergleiche mit Wettbewerbern und Tipps zur sicheren Navigation auf der Plattform.<\/p>\n<h2>Was ist Chat Avenue?<\/h2>\n<p><a href=\"https:\/\/tinychat.com\/de\/chatroulette\/\">Chat<\/a> Avenue ist eine der \u00e4ltesten Online <a href=\"https:\/\/tinychat.com\/de\/chatroulette\/\">Chat<\/a> Plattformen, die kostenlose, anonyme <a href=\"https:\/\/tinychat.com\/de\/chatroulette\/\">Chat<\/a> R\u00e4ume, die nach Themen oder Interessen geordnet sind. Im Gegensatz zu neueren Video-first <a href=\"https:\/\/tinychat.com\/de\/chatroulette\/\">Chat<\/a> Plattformen, <a href=\"https:\/\/tinychat.com\/de\/chatroulette\/\">Chat<\/a> Avenue legt den Schwerpunkt auf die Textkommunikation, bietet aber auch einige Video- und Sprachfunktionen in ausgew\u00e4hlten R\u00e4umen.<\/p>\n<p>Anstatt Sie mit einem zuf\u00e4lligen Benutzer zusammenzubringen, <a href=\"https:\/\/tinychat.com\/de\/chatroulette\/\">Chat<\/a> Avenue bringt Sie in die \u00d6ffentlichkeit <a href=\"https:\/\/tinychat.com\/de\/chatroulette\/\">Chat<\/a> R\u00e4ume, in denen sich mehrere Nutzer miteinander unterhalten. Sie k\u00f6nnen \u00f6ffentlich antworten, private Nachrichten senden und sogar Ihr eigenes Profil mit einem Avatar und einer Biografie erstellen, wenn Sie sich daf\u00fcr entscheiden, dabei zu bleiben.<\/p>\n<p>Ob Sie ein zwangloses Gespr\u00e4ch suchen, eine Verabredung <a href=\"https:\/\/tinychat.com\/de\/chatroulette\/\">Chat<\/a>, Gaming-Talk oder anonyme Unterst\u00fctzung, <a href=\"https:\/\/tinychat.com\/de\/chatroulette\/\">Chat<\/a> Avenue bietet spezialisierte R\u00e4ume, die es Ihnen leicht machen, Ihre Nische zu finden.<\/p>\n<h2>Hauptmerkmale von Chat Avenue<\/h2>\n<p>Was setzt <a href=\"https:\/\/tinychat.com\/de\/chatroulette\/\">Chat<\/a> Avenue abgesehen von den vielen zuf\u00e4lligen <a href=\"https:\/\/tinychat.com\/de\/chatroulette\/\">Chat<\/a> Apps und Websites, die heute verf\u00fcgbar sind, ist sein strukturierter, thematischer Ansatz. Hier sind seine wichtigsten Funktionen:<\/p>\n<h3>1. Dutzende von themenspezifischen Chatr\u00e4umen<\/h3>\n<p><a href=\"https:\/\/tinychat.com\/de\/chatroulette\/\">Chat<\/a> Avenue ist die Heimat von mehr als einem Dutzend <a href=\"https:\/\/tinychat.com\/de\/chatroulette\/\">Chat<\/a> R\u00e4ume, die jeweils auf ein anderes Publikum oder Thema zugeschnitten sind. Dazu geh\u00f6ren:<\/p>\n<ul>\n<li>Teenager <a href=\"https:\/\/tinychat.com\/de\/chatroulette\/\">Chat<\/a><\/li>\n<li>Erwachsene <a href=\"https:\/\/tinychat.com\/de\/chatroulette\/\">Chat<\/a><\/li>\n<li>M\u00e4dchen <a href=\"https:\/\/tinychat.com\/de\/chatroulette\/\">Chat<\/a><\/li>\n<li>Jungen <a href=\"https:\/\/tinychat.com\/de\/chatroulette\/\">Chat<\/a><\/li>\n<li>Partnersuche <a href=\"https:\/\/tinychat.com\/de\/chatroulette\/\">Chat<\/a><\/li>\n<li>LGBT <a href=\"https:\/\/tinychat.com\/de\/chatroulette\/\">Chat<\/a><\/li>\n<li>Video <a href=\"https:\/\/tinychat.com\/de\/chatroulette\/\">Chat<\/a><\/li>\n<li>Allgemein <a href=\"https:\/\/tinychat.com\/de\/chatroulette\/\">Chat<\/a><\/li>\n<li>Musik <a href=\"https:\/\/tinychat.com\/de\/chatroulette\/\">Chat<\/a><\/li>\n<li>Sport <a href=\"https:\/\/tinychat.com\/de\/chatroulette\/\">Chat<\/a><\/li>\n<li>Spielen <a href=\"https:\/\/tinychat.com\/de\/chatroulette\/\">Chat<\/a><\/li>\n<li>Hochschule <a href=\"https:\/\/tinychat.com\/de\/chatroulette\/\">Chat<\/a><\/li>\n<\/ul>\n<p>Jeder Raum hat seine eigene Atmosph\u00e4re, regelm\u00e4\u00dfige Nutzer und aktive Moderatoren. Sie k\u00f6nnen zwischen den R\u00e4umen wechseln oder bei dem Raum bleiben, der Ihren Interessen oder Ihrer Identit\u00e4t am besten entspricht.<\/p>\n<h3>2. Anonyme textbasierte Kommunikation<\/h3>\n<p>Die meisten der <a href=\"https:\/\/tinychat.com\/de\/chatroulette\/\">Chat<\/a> Die Interaktionen in Avenue sind textbasiert und damit ideal f\u00fcr Benutzer, die kamerascheu sind oder lieber tippen als sprechen. Sie m\u00fcssen sich nicht registrieren, um an einer <a href=\"https:\/\/tinychat.com\/de\/chatroulette\/\">Chat<\/a> - k\u00f6nnen Sie in den meisten R\u00e4umen sofort loslegen und einen Spitznamen w\u00e4hlen.<\/p>\n<p>Sie k\u00f6nnen \u00f6ffentlich auf den Raum antworten oder private Nachrichten an Einzelpersonen senden. Benutzer k\u00f6nnen auch Freundeslisten erstellen und <a href=\"https:\/\/tinychat.com\/de\/chatroulette\/\">Chat<\/a> privat au\u00dferhalb des Hauptraumes.<\/p>\n<h3>3. Optionale Registrierung und benutzerdefinierte Profile<\/h3>\n<p>Eine Registrierung ist zwar nicht erforderlich, aber Sie k\u00f6nnen ein kostenloses Konto erstellen, um zus\u00e4tzliche Funktionen freizuschalten:<\/p>\n<ul>\n<li>Benutzerdefinierte Avatare<\/li>\n<li>Nutzernamen und Biografien<\/li>\n<li>Direkte Freundschaftsanfragen<\/li>\n<li>Raum\u00fcbergreifende private Nachrichten\u00fcbermittlung<\/li>\n<li>Moderationsrollen (f\u00fcr vertrauensw\u00fcrdige Benutzer)<\/li>\n<\/ul>\n<p>Wenn Sie ein Konto haben, m\u00fcssen Sie nicht jedes Mal einen Gast-Nickname verwenden, wenn Sie der Community beitreten, und Sie erhalten eine einheitliche Identit\u00e4t innerhalb der Community.<\/p>\n<h3>4. Integrierter Webcam-Chat (Selektive R\u00e4ume)<\/h3>\n<p>Ausgew\u00e4hlte R\u00e4ume, wie zum Beispiel das Video <a href=\"https:\/\/tinychat.com\/de\/chatroulette\/\">Chat<\/a> und Erwachsene <a href=\"https:\/\/tinychat.com\/de\/chatroulette\/\">Chat<\/a>unterst\u00fctzen die Webcam-Integration, so dass die Nutzer zus\u00e4tzlich zum Text auch Videos \u00fcbertragen k\u00f6nnen. Sie k\u00f6nnen auch die Webcams anderer Nutzer sehen, wenn diese sie aktiviert haben.<\/p>\n<p>Anders als bei einem Einzelvideo <a href=\"https:\/\/tinychat.com\/de\/chatroulette\/\">Chat<\/a> Sites ist dieses Video in Gruppenr\u00e4ume integriert, was es eher zu einem sozialen Erlebnis als zu einer direkten <a href=\"https:\/\/tinychat.com\/de\/chatroulette\/\">Chat<\/a>.<\/p>\n<h3>5. Mobile-freundliche Schnittstelle<\/h3>\n<p><a href=\"https:\/\/tinychat.com\/de\/chatroulette\/\">Chat<\/a> Avenue wurde vollst\u00e4ndig f\u00fcr mobile Ger\u00e4te optimiert, und obwohl es keine eigenst\u00e4ndige App gibt, ist der mobile Browser \u00fcbersichtlich, reaktionsschnell und voll funktionsf\u00e4hig. Sie k\u00f6nnen <a href=\"https:\/\/tinychat.com\/de\/chatroulette\/\">Chat<\/a> unterwegs, ohne dass der Zugriff auf wichtige Funktionen verloren geht.<\/p>\n<h3>6. Community-Moderation und Sicherheitskontrollen<\/h3>\n<p>In den meisten R\u00e4umen gibt es Moderatoren und ein aktives Regelwerk, vor allem in Teen <a href=\"https:\/\/tinychat.com\/de\/chatroulette\/\">Chat<\/a>, LGBT <a href=\"https:\/\/tinychat.com\/de\/chatroulette\/\">Chat<\/a>und Erwachsene <a href=\"https:\/\/tinychat.com\/de\/chatroulette\/\">Chat<\/a>. Nutzer k\u00f6nnen unangemessenes Verhalten melden, und Mods k\u00f6nnen st\u00f6rende Nutzer kicken, stummschalten oder sperren.<\/p>\n<p><a href=\"https:\/\/tinychat.com\/de\/chatroulette\/\">Chat<\/a> Avenue bietet auch Inhaltsfilter und die Durchsetzung von Nutzungsbedingungen, um respektvolle und sichere Unterhaltungen zu gew\u00e4hrleisten - die Qualit\u00e4t der Durchsetzung variiert jedoch je nach Raum.<\/p>\n<h2>So verwenden Sie Chat Avenue<\/h2>\n<p>Erste Schritte auf <a href=\"https:\/\/tinychat.com\/de\/chatroulette\/\">Chat<\/a> Avenue ist einfach, egal ob Sie auf dem Desktop oder auf dem Handy sind. Hier ist eine schrittweise Aufschl\u00fcsselung:<\/p>\n<h3>Schritt 1: Besuchen Sie die Website<\/h3>\n<p>Gehen Sie auf www.chat-avenue.com. Auf der Startseite finden Sie eine Liste aller verf\u00fcgbaren <a href=\"https:\/\/tinychat.com\/de\/chatroulette\/\">Chat<\/a> Zimmer nach Kategorie.<\/p>\n<h3>Schritt 2: W\u00e4hlen Sie einen Chat-Raum<\/h3>\n<p>Klicken Sie auf den Raum, der Ihren Interessen entspricht. Sie werden direkt zu einer Live <a href=\"https:\/\/tinychat.com\/de\/chatroulette\/\">Chat<\/a> Umgebung, die mit anderen Benutzern bev\u00f6lkert ist.<\/p>\n<h3>Schritt 3: Geben Sie einen Nickname ein (oder registrieren Sie sich)<\/h3>\n<p>Sie k\u00f6nnen sofort mit dem Chatten beginnen, indem Sie einen Spitznamen eingeben. Wenn Sie zus\u00e4tzliche Funktionen w\u00fcnschen, klicken Sie auf \"Registrieren\", um ein Profil zu erstellen.<\/p>\n<h3>Schritt 4: Beteiligen Sie sich an der Konversation<\/h3>\n<p>Sobald Sie im Raum sind, k\u00f6nnen Sie \u00f6ffentliche Nachrichten schreiben, auf andere reagieren oder auf einzelne Benutzernamen klicken, um private Nachrichten zu senden.<\/p>\n<h3>Schritt 5: Erkundung der Video- oder Webcam-Optionen (sofern verf\u00fcgbar)<\/h3>\n<p>In einigen R\u00e4umen sehen Sie Kamerasymbole. Klicken Sie darauf, um Ihre Webcam zu aktivieren oder die Live-\u00dcbertragung einer anderen Person zu sehen - aber beachten Sie immer die Regeln des Raums.<\/p>\n<h2>Benutzererfahrung mit Chat Avenue<\/h2>\n<p>W\u00e4hrend die Schnittstelle von <a href=\"https:\/\/tinychat.com\/de\/chatroulette\/\">Chat<\/a> Avenue mag sich retro anf\u00fchlen, aber es bleibt eine seiner St\u00e4rken. Der Fokus auf funktionales Design statt auf Effekthascherei macht es schnell, stabil und einfach zu navigieren.<\/p>\n<h3>Was Benutzer m\u00f6gen<\/h3>\n<ul>\n<li>Strukturierte Gespr\u00e4che in thematischen R\u00e4umen<\/li>\n<li>Minimale Einstiegsh\u00fcrde - keine Anmeldung erforderlich<\/li>\n<li>M\u00f6glichkeit, anonym zu bleiben oder ein Profil zu erstellen<\/li>\n<li>Vielf\u00e4ltige Gemeinschaft mit unterschiedlichen Interessen<\/li>\n<li>Klassische Chatroom-Nostalgie mit modernen Sicherheitsfunktionen<\/li>\n<\/ul>\n<h3>Was k\u00f6nnte verbessert werden?<\/h3>\n<ul>\n<li>Die Benutzeroberfl\u00e4che wirkt im Vergleich zu moderneren Plattformen veraltet<\/li>\n<li>Die Qualit\u00e4t der Moderation variiert je nach Raum - einige sind gut gef\u00fchrt, andere weniger gut<\/li>\n<li>Kein Eins-gegen-Eins-Videospielsystem wie <a href=\"https:\/\/tinychat.com\/de\/chatroulette\/\">Chatroulette<\/a> oder <a href=\"https:\/\/tinychat.com\/de\/omegle\/\">Omegle<\/a><\/li>\n<li>Keine mobile App - nur browserbasierter Zugriff<\/li>\n<\/ul>\n<h2>Echte Benutzerbewertungen<\/h2>\n<blockquote><p>\"Es ist altmodisch, aber genau das liebe ich. Echt <a href=\"https:\/\/tinychat.com\/de\/chatroulette\/\">Chat<\/a> R\u00e4ume, keine Bots, kein gef\u00e4lschtes Matching. Nur Menschen, die reden.\"<br \/>\n- <em>Samantha P., Trustpilot<\/em><\/p><\/blockquote>\n<blockquote><p>\"Teenager <a href=\"https:\/\/tinychat.com\/de\/chatroulette\/\">Chat<\/a> hat Mods, die aufpassen, was ein sicheres Gef\u00fchl vermittelt. Ich habe hier Freunde kennengelernt, mit denen ich immer noch jeden Tag rede.<br \/>\n- <em>Liam R., Reddit<\/em><\/p><\/blockquote>\n<blockquote><p>\"Wenn Sie einen themenbezogenen Ort suchen, um <a href=\"https:\/\/tinychat.com\/de\/chatroulette\/\">Chat<\/a> mit Fremden, die kein totales Durcheinander sind, <a href=\"https:\/\/tinychat.com\/de\/chatroulette\/\">Chat<\/a> Die Avenue hat immer noch Bestand.\"<br \/>\n- <em>Tony V., Google Bewertungen<\/em><\/p><\/blockquote>\n<h2>Chat Avenue im Vergleich zu anderen Chat-Plattformen<\/h2>\n<p>Wie funktioniert <a href=\"https:\/\/tinychat.com\/de\/chatroulette\/\">Chat<\/a> Avenue im Vergleich zu den Wettbewerbern in diesem Bereich?<\/p>\n<table>\n<thead>\n<tr>\n<th>Merkmal<\/th>\n<th><a href=\"https:\/\/tinychat.com\/de\/chatroulette\/\">Chat<\/a> Allee<\/th>\n<th><a href=\"https:\/\/tinychat.com\/de\/omegle\/\">Omegle<\/a><\/th>\n<th><a href=\"https:\/\/tinychat.com\/de\/chathub\/\">ChatHub<\/a><\/th>\n<th><a href=\"https:\/\/tinychat.com\/de\/\">TinyChat<\/a><\/th>\n<th><a href=\"https:\/\/tinychat.com\/de\/ometv\/\">OmeTV<\/a><\/th>\n<\/tr>\n<\/thead>\n<tbody>\n<tr>\n<td>Themenspezifische R\u00e4ume<\/td>\n<td>\u2705 Ja<\/td>\n<td>\u274c Nein<\/td>\n<td>\u274c Nein<\/td>\n<td>\u2705 Ja<\/td>\n<td>\u274c Nein<\/td>\n<\/tr>\n<tr>\n<td>Gruppe <a href=\"https:\/\/tinychat.com\/de\/chatroulette\/\">Chat<\/a><\/td>\n<td>\u2705 Ja<\/td>\n<td>\u274c Nein<\/td>\n<td>\u274c Nein<\/td>\n<td>\u2705 Ja<\/td>\n<td>\u274c Nein<\/td>\n<\/tr>\n<tr>\n<td>Text <a href=\"https:\/\/tinychat.com\/de\/chatroulette\/\">Chat<\/a><\/td>\n<td>\u2705 Ja<\/td>\n<td>\u2705 Ja<\/td>\n<td>\u2705 Ja<\/td>\n<td>\u2705 Ja<\/td>\n<td>\u2705 Ja<\/td>\n<\/tr>\n<tr>\n<td>Video <a href=\"https:\/\/tinychat.com\/de\/chatroulette\/\">Chat<\/a><\/td>\n<td>\u2705 Begrenzt<\/td>\n<td>\u2705 Ja<\/td>\n<td>\u2705 Ja<\/td>\n<td>\u2705 Ja<\/td>\n<td>\u2705 Ja<\/td>\n<\/tr>\n<tr>\n<td>Anonyme Nutzung<\/td>\n<td>\u2705 Ja<\/td>\n<td>\u2705 Ja<\/td>\n<td>\u2705 Ja<\/td>\n<td>\u2705 Ja<\/td>\n<td>\u2705 Ja<\/td>\n<\/tr>\n<tr>\n<td>Profil erstellen<\/td>\n<td>\u2705 Fakultativ<\/td>\n<td>\u274c Nein<\/td>\n<td>\u274c Nein<\/td>\n<td>\u2705 Ja<\/td>\n<td>\u274c Nein<\/td>\n<\/tr>\n<tr>\n<td>Mobile Unterst\u00fctzung<\/td>\n<td>\u2705 Browser<\/td>\n<td>\u2705 Browser<\/td>\n<td>\u2705 Browser<\/td>\n<td>\u2705 App<\/td>\n<td>\u2705 App<\/td>\n<\/tr>\n<tr>\n<td>Moderation<\/td>\n<td>\u2705 Unterschiedlich<\/td>\n<td>\u26a0\ufe0f Minimal<\/td>\n<td>\u2705 Stark<\/td>\n<td>\u2705 M\u00e4\u00dfig<\/td>\n<td>\u2705 Gut<\/td>\n<\/tr>\n<\/tbody>\n<\/table>\n<p>Zusammenfassung: <a href=\"https:\/\/tinychat.com\/de\/chatroulette\/\">Chat<\/a> Avenue ist ideal f\u00fcr Benutzer, die Gruppendiskussionen, getippte Unterhaltungen und themenbezogene R\u00e4ume gegen\u00fcber zuf\u00e4lligen Einzelgespr\u00e4chen bevorzugen.<\/p>\n<h2>Tipps zur sicheren Verwendung von Chat Avenue<\/h2>\n<p>Wie jede <a href=\"https:\/\/tinychat.com\/de\/chatroulette\/\">Chat<\/a> Plattform, h\u00e4ngt die Sicherheit von Ihren Gewohnheiten ab. Hier sind die besten Praktiken:<\/p>\n<ul>\n<li>Verwenden Sie einen eindeutigen Spitznamen, der nicht mit Ihrer echten Identit\u00e4t verbunden ist.<\/li>\n<li>Vermeiden Sie die Weitergabe privater Informationen (vollst\u00e4ndiger Name, E-Mail, Standort)<\/li>\n<li>Klicken Sie nicht auf externe Links, wenn Sie nicht \u00fcberpr\u00fcft wurden.<\/li>\n<li>Verwenden Sie die Webcam verantwortungsbewusst - nur in R\u00e4umen, die sie unterst\u00fctzen, und befolgen Sie alle Richtlinien<\/li>\n<li>Melden Sie schlechtes Verhalten sofort den Moderatoren<\/li>\n<li>Bleiben Sie in R\u00e4umen, die f\u00fcr Ihr Alter und Ihre Interessen geeignet sind<\/li>\n<\/ul>\n<h2>Fehlersuche bei allgemeinen Problemen<\/h2>\n<h3>Kann den Chatraum nicht betreten<\/h3>\n<p>Stellen Sie sicher, dass Cookies und JavaScript in Ihrem Browser aktiviert sind. Aktualisieren Sie Ihren Browser oder verwenden Sie einen anderen Browser.<\/p>\n<h3>Webcam funktioniert nicht<\/h3>\n<p>Vergewissern Sie sich, dass Ihr Browser die Erlaubnis hat, Ihre Kamera zu verwenden. Versuchen Sie, den Browser neu zu starten oder die Sicherheitseinstellungen zu \u00fcberpr\u00fcfen.<\/p>\n<h3>Aus einem Raum verbannt<\/h3>\n<p>Raumsperren sind normalerweise an Ihre IP oder Ihr Konto gebunden. Versuchen Sie einen anderen Raum, kontaktieren Sie einen Mod oder warten Sie es ab.<\/p>\n<h3>Langsames Laden oder Verz\u00f6gerung<\/h3>\n<p><a href=\"https:\/\/tinychat.com\/de\/chatroulette\/\">Chat<\/a> Avenue ist leicht, aber langsame Verbindungen k\u00f6nnen die Webcam-Funktionen beeintr\u00e4chtigen. Versuchen Sie, die Hintergrundaktivit\u00e4t zu reduzieren oder das Netzwerk zu wechseln.<\/p>\n<p><a href=\"https:\/\/tinychat.com\/de\/chatroulette\/\">Chat<\/a> Avenue mag nicht auff\u00e4llig sein, aber es liefert eine der best\u00e4ndigsten und zuverl\u00e4ssigsten anonymen <a href=\"https:\/\/tinychat.com\/de\/chatroulette\/\">Chat<\/a> Erfahrungen online.<\/p>\n<p>Mit seiner gro\u00dfen Nutzerbasis, seiner gro\u00dfen Vielfalt an <a href=\"https:\/\/tinychat.com\/de\/chatroulette\/\">Chat<\/a> R\u00e4ume, die optionale Videointegration und die niedrige Einstiegsh\u00fcrde machen es zu einer ausgezeichneten Plattform f\u00fcr alle, die Gruppenkonversationen der Zuf\u00e4lligkeit von Einzelgespr\u00e4chen vorziehen.<\/p>\n<p>Wenn du nach einem Ort suchst, an dem du Fremde treffen kannst, ohne zu swipen oder zu matchen, und du die altmodische Einfachheit von Live <a href=\"https:\/\/tinychat.com\/de\/chatroulette\/\">Chat<\/a> R\u00e4ume, <a href=\"https:\/\/tinychat.com\/de\/chatroulette\/\">Chat<\/a> Avenue ist nach wie vor eine der besten M\u00f6glichkeiten, die es gibt.<\/p>\n<p>Besuchen Sie www.chat-avenue.com, w\u00e4hlen Sie einen Raum und kommen Sie ins Gespr\u00e4ch. Sie wissen nie, wen Sie treffen werden.<\/p>","protected":false},"excerpt":{"rendered":"<p>Known for its wide variety of chat rooms, retro interface, and loyal user base, Chat Avenue isn\u2019t just another random chat site \u2014 it\u2019s a veteran of the online chatting scene that still holds relevance today. Launched in 2000, Chat Avenue has grown to include over a dozen specialized chat rooms tailored to different interests [&hellip;]<\/p>\n","protected":false},"author":6,"featured_media":0,"parent":0,"menu_order":0,"comment_status":"closed","ping_status":"closed","template":"","meta":{"footnotes":""},"class_list":["post-8386","page","type-page","status-publish","hentry"],"yoast_head":"<!-- This site is optimized with the Yoast SEO plugin v27.6 - https:\/\/yoast.com\/product\/yoast-seo-wordpress\/ -->\n<title>Chat Avenue - The Original Random Video Chat - TinyChat.com<\/title>\n<meta name=\"description\" content=\"Enjoying Chat Avenue? Join over 50,000,000 strangers on TinyChat! Turn on your cam and start meeting new people, or find a match.\" \/>\n<meta name=\"robots\" content=\"index, follow, max-snippet:-1, max-image-preview:large, max-video-preview:-1\" \/>\n<link rel=\"canonical\" href=\"https:\/\/tinychat.com\/de\/chat-avenue\/\" \/>\n<meta property=\"og:locale\" content=\"de_DE\" \/>\n<meta property=\"og:type\" content=\"article\" \/>\n<meta property=\"og:title\" content=\"Chat Avenue - The Original Random Video Chat - TinyChat.com\" \/>\n<meta property=\"og:description\" content=\"Enjoying Chat Avenue? Join over 50,000,000 strangers on TinyChat! Turn on your cam and start meeting new people, or find a match.\" \/>\n<meta property=\"og:url\" content=\"https:\/\/tinychat.com\/de\/chat-avenue\/\" \/>\n<meta property=\"og:site_name\" content=\"TinyChat\" \/>\n<meta property=\"article:publisher\" content=\"https:\/\/www.facebook.com\/tinychat\" \/>\n<meta property=\"article:modified_time\" content=\"2025-07-07T16:17:39+00:00\" \/>\n<meta property=\"og:image\" content=\"https:\/\/tinychat.com\/wp-content\/uploads\/2020\/04\/Tinychat-logo-1280x284-new-black.png\" \/>\n\t<meta property=\"og:image:width\" content=\"1280\" \/>\n\t<meta property=\"og:image:height\" content=\"284\" \/>\n\t<meta property=\"og:image:type\" content=\"image\/png\" \/>\n<meta name=\"twitter:card\" content=\"summary_large_image\" \/>\n<meta name=\"twitter:site\" content=\"@tinychat\" \/>\n<meta name=\"twitter:label1\" content=\"Gesch\u00e4tzte Lesezeit\" \/>\n\t<meta name=\"twitter:data1\" content=\"6\u00a0Minuten\" \/>\n<script type=\"application\/ld+json\" class=\"yoast-schema-graph\">{\"@context\":\"https:\\\/\\\/schema.org\",\"@graph\":[{\"@type\":\"WebPage\",\"@id\":\"https:\\\/\\\/tinychat.com\\\/chat-avenue\\\/\",\"url\":\"https:\\\/\\\/tinychat.com\\\/chat-avenue\\\/\",\"name\":\"Chat Avenue - The Original Random Video Chat - TinyChat.com\",\"isPartOf\":{\"@id\":\"https:\\\/\\\/tinychat.com\\\/#website\"},\"datePublished\":\"2025-04-19T09:35:24+00:00\",\"dateModified\":\"2025-07-07T16:17:39+00:00\",\"description\":\"Enjoying Chat Avenue? Join over 50,000,000 strangers on TinyChat! Turn on your cam and start meeting new people, or find a match.\",\"breadcrumb\":{\"@id\":\"https:\\\/\\\/tinychat.com\\\/chat-avenue\\\/#breadcrumb\"},\"inLanguage\":\"de\",\"potentialAction\":[{\"@type\":\"ReadAction\",\"target\":[\"https:\\\/\\\/tinychat.com\\\/chat-avenue\\\/\"]}]},{\"@type\":\"BreadcrumbList\",\"@id\":\"https:\\\/\\\/tinychat.com\\\/chat-avenue\\\/#breadcrumb\",\"itemListElement\":[{\"@type\":\"ListItem\",\"position\":1,\"name\":\"Home\",\"item\":\"https:\\\/\\\/tinychat.com\\\/\"},{\"@type\":\"ListItem\",\"position\":2,\"name\":\"Chat Avenue\"}]},{\"@type\":\"WebSite\",\"@id\":\"https:\\\/\\\/tinychat.com\\\/#website\",\"url\":\"https:\\\/\\\/tinychat.com\\\/\",\"name\":\"TinyChat\",\"description\":\"Random Video Chat with Strangers\",\"publisher\":{\"@id\":\"https:\\\/\\\/tinychat.com\\\/#organization\"},\"alternateName\":\"TinyChat.com\",\"potentialAction\":[{\"@type\":\"SearchAction\",\"target\":{\"@type\":\"EntryPoint\",\"urlTemplate\":\"https:\\\/\\\/tinychat.com\\\/?s={search_term_string}\"},\"query-input\":{\"@type\":\"PropertyValueSpecification\",\"valueRequired\":true,\"valueName\":\"search_term_string\"}}],\"inLanguage\":\"de\"},{\"@type\":\"Organization\",\"@id\":\"https:\\\/\\\/tinychat.com\\\/#organization\",\"name\":\"TinyChat\",\"alternateName\":\"TinyChat.com\",\"url\":\"https:\\\/\\\/tinychat.com\\\/\",\"logo\":{\"@type\":\"ImageObject\",\"inLanguage\":\"de\",\"@id\":\"https:\\\/\\\/tinychat.com\\\/#\\\/schema\\\/logo\\\/image\\\/\",\"url\":\"https:\\\/\\\/tinychat.com\\\/wp-content\\\/uploads\\\/2023\\\/11\\\/Tinychat-icon-square.png\",\"contentUrl\":\"https:\\\/\\\/tinychat.com\\\/wp-content\\\/uploads\\\/2023\\\/11\\\/Tinychat-icon-square.png\",\"width\":284,\"height\":284,\"caption\":\"TinyChat\"},\"image\":{\"@id\":\"https:\\\/\\\/tinychat.com\\\/#\\\/schema\\\/logo\\\/image\\\/\"},\"sameAs\":[\"https:\\\/\\\/www.facebook.com\\\/tinychat\",\"https:\\\/\\\/x.com\\\/tinychat\"]}]}<\/script>\n<!-- \/ Yoast SEO plugin. -->","yoast_head_json":{"title":"Chat Avenue - Der Original-Zufalls-Videochat - TinyChat.com","description":"Gef\u00e4llt Ihnen Chat Avenue? Schlie\u00dfen Sie sich \u00fcber 50.000.000 Fremden auf TinyChat an! Schalte deine Kamera ein und fange an, neue Leute zu treffen, oder finde einen Partner.","robots":{"index":"index","follow":"follow","max-snippet":"max-snippet:-1","max-image-preview":"max-image-preview:large","max-video-preview":"max-video-preview:-1"},"canonical":"https:\/\/tinychat.com\/de\/chat-avenue\/","og_locale":"de_DE","og_type":"article","og_title":"Chat Avenue - The Original Random Video Chat - TinyChat.com","og_description":"Enjoying Chat Avenue? Join over 50,000,000 strangers on TinyChat! Turn on your cam and start meeting new people, or find a match.","og_url":"https:\/\/tinychat.com\/de\/chat-avenue\/","og_site_name":"TinyChat","article_publisher":"https:\/\/www.facebook.com\/tinychat","article_modified_time":"2025-07-07T16:17:39+00:00","og_image":[{"width":1280,"height":284,"url":"https:\/\/tinychat.com\/wp-content\/uploads\/2020\/04\/Tinychat-logo-1280x284-new-black.png","type":"image\/png"}],"twitter_card":"summary_large_image","twitter_site":"@tinychat","twitter_misc":{"Gesch\u00e4tzte Lesezeit":"6\u00a0Minuten"},"schema":{"@context":"https:\/\/schema.org","@graph":[{"@type":"WebPage","@id":"https:\/\/tinychat.com\/chat-avenue\/","url":"https:\/\/tinychat.com\/chat-avenue\/","name":"Chat Avenue - Der Original-Zufalls-Videochat - TinyChat.com","isPartOf":{"@id":"https:\/\/tinychat.com\/#website"},"datePublished":"2025-04-19T09:35:24+00:00","dateModified":"2025-07-07T16:17:39+00:00","description":"Gef\u00e4llt Ihnen Chat Avenue? Schlie\u00dfen Sie sich \u00fcber 50.000.000 Fremden auf TinyChat an! Schalte deine Kamera ein und fange an, neue Leute zu treffen, oder finde einen Partner.","breadcrumb":{"@id":"https:\/\/tinychat.com\/chat-avenue\/#breadcrumb"},"inLanguage":"de","potentialAction":[{"@type":"ReadAction","target":["https:\/\/tinychat.com\/chat-avenue\/"]}]},{"@type":"BreadcrumbList","@id":"https:\/\/tinychat.com\/chat-avenue\/#breadcrumb","itemListElement":[{"@type":"ListItem","position":1,"name":"Home","item":"https:\/\/tinychat.com\/"},{"@type":"ListItem","position":2,"name":"Chat Avenue"}]},{"@type":"WebSite","@id":"https:\/\/tinychat.com\/#website","url":"https:\/\/tinychat.com\/","name":"TinyChat","description":"Zuf\u00e4lliger Video-Chat mit Fremden","publisher":{"@id":"https:\/\/tinychat.com\/#organization"},"alternateName":"TinyChat.com","potentialAction":[{"@type":"SearchAction","target":{"@type":"EntryPoint","urlTemplate":"https:\/\/tinychat.com\/?s={search_term_string}"},"query-input":{"@type":"PropertyValueSpecification","valueRequired":true,"valueName":"search_term_string"}}],"inLanguage":"de"},{"@type":"Organization","@id":"https:\/\/tinychat.com\/#organization","name":"TinyChat","alternateName":"TinyChat.com","url":"https:\/\/tinychat.com\/","logo":{"@type":"ImageObject","inLanguage":"de","@id":"https:\/\/tinychat.com\/#\/schema\/logo\/image\/","url":"https:\/\/tinychat.com\/wp-content\/uploads\/2023\/11\/Tinychat-icon-square.png","contentUrl":"https:\/\/tinychat.com\/wp-content\/uploads\/2023\/11\/Tinychat-icon-square.png","width":284,"height":284,"caption":"TinyChat"},"image":{"@id":"https:\/\/tinychat.com\/#\/schema\/logo\/image\/"},"sameAs":["https:\/\/www.facebook.com\/tinychat","https:\/\/x.com\/tinychat"]}]}},"_links":{"self":[{"href":"https:\/\/tinychat.com\/de\/wp-json\/wp\/v2\/pages\/8386","targetHints":{"allow":["GET"]}}],"collection":[{"href":"https:\/\/tinychat.com\/de\/wp-json\/wp\/v2\/pages"}],"about":[{"href":"https:\/\/tinychat.com\/de\/wp-json\/wp\/v2\/types\/page"}],"author":[{"embeddable":true,"href":"https:\/\/tinychat.com\/de\/wp-json\/wp\/v2\/users\/6"}],"replies":[{"embeddable":true,"href":"https:\/\/tinychat.com\/de\/wp-json\/wp\/v2\/comments?post=8386"}],"version-history":[{"count":4,"href":"https:\/\/tinychat.com\/de\/wp-json\/wp\/v2\/pages\/8386\/revisions"}],"predecessor-version":[{"id":13200,"href":"https:\/\/tinychat.com\/de\/wp-json\/wp\/v2\/pages\/8386\/revisions\/13200"}],"wp:attachment":[{"href":"https:\/\/tinychat.com\/de\/wp-json\/wp\/v2\/media?parent=8386"}],"curies":[{"name":"wp","href":"https:\/\/api.w.org\/{rel}","templated":true}]}}