{"id":8446,"date":"2021-10-06T19:55:53","date_gmt":"2021-10-06T17:55:53","guid":{"rendered":"https:\/\/tinychat.com\/?page_id=8446"},"modified":"2025-05-03T17:12:32","modified_gmt":"2025-05-03T15:12:32","slug":"contact","status":"publish","type":"page","link":"https:\/\/tinychat.com\/de\/contact\/","title":{"rendered":"Kontakt"},"content":{"rendered":"<p class=\"\" data-start=\"271\" data-end=\"502\">Wenn Sie Fragen haben oder Hilfe ben\u00f6tigen <a href=\"https:\/\/tinychat.com\/de\/\">TinyChat<\/a>dann sind Sie hier genau richtig. Bevor Sie sich an uns wenden, empfehlen wir Ihnen, die unten stehenden h\u00e4ufig gestellten Fragen durchzulesen - die meisten Benutzer finden die ben\u00f6tigten Antworten, ohne auf den Support warten zu m\u00fcssen.<\/p>\n<blockquote data-start=\"504\" data-end=\"768\">\n<p class=\"\" data-start=\"506\" data-end=\"768\">Wichtiger Hinweis: <a href=\"https:\/\/tinychat.com\/de\/\">TinyChat<\/a> arbeitet in Partnerschaft mit CooMeet als Partner. Das bedeutet, dass wir die Abrechnung, Abonnements oder Benutzerkonten nicht direkt verwalten. Bei Fragen zu Erstattungen oder Abonnements wenden Sie sich bitte an das offizielle Support-Team von CooMeet.<\/p>\n<\/blockquote>\n<h2 data-start=\"775\" data-end=\"816\">H\u00e4ufig gestellte Fragen (FAQs)<\/h2>\n<h4 class=\"\" data-start=\"818\" data-end=\"864\">1. Wird sich mein Abonnement automatisch verl\u00e4ngern?<\/h4>\n<p class=\"\" data-start=\"865\" data-end=\"1251\">Ja. Wenn Sie ein Abonnement f\u00fcr eine <a href=\"https:\/\/tinychat.com\/de\/\">TinyChat<\/a> Premium-Tarif \u00fcber CooMeet abgeschlossen haben, verl\u00e4ngert sich Ihr Abonnement automatisch entsprechend dem von Ihnen gew\u00e4hlten Abrechnungszyklus. Um zu k\u00fcndigen, besuchen Sie bitte die CooMeet-Kundensupportseite, geben Sie Ihre Zahlungsdaten ein und folgen Sie den Anweisungen, um die Verl\u00e4ngerung zu stoppen.<br data-start=\"1140\" data-end=\"1143\" \/>Hinweis: Wenn Sie ein Diamonds-Paket erworben haben, handelt es sich um einmalige K\u00e4ufe, die sich nicht automatisch verl\u00e4ngern.<\/p>\n<h4 class=\"\" data-start=\"1258\" data-end=\"1296\">2. Kann ich mein Konto l\u00f6schen?<\/h4>\n<p class=\"\" data-start=\"1297\" data-end=\"1542\">Derzeit, <a href=\"https:\/\/tinychat.com\/de\/\">TinyChat<\/a> speichert keine pers\u00f6nlichen Nutzerdaten oder dauerhafte Konten. Es besteht also keine Notwendigkeit - und auch keine Funktion - ein Konto zu l\u00f6schen. Wir arbeiten jedoch aktiv an Funktionen, die in Zukunft mehr Profilkontrolle bieten k\u00f6nnten.<\/p>\n<h4 class=\"\" data-start=\"1549\" data-end=\"1582\">3. Kann ich entsperrt werden?<\/h4>\n<p class=\"\" data-start=\"1583\" data-end=\"1772\">Wenn Ihr Konto von unserem Moderationsteam aufgrund eines Versto\u00dfes gegen die Richtlinien unserer Plattform gesperrt wurde, ist diese Entscheidung endg\u00fcltig. Wir bieten zu diesem Zeitpunkt keinen Einspruch oder ein Entsperrungsverfahren an.<\/p>\n<h4 class=\"\" data-start=\"1779\" data-end=\"1812\">4. Kann ich eine R\u00fcckerstattung erhalten?<\/h4>\n<p class=\"\" data-start=\"1813\" data-end=\"2081\">Alle Rechnungen und R\u00fcckerstattungen werden von CooMeet abgewickelt, nicht von <a href=\"https:\/\/tinychat.com\/de\/\">TinyChat<\/a>. Bitte lesen Sie die R\u00fcckerstattungsrichtlinien von CooMeet f\u00fcr vollst\u00e4ndige Informationen und Berechtigungskriterien. Wenn Sie glauben, dass Sie Anspruch auf eine R\u00fcckerstattung haben, wenden Sie sich bitte direkt an das Support-Team auf der offiziellen Website.<\/p>\n<h2 data-start=\"2088\" data-end=\"2112\">Brauchen Sie noch Hilfe?<\/h2>\n<p class=\"\" data-start=\"2114\" data-end=\"2387\">Sollte Ihr Anliegen nicht dabei sein, k\u00f6nnen Sie sich gerne \u00fcber das unten stehende Kontaktformular an uns wenden. Wir sind zwar nicht in der Lage, Ihnen bei Zahlungs- oder Abonnementangelegenheiten zu helfen, aber wir werden unser Bestes tun, um Ihnen bei allgemeinen Fragen zur Nutzung von <a href=\"https:\/\/tinychat.com\/de\/\">TinyChat<\/a>. Bitte warten Sie bis zu 24 Stunden auf eine Antwort.<\/p>\n<p class=\"\" data-start=\"2389\" data-end=\"2486\">Vielen Dank, dass Sie TinyChat nutzen - wir freuen uns, dass Sie Teil unseres weltweiten Videoangebots sind. <a href=\"https:\/\/tinychat.com\/de\/chatroulette\/\">Chat<\/a> Gemeinschaft!<\/p>","protected":false},"excerpt":{"rendered":"<p>If you have questions or need assistance using TinyChat, you\u2019re in the right place. Before reaching out, we recommend reviewing the Frequently Asked Questions below\u2014most users find the answers they need without waiting for support. Important Note: TinyChat works in partnership with CooMeet as an affiliate. This means we do not manage billing, subscriptions, or [&hellip;]<\/p>\n","protected":false},"author":1,"featured_media":0,"parent":0,"menu_order":0,"comment_status":"closed","ping_status":"closed","template":"","meta":{"footnotes":""},"class_list":["post-8446","page","type-page","status-publish","hentry"],"yoast_head":"<!-- This site is optimized with the Yoast SEO plugin v27.5 - https:\/\/yoast.com\/product\/yoast-seo-wordpress\/ -->\n<title>Contact Us - TinyChat<\/title>\n<meta name=\"robots\" content=\"index, follow, max-snippet:-1, max-image-preview:large, max-video-preview:-1\" \/>\n<link rel=\"canonical\" href=\"https:\/\/tinychat.com\/de\/contact\/\" \/>\n<meta property=\"og:locale\" content=\"de_DE\" \/>\n<meta property=\"og:type\" content=\"article\" \/>\n<meta property=\"og:title\" content=\"Contact Us - TinyChat\" \/>\n<meta property=\"og:description\" content=\"If you have questions or need assistance using TinyChat, you\u2019re in the right place. Before reaching out, we recommend reviewing the Frequently Asked Questions below\u2014most users find the answers they need without waiting for support. Important Note: TinyChat works in partnership with CooMeet as an affiliate. This means we do not manage billing, subscriptions, or [&hellip;]\" \/>\n<meta property=\"og:url\" content=\"https:\/\/tinychat.com\/de\/contact\/\" \/>\n<meta property=\"og:site_name\" content=\"TinyChat\" \/>\n<meta property=\"article:publisher\" content=\"https:\/\/www.facebook.com\/tinychat\" \/>\n<meta property=\"article:modified_time\" content=\"2025-05-03T15:12:32+00:00\" \/>\n<meta property=\"og:image\" content=\"https:\/\/tinychat.com\/wp-content\/uploads\/2020\/04\/Tinychat-logo-1280x284-new-black.png\" \/>\n\t<meta property=\"og:image:width\" content=\"1280\" \/>\n\t<meta property=\"og:image:height\" content=\"284\" \/>\n\t<meta property=\"og:image:type\" content=\"image\/png\" \/>\n<meta name=\"twitter:card\" content=\"summary_large_image\" \/>\n<meta name=\"twitter:site\" content=\"@tinychat\" \/>\n<meta name=\"twitter:label1\" content=\"Gesch\u00e4tzte Lesezeit\" \/>\n\t<meta name=\"twitter:data1\" content=\"2\u00a0Minuten\" \/>\n<script type=\"application\/ld+json\" class=\"yoast-schema-graph\">{\"@context\":\"https:\\\/\\\/schema.org\",\"@graph\":[{\"@type\":\"WebPage\",\"@id\":\"https:\\\/\\\/tinychat.com\\\/contact\\\/\",\"url\":\"https:\\\/\\\/tinychat.com\\\/contact\\\/\",\"name\":\"Contact Us - TinyChat\",\"isPartOf\":{\"@id\":\"https:\\\/\\\/tinychat.com\\\/#website\"},\"datePublished\":\"2021-10-06T17:55:53+00:00\",\"dateModified\":\"2025-05-03T15:12:32+00:00\",\"breadcrumb\":{\"@id\":\"https:\\\/\\\/tinychat.com\\\/contact\\\/#breadcrumb\"},\"inLanguage\":\"de\",\"potentialAction\":[{\"@type\":\"ReadAction\",\"target\":[\"https:\\\/\\\/tinychat.com\\\/contact\\\/\"]}]},{\"@type\":\"BreadcrumbList\",\"@id\":\"https:\\\/\\\/tinychat.com\\\/contact\\\/#breadcrumb\",\"itemListElement\":[{\"@type\":\"ListItem\",\"position\":1,\"name\":\"Home\",\"item\":\"https:\\\/\\\/tinychat.com\\\/\"},{\"@type\":\"ListItem\",\"position\":2,\"name\":\"Contact Us\"}]},{\"@type\":\"WebSite\",\"@id\":\"https:\\\/\\\/tinychat.com\\\/#website\",\"url\":\"https:\\\/\\\/tinychat.com\\\/\",\"name\":\"TinyChat\",\"description\":\"Random Video Chat with Strangers\",\"publisher\":{\"@id\":\"https:\\\/\\\/tinychat.com\\\/#organization\"},\"alternateName\":\"TinyChat.com\",\"potentialAction\":[{\"@type\":\"SearchAction\",\"target\":{\"@type\":\"EntryPoint\",\"urlTemplate\":\"https:\\\/\\\/tinychat.com\\\/?s={search_term_string}\"},\"query-input\":{\"@type\":\"PropertyValueSpecification\",\"valueRequired\":true,\"valueName\":\"search_term_string\"}}],\"inLanguage\":\"de\"},{\"@type\":\"Organization\",\"@id\":\"https:\\\/\\\/tinychat.com\\\/#organization\",\"name\":\"TinyChat\",\"alternateName\":\"TinyChat.com\",\"url\":\"https:\\\/\\\/tinychat.com\\\/\",\"logo\":{\"@type\":\"ImageObject\",\"inLanguage\":\"de\",\"@id\":\"https:\\\/\\\/tinychat.com\\\/#\\\/schema\\\/logo\\\/image\\\/\",\"url\":\"https:\\\/\\\/tinychat.com\\\/wp-content\\\/uploads\\\/2023\\\/11\\\/Tinychat-icon-square.png\",\"contentUrl\":\"https:\\\/\\\/tinychat.com\\\/wp-content\\\/uploads\\\/2023\\\/11\\\/Tinychat-icon-square.png\",\"width\":284,\"height\":284,\"caption\":\"TinyChat\"},\"image\":{\"@id\":\"https:\\\/\\\/tinychat.com\\\/#\\\/schema\\\/logo\\\/image\\\/\"},\"sameAs\":[\"https:\\\/\\\/www.facebook.com\\\/tinychat\",\"https:\\\/\\\/x.com\\\/tinychat\"]}]}<\/script>\n<!-- \/ Yoast SEO plugin. -->","yoast_head_json":{"title":"Kontakt - TinyChat","robots":{"index":"index","follow":"follow","max-snippet":"max-snippet:-1","max-image-preview":"max-image-preview:large","max-video-preview":"max-video-preview:-1"},"canonical":"https:\/\/tinychat.com\/de\/contact\/","og_locale":"de_DE","og_type":"article","og_title":"Contact Us - TinyChat","og_description":"If you have questions or need assistance using TinyChat, you\u2019re in the right place. Before reaching out, we recommend reviewing the Frequently Asked Questions below\u2014most users find the answers they need without waiting for support. Important Note: TinyChat works in partnership with CooMeet as an affiliate. This means we do not manage billing, subscriptions, or [&hellip;]","og_url":"https:\/\/tinychat.com\/de\/contact\/","og_site_name":"TinyChat","article_publisher":"https:\/\/www.facebook.com\/tinychat","article_modified_time":"2025-05-03T15:12:32+00:00","og_image":[{"width":1280,"height":284,"url":"https:\/\/tinychat.com\/wp-content\/uploads\/2020\/04\/Tinychat-logo-1280x284-new-black.png","type":"image\/png"}],"twitter_card":"summary_large_image","twitter_site":"@tinychat","twitter_misc":{"Gesch\u00e4tzte Lesezeit":"2\u00a0Minuten"},"schema":{"@context":"https:\/\/schema.org","@graph":[{"@type":"WebPage","@id":"https:\/\/tinychat.com\/contact\/","url":"https:\/\/tinychat.com\/contact\/","name":"Kontakt - TinyChat","isPartOf":{"@id":"https:\/\/tinychat.com\/#website"},"datePublished":"2021-10-06T17:55:53+00:00","dateModified":"2025-05-03T15:12:32+00:00","breadcrumb":{"@id":"https:\/\/tinychat.com\/contact\/#breadcrumb"},"inLanguage":"de","potentialAction":[{"@type":"ReadAction","target":["https:\/\/tinychat.com\/contact\/"]}]},{"@type":"BreadcrumbList","@id":"https:\/\/tinychat.com\/contact\/#breadcrumb","itemListElement":[{"@type":"ListItem","position":1,"name":"Home","item":"https:\/\/tinychat.com\/"},{"@type":"ListItem","position":2,"name":"Contact Us"}]},{"@type":"WebSite","@id":"https:\/\/tinychat.com\/#website","url":"https:\/\/tinychat.com\/","name":"TinyChat","description":"Zuf\u00e4lliger Video-Chat mit Fremden","publisher":{"@id":"https:\/\/tinychat.com\/#organization"},"alternateName":"TinyChat.com","potentialAction":[{"@type":"SearchAction","target":{"@type":"EntryPoint","urlTemplate":"https:\/\/tinychat.com\/?s={search_term_string}"},"query-input":{"@type":"PropertyValueSpecification","valueRequired":true,"valueName":"search_term_string"}}],"inLanguage":"de"},{"@type":"Organization","@id":"https:\/\/tinychat.com\/#organization","name":"TinyChat","alternateName":"TinyChat.com","url":"https:\/\/tinychat.com\/","logo":{"@type":"ImageObject","inLanguage":"de","@id":"https:\/\/tinychat.com\/#\/schema\/logo\/image\/","url":"https:\/\/tinychat.com\/wp-content\/uploads\/2023\/11\/Tinychat-icon-square.png","contentUrl":"https:\/\/tinychat.com\/wp-content\/uploads\/2023\/11\/Tinychat-icon-square.png","width":284,"height":284,"caption":"TinyChat"},"image":{"@id":"https:\/\/tinychat.com\/#\/schema\/logo\/image\/"},"sameAs":["https:\/\/www.facebook.com\/tinychat","https:\/\/x.com\/tinychat"]}]}},"_links":{"self":[{"href":"https:\/\/tinychat.com\/de\/wp-json\/wp\/v2\/pages\/8446","targetHints":{"allow":["GET"]}}],"collection":[{"href":"https:\/\/tinychat.com\/de\/wp-json\/wp\/v2\/pages"}],"about":[{"href":"https:\/\/tinychat.com\/de\/wp-json\/wp\/v2\/types\/page"}],"author":[{"embeddable":true,"href":"https:\/\/tinychat.com\/de\/wp-json\/wp\/v2\/users\/1"}],"replies":[{"embeddable":true,"href":"https:\/\/tinychat.com\/de\/wp-json\/wp\/v2\/comments?post=8446"}],"version-history":[{"count":1,"href":"https:\/\/tinychat.com\/de\/wp-json\/wp\/v2\/pages\/8446\/revisions"}],"predecessor-version":[{"id":13040,"href":"https:\/\/tinychat.com\/de\/wp-json\/wp\/v2\/pages\/8446\/revisions\/13040"}],"wp:attachment":[{"href":"https:\/\/tinychat.com\/de\/wp-json\/wp\/v2\/media?parent=8446"}],"curies":[{"name":"wp","href":"https:\/\/api.w.org\/{rel}","templated":true}]}}