{"id":8588,"date":"2025-07-26T15:30:39","date_gmt":"2025-07-26T13:30:39","guid":{"rendered":"https:\/\/tinychat.com\/?page_id=8588"},"modified":"2025-07-26T17:42:37","modified_gmt":"2025-07-26T15:42:37","slug":"wireclub","status":"publish","type":"page","link":"https:\/\/tinychat.com\/de\/wireclub\/","title":{"rendered":"Wireclub"},"content":{"rendered":"<p>In einer Welt voller fl\u00fcchtiger Social-Media-Momente und oberfl\u00e4chlicher Verbindungen suchen viele Menschen nach etwas Echterem - einem Ort, an dem man sich wirklich unterhalten, dauerhafte Freundschaften schlie\u00dfen oder Interessengruppen zu Themen wie Philosophie, Musik oder Dating beitreten kann. Wireclub ist eine der etabliertesten, lebendigsten und funktionsreichsten Chat-Communities im Internet und bietet Tausende von Chat-R\u00e4umen, leistungsstarke Anpassungsm\u00f6glichkeiten und eine freundliche, aktive Benutzerbasis.<\/p>\n<p>Egal, ob Sie hier neue Leute kennenlernen, Unterst\u00fctzung finden, \u00fcber Hobbys diskutieren oder sogar eine Romanze finden m\u00f6chten, die flexiblen R\u00e4ume und die robuste Plattform von Wireclub machen es zur ersten Adresse f\u00fcr echte soziale Online-Interaktion. Es ist nicht nur eine weitere Chatseite: Es ist ein Netzwerk von Gemeinschaften, die auf Konversation, Respekt und einer gemeinsamen Liebe f\u00fcr Online-Verbindungen aufgebaut sind.<\/p>\n<p>In diesem ausf\u00fchrlichen Leitfaden erfahren Sie alles, was Sie \u00fcber Wireclub wissen m\u00fcssen: Funktionsweise, herausragende Funktionen, Benutzerfreundlichkeit, Datenschutz und Sicherheit, Vergleiche mit anderen Plattformen, Fehlerbehebung und Expertentipps, um jeden Chat optimal zu nutzen.<\/p>\n<h2>Was ist Wireclub?<\/h2>\n<p>Wireclub ist eine browserbasierte Chat-Plattform und ein soziales Netzwerk, das es den Nutzern erm\u00f6glicht, Tausende von Chat-R\u00e4umen zu fast jedem erdenklichen Thema zu erstellen, ihnen beizutreten und an ihnen teilzunehmen. Seit dem Start im Jahr 2003 hat sich Wireclub schnell zu einer weltweiten Gemeinschaft mit Millionen von registrierten Mitgliedern entwickelt und genie\u00dft den Ruf, offen, freundlich und in hohem Ma\u00dfe anpassbar zu sein.<\/p>\n<p>In seinem Kern geht es bei Wireclub um:<\/p>\n<ul>\n<li>Offene Chatr\u00e4ume und private Nachrichten\u00fcbermittlung<\/li>\n<li>Interessengruppen und regionale Gruppen<\/li>\n<li>Nutzergenerierte Inhalte und gemeinschaftsgesteuerte Moderation<\/li>\n<li>Eine Mischung aus Anonymit\u00e4t, Privatsph\u00e4re und dauerhafter sozialer Vernetzung<\/li>\n<\/ul>\n<p>Das Modell von Wireclub unterscheidet sich von den meisten \"Zufalls-Chat\"-Seiten: W\u00e4hrend Sie <em>kann<\/em> Wenn Sie als Gast in den offenen Chat einsteigen m\u00f6chten, k\u00f6nnen Sie die Plattform am besten kennenlernen, indem Sie ein kostenloses Konto erstellen, um soziale Funktionen, Freundeslisten und eine wirklich dauerhafte Online-Identit\u00e4t freizuschalten.<\/p>\n<h2>Hauptmerkmale von Wireclub<\/h2>\n<p>Der Funktionsumfang von Wireclub geh\u00f6rt zu den umfangreichsten im Online-Chat:<\/p>\n<h3>1. Tausende von \u00f6ffentlichen und privaten Chatr\u00e4umen<\/h3>\n<ul>\n<li>Thematische R\u00e4ume: Dating, Musik, Spiele, Philosophie, Gesundheit, Elternschaft, Chat f\u00fcr Erwachsene und mehr.<\/li>\n<li>Land\/Region Rooms: Treffen Sie Leute aus Ihrer Region oder erkunden Sie globale Gemeinschaften.<\/li>\n<li>Benutzerdefinierte R\u00e4ume: Starten Sie Ihre eigene Gruppe, legen Sie das Thema fest und moderieren Sie die Diskussion.<\/li>\n<\/ul>\n<h3>2. Freie Registrierung und dauerhafte Identit\u00e4t<\/h3>\n<ul>\n<li>Erstellen Sie ein kostenloses Konto: Reservieren Sie Ihren Nickname, erstellen Sie ein Profil und treten Sie Chatr\u00e4umen bei oder erstellen Sie welche.<\/li>\n<li>Passen Sie Ihr Profil an: Fotos, Status, Pinnwandeintr\u00e4ge, Abzeichen und mehr.<\/li>\n<li>Freundesliste und Follower: Bauen Sie Ihr Netzwerk auf und sehen Sie, wann Ihre Freunde online sind.<\/li>\n<\/ul>\n<h3>3. Private Nachrichten und Gruppenchats<\/h3>\n<ul>\n<li>Pers\u00f6nliche Nachrichten: Senden Sie private Notizen an Freunde oder neue Kontakte.<\/li>\n<li>Gruppen-PMs: Erstellen Sie kleine private Chatgruppen f\u00fcr enge Kreise.<\/li>\n<\/ul>\n<h3>4. Medienfreigabe und Spa\u00dffunktionen<\/h3>\n<ul>\n<li>Teilen Sie Bilder und Videos: Sofortiges Hochladen und Teilen von Medien in R\u00e4umen oder PMs.<\/li>\n<li>Emojis, Aufkleber und Geschenke: Dr\u00fccken Sie sich mit einer umfangreichen Sammlung von Chat-Erweiterungen aus.<\/li>\n<li>Spiele und Quizze: Spielen Sie mit anderen in Echtzeit, um das Eis zu brechen.<\/li>\n<\/ul>\n<h3>5. Raummoderation und Benutzerkontrollen<\/h3>\n<ul>\n<li>Erstellen Sie Ihre eigenen R\u00e4ume: Legen Sie Regeln fest, laden Sie Freunde ein, ernennen Sie Moderatoren, und behalten Sie die Kontrolle.<\/li>\n<li>Funktionen zum Melden\/Blockieren: Verwalten Sie Ihre eigenen Erfahrungen; Moderatoren sind in den meisten belebten R\u00e4umen anwesend.<\/li>\n<li>Raumanpassung: Legen Sie das Thema, die Regeln, die Willkommensnachricht und die Benutzerrollen fest.<\/li>\n<\/ul>\n<h3>6. Foren und Pinnwandeintr\u00e4ge<\/h3>\n<ul>\n<li>Nicht nur chatten: Beteiligen Sie sich \u00fcber Foren, Pinnwandeintr\u00e4ge und aktuelle Diskussionen an der breiteren Wireclub-Community.<\/li>\n<\/ul>\n<h3>7. M\u00fcnzen und Premiumfunktionen<\/h3>\n<ul>\n<li>Wireclub-M\u00fcnzen: Mit der virtuellen W\u00e4hrung der Website k\u00f6nnen Sie Profil-Upgrades freischalten, Geschenke verschicken, Premium-Zugang kaufen oder extragro\u00dfe R\u00e4ume erstellen.<\/li>\n<li>Premium-Mitgliedschaften: Entfernen Sie Werbung, erhalten Sie Zugang zu speziellen R\u00e4umen und st\u00e4rken Sie Ihr Profil.<\/li>\n<\/ul>\n<h3>8. Mobiler und Desktop-Zugang<\/h3>\n<p>Wireclub ist vollst\u00e4ndig browserbasiert und f\u00fcr Mobilger\u00e4te und Desktops optimiert. Kein Download und keine App-Installation erforderlich.<\/p>\n<h2>So verwenden Sie Wireclub<\/h2>\n<p>Der Einstieg ist einfach - egal, ob Sie als Gast chatten oder der gesamten Community beitreten m\u00f6chten.<\/p>\n<h3>Schritt 1: Besuchen Sie die Wireclub-Website<\/h3>\n<p>\u00d6ffnen Sie wireclub.com in einem beliebigen modernen Browser.<\/p>\n<h3>Schritt 2: Registrieren (empfohlen) oder als Gast chatten<\/h3>\n<ul>\n<li>Registrieren Sie ein kostenloses Konto: Schalten Sie alle Funktionen, dauerhafte Profile und Freundeslisten frei.<\/li>\n<li>Chatten Sie als Gast: Erkunden Sie \u00f6ffentliche R\u00e4ume mit eingeschr\u00e4nkten Funktionen.<\/li>\n<\/ul>\n<h3>Schritt 3: Richten Sie Ihr Profil ein<\/h3>\n<p>F\u00fcgen Sie ein Foto hinzu, schreiben Sie einen kurzen Lebenslauf, legen Sie Ihre Interessen fest und heben Sie Ihr Profil hervor. F\u00fcgen Sie Freunde hinzu und folgen Sie interessanten Menschen.<\/p>\n<h3>Schritt 4: Einen Chat-Raum finden oder erstellen<\/h3>\n<ul>\n<li>Durchsuchen Sie die aktuellen R\u00e4ume oder suchen Sie nach Themen.<\/li>\n<li>Schlie\u00dfen Sie sich L\u00e4nder-\/Sprachr\u00e4umen oder Nischeninteressengruppen an.<\/li>\n<li>Erstellen Sie Ihren eigenen Raum und passen Sie ihn mit Regeln, Themen und Moderatoren an.<\/li>\n<\/ul>\n<h3>Schritt 5: Beteiligen Sie sich an der Konversation<\/h3>\n<p>Tippen Sie Nachrichten, senden Sie Emojis, posten Sie Bilder oder spielen Sie Spiele. Wechseln Sie zwischen den R\u00e4umen oder machen Sie es sich in Ihren Favoriten bequem.<\/p>\n<h3>Schritt 6: Private Nachricht und Freunde hinzuf\u00fcgen<\/h3>\n<p>Klicken Sie auf einen Benutzer, um sein Profil zu \u00f6ffnen, eine private Nachricht zu senden oder ihn als Freund hinzuzuf\u00fcgen.<\/p>\n<h3>Schritt 7: Foren und Pinnwandeintr\u00e4ge erforschen<\/h3>\n<p>Neben dem Chat sind die Foren und Benutzerw\u00e4nde von Wireclub ideal f\u00fcr asynchrone Diskussionen und Ank\u00fcndigungen.<\/p>\n<h3>Schritt 8: Extras mit M\u00fcnzen freischalten<\/h3>\n<p>Nehmen Sie teil, spielen Sie Spiele oder kaufen Sie M\u00fcnzen f\u00fcr Profil-Upgrades, Geschenke oder eine Premium-Mitgliedschaft.<\/p>\n<h2>Benutzererfahrung auf Wireclub<\/h2>\n<p>Die Erfahrung von Wireclub beruht auf Offenheit, Kontrolle und Vielfalt:<\/p>\n<h3>Was Benutzer lieben<\/h3>\n<ul>\n<li>Riesige Auswahl an R\u00e4umen: Immer etwas f\u00fcr jeden - Dating, Freundschaft, Hobbys, Ratschl\u00e4ge und mehr.<\/li>\n<li>Starke, best\u00e4ndige Gemeinschaft: Bauen Sie echte Freundschaften und erkennbare Profile auf.<\/li>\n<li>Umfangreiche Profilanpassung: Heben Sie sich ab und verbinden Sie sich mit Gleichgesinnten.<\/li>\n<li>Gemeinsame Nutzung von Medien und Spielen: Macht Chats lebendig und fesselnd.<\/li>\n<li>Leistungsstarke Moderationswerkzeuge: Halten Sie Ihre R\u00e4ume sauber und dramafrei.<\/li>\n<li>Handy- und Desktop-freundlich: Chatten Sie \u00fcberall und jederzeit.<\/li>\n<\/ul>\n<h3>Wo die Nutzer Raum f\u00fcr Verbesserungen sehen<\/h3>\n<ul>\n<li>Einige Funktionen (gro\u00dfe R\u00e4ume, Premium-Geschenke, keine Werbung) erfordern M\u00fcnzen oder eine Pr\u00e4mie.<\/li>\n<li>In belebten R\u00e4umen kann es schnell gehen - in privaten R\u00e4umen kann man sich besser konzentrieren.<\/li>\n<li>Wie bei allen offenen Chat-Seiten k\u00f6nnen Trolle auftreten (aktive Moderation hilft).<\/li>\n<li>Foren sind weniger aktiv als Chatr\u00e4ume.<\/li>\n<\/ul>\n<h3>Echtes Benutzer-Feedback<\/h3>\n<blockquote><p>\"Wireclub ist mein Online-Zuhause. Ich habe Freunde in der ganzen Welt gefunden und sogar meinen Partner hier kennengelernt.\"<br \/>\n- <em>Helen B., Trustpilot<\/em><\/p><\/blockquote>\n<blockquote><p>\"Ich liebe die Vielfalt - es gibt Platz f\u00fcr buchst\u00e4blich jedes Interesse, und die Gemeinschaft ist gro\u00dfartig.\"<br \/>\n- <em>Manuel S., Google Bewertungen<\/em><\/p><\/blockquote>\n<blockquote><p>\"Meinen eigenen Raum zu schaffen und die Regeln festzulegen, war f\u00fcr meinen Buchclub ein Wendepunkt.<br \/>\n- <em>Sarah T., App Store<\/em><\/p><\/blockquote>\n<h2>Wireclub im Vergleich zu anderen Chatroom-Plattformen<\/h2>\n<p>Wie schneidet Wireclub im Vergleich zu f\u00fchrenden Chatseiten ab?<\/p>\n<table>\n<thead>\n<tr>\n<th>Merkmal<\/th>\n<th>Wireclub<\/th>\n<th>321Chat<\/th>\n<th>Chatroom2000<\/th>\n<th>Yesichat<\/th>\n<th>Chatzy<\/th>\n<th>Diskord<\/th>\n<\/tr>\n<\/thead>\n<tbody>\n<tr>\n<td>Kostenlose Registrierung<\/td>\n<td>\u2705 Ja<\/td>\n<td>\u2705 Ja<\/td>\n<td>\u2705 Fakultativ<\/td>\n<td>\u2705 Ja<\/td>\n<td>\u2705 Fakultativ<\/td>\n<td>\u2705 Ja<\/td>\n<\/tr>\n<tr>\n<td>Gruppe\/\u00f6ffentliche Chat-R\u00e4ume<\/td>\n<td>\u2705 Ja<\/td>\n<td>\u2705 Ja<\/td>\n<td>\u2705 Ja<\/td>\n<td>\u2705 Ja<\/td>\n<td>\u2705 Ja<\/td>\n<td>\u2705 Ja<\/td>\n<\/tr>\n<tr>\n<td>Erstellen Sie Ihre eigenen R\u00e4ume<\/td>\n<td>\u2705 Ja<\/td>\n<td>\u2705 Begrenzt<\/td>\n<td>\u2705 Ja<\/td>\n<td>\u2705 Ja<\/td>\n<td>\u2705 Ja<\/td>\n<td>\u2705 Ja<\/td>\n<\/tr>\n<tr>\n<td>Gemeinsame Nutzung von Medien<\/td>\n<td>\u2705 Ja<\/td>\n<td>\u2705 Ja<\/td>\n<td>\u2705 Ja<\/td>\n<td>\u2705 Ja<\/td>\n<td>\u2705 Ja<\/td>\n<td>\u2705 Ja<\/td>\n<\/tr>\n<tr>\n<td>Profilanpassung<\/td>\n<td>\u2705 Ja<\/td>\n<td>\u2705 Begrenzt<\/td>\n<td>\u2705 Begrenzt<\/td>\n<td>\u2705 Ja<\/td>\n<td>\u2705 Ja<\/td>\n<td>\u2705 Ja<\/td>\n<\/tr>\n<tr>\n<td>Mobiloptimiert<\/td>\n<td>\u2705 Ja<\/td>\n<td>\u2705 Ja<\/td>\n<td>\u2705 Ja<\/td>\n<td>\u2705 Ja<\/td>\n<td>\u2705 Ja<\/td>\n<td>\u2705 Ja<\/td>\n<\/tr>\n<tr>\n<td>Spiele &amp; Geschenke<\/td>\n<td>\u2705 Ja<\/td>\n<td>\u274c Nein<\/td>\n<td>\u274c Nein<\/td>\n<td>\u2705 Begrenzt<\/td>\n<td>\u274c Nein<\/td>\n<td>\u2705 Ja<\/td>\n<\/tr>\n<tr>\n<td>M\u00fcnzen\/Virtuelle W\u00e4hrung<\/td>\n<td>\u2705 Ja<\/td>\n<td>\u274c Nein<\/td>\n<td>\u274c Nein<\/td>\n<td>\u274c Nein<\/td>\n<td>\u274c Nein<\/td>\n<td>\u274c Nein<\/td>\n<\/tr>\n<tr>\n<td>Foren\/Mauerbeitr\u00e4ge<\/td>\n<td>\u2705 Ja<\/td>\n<td>\u274c Nein<\/td>\n<td>\u274c Nein<\/td>\n<td>\u274c Nein<\/td>\n<td>\u274c Nein<\/td>\n<td>\u2705 Foren<\/td>\n<\/tr>\n<tr>\n<td>Starke Moderation<\/td>\n<td>\u2705 Ja<\/td>\n<td>\u2705 Ja<\/td>\n<td>\u2705 Ja<\/td>\n<td>\u2705 Ja<\/td>\n<td>\u2705 Ja<\/td>\n<td>\u2705 Ja<\/td>\n<\/tr>\n<\/tbody>\n<\/table>\n<p>Zusammenfassung: Wireclub bietet die umfassendste Anpassung, die gr\u00f6\u00dfte Auswahl an Chatr\u00e4umen und die besten sozialen Funktionen aller browserbasierten Chat-Plattformen - ideal f\u00fcr Benutzer, die mehr als nur anonymen Chat suchen.<\/p>\n<h2>Ist Wireclub sicher?<\/h2>\n<p>Wireclub nimmt den Datenschutz und die Sicherheit ernst:<\/p>\n<ul>\n<li>Profil- und Raumdatenschutz: Kontrollieren Sie, wer Ihre Daten sieht und wer Ihrem Raum beitritt.<\/li>\n<li>Aktive menschliche Moderatoren: In belebten R\u00e4umen und bereit, auf Meldungen zu reagieren.<\/li>\n<li>Einfache Blockier-\/Melde-Tools: Sofortige Stummschaltung oder Kennzeichnung missbr\u00e4uchlicher Nutzer.<\/li>\n<li>Altersgem\u00e4\u00dfe R\u00e4ume: Klare Trennung zwischen Erwachsenen-, Allgemein- und Jugendr\u00e4umen.<\/li>\n<li>Kontrolle der Anonymit\u00e4t: Verwenden Sie Spitznamen, ohne dass Sie einen echten Namen angeben m\u00fcssen.<\/li>\n<\/ul>\n<h3>Sicherheitstipps<\/h3>\n<ul>\n<li>Geben Sie keine sensiblen pers\u00f6nlichen Informationen weiter, insbesondere nicht in \u00f6ffentlichen R\u00e4umen.<\/li>\n<li>Nutzen Sie private R\u00e4ume und Einladungen f\u00fcr vertrauensvolle Gespr\u00e4che.<\/li>\n<li>Blockieren oder melden Sie jeden, der Ihnen Unbehagen bereitet.<\/li>\n<li>Registrieren Sie sich f\u00fcr ein dauerhaftes Profil und verwalten Sie Ihre Freunde\/Follower sorgf\u00e4ltig.<\/li>\n<li>Vermeiden Sie es, auf unbekannte Links zu klicken oder zuf\u00e4llige Dateifreigaben zu akzeptieren.<\/li>\n<\/ul>\n<h2>Tipps zur optimalen Nutzung von Wireclub<\/h2>\n<ul>\n<li>R\u00e4ume erkunden: F\u00fcr jedes Hobby oder Thema gibt es eine Gruppe - treten Sie ein und stellen Sie sich vor.<\/li>\n<li>Erstellen Sie Ihren eigenen Raum: Legen Sie die Regeln fest, laden Sie Freunde ein, bauen Sie eine Gemeinschaft auf.<\/li>\n<li>Passen Sie Ihr Profil an: Heben Sie sich ab und gewinnen Sie die richtigen Kontakte.<\/li>\n<li>Medien teilen: Halten Sie Unterhaltungen mit Fotos, GIFs und Videos lebendig.<\/li>\n<li>Spiele spielen: Brechen Sie das Eis und haben Sie Spa\u00df mit chatbasierten Spielen und Quizspielen.<\/li>\n<li>Verwenden Sie Moderationswerkzeuge: Halten Sie Ihren Chat-Raum dramafrei.<\/li>\n<li>Probieren Sie Premium: Wenn Sie Wireclub lieben, sollten Sie M\u00fcnzen oder eine Mitgliedschaft f\u00fcr zus\u00e4tzliche Vorteile in Betracht ziehen.<\/li>\n<li>Wechseln Sie zwischen Handy und Desktop: Volle Funktionalit\u00e4t, egal wo Sie sind.<\/li>\n<\/ul>\n<h2>Fehlersuche bei h\u00e4ufigen Wireclub-Problemen<\/h2>\n<h3>Kann einen Raum nicht betreten<\/h3>\n<p>Pr\u00fcfen Sie, ob der Raum privat ist oder eine Einladung erfordert. Versuchen Sie, sich zu registrieren oder anzumelden, um vollen Zugang zu erhalten.<\/p>\n<h3>Bilder oder Geschenke k\u00f6nnen nicht gesendet werden<\/h3>\n<p>F\u00fcr einige Funktionen sind M\u00fcnzen oder ein Premium-Konto erforderlich; verdienen Sie M\u00fcnzen, indem Sie mitmachen, oder kaufen Sie sie.<\/p>\n<h3>Begegnungen mit Trollen oder Spam<\/h3>\n<p>Blockieren und melden Sie sofort; Moderatoren sind in allen wichtigen R\u00e4umen anwesend.<\/p>\n<h3>Verlorene Freunde oder Profil<\/h3>\n<p>Registrieren Sie sich f\u00fcr ein Konto und melden Sie sich jedes Mal an, um Ihr Profil, Ihre Freunde und Ihre Einstellungen zu behalten.<\/p>\n<h3>Mobile Themen<\/h3>\n<p>Das Wireclub ist browserbasiert. Stellen Sie sicher, dass Sie einen modernen, aktuellen Browser verwenden, um die beste Leistung zu erzielen.<\/p>\n<p>Auf jeden Fall - vor allem f\u00fcr alle, die eine echte soziale Chat-Community, unendliche Raumvielfalt und mehr Tiefe als zuf\u00e4llige Chat-Apps oder einfache Messenger suchen. Wireclub kombiniert den klassischen Gruppenchat mit modernen sozialen Netzwerken und ist damit ein digitaler Treffpunkt f\u00fcr Freunde, Hobbyisten, Singles und Hilfesuchende.<\/p>\n<p>Egal, ob Sie neue Leute kennenlernen, an Debatten teilnehmen, Medien austauschen oder Ihre eigene Gruppe aufbauen m\u00f6chten, Wireclub ist Ihr sozialer Online-Club - immer offen, immer lebendig und auf der Grundstufe immer kostenlos.<\/p>\n<p>Sind Sie bereit, an der Konversation teilzunehmen? Besuchen Sie wireclub.com, erstellen Sie Ihr Profil, erkunden Sie R\u00e4ume und beginnen Sie noch heute Ihr n\u00e4chstes gro\u00dfes Gespr\u00e4ch.<\/p>","protected":false},"excerpt":{"rendered":"<p>In a world full of fleeting social media moments and surface-level connections, many people are searching for something more genuine\u2014a place where you can truly engage in conversation, make lasting friends, or join interest groups on everything from philosophy to music to dating. Wireclub stands as one of the most established, vibrant, and feature-rich chat [&hellip;]<\/p>\n","protected":false},"author":6,"featured_media":0,"parent":0,"menu_order":0,"comment_status":"closed","ping_status":"closed","template":"","meta":{"footnotes":""},"class_list":["post-8588","page","type-page","status-publish","hentry"],"yoast_head":"<!-- This site is optimized with the Yoast SEO plugin v27.4 - https:\/\/yoast.com\/product\/yoast-seo-wordpress\/ -->\n<title>Wireclub - Free Online Chat Rooms - TinyChat.com<\/title>\n<meta name=\"description\" content=\"Enjoying Wireclub? Join over 50,000,000 strangers on TinyChat! Turn on your cam and start meeting new people, or find a match.\" \/>\n<meta name=\"robots\" content=\"index, follow, max-snippet:-1, max-image-preview:large, max-video-preview:-1\" \/>\n<link rel=\"canonical\" href=\"https:\/\/tinychat.com\/de\/wireclub\/\" \/>\n<meta property=\"og:locale\" content=\"de_DE\" \/>\n<meta property=\"og:type\" content=\"article\" \/>\n<meta property=\"og:title\" content=\"Wireclub - Free Online Chat Rooms - TinyChat.com\" \/>\n<meta property=\"og:description\" content=\"Enjoying Wireclub? Join over 50,000,000 strangers on TinyChat! Turn on your cam and start meeting new people, or find a match.\" \/>\n<meta property=\"og:url\" content=\"https:\/\/tinychat.com\/de\/wireclub\/\" \/>\n<meta property=\"og:site_name\" content=\"TinyChat\" \/>\n<meta property=\"article:publisher\" content=\"https:\/\/www.facebook.com\/tinychat\" \/>\n<meta property=\"article:modified_time\" content=\"2025-07-26T15:42:37+00:00\" \/>\n<meta property=\"og:image\" content=\"https:\/\/tinychat.com\/wp-content\/uploads\/2020\/04\/Tinychat-logo-1280x284-new-black.png\" \/>\n\t<meta property=\"og:image:width\" content=\"1280\" \/>\n\t<meta property=\"og:image:height\" content=\"284\" \/>\n\t<meta property=\"og:image:type\" content=\"image\/png\" \/>\n<meta name=\"twitter:card\" content=\"summary_large_image\" \/>\n<meta name=\"twitter:site\" content=\"@tinychat\" \/>\n<meta name=\"twitter:label1\" content=\"Gesch\u00e4tzte Lesezeit\" \/>\n\t<meta name=\"twitter:data1\" content=\"7\u00a0Minuten\" \/>\n<script type=\"application\/ld+json\" class=\"yoast-schema-graph\">{\"@context\":\"https:\\\/\\\/schema.org\",\"@graph\":[{\"@type\":\"WebPage\",\"@id\":\"https:\\\/\\\/tinychat.com\\\/wireclub\\\/\",\"url\":\"https:\\\/\\\/tinychat.com\\\/wireclub\\\/\",\"name\":\"Wireclub - Free Online Chat Rooms - TinyChat.com\",\"isPartOf\":{\"@id\":\"https:\\\/\\\/tinychat.com\\\/#website\"},\"datePublished\":\"2025-07-26T13:30:39+00:00\",\"dateModified\":\"2025-07-26T15:42:37+00:00\",\"description\":\"Enjoying Wireclub? Join over 50,000,000 strangers on TinyChat! Turn on your cam and start meeting new people, or find a match.\",\"breadcrumb\":{\"@id\":\"https:\\\/\\\/tinychat.com\\\/wireclub\\\/#breadcrumb\"},\"inLanguage\":\"de\",\"potentialAction\":[{\"@type\":\"ReadAction\",\"target\":[\"https:\\\/\\\/tinychat.com\\\/wireclub\\\/\"]}]},{\"@type\":\"BreadcrumbList\",\"@id\":\"https:\\\/\\\/tinychat.com\\\/wireclub\\\/#breadcrumb\",\"itemListElement\":[{\"@type\":\"ListItem\",\"position\":1,\"name\":\"Home\",\"item\":\"https:\\\/\\\/tinychat.com\\\/\"},{\"@type\":\"ListItem\",\"position\":2,\"name\":\"Wireclub\"}]},{\"@type\":\"WebSite\",\"@id\":\"https:\\\/\\\/tinychat.com\\\/#website\",\"url\":\"https:\\\/\\\/tinychat.com\\\/\",\"name\":\"TinyChat\",\"description\":\"Random Video Chat with Strangers\",\"publisher\":{\"@id\":\"https:\\\/\\\/tinychat.com\\\/#organization\"},\"alternateName\":\"TinyChat.com\",\"potentialAction\":[{\"@type\":\"SearchAction\",\"target\":{\"@type\":\"EntryPoint\",\"urlTemplate\":\"https:\\\/\\\/tinychat.com\\\/?s={search_term_string}\"},\"query-input\":{\"@type\":\"PropertyValueSpecification\",\"valueRequired\":true,\"valueName\":\"search_term_string\"}}],\"inLanguage\":\"de\"},{\"@type\":\"Organization\",\"@id\":\"https:\\\/\\\/tinychat.com\\\/#organization\",\"name\":\"TinyChat\",\"alternateName\":\"TinyChat.com\",\"url\":\"https:\\\/\\\/tinychat.com\\\/\",\"logo\":{\"@type\":\"ImageObject\",\"inLanguage\":\"de\",\"@id\":\"https:\\\/\\\/tinychat.com\\\/#\\\/schema\\\/logo\\\/image\\\/\",\"url\":\"https:\\\/\\\/tinychat.com\\\/wp-content\\\/uploads\\\/2023\\\/11\\\/Tinychat-icon-square.png\",\"contentUrl\":\"https:\\\/\\\/tinychat.com\\\/wp-content\\\/uploads\\\/2023\\\/11\\\/Tinychat-icon-square.png\",\"width\":284,\"height\":284,\"caption\":\"TinyChat\"},\"image\":{\"@id\":\"https:\\\/\\\/tinychat.com\\\/#\\\/schema\\\/logo\\\/image\\\/\"},\"sameAs\":[\"https:\\\/\\\/www.facebook.com\\\/tinychat\",\"https:\\\/\\\/x.com\\\/tinychat\"]}]}<\/script>\n<!-- \/ Yoast SEO plugin. -->","yoast_head_json":{"title":"Wireclub - Kostenlose Online-Chatr\u00e4ume - TinyChat.com","description":"Gef\u00e4llt Ihnen Wireclub? Schlie\u00dfen Sie sich \u00fcber 50.000.000 Fremden auf TinyChat an! Schalte deine Kamera ein und fange an, neue Leute zu treffen, oder finde einen Partner.","robots":{"index":"index","follow":"follow","max-snippet":"max-snippet:-1","max-image-preview":"max-image-preview:large","max-video-preview":"max-video-preview:-1"},"canonical":"https:\/\/tinychat.com\/de\/wireclub\/","og_locale":"de_DE","og_type":"article","og_title":"Wireclub - Free Online Chat Rooms - TinyChat.com","og_description":"Enjoying Wireclub? Join over 50,000,000 strangers on TinyChat! Turn on your cam and start meeting new people, or find a match.","og_url":"https:\/\/tinychat.com\/de\/wireclub\/","og_site_name":"TinyChat","article_publisher":"https:\/\/www.facebook.com\/tinychat","article_modified_time":"2025-07-26T15:42:37+00:00","og_image":[{"width":1280,"height":284,"url":"https:\/\/tinychat.com\/wp-content\/uploads\/2020\/04\/Tinychat-logo-1280x284-new-black.png","type":"image\/png"}],"twitter_card":"summary_large_image","twitter_site":"@tinychat","twitter_misc":{"Gesch\u00e4tzte Lesezeit":"7\u00a0Minuten"},"schema":{"@context":"https:\/\/schema.org","@graph":[{"@type":"WebPage","@id":"https:\/\/tinychat.com\/wireclub\/","url":"https:\/\/tinychat.com\/wireclub\/","name":"Wireclub - Kostenlose Online-Chatr\u00e4ume - TinyChat.com","isPartOf":{"@id":"https:\/\/tinychat.com\/#website"},"datePublished":"2025-07-26T13:30:39+00:00","dateModified":"2025-07-26T15:42:37+00:00","description":"Gef\u00e4llt Ihnen Wireclub? Schlie\u00dfen Sie sich \u00fcber 50.000.000 Fremden auf TinyChat an! Schalte deine Kamera ein und fange an, neue Leute zu treffen, oder finde einen Partner.","breadcrumb":{"@id":"https:\/\/tinychat.com\/wireclub\/#breadcrumb"},"inLanguage":"de","potentialAction":[{"@type":"ReadAction","target":["https:\/\/tinychat.com\/wireclub\/"]}]},{"@type":"BreadcrumbList","@id":"https:\/\/tinychat.com\/wireclub\/#breadcrumb","itemListElement":[{"@type":"ListItem","position":1,"name":"Home","item":"https:\/\/tinychat.com\/"},{"@type":"ListItem","position":2,"name":"Wireclub"}]},{"@type":"WebSite","@id":"https:\/\/tinychat.com\/#website","url":"https:\/\/tinychat.com\/","name":"TinyChat","description":"Zuf\u00e4lliger Video-Chat mit Fremden","publisher":{"@id":"https:\/\/tinychat.com\/#organization"},"alternateName":"TinyChat.com","potentialAction":[{"@type":"SearchAction","target":{"@type":"EntryPoint","urlTemplate":"https:\/\/tinychat.com\/?s={search_term_string}"},"query-input":{"@type":"PropertyValueSpecification","valueRequired":true,"valueName":"search_term_string"}}],"inLanguage":"de"},{"@type":"Organization","@id":"https:\/\/tinychat.com\/#organization","name":"TinyChat","alternateName":"TinyChat.com","url":"https:\/\/tinychat.com\/","logo":{"@type":"ImageObject","inLanguage":"de","@id":"https:\/\/tinychat.com\/#\/schema\/logo\/image\/","url":"https:\/\/tinychat.com\/wp-content\/uploads\/2023\/11\/Tinychat-icon-square.png","contentUrl":"https:\/\/tinychat.com\/wp-content\/uploads\/2023\/11\/Tinychat-icon-square.png","width":284,"height":284,"caption":"TinyChat"},"image":{"@id":"https:\/\/tinychat.com\/#\/schema\/logo\/image\/"},"sameAs":["https:\/\/www.facebook.com\/tinychat","https:\/\/x.com\/tinychat"]}]}},"_links":{"self":[{"href":"https:\/\/tinychat.com\/de\/wp-json\/wp\/v2\/pages\/8588","targetHints":{"allow":["GET"]}}],"collection":[{"href":"https:\/\/tinychat.com\/de\/wp-json\/wp\/v2\/pages"}],"about":[{"href":"https:\/\/tinychat.com\/de\/wp-json\/wp\/v2\/types\/page"}],"author":[{"embeddable":true,"href":"https:\/\/tinychat.com\/de\/wp-json\/wp\/v2\/users\/6"}],"replies":[{"embeddable":true,"href":"https:\/\/tinychat.com\/de\/wp-json\/wp\/v2\/comments?post=8588"}],"version-history":[{"count":3,"href":"https:\/\/tinychat.com\/de\/wp-json\/wp\/v2\/pages\/8588\/revisions"}],"predecessor-version":[{"id":13365,"href":"https:\/\/tinychat.com\/de\/wp-json\/wp\/v2\/pages\/8588\/revisions\/13365"}],"wp:attachment":[{"href":"https:\/\/tinychat.com\/de\/wp-json\/wp\/v2\/media?parent=8588"}],"curies":[{"name":"wp","href":"https:\/\/api.w.org\/{rel}","templated":true}]}}