{"id":8647,"date":"2025-05-26T09:38:47","date_gmt":"2025-05-26T07:38:47","guid":{"rendered":"https:\/\/tinychat.com\/?page_id=8647"},"modified":"2025-07-07T18:18:24","modified_gmt":"2025-07-07T16:18:24","slug":"chatib","status":"publish","type":"page","link":"https:\/\/tinychat.com\/de\/chatib\/","title":{"rendered":"Chatib"},"content":{"rendered":"<p>Da sich die Online-Kommunikation st\u00e4ndig weiterentwickelt, sind Plattformen, die die Komplexit\u00e4t beseitigen und echte, spontane Gespr\u00e4che in den Mittelpunkt stellen, unbestreitbar attraktiv. Chatib ist eine dieser Plattformen - eine R\u00fcckbesinnung auf die goldene \u00c4ra der Online-Chatrooms, aber aktualisiert f\u00fcr das moderne Web. Wenn Sie neue Leute kennenlernen, Freundschaften schlie\u00dfen oder sich einfach nur die Zeit mit Fremden rund um den Globus im Chat vertreiben wollen, ist Chatib ein erstklassiges Ziel - und Sie m\u00fcssen sich nicht anmelden, nichts herunterladen oder Ihre wahre Identit\u00e4t preisgeben.<\/p>\n<p>Bei Chatib dreht sich alles um sofortige, textbasierte Interaktion, die \u00fcber jeden Browser, auf jedem Ger\u00e4t und ohne jegliche H\u00fcrden zug\u00e4nglich ist. Egal, ob Sie auf der Suche nach neuen Freunden, einem Flirt-Chat oder einem Gemeinschaftsraum f\u00fcr Ihre Interessen sind, die \u00f6ffentlichen R\u00e4ume und privaten Chat-Funktionen von Chatib machen es einfach, Kontakte zu kn\u00fcpfen, zu kommunizieren und zu teilen - und das alles kostenlos.<\/p>\n<p>Dieser Artikel besch\u00e4ftigt sich eingehend mit der Funktionsweise von Chatib, seinen Hauptfunktionen, den Unterschieden zu anderen Chatseiten, Sicherheitstipps, Vergleichen und der Frage, wie man das Beste aus jeder Chatroom-Sitzung herausholt.<\/p>\n<h2>Was ist Chatib?<\/h2>\n<p>Chatib ist eine kostenlose, anonyme Chatroom-Plattform, die Nutzer weltweit \u00fcber offene Chatrooms und private Nachrichten in Echtzeit miteinander verbindet. Da keine Registrierung erforderlich ist und keine App installiert werden muss, zeichnet sich Chatib durch seinen einfachen Zugang und sein leichtes Design aus.<\/p>\n<p>Chatib wurde gegr\u00fcndet, um das klassische Chatroom-Erlebnis wiederzubeleben, und bietet eine Auswahl an themen- und l\u00e4nderbasierten R\u00e4umen (wie \"Single-Chat\", \"USA-Chat\" oder \"Musikliebhaber\") sowie die M\u00f6glichkeit, unter vier Augen privat zu chatten. Sie w\u00e4hlen einfach einen Nickname, einen Raum und fangen an zu tippen. Wenn Sie jemanden interessant finden, k\u00f6nnen Sie mit ihm privat chatten oder ihn als Freund hinzuf\u00fcgen, um leichter wieder in Kontakt zu kommen.<\/p>\n<p>Chatib konzentriert sich auf die reine Textkommunikation und ist perfekt f\u00fcr alle, die Anonymit\u00e4t bevorzugen oder chatten m\u00f6chten, ohne eine Kamera oder ein Mikrofon einzuschalten. Die Anwendung ist webbasiert, mobilfreundlich und v\u00f6llig kostenlos.<\/p>\n<h2>Hauptmerkmale der Chatib<\/h2>\n<p>Chatib mag einfach aussehen, aber es ist vollgepackt mit praktischen Funktionen, die es zu einer der flexibelsten und einladendsten Chatseiten im Internet machen.<\/p>\n<h3>1. Keine Registrierung oder Download erforderlich<\/h3>\n<p>Das Herzst\u00fcck des Chatib ist sein sofortiger, unkomplizierter Einstieg. F\u00fcr die grundlegende Nutzung ist keine Kontoanmeldung erforderlich:<\/p>\n<ul>\n<li>W\u00e4hlen Sie einen Spitznamen<\/li>\n<li>W\u00e4hlen Sie Ihr Geschlecht und Ihre Altersgruppe<\/li>\n<li>W\u00e4hlen Sie einen Chatraum (nach Thema oder Land)<\/li>\n<li>Stimmen Sie den Bedingungen zu, und schon sind Sie dabei!<\/li>\n<\/ul>\n<p>Es werden keine E-Mails, Telefonnummern oder pers\u00f6nlichen Daten von Gastnutzern erfasst.<\/p>\n<h3>2. \u00d6ffentliche Chatrooms nach Thema und Region<\/h3>\n<p>Chatib bietet eine gro\u00dfe Auswahl an offenen Chatr\u00e4umen, die nach Kategorien geordnet sind:<\/p>\n<ul>\n<li>Land\/Region: z.B. USA, UK, Indien, Philippinen, S\u00fcdafrika und viele mehr<\/li>\n<li>Interesse\/Thema: z.B. Singles, Teenager, Musik, Dating, Sport, Bildung, Flirten, etc.<\/li>\n<\/ul>\n<p>So k\u00f6nnen Sie einem Raum beitreten, der Ihren Interessen oder Ihrer bevorzugten Sprache entspricht, und auf einfache Weise mit Gleichgesinnten aus der ganzen Welt in Kontakt treten.<\/p>\n<h3>3. Privater Eins-zu-Eins-Chat<\/h3>\n<p>Wenn Sie jemanden in einem \u00f6ffentlichen Raum anklicken, k\u00f6nnen Sie ihn sofort in ein privates Chat-Fenster f\u00fcr Einzelgespr\u00e4che einladen. Hier ist Ihre Unterhaltung nur f\u00fcr Sie und Ihren Chatpartner sichtbar. So k\u00f6nnen Sie sich in Ruhe unterhalten und sich besser kennenlernen.<\/p>\n<h3>4. Freundesliste und Sperrung<\/h3>\n<p>Wenn Sie ein kostenloses Chatib-Konto erstellen (optional), k\u00f6nnen Sie Benutzer zu Ihrer Freundesliste hinzuf\u00fcgen, um schnell wieder in Kontakt zu treten, unerw\u00fcnschte Benutzer blockieren und Ihre privaten Unterhaltungen verwalten. Blockier- und Meldetools sorgen f\u00fcr ein sicheres und respektvolles Nutzererlebnis.<\/p>\n<h3>5. Mobile-First-Design<\/h3>\n<p>Chatib funktioniert nahtlos in jedem mobilen Browser und passt sich automatisch an Ihre Bildschirmgr\u00f6\u00dfe an. Sie brauchen keine spezielle App - besuchen Sie einfach Chatib.com auf Ihrem Telefon oder Tablet und beginnen Sie zu chatten. Die Schnittstelle ist leicht, l\u00e4dt schnell und verbraucht wenig Daten.<\/p>\n<h3>6. Sprach- und L\u00e4nderfilter<\/h3>\n<p>Sie k\u00f6nnen Chatr\u00e4ume ganz einfach filtern oder nach Sprache und Land suchen, was sich hervorragend eignet, um eine Sprache zu \u00fcben, Einheimische zu treffen oder mit Menschen aus bestimmten Kulturen oder Regionen in Kontakt zu treten.<\/p>\n<h3>7. Grundlegende Benutzerprofile<\/h3>\n<p>F\u00fcr registrierte Benutzer bietet Chatib die M\u00f6glichkeit, ein einfaches Profil mit einem Bild, einem Spitznamen, einem Land und einer kurzen Beschreibung einzurichten. Das macht es f\u00fcr Freunde einfacher, Sie zu erkennen, oder f\u00fcr andere Nutzer, etwas \u00fcber denjenigen zu erfahren, mit dem sie chatten.<\/p>\n<h3>8. Emoji, Sticker und Medienfreigabe<\/h3>\n<p>Zur Belebung von Gespr\u00e4chen unterst\u00fctzt das Chatib:<\/p>\n<ul>\n<li>Emoji und Sticker-Pakete<\/li>\n<li>Einfache Bildfreigabe (unterliegt der Moderation)<\/li>\n<li>Lustige, ausdrucksstarke Textformatierung<\/li>\n<\/ul>\n<p>Das macht die Unterhaltung interessanter und hilft, das Eis mit neuen Leuten zu brechen.<\/p>\n<h2>So verwenden Sie Chatib<\/h2>\n<p>Die gr\u00f6\u00dfte St\u00e4rke des Chatib ist seine Zug\u00e4nglichkeit. Hier erfahren Sie, wie Sie in weniger als einer Minute loslegen k\u00f6nnen:<\/p>\n<h3>Schritt 1: Gehen Sie zu Chatib.com<\/h3>\n<p>Besuchen Sie chatib.com mit einem beliebigen Browser (Desktop, Tablet oder Handy).<\/p>\n<h3>Schritt 2: W\u00e4hlen Sie einen Spitznamen und Details<\/h3>\n<p>Geben Sie einen Spitznamen ein, w\u00e4hlen Sie Ihr Geschlecht und Ihre Altersgruppe, und w\u00e4hlen Sie Ihr Land. Sie k\u00f6nnen ein Pseudonym verwenden, um Ihre Privatsph\u00e4re zu sch\u00fctzen.<\/p>\n<h3>Schritt 3: W\u00e4hlen Sie einen Chatroom<\/h3>\n<p>Bl\u00e4ttern Sie durch die verf\u00fcgbaren Chatr\u00e4ume, geordnet nach Land und Thema. Klicken Sie auf den Raum, der Sie interessiert.<\/p>\n<h3>Schritt 4: Chatten beginnen<\/h3>\n<p>Sobald Sie in einem Raum sind, geben Sie einfach Ihre Nachricht ein und nehmen an der \u00f6ffentlichen Unterhaltung teil. Sie k\u00f6nnen private Chat-Einladungen senden, indem Sie auf den Namen eines Benutzers klicken.<\/p>\n<h3>Schritt 5: (Optional) Registrierung f\u00fcr weitere Funktionen<\/h3>\n<p>Erstellen Sie ein kostenloses Konto, um Freundeslisten, Chat-Verlauf, Medienfreigabe und erweiterte Moderationskontrollen freizuschalten.<\/p>\n<h2>Benutzererfahrung mit Chatib<\/h2>\n<p>Chatib ist beliebt f\u00fcr seine altmodische, n\u00fcchterne Chatroom-Atmosph\u00e4re. Alles ist auf schnellen Zugang, Anonymit\u00e4t und einfaches Chatten ausgelegt - ohne zus\u00e4tzlichen Schnickschnack.<\/p>\n<h3>Was Benutzer lieben<\/h3>\n<ul>\n<li>Keine Anmeldung f\u00fcr einfache Chats erforderlich<\/li>\n<li>Dutzende von Chatr\u00e4umen zur Auswahl (nach Interesse und Region)<\/li>\n<li>Einfacher privater Chat und Freundesverwaltung<\/li>\n<li>Kompatibilit\u00e4t mit mobilen Browsern<\/li>\n<li>Schnelles Laden und minimale Werbung<\/li>\n<li>Unterhaltsame Gemeinschaft mit Stammg\u00e4sten und Neuank\u00f6mmlingen gleicherma\u00dfen<\/li>\n<\/ul>\n<h3>Wo Chatib sich verbessern k\u00f6nnte<\/h3>\n<ul>\n<li>Gelegentlicher Spam oder Trolling, insbesondere in belebten \u00f6ffentlichen R\u00e4umen<\/li>\n<li>Kein Video-Chat oder Sprachanruf<\/li>\n<li>Begrenzte Moderation in kleineren R\u00e4umen<\/li>\n<li>Einige Anzeigen in der kostenlosen Version<\/li>\n<li>Die gemeinsame Nutzung von Medien wird aus Sicherheitsgr\u00fcnden eingeschr\u00e4nkt und \u00fcberwacht.<\/li>\n<\/ul>\n<h3>Echtes Benutzer-Feedback<\/h3>\n<blockquote><p>\"Erinnert mich an die klassischen Yahoo-Chatrooms - nur auf meinem Handy. Ich finde es toll, dass ich teilnehmen kann, ohne mich anzumelden!\"<br \/>\n- <em>Tina V., Sitejabber<\/em><\/p><\/blockquote>\n<blockquote><p>\"Ich habe hier ein paar gute Freunde aus S\u00fcdafrika und Brasilien getroffen. Manchmal gibt es komische Leute, aber der Blockierknopf funktioniert.\"<br \/>\n- <em>James L., Trustpilot<\/em><\/p><\/blockquote>\n<blockquote><p>\"Es ist sch\u00f6n, dass man mit jedem privat chatten kann, aber ich w\u00fcnschte, es g\u00e4be eine Videooption. Aber f\u00fcr einen einfachen Chat ist es gro\u00dfartig.\"<br \/>\n- <em>Priya M., Google Play Bewertung<\/em><\/p><\/blockquote>\n<h2>Chatib im Vergleich zu anderen Chat-Plattformen<\/h2>\n<p>Mal sehen, wie das Chatib im Vergleich zur Konkurrenz abschneidet:<\/p>\n<table>\n<thead>\n<tr>\n<th>Merkmal<\/th>\n<th>Chatib<\/th>\n<th>Chatiw<\/th>\n<th>Omegle<\/th>\n<th>Camfrog<\/th>\n<th>ChatHub<\/th>\n<th>Thundr<\/th>\n<\/tr>\n<\/thead>\n<tbody>\n<tr>\n<td>Anonymer Chat<\/td>\n<td>\u2705 Ja<\/td>\n<td>\u2705 Ja<\/td>\n<td>\u2705 Ja<\/td>\n<td>\u2705 Gast<\/td>\n<td>\u2705 Ja<\/td>\n<td>\u2705 Ja<\/td>\n<\/tr>\n<tr>\n<td>Keine Registrierung erforderlich<\/td>\n<td>\u2705 Ja<\/td>\n<td>\u2705 Ja<\/td>\n<td>\u2705 Ja<\/td>\n<td>\u2705 Fakultativ<\/td>\n<td>\u2705 Ja<\/td>\n<td>\u2705 Ja<\/td>\n<\/tr>\n<tr>\n<td>Text-Chat<\/td>\n<td>\u2705 Ja<\/td>\n<td>\u2705 Ja<\/td>\n<td>\u2705 Ja<\/td>\n<td>\u2705 Ja<\/td>\n<td>\u2705 Ja<\/td>\n<td>\u2705 Ja<\/td>\n<\/tr>\n<tr>\n<td>Video-Chat<\/td>\n<td>\u274c Nein<\/td>\n<td>\u274c Nein<\/td>\n<td>\u2705 Ja<\/td>\n<td>\u2705 Ja<\/td>\n<td>\u2705 Ja<\/td>\n<td>\u2705 Ja<\/td>\n<\/tr>\n<tr>\n<td>Gruppen-Chatr\u00e4ume<\/td>\n<td>\u2705 Ja<\/td>\n<td>\u2705 Ja<\/td>\n<td>\u274c Nein<\/td>\n<td>\u2705 Ja<\/td>\n<td>\u274c Nein<\/td>\n<td>\u274c Nein<\/td>\n<\/tr>\n<tr>\n<td>Private Nachrichten\u00fcbermittlung<\/td>\n<td>\u2705 Ja<\/td>\n<td>\u2705 Ja<\/td>\n<td>\u2705 Ja<\/td>\n<td>\u2705 Ja<\/td>\n<td>\u2705 Ja<\/td>\n<td>\u2705 Ja<\/td>\n<\/tr>\n<tr>\n<td>Mobil-optimiert<\/td>\n<td>\u2705 Ja<\/td>\n<td>\u2705 Ja<\/td>\n<td>\u26a0\ufe0f Gemischt<\/td>\n<td>\u2705 Ja<\/td>\n<td>\u2705 Ja<\/td>\n<td>\u2705 Ja<\/td>\n<\/tr>\n<tr>\n<td>Profil-Option<\/td>\n<td>\u2705 Fakultativ<\/td>\n<td>\u2705 Fakultativ<\/td>\n<td>\u274c Nein<\/td>\n<td>\u2705 Ja<\/td>\n<td>\u2705 Ja<\/td>\n<td>\u274c Nein<\/td>\n<\/tr>\n<tr>\n<td>Medien\/Emojis<\/td>\n<td>\u2705 Ja<\/td>\n<td>\u2705 Ja<\/td>\n<td>\u26a0\ufe0f Basic<\/td>\n<td>\u2705 Ja<\/td>\n<td>\u2705 Ja<\/td>\n<td>\u26a0\ufe0f Basic<\/td>\n<\/tr>\n<\/tbody>\n<\/table>\n<p>Zusammenfassung: Chatib eignet sich hervorragend f\u00fcr Benutzer, die einen anonymen, sofortigen und themenbasierten Text-Chat suchen, mit einem lebendigen Raumsystem und einer mobilfreundlichen Oberfl\u00e4che. Hier geht es weniger um Bilder oder Dating, sondern mehr um die reine Unterhaltung.<\/p>\n<h2>Ist Chatib sicher?<\/h2>\n<p>Chatib bem\u00fcht sich, einen sicheren, einladenden Raum f\u00fcr Benutzer zu bieten - aber wie in jedem offenen Chatroom ist pers\u00f6nliche Vorsicht geboten.<\/p>\n<h3>Sicherheitsmerkmale<\/h3>\n<ul>\n<li>Kein echter Name oder E-Mail f\u00fcr G\u00e4ste erforderlich<\/li>\n<li>Sperr- und Meldefunktionen f\u00fcr jeden Benutzer<\/li>\n<li>Moderatoren in gro\u00dfen\/\u00f6ffentlichen R\u00e4umen<\/li>\n<li>Strenge Regeln f\u00fcr die Weitergabe pers\u00f6nlicher Informationen, explizite Inhalte und Bel\u00e4stigung<\/li>\n<li>Die gemeinsame Nutzung von Medien ist eingeschr\u00e4nkt, um Missbrauch zu verhindern.<\/li>\n<\/ul>\n<h3>Tipps f\u00fcr sicheres Chatten<\/h3>\n<ul>\n<li>Geben Sie niemals Ihren echten Namen, Ihre Adresse, Ihre Telefonnummer oder private Daten weiter.<\/li>\n<li>Verwenden Sie einen eindeutigen Spitznamen (nicht Ihren echten Namen)<\/li>\n<li>Gehen Sie nur in den privaten Chat, wenn Sie sich wohl f\u00fchlen<\/li>\n<li>Blockieren\/Melden von Personen, die sich unangemessen verhalten<\/li>\n<li>Klicken Sie nicht auf verd\u00e4chtige Links oder laden Sie keine Dateien herunter<\/li>\n<li>Abmelden und Chat-Verlauf l\u00f6schen, wenn Sie ein gemeinsames\/\u00f6ffentliches Ger\u00e4t verwenden<\/li>\n<\/ul>\n<h2>Tipps f\u00fcr die optimale Nutzung von Chatib<\/h2>\n<ul>\n<li>Versuchen Sie internationale Zimmer: Treffen Sie Menschen aus anderen Kulturen und \u00fcben Sie neue Sprachen<\/li>\n<li>Finden Sie Ihr Thema: Von Sport bis zu Singles, treten Sie einem Raum bei, der Ihren Interessen entspricht<\/li>\n<li>Seien Sie freundlich: Ein einfaches \"Hallo\" kann ein gutes Gespr\u00e4ch beginnen<\/li>\n<li>Bleiben Sie aufgeschlossen: Erwarten Sie eine Vielfalt von Pers\u00f6nlichkeiten, von kokett bis philosophisch<\/li>\n<li>Mobil: Das Chatib funktioniert hervorragend auf Handys und Tablets, sodass Sie \u00fcberall in Verbindung bleiben k\u00f6nnen.<\/li>\n<li>Verwenden Sie Blockier-\/Melde-Tools: Sch\u00fctzen Sie Ihr Chat-Erlebnis mit einem Klick<\/li>\n<\/ul>\n<h2>Fehlersuche bei h\u00e4ufigen Chatib-Problemen<\/h2>\n<h3>Kann keine Verbindung zu einem Raum herstellen<\/h3>\n<p>L\u00f6sung: Aktualisieren Sie die Seite, \u00fcberpr\u00fcfen Sie Ihre Internetverbindung oder verwenden Sie einen anderen Browser.<\/p>\n<h3>Zu viel Spam oder Bots<\/h3>\n<p>L\u00f6sung: Halten Sie sich an R\u00e4ume mit aktiver Moderation und nutzen Sie die Blockier- und Meldefunktionen.<\/p>\n<h3>Privater Chat funktioniert nicht<\/h3>\n<p>L\u00f6sung: Der andere Benutzer hat m\u00f6glicherweise private Chats deaktiviert; versuchen Sie es erneut oder w\u00e4hlen Sie einen anderen Benutzer.<\/p>\n<h3>Bilder k\u00f6nnen nicht gesendet werden<\/h3>\n<p>Vergewissern Sie sich, dass Sie registriert sind und befolgen Sie die Richtlinien zum Hochladen von Bildern. Vermeiden Sie es, private Bilder zu versenden.<\/p>\n<h3>App oder Website ist langsam<\/h3>\n<p>Schlie\u00dfen Sie Hintergrundregisterkarten, \u00fcberpr\u00fcfen Sie Ihre Verbindung oder wechseln Sie vom Handy zum Desktop (oder umgekehrt).<\/p>\n<h2>Abschlie\u00dfende \u00dcberlegungen: Lohnt sich der Einsatz des Chatib?<\/h2>\n<p>Auf jeden Fall - f\u00fcr alle, die die Nostalgie von Chatrooms, schnelle anonyme Konversation und echte globale Gemeinschaft sch\u00e4tzen. Chatib ist die erste Wahl f\u00fcr reines, textbasiertes Chatten. Es gibt keinen Druck, seine Identit\u00e4t preiszugeben, kein Warten auf die Freigabe von Profilen und keine Notwendigkeit f\u00fcr Webcams oder Mikrofone. Es geht nur um Verbindung, Konversation und Entdeckung.<\/p>\n<p>Egal, ob Sie die Zeit totschlagen, neue Freunde finden, eine Sprache \u00fcben oder sogar eine Romanze finden wollen, Chatib bietet eine flexible, offene und unterhaltsame Chat-Umgebung - in Sekundenschnelle, auf jedem Ger\u00e4t und immer kostenlos.<\/p>\n<p>Sind Sie bereit, sich an der Diskussion zu beteiligen?<br \/>\nBesuchen Sie chatib.com jetzt, w\u00e4hlen Sie einen Raum und beginnen Sie zu chatten. Die n\u00e4chste Person, die Sie treffen, k\u00f6nnte Ihr neuer Freund auf der anderen Seite der Welt sein.<\/p>","protected":false},"excerpt":{"rendered":"<p>As online communication keeps evolving, there\u2019s an undeniable appeal to platforms that strip away complexity and put real, spontaneous conversation at the center. Chatib is one of those platforms \u2014 a throwback to the golden era of online chatrooms, but updated for the modern web. If you want to meet new people, make friends, or [&hellip;]<\/p>\n","protected":false},"author":6,"featured_media":0,"parent":0,"menu_order":0,"comment_status":"closed","ping_status":"closed","template":"","meta":{"footnotes":""},"class_list":["post-8647","page","type-page","status-publish","hentry"],"yoast_head":"<!-- This site is optimized with the Yoast SEO plugin v27.6 - https:\/\/yoast.com\/product\/yoast-seo-wordpress\/ -->\n<title>Chatib - Chat Online With No Registration - TinyChat.com<\/title>\n<meta name=\"description\" content=\"Enjoying Chatib? Join over 50,000,000 strangers on TinyChat! Turn on your cam and start meeting new people, or find a match.\" \/>\n<meta name=\"robots\" content=\"index, follow, max-snippet:-1, max-image-preview:large, max-video-preview:-1\" \/>\n<link rel=\"canonical\" href=\"https:\/\/tinychat.com\/de\/chatib\/\" \/>\n<meta property=\"og:locale\" content=\"de_DE\" \/>\n<meta property=\"og:type\" content=\"article\" \/>\n<meta property=\"og:title\" content=\"Chatib - Chat Online With No Registration - TinyChat.com\" \/>\n<meta property=\"og:description\" content=\"Enjoying Chatib? Join over 50,000,000 strangers on TinyChat! Turn on your cam and start meeting new people, or find a match.\" \/>\n<meta property=\"og:url\" content=\"https:\/\/tinychat.com\/de\/chatib\/\" \/>\n<meta property=\"og:site_name\" content=\"TinyChat\" \/>\n<meta property=\"article:publisher\" content=\"https:\/\/www.facebook.com\/tinychat\" \/>\n<meta property=\"article:modified_time\" content=\"2025-07-07T16:18:24+00:00\" \/>\n<meta property=\"og:image\" content=\"https:\/\/tinychat.com\/wp-content\/uploads\/2020\/04\/Tinychat-logo-1280x284-new-black.png\" \/>\n\t<meta property=\"og:image:width\" content=\"1280\" \/>\n\t<meta property=\"og:image:height\" content=\"284\" \/>\n\t<meta property=\"og:image:type\" content=\"image\/png\" \/>\n<meta name=\"twitter:card\" content=\"summary_large_image\" \/>\n<meta name=\"twitter:site\" content=\"@tinychat\" \/>\n<meta name=\"twitter:label1\" content=\"Gesch\u00e4tzte Lesezeit\" \/>\n\t<meta name=\"twitter:data1\" content=\"7\u00a0Minuten\" \/>\n<script type=\"application\/ld+json\" class=\"yoast-schema-graph\">{\"@context\":\"https:\\\/\\\/schema.org\",\"@graph\":[{\"@type\":\"WebPage\",\"@id\":\"https:\\\/\\\/tinychat.com\\\/chatib\\\/\",\"url\":\"https:\\\/\\\/tinychat.com\\\/chatib\\\/\",\"name\":\"Chatib - Chat Online With No Registration - TinyChat.com\",\"isPartOf\":{\"@id\":\"https:\\\/\\\/tinychat.com\\\/#website\"},\"datePublished\":\"2025-05-26T07:38:47+00:00\",\"dateModified\":\"2025-07-07T16:18:24+00:00\",\"description\":\"Enjoying Chatib? Join over 50,000,000 strangers on TinyChat! Turn on your cam and start meeting new people, or find a match.\",\"breadcrumb\":{\"@id\":\"https:\\\/\\\/tinychat.com\\\/chatib\\\/#breadcrumb\"},\"inLanguage\":\"de\",\"potentialAction\":[{\"@type\":\"ReadAction\",\"target\":[\"https:\\\/\\\/tinychat.com\\\/chatib\\\/\"]}]},{\"@type\":\"BreadcrumbList\",\"@id\":\"https:\\\/\\\/tinychat.com\\\/chatib\\\/#breadcrumb\",\"itemListElement\":[{\"@type\":\"ListItem\",\"position\":1,\"name\":\"Home\",\"item\":\"https:\\\/\\\/tinychat.com\\\/\"},{\"@type\":\"ListItem\",\"position\":2,\"name\":\"Chatib\"}]},{\"@type\":\"WebSite\",\"@id\":\"https:\\\/\\\/tinychat.com\\\/#website\",\"url\":\"https:\\\/\\\/tinychat.com\\\/\",\"name\":\"TinyChat\",\"description\":\"Random Video Chat with Strangers\",\"publisher\":{\"@id\":\"https:\\\/\\\/tinychat.com\\\/#organization\"},\"alternateName\":\"TinyChat.com\",\"potentialAction\":[{\"@type\":\"SearchAction\",\"target\":{\"@type\":\"EntryPoint\",\"urlTemplate\":\"https:\\\/\\\/tinychat.com\\\/?s={search_term_string}\"},\"query-input\":{\"@type\":\"PropertyValueSpecification\",\"valueRequired\":true,\"valueName\":\"search_term_string\"}}],\"inLanguage\":\"de\"},{\"@type\":\"Organization\",\"@id\":\"https:\\\/\\\/tinychat.com\\\/#organization\",\"name\":\"TinyChat\",\"alternateName\":\"TinyChat.com\",\"url\":\"https:\\\/\\\/tinychat.com\\\/\",\"logo\":{\"@type\":\"ImageObject\",\"inLanguage\":\"de\",\"@id\":\"https:\\\/\\\/tinychat.com\\\/#\\\/schema\\\/logo\\\/image\\\/\",\"url\":\"https:\\\/\\\/tinychat.com\\\/wp-content\\\/uploads\\\/2023\\\/11\\\/Tinychat-icon-square.png\",\"contentUrl\":\"https:\\\/\\\/tinychat.com\\\/wp-content\\\/uploads\\\/2023\\\/11\\\/Tinychat-icon-square.png\",\"width\":284,\"height\":284,\"caption\":\"TinyChat\"},\"image\":{\"@id\":\"https:\\\/\\\/tinychat.com\\\/#\\\/schema\\\/logo\\\/image\\\/\"},\"sameAs\":[\"https:\\\/\\\/www.facebook.com\\\/tinychat\",\"https:\\\/\\\/x.com\\\/tinychat\"]}]}<\/script>\n<!-- \/ Yoast SEO plugin. -->","yoast_head_json":{"title":"Chatib - Online-Chat ohne Anmeldung - TinyChat.com","description":"Gef\u00e4llt Ihnen Chatib? Schlie\u00dfen Sie sich \u00fcber 50.000.000 Fremden auf TinyChat an! Schalte deine Kamera ein und fange an, neue Leute kennenzulernen, oder finde einen Partner.","robots":{"index":"index","follow":"follow","max-snippet":"max-snippet:-1","max-image-preview":"max-image-preview:large","max-video-preview":"max-video-preview:-1"},"canonical":"https:\/\/tinychat.com\/de\/chatib\/","og_locale":"de_DE","og_type":"article","og_title":"Chatib - Chat Online With No Registration - TinyChat.com","og_description":"Enjoying Chatib? Join over 50,000,000 strangers on TinyChat! Turn on your cam and start meeting new people, or find a match.","og_url":"https:\/\/tinychat.com\/de\/chatib\/","og_site_name":"TinyChat","article_publisher":"https:\/\/www.facebook.com\/tinychat","article_modified_time":"2025-07-07T16:18:24+00:00","og_image":[{"width":1280,"height":284,"url":"https:\/\/tinychat.com\/wp-content\/uploads\/2020\/04\/Tinychat-logo-1280x284-new-black.png","type":"image\/png"}],"twitter_card":"summary_large_image","twitter_site":"@tinychat","twitter_misc":{"Gesch\u00e4tzte Lesezeit":"7\u00a0Minuten"},"schema":{"@context":"https:\/\/schema.org","@graph":[{"@type":"WebPage","@id":"https:\/\/tinychat.com\/chatib\/","url":"https:\/\/tinychat.com\/chatib\/","name":"Chatib - Online-Chat ohne Anmeldung - TinyChat.com","isPartOf":{"@id":"https:\/\/tinychat.com\/#website"},"datePublished":"2025-05-26T07:38:47+00:00","dateModified":"2025-07-07T16:18:24+00:00","description":"Gef\u00e4llt Ihnen Chatib? Schlie\u00dfen Sie sich \u00fcber 50.000.000 Fremden auf TinyChat an! Schalte deine Kamera ein und fange an, neue Leute kennenzulernen, oder finde einen Partner.","breadcrumb":{"@id":"https:\/\/tinychat.com\/chatib\/#breadcrumb"},"inLanguage":"de","potentialAction":[{"@type":"ReadAction","target":["https:\/\/tinychat.com\/chatib\/"]}]},{"@type":"BreadcrumbList","@id":"https:\/\/tinychat.com\/chatib\/#breadcrumb","itemListElement":[{"@type":"ListItem","position":1,"name":"Home","item":"https:\/\/tinychat.com\/"},{"@type":"ListItem","position":2,"name":"Chatib"}]},{"@type":"WebSite","@id":"https:\/\/tinychat.com\/#website","url":"https:\/\/tinychat.com\/","name":"TinyChat","description":"Zuf\u00e4lliger Video-Chat mit Fremden","publisher":{"@id":"https:\/\/tinychat.com\/#organization"},"alternateName":"TinyChat.com","potentialAction":[{"@type":"SearchAction","target":{"@type":"EntryPoint","urlTemplate":"https:\/\/tinychat.com\/?s={search_term_string}"},"query-input":{"@type":"PropertyValueSpecification","valueRequired":true,"valueName":"search_term_string"}}],"inLanguage":"de"},{"@type":"Organization","@id":"https:\/\/tinychat.com\/#organization","name":"TinyChat","alternateName":"TinyChat.com","url":"https:\/\/tinychat.com\/","logo":{"@type":"ImageObject","inLanguage":"de","@id":"https:\/\/tinychat.com\/#\/schema\/logo\/image\/","url":"https:\/\/tinychat.com\/wp-content\/uploads\/2023\/11\/Tinychat-icon-square.png","contentUrl":"https:\/\/tinychat.com\/wp-content\/uploads\/2023\/11\/Tinychat-icon-square.png","width":284,"height":284,"caption":"TinyChat"},"image":{"@id":"https:\/\/tinychat.com\/#\/schema\/logo\/image\/"},"sameAs":["https:\/\/www.facebook.com\/tinychat","https:\/\/x.com\/tinychat"]}]}},"_links":{"self":[{"href":"https:\/\/tinychat.com\/de\/wp-json\/wp\/v2\/pages\/8647","targetHints":{"allow":["GET"]}}],"collection":[{"href":"https:\/\/tinychat.com\/de\/wp-json\/wp\/v2\/pages"}],"about":[{"href":"https:\/\/tinychat.com\/de\/wp-json\/wp\/v2\/types\/page"}],"author":[{"embeddable":true,"href":"https:\/\/tinychat.com\/de\/wp-json\/wp\/v2\/users\/6"}],"replies":[{"embeddable":true,"href":"https:\/\/tinychat.com\/de\/wp-json\/wp\/v2\/comments?post=8647"}],"version-history":[{"count":3,"href":"https:\/\/tinychat.com\/de\/wp-json\/wp\/v2\/pages\/8647\/revisions"}],"predecessor-version":[{"id":13291,"href":"https:\/\/tinychat.com\/de\/wp-json\/wp\/v2\/pages\/8647\/revisions\/13291"}],"wp:attachment":[{"href":"https:\/\/tinychat.com\/de\/wp-json\/wp\/v2\/media?parent=8647"}],"curies":[{"name":"wp","href":"https:\/\/api.w.org\/{rel}","templated":true}]}}