{"id":8689,"date":"2025-10-21T11:18:47","date_gmt":"2025-10-21T09:18:47","guid":{"rendered":"https:\/\/tinychat.com\/?page_id=8689"},"modified":"2025-10-21T13:17:16","modified_gmt":"2025-10-21T11:17:16","slug":"chathour","status":"publish","type":"page","link":"https:\/\/tinychat.com\/de\/chathour\/","title":{"rendered":"ChatHour"},"content":{"rendered":"<p>In einem Zeitalter, das von Social-Media-Algorithmen und Dating-Apps dominiert wird, bietet ChatHour eine erfrischende R\u00fcckbesinnung auf die Wurzeln der Online-Kommunikation - Chatrooms. Es ist eine Plattform, die die Kunst der Konversation zelebriert, wo Menschen sich nicht durch Swipes oder kuratierte Feeds treffen, sondern durch gemeinsame Interessen und spontane Interaktion.<\/p>\n<p>Mit Tausenden von aktiven Nutzern in verschiedenen Themen-Chatrooms ist ChatHour eine Mischung aus klassischem Chatroom-Erlebnis und modernem Online-Netzwerk. Egal, ob Sie Freunde finden, Themen erforschen wollen, die Sie lieben, oder sich einfach die Zeit mit neuen Leuten im Chat vertreiben wollen, ChatHour macht es einfach, schnell und erstaunlich ansprechend.<\/p>\n<p>In diesem Beitrag erfahren Sie, was das ChatHour ist, wie es funktioniert, welche Funktionen es hat, wie es funktioniert, wie es funktioniert, wie es funktioniert, wie es funktioniert, wie es funktioniert, wie es funktioniert, wie es funktioniert, wie es funktioniert, wie es funktioniert, wie es funktioniert, wie es funktioniert, wie es funktioniert, wie es funktioniert, wie es funktioniert, wie es funktioniert, wie es funktioniert, wie es funktioniert, wie es funktioniert, wie es funktioniert, wie es funktioniert, wie es funktioniert.<\/p>\n<h2>Was ist ChatHour?<\/h2>\n<p>ChatHour ist eine kostenlose Online-Chat-Plattform, die Nutzer \u00fcber \u00f6ffentliche Chatr\u00e4ume und private Gespr\u00e4che miteinander verbindet. Sie setzt nicht auf zuf\u00e4llige Videokopplungen wie Omegle oder Chatroulette, sondern l\u00e4sst den Nutzern die Wahl. Sie k\u00f6nnen thematischen Chatr\u00e4umen beitreten, an Gruppendiskussionen teilnehmen oder private Chats mit Personen starten, die Ihre Interessen teilen.<\/p>\n<p>Das Mitte der 2000er Jahre gestartete ChatHour hat sich dank seiner Einfachheit, der gro\u00dfen Auswahl an Chat-Themen und der Betonung der textbasierten Kommunikation eine starke Nutzerbasis erhalten. F\u00fcr diejenigen, die es vorziehen, ohne den Druck der Kamera zu sprechen, bleibt es eine der aktivsten Text-Chat-Communities online.<\/p>\n<h2>Hauptmerkmale von ChatHour<\/h2>\n<p>Das ChatHour zeichnet sich durch eine ausgewogene Mischung aus altmodischem Charme und moderner Benutzerfreundlichkeit aus. Seine Kernfunktionen sind auf Flexibilit\u00e4t und einfache Kommunikation ausgerichtet.<\/p>\n<h3>1. Themenbezogene \u00f6ffentliche Chatrooms<\/h3>\n<ul>\n<li>Treten Sie Tausenden von Chatrooms bei, die auf Interessen wie Musik, Reisen, Sport, Beziehungen oder lokalen Gebieten basieren.<\/li>\n<li>Die Chatrooms sind rund um die Uhr mit Benutzern aus der ganzen Welt aktiv.<\/li>\n<li>Gestalten Sie Ihren eigenen Raum, wenn Sie kein Thema finden, das Ihnen gef\u00e4llt.<\/li>\n<\/ul>\n<h3>2. Private Nachrichten\u00fcbermittlung<\/h3>\n<ul>\n<li>Beginnen Sie pers\u00f6nliche Chats mit Nutzern, die Sie in \u00f6ffentlichen R\u00e4umen treffen.<\/li>\n<li>F\u00fchren Sie private Unterhaltungen, ohne die Plattform zu verlassen.<\/li>\n<\/ul>\n<h3>3. Benutzerprofile<\/h3>\n<ul>\n<li>Erstellen Sie ein einfaches Profil mit Fotos und einem kurzen Lebenslauf.<\/li>\n<li>Hilft anderen, mehr \u00fcber Ihre Interessen zu erfahren und sinnvolle Chats zu beginnen.<\/li>\n<\/ul>\n<h3>4. Kompatibilit\u00e4t von Handy und Desktop<\/h3>\n<ul>\n<li>Funktioniert reibungslos sowohl auf Webbrowsern als auch auf mobilen Ger\u00e4ten.<\/li>\n<li>Es ist nicht notwendig, eine App herunterzuladen, aber mobile Nutzer k\u00f6nnen die Seite f\u00fcr einen schnellen Zugriff als Lesezeichen speichern.<\/li>\n<\/ul>\n<h3>5. Suchen und Filtern<\/h3>\n<ul>\n<li>Suchen Sie nach Personen nach Benutzernamen, Geschlecht oder Ort.<\/li>\n<li>Mit Hilfe von Filtern k\u00f6nnen Sie Chatr\u00e4ume oder Benutzer finden, die Ihren Interessen entsprechen.<\/li>\n<\/ul>\n<h3>6. Freier Zugang<\/h3>\n<ul>\n<li>Die Hauptfunktionen sind v\u00f6llig kostenlos.<\/li>\n<li>Keine versteckten Paywalls oder Premium-Abonnement-Fallen.<\/li>\n<\/ul>\n<h3>7. Benutzerdefinierte Chatrooms<\/h3>\n<ul>\n<li>Registrierte Benutzer k\u00f6nnen ihre eigenen \u00f6ffentlichen oder privaten Chatr\u00e4ume einrichten.<\/li>\n<li>Moderationswerkzeuge helfen bei der Verwaltung der Teilnehmer und der Teilnahme.<\/li>\n<\/ul>\n<h2>So verwenden Sie ChatHour<\/h2>\n<p>ChatHour ist so konzipiert, dass es f\u00fcr jeden einfach zu bedienen ist, auch ohne vorherige Erfahrung mit Chatrooms.<\/p>\n<h3>Schritt 1: Besuchen Sie die ChatHour-Website<\/h3>\n<p>\u00d6ffnen Sie ChatHour in Ihrem Browser auf Ihrem Desktop oder Handy.<\/p>\n<h3>Schritt 2: W\u00e4hlen Sie einen Raum oder erstellen Sie einen<\/h3>\n<p>Durchsuchen Sie die verf\u00fcgbaren Kategorien und treten Sie einem Raum bei, der Sie interessiert, oder gr\u00fcnden Sie Ihren eigenen Chatraum.<\/p>\n<h3>Schritt 3: Ein Profil erstellen (optional)<\/h3>\n<p>Sie k\u00f6nnen als Gast chatten, aber wenn Sie ein kostenloses Konto erstellen, k\u00f6nnen Sie ein Foto hochladen, Ihre Lieblingsr\u00e4ume speichern und Benutzern private Nachrichten senden.<\/p>\n<h3>Schritt 4: Chatten beginnen<\/h3>\n<p>Betreten Sie einen beliebigen Raum und nehmen Sie an der Unterhaltung teil. Die meisten Chatr\u00e4ume haben laufende Diskussionen, so dass es einfach ist, mitzumachen.<\/p>\n<h3>Schritt 5: Pers\u00f6nliche Verbindung<\/h3>\n<p>Wenn Sie jemanden interessant finden, k\u00f6nnen Sie ein privates Gespr\u00e4ch unter vier Augen beginnen, um eine pers\u00f6nlichere Interaktion zu erm\u00f6glichen.<\/p>\n<p>Der gesamte Vorgang dauert weniger als eine Minute - keine Downloads, kein Warten, nur Konversation.<\/p>\n<h2>Benutzererfahrung mit ChatHour<\/h2>\n<p>ChatHour hat die Einfachheit beibehalten, die fr\u00fche Chat-Plattformen wie Yahoo! Chat oder IRC beliebt gemacht hat, und gleichzeitig gerade genug moderne Funktionen eingef\u00fchrt, um relevant zu bleiben.<\/p>\n<h3>Was Benutzer m\u00f6gen<\/h3>\n<ul>\n<li>Riesige Auswahl an Chatrooms nach Themen und Regionen.<\/li>\n<li>M\u00f6glichkeit, \u00f6ffentlich oder privat zu chatten.<\/li>\n<li>Unkomplizierte, \u00fcbersichtliche Schnittstelle.<\/li>\n<li>Funktioniert auf jedem Ger\u00e4t.<\/li>\n<li>Aktive Nutzerbasis 24\/7.<\/li>\n<\/ul>\n<h3>Wo die Nutzer Raum f\u00fcr Verbesserungen sehen<\/h3>\n<ul>\n<li>Fehlende Videochat-Funktionalit\u00e4t.<\/li>\n<li>Einige Chatr\u00e4ume k\u00f6nnen zu bestimmten Zeiten inaktiv sein.<\/li>\n<li>Die Schnittstelle k\u00f6nnte j\u00fcngeren Benutzern veraltet vorkommen.<\/li>\n<li>Gelegentliche Spam-Nutzer in \u00f6ffentlichen R\u00e4umen.<\/li>\n<\/ul>\n<p>Insgesamt ist die Benutzererfahrung nostalgisch und doch zuverl\u00e4ssig - sie gibt der Konversation den Vorrang vor auff\u00e4lligem Design und zieht Menschen an, die Einfachheit und sinnvollen Austausch sch\u00e4tzen.<\/p>\n<h2>ChatHour im Vergleich zu anderen Chat-Plattformen<\/h2>\n<p>Hier sehen Sie, wie ChatHour im Vergleich zu anderen Chat- und sozialen Plattformen abschneidet:<\/p>\n<table>\n<thead>\n<tr>\n<th>Merkmal<\/th>\n<th>ChatHour<\/th>\n<th>Omegle<\/th>\n<th>Chatroulette<\/th>\n<th>ChatHub<\/th>\n<th>Wireclub<\/th>\n<th>Paltalk<\/th>\n<\/tr>\n<\/thead>\n<tbody>\n<tr>\n<td>\u00d6ffentliche Chatrooms<\/td>\n<td>\u2705 Ja<\/td>\n<td>\u274c Nein<\/td>\n<td>\u274c Nein<\/td>\n<td>\u274c Nein<\/td>\n<td>\u2705 Ja<\/td>\n<td>\u2705 Ja<\/td>\n<\/tr>\n<tr>\n<td>Private Nachrichten\u00fcbermittlung<\/td>\n<td>\u2705 Ja<\/td>\n<td>\u274c Nein<\/td>\n<td>\u274c Nein<\/td>\n<td>\u2705 Ja<\/td>\n<td>\u2705 Ja<\/td>\n<td>\u2705 Ja<\/td>\n<\/tr>\n<tr>\n<td>Benutzerprofile<\/td>\n<td>\u2705 Ja<\/td>\n<td>\u274c Nein<\/td>\n<td>\u274c Nein<\/td>\n<td>\u2705 Ja<\/td>\n<td>\u2705 Ja<\/td>\n<td>\u2705 Ja<\/td>\n<\/tr>\n<tr>\n<td>Video-Chat<\/td>\n<td>\u274c Nein<\/td>\n<td>\u2705 Ja<\/td>\n<td>\u2705 Ja<\/td>\n<td>\u2705 Ja<\/td>\n<td>\u2705 Ja<\/td>\n<td>\u2705 Ja<\/td>\n<\/tr>\n<tr>\n<td>Sprach-Chat<\/td>\n<td>\u274c Nein<\/td>\n<td>\u274c Nein<\/td>\n<td>\u274c Nein<\/td>\n<td>\u274c Nein<\/td>\n<td>\u2705 Begrenzt<\/td>\n<td>\u2705 Ja<\/td>\n<\/tr>\n<tr>\n<td>Anonymit\u00e4t<\/td>\n<td>\u2705 M\u00e4\u00dfig<\/td>\n<td>\u2705 Stark<\/td>\n<td>\u2705 Stark<\/td>\n<td>\u2705 M\u00e4\u00dfig<\/td>\n<td>\u2705 M\u00e4\u00dfig<\/td>\n<td>\u274c Begrenzt<\/td>\n<\/tr>\n<tr>\n<td>Mobilfreundlich<\/td>\n<td>\u2705 Ja<\/td>\n<td>\u2705 Ja<\/td>\n<td>\u2705 Ja<\/td>\n<td>\u2705 Ja<\/td>\n<td>\u2705 Ja<\/td>\n<td>\u2705 Ja<\/td>\n<\/tr>\n<\/tbody>\n<\/table>\n<p>Zusammenfassung: ChatHour ist mehr auf die Gemeinschaft ausgerichtet als zuf\u00e4llige Chat-Apps wie Omegle und zug\u00e4nglicher als komplexe Plattformen wie Paltalk. Es ist ein idealer Ort f\u00fcr Benutzer, die einen strukturierten Text-Chat gegen\u00fcber unvorhersehbaren Videoverbindungen bevorzugen.<\/p>\n<h2>Ist ChatHour sicher?<\/h2>\n<p>ChatHour nimmt die Sicherheit der Benutzer ernst, aber wie bei jeder \u00f6ffentlichen Chat-Plattform ist eine verantwortungsvolle Nutzung unerl\u00e4sslich.<\/p>\n<h3>Eingebaute Sicherheitsmerkmale<\/h3>\n<ul>\n<li>Einfache Moderation in beliebten Chatr\u00e4umen.<\/li>\n<li>Sperr- und Meldeoptionen f\u00fcr unangemessene Benutzer.<\/li>\n<li>Private Chat-Kontrollen.<\/li>\n<\/ul>\n<h3>Sicherheitstipps f\u00fcr Benutzer<\/h3>\n<ul>\n<li>Vermeiden Sie die Weitergabe von pers\u00f6nlichen oder finanziellen Informationen.<\/li>\n<li>Bleiben Sie in moderierten oder gut bev\u00f6lkerten Chatr\u00e4umen.<\/li>\n<li>Seien Sie vorsichtig, wenn Sie auf externe Links klicken.<\/li>\n<li>Eltern sollten Minderj\u00e4hrige bei der Nutzung der Website beaufsichtigen.<\/li>\n<\/ul>\n<p>Die reine Textstruktur des ChatHour begrenzt nat\u00fcrlich die Risiken, die mit Videochats verbunden sind, und macht es zu einer der sichersten Optionen f\u00fcr gelegentliches Chatten, wenn es mit Bedacht eingesetzt wird.<\/p>\n<h2>Tipps f\u00fcr die optimale Nutzung von ChatHour<\/h2>\n<ul>\n<li>Erforschen Sie mehrere Chatr\u00e4ume - bleiben Sie nicht bei einem h\u00e4ngen, es gibt f\u00fcr fast jedes erdenkliche Thema einen Raum.<\/li>\n<li>Achten Sie auf die Hauptverkehrszeiten - abends und am Wochenende sind die Nutzer in der Regel am aktivsten.<\/li>\n<li>Seien Sie h\u00f6flich - freundliche Nutzer erhalten in der Regel mehr Antworten.<\/li>\n<li>Passen Sie Ihr Profil an - ein kurzer, authentischer Lebenslauf hilft anderen, eine Verbindung zu Ihnen herzustellen.<\/li>\n<li>Melden Sie Spammer - wenn Sie die R\u00e4ume sauber halten, tr\u00e4gt dies zum Gedeihen der Gemeinschaft bei.<\/li>\n<li>Setzen Sie ein Lesezeichen f\u00fcr Ihre Lieblingsr\u00e4ume - so k\u00f6nnen Sie beim n\u00e4chsten Mal einfach zur\u00fcckkehren.<\/li>\n<\/ul>\n<p>Diese kleinen Gewohnheiten machen die ChatHour-Erfahrung lohnender und angenehmer.<\/p>\n<h2>H\u00e4ufige Probleme und Korrekturen<\/h2>\n<h3>Problem: Ich kann mich nicht anmelden<\/h3>\n<ul>\n<li>Stellen Sie sicher, dass Cookies aktiviert sind.<\/li>\n<li>Versuchen Sie, Ihr Passwort zur\u00fcckzusetzen oder den Browser-Cache zu l\u00f6schen.<\/li>\n<\/ul>\n<h3>Problem: Nachrichten werden nicht gesendet<\/h3>\n<ul>\n<li>Aktualisieren Sie den Chatraum.<\/li>\n<li>\u00dcberpr\u00fcfen Sie Ihre Internetverbindung.<\/li>\n<\/ul>\n<h3>Problem: Zu viele unt\u00e4tige Benutzer<\/h3>\n<ul>\n<li>Erkunden Sie andere R\u00e4ume oder versuchen Sie es zu belebteren Tageszeiten.<\/li>\n<\/ul>\n<h3>Problem: Ungeeignete Benutzer<\/h3>\n<ul>\n<li>Blockieren und melden Sie sie sofort.<\/li>\n<li>Bleiben Sie in moderierten R\u00e4umen, um sicherere Interaktionen zu gew\u00e4hrleisten.<\/li>\n<\/ul>\n<h2>Warum man sich f\u00fcr ChatHour entscheidet<\/h2>\n<p>Die Menschen entscheiden sich aus vielen Gr\u00fcnden f\u00fcr ChatHour:<\/p>\n<ul>\n<li>Wahlfreiheit - Sie k\u00f6nnen jederzeit an \u00f6ffentlichen oder privaten Chats teilnehmen.<\/li>\n<li>Vielfalt - Tausende von Themen und Nutzern aus der ganzen Welt.<\/li>\n<li>Einfachheit - schneller Beitritt, einfache Nutzung.<\/li>\n<li>Gemeinschaft - Aufbau von Freundschaften, die \u00fcber einmalige Begegnungen hinausgehen.<\/li>\n<\/ul>\n<p>In einer digitalen Welt, die von videobasierten Plattformen dominiert wird, beweist das ChatHour, dass Textchats immer noch ihre Berechtigung haben - vor allem f\u00fcr diejenigen, die Gespr\u00e4che ohne Kameras bevorzugen.<\/p>\n<h2>Abschlie\u00dfende \u00dcberlegungen: Lohnt sich der Einsatz des ChatHour?<\/h2>\n<p>Wenn Sie die Tage der klassischen Chatrooms vermissen oder einfach nur gerne Leute mit gemeinsamen Interessen treffen, ist ChatHour auf jeden Fall einen Versuch wert. Es jagt keinen Trends hinterher und erfindet das Rad nicht neu - stattdessen verfeinert es die zeitlose Formel, die fr\u00fche Internet-Communities zum Bl\u00fchen gebracht hat.<\/p>\n<p>Es bietet zwar keinen zuf\u00e4lligen Video-Chat oder auff\u00e4llige Filter, aber die Zuverl\u00e4ssigkeit, der Community-Fokus und die globale Reichweite machen ChatHour zu einer hervorragenden Option f\u00fcr sinnvolle Online-Unterhaltungen.<\/p>\n<p>Ob Sie wollen oder nicht:<\/p>\n<ul>\n<li>Treffen Sie neue Freunde,<\/li>\n<li>Diskutieren Sie Ihre Lieblingsthemen,<\/li>\n<li>Oder plaudern Sie einfach die ganze Nacht durch...<\/li>\n<\/ul>\n<p>ChatHour bietet den digitalen Raum, um dies zu tun - frei und m\u00fchelos.<\/p>\n<p>Kurz gesagt: ChatHour ist eine moderne Fortsetzung der klassischen Online-Chatrooms und bietet eine sichere, soziale und einfache M\u00f6glichkeit, Menschen \u00fcber Text zu treffen. Es ist ideal f\u00fcr Nutzer, die echte Gespr\u00e4che Algorithmen vorziehen und ein Gef\u00fchl der Gemeinschaft online genie\u00dfen.<\/p>\n<p>Bereit zum Chatten? Besuchen Sie ChatHour, treten Sie einem Raum bei, der Sie interessiert, und sehen Sie, wohin die Unterhaltung f\u00fchrt.<\/p>","protected":false},"excerpt":{"rendered":"<p>In an age dominated by social media algorithms and dating apps, ChatHour offers a refreshing throwback to the roots of online communication \u2014 chatrooms. It\u2019s a platform that celebrates the art of conversation, where people meet not through swipes or curated feeds, but through shared interests and spontaneous interaction. With thousands of active users across [&hellip;]<\/p>\n","protected":false},"author":6,"featured_media":0,"parent":0,"menu_order":0,"comment_status":"closed","ping_status":"closed","template":"","meta":{"footnotes":""},"class_list":["post-8689","page","type-page","status-publish","hentry"],"yoast_head":"<!-- This site is optimized with the Yoast SEO plugin v27.4 - https:\/\/yoast.com\/product\/yoast-seo-wordpress\/ -->\n<title>ChatHour - Mobile Free Chat Rooms - TinyChat.com<\/title>\n<meta name=\"description\" content=\"Enjoying ChatHour? Join over 50,000,000 strangers on TinyChat! Turn on your cam and start meeting new people, or find a match.\" \/>\n<meta name=\"robots\" content=\"index, follow, max-snippet:-1, max-image-preview:large, max-video-preview:-1\" \/>\n<link rel=\"canonical\" href=\"https:\/\/tinychat.com\/de\/chathour\/\" \/>\n<meta property=\"og:locale\" content=\"de_DE\" \/>\n<meta property=\"og:type\" content=\"article\" \/>\n<meta property=\"og:title\" content=\"ChatHour - Mobile Free Chat Rooms - TinyChat.com\" \/>\n<meta property=\"og:description\" content=\"Enjoying ChatHour? Join over 50,000,000 strangers on TinyChat! Turn on your cam and start meeting new people, or find a match.\" \/>\n<meta property=\"og:url\" content=\"https:\/\/tinychat.com\/de\/chathour\/\" \/>\n<meta property=\"og:site_name\" content=\"TinyChat\" \/>\n<meta property=\"article:publisher\" content=\"https:\/\/www.facebook.com\/tinychat\" \/>\n<meta property=\"article:modified_time\" content=\"2025-10-21T11:17:16+00:00\" \/>\n<meta property=\"og:image\" content=\"https:\/\/tinychat.com\/wp-content\/uploads\/2020\/04\/Tinychat-logo-1280x284-new-black.png\" \/>\n\t<meta property=\"og:image:width\" content=\"1280\" \/>\n\t<meta property=\"og:image:height\" content=\"284\" \/>\n\t<meta property=\"og:image:type\" content=\"image\/png\" \/>\n<meta name=\"twitter:card\" content=\"summary_large_image\" \/>\n<meta name=\"twitter:site\" content=\"@tinychat\" \/>\n<meta name=\"twitter:label1\" content=\"Gesch\u00e4tzte Lesezeit\" \/>\n\t<meta name=\"twitter:data1\" content=\"6\u00a0Minuten\" \/>\n<script type=\"application\/ld+json\" class=\"yoast-schema-graph\">{\"@context\":\"https:\\\/\\\/schema.org\",\"@graph\":[{\"@type\":\"WebPage\",\"@id\":\"https:\\\/\\\/tinychat.com\\\/chathour\\\/\",\"url\":\"https:\\\/\\\/tinychat.com\\\/chathour\\\/\",\"name\":\"ChatHour - Mobile Free Chat Rooms - TinyChat.com\",\"isPartOf\":{\"@id\":\"https:\\\/\\\/tinychat.com\\\/#website\"},\"datePublished\":\"2025-10-21T09:18:47+00:00\",\"dateModified\":\"2025-10-21T11:17:16+00:00\",\"description\":\"Enjoying ChatHour? Join over 50,000,000 strangers on TinyChat! Turn on your cam and start meeting new people, or find a match.\",\"breadcrumb\":{\"@id\":\"https:\\\/\\\/tinychat.com\\\/chathour\\\/#breadcrumb\"},\"inLanguage\":\"de\",\"potentialAction\":[{\"@type\":\"ReadAction\",\"target\":[\"https:\\\/\\\/tinychat.com\\\/chathour\\\/\"]}]},{\"@type\":\"BreadcrumbList\",\"@id\":\"https:\\\/\\\/tinychat.com\\\/chathour\\\/#breadcrumb\",\"itemListElement\":[{\"@type\":\"ListItem\",\"position\":1,\"name\":\"Home\",\"item\":\"https:\\\/\\\/tinychat.com\\\/\"},{\"@type\":\"ListItem\",\"position\":2,\"name\":\"ChatHour\"}]},{\"@type\":\"WebSite\",\"@id\":\"https:\\\/\\\/tinychat.com\\\/#website\",\"url\":\"https:\\\/\\\/tinychat.com\\\/\",\"name\":\"TinyChat\",\"description\":\"Random Video Chat with Strangers\",\"publisher\":{\"@id\":\"https:\\\/\\\/tinychat.com\\\/#organization\"},\"alternateName\":\"TinyChat.com\",\"potentialAction\":[{\"@type\":\"SearchAction\",\"target\":{\"@type\":\"EntryPoint\",\"urlTemplate\":\"https:\\\/\\\/tinychat.com\\\/?s={search_term_string}\"},\"query-input\":{\"@type\":\"PropertyValueSpecification\",\"valueRequired\":true,\"valueName\":\"search_term_string\"}}],\"inLanguage\":\"de\"},{\"@type\":\"Organization\",\"@id\":\"https:\\\/\\\/tinychat.com\\\/#organization\",\"name\":\"TinyChat\",\"alternateName\":\"TinyChat.com\",\"url\":\"https:\\\/\\\/tinychat.com\\\/\",\"logo\":{\"@type\":\"ImageObject\",\"inLanguage\":\"de\",\"@id\":\"https:\\\/\\\/tinychat.com\\\/#\\\/schema\\\/logo\\\/image\\\/\",\"url\":\"https:\\\/\\\/tinychat.com\\\/wp-content\\\/uploads\\\/2023\\\/11\\\/Tinychat-icon-square.png\",\"contentUrl\":\"https:\\\/\\\/tinychat.com\\\/wp-content\\\/uploads\\\/2023\\\/11\\\/Tinychat-icon-square.png\",\"width\":284,\"height\":284,\"caption\":\"TinyChat\"},\"image\":{\"@id\":\"https:\\\/\\\/tinychat.com\\\/#\\\/schema\\\/logo\\\/image\\\/\"},\"sameAs\":[\"https:\\\/\\\/www.facebook.com\\\/tinychat\",\"https:\\\/\\\/x.com\\\/tinychat\"]}]}<\/script>\n<!-- \/ Yoast SEO plugin. -->","yoast_head_json":{"title":"ChatHour - Mobile Free Chat Rooms - TinyChat.com","description":"Gef\u00e4llt Ihnen ChatHour? Schlie\u00dfen Sie sich \u00fcber 50.000.000 Fremden auf TinyChat an! Schalte deine Kamera ein und fange an, neue Leute zu treffen, oder finde einen Partner.","robots":{"index":"index","follow":"follow","max-snippet":"max-snippet:-1","max-image-preview":"max-image-preview:large","max-video-preview":"max-video-preview:-1"},"canonical":"https:\/\/tinychat.com\/de\/chathour\/","og_locale":"de_DE","og_type":"article","og_title":"ChatHour - Mobile Free Chat Rooms - TinyChat.com","og_description":"Enjoying ChatHour? Join over 50,000,000 strangers on TinyChat! Turn on your cam and start meeting new people, or find a match.","og_url":"https:\/\/tinychat.com\/de\/chathour\/","og_site_name":"TinyChat","article_publisher":"https:\/\/www.facebook.com\/tinychat","article_modified_time":"2025-10-21T11:17:16+00:00","og_image":[{"width":1280,"height":284,"url":"https:\/\/tinychat.com\/wp-content\/uploads\/2020\/04\/Tinychat-logo-1280x284-new-black.png","type":"image\/png"}],"twitter_card":"summary_large_image","twitter_site":"@tinychat","twitter_misc":{"Gesch\u00e4tzte Lesezeit":"6\u00a0Minuten"},"schema":{"@context":"https:\/\/schema.org","@graph":[{"@type":"WebPage","@id":"https:\/\/tinychat.com\/chathour\/","url":"https:\/\/tinychat.com\/chathour\/","name":"ChatHour - Mobile Free Chat Rooms - TinyChat.com","isPartOf":{"@id":"https:\/\/tinychat.com\/#website"},"datePublished":"2025-10-21T09:18:47+00:00","dateModified":"2025-10-21T11:17:16+00:00","description":"Gef\u00e4llt Ihnen ChatHour? Schlie\u00dfen Sie sich \u00fcber 50.000.000 Fremden auf TinyChat an! Schalte deine Kamera ein und fange an, neue Leute zu treffen, oder finde einen Partner.","breadcrumb":{"@id":"https:\/\/tinychat.com\/chathour\/#breadcrumb"},"inLanguage":"de","potentialAction":[{"@type":"ReadAction","target":["https:\/\/tinychat.com\/chathour\/"]}]},{"@type":"BreadcrumbList","@id":"https:\/\/tinychat.com\/chathour\/#breadcrumb","itemListElement":[{"@type":"ListItem","position":1,"name":"Home","item":"https:\/\/tinychat.com\/"},{"@type":"ListItem","position":2,"name":"ChatHour"}]},{"@type":"WebSite","@id":"https:\/\/tinychat.com\/#website","url":"https:\/\/tinychat.com\/","name":"TinyChat","description":"Zuf\u00e4lliger Video-Chat mit Fremden","publisher":{"@id":"https:\/\/tinychat.com\/#organization"},"alternateName":"TinyChat.com","potentialAction":[{"@type":"SearchAction","target":{"@type":"EntryPoint","urlTemplate":"https:\/\/tinychat.com\/?s={search_term_string}"},"query-input":{"@type":"PropertyValueSpecification","valueRequired":true,"valueName":"search_term_string"}}],"inLanguage":"de"},{"@type":"Organization","@id":"https:\/\/tinychat.com\/#organization","name":"TinyChat","alternateName":"TinyChat.com","url":"https:\/\/tinychat.com\/","logo":{"@type":"ImageObject","inLanguage":"de","@id":"https:\/\/tinychat.com\/#\/schema\/logo\/image\/","url":"https:\/\/tinychat.com\/wp-content\/uploads\/2023\/11\/Tinychat-icon-square.png","contentUrl":"https:\/\/tinychat.com\/wp-content\/uploads\/2023\/11\/Tinychat-icon-square.png","width":284,"height":284,"caption":"TinyChat"},"image":{"@id":"https:\/\/tinychat.com\/#\/schema\/logo\/image\/"},"sameAs":["https:\/\/www.facebook.com\/tinychat","https:\/\/x.com\/tinychat"]}]}},"_links":{"self":[{"href":"https:\/\/tinychat.com\/de\/wp-json\/wp\/v2\/pages\/8689","targetHints":{"allow":["GET"]}}],"collection":[{"href":"https:\/\/tinychat.com\/de\/wp-json\/wp\/v2\/pages"}],"about":[{"href":"https:\/\/tinychat.com\/de\/wp-json\/wp\/v2\/types\/page"}],"author":[{"embeddable":true,"href":"https:\/\/tinychat.com\/de\/wp-json\/wp\/v2\/users\/6"}],"replies":[{"embeddable":true,"href":"https:\/\/tinychat.com\/de\/wp-json\/wp\/v2\/comments?post=8689"}],"version-history":[{"count":3,"href":"https:\/\/tinychat.com\/de\/wp-json\/wp\/v2\/pages\/8689\/revisions"}],"predecessor-version":[{"id":13560,"href":"https:\/\/tinychat.com\/de\/wp-json\/wp\/v2\/pages\/8689\/revisions\/13560"}],"wp:attachment":[{"href":"https:\/\/tinychat.com\/de\/wp-json\/wp\/v2\/media?parent=8689"}],"curies":[{"name":"wp","href":"https:\/\/api.w.org\/{rel}","templated":true}]}}