{"id":8708,"date":"2025-08-18T09:29:55","date_gmt":"2025-08-18T07:29:55","guid":{"rendered":"https:\/\/tinychat.com\/?page_id=8708"},"modified":"2025-08-18T10:17:48","modified_gmt":"2025-08-18T08:17:48","slug":"mocospace","status":"publish","type":"page","link":"https:\/\/tinychat.com\/de\/mocospace\/","title":{"rendered":"MocoSpace"},"content":{"rendered":"<p>Wenn man an Zufalls-Chat-Sites denkt, kommen einem oft Namen wie Omegle, ChatHub oder Emerald Chat in den Sinn. Aber MocoSpace nimmt einen einzigartigen Platz in dieser Welt ein - es ist nicht nur eine Zufalls-Chat-Plattform, sondern auch ein mobiles soziales Netzwerk. Urspr\u00fcnglich Mitte der 2000er Jahre gestartet, wurde MocoSpace schnell zu einer der ersten mobilen Communities, in denen Benutzer Freunde finden, in Gruppen chatten, Spiele spielen und neue Leute auf der ganzen Welt kennenlernen konnten.<\/p>\n<p>Auch heute noch floriert es, weil es Elemente von Chatrooms, Dating-Apps und Gaming-Communities in einer einzigen Plattform vereint. F\u00fcr Nutzer, die mehr als nur einen schnellen anonymen Chat wollen und nach einem Online-Netzwerk mit einem st\u00e4rkeren sozialen Element suchen, bleibt MocoSpace eine der faszinierendsten verf\u00fcgbaren Optionen.<\/p>\n<p>In diesem ausf\u00fchrlichen Testbericht erfahren Sie alles, was Sie \u00fcber MocoSpace wissen m\u00fcssen: Geschichte, Funktionen, Community, Sicherheit, Vor- und Nachteile und der Vergleich mit anderen Zufalls-Chat- und Dating-Seiten.<\/p>\n<h2>Was ist MocoSpace?<\/h2>\n<p>MocoSpace ist ein mobiles soziales Netzwerk und eine Chat-Plattform, die Funktionen einer Zufalls-Chat-App, eines Dating-Services und eines Online-Gaming-Hubs kombiniert. Im Gegensatz zu rein anonymen Chat-Plattformen erlaubt MocoSpace seinen Nutzern:<\/p>\n<ul>\n<li>Erstellen Sie pers\u00f6nliche Profile mit Fotos, Lebensl\u00e4ufen und Interessen.<\/li>\n<li>Nehmen Sie an \u00f6ffentlichen Chatrooms oder privaten Einzelgespr\u00e4chen teil.<\/li>\n<li>Spielen Sie die in die Plattform integrierten sozialen Spiele.<\/li>\n<li>Nutzen Sie Freundeslisten, virtuelle Geschenke und Dating-Tools, um eine tiefere Verbindung aufzubauen.<\/li>\n<\/ul>\n<p>Das Besondere an MocoSpace ist, dass es sich nicht um eine beliebige Chatseite handelt, sondern eher um eine hybride Community. Sie leiht sich Elemente von Facebook, MySpace (dem fr\u00fchen Konkurrenten) und modernen Dating-Apps, beh\u00e4lt aber eine leichte, zug\u00e4ngliche Atmosph\u00e4re bei.<\/p>\n<h2>Hauptmerkmale von MocoSpace<\/h2>\n<p>Der Funktionsumfang des MocoSpace geht weit \u00fcber ein einfaches \"Chat mit Fremden\"-Modell hinaus. Schauen wir uns an, was es auszeichnet.<\/p>\n<h3>1. Benutzerprofile<\/h3>\n<ul>\n<li>Erstellen Sie ein Profil mit Fotos, Alter, Geschlecht und Lebenslauf.<\/li>\n<li>Hilft, Menschen mit \u00e4hnlichen Interessen zu finden.<\/li>\n<li>F\u00fcgt eine Ebene der Personalisierung hinzu, die nur anonyme Apps nicht bieten.<\/li>\n<\/ul>\n<h3>2. Chatr\u00e4ume<\/h3>\n<ul>\n<li>Tausende von R\u00e4umen, die nach Themen, Altersgruppen oder Interessen geordnet sind.<\/li>\n<li>Optionen f\u00fcr l\u00e4nderspezifische R\u00e4ume und R\u00e4ume f\u00fcr Partnerschaften.<\/li>\n<li>24\/7 aktiv, mit Nutzern weltweit.<\/li>\n<\/ul>\n<h3>3. Private Nachrichten\u00fcbermittlung<\/h3>\n<ul>\n<li>Pers\u00f6nliche Chats mit anderen Nutzern.<\/li>\n<li>Enth\u00e4lt Text, Emojis und die Freigabe von Fotos.<\/li>\n<\/ul>\n<h3>4. Soziales Spielen<\/h3>\n<ul>\n<li>Eingebaute Minispiele (wie Street Wars, Daily Spins und andere).<\/li>\n<li>Ermutigt zu freundschaftlichem Wettbewerb und Interaktion.<\/li>\n<\/ul>\n<h3>5. Virtuelle Geschenke &amp; Credits<\/h3>\n<ul>\n<li>Schicken Sie digitale Geschenke an Freunde oder Menschen, an denen Sie interessiert sind.<\/li>\n<li>Auf Krediten basierendes System, das gekauft oder erworben werden kann.<\/li>\n<\/ul>\n<h3>6. Dating-Merkmale<\/h3>\n<ul>\n<li>Suchen Sie nach Alter, Geschlecht oder Ort.<\/li>\n<li>Flirt-Tools wie \"match me\" helfen beim zwanglosen Online-Dating.<\/li>\n<\/ul>\n<h3>7. Mobile Zug\u00e4nglichkeit<\/h3>\n<ul>\n<li>Von Anfang an f\u00fcr die mobile Nutzung optimiert.<\/li>\n<li>Verf\u00fcgbar \u00fcber Browser und Apps auf iOS\/Android.<\/li>\n<\/ul>\n<h2>So verwenden Sie MocoSpace<\/h2>\n<p>Der Einstieg in die MocoSpace ist einfach:<\/p>\n<h3>Schritt 1: Ein Konto erstellen<\/h3>\n<ul>\n<li>Melden Sie sich mit Ihrer E-Mail-Adresse, Ihrem Benutzernamen und Ihrem Passwort an.<\/li>\n<li>Optional k\u00f6nnen Sie sich mit sozialen Konten verbinden.<\/li>\n<\/ul>\n<h3>Schritt 2: Erstellen Sie Ihr Profil<\/h3>\n<ul>\n<li>F\u00fcgen Sie ein Foto, einen Lebenslauf und Interessen hinzu.<\/li>\n<li>Dies tr\u00e4gt zur Verbesserung der Spiele und des Chat-Erlebnisses bei.<\/li>\n<\/ul>\n<h3>Schritt 3: W\u00e4hlen Sie, wie Sie sich engagieren wollen<\/h3>\n<ul>\n<li>Nutzen Sie Chatrooms f\u00fcr Gruppendiskussionen.<\/li>\n<li>Senden Sie private Nachrichten an Personen, die Sie interessant finden.<\/li>\n<li>Spielen Sie Spiele und interagieren Sie sozial.<\/li>\n<li>Verwenden Sie Dating-Filter, wenn Sie auf der Suche nach einer Romanze sind.<\/li>\n<\/ul>\n<h3>Schritt 4: Credits verdienen oder kaufen<\/h3>\n<ul>\n<li>Credits werden f\u00fcr Geschenke und Premiumfunktionen verwendet.<\/li>\n<li>Optional, nicht erforderlich f\u00fcr einfache Chats.<\/li>\n<\/ul>\n<h2>Benutzererfahrung mit MocoSpace<\/h2>\n<p>MocoSpace wirkt wie eine Mischung aus sozialen Netzwerken der alten Schule und modernen Chat-Anwendungen.<\/p>\n<h3>St\u00e4rken<\/h3>\n<ul>\n<li>Gro\u00dfe, aktive Gemeinschaft.<\/li>\n<li>Mehr Funktionen als die meisten zuf\u00e4lligen Chat-Plattformen.<\/li>\n<li>Spa\u00df und Interaktivit\u00e4t mit Spielen und Geschenken.<\/li>\n<li>Starke mobile Unterst\u00fctzung.<\/li>\n<\/ul>\n<h3>Schwachstellen<\/h3>\n<ul>\n<li>F\u00fcr kostenlose Nutzer kann die Werbung aufdringlich sein.<\/li>\n<li>Um das volle Potenzial freizusetzen, sind m\u00f6glicherweise Premium-Kredite erforderlich.<\/li>\n<li>Weniger auf reine Anonymit\u00e4t ausgerichtet als Websites wie Omegle.<\/li>\n<\/ul>\n<h2>MocoSpace im Vergleich zu anderen Plattformen<\/h2>\n<table>\n<thead>\n<tr>\n<th>Merkmal<\/th>\n<th>MocoSpace<\/th>\n<th>Omegle<\/th>\n<th>ChatHub<\/th>\n<th>Chat Avenue<\/th>\n<th>Emerald Chat<\/th>\n<th>Y99<\/th>\n<\/tr>\n<\/thead>\n<tbody>\n<tr>\n<td>Profile<\/td>\n<td>\u2705 Ja<\/td>\n<td>\u274c Nein<\/td>\n<td>\u2705 Ja<\/td>\n<td>\u274c Nein<\/td>\n<td>\u2705 Ja<\/td>\n<td>\u2705 Ja<\/td>\n<\/tr>\n<tr>\n<td>\u00d6ffentliche Chatrooms<\/td>\n<td>\u2705 Ja<\/td>\n<td>\u274c Nein<\/td>\n<td>\u274c Nein<\/td>\n<td>\u2705 Ja<\/td>\n<td>\u274c Nein<\/td>\n<td>\u2705 Ja<\/td>\n<\/tr>\n<tr>\n<td>Private Nachrichten\u00fcbermittlung<\/td>\n<td>\u2705 Ja<\/td>\n<td>\u2705 Ja<\/td>\n<td>\u2705 Ja<\/td>\n<td>\u2705 Ja<\/td>\n<td>\u2705 Ja<\/td>\n<td>\u2705 Ja<\/td>\n<\/tr>\n<tr>\n<td>Video-Chat<\/td>\n<td>\u274c Begrenzt<\/td>\n<td>\u2705 Ja<\/td>\n<td>\u2705 Ja<\/td>\n<td>\u274c Nein<\/td>\n<td>\u2705 Ja<\/td>\n<td>\u274c Nein<\/td>\n<\/tr>\n<tr>\n<td>Spiele und soziale Funktionen<\/td>\n<td>\u2705 Ja<\/td>\n<td>\u274c Nein<\/td>\n<td>\u274c Nein<\/td>\n<td>\u274c Nein<\/td>\n<td>\u274c Nein<\/td>\n<td>\u274c Nein<\/td>\n<\/tr>\n<tr>\n<td>Dating-Tools<\/td>\n<td>\u2705 Ja<\/td>\n<td>\u274c Nein<\/td>\n<td>\u274c Nein<\/td>\n<td>\u274c Nein<\/td>\n<td>\u274c Nein<\/td>\n<td>\u274c Nein<\/td>\n<\/tr>\n<\/tbody>\n<\/table>\n<p>Zusammenfassung: MocoSpace ist eher ein hybrides Netzwerk, das im Vergleich zu reinen Chat-Diensten \u00fcber reichhaltigere soziale Tools verf\u00fcgt. Es opfert die Anonymit\u00e4t, macht dies aber mit Funktionen zum Aufbau von Gemeinschaften wieder wett.<\/p>\n<h2>Sicherheit bei MocoSpace<\/h2>\n<p>Da es sich bei MocoSpace um eine Mischung aus Chat und Dating handelt, ist Sicherheit ein wichtiger Aspekt.<\/p>\n<h3>Eingebaute Sicherheits-Tools<\/h3>\n<ul>\n<li>M\u00f6glichkeit, Benutzer zu sperren und zu melden.<\/li>\n<li>Optionale Datenschutzkontrollen f\u00fcr Profile.<\/li>\n<li>Moderatoren, die in \u00f6ffentlichen Chatr\u00e4umen anwesend sind.<\/li>\n<\/ul>\n<h3>Sicherheitsempfehlungen<\/h3>\n<ul>\n<li>Geben Sie nicht zu viele pers\u00f6nliche Informationen preis.<\/li>\n<li>Seien Sie vorsichtig mit privaten Chats und Dating-Interaktionen.<\/li>\n<li>Eltern sollten die Nutzung durch Jugendliche \u00fcberwachen, da MocoSpace Bereiche f\u00fcr Erwachsene enth\u00e4lt.<\/li>\n<\/ul>\n<h2>Tipps, um das Beste aus MocoSpace herauszuholen<\/h2>\n<ul>\n<li>Erstellen Sie ein vollst\u00e4ndiges Profil f\u00fcr ein besseres Engagement.<\/li>\n<li>Treten Sie mehreren Chatrooms bei, um Ihre Nische zu finden.<\/li>\n<li>Verwenden Sie Spiele und Geschenke, um das Eis zu brechen.<\/li>\n<li>Behalten Sie die t\u00e4glichen Belohnungen im Auge, um kostenlose Credits zu verdienen.<\/li>\n<li>Erkunden Sie sowohl die Chat- als auch die Dating-Seite der Plattform.<\/li>\n<\/ul>\n<h2>H\u00e4ufige Probleme und Korrekturen<\/h2>\n<h3>Zu viel Werbung lenkt ab<\/h3>\n<ul>\n<li>Erw\u00e4gen Sie ein Upgrade mit Guthaben, um Werbung zu reduzieren.<\/li>\n<\/ul>\n<h3>Probleme beim Einloggen<\/h3>\n<ul>\n<li>Verwenden Sie die E-Mail-R\u00fccksetzoptionen oder wenden Sie sich an den Support.<\/li>\n<\/ul>\n<h3>Nachrichten k\u00f6nnen nicht gesendet werden<\/h3>\n<ul>\n<li>Bis Ihr Konto verifiziert ist, gelten einige Einschr\u00e4nkungen.<\/li>\n<li>Vergewissern Sie sich, dass Sie nicht gesperrt oder gemeldet sind.<\/li>\n<\/ul>\n<h2>Warum die Leute immer noch MocoSpace verwenden<\/h2>\n<p>Obwohl neuere Plattformen auf den Markt gekommen sind, erfreut sich die MocoSpace vor allem aus drei Gr\u00fcnden weiterhin gro\u00dfer Beliebtheit:<\/p>\n<ol>\n<li>Gemeinschaft - Sie hat eine aktive, treue Nutzerbasis.<\/li>\n<li>Variety - Kombiniert Chat, Dating und Gaming an einem Ort.<\/li>\n<li>Handyfreundlich - Eines der ersten Netzwerke, das wirklich f\u00fcr Handys optimiert wurde.<\/li>\n<\/ol>\n<p>F\u00fcr viele ist MocoSpace eine nostalgische Plattform, die sich wie die Anf\u00e4nge von Facebook und MySpace anf\u00fchlt, aber auch heute noch f\u00fcr gelegentliche Kontakte relevant ist.<\/p>\n<p>Wenn Sie auf der Suche nach einer einfachen Chat-App sind, k\u00f6nnte MocoSpace mit seinen zus\u00e4tzlichen Funktionen \u00fcberw\u00e4ltigend sein. Aber wenn Sie ein umfassendes soziales Erlebnis w\u00fcnschen, bietet es weit mehr als die meisten zuf\u00e4lligen Chat-Plattformen.<\/p>\n<p>Es ist perfekt f\u00fcr:<\/p>\n<ul>\n<li>Menschen, die Spa\u00df an Chatrooms und Communities haben.<\/li>\n<li>Nutzer, die an leichter Online-Dating interessiert sind.<\/li>\n<li>Jeder, der gerne Spiele mit sozialen Netzwerken verbindet.<\/li>\n<\/ul>\n<p>Es mag Omegle oder Emerald Chat f\u00fcr den reinen Zufalls-Videochat nicht ersetzen, aber die Community-Atmosph\u00e4re, die Profile und die Extras von MocoSpace verleihen ihm einen festen Platz in der heutigen Chat-Landschaft.<\/p>\n<p>Kurz gesagt: MocoSpace ist nicht nur eine beliebige Chatseite - es ist eine globale Gemeinschaft, in der du chatten, spielen, flirten und echte Beziehungen aufbauen kannst.<\/p>","protected":false},"excerpt":{"rendered":"<p>When people think of random chat sites, names like Omegle, ChatHub, or Emerald Chat often come to mind. But MocoSpace occupies a unique space in this world\u2014it\u2019s not just a random chat platform, it\u2019s also a mobile-first social network. Originally launched in the mid-2000s, MocoSpace quickly rose to popularity as one of the first mobile-focused [&hellip;]<\/p>\n","protected":false},"author":6,"featured_media":0,"parent":0,"menu_order":0,"comment_status":"closed","ping_status":"closed","template":"","meta":{"footnotes":""},"class_list":["post-8708","page","type-page","status-publish","hentry"],"yoast_head":"<!-- This site is optimized with the Yoast SEO plugin v27.6 - https:\/\/yoast.com\/product\/yoast-seo-wordpress\/ -->\n<title>MocoSpace - Chat &amp; Meet People - TinyChat.com<\/title>\n<meta name=\"description\" content=\"Enjoying MocoSpace? Join over 50,000,000 strangers on TinyChat! Turn on your cam and start meeting new people, or find a match.\" \/>\n<meta name=\"robots\" content=\"index, follow, max-snippet:-1, max-image-preview:large, max-video-preview:-1\" \/>\n<link rel=\"canonical\" href=\"https:\/\/tinychat.com\/de\/mocospace\/\" \/>\n<meta property=\"og:locale\" content=\"de_DE\" \/>\n<meta property=\"og:type\" content=\"article\" \/>\n<meta property=\"og:title\" content=\"MocoSpace - Chat &amp; Meet People - TinyChat.com\" \/>\n<meta property=\"og:description\" content=\"Enjoying MocoSpace? Join over 50,000,000 strangers on TinyChat! Turn on your cam and start meeting new people, or find a match.\" \/>\n<meta property=\"og:url\" content=\"https:\/\/tinychat.com\/de\/mocospace\/\" \/>\n<meta property=\"og:site_name\" content=\"TinyChat\" \/>\n<meta property=\"article:publisher\" content=\"https:\/\/www.facebook.com\/tinychat\" \/>\n<meta property=\"article:modified_time\" content=\"2025-08-18T08:17:48+00:00\" \/>\n<meta property=\"og:image\" content=\"https:\/\/tinychat.com\/wp-content\/uploads\/2020\/04\/Tinychat-logo-1280x284-new-black.png\" \/>\n\t<meta property=\"og:image:width\" content=\"1280\" \/>\n\t<meta property=\"og:image:height\" content=\"284\" \/>\n\t<meta property=\"og:image:type\" content=\"image\/png\" \/>\n<meta name=\"twitter:card\" content=\"summary_large_image\" \/>\n<meta name=\"twitter:site\" content=\"@tinychat\" \/>\n<meta name=\"twitter:label1\" content=\"Gesch\u00e4tzte Lesezeit\" \/>\n\t<meta name=\"twitter:data1\" content=\"5\u00a0Minuten\" \/>\n<script type=\"application\/ld+json\" class=\"yoast-schema-graph\">{\"@context\":\"https:\\\/\\\/schema.org\",\"@graph\":[{\"@type\":\"WebPage\",\"@id\":\"https:\\\/\\\/tinychat.com\\\/mocospace\\\/\",\"url\":\"https:\\\/\\\/tinychat.com\\\/mocospace\\\/\",\"name\":\"MocoSpace - Chat & Meet People - TinyChat.com\",\"isPartOf\":{\"@id\":\"https:\\\/\\\/tinychat.com\\\/#website\"},\"datePublished\":\"2025-08-18T07:29:55+00:00\",\"dateModified\":\"2025-08-18T08:17:48+00:00\",\"description\":\"Enjoying MocoSpace? Join over 50,000,000 strangers on TinyChat! Turn on your cam and start meeting new people, or find a match.\",\"breadcrumb\":{\"@id\":\"https:\\\/\\\/tinychat.com\\\/mocospace\\\/#breadcrumb\"},\"inLanguage\":\"de\",\"potentialAction\":[{\"@type\":\"ReadAction\",\"target\":[\"https:\\\/\\\/tinychat.com\\\/mocospace\\\/\"]}]},{\"@type\":\"BreadcrumbList\",\"@id\":\"https:\\\/\\\/tinychat.com\\\/mocospace\\\/#breadcrumb\",\"itemListElement\":[{\"@type\":\"ListItem\",\"position\":1,\"name\":\"Home\",\"item\":\"https:\\\/\\\/tinychat.com\\\/\"},{\"@type\":\"ListItem\",\"position\":2,\"name\":\"MocoSpace\"}]},{\"@type\":\"WebSite\",\"@id\":\"https:\\\/\\\/tinychat.com\\\/#website\",\"url\":\"https:\\\/\\\/tinychat.com\\\/\",\"name\":\"TinyChat\",\"description\":\"Random Video Chat with Strangers\",\"publisher\":{\"@id\":\"https:\\\/\\\/tinychat.com\\\/#organization\"},\"alternateName\":\"TinyChat.com\",\"potentialAction\":[{\"@type\":\"SearchAction\",\"target\":{\"@type\":\"EntryPoint\",\"urlTemplate\":\"https:\\\/\\\/tinychat.com\\\/?s={search_term_string}\"},\"query-input\":{\"@type\":\"PropertyValueSpecification\",\"valueRequired\":true,\"valueName\":\"search_term_string\"}}],\"inLanguage\":\"de\"},{\"@type\":\"Organization\",\"@id\":\"https:\\\/\\\/tinychat.com\\\/#organization\",\"name\":\"TinyChat\",\"alternateName\":\"TinyChat.com\",\"url\":\"https:\\\/\\\/tinychat.com\\\/\",\"logo\":{\"@type\":\"ImageObject\",\"inLanguage\":\"de\",\"@id\":\"https:\\\/\\\/tinychat.com\\\/#\\\/schema\\\/logo\\\/image\\\/\",\"url\":\"https:\\\/\\\/tinychat.com\\\/wp-content\\\/uploads\\\/2023\\\/11\\\/Tinychat-icon-square.png\",\"contentUrl\":\"https:\\\/\\\/tinychat.com\\\/wp-content\\\/uploads\\\/2023\\\/11\\\/Tinychat-icon-square.png\",\"width\":284,\"height\":284,\"caption\":\"TinyChat\"},\"image\":{\"@id\":\"https:\\\/\\\/tinychat.com\\\/#\\\/schema\\\/logo\\\/image\\\/\"},\"sameAs\":[\"https:\\\/\\\/www.facebook.com\\\/tinychat\",\"https:\\\/\\\/x.com\\\/tinychat\"]}]}<\/script>\n<!-- \/ Yoast SEO plugin. -->","yoast_head_json":{"title":"MocoSpace - Chatten &amp; Leute treffen - TinyChat.com","description":"Gef\u00e4llt Ihnen MocoSpace? Schlie\u00dfen Sie sich \u00fcber 50.000.000 Fremden auf TinyChat an! Schalte deine Kamera ein und fange an, neue Leute zu treffen, oder finde einen Partner.","robots":{"index":"index","follow":"follow","max-snippet":"max-snippet:-1","max-image-preview":"max-image-preview:large","max-video-preview":"max-video-preview:-1"},"canonical":"https:\/\/tinychat.com\/de\/mocospace\/","og_locale":"de_DE","og_type":"article","og_title":"MocoSpace - Chat & Meet People - TinyChat.com","og_description":"Enjoying MocoSpace? Join over 50,000,000 strangers on TinyChat! Turn on your cam and start meeting new people, or find a match.","og_url":"https:\/\/tinychat.com\/de\/mocospace\/","og_site_name":"TinyChat","article_publisher":"https:\/\/www.facebook.com\/tinychat","article_modified_time":"2025-08-18T08:17:48+00:00","og_image":[{"width":1280,"height":284,"url":"https:\/\/tinychat.com\/wp-content\/uploads\/2020\/04\/Tinychat-logo-1280x284-new-black.png","type":"image\/png"}],"twitter_card":"summary_large_image","twitter_site":"@tinychat","twitter_misc":{"Gesch\u00e4tzte Lesezeit":"5\u00a0Minuten"},"schema":{"@context":"https:\/\/schema.org","@graph":[{"@type":"WebPage","@id":"https:\/\/tinychat.com\/mocospace\/","url":"https:\/\/tinychat.com\/mocospace\/","name":"MocoSpace - Chatten &amp; Leute treffen - TinyChat.com","isPartOf":{"@id":"https:\/\/tinychat.com\/#website"},"datePublished":"2025-08-18T07:29:55+00:00","dateModified":"2025-08-18T08:17:48+00:00","description":"Gef\u00e4llt Ihnen MocoSpace? Schlie\u00dfen Sie sich \u00fcber 50.000.000 Fremden auf TinyChat an! Schalte deine Kamera ein und fange an, neue Leute zu treffen, oder finde einen Partner.","breadcrumb":{"@id":"https:\/\/tinychat.com\/mocospace\/#breadcrumb"},"inLanguage":"de","potentialAction":[{"@type":"ReadAction","target":["https:\/\/tinychat.com\/mocospace\/"]}]},{"@type":"BreadcrumbList","@id":"https:\/\/tinychat.com\/mocospace\/#breadcrumb","itemListElement":[{"@type":"ListItem","position":1,"name":"Home","item":"https:\/\/tinychat.com\/"},{"@type":"ListItem","position":2,"name":"MocoSpace"}]},{"@type":"WebSite","@id":"https:\/\/tinychat.com\/#website","url":"https:\/\/tinychat.com\/","name":"TinyChat","description":"Zuf\u00e4lliger Video-Chat mit Fremden","publisher":{"@id":"https:\/\/tinychat.com\/#organization"},"alternateName":"TinyChat.com","potentialAction":[{"@type":"SearchAction","target":{"@type":"EntryPoint","urlTemplate":"https:\/\/tinychat.com\/?s={search_term_string}"},"query-input":{"@type":"PropertyValueSpecification","valueRequired":true,"valueName":"search_term_string"}}],"inLanguage":"de"},{"@type":"Organization","@id":"https:\/\/tinychat.com\/#organization","name":"TinyChat","alternateName":"TinyChat.com","url":"https:\/\/tinychat.com\/","logo":{"@type":"ImageObject","inLanguage":"de","@id":"https:\/\/tinychat.com\/#\/schema\/logo\/image\/","url":"https:\/\/tinychat.com\/wp-content\/uploads\/2023\/11\/Tinychat-icon-square.png","contentUrl":"https:\/\/tinychat.com\/wp-content\/uploads\/2023\/11\/Tinychat-icon-square.png","width":284,"height":284,"caption":"TinyChat"},"image":{"@id":"https:\/\/tinychat.com\/#\/schema\/logo\/image\/"},"sameAs":["https:\/\/www.facebook.com\/tinychat","https:\/\/x.com\/tinychat"]}]}},"_links":{"self":[{"href":"https:\/\/tinychat.com\/de\/wp-json\/wp\/v2\/pages\/8708","targetHints":{"allow":["GET"]}}],"collection":[{"href":"https:\/\/tinychat.com\/de\/wp-json\/wp\/v2\/pages"}],"about":[{"href":"https:\/\/tinychat.com\/de\/wp-json\/wp\/v2\/types\/page"}],"author":[{"embeddable":true,"href":"https:\/\/tinychat.com\/de\/wp-json\/wp\/v2\/users\/6"}],"replies":[{"embeddable":true,"href":"https:\/\/tinychat.com\/de\/wp-json\/wp\/v2\/comments?post=8708"}],"version-history":[{"count":3,"href":"https:\/\/tinychat.com\/de\/wp-json\/wp\/v2\/pages\/8708\/revisions"}],"predecessor-version":[{"id":13460,"href":"https:\/\/tinychat.com\/de\/wp-json\/wp\/v2\/pages\/8708\/revisions\/13460"}],"wp:attachment":[{"href":"https:\/\/tinychat.com\/de\/wp-json\/wp\/v2\/media?parent=8708"}],"curies":[{"name":"wp","href":"https:\/\/api.w.org\/{rel}","templated":true}]}}