{"id":8857,"date":"2021-11-11T13:53:57","date_gmt":"2021-11-11T11:53:57","guid":{"rendered":"https:\/\/tinychat.com\/?page_id=8857"},"modified":"2025-07-16T14:57:09","modified_gmt":"2025-07-16T12:57:09","slug":"teen-chat","status":"publish","type":"page","link":"https:\/\/tinychat.com\/de\/teen-chat\/","title":{"rendered":"Teenager-Chat"},"content":{"rendered":"<p>In der heutigen digitalen Welt ist der Teenager-Chat zu einer der beliebtesten und aufregendsten M\u00f6glichkeiten f\u00fcr junge Menschen geworden, neue Freunde zu treffen, Geschichten auszutauschen, Ratschl\u00e4ge zu erhalten und einfach Spa\u00df zu haben - und das alles bequem von zu Hause aus. Egal, ob du nach einem Ort suchst, an dem du \u00fcber deine Interessen sprechen, an Gruppenchats teilnehmen oder sogar einen sicheren Videochat mit anderen Teenagern ausprobieren kannst - es gibt einen Chatraum oder eine App f\u00fcr dich.<\/p>\n<p>Aber so toll ein Teenager-Chat auch sein kann, um Kontakte zu kn\u00fcpfen, so wichtig ist es auch zu wissen, wo man hingeht, was man erwarten kann und wie man sich sch\u00fctzt. In diesem Leitfaden erf\u00e4hrst du alles, was du wissen musst: die besten kostenlosen Chat-Websites und -Apps f\u00fcr Teenager, warum Teenager gerne online chatten, wie du dein Publikum findest und clevere Tipps, die sicherstellen, dass deine Erfahrungen immer positiv sind.<\/p>\n<h2>Was ist Teen Chat und warum ist er so beliebt?<\/h2>\n<p>Ein Teenager-Chat ist ein Online-Chatdienst - Text, Sprache oder Video -, bei dem sich Teenager mit anderen Gleichaltrigen austauschen und unterhalten k\u00f6nnen. Im Gegensatz zu den traditionellen sozialen Medien, in denen man haupts\u00e4chlich mit Leuten spricht, die man bereits kennt, kann man in Teenager-Chatr\u00e4umen und -Apps Fremde treffen, Gruppen beitreten und offen \u00fcber alles reden, was man m\u00f6chte.<\/p>\n<p>Warum ist sie so beliebt?<\/p>\n<ul>\n<li>Es ist sofort und einfach: Sie brauchen keine gro\u00dfe Anzahl von Followern oder Freunden, um einem Chat beizutreten und ein Gespr\u00e4ch zu beginnen.<\/li>\n<li>Lerne neue Leute kennen: Triff dich mit Jugendlichen aus deiner Schule, deiner Stadt, deinem Land oder sogar aus der ganzen Welt.<\/li>\n<li>Finden Sie Ihre Community: Es gibt R\u00e4ume und Server f\u00fcr jedes Interesse - Musik, Spiele, Kunst, Sport, psychische Gesundheit, LGBTQ+ Unterst\u00fctzung und vieles mehr.<\/li>\n<li>Seien Sie Sie selbst: Sie k\u00f6nnen so viel oder so wenig teilen, wie Sie wollen, und manchmal ist es einfacher, sich Menschen zu \u00f6ffnen, die Sie noch nicht kennen.<\/li>\n<\/ul>\n<p>Egal, ob du sch\u00fcchtern oder kontaktfreudig, introvertiert oder extrovertiert bist, in der Welt des Teenager-Chats ist f\u00fcr jeden etwas dabei.<\/p>\n<h2>Arten von Teenager-Chats: Text, Sprache und Video<\/h2>\n<p>Wenn man von einem Teenager-Chat spricht, meint man in der Regel eines (oder mehrere) dieser Formate:<\/p>\n<ul>\n<li>Text-Chatr\u00e4ume: Die klassischste Art, Kontakte zu kn\u00fcpfen. Tippen und senden Sie einfach Nachrichten in einem \u00f6ffentlichen Raum oder einem privaten DM.<\/li>\n<li>Sprach-Chat: Beteiligen Sie sich an Gruppenanrufen oder privaten Voice-Chats f\u00fcr echte Gespr\u00e4che.<\/li>\n<li>Video-Chat f\u00fcr Jugendliche: Einige Plattformen bieten sichere Videochats f\u00fcr Jugendliche an, die Online-Freundschaften ein \"echteres\" Gef\u00fchl verleihen.<\/li>\n<li>Thematische Chat-R\u00e4ume: Finden Sie R\u00e4ume, die sich auf bestimmte Themen, Spiele, Musik, Ratschl\u00e4ge oder lokale Bereiche konzentrieren.<\/li>\n<\/ul>\n<p>Die meisten Plattformen bieten eine Mischung an, bei der Sie mit Text beginnen und dann, wenn Sie sich sicher f\u00fchlen, Sprach- oder Videokommunikation ausprobieren k\u00f6nnen.<\/p>\n<h2>Beste kostenlose Teen Chat R\u00e4ume und Apps<\/h2>\n<p>Suchst du nach einem Ort, an dem du sicher chatten und Leute in deinem Alter treffen kannst? Hier sind einige der vertrauensw\u00fcrdigsten und beliebtesten Optionen f\u00fcr kostenlosen Teenager-Chat:<\/p>\n<h3>1. Teenager-Chat (teen-chat.org)<\/h3>\n<p>Diese Plattform ist einer der urspr\u00fcnglichen Online-Chatr\u00e4ume f\u00fcr Teenager und bietet moderierte R\u00e4ume f\u00fcr 13-19-J\u00e4hrige. Es gibt thematische R\u00e4ume f\u00fcr Ratschl\u00e4ge, Spiele, Musik und mehr. Eine Anmeldung ist nicht erforderlich, aber die Moderatoren sorgen f\u00fcr Sicherheit.<\/p>\n<h3>2. Discord (Jugendserver)<\/h3>\n<p>Discord ist die ultimative Community-Chat-App. Suchen Sie nach gepr\u00fcften \"Teen\"-Servern, die von Erwachsenen und anderen Jugendlichen moderiert werden, mit strengen Altersregeln und privaten R\u00e4umen. Du kannst mit einem Einladungslink beitreten und Gruppen f\u00fcr fast jedes Interesse finden.<\/p>\n<h3>3. Amino<\/h3>\n<p>Eine soziale App mit Hunderten von Gemeinschaften (genannt \"Aminos\"), darunter viele f\u00fcr Jugendliche. Sie bietet Text-Chat, Gruppenforen und die gemeinsame Nutzung von Multimedia. Einige sind \u00f6ffentlich, w\u00e4hrend andere nur auf Einladung oder privat zug\u00e4nglich sind.<\/p>\n<h3>4. Chat Avenue (Teenager-Chatraum)<\/h3>\n<p>Eine bekannte Chatseite mit einem speziellen, moderierten Teenagerraum. Die Regeln sind klar und werden streng durchgesetzt - ideal f\u00fcr Gruppenchats oder pers\u00f6nliche Treffen.<\/p>\n<h3>5. Telegram und Kik (Teenager-Gruppen)<\/h3>\n<p>Beide Apps sind zwar nicht jugendspezifisch, haben aber gro\u00dfe, aktive Teenager-Communities. Verwenden Sie immer \u00f6ffentliche Gruppen und vermeiden Sie es, pers\u00f6nliche Informationen in DMs zu teilen.<\/p>\n<h3>6. Snapchat Gruppenchats<\/h3>\n<p>Snapchat wird h\u00e4ufig zum Chatten mit Freunden verwendet, aber es gibt auch \u00f6ffentliche Gruppen und Funktionen zum Teilen von Geschichten, mit denen du neue Leute mit gleichen Interessen finden kannst.<\/p>\n<blockquote><p>Hinweis: \u00dcberpr\u00fcfen Sie immer die aktuelle Sicherheitsreputation und die Moderationspraktiken f\u00fcr jede App, die Sie verwenden.<\/p><\/blockquote>\n<h2>Warum lieben Teenager das Chatten im Internet?<\/h2>\n<ul>\n<li>Die Freiheit, sich auszudr\u00fccken: Manchmal ist es einfacher, sich online zu \u00f6ffnen, besonders wenn man sch\u00fcchtern oder anders ist.<\/li>\n<li>Unterst\u00fctzung und Ratschl\u00e4ge: Online-Freunde k\u00f6nnen in schwierigen Zeiten eine gro\u00dfe Quelle der Ermutigung sein - viele Jugendliche geben an, dass sie im Chat emotionale Unterst\u00fctzung gefunden haben.<\/li>\n<li>Gemeinsame Interessen: Finden Sie Menschen, die Ihre Lieblingsmusik, Anime, Spiele oder Lebenserfahrungen wirklich \"verstehen\".<\/li>\n<li>Lernen Sie die Welt kennen: Treffen Sie Jugendliche aus anderen L\u00e4ndern, lernen Sie neue Kulturen kennen und schlie\u00dfen Sie Freundschaften auf der ganzen Welt.<\/li>\n<li>Kein Druck: Wenn dir jemand nicht gef\u00e4llt, kannst du den Chat einfach verlassen und einen anderen Raum ausprobieren.<\/li>\n<\/ul>\n<h2>Wie man mit Teen Chat Online anf\u00e4ngt<\/h2>\n<p>Es ist ganz einfach, aber es gibt ein paar Dinge zu beachten, um ein sicheres, positives Erlebnis zu haben:<\/p>\n<ol>\n<li>W\u00e4hlen Sie eine seri\u00f6se Plattform. Vermeiden Sie Websites oder Apps mit schlechter Sicherheitsbilanz oder ohne Moderation.<\/li>\n<li>Erstellen Sie einen Spitznamen oder Benutzernamen. Verwenden Sie nicht Ihren richtigen Namen. W\u00e4hlen Sie etwas Lustiges oder Einzigartiges.<\/li>\n<li>Geben Sie Ihr Alter an oder treten Sie altersgerechten R\u00e4umen bei. Auf den meisten Websites k\u00f6nnen Sie Ihre Altersspanne angeben.<\/li>\n<li>Lesen Sie die Regeln. Jeder Chat hat Richtlinien - lesen Sie diese, um zu vermeiden, dass Sie gesperrt werden, und um die Sicherheit aller zu gew\u00e4hrleisten.<\/li>\n<li>Beginnen Sie mit einem \u00f6ffentlichen Chat. Private Nachrichten sind in Ordnung, aber machen Sie es sich erst einmal gem\u00fctlich und vertrauen Sie Ihrem Instinkt.<\/li>\n<\/ol>\n<p>Wenn Sie bereit sind, gehen Sie einfach in einen Chatraum, stellen Sie sich vor und fangen Sie an zu reden!<\/p>\n<h2>Sicherheit in Chatr\u00e4umen und Apps f\u00fcr Jugendliche<\/h2>\n<p>Sicherheit steht immer an erster Stelle. Hier erf\u00e4hrst du, wie du dich sch\u00fctzen kannst, wenn du Freunde findest:<\/p>\n<ul>\n<li>Geben Sie niemals Ihren richtigen Namen, Ihre Adresse, Schule, Telefonnummer oder soziale Medien an Fremde weiter.<\/li>\n<li>Senden Sie keine privaten Fotos oder Videos. Auch wenn jemand vertrauensw\u00fcrdig erscheint.<\/li>\n<li>Vermeiden Sie es, Menschen im wirklichen Leben zu treffen, es sei denn, ein Elternteil oder ein vertrauensw\u00fcrdiger Erwachsener begleitet Sie.<\/li>\n<li>Achten Sie auf Geschichten, die zu sch\u00f6n sind, um wahr zu sein - manche Leute l\u00fcgen oder \u00fcbertreiben online.<\/li>\n<li>Melden und blockieren Sie jeden, der Ihnen Unbehagen bereitet. Die Moderatoren sind da, um zu helfen.<\/li>\n<li>Sprechen Sie mit einem Elternteil oder einem Erwachsenen, wenn Sie sich jemals unter Druck gesetzt f\u00fchlen oder sich Sorgen \u00fcber etwas im Internet machen.<\/li>\n<\/ul>\n<p>Viele Apps bieten Melde- und Sperrfunktionen - nutzen Sie diese, wenn n\u00f6tig.<\/p>\n<h2>Wie man den richtigen Teen Chat Room f\u00fcr sich findet<\/h2>\n<ul>\n<li>Interessenbezogene R\u00e4ume: Sie lieben Spiele, Anime, Musik oder Kunst? Suchen Sie nach thematischen Servern oder Chatr\u00e4umen, die Ihren Interessen gewidmet sind.<\/li>\n<li>Lokaler Chat: Einige Plattformen bieten stadt- oder landesspezifische R\u00e4ume an, damit Sie Leute in Ihrer N\u00e4he treffen k\u00f6nnen (ideal f\u00fcr Hausaufgabenhilfe oder lokale Beratung).<\/li>\n<li>Selbsthilfegruppen: Wenn Sie Probleme in der Schule, in Beziehungen oder mit der psychischen Gesundheit haben, suchen Sie nach Chats oder Beratungsstellen f\u00fcr Gleichgesinnte.<\/li>\n<li>Chats in kleinen Gruppen: Wenn sich gro\u00dfe R\u00e4ume erdr\u00fcckend anf\u00fchlen, versuchen Sie es mit kleineren Gruppen, zu denen Sie nur eingeladen sind, um eine engere Gemeinschaft zu bilden.<\/li>\n<\/ul>\n<p>Experimentieren Sie, bis Sie das Richtige gefunden haben - jeder Mensch ist anders!<\/p>\n<h2>Wor\u00fcber kann man in Teenager-Chatr\u00e4umen sprechen?<\/h2>\n<p>Und das Beste daran? Man kann \u00fcber fast alles reden, solange man sich an die Regeln h\u00e4lt:<\/p>\n<ul>\n<li>Lieblingsmusik, -filme und -fernsehsendungen<\/li>\n<li>Tipps f\u00fcr Schule und Studium<\/li>\n<li>Lebenshilfe, lustige Geschichten und Memes<\/li>\n<li>Umgang mit Stress, \u00c4ngsten oder schwierigen Tagen<\/li>\n<li>Kreative Hobbys - teilen Sie Ihre k\u00fcnstlerischen, schriftstellerischen oder spielerischen Leistungen<\/li>\n<li>Ratschl\u00e4ge zu Freundschaften, Verabredungen oder Familienangelegenheiten<\/li>\n<li>Zukunftstr\u00e4ume, Reisepl\u00e4ne und coole Erlebnisse<\/li>\n<\/ul>\n<p>Mach dir keine Sorgen, wenn du anfangs sch\u00fcchtern bist. Die meisten Teenager sind am Anfang etwas nerv\u00f6s, aber es wird leichter, je mehr man sich unterh\u00e4lt.<\/p>\n<h2>Video-Chat f\u00fcr Jugendliche: Ist es sicher?<\/h2>\n<p>Einige Plattformen bieten Videochats f\u00fcr Jugendliche an, um eine noch realere Verbindung herzustellen. Wenn Sie es ausprobieren, beachten Sie diese Tipps:<\/p>\n<ul>\n<li>Verwenden Sie nur vertrauensw\u00fcrdige, moderierte Apps.<\/li>\n<li>Halten Sie den Hintergrund Ihrer Webcam privat (vermeiden Sie es, Ihr Zimmer, Ihre Schule usw. zu zeigen).<\/li>\n<li>F\u00fchlen Sie sich nicht unter Druck gesetzt, Ihre Kamera einzuschalten, wenn Sie sich unwohl f\u00fchlen.<\/li>\n<li>Zeichnen Sie niemals Chats auf oder geben Sie sie au\u00dferhalb der Plattform weiter.<\/li>\n<li>Melden Sie unangemessenes Verhalten immer sofort.<\/li>\n<\/ul>\n<p>Video-Chat kann Spa\u00df machen und echt sein, aber Ihre Sicherheit und Ihr Komfort sollten immer an erster Stelle stehen.<\/p>\n<h2>Teenager-Chat vs. Soziale Medien und andere Optionen<\/h2>\n<table>\n<thead>\n<tr>\n<th>Merkmal<\/th>\n<th>Teen Chat R\u00e4ume<\/th>\n<th>Soziale Medien<\/th>\n<th>Gruppenchats<\/th>\n<th>Messaging-Apps<\/th>\n<\/tr>\n<\/thead>\n<tbody>\n<tr>\n<td>Altersgerechte Sicherheit<\/td>\n<td>\u2705<\/td>\n<td>\u274c<\/td>\n<td>\u274c<\/td>\n<td>\u274c<\/td>\n<\/tr>\n<tr>\n<td>Anonyme Profile<\/td>\n<td>\u2705<\/td>\n<td>\u274c<\/td>\n<td>\u274c<\/td>\n<td>\u2705<\/td>\n<\/tr>\n<tr>\n<td>Abgleich in Echtzeit<\/td>\n<td>\u2705<\/td>\n<td>\u274c<\/td>\n<td>\u2705<\/td>\n<td>\u2705<\/td>\n<\/tr>\n<tr>\n<td>Gruppe oder 1-on-1<\/td>\n<td>\u2705<\/td>\n<td>\u2705<\/td>\n<td>\u2705<\/td>\n<td>\u2705<\/td>\n<\/tr>\n<tr>\n<td>Interessenbezogene R\u00e4ume<\/td>\n<td>\u2705<\/td>\n<td>\u2705<\/td>\n<td>\u2705<\/td>\n<td>\u2705<\/td>\n<\/tr>\n<tr>\n<td>Moderation<\/td>\n<td>\u2705<\/td>\n<td>\u274c\/\u2705<\/td>\n<td>\u2705<\/td>\n<td>\u274c<\/td>\n<\/tr>\n<tr>\n<td>Kostenlose Nutzung<\/td>\n<td>\u2705<\/td>\n<td>\u2705<\/td>\n<td>\u2705<\/td>\n<td>\u2705<\/td>\n<\/tr>\n<\/tbody>\n<\/table>\n<p>Der Teenager-Chat ist oft sicherer und einladender f\u00fcr echte Gespr\u00e4che als die allgemeinen sozialen Medien.<\/p>\n<h2>F\u00fcr Eltern: So bleibt Ihr Teenager sicher im Internet<\/h2>\n<p>Wenn Sie Eltern sind, ist es ganz nat\u00fcrlich, dass Sie sich Sorgen machen, wenn Ihr Kind mit Fremden chattet. Offene Gespr\u00e4che \u00fcber die Sicherheit im Internet sind wichtig. Hier sind ein paar Tipps:<\/p>\n<ul>\n<li>Fragen Sie nach den Apps, die Ihr Teenager benutzt, und warum er sie mag.<\/li>\n<li>Setzen Sie klare Grenzen f\u00fcr die Weitergabe von pers\u00f6nlichen Informationen und Fotos.<\/li>\n<li>Ermutigen Sie Ihren Teenager, zu Ihnen zu kommen, wenn er sich unwohl f\u00fchlt oder unter Druck gesetzt wird.<\/li>\n<li>Informieren Sie sich gemeinsam \u00fcber Melde-\/Sperrfunktionen.<\/li>\n<li>Bewahren Sie Computer oder Ger\u00e4te in gemeinsam genutzten R\u00e4umen auf, insbesondere bei j\u00fcngeren Teenagern.<\/li>\n<\/ul>\n<p>Wenn Teenager wissen, dass Sie sie unterst\u00fctzen (und nicht nur kontrollieren), sind sie eher bereit, ihre Sorgen zu teilen.<\/p>\n<p>Teenager-Chats sind mehr als nur ein Zeitvertreib im Internet - sie bieten die M\u00f6glichkeit, echte Freundschaften zu schlie\u00dfen, Unterst\u00fctzung zu finden und mehr \u00fcber sich selbst und andere zu erfahren. Egal, ob du auf rasante Gruppenchats, ruhige DMs oder sogar sichere Videoanrufe stehst, es gibt eine Plattform, die perfekt f\u00fcr dich ist.<\/p>\n<p>Denk einfach daran: Hab Spa\u00df, sei freundlich, bleib clever und pass auf dich und deine Freunde auf. Das Internet ist voller toller Menschen - dein n\u00e4chster bester Freund, Studienkollege oder deine Lieblingsgruppe wartet vielleicht schon im n\u00e4chsten Chatroom auf dich.<\/p>\n<p>Bist du bereit, es auszuprobieren? Starten Sie noch heute einen kostenlosen Chat-Raum oder eine App f\u00fcr Teenager und sehen Sie, wen Sie treffen werden!<\/p>","protected":false},"excerpt":{"rendered":"<p>In today\u2019s digital world, teen chat has become one of the most popular and exciting ways for young people to meet new friends, share stories, get advice, and just have fun\u2014all from the comfort of home. Whether you\u2019re looking for a place to talk about your interests, join group chats, or even try safe video [&hellip;]<\/p>\n","protected":false},"author":8,"featured_media":0,"parent":0,"menu_order":0,"comment_status":"closed","ping_status":"closed","template":"","meta":{"footnotes":""},"class_list":["post-8857","page","type-page","status-publish","hentry"],"yoast_head":"<!-- This site is optimized with the Yoast SEO plugin v27.4 - https:\/\/yoast.com\/product\/yoast-seo-wordpress\/ -->\n<title>Teen Chat with Video Chat on TinyChat.com<\/title>\n<meta name=\"description\" content=\"Enjoying Teen Chat? Join over 50,000,000 strangers on TinyChat! Turn on your cam and start meeting new people, or find a match.\" \/>\n<meta name=\"robots\" content=\"index, follow, max-snippet:-1, max-image-preview:large, max-video-preview:-1\" \/>\n<link rel=\"canonical\" href=\"https:\/\/tinychat.com\/de\/teen-chat\/\" \/>\n<meta property=\"og:locale\" content=\"de_DE\" \/>\n<meta property=\"og:type\" content=\"article\" \/>\n<meta property=\"og:title\" content=\"Teen Chat with Video Chat on TinyChat.com\" \/>\n<meta property=\"og:description\" content=\"Enjoying Teen Chat? Join over 50,000,000 strangers on TinyChat! Turn on your cam and start meeting new people, or find a match.\" \/>\n<meta property=\"og:url\" content=\"https:\/\/tinychat.com\/de\/teen-chat\/\" \/>\n<meta property=\"og:site_name\" content=\"TinyChat\" \/>\n<meta property=\"article:publisher\" content=\"https:\/\/www.facebook.com\/tinychat\" \/>\n<meta property=\"article:modified_time\" content=\"2025-07-16T12:57:09+00:00\" \/>\n<meta property=\"og:image\" content=\"https:\/\/tinychat.com\/wp-content\/uploads\/2020\/04\/Tinychat-logo-1280x284-new-black.png\" \/>\n\t<meta property=\"og:image:width\" content=\"1280\" \/>\n\t<meta property=\"og:image:height\" content=\"284\" \/>\n\t<meta property=\"og:image:type\" content=\"image\/png\" \/>\n<meta name=\"twitter:card\" content=\"summary_large_image\" \/>\n<meta name=\"twitter:site\" content=\"@tinychat\" \/>\n<meta name=\"twitter:label1\" content=\"Gesch\u00e4tzte Lesezeit\" \/>\n\t<meta name=\"twitter:data1\" content=\"7\u00a0Minuten\" \/>\n<script type=\"application\/ld+json\" class=\"yoast-schema-graph\">{\"@context\":\"https:\\\/\\\/schema.org\",\"@graph\":[{\"@type\":\"WebPage\",\"@id\":\"https:\\\/\\\/tinychat.com\\\/teen-chat\\\/\",\"url\":\"https:\\\/\\\/tinychat.com\\\/teen-chat\\\/\",\"name\":\"Teen Chat with Video Chat on TinyChat.com\",\"isPartOf\":{\"@id\":\"https:\\\/\\\/tinychat.com\\\/#website\"},\"datePublished\":\"2021-11-11T11:53:57+00:00\",\"dateModified\":\"2025-07-16T12:57:09+00:00\",\"description\":\"Enjoying Teen Chat? Join over 50,000,000 strangers on TinyChat! Turn on your cam and start meeting new people, or find a match.\",\"breadcrumb\":{\"@id\":\"https:\\\/\\\/tinychat.com\\\/teen-chat\\\/#breadcrumb\"},\"inLanguage\":\"de\",\"potentialAction\":[{\"@type\":\"ReadAction\",\"target\":[\"https:\\\/\\\/tinychat.com\\\/teen-chat\\\/\"]}]},{\"@type\":\"BreadcrumbList\",\"@id\":\"https:\\\/\\\/tinychat.com\\\/teen-chat\\\/#breadcrumb\",\"itemListElement\":[{\"@type\":\"ListItem\",\"position\":1,\"name\":\"Home\",\"item\":\"https:\\\/\\\/tinychat.com\\\/\"},{\"@type\":\"ListItem\",\"position\":2,\"name\":\"Teen Chat\"}]},{\"@type\":\"WebSite\",\"@id\":\"https:\\\/\\\/tinychat.com\\\/#website\",\"url\":\"https:\\\/\\\/tinychat.com\\\/\",\"name\":\"TinyChat\",\"description\":\"Random Video Chat with Strangers\",\"publisher\":{\"@id\":\"https:\\\/\\\/tinychat.com\\\/#organization\"},\"alternateName\":\"TinyChat.com\",\"potentialAction\":[{\"@type\":\"SearchAction\",\"target\":{\"@type\":\"EntryPoint\",\"urlTemplate\":\"https:\\\/\\\/tinychat.com\\\/?s={search_term_string}\"},\"query-input\":{\"@type\":\"PropertyValueSpecification\",\"valueRequired\":true,\"valueName\":\"search_term_string\"}}],\"inLanguage\":\"de\"},{\"@type\":\"Organization\",\"@id\":\"https:\\\/\\\/tinychat.com\\\/#organization\",\"name\":\"TinyChat\",\"alternateName\":\"TinyChat.com\",\"url\":\"https:\\\/\\\/tinychat.com\\\/\",\"logo\":{\"@type\":\"ImageObject\",\"inLanguage\":\"de\",\"@id\":\"https:\\\/\\\/tinychat.com\\\/#\\\/schema\\\/logo\\\/image\\\/\",\"url\":\"https:\\\/\\\/tinychat.com\\\/wp-content\\\/uploads\\\/2023\\\/11\\\/Tinychat-icon-square.png\",\"contentUrl\":\"https:\\\/\\\/tinychat.com\\\/wp-content\\\/uploads\\\/2023\\\/11\\\/Tinychat-icon-square.png\",\"width\":284,\"height\":284,\"caption\":\"TinyChat\"},\"image\":{\"@id\":\"https:\\\/\\\/tinychat.com\\\/#\\\/schema\\\/logo\\\/image\\\/\"},\"sameAs\":[\"https:\\\/\\\/www.facebook.com\\\/tinychat\",\"https:\\\/\\\/x.com\\\/tinychat\"]}]}<\/script>\n<!-- \/ Yoast SEO plugin. -->","yoast_head_json":{"title":"Teen Chat mit Video Chat auf TinyChat.com","description":"Genie\u00dfen Sie den Teen Chat? Schlie\u00dfen Sie sich \u00fcber 50.000.000 Fremden auf TinyChat an! Schalte deine Kamera ein und fange an, neue Leute zu treffen, oder finde einen Partner.","robots":{"index":"index","follow":"follow","max-snippet":"max-snippet:-1","max-image-preview":"max-image-preview:large","max-video-preview":"max-video-preview:-1"},"canonical":"https:\/\/tinychat.com\/de\/teen-chat\/","og_locale":"de_DE","og_type":"article","og_title":"Teen Chat with Video Chat on TinyChat.com","og_description":"Enjoying Teen Chat? Join over 50,000,000 strangers on TinyChat! Turn on your cam and start meeting new people, or find a match.","og_url":"https:\/\/tinychat.com\/de\/teen-chat\/","og_site_name":"TinyChat","article_publisher":"https:\/\/www.facebook.com\/tinychat","article_modified_time":"2025-07-16T12:57:09+00:00","og_image":[{"width":1280,"height":284,"url":"https:\/\/tinychat.com\/wp-content\/uploads\/2020\/04\/Tinychat-logo-1280x284-new-black.png","type":"image\/png"}],"twitter_card":"summary_large_image","twitter_site":"@tinychat","twitter_misc":{"Gesch\u00e4tzte Lesezeit":"7\u00a0Minuten"},"schema":{"@context":"https:\/\/schema.org","@graph":[{"@type":"WebPage","@id":"https:\/\/tinychat.com\/teen-chat\/","url":"https:\/\/tinychat.com\/teen-chat\/","name":"Teen Chat mit Video Chat auf TinyChat.com","isPartOf":{"@id":"https:\/\/tinychat.com\/#website"},"datePublished":"2021-11-11T11:53:57+00:00","dateModified":"2025-07-16T12:57:09+00:00","description":"Genie\u00dfen Sie den Teen Chat? Schlie\u00dfen Sie sich \u00fcber 50.000.000 Fremden auf TinyChat an! Schalte deine Kamera ein und fange an, neue Leute zu treffen, oder finde einen Partner.","breadcrumb":{"@id":"https:\/\/tinychat.com\/teen-chat\/#breadcrumb"},"inLanguage":"de","potentialAction":[{"@type":"ReadAction","target":["https:\/\/tinychat.com\/teen-chat\/"]}]},{"@type":"BreadcrumbList","@id":"https:\/\/tinychat.com\/teen-chat\/#breadcrumb","itemListElement":[{"@type":"ListItem","position":1,"name":"Home","item":"https:\/\/tinychat.com\/"},{"@type":"ListItem","position":2,"name":"Teen Chat"}]},{"@type":"WebSite","@id":"https:\/\/tinychat.com\/#website","url":"https:\/\/tinychat.com\/","name":"TinyChat","description":"Zuf\u00e4lliger Video-Chat mit Fremden","publisher":{"@id":"https:\/\/tinychat.com\/#organization"},"alternateName":"TinyChat.com","potentialAction":[{"@type":"SearchAction","target":{"@type":"EntryPoint","urlTemplate":"https:\/\/tinychat.com\/?s={search_term_string}"},"query-input":{"@type":"PropertyValueSpecification","valueRequired":true,"valueName":"search_term_string"}}],"inLanguage":"de"},{"@type":"Organization","@id":"https:\/\/tinychat.com\/#organization","name":"TinyChat","alternateName":"TinyChat.com","url":"https:\/\/tinychat.com\/","logo":{"@type":"ImageObject","inLanguage":"de","@id":"https:\/\/tinychat.com\/#\/schema\/logo\/image\/","url":"https:\/\/tinychat.com\/wp-content\/uploads\/2023\/11\/Tinychat-icon-square.png","contentUrl":"https:\/\/tinychat.com\/wp-content\/uploads\/2023\/11\/Tinychat-icon-square.png","width":284,"height":284,"caption":"TinyChat"},"image":{"@id":"https:\/\/tinychat.com\/#\/schema\/logo\/image\/"},"sameAs":["https:\/\/www.facebook.com\/tinychat","https:\/\/x.com\/tinychat"]}]}},"_links":{"self":[{"href":"https:\/\/tinychat.com\/de\/wp-json\/wp\/v2\/pages\/8857","targetHints":{"allow":["GET"]}}],"collection":[{"href":"https:\/\/tinychat.com\/de\/wp-json\/wp\/v2\/pages"}],"about":[{"href":"https:\/\/tinychat.com\/de\/wp-json\/wp\/v2\/types\/page"}],"author":[{"embeddable":true,"href":"https:\/\/tinychat.com\/de\/wp-json\/wp\/v2\/users\/8"}],"replies":[{"embeddable":true,"href":"https:\/\/tinychat.com\/de\/wp-json\/wp\/v2\/comments?post=8857"}],"version-history":[{"count":2,"href":"https:\/\/tinychat.com\/de\/wp-json\/wp\/v2\/pages\/8857\/revisions"}],"predecessor-version":[{"id":13334,"href":"https:\/\/tinychat.com\/de\/wp-json\/wp\/v2\/pages\/8857\/revisions\/13334"}],"wp:attachment":[{"href":"https:\/\/tinychat.com\/de\/wp-json\/wp\/v2\/media?parent=8857"}],"curies":[{"name":"wp","href":"https:\/\/api.w.org\/{rel}","templated":true}]}}