{"id":909,"date":"2025-04-04T12:10:29","date_gmt":"2025-04-04T10:10:29","guid":{"rendered":"https:\/\/tinychat.com\/?page_id=909"},"modified":"2025-07-07T18:18:13","modified_gmt":"2025-07-07T16:18:13","slug":"chathub","status":"publish","type":"page","link":"https:\/\/tinychat.com\/de\/chathub\/","title":{"rendered":"Chathub"},"content":{"rendered":"<p>In einer digitalen Landschaft, in der die Online-Verbindung mit Fremden sowohl ein Zeitvertreib als auch eine Lebensader f\u00fcr Millionen von Menschen geworden ist, hebt sich ChatHub als ein modernes, raffiniertes und hochgradig anpassbares Video <a href=\"https:\/\/tinychat.com\/de\/chatroulette\/\">Chat<\/a> Plattform. Mit dem Aufkommen von Plattformen wie <a href=\"https:\/\/tinychat.com\/de\/omegle\/\">Omegle<\/a>, <a href=\"https:\/\/tinychat.com\/de\/chatroulette\/\">Chatroulette<\/a>und <a href=\"https:\/\/tinychat.com\/de\/ometv\/\">OmeTV<\/a>Die Idee, Menschen zuf\u00e4llig per Webcam zu treffen, ist nicht mehr neu - aber ChatHub bringt sie in die Gegenwart mit Multi-Chat-Fenstern, starker Moderation, leistungsstarken Filtern und einer schlanken Benutzeroberfl\u00e4che.<\/p>\n<p>Ganz gleich, ob Sie neue Leute kennenlernen, anonym flirten, eine neue Sprache \u00fcben oder einfach nur die Zeit mit wildfremden Menschen verbringen m\u00f6chten, ChatHub bietet eine Plattform, die sich sauberer, sicherer und fortschrittlicher anf\u00fchlt als viele seiner Vorg\u00e4nger. Sie bietet all die Zuf\u00e4lligkeit und Spontaneit\u00e4t, die Menschen an Videochats lieben - aber ohne das Chaos.<\/p>\n<p>Lassen Sie uns herausfinden, wie ChatHub funktioniert, was es einzigartig macht und warum es eine der besten Alternativen zu <a href=\"https:\/\/tinychat.com\/de\/omegle\/\">Omegle<\/a> im heutigen Video <a href=\"https:\/\/tinychat.com\/de\/chatroulette\/\">Chat<\/a> \u00d6kosystem.<\/p>\n<h2>Was ist ChatHub?<\/h2>\n<p>ChatHub ist ein kostenloses, browserbasiertes Zufalls <a href=\"https:\/\/tinychat.com\/de\/chatroulette\/\">Chat<\/a> Website, die es Nutzern erm\u00f6glicht, per Video oder Text mit Fremden aus der ganzen Welt in Kontakt zu treten. ChatHub wurde als Reaktion auf die nachlassende Qualit\u00e4t und Moderation \u00e4lterer Plattformen ins Leben gerufen, um ein saubereres, sichereres und effizienteres Nutzererlebnis zu bieten.<\/p>\n<p>Im Gegensatz zu vielen Wettbewerbern unterst\u00fctzt ChatHub bis zu vier gleichzeitige <a href=\"https:\/\/tinychat.com\/de\/chatroulette\/\">Chat<\/a> Fenster und ist damit eine der wenigen Multicam-Zufallszahlen <a href=\"https:\/\/tinychat.com\/de\/chatroulette\/\">Chat<\/a> Erfahrungen online. Es bietet auch Filter nach Sprache, Geschlecht (f\u00fcr Premium-Nutzer) und Standort, die den Nutzern helfen, ihre Suche einzugrenzen. <a href=\"https:\/\/tinychat.com\/de\/chatroulette\/\">Chat<\/a> Partner auf der Grundlage von Pr\u00e4ferenzen.<\/p>\n<p>Das Beste daran ist, dass keine Registrierung erforderlich ist, d. h. Sie k\u00f6nnen sofort, anonym und kostenlos einsteigen.<\/p>\n<h2>Hauptmerkmale von ChatHub<\/h2>\n<p>Was ChatHub von einem Meer von <a href=\"https:\/\/tinychat.com\/de\/\">zuf\u00e4lliger Video-Chat<\/a> Seiten? Eine ganze Menge, um genau zu sein. Hier eine \u00dcbersicht \u00fcber die wichtigsten Funktionen:<\/p>\n<h3>1. Zuf\u00e4lliger Video-Chat unter vier Augen<\/h3>\n<p>Im Kern bietet ChatHub sofortige Video <a href=\"https:\/\/tinychat.com\/de\/chatroulette\/\">Chat<\/a> mit Fremden von \u00fcberall auf der Welt. Klicken Sie einfach auf \"Start\", und Sie sind in Sekundenschnelle mit einem neuen Menschen verbunden.<\/p>\n<p>Das Erlebnis ist stromlinienf\u00f6rmig und minimalistisch: keine Popups, keine unn\u00f6tigen Animationen - nur ein Gespr\u00e4ch von Angesicht zu Angesicht.<\/p>\n<h3>2. Multi-Cam-Chat (bis zu 4 Fremde)<\/h3>\n<p>Als einzigartige und herausragende Funktion erm\u00f6glicht ChatHub die Aktivierung des Multi-Chat-Modus, in dem Sie mit bis zu vier Personen gleichzeitig in verschiedenen Fenstern in Verbindung treten k\u00f6nnen. Dies ist perfekt f\u00fcr Nutzer, die mehr Optionen w\u00fcnschen oder gerne in Gruppen interagieren.<\/p>\n<p>Sie k\u00f6nnen jede der <a href=\"https:\/\/tinychat.com\/de\/chatroulette\/\">Chat<\/a> Das macht es zu einer effizienten Methode, den richtigen Gespr\u00e4chspartner zu finden, ohne alle Gespr\u00e4che auf einmal zu beenden.<\/p>\n<h3>3. Filter f\u00fcr Sprache und Standort<\/h3>\n<p>ChatHub bietet den Benutzern die M\u00f6glichkeit zu filtern <a href=\"https:\/\/tinychat.com\/de\/chatroulette\/\">Chat<\/a> Partner nach Sprache zu sortieren, was zu reibungsloseren, verst\u00e4ndlicheren Gespr\u00e4chen beitr\u00e4gt. M\u00f6chten Sie nur <a href=\"https:\/\/tinychat.com\/de\/chatroulette\/\">Chat<\/a> mit Englisch-, Spanisch- oder Franz\u00f6sischsprechern? Das k\u00f6nnen Sie tun.<\/p>\n<p>Es gibt auch einen Standortfilter, mit dem Sie Nutzer aus bestimmten L\u00e4ndern priorisieren k\u00f6nnen. Dies ist besonders n\u00fctzlich f\u00fcr den kulturellen Austausch, regionale Interessen oder wenn Sie versuchen, Menschen aus einer bestimmten Gegend zu treffen.<\/p>\n<h3>4. Geschlechtsfilter (nur Premium)<\/h3>\n<p>ChatHub bietet einen kostenpflichtigen Geschlechtsfilter, mit dem Sie zwischen dem Chat mit M\u00e4nnern, Frauen oder beiden w\u00e4hlen k\u00f6nnen. Dies ist ideal f\u00fcr Nutzer, die auf der Suche nach mehr personalisierten Interaktionen sind, einschlie\u00dflich dating-orientierter Gespr\u00e4che.<\/p>\n<p>Die Funktion ist \u00fcber ein Premium-Abonnement verf\u00fcgbar, das zur Finanzierung der Moderationstools und der werbefreien Erfahrung beitr\u00e4gt.<\/p>\n<h3>5. Text-Chat-Modus<\/h3>\n<p>Wenn Sie nicht bereit f\u00fcr Video sind oder sich in einer \u00f6ffentlichen Umgebung befinden, bietet ChatHub auch eine reine Textfunktion an. <a href=\"https:\/\/tinychat.com\/de\/chatroulette\/\">Chat<\/a> Modus. Sie k\u00f6nnen jederzeit zwischen Text- und Videomodus hin- und herschalten. Diese Option ist perfekt f\u00fcr Nutzer, die eher zur\u00fcckhaltende Interaktionen bevorzugen.<\/p>\n<h3>6. Keine Registrierung erforderlich<\/h3>\n<p>Wie <a href=\"https:\/\/tinychat.com\/de\/omegle\/\">Omegle<\/a> und <a href=\"https:\/\/tinychat.com\/de\/chatroulette\/\">Chatroulette<\/a>ChatHub unterh\u00e4lt ein anonymes Zugangsmodell. Sie m\u00fcssen kein Konto erstellen, keine E-Mail-Adresse angeben und keine Software herunterladen. Alles wird \u00fcber Ihren Browser abgewickelt.<\/p>\n<p>Dieser barrierefreie Zugang f\u00f6rdert die Erkundung und spontane Interaktion.<\/p>\n<h3>7. Saubere und minimale Schnittstelle<\/h3>\n<p>Die ChatHub-Benutzeroberfl\u00e4che wurde f\u00fcr maximale Benutzerfreundlichkeit entwickelt und ist \u00fcbersichtlich, leicht und intuitiv. Mit einfacher Navigation, Schnellschaltfl\u00e4chen zum \u00dcberspringen\/Berichten\/Blocken und schnellem Laden macht es die Plattform leicht, sich auf Ihre Unterhaltungen zu konzentrieren.<\/p>\n<h2>Wie man ChatHub benutzt<\/h2>\n<p>Die ersten Schritte auf ChatHub sind einfach und schnell. Hier finden Sie eine Schritt-f\u00fcr-Schritt-Anleitung, die Ihnen den Einstieg erleichtert:<\/p>\n<h3>Schritt 1: Besuchen Sie die Website<\/h3>\n<p>Gehen Sie zu ChatHub. Auf der Startseite sehen Sie ein Video und einen Text <a href=\"https:\/\/tinychat.com\/de\/chatroulette\/\">Chat<\/a> Optionen.<\/p>\n<h3>Schritt 2: Chat-Modus ausw\u00e4hlen<\/h3>\n<p>W\u00e4hlen Sie, ob Sie mit Video oder Text beginnen m\u00f6chten <a href=\"https:\/\/tinychat.com\/de\/chatroulette\/\">Chat<\/a>. Wenn Sie Video w\u00e4hlen, erlauben Sie den Zugriff auf Ihre Kamera und Ihr Mikrofon.<\/p>\n<h3>Schritt 3: Voreinstellungen festlegen (optional)<\/h3>\n<p>Bevor Sie beginnen, k\u00f6nnen Sie Filter wie z. B.:<\/p>\n<ul>\n<li>Sprache<\/li>\n<li>Land<\/li>\n<li>Geschlecht (nur Premium-Nutzer)<\/li>\n<\/ul>\n<p>Sie k\u00f6nnen auch den Multi-Chat-Modus aktivieren, wenn Sie mit mehreren Personen gleichzeitig sprechen m\u00f6chten.<\/p>\n<h3>Schritt 4: Klicken Sie auf \"Start\".<\/h3>\n<p>Sobald Sie bereit sind, klicken Sie auf die Schaltfl\u00e4che \"Start\" und Sie werden mit einem zuf\u00e4lligen <a href=\"https:\/\/tinychat.com\/de\/strangercam\/\">Fremde<\/a>. Sie k\u00f6nnen die <a href=\"https:\/\/tinychat.com\/de\/chatroulette\/\">Chat<\/a> oder klicken Sie auf \"Weiter\", um zum n\u00e4chsten Benutzer zu wechseln.<\/p>\n<h3>Schritt 5: Bildschirmsteuerungen verwenden<\/h3>\n<p>Sie k\u00f6nnen Ihre Kamera stummschalten, ausschalten oder Benutzer direkt \u00fcber die Benutzeroberfl\u00e4che blockieren bzw. melden. Diese Werkzeuge sind w\u00e4hrend Ihrer Sitzung jederzeit leicht zug\u00e4nglich.<\/p>\n<h2>Sicherheit und Datenschutz auf ChatHub<\/h2>\n<p>ChatHub legt gro\u00dfen Wert auf die Schaffung einer sicheren, respektvollen Umgebung und bietet mehrere Schutzmechanismen f\u00fcr Benutzer.<\/p>\n<h3>1. Moderations-Tools<\/h3>\n<p>ChatHub verwendet eine Kombination aus KI und menschlichen Moderatoren, um unangemessene Inhalte zu erkennen und zu blockieren. Nutzer, die gegen Richtlinien versto\u00dfen (z. B. Nacktheit, Hassreden, Bel\u00e4stigung), werden von der Plattform verbannt.<\/p>\n<h3>2. Meldung und Sperrung<\/h3>\n<p>Jeder Nutzer hat Zugang zu den Schaltfl\u00e4chen \"Melden\" und \"Sperren\". Wenn Sie jemanden sehen, der sich unangemessen verh\u00e4lt, klicken Sie auf die Schaltfl\u00e4che \"Melden\". Wiederholt gemeldete Benutzer werden zur \u00dcberpr\u00fcfung und m\u00f6glichen Sperrung markiert.<\/p>\n<h3>3. Optional Video aus\/Audio aus<\/h3>\n<p>Sie m\u00f6chten nicht sofort gesehen oder geh\u00f6rt werden? Sie k\u00f6nnen Ihre Webcam oder Ihr Mikrofon deaktivieren, bevor Sie eine <a href=\"https:\/\/tinychat.com\/de\/chatroulette\/\">Chat<\/a> oder zu einem beliebigen Zeitpunkt w\u00e4hrend Ihrer Sitzung.<\/p>\n<h3>4. Anonymit\u00e4t<\/h3>\n<p>Es werden weder Konten noch pers\u00f6nliche Daten oder Benutzernamen ben\u00f6tigt. ChatHub ist v\u00f6llig anonym, es sei denn, Sie entscheiden sich daf\u00fcr, etwas w\u00e4hrend Ihres Gespr\u00e4chs preiszugeben. <a href=\"https:\/\/tinychat.com\/de\/chatroulette\/\">Chat<\/a>.<\/p>\n<h3>5. Sichere Verbindung<\/h3>\n<p>Alle Daten werden \u00fcber HTTPS \u00fcbertragen, so dass eine sichere Verbindung zwischen den Nutzern und der Plattform gew\u00e4hrleistet ist.<\/p>\n<h2>Benutzererfahrung auf ChatHub<\/h2>\n<p>ChatHub wird weithin f\u00fcr seine reibungslose Benutzeroberfl\u00e4che, reaktionsschnelle Filter und schnelle Verbindungsgeschwindigkeiten gelobt. Hier ist eine Aufschl\u00fcsselung der Erfahrung aus der Nutzerperspektive:<\/p>\n<h3>St\u00e4rken<\/h3>\n<ul>\n<li>Schnelles Matchmaking: Verbindungen werden innerhalb von Sekunden hergestellt.<\/li>\n<li>Multi-Cam <a href=\"https:\/\/tinychat.com\/de\/chatroulette\/\">Chat<\/a>: Erm\u00f6glicht mehr Engagement, mehr Auswahl.<\/li>\n<li>Weniger Spam\/Bot-Aktivit\u00e4ten: Bessere Filterung reduziert minderwertigen Datenverkehr.<\/li>\n<li>Moderne Benutzeroberfl\u00e4che: Sauber, einfach zu navigieren, optimiert f\u00fcr Desktop und Mobile.<\/li>\n<\/ul>\n<h3>Schwachstellen<\/h3>\n<ul>\n<li>Geschlechtsspezifischer Filter hinter der Bezahlschranke: Einige Nutzer bevorzugen den kostenlosen Zugang zu dieser Option.<\/li>\n<li>Noch keine mobile App: Anders als <a href=\"https:\/\/tinychat.com\/de\/ometv\/\">OmeTV<\/a> oder Smaragd <a href=\"https:\/\/tinychat.com\/de\/chatroulette\/\">Chat<\/a>ChatHub ist nur \u00fcber Browser verf\u00fcgbar.<\/li>\n<\/ul>\n<h3>Echtes Benutzer-Feedback<\/h3>\n<blockquote><p>\"ChatHub ist wie Omegle, aber tats\u00e4chlich benutzbar. Ich liebe das Layout und wie sauber es ist.\"<br \/>\n- <em>Marcus P., Trustpilot<\/em><\/p><\/blockquote>\n<blockquote><p>\"Multi-Chat ist ein Wendepunkt. Ich muss nicht mehr st\u00e4ndig gute Gespr\u00e4che beenden, nur um weiter zu forschen.\"<br \/>\n- <em>Elise R., Reddit<\/em><\/p><\/blockquote>\n<blockquote><p>\"Ich f\u00fchle mich auf ChatHub sicherer als auf <a href=\"https:\/\/tinychat.com\/de\/chatroulette\/\">Chatroulette<\/a> oder <a href=\"https:\/\/tinychat.com\/de\/omegle\/\">Omegle<\/a>. Die Moderation funktioniert hier tats\u00e4chlich.\"<br \/>\n- <em>Daniel G., Sitejabber<\/em><\/p><\/blockquote>\n<h2>ChatHub im Vergleich zu anderen Chat-Plattformen<\/h2>\n<p>Wie ist ChatHub im Vergleich zu anderen <a href=\"https:\/\/tinychat.com\/de\/\">zuf\u00e4lliger Video-Chat<\/a> Websites? Hier ist ein kurzer \u00dcberblick:<\/p>\n<table>\n<thead>\n<tr>\n<th>Merkmal<\/th>\n<th>ChatHub<\/th>\n<th><a href=\"https:\/\/tinychat.com\/de\/omegle\/\">Omegle<\/a><\/th>\n<th><a href=\"https:\/\/tinychat.com\/de\/chatroulette\/\">Chatroulette<\/a><\/th>\n<th><a href=\"https:\/\/tinychat.com\/de\/ometv\/\">OmeTV<\/a><\/th>\n<th><a href=\"https:\/\/tinychat.com\/de\/strangercam\/\">StrangerCam<\/a><\/th>\n<\/tr>\n<\/thead>\n<tbody>\n<tr>\n<td>Multi-Cam <a href=\"https:\/\/tinychat.com\/de\/chatroulette\/\">Chat<\/a><\/td>\n<td>\u2705 Ja<\/td>\n<td>\u274c Nein<\/td>\n<td>\u274c Nein<\/td>\n<td>\u274c Nein<\/td>\n<td>\u274c Nein<\/td>\n<\/tr>\n<tr>\n<td>Text <a href=\"https:\/\/tinychat.com\/de\/chatroulette\/\">Chat<\/a><\/td>\n<td>\u2705 Ja<\/td>\n<td>\u2705 Ja<\/td>\n<td>\u2705 Ja<\/td>\n<td>\u2705 Ja<\/td>\n<td>\u2705 Ja<\/td>\n<\/tr>\n<tr>\n<td>Video <a href=\"https:\/\/tinychat.com\/de\/chatroulette\/\">Chat<\/a><\/td>\n<td>\u2705 Ja<\/td>\n<td>\u2705 Ja<\/td>\n<td>\u2705 Ja<\/td>\n<td>\u2705 Ja<\/td>\n<td>\u2705 Ja<\/td>\n<\/tr>\n<tr>\n<td>Sprachfilter<\/td>\n<td>\u2705 Ja<\/td>\n<td>\u2705 Begrenzt<\/td>\n<td>\u274c Nein<\/td>\n<td>\u2705 Ja<\/td>\n<td>\u274c Nein<\/td>\n<\/tr>\n<tr>\n<td>Standort-Filter<\/td>\n<td>\u2705 Ja<\/td>\n<td>\u274c Nein<\/td>\n<td>\u2705 Ja<\/td>\n<td>\u2705 Ja<\/td>\n<td>\u2705 Premium<\/td>\n<\/tr>\n<tr>\n<td>Gender-Filter<\/td>\n<td>\u2705 Premium<\/td>\n<td>\u274c Nein<\/td>\n<td>\u274c Nein<\/td>\n<td>\u2705 Premium<\/td>\n<td>\u2705 Premium<\/td>\n<\/tr>\n<tr>\n<td>Mobile App<\/td>\n<td>\u274c Nur Browser<\/td>\n<td>\u274c Nein<\/td>\n<td>\u2705 Ja<\/td>\n<td>\u2705 Ja<\/td>\n<td>\u2705 Ja<\/td>\n<\/tr>\n<tr>\n<td>Qualit\u00e4t der Moderation<\/td>\n<td>\u2705 Hoch<\/td>\n<td>\u26a0\ufe0f Niedrig<\/td>\n<td>\u2705 M\u00e4\u00dfig<\/td>\n<td>\u2705 Gut<\/td>\n<td>\u2705 Gut<\/td>\n<\/tr>\n<\/tbody>\n<\/table>\n<p>Fazit: ChatHub ist in Sachen Benutzerfreundlichkeit, erweiterte Filter und Multi-Chat \u00fcberragend, aber es fehlt eine eigene App. Es ist ideal f\u00fcr Benutzer, die Kontrolle und Flexibilit\u00e4t \u00fcber zuf\u00e4llige Zuf\u00e4lligkeiten sch\u00e4tzen.<\/p>\n<h2>Tipps zur sicheren Nutzung von ChatHub<\/h2>\n<p>Befolgen Sie diese Tipps, um das Beste aus Ihrer Erfahrung zu machen:<\/p>\n<ul>\n<li>Bleiben Sie anonym, es sei denn, Sie sind sich sicher, mit wem Sie sprechen.<\/li>\n<li>Verwenden Sie den Sprachfilter, um eine reibungslose Konversation zu gew\u00e4hrleisten.<\/li>\n<li>Versuchen Sie den Multi-Chat f\u00fcr ein breiteres Engagement.<\/li>\n<li>Melden Sie unangemessenes Verhalten, um zur Verbesserung der Gemeinschaft beizutragen.<\/li>\n<li>Vermeiden Sie es, pers\u00f6nliche Daten wie den vollst\u00e4ndigen Namen, E-Mail oder soziale Konten anzugeben.<\/li>\n<li>Verwenden Sie eine gute Beleuchtung und Kopfh\u00f6rer, um die Qualit\u00e4t zu verbessern.<\/li>\n<\/ul>\n<h2>Fehlerbehebung bei h\u00e4ufigen ChatHub-Problemen<\/h2>\n<h3>Kamera oder Mikrofon wird nicht erkannt<\/h3>\n<p>\u00dcberpr\u00fcfen Sie die Browser-Berechtigungen und die Betriebssystemeinstellungen. Laden Sie die Website neu oder starten Sie Ihren Browser neu.<\/p>\n<h3>Filter funktionieren nicht<\/h3>\n<p>Aktualisieren Sie die Seite oder l\u00f6schen Sie den Browser-Cache. F\u00fcr erweiterte Filter sind m\u00f6glicherweise Premium-Funktionen erforderlich.<\/p>\n<h3>Langsame Verbindung<\/h3>\n<p>Wechseln Sie zu einer stabilen Wi-Fi-Verbindung. Schalten Sie Hintergrund-Downloads oder Apps mit hoher Bandbreite aus.<\/p>\n<h3>Wiederholte \u00dcbereinstimmungen erhalten<\/h3>\n<p>Passen Sie Ihre Filter an oder versuchen Sie es noch einmal zu Spitzenzeiten, wenn mehr Nutzer online sind.<\/p>\n<h3>Von der Website verbannt<\/h3>\n<p>Sperren sind oft vor\u00fcbergehend. Verwenden Sie ein VPN, um die IP zu \u00e4ndern, oder wenden Sie sich an den Support, wenn Sie glauben, dass die Sperre irrt\u00fcmlich erfolgte.<\/p>\n<p>ChatHub ist eine der am besten durchdachten <a href=\"https:\/\/tinychat.com\/de\/\">zuf\u00e4lliger Video-Chat<\/a> heute verf\u00fcgbaren Plattformen. Sie ist sauber, schnell, respektvoll und gibt den Nutzern mehr Kontrolle \u00fcber ihre Erfahrungen als viele ihrer \u00e4lteren, chaotischeren Konkurrenten.<\/p>\n<p>Mit Funktionen wie Multi-Cam <a href=\"https:\/\/tinychat.com\/de\/chatroulette\/\">Chat<\/a>, Sprach-\/Ortsfilter und eine solide Moderation, bietet es das, was die meisten Menschen wirklich von einer Website erwarten. <a href=\"https:\/\/tinychat.com\/de\/\">zuf\u00e4lliger Video-Chat<\/a> Erfahrung: Spa\u00df, Sicherheit und Verbundenheit - ohne den ganzen Unsinn.<\/p>\n<p>Egal, ob Sie Freundschaften schlie\u00dfen, flirten, Konversationsf\u00e4higkeiten \u00fcben oder sich einfach nur auf interessante Weise die Zeit vertreiben m\u00f6chten, ChatHub ist auf jeden Fall einen Blick wert.<\/p>\n<p>Besuchen Sie ChatHub und wagen Sie den n\u00e4chsten sozialen Sprung - ein Klick, ein Gespr\u00e4ch und vielleicht eine sinnvolle Verbindung nach der anderen.<\/p>","protected":false},"excerpt":{"rendered":"<p>In a digital landscape where connecting with strangers online has become both a pastime and a lifeline for millions, ChatHub stands out as a modern, refined, and highly customizable video chat platform. With the rise of platforms like Omegle, Chatroulette, and OmeTV, the idea of meeting people randomly via webcam is no longer novel\u2014but ChatHub [&hellip;]<\/p>\n","protected":false},"author":6,"featured_media":0,"parent":0,"menu_order":0,"comment_status":"closed","ping_status":"closed","template":"","meta":{"footnotes":""},"class_list":["post-909","page","type-page","status-publish","hentry"],"yoast_head":"<!-- This site is optimized with the Yoast SEO plugin v27.4 - https:\/\/yoast.com\/product\/yoast-seo-wordpress\/ -->\n<title>Chathub - 100% Free Random Video Chat - TinyChat<\/title>\n<meta name=\"description\" content=\"Chathub: Enjoy 100% free random video chat. Connect instantly and meet new people with no hidden costs on TinyChat.com.\" \/>\n<meta name=\"robots\" content=\"index, follow, max-snippet:-1, max-image-preview:large, max-video-preview:-1\" \/>\n<link rel=\"canonical\" href=\"https:\/\/tinychat.com\/de\/chathub\/\" \/>\n<meta property=\"og:locale\" content=\"de_DE\" \/>\n<meta property=\"og:type\" content=\"article\" \/>\n<meta property=\"og:title\" content=\"Chathub - 100% Free Random Video Chat - TinyChat\" \/>\n<meta property=\"og:description\" content=\"Chathub: Enjoy 100% free random video chat. Connect instantly and meet new people with no hidden costs on TinyChat.com.\" \/>\n<meta property=\"og:url\" content=\"https:\/\/tinychat.com\/de\/chathub\/\" \/>\n<meta property=\"og:site_name\" content=\"TinyChat\" \/>\n<meta property=\"article:publisher\" content=\"https:\/\/www.facebook.com\/tinychat\" \/>\n<meta property=\"article:modified_time\" content=\"2025-07-07T16:18:13+00:00\" \/>\n<meta property=\"og:image\" content=\"https:\/\/tinychat.com\/wp-content\/uploads\/2020\/04\/Tinychat-logo-1280x284-new-black.png\" \/>\n\t<meta property=\"og:image:width\" content=\"1280\" \/>\n\t<meta property=\"og:image:height\" content=\"284\" \/>\n\t<meta property=\"og:image:type\" content=\"image\/png\" \/>\n<meta name=\"twitter:card\" content=\"summary_large_image\" \/>\n<meta name=\"twitter:site\" content=\"@tinychat\" \/>\n<meta name=\"twitter:label1\" content=\"Gesch\u00e4tzte Lesezeit\" \/>\n\t<meta name=\"twitter:data1\" content=\"7\u00a0Minuten\" \/>\n<script type=\"application\/ld+json\" class=\"yoast-schema-graph\">{\"@context\":\"https:\\\/\\\/schema.org\",\"@graph\":[{\"@type\":\"WebPage\",\"@id\":\"https:\\\/\\\/tinychat.com\\\/chathub\\\/\",\"url\":\"https:\\\/\\\/tinychat.com\\\/chathub\\\/\",\"name\":\"Chathub - 100% Free Random Video Chat - TinyChat\",\"isPartOf\":{\"@id\":\"https:\\\/\\\/tinychat.com\\\/#website\"},\"datePublished\":\"2025-04-04T10:10:29+00:00\",\"dateModified\":\"2025-07-07T16:18:13+00:00\",\"description\":\"Chathub: Enjoy 100% free random video chat. Connect instantly and meet new people with no hidden costs on TinyChat.com.\",\"breadcrumb\":{\"@id\":\"https:\\\/\\\/tinychat.com\\\/chathub\\\/#breadcrumb\"},\"inLanguage\":\"de\",\"potentialAction\":[{\"@type\":\"ReadAction\",\"target\":[\"https:\\\/\\\/tinychat.com\\\/chathub\\\/\"]}]},{\"@type\":\"BreadcrumbList\",\"@id\":\"https:\\\/\\\/tinychat.com\\\/chathub\\\/#breadcrumb\",\"itemListElement\":[{\"@type\":\"ListItem\",\"position\":1,\"name\":\"Home\",\"item\":\"https:\\\/\\\/tinychat.com\\\/\"},{\"@type\":\"ListItem\",\"position\":2,\"name\":\"Chathub\"}]},{\"@type\":\"WebSite\",\"@id\":\"https:\\\/\\\/tinychat.com\\\/#website\",\"url\":\"https:\\\/\\\/tinychat.com\\\/\",\"name\":\"TinyChat\",\"description\":\"Random Video Chat with Strangers\",\"publisher\":{\"@id\":\"https:\\\/\\\/tinychat.com\\\/#organization\"},\"alternateName\":\"TinyChat.com\",\"potentialAction\":[{\"@type\":\"SearchAction\",\"target\":{\"@type\":\"EntryPoint\",\"urlTemplate\":\"https:\\\/\\\/tinychat.com\\\/?s={search_term_string}\"},\"query-input\":{\"@type\":\"PropertyValueSpecification\",\"valueRequired\":true,\"valueName\":\"search_term_string\"}}],\"inLanguage\":\"de\"},{\"@type\":\"Organization\",\"@id\":\"https:\\\/\\\/tinychat.com\\\/#organization\",\"name\":\"TinyChat\",\"alternateName\":\"TinyChat.com\",\"url\":\"https:\\\/\\\/tinychat.com\\\/\",\"logo\":{\"@type\":\"ImageObject\",\"inLanguage\":\"de\",\"@id\":\"https:\\\/\\\/tinychat.com\\\/#\\\/schema\\\/logo\\\/image\\\/\",\"url\":\"https:\\\/\\\/tinychat.com\\\/wp-content\\\/uploads\\\/2023\\\/11\\\/Tinychat-icon-square.png\",\"contentUrl\":\"https:\\\/\\\/tinychat.com\\\/wp-content\\\/uploads\\\/2023\\\/11\\\/Tinychat-icon-square.png\",\"width\":284,\"height\":284,\"caption\":\"TinyChat\"},\"image\":{\"@id\":\"https:\\\/\\\/tinychat.com\\\/#\\\/schema\\\/logo\\\/image\\\/\"},\"sameAs\":[\"https:\\\/\\\/www.facebook.com\\\/tinychat\",\"https:\\\/\\\/x.com\\\/tinychat\"]}]}<\/script>\n<!-- \/ Yoast SEO plugin. -->","yoast_head_json":{"title":"Chathub - 100% Kostenloser Zufalls-Videochat - TinyChat","description":"Chathub: Genie\u00dfen Sie 100% kostenlosen zuf\u00e4lligen Video-Chat. Verbinden Sie sofort und treffen Sie neue Leute ohne versteckte Kosten auf TinyChat.com.","robots":{"index":"index","follow":"follow","max-snippet":"max-snippet:-1","max-image-preview":"max-image-preview:large","max-video-preview":"max-video-preview:-1"},"canonical":"https:\/\/tinychat.com\/de\/chathub\/","og_locale":"de_DE","og_type":"article","og_title":"Chathub - 100% Free Random Video Chat - TinyChat","og_description":"Chathub: Enjoy 100% free random video chat. Connect instantly and meet new people with no hidden costs on TinyChat.com.","og_url":"https:\/\/tinychat.com\/de\/chathub\/","og_site_name":"TinyChat","article_publisher":"https:\/\/www.facebook.com\/tinychat","article_modified_time":"2025-07-07T16:18:13+00:00","og_image":[{"width":1280,"height":284,"url":"https:\/\/tinychat.com\/wp-content\/uploads\/2020\/04\/Tinychat-logo-1280x284-new-black.png","type":"image\/png"}],"twitter_card":"summary_large_image","twitter_site":"@tinychat","twitter_misc":{"Gesch\u00e4tzte Lesezeit":"7\u00a0Minuten"},"schema":{"@context":"https:\/\/schema.org","@graph":[{"@type":"WebPage","@id":"https:\/\/tinychat.com\/chathub\/","url":"https:\/\/tinychat.com\/chathub\/","name":"Chathub - 100% Kostenloser Zufalls-Videochat - TinyChat","isPartOf":{"@id":"https:\/\/tinychat.com\/#website"},"datePublished":"2025-04-04T10:10:29+00:00","dateModified":"2025-07-07T16:18:13+00:00","description":"Chathub: Genie\u00dfen Sie 100% kostenlosen zuf\u00e4lligen Video-Chat. Verbinden Sie sofort und treffen Sie neue Leute ohne versteckte Kosten auf TinyChat.com.","breadcrumb":{"@id":"https:\/\/tinychat.com\/chathub\/#breadcrumb"},"inLanguage":"de","potentialAction":[{"@type":"ReadAction","target":["https:\/\/tinychat.com\/chathub\/"]}]},{"@type":"BreadcrumbList","@id":"https:\/\/tinychat.com\/chathub\/#breadcrumb","itemListElement":[{"@type":"ListItem","position":1,"name":"Home","item":"https:\/\/tinychat.com\/"},{"@type":"ListItem","position":2,"name":"Chathub"}]},{"@type":"WebSite","@id":"https:\/\/tinychat.com\/#website","url":"https:\/\/tinychat.com\/","name":"TinyChat","description":"Zuf\u00e4lliger Video-Chat mit Fremden","publisher":{"@id":"https:\/\/tinychat.com\/#organization"},"alternateName":"TinyChat.com","potentialAction":[{"@type":"SearchAction","target":{"@type":"EntryPoint","urlTemplate":"https:\/\/tinychat.com\/?s={search_term_string}"},"query-input":{"@type":"PropertyValueSpecification","valueRequired":true,"valueName":"search_term_string"}}],"inLanguage":"de"},{"@type":"Organization","@id":"https:\/\/tinychat.com\/#organization","name":"TinyChat","alternateName":"TinyChat.com","url":"https:\/\/tinychat.com\/","logo":{"@type":"ImageObject","inLanguage":"de","@id":"https:\/\/tinychat.com\/#\/schema\/logo\/image\/","url":"https:\/\/tinychat.com\/wp-content\/uploads\/2023\/11\/Tinychat-icon-square.png","contentUrl":"https:\/\/tinychat.com\/wp-content\/uploads\/2023\/11\/Tinychat-icon-square.png","width":284,"height":284,"caption":"TinyChat"},"image":{"@id":"https:\/\/tinychat.com\/#\/schema\/logo\/image\/"},"sameAs":["https:\/\/www.facebook.com\/tinychat","https:\/\/x.com\/tinychat"]}]}},"_links":{"self":[{"href":"https:\/\/tinychat.com\/de\/wp-json\/wp\/v2\/pages\/909","targetHints":{"allow":["GET"]}}],"collection":[{"href":"https:\/\/tinychat.com\/de\/wp-json\/wp\/v2\/pages"}],"about":[{"href":"https:\/\/tinychat.com\/de\/wp-json\/wp\/v2\/types\/page"}],"author":[{"embeddable":true,"href":"https:\/\/tinychat.com\/de\/wp-json\/wp\/v2\/users\/6"}],"replies":[{"embeddable":true,"href":"https:\/\/tinychat.com\/de\/wp-json\/wp\/v2\/comments?post=909"}],"version-history":[{"count":3,"href":"https:\/\/tinychat.com\/de\/wp-json\/wp\/v2\/pages\/909\/revisions"}],"predecessor-version":[{"id":13177,"href":"https:\/\/tinychat.com\/de\/wp-json\/wp\/v2\/pages\/909\/revisions\/13177"}],"wp:attachment":[{"href":"https:\/\/tinychat.com\/de\/wp-json\/wp\/v2\/media?parent=909"}],"curies":[{"name":"wp","href":"https:\/\/api.w.org\/{rel}","templated":true}]}}