{"id":980,"date":"2025-08-11T09:06:16","date_gmt":"2025-08-11T07:06:16","guid":{"rendered":"https:\/\/tinychat.com\/?page_id=980"},"modified":"2025-08-11T09:12:11","modified_gmt":"2025-08-11T07:12:11","slug":"azar","status":"publish","type":"page","link":"https:\/\/tinychat.com\/de\/azar\/","title":{"rendered":"Azar"},"content":{"rendered":"<p>In einer Welt, die sich vernetzter denn je f\u00fchlt, aber immer noch durch Sprache, Kultur und Entfernung getrennt ist, hebt sich Azar als eine Plattform hervor, die diese Kluft wirklich \u00fcberbr\u00fcckt. Diese beliebte mobile App verbindet zuf\u00e4llige Videochats, soziale Entdeckungen und Echtzeit\u00fcbersetzung zu einem nahtlosen Erlebnis und ist damit eines der leistungsf\u00e4higsten Tools, um Menschen auf der ganzen Welt kennenzulernen.<\/p>\n<p>Mit \u00fcber 500 Millionen Downloads und Nutzern in mehr als 190 L\u00e4ndern hat Azar neu definiert, was es bedeutet, Fremde online zu treffen. Ganz gleich, ob Sie Freunde im Ausland finden, eine Sprache \u00fcben, andere Kulturen erkunden oder einfach nur spontane Videokonversationen genie\u00dfen m\u00f6chten - Azar bietet Ihnen eine ausgefeilte, auf Mobilger\u00e4te ausgerichtete Benutzeroberfl\u00e4che und zuverl\u00e4ssige Sicherheitskontrollen.<\/p>\n<p>In diesem ausf\u00fchrlichen Bericht erfahren Sie alles, was Sie \u00fcber Azar wissen m\u00fcssen - von den Funktionen und der Einrichtung bis hin zum Vergleich mit anderen Plattformen - sowie Expertentipps, wie Sie Ihre Zeit mit der App optimal nutzen k\u00f6nnen.<\/p>\n<h2>Was ist Azar?<\/h2>\n<p>Azar ist eine App f\u00fcr Sofort-Videochats und soziale Netzwerke, mit der Sie in Sekundenschnelle mit Menschen auf der ganzen Welt in Kontakt treten k\u00f6nnen. Im Gegensatz zu einfachen textbasierten Chatrooms liegt der Schwerpunkt von Azar auf der Konversation von Angesicht zu Angesicht - und bringt so das menschliche Element zur\u00fcck in die Online-Interaktion.<\/p>\n<p>Azar wurde 2014 von Hyperconnect ins Leben gerufen (und 2021 von der Match Group \u00fcbernommen) und hat sich zu einem der bekanntesten Namen im Bereich zuf\u00e4lliger Videochats entwickelt. Seine wichtigsten Funktionen - Live-\u00dcbersetzung, Geschlechts- und Ortsfilter sowie Tools zum Kn\u00fcpfen von Freundschaften - machen es gleicherma\u00dfen beliebt f\u00fcr zwanglose Gespr\u00e4che, Sprachaustausch und kulturelle Entdeckungen.<\/p>\n<h2>Hauptmerkmale des Azar<\/h2>\n<p>Die Beliebtheit der Azar kommt nicht von ungef\u00e4hr - sie ist vollgepackt mit einzigartigen Tools, die sowohl die Verbindung als auch die Sicherheit verbessern.<\/p>\n<h3>1. Zuf\u00e4lliger Video-Chat<\/h3>\n<ul>\n<li>Sie k\u00f6nnen sofort mit Nutzern aus der ganzen Welt in Kontakt treten.<\/li>\n<li>Wischen Sie, um sich mit der n\u00e4chsten Person zu verbinden.<\/li>\n<li>HD-Video und -Audio in Echtzeit f\u00fcr reibungslose Unterhaltungen.<\/li>\n<\/ul>\n<h3>2. Filter f\u00fcr Ort und Geschlecht<\/h3>\n<ul>\n<li>W\u00e4hlen Sie, ob Sie mit Menschen aus bestimmten L\u00e4ndern oder Regionen in Kontakt treten m\u00f6chten.<\/li>\n<li>Filtern Sie nach Geschlecht, um eine pers\u00f6nlichere Erfahrung zu machen.<\/li>\n<li>Einige Filter erfordern M\u00fcnzen oder einen Premium-Zugang.<\/li>\n<\/ul>\n<h3>3. \u00dcbersetzung in Echtzeit<\/h3>\n<ul>\n<li>Automatische Text- und Sprach\u00fcbersetzung in mehrere Sprachen.<\/li>\n<li>\u00dcberwindet Sprachbarrieren im Handumdrehen.<\/li>\n<li>Ideal f\u00fcr Sprachsch\u00fcler oder interkulturelle Verbindungen.<\/li>\n<\/ul>\n<h3>4. Freundschaftssystem &amp; Nachrichten\u00fcbermittlung<\/h3>\n<ul>\n<li>F\u00fcgen Sie Personen, mit denen Sie in Verbindung stehen, als Freunde hinzu.<\/li>\n<li>Setzen Sie Unterhaltungen \u00fcber Text- und Videonachrichten in der App fort.<\/li>\n<li>Teilen Sie Bilder, Sticker und Emojis im Chat.<\/li>\n<\/ul>\n<h3>5. Virtuelle Effekte und Personalisierung<\/h3>\n<ul>\n<li>Lustige Videofilter, Rahmen und Sticker, um Anrufen mehr Pers\u00f6nlichkeit zu verleihen.<\/li>\n<li>Passen Sie Ihr Profil mit Fotos und Interessen an.<\/li>\n<\/ul>\n<h3>6. Sicherheit und M\u00e4\u00dfigung<\/h3>\n<ul>\n<li>24\/7 AI-gesteuerte und menschliche Moderation.<\/li>\n<li>In-App-Bericht\/Blockierwerkzeuge.<\/li>\n<li>Optionaler Unsch\u00e4rfefilter zur Vorschau von \u00dcbereinstimmungen vor der Verbindung.<\/li>\n<\/ul>\n<h3>7. M\u00fcnz- und Pr\u00e4miensystem<\/h3>\n<ul>\n<li>Verdiene oder kaufe M\u00fcnzen, um bestimmte Filter und Funktionen freizuschalten.<\/li>\n<li>Premium schaltet eine spezifischere Standortausrichtung, unbegrenzte Chats und erweiterte Funktionen frei.<\/li>\n<\/ul>\n<h2>So verwenden Sie Azar<\/h2>\n<p>Das Azar ist so konzipiert, dass es f\u00fcr Erstanwender einfach zu bedienen ist, aber auch gen\u00fcgend Tiefe f\u00fcr regelm\u00e4\u00dfige Anwender bietet.<\/p>\n<h3>Schritt 1: Laden Sie die App herunter<\/h3>\n<ul>\n<li>Kostenlos erh\u00e4ltlich f\u00fcr iOS und Android.<\/li>\n<li>Installieren Sie es im App Store oder bei Google Play.<\/li>\n<\/ul>\n<h3>Schritt 2: Anmelden oder Einloggen<\/h3>\n<ul>\n<li>Melden Sie sich mit Ihrer E-Mail-, Facebook-, Google- oder Apple-ID an.<\/li>\n<li>F\u00fcgen Sie ein Profilfoto hinzu, um das Engagement zu erh\u00f6hen.<\/li>\n<\/ul>\n<h3>Schritt 3: Einstellen Ihrer Pr\u00e4ferenzen<\/h3>\n<ul>\n<li>W\u00e4hlen Sie Geschlecht und Altersgruppe.<\/li>\n<li>W\u00e4hlen Sie die Standortpr\u00e4ferenzen (weltweit oder f\u00fcr bestimmte L\u00e4nder).<\/li>\n<li>Passen Sie die Datenschutzeinstellungen an.<\/li>\n<\/ul>\n<h3>Schritt 4: Chatten beginnen<\/h3>\n<ul>\n<li>Tippen Sie auf das Videosymbol, um sofort ein Match zu erhalten.<\/li>\n<li>Wischen Sie zum \u00dcberspringen und finden Sie jemand Neues.<\/li>\n<li>Verwenden Sie bei Bedarf die Echtzeit-\u00dcbersetzungsfunktion.<\/li>\n<\/ul>\n<h3>Schritt 5: Freunde hinzuf\u00fcgen &amp; Chatten fortsetzen<\/h3>\n<ul>\n<li>Klicken Sie auf die Schaltfl\u00e4che \"Freund hinzuf\u00fcgen\", um gute Verbindungen zu speichern.<\/li>\n<li>Verwenden Sie den In-App-Text-Chat oder Videonachrichten, um in Kontakt zu bleiben.<\/li>\n<\/ul>\n<h2>Benutzererfahrung mit Azar<\/h2>\n<p>Das mobile, wischbasierte Design von Azar ist f\u00fcr jeden, der mit modernen Apps vertraut ist, ganz nat\u00fcrlich.<\/p>\n<h3>Was Benutzer lieben<\/h3>\n<ul>\n<li>Globale Reichweite: Treffen Sie Menschen aus \u00fcber 190 L\u00e4ndern.<\/li>\n<li>\u00dcbersetzung in Echtzeit: Beseitigt Kommunikationsbarrieren.<\/li>\n<li>Reibungslose Videoqualit\u00e4t: Auch bei internationalen Verbindungen.<\/li>\n<li>Lustige Filter und Sticker: Verleihen Sie Ihren Anrufen Pers\u00f6nlichkeit.<\/li>\n<li>Sicheres Umfeld: Aktive Moderation sorgt f\u00fcr ein respektvolles Miteinander.<\/li>\n<li>Freundschaftssystem: Bauen Sie dauerhafte Verbindungen auf.<\/li>\n<\/ul>\n<h3>Wo die Nutzer Raum f\u00fcr Verbesserungen sehen<\/h3>\n<ul>\n<li>F\u00fcr einige erweiterte Filter sind M\u00fcnzen oder Pr\u00e4mien erforderlich.<\/li>\n<li>Gelegentliche sprachliche Unstimmigkeiten in der \u00dcbersetzung.<\/li>\n<li>Begrenzte kostenlose Spiele im Vergleich zu v\u00f6llig kostenlosen Plattformen.<\/li>\n<li>F\u00fcr Gelegenheitsnutzer k\u00f6nnen die Premiumkosten hoch sein.<\/li>\n<\/ul>\n<h2>Azar im Vergleich zu anderen Video-Chat-Anwendungen<\/h2>\n<table>\n<thead>\n<tr>\n<th>Merkmal<\/th>\n<th>Azar<\/th>\n<th>HOLLA<\/th>\n<th>LivU<\/th>\n<th>Affe<\/th>\n<th>ChatHub<\/th>\n<th>OmegleWeb<\/th>\n<\/tr>\n<\/thead>\n<tbody>\n<tr>\n<td>Random Video Chat mit Fremden<\/td>\n<td>\u2705 Ja<\/td>\n<td>\u2705 Ja<\/td>\n<td>\u2705 Ja<\/td>\n<td>\u2705 Ja<\/td>\n<td>\u2705 Ja<\/td>\n<td>\u2705 Ja<\/td>\n<\/tr>\n<tr>\n<td>\u00dcbersetzung in Echtzeit<\/td>\n<td>\u2705 Ja<\/td>\n<td>\u274c Nein<\/td>\n<td>\u274c Nein<\/td>\n<td>\u274c Nein<\/td>\n<td>\u274c Nein<\/td>\n<td>\u274c Nein<\/td>\n<\/tr>\n<tr>\n<td>Freundschaftssystem<\/td>\n<td>\u2705 Ja<\/td>\n<td>\u2705 Ja<\/td>\n<td>\u2705 Ja<\/td>\n<td>\u2705 Ja<\/td>\n<td>\u2705 Ja<\/td>\n<td>\u274c Nein<\/td>\n<\/tr>\n<tr>\n<td>Geschlecht\/Ort-Filter<\/td>\n<td>\u2705 Ja<\/td>\n<td>\u2705 Ja<\/td>\n<td>\u2705 Ja<\/td>\n<td>\u2705 Ja<\/td>\n<td>\u2705 Ja<\/td>\n<td>\u26a0\ufe0f Begrenzt<\/td>\n<\/tr>\n<tr>\n<td>Mobile App<\/td>\n<td>\u2705 Ja<\/td>\n<td>\u2705 Ja<\/td>\n<td>\u2705 Ja<\/td>\n<td>\u2705 Ja<\/td>\n<td>\u2705 Ja<\/td>\n<td>\u2705 Ja<\/td>\n<\/tr>\n<tr>\n<td>Filter und Effekte<\/td>\n<td>\u2705 Ja<\/td>\n<td>\u2705 Ja<\/td>\n<td>\u2705 Ja<\/td>\n<td>\u2705 Ja<\/td>\n<td>\u2705 Ja<\/td>\n<td>\u274c Nein<\/td>\n<\/tr>\n<tr>\n<td>Premium-Option<\/td>\n<td>\u2705 Ja<\/td>\n<td>\u2705 Ja<\/td>\n<td>\u2705 Ja<\/td>\n<td>\u2705 Ja<\/td>\n<td>\u274c Nein<\/td>\n<td>\u274c Nein<\/td>\n<\/tr>\n<\/tbody>\n<\/table>\n<p>Zusammenfassung: Azar ist ideal f\u00fcr diejenigen, die internationale Verbindungen ohne Sprachbarrieren suchen. Seine \u00dcbersetzungstools und die gro\u00dfe Nutzerbasis heben es von einfacheren Zufalls-Chat-Plattformen ab.<\/p>\n<h2>Ist Azar sicher?<\/h2>\n<p>Ja - vorausgesetzt, Sie befolgen die grundlegenden Online-Sicherheitsrichtlinien. Azar verwendet:<\/p>\n<ul>\n<li>KI und menschliche Moderation zum Filtern unangemessener Inhalte.<\/li>\n<li>Profil\u00fcberpr\u00fcfung, um gef\u00e4lschte Konten zu reduzieren.<\/li>\n<li>Unscharfe Vorschau f\u00fcr mehr Komfort.<\/li>\n<li>Melden Sie alle Verst\u00f6\u00dfe und sperren Sie die Tools.<\/li>\n<\/ul>\n<h3>Sicherheitstipps f\u00fcr Benutzer<\/h3>\n<ul>\n<li>Vermeiden Sie die Weitergabe pers\u00f6nlicher Informationen.<\/li>\n<li>Verwenden Sie die \u00dcbersetzung sorgf\u00e4ltig - maschinelle \u00dcbersetzungen k\u00f6nnen manchmal die Bedeutung ver\u00e4ndern.<\/li>\n<li>Vertrauen Sie auf Ihren Instinkt und beenden Sie jedes Gespr\u00e4ch, das Ihnen Unbehagen bereitet.<\/li>\n<li>Eltern sollten die Nutzung \u00fcberwachen, wenn sie auf Ger\u00e4ten von Jugendlichen installiert ist.<\/li>\n<\/ul>\n<h2>Tipps zur optimalen Nutzung von Azar<\/h2>\n<ul>\n<li>Probieren Sie verschiedene Regionen aus: Erweitern Sie Ihre kulturellen Horizonte.<\/li>\n<li>Verwenden Sie die \u00dcbersetzung aktiv: Lernen Sie Phrasen beim Chatten.<\/li>\n<li>Chat zu Spitzenzeiten: Erh\u00f6ht die Spielvielfalt.<\/li>\n<li>Verwenden Sie ein klares Profilbild: Erh\u00f6ht die Engagement-Raten.<\/li>\n<li>Bleiben Sie freundlich und aufgeschlossen: Positive Energie zieht bessere Unterhaltungen an.<\/li>\n<li>Melden Sie schlechtes Verhalten: Tr\u00e4gt zur Sicherheit der Gemeinschaft bei.<\/li>\n<\/ul>\n<h2>H\u00e4ufige Azar-Probleme und -Reparaturen<\/h2>\n<h3>Video wird nicht verbunden<\/h3>\n<p>\u00dcberpr\u00fcfen Sie Ihre Internetgeschwindigkeit, schalten Sie auf Wi-Fi um und erlauben Sie die Kamera-\/Mikrofoneinstellungen.<\/p>\n<h3>Filter funktionieren nicht<\/h3>\n<p>Vergewissern Sie sich, dass Sie gen\u00fcgend M\u00fcnzen oder Pr\u00e4mien aktiviert haben.<\/p>\n<h3>Schlechte Qualit\u00e4t der \u00dcbersetzung<\/h3>\n<p>Sprechen Sie deutlich, vermeiden Sie Slang und verwenden Sie kurze S\u00e4tze.<\/p>\n<h3>Ungeeignete Benutzer<\/h3>\n<p>Sperren und sofort melden - die Moderation ist reaktionsschnell.<\/p>\n<p>Wenn es Ihr Ziel ist, Menschen auf der ganzen Welt zu treffen, andere Kulturen kennenzulernen und sich zu unterhalten, ohne sich \u00fcber Sprachunterschiede Gedanken zu machen, ist Azar eine der fortschrittlichsten und ausgefeiltesten Optionen, die heute verf\u00fcgbar sind. Allein seine \u00dcbersetzungsfunktion macht es einzigartig im Bereich der zuf\u00e4lligen Videochats.<\/p>\n<p>F\u00fcr einige Funktionen sind zwar M\u00fcnzen oder ein Premium-Zugang erforderlich, aber auch die kostenlose Version bietet zahlreiche M\u00f6glichkeiten, sich weltweit zu vernetzen. Azar ist eine ausgezeichnete Wahl f\u00fcr internationale Kontakte, Sprachaustausch und das Kn\u00fcpfen dauerhafter Freundschaften \u00fcber Grenzen hinweg.<\/p>\n<p>Bereit zum Chatten? Laden Sie Azar f\u00fcr iOS oder Android herunter, legen Sie Ihre Einstellungen fest und entdecken Sie die Welt - ein Gespr\u00e4ch von Angesicht zu Angesicht nach dem anderen.<\/p>","protected":false},"excerpt":{"rendered":"<p>In a world that feels more connected than ever yet still divided by language, culture, and distance, Azar stands out as a platform that truly bridges those gaps. This popular mobile app blends random video chat, social discovery, and real-time translation into a seamless experience, making it one of the most powerful tools for meeting [&hellip;]<\/p>\n","protected":false},"author":6,"featured_media":0,"parent":0,"menu_order":0,"comment_status":"closed","ping_status":"closed","template":"","meta":{"footnotes":""},"class_list":["post-980","page","type-page","status-publish","hentry"],"yoast_head":"<!-- This site is optimized with the Yoast SEO plugin v27.3 - https:\/\/yoast.com\/product\/yoast-seo-wordpress\/ -->\n<title>Azar - Alternative to OmeTV &amp; Monkey App - TinyChat.com<\/title>\n<meta name=\"description\" content=\"Enjoying Azar? Join over 50,000,000 strangers on TinyChat! Turn on your cam and start meeting new people, or find a match.\" \/>\n<meta name=\"robots\" content=\"index, follow, max-snippet:-1, max-image-preview:large, max-video-preview:-1\" \/>\n<link rel=\"canonical\" href=\"https:\/\/tinychat.com\/de\/azar\/\" \/>\n<meta property=\"og:locale\" content=\"de_DE\" \/>\n<meta property=\"og:type\" content=\"article\" \/>\n<meta property=\"og:title\" content=\"Azar - Alternative to OmeTV &amp; Monkey App - TinyChat.com\" \/>\n<meta property=\"og:description\" content=\"Enjoying Azar? Join over 50,000,000 strangers on TinyChat! Turn on your cam and start meeting new people, or find a match.\" \/>\n<meta property=\"og:url\" content=\"https:\/\/tinychat.com\/de\/azar\/\" \/>\n<meta property=\"og:site_name\" content=\"TinyChat\" \/>\n<meta property=\"article:publisher\" content=\"https:\/\/www.facebook.com\/tinychat\" \/>\n<meta property=\"article:modified_time\" content=\"2025-08-11T07:12:11+00:00\" \/>\n<meta property=\"og:image\" content=\"https:\/\/tinychat.com\/wp-content\/uploads\/2020\/04\/Tinychat-logo-1280x284-new-black.png\" \/>\n\t<meta property=\"og:image:width\" content=\"1280\" \/>\n\t<meta property=\"og:image:height\" content=\"284\" \/>\n\t<meta property=\"og:image:type\" content=\"image\/png\" \/>\n<meta name=\"twitter:card\" content=\"summary_large_image\" \/>\n<meta name=\"twitter:site\" content=\"@tinychat\" \/>\n<meta name=\"twitter:label1\" content=\"Gesch\u00e4tzte Lesezeit\" \/>\n\t<meta name=\"twitter:data1\" content=\"5\u00a0Minuten\" \/>\n<script type=\"application\/ld+json\" class=\"yoast-schema-graph\">{\"@context\":\"https:\\\/\\\/schema.org\",\"@graph\":[{\"@type\":\"WebPage\",\"@id\":\"https:\\\/\\\/tinychat.com\\\/azar\\\/\",\"url\":\"https:\\\/\\\/tinychat.com\\\/azar\\\/\",\"name\":\"Azar - Alternative to OmeTV & Monkey App - TinyChat.com\",\"isPartOf\":{\"@id\":\"https:\\\/\\\/tinychat.com\\\/#website\"},\"datePublished\":\"2025-08-11T07:06:16+00:00\",\"dateModified\":\"2025-08-11T07:12:11+00:00\",\"description\":\"Enjoying Azar? Join over 50,000,000 strangers on TinyChat! Turn on your cam and start meeting new people, or find a match.\",\"breadcrumb\":{\"@id\":\"https:\\\/\\\/tinychat.com\\\/azar\\\/#breadcrumb\"},\"inLanguage\":\"de\",\"potentialAction\":[{\"@type\":\"ReadAction\",\"target\":[\"https:\\\/\\\/tinychat.com\\\/azar\\\/\"]}]},{\"@type\":\"BreadcrumbList\",\"@id\":\"https:\\\/\\\/tinychat.com\\\/azar\\\/#breadcrumb\",\"itemListElement\":[{\"@type\":\"ListItem\",\"position\":1,\"name\":\"Home\",\"item\":\"https:\\\/\\\/tinychat.com\\\/\"},{\"@type\":\"ListItem\",\"position\":2,\"name\":\"Azar\"}]},{\"@type\":\"WebSite\",\"@id\":\"https:\\\/\\\/tinychat.com\\\/#website\",\"url\":\"https:\\\/\\\/tinychat.com\\\/\",\"name\":\"TinyChat\",\"description\":\"Random Video Chat with Strangers\",\"publisher\":{\"@id\":\"https:\\\/\\\/tinychat.com\\\/#organization\"},\"alternateName\":\"TinyChat.com\",\"potentialAction\":[{\"@type\":\"SearchAction\",\"target\":{\"@type\":\"EntryPoint\",\"urlTemplate\":\"https:\\\/\\\/tinychat.com\\\/?s={search_term_string}\"},\"query-input\":{\"@type\":\"PropertyValueSpecification\",\"valueRequired\":true,\"valueName\":\"search_term_string\"}}],\"inLanguage\":\"de\"},{\"@type\":\"Organization\",\"@id\":\"https:\\\/\\\/tinychat.com\\\/#organization\",\"name\":\"TinyChat\",\"alternateName\":\"TinyChat.com\",\"url\":\"https:\\\/\\\/tinychat.com\\\/\",\"logo\":{\"@type\":\"ImageObject\",\"inLanguage\":\"de\",\"@id\":\"https:\\\/\\\/tinychat.com\\\/#\\\/schema\\\/logo\\\/image\\\/\",\"url\":\"https:\\\/\\\/tinychat.com\\\/wp-content\\\/uploads\\\/2023\\\/11\\\/Tinychat-icon-square.png\",\"contentUrl\":\"https:\\\/\\\/tinychat.com\\\/wp-content\\\/uploads\\\/2023\\\/11\\\/Tinychat-icon-square.png\",\"width\":284,\"height\":284,\"caption\":\"TinyChat\"},\"image\":{\"@id\":\"https:\\\/\\\/tinychat.com\\\/#\\\/schema\\\/logo\\\/image\\\/\"},\"sameAs\":[\"https:\\\/\\\/www.facebook.com\\\/tinychat\",\"https:\\\/\\\/x.com\\\/tinychat\"]}]}<\/script>\n<!-- \/ Yoast SEO plugin. -->","yoast_head_json":{"title":"Azar - Alternative zu OmeTV &amp; Monkey App - TinyChat.com","description":"Gef\u00e4llt Ihnen Azar? Schlie\u00dfen Sie sich \u00fcber 50.000.000 Fremden auf TinyChat an! Schalte deine Kamera ein und fange an, neue Leute zu treffen, oder finde einen Partner.","robots":{"index":"index","follow":"follow","max-snippet":"max-snippet:-1","max-image-preview":"max-image-preview:large","max-video-preview":"max-video-preview:-1"},"canonical":"https:\/\/tinychat.com\/de\/azar\/","og_locale":"de_DE","og_type":"article","og_title":"Azar - Alternative to OmeTV & Monkey App - TinyChat.com","og_description":"Enjoying Azar? Join over 50,000,000 strangers on TinyChat! Turn on your cam and start meeting new people, or find a match.","og_url":"https:\/\/tinychat.com\/de\/azar\/","og_site_name":"TinyChat","article_publisher":"https:\/\/www.facebook.com\/tinychat","article_modified_time":"2025-08-11T07:12:11+00:00","og_image":[{"width":1280,"height":284,"url":"https:\/\/tinychat.com\/wp-content\/uploads\/2020\/04\/Tinychat-logo-1280x284-new-black.png","type":"image\/png"}],"twitter_card":"summary_large_image","twitter_site":"@tinychat","twitter_misc":{"Gesch\u00e4tzte Lesezeit":"5\u00a0Minuten"},"schema":{"@context":"https:\/\/schema.org","@graph":[{"@type":"WebPage","@id":"https:\/\/tinychat.com\/azar\/","url":"https:\/\/tinychat.com\/azar\/","name":"Azar - Alternative zu OmeTV &amp; Monkey App - TinyChat.com","isPartOf":{"@id":"https:\/\/tinychat.com\/#website"},"datePublished":"2025-08-11T07:06:16+00:00","dateModified":"2025-08-11T07:12:11+00:00","description":"Gef\u00e4llt Ihnen Azar? Schlie\u00dfen Sie sich \u00fcber 50.000.000 Fremden auf TinyChat an! Schalte deine Kamera ein und fange an, neue Leute zu treffen, oder finde einen Partner.","breadcrumb":{"@id":"https:\/\/tinychat.com\/azar\/#breadcrumb"},"inLanguage":"de","potentialAction":[{"@type":"ReadAction","target":["https:\/\/tinychat.com\/azar\/"]}]},{"@type":"BreadcrumbList","@id":"https:\/\/tinychat.com\/azar\/#breadcrumb","itemListElement":[{"@type":"ListItem","position":1,"name":"Home","item":"https:\/\/tinychat.com\/"},{"@type":"ListItem","position":2,"name":"Azar"}]},{"@type":"WebSite","@id":"https:\/\/tinychat.com\/#website","url":"https:\/\/tinychat.com\/","name":"TinyChat","description":"Zuf\u00e4lliger Video-Chat mit Fremden","publisher":{"@id":"https:\/\/tinychat.com\/#organization"},"alternateName":"TinyChat.com","potentialAction":[{"@type":"SearchAction","target":{"@type":"EntryPoint","urlTemplate":"https:\/\/tinychat.com\/?s={search_term_string}"},"query-input":{"@type":"PropertyValueSpecification","valueRequired":true,"valueName":"search_term_string"}}],"inLanguage":"de"},{"@type":"Organization","@id":"https:\/\/tinychat.com\/#organization","name":"TinyChat","alternateName":"TinyChat.com","url":"https:\/\/tinychat.com\/","logo":{"@type":"ImageObject","inLanguage":"de","@id":"https:\/\/tinychat.com\/#\/schema\/logo\/image\/","url":"https:\/\/tinychat.com\/wp-content\/uploads\/2023\/11\/Tinychat-icon-square.png","contentUrl":"https:\/\/tinychat.com\/wp-content\/uploads\/2023\/11\/Tinychat-icon-square.png","width":284,"height":284,"caption":"TinyChat"},"image":{"@id":"https:\/\/tinychat.com\/#\/schema\/logo\/image\/"},"sameAs":["https:\/\/www.facebook.com\/tinychat","https:\/\/x.com\/tinychat"]}]}},"_links":{"self":[{"href":"https:\/\/tinychat.com\/de\/wp-json\/wp\/v2\/pages\/980","targetHints":{"allow":["GET"]}}],"collection":[{"href":"https:\/\/tinychat.com\/de\/wp-json\/wp\/v2\/pages"}],"about":[{"href":"https:\/\/tinychat.com\/de\/wp-json\/wp\/v2\/types\/page"}],"author":[{"embeddable":true,"href":"https:\/\/tinychat.com\/de\/wp-json\/wp\/v2\/users\/6"}],"replies":[{"embeddable":true,"href":"https:\/\/tinychat.com\/de\/wp-json\/wp\/v2\/comments?post=980"}],"version-history":[{"count":4,"href":"https:\/\/tinychat.com\/de\/wp-json\/wp\/v2\/pages\/980\/revisions"}],"predecessor-version":[{"id":13425,"href":"https:\/\/tinychat.com\/de\/wp-json\/wp\/v2\/pages\/980\/revisions\/13425"}],"wp:attachment":[{"href":"https:\/\/tinychat.com\/de\/wp-json\/wp\/v2\/media?parent=980"}],"curies":[{"name":"wp","href":"https:\/\/api.w.org\/{rel}","templated":true}]}}