{"id":10021,"date":"2025-12-02T08:48:35","date_gmt":"2025-12-02T06:48:35","guid":{"rendered":"https:\/\/tinychat.com\/?page_id=10021"},"modified":"2025-12-02T10:48:18","modified_gmt":"2025-12-02T08:48:18","slug":"randochat","status":"publish","type":"page","link":"https:\/\/tinychat.com\/es\/randochat\/","title":{"rendered":"Randochat"},"content":{"rendered":"<p>El mundo del chat online sigue evolucionando, pero hay un concepto que permanece intemporal: la emoci\u00f3n de conocer a alguien nuevo, de forma instant\u00e1nea y an\u00f3nima. RandoChat encarna ese esp\u00edritu a la perfecci\u00f3n. Es una plataforma de chat aleatorio sencilla, r\u00e1pida y centrada en la privacidad que te conecta con desconocidos de todo el mundo, sin necesidad de registrarte, crear perfiles ni proporcionar informaci\u00f3n personal.<\/p>\n<p>Ya sea que busques una conversaci\u00f3n r\u00e1pida, una forma de pasar el tiempo o un espacio para conocer gente nueva de forma an\u00f3nima, RandoChat ofrece una experiencia limpia y moderna basada completamente en la interacci\u00f3n humana espont\u00e1nea. Con versiones de aplicaciones m\u00f3viles y soluciones basadas en la web disponibles seg\u00fan tu regi\u00f3n, RandoChat se ha convertido en uno de los nombres m\u00e1s reconocidos en el \u00e1mbito del chat an\u00f3nimo.<\/p>\n<p>Esta gu\u00eda detallada explora qu\u00e9 es RandoChat, c\u00f3mo funciona, sus caracter\u00edsticas, la experiencia del usuario, comparaciones, consejos de seguridad, consejos para la resoluci\u00f3n de problemas y por qu\u00e9 tanta gente sigue utiliz\u00e1ndolo.<\/p>\n<h2>\u00bfQu\u00e9 es RandoChat?<\/h2>\n<p>RandoChat es una plataforma de chat aleatorio an\u00f3nimo que conecta a los usuarios al instante sin necesidad de iniciar sesi\u00f3n ni proporcionar datos personales. A diferencia de las plataformas de chat basadas en v\u00eddeo, como las alternativas Chatroulette o Omegle, RandoChat se centra exclusivamente en el chat individual basado en texto.<\/p>\n<p>Este formato resulta atractivo para los usuarios que desean:<\/p>\n<ul>\n<li>Comunicaci\u00f3n de baja presi\u00f3n, solo texto<\/li>\n<li>Anonimato total<\/li>\n<li>No se requieren c\u00e1maras ni micr\u00f3fonos.<\/li>\n<li>Una experiencia de chat r\u00e1pida y sin distracciones.<\/li>\n<li>Dise\u00f1o centrado en la privacidad<\/li>\n<\/ul>\n<p>Su simplicidad es su principal fortaleza: abre la aplicaci\u00f3n o el sitio web, empieza a chatear y conecta con alguien nuevo, sin perfiles, sin nombres de usuario y sin compartir informaci\u00f3n identificativa, a menos que t\u00fa lo decidas.<\/p>\n<p>RandoChat es ideal para:<\/p>\n<ul>\n<li>Personas que desean mantener conversaciones informales y an\u00f3nimas.<\/li>\n<li>Usuarios que buscan un descanso de los algoritmos de las redes sociales<\/li>\n<li>Cualquiera que disfrute de las conexiones espont\u00e1neas.<\/li>\n<li>Aquellos que prefieren no utilizar el chat de v\u00eddeo<\/li>\n<li>Viajeros o estudiantes de idiomas que desean conversar con personas de otros pa\u00edses.<\/li>\n<\/ul>\n<h2>Caracter\u00edsticas principales de RandoChat<\/h2>\n<p>RandoChat reduce el chat aleatorio a lo esencial. Estas son las caracter\u00edsticas principales de la plataforma:<\/p>\n<h3>1. Chat totalmente an\u00f3nimo<\/h3>\n<ul>\n<li>No se requiere inicio de sesi\u00f3n ni correo electr\u00f3nico.<\/li>\n<li>Sin nombres de usuario ni identificadores<\/li>\n<li>Los chats se eliminan autom\u00e1ticamente despu\u00e9s de cada sesi\u00f3n.<\/li>\n<li>No se necesita perfil, fotos ni informaci\u00f3n personal.<\/li>\n<\/ul>\n<p>Esto crea un entorno verdaderamente privado en el que los usuarios se sienten libres para expresarse.<\/p>\n<h3>2. Conversaciones solo de texto<\/h3>\n<ul>\n<li>Se centra exclusivamente en los mensajes de texto.<\/li>\n<li>Ideal para usuarios que prefieren no mostrar su rostro.<\/li>\n<li>M\u00e1s r\u00e1pido y con menos ancho de banda que el chat de v\u00eddeo.<\/li>\n<li>Ideal para chatear discretamente, en cualquier momento y en cualquier lugar.<\/li>\n<\/ul>\n<h3>3. Emparejamiento instant\u00e1neo<\/h3>\n<ul>\n<li>Te conecta con un desconocido en cuesti\u00f3n de segundos.<\/li>\n<li>Sin largas colas ni retrasos en la coincidencia<\/li>\n<li>Chatea, luego desliza o toca para encontrar instant\u00e1neamente a alguien nuevo.<\/li>\n<\/ul>\n<h3>4. Interfaz limpia y minimalista<\/h3>\n<ul>\n<li>Ventana de chat sencilla sin distracciones.<\/li>\n<li>Dise\u00f1o f\u00e1cil de usar, apto para todas las edades.<\/li>\n<li>Entrega r\u00e1pida de mensajes y rendimiento fluido<\/li>\n<\/ul>\n<h3>5. Asistencia para aplicaciones m\u00f3viles<\/h3>\n<ul>\n<li>Disponible en Android e iOS en muchas regiones.<\/li>\n<li>Dise\u00f1ado espec\u00edficamente para la comunicaci\u00f3n m\u00f3vil<\/li>\n<li>Ligero y con bajo consumo de bater\u00eda<\/li>\n<\/ul>\n<h3>6. Eliminaci\u00f3n autom\u00e1tica de mensajes<\/h3>\n<ul>\n<li>Los chats desaparecen cuando abandonas la conversaci\u00f3n.<\/li>\n<li>No se guarda nada en tu dispositivo.<\/li>\n<li>Los mensajes no se pueden recuperar.<\/li>\n<\/ul>\n<p>Esta es una de las principales razones por las que RandoChat sigue siendo popular entre los usuarios preocupados por la privacidad.<\/p>\n<h3>7. Uso gratuito<\/h3>\n<ul>\n<li>No es necesario realizar ning\u00fan pago para empezar a chatear.<\/li>\n<li>No se necesitan actualizaciones de pago para las funciones b\u00e1sicas.<\/li>\n<\/ul>\n<h2>C\u00f3mo usar RandoChat<\/h2>\n<p>RandoChat est\u00e1 dise\u00f1ado para ser sencillo. A continuaci\u00f3n te explicamos c\u00f3mo empezar:<\/p>\n<h3>Paso 1: Abra el sitio web o la aplicaci\u00f3n.<\/h3>\n<p>Dependiendo de tu regi\u00f3n, puedes utilizar:<\/p>\n<ul>\n<li>La aplicaci\u00f3n m\u00f3vil RandoChat<\/li>\n<li>Alternativas basadas en navegador (sitios RandoChat de terceros)<\/li>\n<\/ul>\n<p>Ambos funcionan sin necesidad de registrarse.<\/p>\n<h3>Paso 2: Acepta los t\u00e9rminos y las directrices<\/h3>\n<p>La mayor\u00eda de las versiones requieren aceptar las normas b\u00e1sicas de la comunidad.<\/p>\n<h3>Paso 3: Empezar a chatear<\/h3>\n<p>Pulsa \u00abStart\u00bb, \u00abChat\u00bb o \u00abBegin\u00bb y se te emparejar\u00e1 inmediatamente con un desconocido.<\/p>\n<h3>Paso 4: Enviar mensajes<\/h3>\n<p>Escribe libremente: el chat es an\u00f3nimo.<\/p>\n<h3>Paso 5: Saltar o finalizar el chat<\/h3>\n<p>Si la conversaci\u00f3n no es adecuada, simplemente final\u00edzala y pasa a la siguiente persona al instante.<\/p>\n<p>No hay l\u00edmite en cuanto al n\u00famero de personas con las que puedes hablar.<\/p>\n<h2>Experiencia del usuario en RandoChat<\/h2>\n<p>RandoChat ofrece una experiencia \u00fanica en el ecosistema de chats aleatorios gracias a su enfoque centrado en la privacidad y basado exclusivamente en texto.<\/p>\n<h3>Lo que les gusta a los usuarios<\/h3>\n<ul>\n<li>Completamente an\u00f3nimo<\/li>\n<li>No se necesita c\u00e1mara, lo que resulta m\u00e1s c\u00f3modo para muchos usuarios.<\/li>\n<li>M\u00e1s r\u00e1pido y seguro que el chat de v\u00eddeo.<\/li>\n<li>Experiencia ligera y compatible con dispositivos m\u00f3viles<\/li>\n<li>Los mensajes se borran autom\u00e1ticamente.<\/li>\n<li>F\u00e1cil de usar para conversaciones r\u00e1pidas.<\/li>\n<\/ul>\n<h3>Donde los usuarios ven margen de mejora<\/h3>\n<ul>\n<li>Sin filtros por g\u00e9nero o pa\u00eds (en la mayor\u00eda de las versiones)<\/li>\n<li>Funciones de moderaci\u00f3n limitadas<\/li>\n<li>Usuarios ocasionales de spam<\/li>\n<li>No se puede volver a conectar con los interlocutores anteriores del chat.<\/li>\n<li>Algunas versiones regionales var\u00edan en calidad.<\/li>\n<\/ul>\n<p>Aun as\u00ed, la mayor\u00eda de los usuarios coinciden en que RandoChat es una plataforma sencilla, segura y divertida para conocer gente nueva de forma an\u00f3nima, especialmente para aquellos que prefieren el chat de texto al v\u00eddeo.<\/p>\n<h2>RandoChat frente a otras plataformas de chat<\/h2>\n<p>A continuaci\u00f3n se muestra una comparaci\u00f3n entre RandoChat y sus principales competidores:<\/p>\n<table>\n<thead>\n<tr>\n<th>Caracter\u00edstica<\/th>\n<th>RandoChat<\/th>\n<th>Omegle<\/th>\n<th>Chatroulette<\/th>\n<th>ChatHub<\/th>\n<th>Randomskip<\/th>\n<th>Umingle<\/th>\n<\/tr>\n<\/thead>\n<tbody>\n<tr>\n<td>Chat de texto<\/td>\n<td>\u2705 S\u00ed<\/td>\n<td>\u2705 S\u00ed<\/td>\n<td>\u274c Principalmente v\u00eddeo<\/td>\n<td>\u2705 S\u00ed<\/td>\n<td>\u274c M\u00ednimo<\/td>\n<td>\u2705 S\u00ed<\/td>\n<\/tr>\n<tr>\n<td>Videochat<\/td>\n<td>\u274c No<\/td>\n<td>\u2705 S\u00ed<\/td>\n<td>\u2705 S\u00ed<\/td>\n<td>\u2705 S\u00ed<\/td>\n<td>\u2705 S\u00ed<\/td>\n<td>\u2705 S\u00ed<\/td>\n<\/tr>\n<tr>\n<td>Nivel de anonimato<\/td>\n<td>\u2b50 Muy alto<\/td>\n<td>Alta<\/td>\n<td>Alta<\/td>\n<td>Medio<\/td>\n<td>Alta<\/td>\n<td>Alta<\/td>\n<\/tr>\n<tr>\n<td>Inscripci\u00f3n obligatoria<\/td>\n<td>\u274c No<\/td>\n<td>\u274c No<\/td>\n<td>\u274c No<\/td>\n<td>Opcional<\/td>\n<td>\u274c No<\/td>\n<td>\u274c No<\/td>\n<\/tr>\n<tr>\n<td>Filtros<\/td>\n<td>\u274c No<\/td>\n<td>\u274c No<\/td>\n<td>Limitado<\/td>\n<td>S\u00ed<\/td>\n<td>\u274c No<\/td>\n<td>\u274c No<\/td>\n<\/tr>\n<tr>\n<td>Aplicaci\u00f3n m\u00f3vil<\/td>\n<td>\u2705 S\u00ed<\/td>\n<td>\u274c No<\/td>\n<td>\u274c No<\/td>\n<td>Semi<\/td>\n<td>\u274c No<\/td>\n<td>\u274c No<\/td>\n<\/tr>\n<tr>\n<td>Uso gratuito<\/td>\n<td>\u2705 S\u00ed<\/td>\n<td>S\u00ed<\/td>\n<td>S\u00ed<\/td>\n<td>S\u00ed<\/td>\n<td>S\u00ed<\/td>\n<td>S\u00ed<\/td>\n<\/tr>\n<\/tbody>\n<\/table>\n<p>Resumen:<br \/>\nRandoChat se distingue por ser solo de texto y totalmente an\u00f3nimo, lo que lo hace m\u00e1s privado que la mayor\u00eda de las plataformas de videochat aleatorio. Es perfecto para los usuarios que desean conversar sin la presi\u00f3n de estar frente a la c\u00e1mara.<\/p>\n<h2>\u00bfEs seguro RandoChat?<\/h2>\n<p>RandoChat hace hincapi\u00e9 en la privacidad, pero la seguridad de los usuarios depende en gran medida de un comportamiento responsable.<\/p>\n<h3>Funciones de seguridad integradas<\/h3>\n<ul>\n<li>Chat an\u00f3nimo por defecto<\/li>\n<li>No se requiere informaci\u00f3n personal.<\/li>\n<li>Eliminaci\u00f3n autom\u00e1tica de mensajes<\/li>\n<li>Opci\u00f3n para denunciar comportamientos inapropiados<\/li>\n<li>No se almacenan perfiles, identificaciones ni datos personales.<\/li>\n<\/ul>\n<h3>Pr\u00e1cticas de seguridad recomendadas<\/h3>\n<ul>\n<li>Nunca compartas tu nombre real, n\u00famero de tel\u00e9fono o redes sociales.<\/li>\n<li>Evita enviar fotos personales.<\/li>\n<li>No hagas clic en enlaces de desconocidos.<\/li>\n<li>Termina inmediatamente cualquier conversaci\u00f3n inc\u00f3moda.<\/li>\n<li>Utiliza una VPN para mayor anonimato.<\/li>\n<li>Los padres deben vigilar de cerca a los menores.<\/li>\n<\/ul>\n<p>Si se utiliza con prudencia, RandoChat es una de las plataformas de chat an\u00f3nimo m\u00e1s seguras, especialmente en comparaci\u00f3n con las alternativas basadas en v\u00eddeo.<\/p>\n<h2>Consejos para disfrutar de RandoChat<\/h2>\n<p>Aqu\u00ed tienes algunas formas de mejorar tu experiencia:<\/p>\n<ul>\n<li>Empieza con saludos sencillos y cordiales.<\/li>\n<li>Mant\u00e9n una actitud abierta para conocer personas de diferentes culturas.<\/li>\n<li>Utiliza la aplicaci\u00f3n durante las horas punta para mantener conversaciones m\u00e1s activas.<\/li>\n<li>Mant\u00e9n un tono ligero y respetuoso.<\/li>\n<li>No dudes en saltarte alguna conversaci\u00f3n, no todas te van a interesar.<\/li>\n<li>Aprovecha el anonimato para expresarte libremente, de forma responsable.<\/li>\n<\/ul>\n<p>Las plataformas basadas en texto suelen dar lugar a conversaciones m\u00e1s largas y profundas, especialmente cuando ambos usuarios se sienten seguros y relajados.<\/p>\n<h2>Problemas comunes y soluciones<\/h2>\n<h3>Problema: Mensaje \u201cNo hay usuarios conectados\u201d.<\/h3>\n<ul>\n<li>Vuelve a intentarlo durante las horas punta en tu regi\u00f3n.<\/li>\n<li>Cambia entre las versiones de la aplicaci\u00f3n y el navegador, si est\u00e1n disponibles.<\/li>\n<\/ul>\n<h3>Problema: El chat se desconecta aleatoriamente.<\/h3>\n<ul>\n<li>Compruebe su conexi\u00f3n a Internet<\/li>\n<li>Reinicia la aplicaci\u00f3n o actualiza la p\u00e1gina.<\/li>\n<\/ul>\n<h3>Problema: Encuentro con usuarios de spam<\/h3>\n<ul>\n<li>Saltar inmediatamente<\/li>\n<li>Utilice la funci\u00f3n de informe.<\/li>\n<\/ul>\n<h3>Problema: La aplicaci\u00f3n no se abre o se bloquea.<\/h3>\n<ul>\n<li>Actualizar a la \u00faltima versi\u00f3n<\/li>\n<li>Borrar cach\u00e9<\/li>\n<li>Reinicia tu tel\u00e9fono.<\/li>\n<\/ul>\n<h3>Problema: No se pueden enviar mensajes.<\/h3>\n<ul>\n<li>Aseg\u00farate de que ninguna VPN ni firewall est\u00e9 bloqueando la conexi\u00f3n.<\/li>\n<li>Reinstala la aplicaci\u00f3n si es necesario.<\/li>\n<\/ul>\n<h2>Por qu\u00e9 la gente elige RandoChat<\/h2>\n<p>RandoChat ha conseguido una audiencia global fiel por varias razones:<\/p>\n<ul>\n<li>Anonimato verdadero<\/li>\n<li>Sin estr\u00e9s ni presi\u00f3n por la c\u00e1mara<\/li>\n<li>Interfaz r\u00e1pida, sencilla y limpia.<\/li>\n<li>Gratis y siempre accesible<\/li>\n<li>Perfecto para personas introvertidas que prefieren el texto al v\u00eddeo.<\/li>\n<li>Ligero y compatible con dispositivos m\u00f3viles<\/li>\n<\/ul>\n<p>Para muchos, RandoChat resulta m\u00e1s privado y c\u00f3modo que otras alternativas de videochat, lo que lo hace ideal para conversaciones espont\u00e1neas sobre la marcha.<\/p>\n<h2>Reflexiones finales: \u00bfVale la pena usar RandoChat?<\/h2>\n<p>Si est\u00e1s buscando una experiencia de chat aleatorio gratuita, an\u00f3nima y basada en texto, RandoChat es una opci\u00f3n que vale la pena probar. Ofrece un refrescante refugio del pulido mundo de las redes sociales, impulsado por la identidad, y te brinda un lugar para hablar libremente, conocer a desconocidos al instante y disfrutar de conversaciones reales sin juicios ni obligaciones.<\/p>\n<p>Tanto si quieres:<\/p>\n<ul>\n<li>Pasar el tiempo<\/li>\n<li>Conocer gente nueva<\/li>\n<li>Practicar idiomas<\/li>\n<li>Rel\u00e1jate de forma an\u00f3nima<\/li>\n<li>Disfruta de charlas espont\u00e1neas.<\/li>\n<\/ul>\n<p>RandoChat ofrece una plataforma perfectamente sencilla y privada para hacerlo.<\/p>\n<p>RandoChat es una aplicaci\u00f3n de chat de texto r\u00e1pida, segura y an\u00f3nima dise\u00f1ada para conocer gente al azar sin compartir informaci\u00f3n personal. Es limpia, compatible con dispositivos m\u00f3viles, ligera e ideal para usuarios que prefieren la privacidad y la simplicidad al chat de v\u00eddeo.<\/p>\n<p>\u00bfListo para empezar a chatear? Abre RandoChat, pulsa \u201cEmpezar\u201d y conoce a alguien nuevo en cuesti\u00f3n de segundos.<\/p>","protected":false},"excerpt":{"rendered":"<p>The online chat world continues to evolve, yet one concept remains timeless: the thrill of meeting someone new, instantly and anonymously. RandoChat embodies that spirit perfectly. It\u2019s a simple, fast, and privacy-focused random chat platform that connects you with strangers around the world \u2014 without requiring registration, profiles, or personal information. Whether you\u2019re looking for [&hellip;]<\/p>\n","protected":false},"author":6,"featured_media":0,"parent":0,"menu_order":0,"comment_status":"closed","ping_status":"closed","template":"","meta":{"footnotes":""},"class_list":["post-10021","page","type-page","status-publish","hentry"],"yoast_head":"<!-- This site is optimized with the Yoast SEO plugin v27.4 - https:\/\/yoast.com\/product\/yoast-seo-wordpress\/ -->\n<title>Randochat - Chat Anonymously &amp; Meet People - TinyChat.com<\/title>\n<meta name=\"description\" content=\"Enjoying Randochat? Join over 50,000,000 strangers on TinyChat! Turn on your cam and start meeting new people, or find a match.\" \/>\n<meta name=\"robots\" content=\"index, follow, max-snippet:-1, max-image-preview:large, max-video-preview:-1\" \/>\n<link rel=\"canonical\" href=\"https:\/\/tinychat.com\/es\/randochat\/\" \/>\n<meta property=\"og:locale\" content=\"es_ES\" \/>\n<meta property=\"og:type\" content=\"article\" \/>\n<meta property=\"og:title\" content=\"Randochat - Chat Anonymously &amp; Meet People - TinyChat.com\" \/>\n<meta property=\"og:description\" content=\"Enjoying Randochat? Join over 50,000,000 strangers on TinyChat! Turn on your cam and start meeting new people, or find a match.\" \/>\n<meta property=\"og:url\" content=\"https:\/\/tinychat.com\/es\/randochat\/\" \/>\n<meta property=\"og:site_name\" content=\"TinyChat\" \/>\n<meta property=\"article:publisher\" content=\"https:\/\/www.facebook.com\/tinychat\" \/>\n<meta property=\"article:modified_time\" content=\"2025-12-02T08:48:18+00:00\" \/>\n<meta property=\"og:image\" content=\"https:\/\/tinychat.com\/wp-content\/uploads\/2020\/04\/Tinychat-logo-1280x284-new-black.png\" \/>\n\t<meta property=\"og:image:width\" content=\"1280\" \/>\n\t<meta property=\"og:image:height\" content=\"284\" \/>\n\t<meta property=\"og:image:type\" content=\"image\/png\" \/>\n<meta name=\"twitter:card\" content=\"summary_large_image\" \/>\n<meta name=\"twitter:site\" content=\"@tinychat\" \/>\n<meta name=\"twitter:label1\" content=\"Tiempo de lectura\" \/>\n\t<meta name=\"twitter:data1\" content=\"6 minutos\" \/>\n<script type=\"application\/ld+json\" class=\"yoast-schema-graph\">{\"@context\":\"https:\\\/\\\/schema.org\",\"@graph\":[{\"@type\":\"WebPage\",\"@id\":\"https:\\\/\\\/tinychat.com\\\/randochat\\\/\",\"url\":\"https:\\\/\\\/tinychat.com\\\/randochat\\\/\",\"name\":\"Randochat - Chat Anonymously & Meet People - TinyChat.com\",\"isPartOf\":{\"@id\":\"https:\\\/\\\/tinychat.com\\\/#website\"},\"datePublished\":\"2025-12-02T06:48:35+00:00\",\"dateModified\":\"2025-12-02T08:48:18+00:00\",\"description\":\"Enjoying Randochat? Join over 50,000,000 strangers on TinyChat! Turn on your cam and start meeting new people, or find a match.\",\"breadcrumb\":{\"@id\":\"https:\\\/\\\/tinychat.com\\\/randochat\\\/#breadcrumb\"},\"inLanguage\":\"es\",\"potentialAction\":[{\"@type\":\"ReadAction\",\"target\":[\"https:\\\/\\\/tinychat.com\\\/randochat\\\/\"]}]},{\"@type\":\"BreadcrumbList\",\"@id\":\"https:\\\/\\\/tinychat.com\\\/randochat\\\/#breadcrumb\",\"itemListElement\":[{\"@type\":\"ListItem\",\"position\":1,\"name\":\"Home\",\"item\":\"https:\\\/\\\/tinychat.com\\\/\"},{\"@type\":\"ListItem\",\"position\":2,\"name\":\"Randochat\"}]},{\"@type\":\"WebSite\",\"@id\":\"https:\\\/\\\/tinychat.com\\\/#website\",\"url\":\"https:\\\/\\\/tinychat.com\\\/\",\"name\":\"TinyChat\",\"description\":\"Random Video Chat with Strangers\",\"publisher\":{\"@id\":\"https:\\\/\\\/tinychat.com\\\/#organization\"},\"alternateName\":\"TinyChat.com\",\"potentialAction\":[{\"@type\":\"SearchAction\",\"target\":{\"@type\":\"EntryPoint\",\"urlTemplate\":\"https:\\\/\\\/tinychat.com\\\/?s={search_term_string}\"},\"query-input\":{\"@type\":\"PropertyValueSpecification\",\"valueRequired\":true,\"valueName\":\"search_term_string\"}}],\"inLanguage\":\"es\"},{\"@type\":\"Organization\",\"@id\":\"https:\\\/\\\/tinychat.com\\\/#organization\",\"name\":\"TinyChat\",\"alternateName\":\"TinyChat.com\",\"url\":\"https:\\\/\\\/tinychat.com\\\/\",\"logo\":{\"@type\":\"ImageObject\",\"inLanguage\":\"es\",\"@id\":\"https:\\\/\\\/tinychat.com\\\/#\\\/schema\\\/logo\\\/image\\\/\",\"url\":\"https:\\\/\\\/tinychat.com\\\/wp-content\\\/uploads\\\/2023\\\/11\\\/Tinychat-icon-square.png\",\"contentUrl\":\"https:\\\/\\\/tinychat.com\\\/wp-content\\\/uploads\\\/2023\\\/11\\\/Tinychat-icon-square.png\",\"width\":284,\"height\":284,\"caption\":\"TinyChat\"},\"image\":{\"@id\":\"https:\\\/\\\/tinychat.com\\\/#\\\/schema\\\/logo\\\/image\\\/\"},\"sameAs\":[\"https:\\\/\\\/www.facebook.com\\\/tinychat\",\"https:\\\/\\\/x.com\\\/tinychat\"]}]}<\/script>\n<!-- \/ Yoast SEO plugin. -->","yoast_head_json":{"title":"Randochat - Chatea de forma an\u00f3nima y conoce gente - TinyChat.com","description":"\u00bfTe gusta Randochat? \u00a1\u00danete a m\u00e1s de 50 000 000 de desconocidos en TinyChat! Enciende tu c\u00e1mara y empieza a conocer gente nueva o encuentra tu pareja ideal.","robots":{"index":"index","follow":"follow","max-snippet":"max-snippet:-1","max-image-preview":"max-image-preview:large","max-video-preview":"max-video-preview:-1"},"canonical":"https:\/\/tinychat.com\/es\/randochat\/","og_locale":"es_ES","og_type":"article","og_title":"Randochat - Chat Anonymously & Meet People - TinyChat.com","og_description":"Enjoying Randochat? Join over 50,000,000 strangers on TinyChat! Turn on your cam and start meeting new people, or find a match.","og_url":"https:\/\/tinychat.com\/es\/randochat\/","og_site_name":"TinyChat","article_publisher":"https:\/\/www.facebook.com\/tinychat","article_modified_time":"2025-12-02T08:48:18+00:00","og_image":[{"width":1280,"height":284,"url":"https:\/\/tinychat.com\/wp-content\/uploads\/2020\/04\/Tinychat-logo-1280x284-new-black.png","type":"image\/png"}],"twitter_card":"summary_large_image","twitter_site":"@tinychat","twitter_misc":{"Tiempo de lectura":"6 minutos"},"schema":{"@context":"https:\/\/schema.org","@graph":[{"@type":"WebPage","@id":"https:\/\/tinychat.com\/randochat\/","url":"https:\/\/tinychat.com\/randochat\/","name":"Randochat - Chatea de forma an\u00f3nima y conoce gente - TinyChat.com","isPartOf":{"@id":"https:\/\/tinychat.com\/#website"},"datePublished":"2025-12-02T06:48:35+00:00","dateModified":"2025-12-02T08:48:18+00:00","description":"\u00bfTe gusta Randochat? \u00a1\u00danete a m\u00e1s de 50 000 000 de desconocidos en TinyChat! Enciende tu c\u00e1mara y empieza a conocer gente nueva o encuentra tu pareja ideal.","breadcrumb":{"@id":"https:\/\/tinychat.com\/randochat\/#breadcrumb"},"inLanguage":"es","potentialAction":[{"@type":"ReadAction","target":["https:\/\/tinychat.com\/randochat\/"]}]},{"@type":"BreadcrumbList","@id":"https:\/\/tinychat.com\/randochat\/#breadcrumb","itemListElement":[{"@type":"ListItem","position":1,"name":"Home","item":"https:\/\/tinychat.com\/"},{"@type":"ListItem","position":2,"name":"Randochat"}]},{"@type":"WebSite","@id":"https:\/\/tinychat.com\/#website","url":"https:\/\/tinychat.com\/","name":"TinyChat","description":"Videochat aleatorio con desconocidos","publisher":{"@id":"https:\/\/tinychat.com\/#organization"},"alternateName":"TinyChat.com","potentialAction":[{"@type":"SearchAction","target":{"@type":"EntryPoint","urlTemplate":"https:\/\/tinychat.com\/?s={search_term_string}"},"query-input":{"@type":"PropertyValueSpecification","valueRequired":true,"valueName":"search_term_string"}}],"inLanguage":"es"},{"@type":"Organization","@id":"https:\/\/tinychat.com\/#organization","name":"TinyChat","alternateName":"TinyChat.com","url":"https:\/\/tinychat.com\/","logo":{"@type":"ImageObject","inLanguage":"es","@id":"https:\/\/tinychat.com\/#\/schema\/logo\/image\/","url":"https:\/\/tinychat.com\/wp-content\/uploads\/2023\/11\/Tinychat-icon-square.png","contentUrl":"https:\/\/tinychat.com\/wp-content\/uploads\/2023\/11\/Tinychat-icon-square.png","width":284,"height":284,"caption":"TinyChat"},"image":{"@id":"https:\/\/tinychat.com\/#\/schema\/logo\/image\/"},"sameAs":["https:\/\/www.facebook.com\/tinychat","https:\/\/x.com\/tinychat"]}]}},"_links":{"self":[{"href":"https:\/\/tinychat.com\/es\/wp-json\/wp\/v2\/pages\/10021","targetHints":{"allow":["GET"]}}],"collection":[{"href":"https:\/\/tinychat.com\/es\/wp-json\/wp\/v2\/pages"}],"about":[{"href":"https:\/\/tinychat.com\/es\/wp-json\/wp\/v2\/types\/page"}],"author":[{"embeddable":true,"href":"https:\/\/tinychat.com\/es\/wp-json\/wp\/v2\/users\/6"}],"replies":[{"embeddable":true,"href":"https:\/\/tinychat.com\/es\/wp-json\/wp\/v2\/comments?post=10021"}],"version-history":[{"count":3,"href":"https:\/\/tinychat.com\/es\/wp-json\/wp\/v2\/pages\/10021\/revisions"}],"predecessor-version":[{"id":13583,"href":"https:\/\/tinychat.com\/es\/wp-json\/wp\/v2\/pages\/10021\/revisions\/13583"}],"wp:attachment":[{"href":"https:\/\/tinychat.com\/es\/wp-json\/wp\/v2\/media?parent=10021"}],"curies":[{"name":"wp","href":"https:\/\/api.w.org\/{rel}","templated":true}]}}