{"id":10096,"date":"2025-08-18T09:20:25","date_gmt":"2025-08-18T07:20:25","guid":{"rendered":"https:\/\/tinychat.com\/?page_id=10096"},"modified":"2025-08-18T10:06:15","modified_gmt":"2025-08-18T08:06:15","slug":"tandoo","status":"publish","type":"page","link":"https:\/\/tinychat.com\/es\/tandoo\/","title":{"rendered":"Tandoo"},"content":{"rendered":"<p>En un mundo en el que la comunicaci\u00f3n online est\u00e1 cada vez m\u00e1s pulida y controlada, plataformas como Tandoo nos recuerdan la emoci\u00f3n de los encuentros aut\u00e9nticos y sin gui\u00f3n. En lugar de basarse en perfiles preestablecidos o cronolog\u00edas filtradas, Tandoo se centra en lo que m\u00e1s importa: la interacci\u00f3n humana en tiempo real. Con un solo clic, puedes estar cara a cara con alguien nuevo, compartiendo historias, ri\u00e9ndote de chistes o descubriendo nuevas perspectivas de todo el mundo.<\/p>\n<p>Ya sea para entablar conversaciones informales, para conocer culturas diferentes o incluso para encontrar una chispa rom\u00e1ntica, Tandoo hace que sea sencillo, r\u00e1pido y atractivo conocer a desconocidos en l\u00ednea. Esta gu\u00eda profundiza en las caracter\u00edsticas de Tandoo, c\u00f3mo funciona y c\u00f3mo se compara con sus competidores en el mundo del videochat aleatorio.<\/p>\n<h2>\u00bfQu\u00e9 es Tandoo?<\/h2>\n<p>Tandoo es un servicio de videochat aleatorio que conecta a la gente al instante a trav\u00e9s de v\u00eddeo, audio y mensajes de texto opcionales. Al igual que sitios populares como Chatroulette, Omegle y Chatrandom, Tandoo adopta la imprevisibilidad de la socializaci\u00f3n en l\u00ednea, pero con una interfaz actualizada, una funcionalidad fluida y herramientas de seguridad que mantienen las interacciones agradables.<\/p>\n<p>No es necesario un largo proceso de registro ni pasar horas creando un perfil. En su lugar, Tandoo ofrece un estilo de chat de entrada y salida en el que cada conversaci\u00f3n es una nueva oportunidad.<\/p>\n<h2>Caracter\u00edsticas principales de Tandoo<\/h2>\n<p>El \u00e9xito del Tandoo se debe a su equilibrio entre sencillez, diversi\u00f3n y seguridad. Estas son las caracter\u00edsticas m\u00e1s destacadas que lo hacen atractivo:<\/p>\n<h3>1. Emparejamiento aleatorio r\u00e1pido<\/h3>\n<ul>\n<li>Con\u00e9ctate al instante con desconocidos de todo el mundo.<\/li>\n<li>Pasa al siguiente chat cuando quieras.<\/li>\n<li>Sin colas de espera: pulse Inicio y listo.<\/li>\n<\/ul>\n<h3>2. Filtros de ubicaci\u00f3n y sexo<\/h3>\n<ul>\n<li>Dirija las conversaciones por pa\u00edses o d\u00e9jelo abierto a encuentros globales.<\/li>\n<li>Los filtros de g\u00e9nero ayudan a refinar las coincidencias cuando prefieres interacciones espec\u00edficas.<\/li>\n<\/ul>\n<h3>3. Integraci\u00f3n de chat de texto<\/h3>\n<ul>\n<li>Utilice los mensajes de texto junto con el v\u00eddeo en directo.<\/li>\n<li>Ideal para compartir traducciones o si el audio no funciona.<\/li>\n<\/ul>\n<h3>4. Opci\u00f3n de amistad y reconexi\u00f3n<\/h3>\n<ul>\n<li>A\u00f1ade gente interesante a tu lista de amigos.<\/li>\n<li>Vuelve a conectarte m\u00e1s tarde sin depender del azar.<\/li>\n<\/ul>\n<h3>5. Filtros y efectos divertidos<\/h3>\n<ul>\n<li>Mejora tus chats con m\u00e1scaras, filtros AR y divertidos stickers.<\/li>\n<li>Perfectos para romper el hielo en interacciones m\u00e1s distendidas.<\/li>\n<\/ul>\n<h3>6. Herramientas de seguridad integradas<\/h3>\n<ul>\n<li>Las funciones de informe y bloqueo est\u00e1n siempre visibles.<\/li>\n<li>Un modo de previsualizaci\u00f3n del desenfoque te permite controlar las primeras impresiones.<\/li>\n<li>La moderaci\u00f3n ayuda a mantener los contenidos ofensivos fuera de la plataforma.<\/li>\n<\/ul>\n<h3>7. Acceso multiplataforma<\/h3>\n<ul>\n<li>Funciona en navegadores de escritorio y dispositivos m\u00f3viles.<\/li>\n<li>El dise\u00f1o responsivo garantiza un chat fluido en cualquier tama\u00f1o de pantalla.<\/li>\n<\/ul>\n<h2>C\u00f3mo utilizar Tandoo<\/h2>\n<p>Empezar a utilizar Tandoo es sencillo y no requiere conocimientos t\u00e9cnicos.<\/p>\n<h3>Paso 1: Visite la Plataforma<\/h3>\n<ul>\n<li>Abra el sitio web oficial de Tandoo en su ordenador o m\u00f3vil.<\/li>\n<li>En algunas regiones, tambi\u00e9n puede encontrar acceso a aplicaciones.<\/li>\n<\/ul>\n<h3>Paso 2: Elija sus filtros<\/h3>\n<ul>\n<li>Establezca sus preferencias de ubicaci\u00f3n o g\u00e9nero.<\/li>\n<li>Deja los filtros desactivados para disfrutar plenamente de la experiencia aleatoria.<\/li>\n<\/ul>\n<h3>Paso 3: Activar la c\u00e1mara y el micr\u00f3fono<\/h3>\n<ul>\n<li>Conceda los permisos cuando se le solicite.<\/li>\n<li>Pruebe su configuraci\u00f3n antes de empezar para obtener la mejor experiencia.<\/li>\n<\/ul>\n<h3>Paso 4: Empezar a chatear<\/h3>\n<ul>\n<li>Pulsa Start para conocer a alguien nuevo al instante.<\/li>\n<li>Utilice Siguiente para saltar cuando est\u00e9 listo para seguir adelante.<\/li>\n<\/ul>\n<h3>Paso 5: A\u00f1adir amigos o seguir explorando<\/h3>\n<ul>\n<li>Guarda conversaciones divertidas con la opci\u00f3n de a\u00f1adir amigos.<\/li>\n<li>Sigue conociendo gente todo el tiempo que quieras.<\/li>\n<\/ul>\n<h2>Experiencia de usuario en Tandoo<\/h2>\n<p>La interfaz limpia y minimalista de Tandoo la diferencia de otras plataformas de chat m\u00e1s antiguas y recargadas. La navegaci\u00f3n es intuitiva, por lo que es f\u00e1cil incluso para los usuarios novatos saltar directamente a las conversaciones.<\/p>\n<h3>Lo que les gusta a los usuarios<\/h3>\n<ul>\n<li>Conexiones instant\u00e1neas sin complicaciones de registro.<\/li>\n<li>Calidad de v\u00eddeo y audio fluida y estable.<\/li>\n<li>Filtros que permiten interacciones m\u00e1s personalizadas.<\/li>\n<li>Funciones l\u00fadicas como m\u00e1scaras y efectos.<\/li>\n<li>Enfoque de seguridad con vista previa borrosa.<\/li>\n<\/ul>\n<h3>Lo que no gusta a los usuarios<\/h3>\n<ul>\n<li>Algunos filtros avanzados pueden estar bloqueados tras el acceso Premium.<\/li>\n<li>Las horas punta son m\u00e1s activas que las horas valle.<\/li>\n<li>La traducci\u00f3n no es autom\u00e1tica, lo que puede suponer un obst\u00e1culo.<\/li>\n<li>La compatibilidad de las aplicaciones var\u00eda seg\u00fan el pa\u00eds.<\/li>\n<\/ul>\n<h2>Tandoo frente a otras plataformas de chat aleatorias<\/h2>\n<table>\n<thead>\n<tr>\n<th>Caracter\u00edstica<\/th>\n<th>Tandoo<\/th>\n<th>Omegle<\/th>\n<th>Chatroulette<\/th>\n<th>ChatHub<\/th>\n<th>LuckyCrush<\/th>\n<th>Azar<\/th>\n<\/tr>\n<\/thead>\n<tbody>\n<tr>\n<td>Random Video Chat con Desconocidos<\/td>\n<td>\u2705 S\u00ed<\/td>\n<td>\u2705 S\u00ed<\/td>\n<td>\u2705 S\u00ed<\/td>\n<td>\u2705 S\u00ed<\/td>\n<td>\u2705 S\u00ed<\/td>\n<td>\u2705 S\u00ed<\/td>\n<\/tr>\n<tr>\n<td>Filtros de g\u00e9nero\/ubicaci\u00f3n<\/td>\n<td>\u2705 S\u00ed<\/td>\n<td>\u274c No<\/td>\n<td>\u274c Limitada<\/td>\n<td>\u2705 S\u00ed<\/td>\n<td>\u2705 S\u00ed<\/td>\n<td>\u2705 S\u00ed<\/td>\n<\/tr>\n<tr>\n<td>Modo de previsualizaci\u00f3n de desenfoque<\/td>\n<td>\u2705 S\u00ed<\/td>\n<td>\u274c No<\/td>\n<td>\u274c No<\/td>\n<td>\u2705 S\u00ed<\/td>\n<td>\u274c No<\/td>\n<td>\u2705 S\u00ed<\/td>\n<\/tr>\n<tr>\n<td>Opci\u00f3n Amigo\/Reconexi\u00f3n<\/td>\n<td>\u2705 S\u00ed<\/td>\n<td>\u274c No<\/td>\n<td>\u274c No<\/td>\n<td>\u2705 S\u00ed<\/td>\n<td>\u2705 S\u00ed<\/td>\n<td>\u2705 S\u00ed<\/td>\n<\/tr>\n<tr>\n<td>Filtros y efectos AR<\/td>\n<td>\u2705 S\u00ed<\/td>\n<td>\u274c No<\/td>\n<td>\u274c No<\/td>\n<td>\u2705 S\u00ed<\/td>\n<td>\u274c No<\/td>\n<td>\u2705 S\u00ed<\/td>\n<\/tr>\n<tr>\n<td>Acceso multiplataforma<\/td>\n<td>\u2705 S\u00ed<\/td>\n<td>\u2705 S\u00ed<\/td>\n<td>\u2705 S\u00ed<\/td>\n<td>\u2705 S\u00ed<\/td>\n<td>\u2705 S\u00ed<\/td>\n<td>\u2705 S\u00ed<\/td>\n<\/tr>\n<\/tbody>\n<\/table>\n<p>Resumen: Tandoo se compara favorablemente con otras plataformas, ofreciendo una mezcla de filtros, efectos divertidos y caracter\u00edsticas de seguridad que lo convierten en uno de los servicios de chat aleatorio m\u00e1s vers\u00e1tiles disponibles.<\/p>\n<h2>\u00bfEs seguro el Tandoo?<\/h2>\n<p>Yes-Tandoo pone la seguridad en primer plano. La plataforma utiliza una mezcla de moderaci\u00f3n por IA y herramientas de informaci\u00f3n a la comunidad para mantener la seguridad y la diversi\u00f3n.<\/p>\n<h3>Caracter\u00edsticas de seguridad<\/h3>\n<ul>\n<li>Modo de desenfoque para controlar las primeras impresiones.<\/li>\n<li>Bloqueo\/denuncia r\u00e1pida de usuarios inapropiados.<\/li>\n<li>Chat an\u00f3nimo: no se necesitan datos personales.<\/li>\n<li>Moderaci\u00f3n activa contra contenidos expl\u00edcitos o nocivos.<\/li>\n<\/ul>\n<h3>Consejos de seguridad<\/h3>\n<ul>\n<li>Nunca compartas datos personales o financieros.<\/li>\n<li>Utiliza la previsualizaci\u00f3n del desenfoque antes de revelar toda la c\u00e1mara.<\/li>\n<li>Denuncia y bloquea a quienes incumplan las normas.<\/li>\n<li>Los padres deben vigilar a los usuarios m\u00e1s j\u00f3venes.<\/li>\n<\/ul>\n<h2>Consejos para aprovechar al m\u00e1ximo Tandoo<\/h2>\n<ul>\n<li>Pruebe los chats globales para ampliar sus horizontes culturales.<\/li>\n<li>Utilice filtros cuando desee interacciones espec\u00edficas.<\/li>\n<li>Experimenta con los efectos para un comienzo desenfadado.<\/li>\n<li>Mant\u00e9n una iluminaci\u00f3n clara para causar la mejor impresi\u00f3n.<\/li>\n<li>Con\u00e9ctese durante las horas punta para los usuarios m\u00e1s activos.<\/li>\n<li>S\u00e9 proactivo: denuncia los contenidos inapropiados para mantener la seguridad del espacio.<\/li>\n<\/ul>\n<h2>Problemas comunes y correcciones en Tandoo<\/h2>\n<h3>La c\u00e1mara y el micr\u00f3fono no funcionan<\/h3>\n<ul>\n<li>Permitir permisos en la configuraci\u00f3n del navegador\/aplicaci\u00f3n.<\/li>\n<li>Reinicia tu dispositivo si es necesario.<\/li>\n<\/ul>\n<h3>Mala calidad de v\u00eddeo<\/h3>\n<ul>\n<li>Utiliza una conexi\u00f3n Wi-Fi estable.<\/li>\n<li>Cierra las aplicaciones innecesarias en segundo plano.<\/li>\n<\/ul>\n<h3>No se pueden aplicar filtros<\/h3>\n<ul>\n<li>Aseg\u00farate de haber iniciado sesi\u00f3n (si es necesario).<\/li>\n<li>Algunos filtros pueden necesitar acceso premium.<\/li>\n<\/ul>\n<h3>Encuentros con usuarios ofensivos<\/h3>\n<ul>\n<li>Bloquear e informar inmediatamente.<\/li>\n<li>Pasa al siguiente partido con un solo clic.<\/li>\n<\/ul>\n<p>Si buscas una plataforma de videochat aleatorio moderna, fiable y atractiva, Tandoo te la ofrece. Es f\u00e1cil de usar, tiene suficientes caracter\u00edsticas para destacar y equilibra la espontaneidad con la seguridad. Aunque no tiene el reconocimiento de marca masivo de Omegle o Chatroulette, ofrece una alternativa fresca y segura que muchos usuarios prefieren.<\/p>\n<p>Tanto si est\u00e1s aqu\u00ed para re\u00edrte un rato, intercambiar cultura o para algo m\u00e1s personal, Tandoo crea un entorno en el que esas posibilidades parecen infinitas. Con su dise\u00f1o sencillo, filtros inteligentes y conexiones en tiempo real, es una gran adici\u00f3n a la rotaci\u00f3n de chats aleatorios de cualquiera.<\/p>\n<p>\u00bfListo para probarlo? Visita Tandoo, pulsa iniciar y descubre qui\u00e9n est\u00e1 esperando para chatear al otro lado de la pantalla.<\/p>","protected":false},"excerpt":{"rendered":"<p>In a world where online communication is increasingly polished and curated, platforms like Tandoo offer a welcome reminder of the excitement that comes with genuine, unscripted encounters. Instead of relying on pre-built profiles or filtered timelines, Tandoo focuses on what matters most\u2014real-time human interaction. With just one click, you can be face-to-face with someone new, [&hellip;]<\/p>\n","protected":false},"author":6,"featured_media":0,"parent":0,"menu_order":0,"comment_status":"closed","ping_status":"closed","template":"","meta":{"footnotes":""},"class_list":["post-10096","page","type-page","status-publish","hentry"],"yoast_head":"<!-- This site is optimized with the Yoast SEO plugin v27.6 - https:\/\/yoast.com\/product\/yoast-seo-wordpress\/ -->\n<title>Tandoo - Interactive Live Video Chat - TinyChat.com<\/title>\n<meta name=\"description\" content=\"Enjoying Tandoo? Join over 50,000,000 strangers on TinyChat! Turn on your cam and start meeting new people, or find a match.\" \/>\n<meta name=\"robots\" content=\"index, follow, max-snippet:-1, max-image-preview:large, max-video-preview:-1\" \/>\n<link rel=\"canonical\" href=\"https:\/\/tinychat.com\/es\/tandoo\/\" \/>\n<meta property=\"og:locale\" content=\"es_ES\" \/>\n<meta property=\"og:type\" content=\"article\" \/>\n<meta property=\"og:title\" content=\"Tandoo - Interactive Live Video Chat - TinyChat.com\" \/>\n<meta property=\"og:description\" content=\"Enjoying Tandoo? Join over 50,000,000 strangers on TinyChat! Turn on your cam and start meeting new people, or find a match.\" \/>\n<meta property=\"og:url\" content=\"https:\/\/tinychat.com\/es\/tandoo\/\" \/>\n<meta property=\"og:site_name\" content=\"TinyChat\" \/>\n<meta property=\"article:publisher\" content=\"https:\/\/www.facebook.com\/tinychat\" \/>\n<meta property=\"article:modified_time\" content=\"2025-08-18T08:06:15+00:00\" \/>\n<meta property=\"og:image\" content=\"https:\/\/tinychat.com\/wp-content\/uploads\/2020\/04\/Tinychat-logo-1280x284-new-black.png\" \/>\n\t<meta property=\"og:image:width\" content=\"1280\" \/>\n\t<meta property=\"og:image:height\" content=\"284\" \/>\n\t<meta property=\"og:image:type\" content=\"image\/png\" \/>\n<meta name=\"twitter:card\" content=\"summary_large_image\" \/>\n<meta name=\"twitter:site\" content=\"@tinychat\" \/>\n<meta name=\"twitter:label1\" content=\"Tiempo de lectura\" \/>\n\t<meta name=\"twitter:data1\" content=\"5 minutos\" \/>\n<script type=\"application\/ld+json\" class=\"yoast-schema-graph\">{\"@context\":\"https:\\\/\\\/schema.org\",\"@graph\":[{\"@type\":\"WebPage\",\"@id\":\"https:\\\/\\\/tinychat.com\\\/tandoo\\\/\",\"url\":\"https:\\\/\\\/tinychat.com\\\/tandoo\\\/\",\"name\":\"Tandoo - Interactive Live Video Chat - TinyChat.com\",\"isPartOf\":{\"@id\":\"https:\\\/\\\/tinychat.com\\\/#website\"},\"datePublished\":\"2025-08-18T07:20:25+00:00\",\"dateModified\":\"2025-08-18T08:06:15+00:00\",\"description\":\"Enjoying Tandoo? Join over 50,000,000 strangers on TinyChat! Turn on your cam and start meeting new people, or find a match.\",\"breadcrumb\":{\"@id\":\"https:\\\/\\\/tinychat.com\\\/tandoo\\\/#breadcrumb\"},\"inLanguage\":\"es\",\"potentialAction\":[{\"@type\":\"ReadAction\",\"target\":[\"https:\\\/\\\/tinychat.com\\\/tandoo\\\/\"]}]},{\"@type\":\"BreadcrumbList\",\"@id\":\"https:\\\/\\\/tinychat.com\\\/tandoo\\\/#breadcrumb\",\"itemListElement\":[{\"@type\":\"ListItem\",\"position\":1,\"name\":\"Home\",\"item\":\"https:\\\/\\\/tinychat.com\\\/\"},{\"@type\":\"ListItem\",\"position\":2,\"name\":\"Tandoo\"}]},{\"@type\":\"WebSite\",\"@id\":\"https:\\\/\\\/tinychat.com\\\/#website\",\"url\":\"https:\\\/\\\/tinychat.com\\\/\",\"name\":\"TinyChat\",\"description\":\"Random Video Chat with Strangers\",\"publisher\":{\"@id\":\"https:\\\/\\\/tinychat.com\\\/#organization\"},\"alternateName\":\"TinyChat.com\",\"potentialAction\":[{\"@type\":\"SearchAction\",\"target\":{\"@type\":\"EntryPoint\",\"urlTemplate\":\"https:\\\/\\\/tinychat.com\\\/?s={search_term_string}\"},\"query-input\":{\"@type\":\"PropertyValueSpecification\",\"valueRequired\":true,\"valueName\":\"search_term_string\"}}],\"inLanguage\":\"es\"},{\"@type\":\"Organization\",\"@id\":\"https:\\\/\\\/tinychat.com\\\/#organization\",\"name\":\"TinyChat\",\"alternateName\":\"TinyChat.com\",\"url\":\"https:\\\/\\\/tinychat.com\\\/\",\"logo\":{\"@type\":\"ImageObject\",\"inLanguage\":\"es\",\"@id\":\"https:\\\/\\\/tinychat.com\\\/#\\\/schema\\\/logo\\\/image\\\/\",\"url\":\"https:\\\/\\\/tinychat.com\\\/wp-content\\\/uploads\\\/2023\\\/11\\\/Tinychat-icon-square.png\",\"contentUrl\":\"https:\\\/\\\/tinychat.com\\\/wp-content\\\/uploads\\\/2023\\\/11\\\/Tinychat-icon-square.png\",\"width\":284,\"height\":284,\"caption\":\"TinyChat\"},\"image\":{\"@id\":\"https:\\\/\\\/tinychat.com\\\/#\\\/schema\\\/logo\\\/image\\\/\"},\"sameAs\":[\"https:\\\/\\\/www.facebook.com\\\/tinychat\",\"https:\\\/\\\/x.com\\\/tinychat\"]}]}<\/script>\n<!-- \/ Yoast SEO plugin. -->","yoast_head_json":{"title":"Tandoo - Videochat interactivo en directo - TinyChat.com","description":"\u00bfTe gusta Tandoo? \u00a1\u00danete a m\u00e1s de 50.000.000 de desconocidos en TinyChat! Enciende tu c\u00e1mara y empieza a conocer gente nueva, o encuentra una pareja.","robots":{"index":"index","follow":"follow","max-snippet":"max-snippet:-1","max-image-preview":"max-image-preview:large","max-video-preview":"max-video-preview:-1"},"canonical":"https:\/\/tinychat.com\/es\/tandoo\/","og_locale":"es_ES","og_type":"article","og_title":"Tandoo - Interactive Live Video Chat - TinyChat.com","og_description":"Enjoying Tandoo? Join over 50,000,000 strangers on TinyChat! Turn on your cam and start meeting new people, or find a match.","og_url":"https:\/\/tinychat.com\/es\/tandoo\/","og_site_name":"TinyChat","article_publisher":"https:\/\/www.facebook.com\/tinychat","article_modified_time":"2025-08-18T08:06:15+00:00","og_image":[{"width":1280,"height":284,"url":"https:\/\/tinychat.com\/wp-content\/uploads\/2020\/04\/Tinychat-logo-1280x284-new-black.png","type":"image\/png"}],"twitter_card":"summary_large_image","twitter_site":"@tinychat","twitter_misc":{"Tiempo de lectura":"5 minutos"},"schema":{"@context":"https:\/\/schema.org","@graph":[{"@type":"WebPage","@id":"https:\/\/tinychat.com\/tandoo\/","url":"https:\/\/tinychat.com\/tandoo\/","name":"Tandoo - Videochat interactivo en directo - TinyChat.com","isPartOf":{"@id":"https:\/\/tinychat.com\/#website"},"datePublished":"2025-08-18T07:20:25+00:00","dateModified":"2025-08-18T08:06:15+00:00","description":"\u00bfTe gusta Tandoo? \u00a1\u00danete a m\u00e1s de 50.000.000 de desconocidos en TinyChat! Enciende tu c\u00e1mara y empieza a conocer gente nueva, o encuentra una pareja.","breadcrumb":{"@id":"https:\/\/tinychat.com\/tandoo\/#breadcrumb"},"inLanguage":"es","potentialAction":[{"@type":"ReadAction","target":["https:\/\/tinychat.com\/tandoo\/"]}]},{"@type":"BreadcrumbList","@id":"https:\/\/tinychat.com\/tandoo\/#breadcrumb","itemListElement":[{"@type":"ListItem","position":1,"name":"Home","item":"https:\/\/tinychat.com\/"},{"@type":"ListItem","position":2,"name":"Tandoo"}]},{"@type":"WebSite","@id":"https:\/\/tinychat.com\/#website","url":"https:\/\/tinychat.com\/","name":"TinyChat","description":"Videochat aleatorio con desconocidos","publisher":{"@id":"https:\/\/tinychat.com\/#organization"},"alternateName":"TinyChat.com","potentialAction":[{"@type":"SearchAction","target":{"@type":"EntryPoint","urlTemplate":"https:\/\/tinychat.com\/?s={search_term_string}"},"query-input":{"@type":"PropertyValueSpecification","valueRequired":true,"valueName":"search_term_string"}}],"inLanguage":"es"},{"@type":"Organization","@id":"https:\/\/tinychat.com\/#organization","name":"TinyChat","alternateName":"TinyChat.com","url":"https:\/\/tinychat.com\/","logo":{"@type":"ImageObject","inLanguage":"es","@id":"https:\/\/tinychat.com\/#\/schema\/logo\/image\/","url":"https:\/\/tinychat.com\/wp-content\/uploads\/2023\/11\/Tinychat-icon-square.png","contentUrl":"https:\/\/tinychat.com\/wp-content\/uploads\/2023\/11\/Tinychat-icon-square.png","width":284,"height":284,"caption":"TinyChat"},"image":{"@id":"https:\/\/tinychat.com\/#\/schema\/logo\/image\/"},"sameAs":["https:\/\/www.facebook.com\/tinychat","https:\/\/x.com\/tinychat"]}]}},"_links":{"self":[{"href":"https:\/\/tinychat.com\/es\/wp-json\/wp\/v2\/pages\/10096","targetHints":{"allow":["GET"]}}],"collection":[{"href":"https:\/\/tinychat.com\/es\/wp-json\/wp\/v2\/pages"}],"about":[{"href":"https:\/\/tinychat.com\/es\/wp-json\/wp\/v2\/types\/page"}],"author":[{"embeddable":true,"href":"https:\/\/tinychat.com\/es\/wp-json\/wp\/v2\/users\/6"}],"replies":[{"embeddable":true,"href":"https:\/\/tinychat.com\/es\/wp-json\/wp\/v2\/comments?post=10096"}],"version-history":[{"count":3,"href":"https:\/\/tinychat.com\/es\/wp-json\/wp\/v2\/pages\/10096\/revisions"}],"predecessor-version":[{"id":13457,"href":"https:\/\/tinychat.com\/es\/wp-json\/wp\/v2\/pages\/10096\/revisions\/13457"}],"wp:attachment":[{"href":"https:\/\/tinychat.com\/es\/wp-json\/wp\/v2\/media?parent=10096"}],"curies":[{"name":"wp","href":"https:\/\/api.w.org\/{rel}","templated":true}]}}