{"id":10160,"date":"2025-10-21T11:40:58","date_gmt":"2025-10-21T09:40:58","guid":{"rendered":"https:\/\/tinychat.com\/?page_id=10160"},"modified":"2025-10-21T13:23:07","modified_gmt":"2025-10-21T11:23:07","slug":"chateek","status":"publish","type":"page","link":"https:\/\/tinychat.com\/es\/chateek\/","title":{"rendered":"Chateek"},"content":{"rendered":"<p>En una \u00e9poca en la que las redes sociales a menudo parecen pulidas, repetitivas e impersonales, Chateek recupera el elemento humano de la comunicaci\u00f3n en l\u00ednea: espont\u00e1nea, en directo y real. Es una plataforma de videochat aleatoria dise\u00f1ada para conectarte instant\u00e1neamente con desconocidos de todo el mundo. Sin registros, sin muros de pago ni pasos complicados: s\u00f3lo t\u00fa, tu c\u00e1mara y una cara nueva cada vez que haces clic en \u201cEmpezar\u201d.\u201d<\/p>\n<p>Creado para personas que disfrutan de conversaciones aut\u00e9nticas, Chateek ofrece videochat uno a uno gratuito en una interfaz limpia, r\u00e1pida y f\u00e1cil de usar. Tanto si quieres hacer amigos, practicar idiomas o simplemente conocer gente nueva, Chateek te ofrece una forma sencilla de establecer una conexi\u00f3n humana real en cualquier momento y lugar.<\/p>\n<p>Este an\u00e1lisis en profundidad abarca qu\u00e9 es Chateek, c\u00f3mo funciona, sus principales caracter\u00edsticas, experiencia de usuario, medidas de seguridad, comparaciones con competidores y consejos para aprovechar al m\u00e1ximo el tiempo en Internet.<\/p>\n<h2>\u00bfQu\u00e9 es Chateek?<\/h2>\n<p>Chateek es un sitio web de videochat aleatorio gratuito que conecta a usuarios de todo el mundo para mantener conversaciones instant\u00e1neas. Similar en concepto a Omegle, Chatroulette o Emerald Chat, empareja usuarios al azar para chatear cara a cara por v\u00eddeo o conversaciones de texto, promoviendo interacciones r\u00e1pidas y an\u00f3nimas.<\/p>\n<p>Lo que hace \u00fanico a Chateek es su combinaci\u00f3n de sencillez, alcance mundial y dise\u00f1o moderno. Funciona directamente en el navegador, sin necesidad de registro ni descargas, e incluye opciones para seleccionar pa\u00edses, idiomas o g\u00e9neros, caracter\u00edsticas que mejoran la personalizaci\u00f3n al tiempo que mantienen el anonimato.<\/p>\n<p>Es el punto intermedio perfecto entre los chats completamente aleatorios y las interacciones filtradas y basadas en temas, ya que ofrece libertad y flexibilidad.<\/p>\n<h2>Caracter\u00edsticas principales de Chateek<\/h2>\n<p>Chateek ofrece un equilibrio entre accesibilidad y funcionalidad, combinando la moderna tecnolog\u00eda de chat con la diversi\u00f3n espont\u00e1nea de las antiguas plataformas de chat.<\/p>\n<h3>1. Videochat aleatorio<\/h3>\n<ul>\n<li>Te conecta instant\u00e1neamente con desconocidos a trav\u00e9s de una webcam.<\/li>\n<li>Coincidencia de alta velocidad con v\u00eddeo y audio fluidos.<\/li>\n<li>No es necesario registrarse.<\/li>\n<\/ul>\n<h3>2. Opci\u00f3n de chat de texto<\/h3>\n<ul>\n<li>Modo integrado de s\u00f3lo texto para los usuarios que prefieren teclear.<\/li>\n<li>Ideal para conexiones con poco ancho de banda o usuarios preocupados por la privacidad.<\/li>\n<\/ul>\n<h3>3. Filtros de g\u00e9nero y pa\u00eds<\/h3>\n<ul>\n<li>Elija si desea chatear con hombres, mujeres o ambos.<\/li>\n<li>Seleccione entre docenas de pa\u00edses para localizar su experiencia.<\/li>\n<li>Facilita la b\u00fasqueda de usuarios que coincidan con tus preferencias.<\/li>\n<\/ul>\n<h3>4. Compatibilidad m\u00f3vil<\/h3>\n<ul>\n<li>Funciona perfectamente en navegadores m\u00f3viles.<\/li>\n<li>El dise\u00f1o responsivo se adapta autom\u00e1ticamente al tama\u00f1o de la pantalla.<\/li>\n<li>Ideal para chatear sobre la marcha.<\/li>\n<\/ul>\n<h3>5. Acceso instant\u00e1neo, sin registro<\/h3>\n<ul>\n<li>Completamente an\u00f3nimo: sin necesidad de cuentas ni datos personales.<\/li>\n<li>Las conversaciones desaparecen cuando te desconectas.<\/li>\n<\/ul>\n<h3>6. Compatibilidad con varios idiomas<\/h3>\n<ul>\n<li>Interfaz disponible en varios idiomas.<\/li>\n<li>Popular entre usuarios de Europa, Asia y Am\u00e9rica Latina.<\/li>\n<\/ul>\n<h3>7. Uso gratuito<\/h3>\n<ul>\n<li>100% chat de v\u00eddeo y texto gratis.<\/li>\n<li>No se requieren tarifas ocultas ni actualizaciones de pago.<\/li>\n<\/ul>\n<h2>C\u00f3mo utilizar Chateek<\/h2>\n<p>Chateek se centra en la velocidad y la sencillez, para que cualquiera pueda empezar a chatear en cuesti\u00f3n de segundos.<\/p>\n<h3>Paso 1: Visite el sitio web<\/h3>\n<p>Abre Chateek.com en tu navegador. Funciona en escritorio, tableta o m\u00f3vil sin instalaciones.<\/p>\n<h3>Paso 2: Activar la c\u00e1mara y el micr\u00f3fono<\/h3>\n<p>Permite que el sitio acceda a tu c\u00e1mara y micr\u00f3fono cuando se te solicite.<\/p>\n<h3>Paso 3: Seleccionar Preferencias (Opcional)<\/h3>\n<ul>\n<li>Elige un pa\u00eds para conectar con gente de esa regi\u00f3n.<\/li>\n<li>Establece filtros de g\u00e9nero si lo prefieres.<\/li>\n<\/ul>\n<h3>Paso 4: Haga clic en \"Iniciar\".<\/h3>\n<p>Te emparejar\u00e1s instant\u00e1neamente con otro usuario para una videoconferencia en directo.<\/p>\n<h3>Paso 5: Chatear, conectar o saltar<\/h3>\n<p>Si la conversaci\u00f3n no coincide, basta con hacer clic en \u201cSiguiente\u201d para seguir adelante y conocer a alguien nuevo.<\/p>\n<p>Eso es todo: sin registros ni esperas. Estar\u00e1s hablando con la gente en cuesti\u00f3n de segundos.<\/p>\n<h2>Experiencia de usuario en Chateek<\/h2>\n<p>Chateek se ha ganado elogios por su interfaz limpia, su rendimiento fiable y la variedad de opciones de chat.<\/p>\n<h3>Lo que les gusta a los usuarios<\/h3>\n<ul>\n<li>Acceso instant\u00e1neo: no se necesitan cuentas.<\/li>\n<li>Funciona bien en m\u00f3viles y ordenadores de sobremesa.<\/li>\n<li>Posibilidad de elegir filtros por pa\u00eds y sexo.<\/li>\n<li>Calidad de v\u00eddeo fluida y tiempos de conexi\u00f3n r\u00e1pidos.<\/li>\n<li>Dise\u00f1o sencillo e intuitivo con anuncios m\u00ednimos.<\/li>\n<\/ul>\n<h3>Donde los usuarios ven margen de mejora<\/h3>\n<ul>\n<li>Algunos filtros se limitan ocasionalmente durante las horas punta.<\/li>\n<li>Menor base de usuarios en determinadas regiones.<\/li>\n<li>No hay lista de amigos ni funci\u00f3n de reconexi\u00f3n.<\/li>\n<li>Ca\u00eddas ocasionales de la conexi\u00f3n de datos m\u00f3viles.<\/li>\n<\/ul>\n<p>Aun as\u00ed, la mayor\u00eda de los usuarios aprecian el dise\u00f1o sencillo de Chateek y su equilibrio entre libertad de chat aleatorio y control personalizable.<\/p>\n<h2>Chateek frente a otras plataformas de chat<\/h2>\n<p>Compara Chateek con otros sitios de chat aleatorios importantes:<\/p>\n<table>\n<thead>\n<tr>\n<th>Caracter\u00edstica<\/th>\n<th>Chateek<\/th>\n<th>Omegle<\/th>\n<th>Chatroulette<\/th>\n<th>ChatHub<\/th>\n<th>Emerald Chat<\/th>\n<th>Chatingly<\/th>\n<\/tr>\n<\/thead>\n<tbody>\n<tr>\n<td>Random Video Chat con Desconocidos<\/td>\n<td>\u2705 S\u00ed<\/td>\n<td>\u2705 S\u00ed<\/td>\n<td>\u2705 S\u00ed<\/td>\n<td>\u2705 S\u00ed<\/td>\n<td>\u2705 S\u00ed<\/td>\n<td>\u2705 S\u00ed<\/td>\n<\/tr>\n<tr>\n<td>Opci\u00f3n de chat de texto<\/td>\n<td>\u2705 S\u00ed<\/td>\n<td>\u2705 S\u00ed<\/td>\n<td>\u2705 S\u00ed<\/td>\n<td>\u2705 S\u00ed<\/td>\n<td>\u2705 S\u00ed<\/td>\n<td>\u2705 S\u00ed<\/td>\n<\/tr>\n<tr>\n<td>Filtros de g\u00e9nero\/ubicaci\u00f3n<\/td>\n<td>\u2705 S\u00ed<\/td>\n<td>\u274c No<\/td>\n<td>\u2705 Limitada<\/td>\n<td>\u2705 S\u00ed<\/td>\n<td>\u2705 S\u00ed<\/td>\n<td>\u274c No<\/td>\n<\/tr>\n<tr>\n<td>Inscripci\u00f3n obligatoria<\/td>\n<td>\u274c No<\/td>\n<td>\u274c No<\/td>\n<td>\u274c No<\/td>\n<td>\u2705 Opcional<\/td>\n<td>\u2705 Opcional<\/td>\n<td>\u274c No<\/td>\n<\/tr>\n<tr>\n<td>Compatible con m\u00f3viles<\/td>\n<td>\u2705 S\u00ed<\/td>\n<td>\u2705 S\u00ed<\/td>\n<td>\u2705 S\u00ed<\/td>\n<td>\u2705 S\u00ed<\/td>\n<td>\u2705 S\u00ed<\/td>\n<td>\u2705 S\u00ed<\/td>\n<\/tr>\n<tr>\n<td>Uso gratuito<\/td>\n<td>\u2705 Siempre<\/td>\n<td>\u2705 Siempre<\/td>\n<td>\u2705 Siempre<\/td>\n<td>\u2705 S\u00ed<\/td>\n<td>\u2705 S\u00ed<\/td>\n<td>\u2705 S\u00ed<\/td>\n<\/tr>\n<\/tbody>\n<\/table>\n<p>Resumen: Chateek combina la libertad de Omegle con el poder de filtrado de ChatHub, dando a los usuarios m\u00e1s control mientras se mantiene todo an\u00f3nimo y libre.<\/p>\n<h2>\u00bfEs seguro el Chateek?<\/h2>\n<p>Como todas las plataformas de chat aleatorio, Chateek fomenta la interacci\u00f3n abierta, pero con la privacidad como eje central. Aunque la plataforma no recopila datos personales, los usuarios deben ser precavidos.<\/p>\n<h3>Funciones de seguridad integradas<\/h3>\n<ul>\n<li>Acceso an\u00f3nimo sin registro.<\/li>\n<li>Las conversaciones no se guardan ni almacenan.<\/li>\n<li>Opci\u00f3n de saltar o desconectar al instante.<\/li>\n<li>Herramientas de denuncia disponibles para comportamientos inadecuados.<\/li>\n<\/ul>\n<h3>Consejos de seguridad para los usuarios<\/h3>\n<ul>\n<li>Nunca compartas informaci\u00f3n personal (nombre real, direcci\u00f3n, datos de contacto).<\/li>\n<li>Evite mostrar en c\u00e1mara un entorno identificable.<\/li>\n<li>Desconecta inmediatamente de las conversaciones inc\u00f3modas.<\/li>\n<li>Utiliza bien los filtros de g\u00e9nero\/pa\u00eds para dar forma a tu experiencia.<\/li>\n<li>Los padres deben supervisar a los menores.<\/li>\n<li>Considere la posibilidad de utilizar una VPN para mayor privacidad.<\/li>\n<\/ul>\n<p>Cuando se utiliza de forma responsable, Chateek ofrece un entorno seguro y an\u00f3nimo para la interacci\u00f3n social.<\/p>\n<h2>Consejos para sacar el m\u00e1ximo partido al Chateek<\/h2>\n<ul>\n<li>Intenta charlar con gente de otros pa\u00edses: es una forma estupenda de conocer otras culturas.<\/li>\n<li>Utiliza auriculares para tener un sonido m\u00e1s claro y privacidad.<\/li>\n<li>Una buena iluminaci\u00f3n mejora la calidad del v\u00eddeo y la primera impresi\u00f3n.<\/li>\n<li>Chatea durante las horas punta (tardes\/fin de semana) para conseguir partidos m\u00e1s r\u00e1pidos.<\/li>\n<li>S\u00e9 amable y respetuoso: los usuarios aut\u00e9nticos responden mejor a la energ\u00eda positiva.<\/li>\n<li>Utiliza el bot\u00f3n de salto libremente: no pierdas tiempo en partidos malos.<\/li>\n<\/ul>\n<p>Estos consejos le ayudar\u00e1n a que su experiencia con el Chateek sea m\u00e1s fluida, atractiva y agradable.<\/p>\n<h2>Problemas comunes y soluciones<\/h2>\n<h3>Problema: La c\u00e1mara o el micr\u00f3fono no funcionan<\/h3>\n<ul>\n<li>Comprueba los permisos del navegador para Chateek.<\/li>\n<li>Cierra otras aplicaciones que utilicen tu c\u00e1mara.<\/li>\n<li>Actualice la p\u00e1gina o reinicie el navegador.<\/li>\n<\/ul>\n<h3>Problema: largas esperas para los partidos<\/h3>\n<ul>\n<li>Prueba a eliminar filtros para ampliar tu alcance.<\/li>\n<li>Utilice la plataforma en horario de tarde en su regi\u00f3n.<\/li>\n<\/ul>\n<h3>Problema: Retrasos o ca\u00eddas de conexi\u00f3n<\/h3>\n<ul>\n<li>Cambia a Wi-Fi si est\u00e1s utilizando datos m\u00f3viles.<\/li>\n<li>Cierre las pesta\u00f1as o programas en segundo plano que no utilice.<\/li>\n<\/ul>\n<h3>Problema: encuentro con usuarios inadecuados<\/h3>\n<ul>\n<li>Salta inmediatamente.<\/li>\n<li>Informar del comportamiento si se dispone de herramientas.<\/li>\n<\/ul>\n<h2>Por qu\u00e9 la gente elige Chateek<\/h2>\n<p>A la gente le encanta Chateek porque combina accesibilidad, control y diversi\u00f3n, todo ello sin coste alguno.<\/p>\n<p>Lo eligen por:<\/p>\n<ul>\n<li>Acceso gratuito sin necesidad de registrarse.<\/li>\n<li>Conexiones de v\u00eddeo r\u00e1pidas y fiables.<\/li>\n<li>Filtros opcionales para un mejor emparejamiento.<\/li>\n<li>Compatibilidad m\u00f3vil para chatear en cualquier lugar.<\/li>\n<li>Entorno an\u00f3nimo y seguro.<\/li>\n<\/ul>\n<p>Es especialmente popular entre los usuarios que disfrutaron con plataformas como Omegle o Chatroulette pero quieren una alternativa m\u00e1s fresca, segura y f\u00e1cil de usar.<\/p>\n<h2>Reflexiones finales: \u00bfMerece la pena utilizar Chateek?<\/h2>\n<p>Si buscas una plataforma de videochat aleatorio gratuito que equilibre anonimato, sencillez y dise\u00f1o moderno, merece la pena probar Chateek. Re\u00fane las mejores caracter\u00edsticas de las plataformas de chat m\u00e1s antiguas con nuevos niveles de accesibilidad y control.<\/p>\n<p>A diferencia de las aplicaciones que requieren registrarse u ocultan funciones b\u00e1sicas tras muros de pago, Chateek se centra exclusivamente en conversaciones reales entre personas reales. Puedes conectarte, hacer clic y encontrar al instante a alguien con quien hablar, ya sea para un saludo r\u00e1pido o para una conversaci\u00f3n profunda sobre la vida en todo el mundo.<\/p>\n<p>Tanto si quieres:<\/p>\n<ul>\n<li>Conocer gente nueva,<\/li>\n<li>Explore las conversaciones internacionales,<\/li>\n<li>O simplemente disfrutar de una charla amistosa al azar...<\/li>\n<\/ul>\n<p>Chateek lo hace f\u00e1cil, seguro y completamente gratis.<\/p>\n<p>En resumen: Chateek es un moderno servicio de videochat aleatorio basado en navegador que te permite conectar instant\u00e1neamente con desconocidos de todo el mundo, ofreciendo acceso gratuito, filtros y compatibilidad m\u00f3vil en una plataforma f\u00e1cil de usar.<\/p>\n<p>\u00bfListo para conocer a alguien nuevo? Visita Chateek, haz clic en \u201cEmpezar\u201d y descubre ad\u00f3nde te lleva tu pr\u00f3xima conversaci\u00f3n.<\/p>","protected":false},"excerpt":{"rendered":"<p>In a time when social media often feels polished, repetitive, and impersonal, Chateek brings back the human element of online communication \u2014 spontaneous, live, and real. It\u2019s a random video chat platform designed to connect you instantly with strangers from all over the world. No sign-ups, no paywalls, and no complicated steps \u2014 just you, [&hellip;]<\/p>\n","protected":false},"author":6,"featured_media":0,"parent":0,"menu_order":0,"comment_status":"closed","ping_status":"closed","template":"","meta":{"footnotes":""},"class_list":["post-10160","page","type-page","status-publish","hentry"],"yoast_head":"<!-- This site is optimized with the Yoast SEO plugin v27.4 - https:\/\/yoast.com\/product\/yoast-seo-wordpress\/ -->\n<title>Chateek - Online Chat in Real Time - TinyChat.com<\/title>\n<meta name=\"description\" content=\"Enjoying Chateek? Join over 50,000,000 strangers on TinyChat! Turn on your cam and start meeting new people, or find a match.\" \/>\n<meta name=\"robots\" content=\"index, follow, max-snippet:-1, max-image-preview:large, max-video-preview:-1\" \/>\n<link rel=\"canonical\" href=\"https:\/\/tinychat.com\/es\/chateek\/\" \/>\n<meta property=\"og:locale\" content=\"es_ES\" \/>\n<meta property=\"og:type\" content=\"article\" \/>\n<meta property=\"og:title\" content=\"Chateek - Online Chat in Real Time - TinyChat.com\" \/>\n<meta property=\"og:description\" content=\"Enjoying Chateek? Join over 50,000,000 strangers on TinyChat! Turn on your cam and start meeting new people, or find a match.\" \/>\n<meta property=\"og:url\" content=\"https:\/\/tinychat.com\/es\/chateek\/\" \/>\n<meta property=\"og:site_name\" content=\"TinyChat\" \/>\n<meta property=\"article:publisher\" content=\"https:\/\/www.facebook.com\/tinychat\" \/>\n<meta property=\"article:modified_time\" content=\"2025-10-21T11:23:07+00:00\" \/>\n<meta property=\"og:image\" content=\"https:\/\/tinychat.com\/wp-content\/uploads\/2020\/04\/Tinychat-logo-1280x284-new-black.png\" \/>\n\t<meta property=\"og:image:width\" content=\"1280\" \/>\n\t<meta property=\"og:image:height\" content=\"284\" \/>\n\t<meta property=\"og:image:type\" content=\"image\/png\" \/>\n<meta name=\"twitter:card\" content=\"summary_large_image\" \/>\n<meta name=\"twitter:site\" content=\"@tinychat\" \/>\n<meta name=\"twitter:label1\" content=\"Tiempo de lectura\" \/>\n\t<meta name=\"twitter:data1\" content=\"6 minutos\" \/>\n<script type=\"application\/ld+json\" class=\"yoast-schema-graph\">{\"@context\":\"https:\\\/\\\/schema.org\",\"@graph\":[{\"@type\":\"WebPage\",\"@id\":\"https:\\\/\\\/tinychat.com\\\/chateek\\\/\",\"url\":\"https:\\\/\\\/tinychat.com\\\/chateek\\\/\",\"name\":\"Chateek - Online Chat in Real Time - TinyChat.com\",\"isPartOf\":{\"@id\":\"https:\\\/\\\/tinychat.com\\\/#website\"},\"datePublished\":\"2025-10-21T09:40:58+00:00\",\"dateModified\":\"2025-10-21T11:23:07+00:00\",\"description\":\"Enjoying Chateek? Join over 50,000,000 strangers on TinyChat! Turn on your cam and start meeting new people, or find a match.\",\"breadcrumb\":{\"@id\":\"https:\\\/\\\/tinychat.com\\\/chateek\\\/#breadcrumb\"},\"inLanguage\":\"es\",\"potentialAction\":[{\"@type\":\"ReadAction\",\"target\":[\"https:\\\/\\\/tinychat.com\\\/chateek\\\/\"]}]},{\"@type\":\"BreadcrumbList\",\"@id\":\"https:\\\/\\\/tinychat.com\\\/chateek\\\/#breadcrumb\",\"itemListElement\":[{\"@type\":\"ListItem\",\"position\":1,\"name\":\"Home\",\"item\":\"https:\\\/\\\/tinychat.com\\\/\"},{\"@type\":\"ListItem\",\"position\":2,\"name\":\"Chateek\"}]},{\"@type\":\"WebSite\",\"@id\":\"https:\\\/\\\/tinychat.com\\\/#website\",\"url\":\"https:\\\/\\\/tinychat.com\\\/\",\"name\":\"TinyChat\",\"description\":\"Random Video Chat with Strangers\",\"publisher\":{\"@id\":\"https:\\\/\\\/tinychat.com\\\/#organization\"},\"alternateName\":\"TinyChat.com\",\"potentialAction\":[{\"@type\":\"SearchAction\",\"target\":{\"@type\":\"EntryPoint\",\"urlTemplate\":\"https:\\\/\\\/tinychat.com\\\/?s={search_term_string}\"},\"query-input\":{\"@type\":\"PropertyValueSpecification\",\"valueRequired\":true,\"valueName\":\"search_term_string\"}}],\"inLanguage\":\"es\"},{\"@type\":\"Organization\",\"@id\":\"https:\\\/\\\/tinychat.com\\\/#organization\",\"name\":\"TinyChat\",\"alternateName\":\"TinyChat.com\",\"url\":\"https:\\\/\\\/tinychat.com\\\/\",\"logo\":{\"@type\":\"ImageObject\",\"inLanguage\":\"es\",\"@id\":\"https:\\\/\\\/tinychat.com\\\/#\\\/schema\\\/logo\\\/image\\\/\",\"url\":\"https:\\\/\\\/tinychat.com\\\/wp-content\\\/uploads\\\/2023\\\/11\\\/Tinychat-icon-square.png\",\"contentUrl\":\"https:\\\/\\\/tinychat.com\\\/wp-content\\\/uploads\\\/2023\\\/11\\\/Tinychat-icon-square.png\",\"width\":284,\"height\":284,\"caption\":\"TinyChat\"},\"image\":{\"@id\":\"https:\\\/\\\/tinychat.com\\\/#\\\/schema\\\/logo\\\/image\\\/\"},\"sameAs\":[\"https:\\\/\\\/www.facebook.com\\\/tinychat\",\"https:\\\/\\\/x.com\\\/tinychat\"]}]}<\/script>\n<!-- \/ Yoast SEO plugin. -->","yoast_head_json":{"title":"Chateek - Chat en l\u00ednea en tiempo real - TinyChat.com","description":"\u00bfTe gusta Chateek? \u00a1\u00danete a m\u00e1s de 50.000.000 de desconocidos en TinyChat! Enciende tu c\u00e1mara y empieza a conocer gente nueva, o encuentra una pareja.","robots":{"index":"index","follow":"follow","max-snippet":"max-snippet:-1","max-image-preview":"max-image-preview:large","max-video-preview":"max-video-preview:-1"},"canonical":"https:\/\/tinychat.com\/es\/chateek\/","og_locale":"es_ES","og_type":"article","og_title":"Chateek - Online Chat in Real Time - TinyChat.com","og_description":"Enjoying Chateek? Join over 50,000,000 strangers on TinyChat! Turn on your cam and start meeting new people, or find a match.","og_url":"https:\/\/tinychat.com\/es\/chateek\/","og_site_name":"TinyChat","article_publisher":"https:\/\/www.facebook.com\/tinychat","article_modified_time":"2025-10-21T11:23:07+00:00","og_image":[{"width":1280,"height":284,"url":"https:\/\/tinychat.com\/wp-content\/uploads\/2020\/04\/Tinychat-logo-1280x284-new-black.png","type":"image\/png"}],"twitter_card":"summary_large_image","twitter_site":"@tinychat","twitter_misc":{"Tiempo de lectura":"6 minutos"},"schema":{"@context":"https:\/\/schema.org","@graph":[{"@type":"WebPage","@id":"https:\/\/tinychat.com\/chateek\/","url":"https:\/\/tinychat.com\/chateek\/","name":"Chateek - Chat en l\u00ednea en tiempo real - TinyChat.com","isPartOf":{"@id":"https:\/\/tinychat.com\/#website"},"datePublished":"2025-10-21T09:40:58+00:00","dateModified":"2025-10-21T11:23:07+00:00","description":"\u00bfTe gusta Chateek? \u00a1\u00danete a m\u00e1s de 50.000.000 de desconocidos en TinyChat! Enciende tu c\u00e1mara y empieza a conocer gente nueva, o encuentra una pareja.","breadcrumb":{"@id":"https:\/\/tinychat.com\/chateek\/#breadcrumb"},"inLanguage":"es","potentialAction":[{"@type":"ReadAction","target":["https:\/\/tinychat.com\/chateek\/"]}]},{"@type":"BreadcrumbList","@id":"https:\/\/tinychat.com\/chateek\/#breadcrumb","itemListElement":[{"@type":"ListItem","position":1,"name":"Home","item":"https:\/\/tinychat.com\/"},{"@type":"ListItem","position":2,"name":"Chateek"}]},{"@type":"WebSite","@id":"https:\/\/tinychat.com\/#website","url":"https:\/\/tinychat.com\/","name":"TinyChat","description":"Videochat aleatorio con desconocidos","publisher":{"@id":"https:\/\/tinychat.com\/#organization"},"alternateName":"TinyChat.com","potentialAction":[{"@type":"SearchAction","target":{"@type":"EntryPoint","urlTemplate":"https:\/\/tinychat.com\/?s={search_term_string}"},"query-input":{"@type":"PropertyValueSpecification","valueRequired":true,"valueName":"search_term_string"}}],"inLanguage":"es"},{"@type":"Organization","@id":"https:\/\/tinychat.com\/#organization","name":"TinyChat","alternateName":"TinyChat.com","url":"https:\/\/tinychat.com\/","logo":{"@type":"ImageObject","inLanguage":"es","@id":"https:\/\/tinychat.com\/#\/schema\/logo\/image\/","url":"https:\/\/tinychat.com\/wp-content\/uploads\/2023\/11\/Tinychat-icon-square.png","contentUrl":"https:\/\/tinychat.com\/wp-content\/uploads\/2023\/11\/Tinychat-icon-square.png","width":284,"height":284,"caption":"TinyChat"},"image":{"@id":"https:\/\/tinychat.com\/#\/schema\/logo\/image\/"},"sameAs":["https:\/\/www.facebook.com\/tinychat","https:\/\/x.com\/tinychat"]}]}},"_links":{"self":[{"href":"https:\/\/tinychat.com\/es\/wp-json\/wp\/v2\/pages\/10160","targetHints":{"allow":["GET"]}}],"collection":[{"href":"https:\/\/tinychat.com\/es\/wp-json\/wp\/v2\/pages"}],"about":[{"href":"https:\/\/tinychat.com\/es\/wp-json\/wp\/v2\/types\/page"}],"author":[{"embeddable":true,"href":"https:\/\/tinychat.com\/es\/wp-json\/wp\/v2\/users\/6"}],"replies":[{"embeddable":true,"href":"https:\/\/tinychat.com\/es\/wp-json\/wp\/v2\/comments?post=10160"}],"version-history":[{"count":3,"href":"https:\/\/tinychat.com\/es\/wp-json\/wp\/v2\/pages\/10160\/revisions"}],"predecessor-version":[{"id":13563,"href":"https:\/\/tinychat.com\/es\/wp-json\/wp\/v2\/pages\/10160\/revisions\/13563"}],"wp:attachment":[{"href":"https:\/\/tinychat.com\/es\/wp-json\/wp\/v2\/media?parent=10160"}],"curies":[{"name":"wp","href":"https:\/\/api.w.org\/{rel}","templated":true}]}}