{"id":10206,"date":"2025-05-30T14:48:39","date_gmt":"2025-05-30T12:48:39","guid":{"rendered":"https:\/\/tinychat.com\/?page_id=10206"},"modified":"2025-07-07T18:31:23","modified_gmt":"2025-07-07T16:31:23","slug":"joingy","status":"publish","type":"page","link":"https:\/\/tinychat.com\/es\/joingy\/","title":{"rendered":"Joingy"},"content":{"rendered":"<p>Joingy se ha hecho un hueco ofreciendo una plataforma que apuesta por la velocidad, la sencillez y el anonimato. Si lo que buscas es entablar una conversaci\u00f3n instant\u00e1nea con una persona cualquiera, Joingy es la soluci\u00f3n. <a href=\"https:\/\/tinychat.com\/es\/strangercam\/\">extra\u00f1o<\/a> - sin perfiles, sin descargas, sin complicaciones - Joingy podr\u00eda ser el <a href=\"https:\/\/tinychat.com\/es\/chatroulette\/\">chat<\/a> sitio que busca.<\/p>\n<p>Centrado principalmente en v\u00eddeos y textos aleatorios <a href=\"https:\/\/tinychat.com\/es\/chatroulette\/\">chat<\/a>Joingy ofrece una experiencia limpia y eficaz a los usuarios que desean interactuar en tiempo real con personas de todo el mundo. Ya sea por diversi\u00f3n, para conocer gente nueva o simplemente para matar el tiempo, Joingy es una plataforma ideal para entablar conversaciones espont\u00e1neas.<\/p>\n<p>En esta completa gu\u00eda, exploraremos qu\u00e9 es el Joingy, sus caracter\u00edsticas m\u00e1s destacadas, c\u00f3mo se compara con sus competidores, consideraciones de seguridad y c\u00f3mo sacar el m\u00e1ximo partido de su experiencia en este cada vez m\u00e1s popular. <a href=\"https:\/\/tinychat.com\/es\/strangercam\/\">extra\u00f1o<\/a> <a href=\"https:\/\/tinychat.com\/es\/chatroulette\/\">chat<\/a> sitio.<\/p>\n<h2>\u00bfQu\u00e9 es Joingy?<\/h2>\n<p>Joingy es un servicio gratuito y an\u00f3nimo de v\u00eddeo y texto. <a href=\"https:\/\/tinychat.com\/es\/chatroulette\/\">chat<\/a> que conecta a usuarios al azar para mantener conversaciones en tiempo real. Como <a href=\"https:\/\/tinychat.com\/es\/omegle\/\">Omegle<\/a> y <a href=\"https:\/\/tinychat.com\/es\/chatroulette\/\">Chatroulette<\/a>No es necesario registrarse ni crear un perfil: los usuarios s\u00f3lo tienen que seleccionar un perfil. <a href=\"https:\/\/tinychat.com\/es\/chatroulette\/\">chat<\/a> y se emparejan al instante con un <a href=\"https:\/\/tinychat.com\/es\/strangercam\/\">extra\u00f1o<\/a>.<\/p>\n<p>Lo que distingue a Joingy es su enfoque en la b\u00fasqueda r\u00e1pida de v\u00eddeos de uno en uno, junto con un filtrado opcional basado en intereses y un dise\u00f1o elegante y adaptable que funciona bien en ordenadores de sobremesa y m\u00f3viles.<\/p>\n<p>Aunque no ofrece <a href=\"https:\/\/tinychat.com\/es\/chatroulette\/\">chat<\/a> o funciones avanzadas de comunidad, Joingy hace lo que hace muy bien: facilitar interacciones privadas y an\u00f3nimas entre dos personas a la vez.<\/p>\n<h2>Caracter\u00edsticas principales de Joingy<\/h2>\n<p>Joingy es muy sencillo, y ah\u00ed radica gran parte de su atractivo. Estas son las principales caracter\u00edsticas de la plataforma:<\/p>\n<h3>1. V\u00eddeo instant\u00e1neo o chat de texto<\/h3>\n<p>El coraz\u00f3n de Joingy es su uno-a-uno <a href=\"https:\/\/tinychat.com\/es\/chatroulette\/\">chat<\/a> sistema. Nada m\u00e1s entrar en el sitio, puede elegir entre s\u00f3lo texto o v\u00eddeo. <a href=\"https:\/\/tinychat.com\/es\/chatroulette\/\">chat<\/a>y, a continuaci\u00f3n, haga clic en \"Inicio\" para conectarse al instante con un <a href=\"https:\/\/tinychat.com\/es\/strangercam\/\">extra\u00f1o<\/a>.<\/p>\n<p>La interfaz es r\u00e1pida, ligera y est\u00e1 dise\u00f1ada para funcionar sin retrasos, incluso en conexiones lentas.<\/p>\n<h3>2. Etiquetas de inter\u00e9s (concordancia de palabras clave)<\/h3>\n<p>Para mejorar las posibilidades de una interacci\u00f3n significativa, Joingy ofrece una b\u00fasqueda de contactos basada en intereses. Antes de iniciar una sesi\u00f3n, los usuarios pueden introducir una o varias palabras clave o temas. El sistema intentar\u00e1 emparejarte con otras personas que hayan introducido intereses similares.<\/p>\n<p>Esta funci\u00f3n es ideal para quienes buscan debatir sobre temas espec\u00edficos, conocer a usuarios afines o evitar conversaciones completamente aleatorias.<\/p>\n<h3>3. An\u00f3nimo por defecto<\/h3>\n<p>Joingy no requiere ninguna informaci\u00f3n personal para su uso. No hay inicio de sesi\u00f3n, ni cuenta, ni captura de correo electr\u00f3nico. Simplemente eres identificado como \"Extra\u00f1o\" ante los dem\u00e1s, y tu sesi\u00f3n es temporal y desechable.<\/p>\n<p>Este anonimato es uno de los valores fundamentales de Joingy, ya que permite una comunicaci\u00f3n honesta y sin filtros, sin la presi\u00f3n de la identidad o de una conexi\u00f3n a largo plazo.<\/p>\n<h3>4. Navegador y m\u00f3vil<\/h3>\n<p>No necesita ninguna aplicaci\u00f3n. Joingy se ejecuta completamente en su navegador, con una interfaz m\u00f3vil que funciona perfectamente en tel\u00e9fonos y tabletas.<\/p>\n<p>Aunque la plataforma no ofrece aplicaciones m\u00f3viles (iOS\/Android), su versi\u00f3n web est\u00e1 totalmente optimizada para pantallas peque\u00f1as e interacci\u00f3n t\u00e1ctil.<\/p>\n<h3>5. Salto autom\u00e1tico y reconexi\u00f3n r\u00e1pida<\/h3>\n<p>No disfrutar de su actual <a href=\"https:\/\/tinychat.com\/es\/chatroulette\/\">chat<\/a>? S\u00f3lo tienes que hacer clic en \"Siguiente\" para que te emparejen al instante con alguien nuevo. Joingy hace hincapi\u00e9 en la velocidad, por lo que no hay pantalla de carga ni retraso al pasar a la siguiente conexi\u00f3n.<\/p>\n<p>Tambi\u00e9n puedes volver a activar o desactivar la c\u00e1mara y el micr\u00f3fono en cualquier momento de la sesi\u00f3n.<\/p>\n<h2>C\u00f3mo utilizar Joingy<\/h2>\n<p>Empezar a utilizar Joingy no puede ser m\u00e1s sencillo. Aqu\u00ed tienes una gu\u00eda paso a paso para utilizar la plataforma:<\/p>\n<h3>Paso 1: Visite el sitio web<\/h3>\n<p>Visita joingy.com con cualquier navegador moderno. Ir\u00e1s directamente a la p\u00e1gina principal <a href=\"https:\/\/tinychat.com\/es\/chatroulette\/\">chat<\/a> interfaz.<\/p>\n<h3>Paso 2: Elegir el modo de chat<\/h3>\n<p>Seleccione entre:<\/p>\n<ul>\n<li>V\u00eddeo <a href=\"https:\/\/tinychat.com\/es\/chatroulette\/\">Chat<\/a><\/li>\n<li>Texto <a href=\"https:\/\/tinychat.com\/es\/chatroulette\/\">Chat<\/a><\/li>\n<\/ul>\n<p>Tendr\u00e1s que conceder acceso a la c\u00e1mara y al micr\u00f3fono para el v\u00eddeo <a href=\"https:\/\/tinychat.com\/es\/chatroulette\/\">chat<\/a>.<\/p>\n<h3>Paso 3: A\u00f1adir etiquetas de inter\u00e9s (opcional)<\/h3>\n<p>Escribe temas que te interesen, por ejemplo: \"m\u00fasica\", \"anime\", \"filosof\u00eda\" o \"gente divertida\". Esto ayuda al sistema a emparejarte con otras personas que comparten etiquetas similares.<\/p>\n<h3>Paso 4: Haga clic en \"Iniciar\".<\/h3>\n<p>Una vez que est\u00e9 listo, haga clic en \"Inicio\" y se conectar\u00e1 a un <a href=\"https:\/\/tinychat.com\/es\/strangercam\/\">extra\u00f1o<\/a> al instante. En <a href=\"https:\/\/tinychat.com\/es\/chatroulette\/\">chat<\/a> mostrar\u00e1 tu v\u00eddeo y el de ellos (si utilizas v\u00eddeo), junto con una sencilla interfaz de mensajes.<\/p>\n<h3>Paso 5: Saltar o finalizar el chat<\/h3>\n<p>Puedes abandonar la conversaci\u00f3n en cualquier momento haciendo clic en \"Saltar\" para pasar a una nueva <a href=\"https:\/\/tinychat.com\/es\/strangercam\/\">extra\u00f1o<\/a> o \"Stop\" para finalizar la sesi\u00f3n por completo.<\/p>\n<h2>Experiencia de usuario en Joingy<\/h2>\n<p>Joingy se centra en la velocidad, la sencillez y un dise\u00f1o limpio. Para quienes est\u00e1n acostumbrados a interfaces toscas o a la publicidad <a href=\"https:\/\/tinychat.com\/es\/chatroulette\/\">chat<\/a> Joingy da una sensaci\u00f3n refrescante de modernidad y suavidad.<\/p>\n<h3>Lo que les gusta a los usuarios<\/h3>\n<ul>\n<li>Dise\u00f1o minimalista sin distracciones<\/li>\n<li>Emparejamiento r\u00e1pido y sin retrasos<\/li>\n<li>No es necesario registrarse<\/li>\n<li>Las etiquetas de inter\u00e9s ayudan a guiar la conversaci\u00f3n<\/li>\n<li>Funciona igual de bien en ordenadores de sobremesa y m\u00f3viles<\/li>\n<\/ul>\n<h3>Qu\u00e9 podr\u00eda mejorarse<\/h3>\n<ul>\n<li>No hay aplicaci\u00f3n m\u00f3vil: s\u00f3lo navegador<\/li>\n<li>No hay perfiles de usuario, lista de amigos o <a href=\"https:\/\/tinychat.com\/es\/chatroulette\/\">chat<\/a> historia<\/li>\n<li>No hay herramientas de moderaci\u00f3n para los usuarios (por ejemplo, bot\u00f3n de denuncia)<\/li>\n<li>Todav\u00eda se cuelan algunos bots o trolls<\/li>\n<\/ul>\n<h2>Opiniones reales de usuarios<\/h2>\n<blockquote><p>\"Sinceramente, Joingy es r\u00e1pido y limpio. No necesito registrarme y puedo estar hablando con alguien en menos de cinco segundos\".<br \/>\n- Marco J., Trustpilot<\/p><\/blockquote>\n<blockquote><p>\"Lo uso para practicar espa\u00f1ol con gente al azar. Las etiquetas de inter\u00e9s a veces funcionan. Es mejor que <a href=\"https:\/\/tinychat.com\/es\/omegle\/\">Omegle<\/a>.\"<br \/>\n- Anya T., Reddit<\/p><\/blockquote>\n<blockquote><p>\"Bueno para charlas r\u00e1pidas. Pero como la mayor\u00eda <a href=\"https:\/\/tinychat.com\/es\/chatroulette\/\">chat<\/a> sitios, tienes que saltarte unos cuantos bichos raros antes de encontrar una buena conversaci\u00f3n\".<br \/>\n- Raymond M., Sitejabber<\/p><\/blockquote>\n<h2>Joingy frente a otras plataformas de videoconferencia<\/h2>\n<p>Veamos c\u00f3mo se compara el Joingy con otras alternativas populares en el mercado aleatorio <a href=\"https:\/\/tinychat.com\/es\/chatroulette\/\">chat<\/a> espacio:<\/p>\n<table>\n<thead>\n<tr>\n<th>Caracter\u00edstica<\/th>\n<th>Joingy<\/th>\n<th><a href=\"https:\/\/tinychat.com\/es\/omegle\/\">Omegle<\/a><\/th>\n<th><a href=\"https:\/\/tinychat.com\/es\/chatroulette\/\">Chatroulette<\/a><\/th>\n<th><a href=\"https:\/\/tinychat.com\/es\/chathub\/\">ChatHub<\/a><\/th>\n<th><a href=\"https:\/\/tinychat.com\/es\/ometv\/\">OmeTV<\/a><\/th>\n<\/tr>\n<\/thead>\n<tbody>\n<tr>\n<td>V\u00eddeo instant\u00e1neo <a href=\"https:\/\/tinychat.com\/es\/chatroulette\/\">Chat<\/a><\/td>\n<td>\u2705 S\u00ed<\/td>\n<td>\u2705 S\u00ed<\/td>\n<td>\u2705 S\u00ed<\/td>\n<td>\u2705 S\u00ed<\/td>\n<td>\u2705 S\u00ed<\/td>\n<\/tr>\n<tr>\n<td>Texto <a href=\"https:\/\/tinychat.com\/es\/chatroulette\/\">Chat<\/a> Opci\u00f3n<\/td>\n<td>\u2705 S\u00ed<\/td>\n<td>\u2705 S\u00ed<\/td>\n<td>\u2705 S\u00ed<\/td>\n<td>\u2705 S\u00ed<\/td>\n<td>\u2705 S\u00ed<\/td>\n<\/tr>\n<tr>\n<td>Etiquetas de inter\u00e9s<\/td>\n<td>\u2705 S\u00ed<\/td>\n<td>\u2705 S\u00ed<\/td>\n<td>\u274c No<\/td>\n<td>\u274c No<\/td>\n<td>\u274c No<\/td>\n<\/tr>\n<tr>\n<td>Uso an\u00f3nimo<\/td>\n<td>\u2705 S\u00ed<\/td>\n<td>\u2705 S\u00ed<\/td>\n<td>\u2705 S\u00ed<\/td>\n<td>\u2705 S\u00ed<\/td>\n<td>\u2705 S\u00ed<\/td>\n<\/tr>\n<tr>\n<td>Sin registro<\/td>\n<td>\u2705 S\u00ed<\/td>\n<td>\u2705 S\u00ed<\/td>\n<td>\u2705 S\u00ed<\/td>\n<td>\u2705 S\u00ed<\/td>\n<td>\u2705 S\u00ed<\/td>\n<\/tr>\n<tr>\n<td>Herramientas de moderaci\u00f3n<\/td>\n<td>\u26a0\ufe0f M\u00ednimo<\/td>\n<td>\u26a0\ufe0f Pobre<\/td>\n<td>\u2705 Moderado<\/td>\n<td>\u2705 Fuerte<\/td>\n<td>\u2705 Fuerte<\/td>\n<\/tr>\n<tr>\n<td>Aplicaci\u00f3n m\u00f3vil<\/td>\n<td>\u274c No App<\/td>\n<td>\u274c No<\/td>\n<td>\u2705 S\u00ed<\/td>\n<td>\u274c No App<\/td>\n<td>\u2705 S\u00ed<\/td>\n<\/tr>\n<tr>\n<td>Calidad de v\u00eddeo<\/td>\n<td>\u2705 Bueno<\/td>\n<td>\u26a0\ufe0f Var\u00eda<\/td>\n<td>\u2705 Bueno<\/td>\n<td>Excelente<\/td>\n<td>\u2705 Bueno<\/td>\n<\/tr>\n<\/tbody>\n<\/table>\n<p>Resumen: Joingy ofrece uno de los v\u00eddeos m\u00e1s r\u00e1pidos y sencillos <a href=\"https:\/\/tinychat.com\/es\/chatroulette\/\">chat<\/a> experiencias en l\u00ednea, rivalizando <a href=\"https:\/\/tinychat.com\/es\/omegle\/\">Omegle<\/a> en facilidad de acceso, pero con un dise\u00f1o m\u00e1s limpio y filtros de inter\u00e9s \u00fatiles.<\/p>\n<h2>\u00bfEs seguro el Joingy?<\/h2>\n<p>Joingy hace todo lo posible por ofrecer chats an\u00f3nimos y privados, pero la seguridad depende en gran medida del usuario. A diferencia de otras plataformas, Joingy no ofrece herramientas de denuncia evidentes ni moderadores visibles.<\/p>\n<h3>Riesgos potenciales<\/h3>\n<ul>\n<li>Contenido inapropiado en los chats de v\u00eddeo<\/li>\n<li>Bots o spam programado en modo texto<\/li>\n<li>Sin verificaci\u00f3n de edad: los adolescentes pueden estar expuestos a contenidos para adultos.<\/li>\n<\/ul>\n<h3>Buenas pr\u00e1cticas para un uso seguro<\/h3>\n<ul>\n<li>Nunca compartas informaci\u00f3n personal (nombre, direcci\u00f3n, redes sociales)<\/li>\n<li>No hagas clic en enlaces compartidos por otros usuarios<\/li>\n<li>Saltar inmediatamente si un usuario se comporta de forma inadecuada<\/li>\n<li>Utilizar el sitio en entornos moderados (por ejemplo, en casa, no en redes Wi-Fi p\u00fablicas).<\/li>\n<li>Considere la posibilidad de utilizar una VPN para mayor privacidad<\/li>\n<\/ul>\n<h2>Consejos para sacar el m\u00e1ximo partido al Joingy<\/h2>\n<ul>\n<li>Utiliza bien las etiquetas de inter\u00e9s: los temas de nicho ayudan a filtrar mejor las coincidencias.<\/li>\n<li>Utiliza auriculares para escuchar con mayor claridad y privacidad<\/li>\n<li>Una buena iluminaci\u00f3n para que las videoconferencias sean m\u00e1s atractivas<\/li>\n<li>No tengas miedo de saltarte: no est\u00e1s obligado a quedarte en ning\u00fan <a href=\"https:\/\/tinychat.com\/es\/chatroulette\/\">chat<\/a><\/li>\n<li>Pruebe a chatear a distintas horas: la demograf\u00eda de los usuarios var\u00eda seg\u00fan la regi\u00f3n y la zona horaria<\/li>\n<\/ul>\n<h2>Soluci\u00f3n de problemas comunes<\/h2>\n<h3>La c\u00e1mara o el micr\u00f3fono no funcionan<\/h3>\n<p>Aseg\u00farate de que tu navegador tiene los permisos activados. Prueba a actualizarlo o a utilizar otro navegador (Chrome es el mejor).<\/p>\n<h3>Pantalla de v\u00eddeo en blanco o negra<\/h3>\n<p>Puede estar en el lado del otro usuario. Salta e int\u00e9ntalo de nuevo. Comprueba tambi\u00e9n que tu c\u00e1mara no est\u00e9 siendo utilizada por otra aplicaci\u00f3n.<\/p>\n<h3>La conciliaci\u00f3n de intereses no funciona<\/h3>\n<p>Utilice palabras clave m\u00e1s amplias o comunes. A veces los temas de nicho no tienen suficientes usuarios activos.<\/p>\n<h3>Comportamiento inadecuado<\/h3>\n<p>Joingy actualmente no tiene un bot\u00f3n de informe de usuario. El mejor curso de acci\u00f3n es saltar inmediatamente.<\/p>\n<p>Joingy ofrece exactamente lo que promete: una forma limpia y sin necesidad de iniciar sesi\u00f3n para <a href=\"https:\/\/tinychat.com\/es\/talk-to-strangers\/\">hablar con desconocidos<\/a> a trav\u00e9s de texto o v\u00eddeo. Con funciones como las etiquetas de inter\u00e9s y la compatibilidad m\u00f3vil, es una opci\u00f3n excelente para los usuarios ocasionales que buscan una forma sencilla de conocer a alguien nuevo.<\/p>\n<p>No est\u00e1 exento de defectos -la moderaci\u00f3n limitada y la falta de compatibilidad con aplicaciones pueden echar para atr\u00e1s a algunos usuarios-, pero para los que dan prioridad a la sencillez, la velocidad y el anonimato, el Joingy es un fuerte contendiente en la categor\u00eda aleatoria. <a href=\"https:\/\/tinychat.com\/es\/chatroulette\/\">chat<\/a> espacio.<\/p>\n<p>As\u00ed que si te apetece una conversaci\u00f3n sin filtros, o simplemente quieres conocer a un <a href=\"https:\/\/tinychat.com\/es\/strangercam\/\">extra\u00f1o<\/a> y ver hasta d\u00f3nde llega, prueba Joingy en joingy.com. Basta con un clic.<\/p>","protected":false},"excerpt":{"rendered":"<p>Joingy has carved out a niche for itself by offering a platform that is all about speed, simplicity, and anonymity. If you&#8217;re looking to instantly jump into a conversation with a random stranger \u2014 no profiles, no downloads, no complications \u2014 Joingy might just be the chat site you&#8217;re looking for. Focused primarily on random [&hellip;]<\/p>\n","protected":false},"author":6,"featured_media":0,"parent":0,"menu_order":0,"comment_status":"closed","ping_status":"closed","template":"","meta":{"footnotes":""},"class_list":["post-10206","page","type-page","status-publish","hentry"],"yoast_head":"<!-- This site is optimized with the Yoast SEO plugin v27.6 - https:\/\/yoast.com\/product\/yoast-seo-wordpress\/ -->\n<title>Joingy - Join the Stranger Cam Chat - TinyChat.com<\/title>\n<meta name=\"description\" content=\"Enjoying Joingy? Join over 50,000,000 strangers on TinyChat! Turn on your cam and start meeting new people, or find a match.\" \/>\n<meta name=\"robots\" content=\"index, follow, max-snippet:-1, max-image-preview:large, max-video-preview:-1\" \/>\n<link rel=\"canonical\" href=\"https:\/\/tinychat.com\/es\/joingy\/\" \/>\n<meta property=\"og:locale\" content=\"es_ES\" \/>\n<meta property=\"og:type\" content=\"article\" \/>\n<meta property=\"og:title\" content=\"Joingy - Join the Stranger Cam Chat - TinyChat.com\" \/>\n<meta property=\"og:description\" content=\"Enjoying Joingy? Join over 50,000,000 strangers on TinyChat! Turn on your cam and start meeting new people, or find a match.\" \/>\n<meta property=\"og:url\" content=\"https:\/\/tinychat.com\/es\/joingy\/\" \/>\n<meta property=\"og:site_name\" content=\"TinyChat\" \/>\n<meta property=\"article:publisher\" content=\"https:\/\/www.facebook.com\/tinychat\" \/>\n<meta property=\"article:modified_time\" content=\"2025-07-07T16:31:23+00:00\" \/>\n<meta property=\"og:image\" content=\"https:\/\/tinychat.com\/wp-content\/uploads\/2020\/04\/Tinychat-logo-1280x284-new-black.png\" \/>\n\t<meta property=\"og:image:width\" content=\"1280\" \/>\n\t<meta property=\"og:image:height\" content=\"284\" \/>\n\t<meta property=\"og:image:type\" content=\"image\/png\" \/>\n<meta name=\"twitter:card\" content=\"summary_large_image\" \/>\n<meta name=\"twitter:site\" content=\"@tinychat\" \/>\n<meta name=\"twitter:label1\" content=\"Tiempo de lectura\" \/>\n\t<meta name=\"twitter:data1\" content=\"6 minutos\" \/>\n<script type=\"application\/ld+json\" class=\"yoast-schema-graph\">{\"@context\":\"https:\\\/\\\/schema.org\",\"@graph\":[{\"@type\":\"WebPage\",\"@id\":\"https:\\\/\\\/tinychat.com\\\/joingy\\\/\",\"url\":\"https:\\\/\\\/tinychat.com\\\/joingy\\\/\",\"name\":\"Joingy - Join the Stranger Cam Chat - TinyChat.com\",\"isPartOf\":{\"@id\":\"https:\\\/\\\/tinychat.com\\\/#website\"},\"datePublished\":\"2025-05-30T12:48:39+00:00\",\"dateModified\":\"2025-07-07T16:31:23+00:00\",\"description\":\"Enjoying Joingy? Join over 50,000,000 strangers on TinyChat! Turn on your cam and start meeting new people, or find a match.\",\"breadcrumb\":{\"@id\":\"https:\\\/\\\/tinychat.com\\\/joingy\\\/#breadcrumb\"},\"inLanguage\":\"es\",\"potentialAction\":[{\"@type\":\"ReadAction\",\"target\":[\"https:\\\/\\\/tinychat.com\\\/joingy\\\/\"]}]},{\"@type\":\"BreadcrumbList\",\"@id\":\"https:\\\/\\\/tinychat.com\\\/joingy\\\/#breadcrumb\",\"itemListElement\":[{\"@type\":\"ListItem\",\"position\":1,\"name\":\"Home\",\"item\":\"https:\\\/\\\/tinychat.com\\\/\"},{\"@type\":\"ListItem\",\"position\":2,\"name\":\"Joingy\"}]},{\"@type\":\"WebSite\",\"@id\":\"https:\\\/\\\/tinychat.com\\\/#website\",\"url\":\"https:\\\/\\\/tinychat.com\\\/\",\"name\":\"TinyChat\",\"description\":\"Random Video Chat with Strangers\",\"publisher\":{\"@id\":\"https:\\\/\\\/tinychat.com\\\/#organization\"},\"alternateName\":\"TinyChat.com\",\"potentialAction\":[{\"@type\":\"SearchAction\",\"target\":{\"@type\":\"EntryPoint\",\"urlTemplate\":\"https:\\\/\\\/tinychat.com\\\/?s={search_term_string}\"},\"query-input\":{\"@type\":\"PropertyValueSpecification\",\"valueRequired\":true,\"valueName\":\"search_term_string\"}}],\"inLanguage\":\"es\"},{\"@type\":\"Organization\",\"@id\":\"https:\\\/\\\/tinychat.com\\\/#organization\",\"name\":\"TinyChat\",\"alternateName\":\"TinyChat.com\",\"url\":\"https:\\\/\\\/tinychat.com\\\/\",\"logo\":{\"@type\":\"ImageObject\",\"inLanguage\":\"es\",\"@id\":\"https:\\\/\\\/tinychat.com\\\/#\\\/schema\\\/logo\\\/image\\\/\",\"url\":\"https:\\\/\\\/tinychat.com\\\/wp-content\\\/uploads\\\/2023\\\/11\\\/Tinychat-icon-square.png\",\"contentUrl\":\"https:\\\/\\\/tinychat.com\\\/wp-content\\\/uploads\\\/2023\\\/11\\\/Tinychat-icon-square.png\",\"width\":284,\"height\":284,\"caption\":\"TinyChat\"},\"image\":{\"@id\":\"https:\\\/\\\/tinychat.com\\\/#\\\/schema\\\/logo\\\/image\\\/\"},\"sameAs\":[\"https:\\\/\\\/www.facebook.com\\\/tinychat\",\"https:\\\/\\\/x.com\\\/tinychat\"]}]}<\/script>\n<!-- \/ Yoast SEO plugin. -->","yoast_head_json":{"title":"Joingy - \u00danete al chat de Stranger Cam - TinyChat.com","description":"\u00bfTe gusta Joingy? \u00a1\u00danete a m\u00e1s de 50.000.000 de desconocidos en TinyChat! Enciende tu c\u00e1mara y empieza a conocer gente nueva, o encuentra una pareja.","robots":{"index":"index","follow":"follow","max-snippet":"max-snippet:-1","max-image-preview":"max-image-preview:large","max-video-preview":"max-video-preview:-1"},"canonical":"https:\/\/tinychat.com\/es\/joingy\/","og_locale":"es_ES","og_type":"article","og_title":"Joingy - Join the Stranger Cam Chat - TinyChat.com","og_description":"Enjoying Joingy? Join over 50,000,000 strangers on TinyChat! Turn on your cam and start meeting new people, or find a match.","og_url":"https:\/\/tinychat.com\/es\/joingy\/","og_site_name":"TinyChat","article_publisher":"https:\/\/www.facebook.com\/tinychat","article_modified_time":"2025-07-07T16:31:23+00:00","og_image":[{"width":1280,"height":284,"url":"https:\/\/tinychat.com\/wp-content\/uploads\/2020\/04\/Tinychat-logo-1280x284-new-black.png","type":"image\/png"}],"twitter_card":"summary_large_image","twitter_site":"@tinychat","twitter_misc":{"Tiempo de lectura":"6 minutos"},"schema":{"@context":"https:\/\/schema.org","@graph":[{"@type":"WebPage","@id":"https:\/\/tinychat.com\/joingy\/","url":"https:\/\/tinychat.com\/joingy\/","name":"Joingy - \u00danete al chat de Stranger Cam - TinyChat.com","isPartOf":{"@id":"https:\/\/tinychat.com\/#website"},"datePublished":"2025-05-30T12:48:39+00:00","dateModified":"2025-07-07T16:31:23+00:00","description":"\u00bfTe gusta Joingy? \u00a1\u00danete a m\u00e1s de 50.000.000 de desconocidos en TinyChat! Enciende tu c\u00e1mara y empieza a conocer gente nueva, o encuentra una pareja.","breadcrumb":{"@id":"https:\/\/tinychat.com\/joingy\/#breadcrumb"},"inLanguage":"es","potentialAction":[{"@type":"ReadAction","target":["https:\/\/tinychat.com\/joingy\/"]}]},{"@type":"BreadcrumbList","@id":"https:\/\/tinychat.com\/joingy\/#breadcrumb","itemListElement":[{"@type":"ListItem","position":1,"name":"Home","item":"https:\/\/tinychat.com\/"},{"@type":"ListItem","position":2,"name":"Joingy"}]},{"@type":"WebSite","@id":"https:\/\/tinychat.com\/#website","url":"https:\/\/tinychat.com\/","name":"TinyChat","description":"Videochat aleatorio con desconocidos","publisher":{"@id":"https:\/\/tinychat.com\/#organization"},"alternateName":"TinyChat.com","potentialAction":[{"@type":"SearchAction","target":{"@type":"EntryPoint","urlTemplate":"https:\/\/tinychat.com\/?s={search_term_string}"},"query-input":{"@type":"PropertyValueSpecification","valueRequired":true,"valueName":"search_term_string"}}],"inLanguage":"es"},{"@type":"Organization","@id":"https:\/\/tinychat.com\/#organization","name":"TinyChat","alternateName":"TinyChat.com","url":"https:\/\/tinychat.com\/","logo":{"@type":"ImageObject","inLanguage":"es","@id":"https:\/\/tinychat.com\/#\/schema\/logo\/image\/","url":"https:\/\/tinychat.com\/wp-content\/uploads\/2023\/11\/Tinychat-icon-square.png","contentUrl":"https:\/\/tinychat.com\/wp-content\/uploads\/2023\/11\/Tinychat-icon-square.png","width":284,"height":284,"caption":"TinyChat"},"image":{"@id":"https:\/\/tinychat.com\/#\/schema\/logo\/image\/"},"sameAs":["https:\/\/www.facebook.com\/tinychat","https:\/\/x.com\/tinychat"]}]}},"_links":{"self":[{"href":"https:\/\/tinychat.com\/es\/wp-json\/wp\/v2\/pages\/10206","targetHints":{"allow":["GET"]}}],"collection":[{"href":"https:\/\/tinychat.com\/es\/wp-json\/wp\/v2\/pages"}],"about":[{"href":"https:\/\/tinychat.com\/es\/wp-json\/wp\/v2\/types\/page"}],"author":[{"embeddable":true,"href":"https:\/\/tinychat.com\/es\/wp-json\/wp\/v2\/users\/6"}],"replies":[{"embeddable":true,"href":"https:\/\/tinychat.com\/es\/wp-json\/wp\/v2\/comments?post=10206"}],"version-history":[{"count":3,"href":"https:\/\/tinychat.com\/es\/wp-json\/wp\/v2\/pages\/10206\/revisions"}],"predecessor-version":[{"id":13198,"href":"https:\/\/tinychat.com\/es\/wp-json\/wp\/v2\/pages\/10206\/revisions\/13198"}],"wp:attachment":[{"href":"https:\/\/tinychat.com\/es\/wp-json\/wp\/v2\/media?parent=10206"}],"curies":[{"name":"wp","href":"https:\/\/api.w.org\/{rel}","templated":true}]}}