{"id":11954,"date":"2024-10-24T12:21:22","date_gmt":"2024-10-24T10:21:22","guid":{"rendered":"https:\/\/tinychat.com\/?page_id=11954"},"modified":"2025-06-12T10:28:41","modified_gmt":"2025-06-12T08:28:41","slug":"luckycrush","status":"publish","type":"page","link":"https:\/\/tinychat.com\/es\/luckycrush\/","title":{"rendered":"LuckyCrush"},"content":{"rendered":"<p>Videochat aleatorio uno a uno exclusivo entre hombres y mujeres, emparejados al instante para conversaciones coquetas, divertidas y posiblemente rom\u00e1nticas. A diferencia de las plataformas de chat aleatorias tradicionales que conectan a los usuarios independientemente de su sexo, LuckyCrush invierte la f\u00f3rmula: si eres hombre, siempre estar\u00e1s conectado con una mujer, y viceversa.<\/p>\n<p>Ese dise\u00f1o deliberado hace de LuckyCrush una de las plataformas con m\u00e1s prop\u00f3sito en el espacio de chat aleatorio. Con decenas de millones de usuarios en todo el mundo y una creciente reputaci\u00f3n de dise\u00f1o limpio, b\u00fasqueda r\u00e1pida de pareja y alto compromiso, es f\u00e1cil ver por qu\u00e9 tanta gente recurre a LuckyCrush cuando buscan una experiencia de v\u00eddeo aleatoria m\u00e1s centrada en el flirteo.<\/p>\n<p>En este an\u00e1lisis en profundidad, exploraremos todo lo que necesitas saber sobre LuckyCrush: c\u00f3mo funciona, en qu\u00e9 se diferencia, c\u00f3mo se compara con otras plataformas similares y c\u00f3mo sacar el m\u00e1ximo partido a tus chats.<\/p>\n<h2>\u00bfQu\u00e9 es LuckyCrush?<\/h2>\n<p>LuckyCrush es una plataforma internacional de videochat aleatorio que empareja a hombres con mujeres exclusivamente, y viceversa. El sitio se lanz\u00f3 en 2019 y r\u00e1pidamente ha ganado seguidores en todo el mundo al atraer a usuarios que desean chats de v\u00eddeo r\u00e1pidos y an\u00f3nimos con el sexo opuesto, sin configuraci\u00f3n de perfil ni salas p\u00fablicas.<\/p>\n<p>A diferencia de sitios como Omegle o Chatroulette, en los que te emparejas con cualquiera independientemente de su sexo, LuckyCrush utiliza un algoritmo para garantizar siempre el emparejamiento por sexos. Los hombres s\u00f3lo se emparejan con mujeres, y las mujeres s\u00f3lo se emparejan con hombres. Es esta simplicidad, combinada con una interfaz de usuario simplificada y una base de usuarios global, lo que da a LuckyCrush su personalidad distintiva.<\/p>\n<p>Probar la plataforma es gratis, pero para los hombres funciona con un sistema de cr\u00e9ditos. Las mujeres, por su parte, pueden utilizar el sitio completamente gratis, un modelo de negocio dise\u00f1ado para mantener equilibrada la proporci\u00f3n de sexos y fomentar m\u00e1s encuentros aut\u00e9nticos entre personas de sexos opuestos.<\/p>\n<h2>Caracter\u00edsticas principales de LuckyCrush<\/h2>\n<p>LuckyCrush es \u00fanico tanto en funci\u00f3n como en dise\u00f1o. Esto es lo que lo hace destacar:<\/p>\n<h3>1. Emparejamiento por sexos<\/h3>\n<p>El principal argumento de venta de LuckyCrush es el filtrado de g\u00e9nero por defecto. Conecta:<\/p>\n<ul>\n<li>Hombres exclusivamente a mujeres<\/li>\n<li>Mujeres exclusivamente a los hombres<\/li>\n<\/ul>\n<p>De este modo, se crea un ambiente propicio para el flirteo, el romance o las bromas amistosas entre hombres y mujeres. Elimina el caos que suele haber en plataformas de chat m\u00e1s generales.<\/p>\n<h3>2. Videochat aleatorio uno a uno<\/h3>\n<p>No hay salas de grupo, opciones de s\u00f3lo texto ni foros an\u00f3nimos. Cada sesi\u00f3n es un videochat privado, en directo y cara a cara con una persona cada vez.<\/p>\n<p>Si no le gusta la coincidencia, s\u00f3lo tiene que hacer clic en \"Siguiente\" para pasar a otra persona.<\/p>\n<h3>3. Emparejamiento instant\u00e1neo: no es necesario registrarse<\/h3>\n<p>Puedes empezar a chatear con un solo clic. Sin direcci\u00f3n de correo electr\u00f3nico. Sin registro. Sin perfil. Este enfoque sin fricciones es parte del \u00e9xito de LuckyCrush, especialmente en m\u00f3viles, donde los usuarios esperan rapidez y facilidad.<\/p>\n<p>(Dicho esto, se recomienda registrarse si quieres ganar cr\u00e9ditos gratis, acceder al historial de chat o hacer un seguimiento del uso).<\/p>\n<h3>4. Sistema basado en cr\u00e9ditos (para hombres)<\/h3>\n<p>Probar LuckyCrush es gratis, pero los hombres deben usar cr\u00e9ditos para seguir chateando despu\u00e9s del periodo de prueba. Los cr\u00e9ditos se compran en paquetes, y cada segundo de videochat consume una peque\u00f1a cantidad.<\/p>\n<p>Las mujeres, por su parte, utilizan el sitio de forma totalmente gratuita, lo que contribuye a garantizar una presencia constante de usuarias reales.<\/p>\n<h3>5. Alcance mundial<\/h3>\n<p>LuckyCrush tiene usuarios en m\u00e1s de 100 pa\u00edses, con coincidencia autom\u00e1tica de regiones para agilizar las conversaciones locales. Tambi\u00e9n puedes cambiar al chat internacional para disfrutar de una experiencia m\u00e1s amplia.<\/p>\n<p>Este ambiente internacional hace que LuckyCrush sea perfecto para:<\/p>\n<ul>\n<li>Coqueteo intercultural<\/li>\n<li>Practicar idiomas<\/li>\n<li>Descubrir nuevos acentos y personalidades<\/li>\n<\/ul>\n<h3>6. Interfaz sencilla con gran compatibilidad m\u00f3vil<\/h3>\n<p>El dise\u00f1o es limpio, optimizado para m\u00f3viles e intuitivo:<\/p>\n<ul>\n<li>Interfaz de v\u00eddeo a pantalla completa<\/li>\n<li>Chatbox para texto si es necesario<\/li>\n<li>Tiempos de carga r\u00e1pidos y distracciones m\u00ednimas<\/li>\n<\/ul>\n<p>LuckyCrush funciona a la perfecci\u00f3n tanto en ordenadores de sobremesa como en m\u00f3viles.<\/p>\n<h2>C\u00f3mo utilizar LuckyCrush<\/h2>\n<p>Utilizar LuckyCrush es r\u00e1pido y sencillo. A continuaci\u00f3n te explicamos c\u00f3mo empezar:<\/p>\n<h3>Paso 1: Visite el sitio web<\/h3>\n<p>Accede a luckycrush.live desde cualquier navegador. Se te pedir\u00e1 que elijas tu sexo.<\/p>\n<h3>Paso 2: Conceder acceso a la c\u00e1mara web y al micr\u00f3fono<\/h3>\n<p>Para utilizar la plataforma, debes activar la c\u00e1mara y el micr\u00f3fono. El sitio los utiliza exclusivamente para el videochat.<\/p>\n<h3>Paso 3: Empezar a chatear<\/h3>\n<p>Una vez emparejados, la sesi\u00f3n de chat comienza inmediatamente. Ver\u00e1s a la otra persona en v\u00eddeo y ella te ver\u00e1 a ti. Tambi\u00e9n puedes escribir en el chatbox si lo necesitas.<\/p>\n<h3>Paso 4: Haga clic en \"Siguiente\" para saltar<\/h3>\n<p>\u00bfQuieres probar una nueva pareja? Pulsa el bot\u00f3n \"Siguiente\" para cambiar de pareja al instante.<\/p>\n<h3>Paso 5: Gestionar cr\u00e9ditos (s\u00f3lo hombres)<\/h3>\n<p>Si eres un usuario masculino, tu prueba gratuita termina al cabo de unos minutos. Tendr\u00e1s que comprar cr\u00e9ditos para seguir utilizando el servicio.<\/p>\n<h2>Experiencia de usuario en LuckyCrush<\/h2>\n<p>LuckyCrush ofrece una de las experiencias de usuario m\u00e1s fluidas y centradas de la categor\u00eda de chat aleatorio. No est\u00e1 sobrecargado de funciones innecesarias: el \u00e9nfasis est\u00e1 puesto por completo en la interacci\u00f3n cara a cara con alguien del sexo opuesto.<\/p>\n<h3>Lo que le gusta a la gente<\/h3>\n<ul>\n<li>Acceso r\u00e1pido y f\u00e1cil<\/li>\n<li>Garant\u00eda de concordancia de g\u00e9nero<\/li>\n<li>Gratis para mujeres<\/li>\n<li>Usuarios reales: muchos menos bots y trolls<\/li>\n<li>Dise\u00f1o para ligar sin ser s\u00f3lo para adultos<\/li>\n<li>Interfaz de usuario pulida con excelente compatibilidad m\u00f3vil<\/li>\n<\/ul>\n<h3>Lo que podr\u00eda mejorarse<\/h3>\n<ul>\n<li>Los hombres deben pagar tras una breve prueba gratuita<\/li>\n<li>Sin opci\u00f3n de chat entre personas del mismo sexo<\/li>\n<li>Sin coincidencia de intereses o temas<\/li>\n<li>Seguridad limitada\/herramientas de informaci\u00f3n en sesi\u00f3n<\/li>\n<\/ul>\n<h2>Opiniones reales de los usuarios<\/h2>\n<blockquote><p>\"Mucho mejor que Omegle. Al menos s\u00e9 que siempre me emparejan con una mujer de verdad. Merece la pena pagar los cr\u00e9ditos si vas en serio\".<br \/>\n- <em>Eric S., Google Play<\/em><\/p><\/blockquote>\n<blockquote><p>\"He tenido algunas charlas estupendas. Es genial que los partidos sean siempre entre hombres y mujeres. Es menos aleatorio, en el buen sentido\".<br \/>\n- <em>Laura G., Sitejabber<\/em><\/p><\/blockquote>\n<blockquote><p>\"Necesitan m\u00e1s funciones como amigos guardados, pero funciona muy bien para chats r\u00e1pidos y divertidos\".<br \/>\n- <em>Dan V., Reddit<\/em><\/p><\/blockquote>\n<h2>LuckyCrush frente a otras plataformas de chat de v\u00eddeo<\/h2>\n<p>As\u00ed es como LuckyCrush se compara con otros grandes nombres del sector:<\/p>\n<table>\n<thead>\n<tr>\n<th>Caracter\u00edstica<\/th>\n<th>LuckyCrush<\/th>\n<th>Omegle<\/th>\n<th>ChatHub<\/th>\n<th>Emerald Chat<\/th>\n<th>Thundr<\/th>\n<\/tr>\n<\/thead>\n<tbody>\n<tr>\n<td>Emparejamiento por g\u00e9nero<\/td>\n<td>Garantizado<\/td>\n<td>\u274c Aleatorio<\/td>\n<td>\u2705 Premium<\/td>\n<td>\u2705 Basado en el karma<\/td>\n<td>\u2705 Premium<\/td>\n<\/tr>\n<tr>\n<td>Videochat<\/td>\n<td>\u2705 S\u00ed<\/td>\n<td>\u2705 S\u00ed<\/td>\n<td>\u2705 S\u00ed<\/td>\n<td>\u2705 S\u00ed<\/td>\n<td>\u2705 S\u00ed<\/td>\n<\/tr>\n<tr>\n<td>Gratis para mujeres<\/td>\n<td>\u2705 S\u00ed<\/td>\n<td>\u2705 S\u00ed<\/td>\n<td>\u2705 S\u00ed<\/td>\n<td>\u2705 S\u00ed<\/td>\n<td>\u2705 S\u00ed<\/td>\n<\/tr>\n<tr>\n<td>Uso an\u00f3nimo<\/td>\n<td>\u2705 S\u00ed<\/td>\n<td>\u2705 S\u00ed<\/td>\n<td>\u2705 S\u00ed<\/td>\n<td>\u2705 Opcional<\/td>\n<td>\u2705 S\u00ed<\/td>\n<\/tr>\n<tr>\n<td>Optimizado para m\u00f3viles<\/td>\n<td>Excelente<\/td>\n<td>\u26a0\ufe0f Mixto<\/td>\n<td>\u2705 Bueno<\/td>\n<td>\u2705 Bueno<\/td>\n<td>Excelente<\/td>\n<\/tr>\n<tr>\n<td>Casaci\u00f3n de intereses<\/td>\n<td>\u274c No<\/td>\n<td>\u2705 S\u00ed<\/td>\n<td>\u274c No<\/td>\n<td>\u2705 S\u00ed<\/td>\n<td>\u274c No<\/td>\n<\/tr>\n<tr>\n<td>Sistema de cr\u00e9ditos (uso de pago)<\/td>\n<td>\u2705 Para hombres<\/td>\n<td>\u274c No<\/td>\n<td>\u274c No<\/td>\n<td>\u274c No<\/td>\n<td>\u274c No<\/td>\n<\/tr>\n<tr>\n<td>IU sin adultos<\/td>\n<td>\u2705 S\u00ed<\/td>\n<td>\u26a0\ufe0f No es seguro<\/td>\n<td>\u2705 S\u00ed<\/td>\n<td>\u2705 S\u00ed<\/td>\n<td>\u2705 S\u00ed<\/td>\n<\/tr>\n<\/tbody>\n<\/table>\n<p>Resumen: LuckyCrush gana en exclusividad de g\u00e9nero opuesto, calidad de usuario y una experiencia centrada en el flirteo. No es la plataforma m\u00e1s personalizable, pero s\u00ed una de las m\u00e1s pensadas para ligar de forma sencilla, an\u00f3nima y en v\u00eddeo.<\/p>\n<h2>\u00bfEs seguro LuckyCrush?<\/h2>\n<p>LuckyCrush ofrece m\u00e1s seguridad que la mayor\u00eda de los sitios de videochat aleatorios, pero sigue siendo un entorno regulado por el usuario, por lo que la discreci\u00f3n es esencial.<\/p>\n<h3>Aspectos positivos de la seguridad<\/h3>\n<ul>\n<li>Los chats individuales reducen el trolling<\/li>\n<li>La exclusividad de g\u00e9nero crea un mejor equilibrio de comportamiento<\/li>\n<li>No hay salas p\u00fablicas<\/li>\n<li>Sin almacenamiento permanente de datos<\/li>\n<li>Conexiones cifradas<\/li>\n<\/ul>\n<h3>Limitaciones<\/h3>\n<ul>\n<li>Sin moderaci\u00f3n en tiempo real en todos los chats<\/li>\n<li>No hay bot\u00f3n de informe visible durante las llamadas<\/li>\n<li>No se verifica la edad m\u00e1s all\u00e1 del sistema de honor del usuario<\/li>\n<\/ul>\n<h2>Consejos para usar LuckyCrush con eficacia<\/h2>\n<ul>\n<li>Utiliza auriculares para mejorar el sonido y la privacidad<\/li>\n<li>Salta r\u00e1pidamente si la conversaci\u00f3n no te va<\/li>\n<li>Evita compartir informaci\u00f3n personal (redes sociales, correo electr\u00f3nico, etc.)<\/li>\n<li>Mant\u00e9n la c\u00e1mara a la altura de los ojos con buena iluminaci\u00f3n<\/li>\n<li>Mujeres: Probar diferentes horas del d\u00eda para los partidos internacionales<\/li>\n<li>Hombres: usen sus cr\u00e9ditos gratuitos para probar antes de comprar<\/li>\n<\/ul>\n<h2>Soluci\u00f3n de problemas comunes<\/h2>\n<h3>No se puede acceder a la c\u00e1mara<\/h3>\n<p>Aseg\u00farate de que tu navegador tiene permiso para el uso de la c\u00e1mara\/micr\u00f3fono. Cierra otras aplicaciones que puedan estar utilizando la c\u00e1mara.<\/p>\n<h3>Retraso o mala calidad de v\u00eddeo<\/h3>\n<p>Cambie a una conexi\u00f3n Wi-Fi estable. Cierra las pesta\u00f1as en segundo plano o cambia de navegador.<\/p>\n<h3>No se han encontrado coincidencias<\/h3>\n<p>Pruebe en horas punta (tardes\/fin de semana). La demanda puede ser regional; cambiar a global puede ayudar.<\/p>\n<h3>Se acaban los cr\u00e9ditos<\/h3>\n<p>Reg\u00edstrate para ganar cr\u00e9ditos gratis o compra un paquete para seguir chateando.<\/p>\n<p>LuckyCrush no pretende ser un sitio de citas ni un centro de amistad. Est\u00e1 aqu\u00ed para ofrecerte conversaciones de v\u00eddeo privadas, uno a uno, que son espont\u00e1neas, seguras y entre g\u00e9neros por defecto.<\/p>\n<p>Con millones de usuarios, una interfaz fluida y un algoritmo de emparejamiento por sexos que ofrece lo que la mayor\u00eda de los usuarios de chats aleatorios realmente desean, LuckyCrush cubre una demanda clara y creciente.<\/p>\n<p>No se trata de largas biograf\u00edas ni de buscar pareja, sino de conectar en vivo y en directo.<\/p>\n<p>As\u00ed que si est\u00e1s buscando el siguiente paso m\u00e1s all\u00e1 de Omegle o Chatroulette, y est\u00e1s cansado del spam, los bots o de no saber con qui\u00e9n coincidir\u00e1s, dale una vuelta a LuckyCrush.<\/p>\n<p>Visita luckycrush.live y empieza a chatear al instante: sin registros, sin juicios, s\u00f3lo gente real, atracci\u00f3n real, tiempo real.<\/p>","protected":false},"excerpt":{"rendered":"<p>Random one-on-one video chat exclusively between men and women, matched instantly for flirty, fun, and possibly romantic conversations. Unlike traditional random chat platforms that connect users regardless of gender, LuckyCrush flips the formula \u2014 if you\u2019re a man, you\u2019ll always be connected to a woman, and vice versa. That deliberate design makes LuckyCrush one of [&hellip;]<\/p>\n","protected":false},"author":6,"featured_media":0,"parent":0,"menu_order":0,"comment_status":"closed","ping_status":"closed","template":"","meta":{"footnotes":""},"class_list":["post-11954","page","type-page","status-publish","hentry"],"yoast_head":"<!-- This site is optimized with the Yoast SEO plugin v27.4 - https:\/\/yoast.com\/product\/yoast-seo-wordpress\/ -->\n<title>LuckyCrush - Online Video Chat Website with Girls - TinyChat.com<\/title>\n<meta name=\"description\" content=\"Enjoying LuckyCrush? Join over 50,000,000 strangers on TinyChat! Turn on your cam and start meeting new people, or find a match.\" \/>\n<meta name=\"robots\" content=\"index, follow, max-snippet:-1, max-image-preview:large, max-video-preview:-1\" \/>\n<link rel=\"canonical\" href=\"https:\/\/tinychat.com\/es\/luckycrush\/\" \/>\n<meta property=\"og:locale\" content=\"es_ES\" \/>\n<meta property=\"og:type\" content=\"article\" \/>\n<meta property=\"og:title\" content=\"LuckyCrush - Online Video Chat Website with Girls - TinyChat.com\" \/>\n<meta property=\"og:description\" content=\"Enjoying LuckyCrush? Join over 50,000,000 strangers on TinyChat! Turn on your cam and start meeting new people, or find a match.\" \/>\n<meta property=\"og:url\" content=\"https:\/\/tinychat.com\/es\/luckycrush\/\" \/>\n<meta property=\"og:site_name\" content=\"TinyChat\" \/>\n<meta property=\"article:publisher\" content=\"https:\/\/www.facebook.com\/tinychat\" \/>\n<meta property=\"article:modified_time\" content=\"2025-06-12T08:28:41+00:00\" \/>\n<meta property=\"og:image\" content=\"https:\/\/tinychat.com\/wp-content\/uploads\/2020\/04\/Tinychat-logo-1280x284-new-black.png\" \/>\n\t<meta property=\"og:image:width\" content=\"1280\" \/>\n\t<meta property=\"og:image:height\" content=\"284\" \/>\n\t<meta property=\"og:image:type\" content=\"image\/png\" \/>\n<meta name=\"twitter:card\" content=\"summary_large_image\" \/>\n<meta name=\"twitter:site\" content=\"@tinychat\" \/>\n<meta name=\"twitter:label1\" content=\"Tiempo de lectura\" \/>\n\t<meta name=\"twitter:data1\" content=\"6 minutos\" \/>\n<script type=\"application\/ld+json\" class=\"yoast-schema-graph\">{\"@context\":\"https:\\\/\\\/schema.org\",\"@graph\":[{\"@type\":\"WebPage\",\"@id\":\"https:\\\/\\\/tinychat.com\\\/luckycrush\\\/\",\"url\":\"https:\\\/\\\/tinychat.com\\\/luckycrush\\\/\",\"name\":\"LuckyCrush - Online Video Chat Website with Girls - TinyChat.com\",\"isPartOf\":{\"@id\":\"https:\\\/\\\/tinychat.com\\\/#website\"},\"datePublished\":\"2024-10-24T10:21:22+00:00\",\"dateModified\":\"2025-06-12T08:28:41+00:00\",\"description\":\"Enjoying LuckyCrush? Join over 50,000,000 strangers on TinyChat! Turn on your cam and start meeting new people, or find a match.\",\"breadcrumb\":{\"@id\":\"https:\\\/\\\/tinychat.com\\\/luckycrush\\\/#breadcrumb\"},\"inLanguage\":\"es\",\"potentialAction\":[{\"@type\":\"ReadAction\",\"target\":[\"https:\\\/\\\/tinychat.com\\\/luckycrush\\\/\"]}]},{\"@type\":\"BreadcrumbList\",\"@id\":\"https:\\\/\\\/tinychat.com\\\/luckycrush\\\/#breadcrumb\",\"itemListElement\":[{\"@type\":\"ListItem\",\"position\":1,\"name\":\"Home\",\"item\":\"https:\\\/\\\/tinychat.com\\\/\"},{\"@type\":\"ListItem\",\"position\":2,\"name\":\"LuckyCrush\"}]},{\"@type\":\"WebSite\",\"@id\":\"https:\\\/\\\/tinychat.com\\\/#website\",\"url\":\"https:\\\/\\\/tinychat.com\\\/\",\"name\":\"TinyChat\",\"description\":\"Random Video Chat with Strangers\",\"publisher\":{\"@id\":\"https:\\\/\\\/tinychat.com\\\/#organization\"},\"alternateName\":\"TinyChat.com\",\"potentialAction\":[{\"@type\":\"SearchAction\",\"target\":{\"@type\":\"EntryPoint\",\"urlTemplate\":\"https:\\\/\\\/tinychat.com\\\/?s={search_term_string}\"},\"query-input\":{\"@type\":\"PropertyValueSpecification\",\"valueRequired\":true,\"valueName\":\"search_term_string\"}}],\"inLanguage\":\"es\"},{\"@type\":\"Organization\",\"@id\":\"https:\\\/\\\/tinychat.com\\\/#organization\",\"name\":\"TinyChat\",\"alternateName\":\"TinyChat.com\",\"url\":\"https:\\\/\\\/tinychat.com\\\/\",\"logo\":{\"@type\":\"ImageObject\",\"inLanguage\":\"es\",\"@id\":\"https:\\\/\\\/tinychat.com\\\/#\\\/schema\\\/logo\\\/image\\\/\",\"url\":\"https:\\\/\\\/tinychat.com\\\/wp-content\\\/uploads\\\/2023\\\/11\\\/Tinychat-icon-square.png\",\"contentUrl\":\"https:\\\/\\\/tinychat.com\\\/wp-content\\\/uploads\\\/2023\\\/11\\\/Tinychat-icon-square.png\",\"width\":284,\"height\":284,\"caption\":\"TinyChat\"},\"image\":{\"@id\":\"https:\\\/\\\/tinychat.com\\\/#\\\/schema\\\/logo\\\/image\\\/\"},\"sameAs\":[\"https:\\\/\\\/www.facebook.com\\\/tinychat\",\"https:\\\/\\\/x.com\\\/tinychat\"]}]}<\/script>\n<!-- \/ Yoast SEO plugin. -->","yoast_head_json":{"title":"LuckyCrush - Sitio Web de Chat de v\u00eddeo en l\u00ednea con las ni\u00f1as - TinyChat.com","description":"\u00bfTe gusta LuckyCrush? \u00a1\u00danete a m\u00e1s de 50.000.000 de desconocidos en TinyChat! Enciende tu c\u00e1mara y empieza a conocer gente nueva, o encuentra pareja.","robots":{"index":"index","follow":"follow","max-snippet":"max-snippet:-1","max-image-preview":"max-image-preview:large","max-video-preview":"max-video-preview:-1"},"canonical":"https:\/\/tinychat.com\/es\/luckycrush\/","og_locale":"es_ES","og_type":"article","og_title":"LuckyCrush - Online Video Chat Website with Girls - TinyChat.com","og_description":"Enjoying LuckyCrush? Join over 50,000,000 strangers on TinyChat! Turn on your cam and start meeting new people, or find a match.","og_url":"https:\/\/tinychat.com\/es\/luckycrush\/","og_site_name":"TinyChat","article_publisher":"https:\/\/www.facebook.com\/tinychat","article_modified_time":"2025-06-12T08:28:41+00:00","og_image":[{"width":1280,"height":284,"url":"https:\/\/tinychat.com\/wp-content\/uploads\/2020\/04\/Tinychat-logo-1280x284-new-black.png","type":"image\/png"}],"twitter_card":"summary_large_image","twitter_site":"@tinychat","twitter_misc":{"Tiempo de lectura":"6 minutos"},"schema":{"@context":"https:\/\/schema.org","@graph":[{"@type":"WebPage","@id":"https:\/\/tinychat.com\/luckycrush\/","url":"https:\/\/tinychat.com\/luckycrush\/","name":"LuckyCrush - Sitio Web de Chat de v\u00eddeo en l\u00ednea con las ni\u00f1as - TinyChat.com","isPartOf":{"@id":"https:\/\/tinychat.com\/#website"},"datePublished":"2024-10-24T10:21:22+00:00","dateModified":"2025-06-12T08:28:41+00:00","description":"\u00bfTe gusta LuckyCrush? \u00a1\u00danete a m\u00e1s de 50.000.000 de desconocidos en TinyChat! Enciende tu c\u00e1mara y empieza a conocer gente nueva, o encuentra pareja.","breadcrumb":{"@id":"https:\/\/tinychat.com\/luckycrush\/#breadcrumb"},"inLanguage":"es","potentialAction":[{"@type":"ReadAction","target":["https:\/\/tinychat.com\/luckycrush\/"]}]},{"@type":"BreadcrumbList","@id":"https:\/\/tinychat.com\/luckycrush\/#breadcrumb","itemListElement":[{"@type":"ListItem","position":1,"name":"Home","item":"https:\/\/tinychat.com\/"},{"@type":"ListItem","position":2,"name":"LuckyCrush"}]},{"@type":"WebSite","@id":"https:\/\/tinychat.com\/#website","url":"https:\/\/tinychat.com\/","name":"TinyChat","description":"Videochat aleatorio con desconocidos","publisher":{"@id":"https:\/\/tinychat.com\/#organization"},"alternateName":"TinyChat.com","potentialAction":[{"@type":"SearchAction","target":{"@type":"EntryPoint","urlTemplate":"https:\/\/tinychat.com\/?s={search_term_string}"},"query-input":{"@type":"PropertyValueSpecification","valueRequired":true,"valueName":"search_term_string"}}],"inLanguage":"es"},{"@type":"Organization","@id":"https:\/\/tinychat.com\/#organization","name":"TinyChat","alternateName":"TinyChat.com","url":"https:\/\/tinychat.com\/","logo":{"@type":"ImageObject","inLanguage":"es","@id":"https:\/\/tinychat.com\/#\/schema\/logo\/image\/","url":"https:\/\/tinychat.com\/wp-content\/uploads\/2023\/11\/Tinychat-icon-square.png","contentUrl":"https:\/\/tinychat.com\/wp-content\/uploads\/2023\/11\/Tinychat-icon-square.png","width":284,"height":284,"caption":"TinyChat"},"image":{"@id":"https:\/\/tinychat.com\/#\/schema\/logo\/image\/"},"sameAs":["https:\/\/www.facebook.com\/tinychat","https:\/\/x.com\/tinychat"]}]}},"_links":{"self":[{"href":"https:\/\/tinychat.com\/es\/wp-json\/wp\/v2\/pages\/11954","targetHints":{"allow":["GET"]}}],"collection":[{"href":"https:\/\/tinychat.com\/es\/wp-json\/wp\/v2\/pages"}],"about":[{"href":"https:\/\/tinychat.com\/es\/wp-json\/wp\/v2\/types\/page"}],"author":[{"embeddable":true,"href":"https:\/\/tinychat.com\/es\/wp-json\/wp\/v2\/users\/6"}],"replies":[{"embeddable":true,"href":"https:\/\/tinychat.com\/es\/wp-json\/wp\/v2\/comments?post=11954"}],"version-history":[{"count":3,"href":"https:\/\/tinychat.com\/es\/wp-json\/wp\/v2\/pages\/11954\/revisions"}],"predecessor-version":[{"id":13218,"href":"https:\/\/tinychat.com\/es\/wp-json\/wp\/v2\/pages\/11954\/revisions\/13218"}],"wp:attachment":[{"href":"https:\/\/tinychat.com\/es\/wp-json\/wp\/v2\/media?parent=11954"}],"curies":[{"name":"wp","href":"https:\/\/api.w.org\/{rel}","templated":true}]}}