{"id":12021,"date":"2025-08-07T10:51:13","date_gmt":"2025-08-07T08:51:13","guid":{"rendered":"https:\/\/tinychat.com\/?page_id=12021"},"modified":"2025-08-07T10:56:26","modified_gmt":"2025-08-07T08:56:26","slug":"omegle-alternative","status":"publish","type":"page","link":"https:\/\/tinychat.com\/es\/omegle-alternative\/","title":{"rendered":"Omegle Alternativa"},"content":{"rendered":"<p>Durante a\u00f1os, Omegle fue la plataforma a la que acud\u00eda cualquiera que quisiera conectar instant\u00e1neamente con desconocidos a trav\u00e9s de texto o v\u00eddeo. Su sencillez y espontaneidad cambiaron la forma en que millones de personas hac\u00edan nuevos amigos en Internet. Pero a medida que el mundo del videochat aleatorio ha evolucionado, tambi\u00e9n lo han hecho las expectativas de los usuarios, y ahora muchos buscan una alternativa m\u00e1s segura y atractiva a Omegle.<\/p>\n<p>Si est\u00e1s cansado de los bots, buscas m\u00e1s funciones o simplemente quieres una plataforma que se parezca m\u00e1s a una comunidad, hay docenas de alternativas Omegle disponibles hoy en d\u00eda. Entre ellas, TinyChat destaca como una de las mejores, ofreciendo un espacio m\u00e1s rico, interactivo y seguro para conversaciones reales. He aqu\u00ed por qu\u00e9.<\/p>\n<h2>\u00bfPor qu\u00e9 buscar una alternativa al Omegle?<\/h2>\n<p>El Omegle abri\u00f3 nuevos caminos, pero no est\u00e1 exento de defectos. Por eso muchos usuarios buscan la mejor alternativa al Omegle:<\/p>\n<ul>\n<li>Falta de moderaci\u00f3n: Omegle se ha hecho famoso por los bots, el spam y el contenido inapropiado.<\/li>\n<li>No hay una verdadera comunidad: La mayor\u00eda de las conversaciones son fugaces, con pocas oportunidades de conectar m\u00e1s all\u00e1 del momento.<\/li>\n<li>Funciones limitadas: No hay salas de chat en grupo, el soporte m\u00f3vil es deficiente y las opciones de personalizaci\u00f3n son muy escasas.<\/li>\n<li>Preocupaci\u00f3n por la seguridad: Sin controles de usuario s\u00f3lidos ni herramientas de denuncia, muchos usuarios (especialmente mujeres y j\u00f3venes) se sienten inseguros.<\/li>\n<li>No hay chats tem\u00e1ticos: Es dif\u00edcil encontrar gente que comparta tus intereses o quiera hablar de algo concreto.<\/li>\n<\/ul>\n<p>Por eso han ganado popularidad plataformas como TinyChat, que ofrecen todo lo que le falta a Omegle, y mucho m\u00e1s.<\/p>\n<h2>\u00bfQu\u00e9 hace que una Omegle sea una buena alternativa?<\/h2>\n<p>No todas las plataformas de videochat aleatorio son iguales. Las mejores alternativas Omegle ofrecen:<\/p>\n<ul>\n<li>Herramientas de moderaci\u00f3n e informaci\u00f3n m\u00e1s potentes<\/li>\n<li>M\u00faltiples formatos de chat: texto, voz y v\u00eddeo, tanto privados como en grupo<\/li>\n<li>Salas y comunidades tem\u00e1ticas<\/li>\n<li>Aplicaciones m\u00f3viles y compatibilidad multiplataforma<\/li>\n<li>Personalizaci\u00f3n y control del usuario<\/li>\n<li>Una base de usuarios acogedora y activa<\/li>\n<\/ul>\n<p>TinyChat cumple todos estos requisitos y va m\u00e1s all\u00e1.<\/p>\n<h2>TinyChat: La mejor alternativa al Omegle para conversaciones reales<\/h2>\n<p>TinyChat ha sido un pilar del chat en l\u00ednea durante a\u00f1os, pero recientemente se ha reimaginado a s\u00ed mismo como una alternativa Omegle l\u00edder, combinando la espontaneidad del chat aleatorio con la profundidad y la seguridad de una verdadera comunidad en l\u00ednea.<\/p>\n<h3>\u00bfQu\u00e9 diferencia al TinyChat?<\/h3>\n<h4>1. Salas de videoconferencia en grupo y privadas<\/h4>\n<p>A diferencia del emparejamiento aleatorio uno a uno de Omegle, TinyChat te permite unirte a salas de videochat p\u00fablicas o privadas basadas en temas, intereses o incluso geograf\u00eda. \u00bfQuieres hablar de m\u00fasica, juegos, citas, salud mental o simplemente relajarte con nuevos amigos? Hay una sala para ello.<\/p>\n<h4>2. Experiencia m\u00e1s segura y moderada<\/h4>\n<p>TinyChat utiliza herramientas activas de moderaci\u00f3n y denuncia de usuarios para mantener un ambiente amigable y seguro. Es mucho menos probable que te encuentres con bots, trolls o contenido expl\u00edcito en comparaci\u00f3n con Omegle.<\/p>\n<h4>3. Texto, voz y v\u00eddeo a su elecci\u00f3n<\/h4>\n<p>Tanto si est\u00e1 preparado para la c\u00e1mara como si s\u00f3lo desea chatear por texto o audio, TinyChat le ofrece las tres opciones. T\u00fa controlas c\u00f3mo te conectas y puedes unirte a salas con tu formato preferido.<\/p>\n<h4>4. No es necesario registrarse para empezar<\/h4>\n<p>Puedes entrar directamente en una sala de chat como invitado o registrarte para obtener m\u00e1s funciones y crear tus propias salas.<\/p>\n<h4>5. Ambiente comunitario<\/h4>\n<p>TinyChat no es s\u00f3lo un lugar para chatear fugazmente. Muchos usuarios hacen amigos de verdad, forman grupos de inter\u00e9s e incluso organizan eventos. Es una comunidad viva, algo que Omegle no puede ofrecer.<\/p>\n<h4>6. Soporte multiplataforma<\/h4>\n<p>TinyChat est\u00e1 disponible en Internet, iOS y Android, para que pueda conectarse en cualquier lugar y desde cualquier dispositivo.<\/p>\n<h2>\u00bfC\u00f3mo se compara el TinyChat con otras alternativas al Omegle?<\/h2>\n<table>\n<thead>\n<tr>\n<th>Caracter\u00edstica<\/th>\n<th>TinyChat<\/th>\n<th>Omegle<\/th>\n<th>Chatroulette<\/th>\n<th>Chatspin<\/th>\n<th>Camsurf<\/th>\n<\/tr>\n<\/thead>\n<tbody>\n<tr>\n<td>Salas de videoconferencia en grupo<\/td>\n<td>\u2705<\/td>\n<td>\u274c<\/td>\n<td>\u274c<\/td>\n<td>\u274c<\/td>\n<td>\u274c<\/td>\n<\/tr>\n<tr>\n<td>Salas de chat tem\u00e1ticas<\/td>\n<td>\u2705<\/td>\n<td>\u274c<\/td>\n<td>\u274c<\/td>\n<td>\u2705<\/td>\n<td>\u274c<\/td>\n<\/tr>\n<tr>\n<td>Chat de texto, voz y v\u00eddeo<\/td>\n<td>\u2705<\/td>\n<td>\u2705<\/td>\n<td>\u2705<\/td>\n<td>\u2705<\/td>\n<td>\u2705<\/td>\n<\/tr>\n<tr>\n<td>Fuerte moderaci\u00f3n<\/td>\n<td>\u2705<\/td>\n<td>\u274c<\/td>\n<td>\u2705<\/td>\n<td>\u2705<\/td>\n<td>\u2705<\/td>\n<\/tr>\n<tr>\n<td>Aplicaciones m\u00f3viles<\/td>\n<td>\u2705<\/td>\n<td>\u274c<\/td>\n<td>\u2705<\/td>\n<td>\u2705<\/td>\n<td>\u2705<\/td>\n<\/tr>\n<tr>\n<td>Comunidad y eventos<\/td>\n<td>\u2705<\/td>\n<td>\u274c<\/td>\n<td>\u274c<\/td>\n<td>\u274c<\/td>\n<td>\u274c<\/td>\n<\/tr>\n<tr>\n<td>No es necesario inscribirse<\/td>\n<td>\u2705<\/td>\n<td>\u2705<\/td>\n<td>\u2705<\/td>\n<td>\u2705<\/td>\n<td>\u2705<\/td>\n<\/tr>\n<\/tbody>\n<\/table>\n<p>Como puede ver, TinyChat ofrece una experiencia m\u00e1s rica, personalizable y segura que la mayor\u00eda de las alternativas a Omegle.<\/p>\n<h2>Por qu\u00e9 los usuarios adoran el TinyChat como alternativa al Omegle<\/h2>\n<ul>\n<li>M\u00e1s control sobre con qui\u00e9n hablas: Elige una sala, \u00fanete a un grupo o crea el tuyo propio: se acab\u00f3 la ruleta del \"siguiente\".<\/li>\n<li>Conoce a gente con tus mismos intereses: Desde m\u00fasica y juegos hasta citas y salud mental, encuentra tu p\u00fablico.<\/li>\n<li>Permanezca en el anonimato o cree un perfil: La elecci\u00f3n es suya; siempre se respeta la privacidad.<\/li>\n<li>Participa a tu ritmo: Observe primero, chatee por texto o pase directamente al v\u00eddeo. TinyChat se adapta a su nivel de comodidad.<\/li>\n<li>Comunidad activa y amistosa: TinyChat atrae a gente que realmente quiere charlar, no s\u00f3lo merodear o trollear.<\/li>\n<\/ul>\n<h2>Consejos para sacar el m\u00e1ximo partido al TinyChat<\/h2>\n<ul>\n<li>Explore diferentes salas: Prueba salas p\u00fablicas, privadas y tem\u00e1ticas hasta encontrar tus espacios favoritos.<\/li>\n<li>No seas t\u00edmido: Muchos usuarios empiezan como observadores: participa cuando te sientas c\u00f3modo.<\/li>\n<li>Respeta a los dem\u00e1s: Trata a todo el mundo con amabilidad e informa de cualquier mal comportamiento.<\/li>\n<li>Utilice el v\u00eddeo cuando est\u00e9 preparado: El videochat es una forma estupenda de establecer contactos reales, pero siempre es opcional.<\/li>\n<li>Prueba a organizar tu propia sala: Re\u00fane a amigos o desconocidos para charlar sobre temas que te apasionen.<\/li>\n<\/ul>\n<h2>Seguridad en TinyChat y otras alternativas a Omegle<\/h2>\n<p>La mayor\u00eda de la gente se conecta para divertirse, conectar y conversar, pero es importante:<\/p>\n<ul>\n<li>Nunca compartas informaci\u00f3n personal (nombre completo, direcci\u00f3n, datos de contacto) con desconocidos.<\/li>\n<li>Utiliza un apodo \u00fanico o el modo invitado hasta que te sientas c\u00f3modo.<\/li>\n<li>Abandona cualquier sala o charla que te haga sentir inc\u00f3modo.<\/li>\n<li>Denuncia los malos comportamientos: los moderadores activos est\u00e1n ah\u00ed para ayudar.<\/li>\n<li>Para adolescentes y usuarios m\u00e1s j\u00f3venes: lim\u00edtate a salas apropiadas para su edad y lee todas las directrices de seguridad.<\/li>\n<\/ul>\n<h2>Gratis o de pago: \u00bfEs necesario gastar dinero?<\/h2>\n<p>Las principales funciones de TinyChat -unirse a salas, chatear, v\u00eddeo y audio- son gratuitas. Hay actualizaciones de pago para ventajas adicionales (como regalos virtuales o personalizaci\u00f3n del perfil), pero no las necesitas para disfrutar de la experiencia principal. Es una aut\u00e9ntica alternativa gratuita a Omegle.<\/p>\n<h2>Cu\u00e1ndo probar una alternativa al Omegle como el TinyChat<\/h2>\n<ul>\n<li>Cuando quieras algo m\u00e1s que una charla individual al azar<\/li>\n<li>Si valora la seguridad, la moderaci\u00f3n y la comunidad<\/li>\n<li>Para chats basados en intereses, eventos o conversaciones de grupo<\/li>\n<li>Cuando est\u00e9s aburrido, te sientas solo o tengas curiosidad por conocer gente nueva<\/li>\n<li>Experimentar un nuevo ambiente y una comunidad en l\u00ednea m\u00e1s positiva<\/li>\n<\/ul>\n<p>Si buscas una alternativa a Omegle que sea m\u00e1s segura, divertida e interactiva, TinyChat es tu mejor opci\u00f3n. Con sus animadas salas de chat, moderaci\u00f3n activa y opciones de chat flexibles, es el lugar perfecto para conocer extra\u00f1os, hacer amigos y explorar nuevas comunidades, todo ello mientras mantienes el control de tu experiencia.<\/p>\n<p>\u00bfEst\u00e1s listo para subir de nivel en tu juego de chat en l\u00ednea? \u00danete a una sala TinyChat hoy mismo y descubre la forma m\u00e1s gratificante de conectar con gente nueva en l\u00ednea.<\/p>","protected":false},"excerpt":{"rendered":"<p>For years, Omegle was the go-to platform for anyone looking to connect instantly with strangers via text or video. Its simplicity and spontaneity changed the way millions of people made new friends online. But as the world of random video chat has evolved, so have user expectations\u2014and now, many people are searching for a safer, [&hellip;]<\/p>\n","protected":false},"author":8,"featured_media":0,"parent":0,"menu_order":0,"comment_status":"closed","ping_status":"closed","template":"","meta":{"footnotes":""},"class_list":["post-12021","page","type-page","status-publish","hentry"],"yoast_head":"<!-- This site is optimized with the Yoast SEO plugin v27.5 - https:\/\/yoast.com\/product\/yoast-seo-wordpress\/ -->\n<title>Omegle Alternative with Video Chat on TinyChat.com<\/title>\n<meta name=\"description\" content=\"Enjoying Omegle Alternative? Join over 50,000,000 strangers on TinyChat! Turn on your cam and start meeting new people, or find a match.\" \/>\n<meta name=\"robots\" content=\"index, follow, max-snippet:-1, max-image-preview:large, max-video-preview:-1\" \/>\n<link rel=\"canonical\" href=\"https:\/\/tinychat.com\/es\/omegle-alternative\/\" \/>\n<meta property=\"og:locale\" content=\"es_ES\" \/>\n<meta property=\"og:type\" content=\"article\" \/>\n<meta property=\"og:title\" content=\"Omegle Alternative with Video Chat on TinyChat.com\" \/>\n<meta property=\"og:description\" content=\"Enjoying Omegle Alternative? Join over 50,000,000 strangers on TinyChat! Turn on your cam and start meeting new people, or find a match.\" \/>\n<meta property=\"og:url\" content=\"https:\/\/tinychat.com\/es\/omegle-alternative\/\" \/>\n<meta property=\"og:site_name\" content=\"TinyChat\" \/>\n<meta property=\"article:publisher\" content=\"https:\/\/www.facebook.com\/tinychat\" \/>\n<meta property=\"article:modified_time\" content=\"2025-08-07T08:56:26+00:00\" \/>\n<meta property=\"og:image\" content=\"https:\/\/tinychat.com\/wp-content\/uploads\/2020\/04\/Tinychat-logo-1280x284-new-black.png\" \/>\n\t<meta property=\"og:image:width\" content=\"1280\" \/>\n\t<meta property=\"og:image:height\" content=\"284\" \/>\n\t<meta property=\"og:image:type\" content=\"image\/png\" \/>\n<meta name=\"twitter:card\" content=\"summary_large_image\" \/>\n<meta name=\"twitter:site\" content=\"@tinychat\" \/>\n<meta name=\"twitter:label1\" content=\"Tiempo de lectura\" \/>\n\t<meta name=\"twitter:data1\" content=\"5 minutos\" \/>\n<script type=\"application\/ld+json\" class=\"yoast-schema-graph\">{\"@context\":\"https:\\\/\\\/schema.org\",\"@graph\":[{\"@type\":\"WebPage\",\"@id\":\"https:\\\/\\\/tinychat.com\\\/omegle-alternative\\\/\",\"url\":\"https:\\\/\\\/tinychat.com\\\/omegle-alternative\\\/\",\"name\":\"Omegle Alternative with Video Chat on TinyChat.com\",\"isPartOf\":{\"@id\":\"https:\\\/\\\/tinychat.com\\\/#website\"},\"datePublished\":\"2025-08-07T08:51:13+00:00\",\"dateModified\":\"2025-08-07T08:56:26+00:00\",\"description\":\"Enjoying Omegle Alternative? Join over 50,000,000 strangers on TinyChat! Turn on your cam and start meeting new people, or find a match.\",\"breadcrumb\":{\"@id\":\"https:\\\/\\\/tinychat.com\\\/omegle-alternative\\\/#breadcrumb\"},\"inLanguage\":\"es\",\"potentialAction\":[{\"@type\":\"ReadAction\",\"target\":[\"https:\\\/\\\/tinychat.com\\\/omegle-alternative\\\/\"]}]},{\"@type\":\"BreadcrumbList\",\"@id\":\"https:\\\/\\\/tinychat.com\\\/omegle-alternative\\\/#breadcrumb\",\"itemListElement\":[{\"@type\":\"ListItem\",\"position\":1,\"name\":\"Home\",\"item\":\"https:\\\/\\\/tinychat.com\\\/\"},{\"@type\":\"ListItem\",\"position\":2,\"name\":\"Omegle Alternative\"}]},{\"@type\":\"WebSite\",\"@id\":\"https:\\\/\\\/tinychat.com\\\/#website\",\"url\":\"https:\\\/\\\/tinychat.com\\\/\",\"name\":\"TinyChat\",\"description\":\"Random Video Chat with Strangers\",\"publisher\":{\"@id\":\"https:\\\/\\\/tinychat.com\\\/#organization\"},\"alternateName\":\"TinyChat.com\",\"potentialAction\":[{\"@type\":\"SearchAction\",\"target\":{\"@type\":\"EntryPoint\",\"urlTemplate\":\"https:\\\/\\\/tinychat.com\\\/?s={search_term_string}\"},\"query-input\":{\"@type\":\"PropertyValueSpecification\",\"valueRequired\":true,\"valueName\":\"search_term_string\"}}],\"inLanguage\":\"es\"},{\"@type\":\"Organization\",\"@id\":\"https:\\\/\\\/tinychat.com\\\/#organization\",\"name\":\"TinyChat\",\"alternateName\":\"TinyChat.com\",\"url\":\"https:\\\/\\\/tinychat.com\\\/\",\"logo\":{\"@type\":\"ImageObject\",\"inLanguage\":\"es\",\"@id\":\"https:\\\/\\\/tinychat.com\\\/#\\\/schema\\\/logo\\\/image\\\/\",\"url\":\"https:\\\/\\\/tinychat.com\\\/wp-content\\\/uploads\\\/2023\\\/11\\\/Tinychat-icon-square.png\",\"contentUrl\":\"https:\\\/\\\/tinychat.com\\\/wp-content\\\/uploads\\\/2023\\\/11\\\/Tinychat-icon-square.png\",\"width\":284,\"height\":284,\"caption\":\"TinyChat\"},\"image\":{\"@id\":\"https:\\\/\\\/tinychat.com\\\/#\\\/schema\\\/logo\\\/image\\\/\"},\"sameAs\":[\"https:\\\/\\\/www.facebook.com\\\/tinychat\",\"https:\\\/\\\/x.com\\\/tinychat\"]}]}<\/script>\n<!-- \/ Yoast SEO plugin. -->","yoast_head_json":{"title":"Omegle Alternativa con Video Chat en TinyChat.com","description":"\u00bfDisfrutando de la alternativa Omegle? \u00a1\u00danete a m\u00e1s de 50.000.000 de desconocidos en TinyChat! Enciende tu c\u00e1mara y empieza a conocer gente nueva, o encuentra pareja.","robots":{"index":"index","follow":"follow","max-snippet":"max-snippet:-1","max-image-preview":"max-image-preview:large","max-video-preview":"max-video-preview:-1"},"canonical":"https:\/\/tinychat.com\/es\/omegle-alternative\/","og_locale":"es_ES","og_type":"article","og_title":"Omegle Alternative with Video Chat on TinyChat.com","og_description":"Enjoying Omegle Alternative? Join over 50,000,000 strangers on TinyChat! Turn on your cam and start meeting new people, or find a match.","og_url":"https:\/\/tinychat.com\/es\/omegle-alternative\/","og_site_name":"TinyChat","article_publisher":"https:\/\/www.facebook.com\/tinychat","article_modified_time":"2025-08-07T08:56:26+00:00","og_image":[{"width":1280,"height":284,"url":"https:\/\/tinychat.com\/wp-content\/uploads\/2020\/04\/Tinychat-logo-1280x284-new-black.png","type":"image\/png"}],"twitter_card":"summary_large_image","twitter_site":"@tinychat","twitter_misc":{"Tiempo de lectura":"5 minutos"},"schema":{"@context":"https:\/\/schema.org","@graph":[{"@type":"WebPage","@id":"https:\/\/tinychat.com\/omegle-alternative\/","url":"https:\/\/tinychat.com\/omegle-alternative\/","name":"Omegle Alternativa con Video Chat en TinyChat.com","isPartOf":{"@id":"https:\/\/tinychat.com\/#website"},"datePublished":"2025-08-07T08:51:13+00:00","dateModified":"2025-08-07T08:56:26+00:00","description":"\u00bfDisfrutando de la alternativa Omegle? \u00a1\u00danete a m\u00e1s de 50.000.000 de desconocidos en TinyChat! Enciende tu c\u00e1mara y empieza a conocer gente nueva, o encuentra pareja.","breadcrumb":{"@id":"https:\/\/tinychat.com\/omegle-alternative\/#breadcrumb"},"inLanguage":"es","potentialAction":[{"@type":"ReadAction","target":["https:\/\/tinychat.com\/omegle-alternative\/"]}]},{"@type":"BreadcrumbList","@id":"https:\/\/tinychat.com\/omegle-alternative\/#breadcrumb","itemListElement":[{"@type":"ListItem","position":1,"name":"Home","item":"https:\/\/tinychat.com\/"},{"@type":"ListItem","position":2,"name":"Omegle Alternative"}]},{"@type":"WebSite","@id":"https:\/\/tinychat.com\/#website","url":"https:\/\/tinychat.com\/","name":"TinyChat","description":"Videochat aleatorio con desconocidos","publisher":{"@id":"https:\/\/tinychat.com\/#organization"},"alternateName":"TinyChat.com","potentialAction":[{"@type":"SearchAction","target":{"@type":"EntryPoint","urlTemplate":"https:\/\/tinychat.com\/?s={search_term_string}"},"query-input":{"@type":"PropertyValueSpecification","valueRequired":true,"valueName":"search_term_string"}}],"inLanguage":"es"},{"@type":"Organization","@id":"https:\/\/tinychat.com\/#organization","name":"TinyChat","alternateName":"TinyChat.com","url":"https:\/\/tinychat.com\/","logo":{"@type":"ImageObject","inLanguage":"es","@id":"https:\/\/tinychat.com\/#\/schema\/logo\/image\/","url":"https:\/\/tinychat.com\/wp-content\/uploads\/2023\/11\/Tinychat-icon-square.png","contentUrl":"https:\/\/tinychat.com\/wp-content\/uploads\/2023\/11\/Tinychat-icon-square.png","width":284,"height":284,"caption":"TinyChat"},"image":{"@id":"https:\/\/tinychat.com\/#\/schema\/logo\/image\/"},"sameAs":["https:\/\/www.facebook.com\/tinychat","https:\/\/x.com\/tinychat"]}]}},"_links":{"self":[{"href":"https:\/\/tinychat.com\/es\/wp-json\/wp\/v2\/pages\/12021","targetHints":{"allow":["GET"]}}],"collection":[{"href":"https:\/\/tinychat.com\/es\/wp-json\/wp\/v2\/pages"}],"about":[{"href":"https:\/\/tinychat.com\/es\/wp-json\/wp\/v2\/types\/page"}],"author":[{"embeddable":true,"href":"https:\/\/tinychat.com\/es\/wp-json\/wp\/v2\/users\/8"}],"replies":[{"embeddable":true,"href":"https:\/\/tinychat.com\/es\/wp-json\/wp\/v2\/comments?post=12021"}],"version-history":[{"count":2,"href":"https:\/\/tinychat.com\/es\/wp-json\/wp\/v2\/pages\/12021\/revisions"}],"predecessor-version":[{"id":13417,"href":"https:\/\/tinychat.com\/es\/wp-json\/wp\/v2\/pages\/12021\/revisions\/13417"}],"wp:attachment":[{"href":"https:\/\/tinychat.com\/es\/wp-json\/wp\/v2\/media?parent=12021"}],"curies":[{"name":"wp","href":"https:\/\/api.w.org\/{rel}","templated":true}]}}