{"id":12071,"date":"2025-08-11T08:47:15","date_gmt":"2025-08-11T06:47:15","guid":{"rendered":"https:\/\/tinychat.com\/?page_id=12071"},"modified":"2025-08-11T09:25:19","modified_gmt":"2025-08-11T07:25:19","slug":"callmechat","status":"publish","type":"page","link":"https:\/\/tinychat.com\/es\/callmechat\/","title":{"rendered":"Callmechat"},"content":{"rendered":"<p>En el panorama digital actual, en el que las redes sociales son cada vez m\u00e1s curadas y predecibles, Callmechat ofrece una alternativa refrescante. En lugar de navegar por perfiles pulidos o seguir algoritmos de contenido, Callmechat se centra en la conexi\u00f3n humana directa y en tiempo real, poni\u00e9ndote cara a cara con desconocidos de todo el mundo en cuesti\u00f3n de segundos.<\/p>\n<p>Tanto si lo que buscas es una conversaci\u00f3n informal, practicar un idioma extranjero, explorar nuevas culturas o incluso esperar una chispa rom\u00e1ntica, Callmechat te lo pone f\u00e1cil para conocer gente en l\u00ednea de una forma aut\u00e9ntica y sin filtros.<\/p>\n<p>Esta gu\u00eda en profundidad explora qu\u00e9 es Callmechat, sus caracter\u00edsticas, herramientas de seguridad, c\u00f3mo usarlo y c\u00f3mo se compara con otras plataformas de videochat aleatorias.<\/p>\n<h2>\u00bfQu\u00e9 es Callmechat?<\/h2>\n<p>Callmechat es una plataforma de videochat aleatorio que conecta a los usuarios de forma instant\u00e1nea a trav\u00e9s de v\u00eddeo en directo, audio y mensajes de texto opcionales. Al igual que Omegle, Chatroulette o ChatHub, est\u00e1 pensada para interacciones espont\u00e1neas, pero utiliza tecnolog\u00eda de streaming moderna, una interfaz m\u00e1s limpia y medidas de seguridad a\u00f1adidas para mejorar la experiencia general.<\/p>\n<p>Puedes unirte a las conversaciones con un solo clic o toque, sin necesidad de largos registros ni complicadas configuraciones. Esta sencillez ha hecho que Callmechat resulte atractiva para un amplio abanico de usuarios, desde los primerizos hasta los asiduos que se conectan a diario para ver a qui\u00e9n conocen.<\/p>\n<h2>Caracter\u00edsticas principales de Callmechat<\/h2>\n<p>Callmechat est\u00e1 dise\u00f1ado con un equilibrio entre diversi\u00f3n, seguridad y facilidad de uso, lo que lo convierte en una opci\u00f3n s\u00f3lida para cualquier persona interesada en el videochat aleatorio.<\/p>\n<h3>1. Emparejamiento aleatorio instant\u00e1neo<\/h3>\n<ul>\n<li>Con\u00e9ctese en segundos con desconocidos de cualquier parte del mundo.<\/li>\n<li>Sin colas ni esperas: basta con tocar y empezar a chatear.<\/li>\n<li>Pasa a la siguiente persona al instante si el ambiente no es el adecuado.<\/li>\n<\/ul>\n<h3>2. Filtros de ubicaci\u00f3n y sexo<\/h3>\n<ul>\n<li>Elija regiones espec\u00edficas para concentrar sus partidos.<\/li>\n<li>Filtre por sexo para una experiencia m\u00e1s personalizada.<\/li>\n<li>Opcional: deje los filtros desactivados para una aleatoriedad total.<\/li>\n<\/ul>\n<h3>3. Chat de texto integrado<\/h3>\n<ul>\n<li>Chatea por texto junto a tu secuencia de v\u00eddeo.<\/li>\n<li>Perfecto para compartir notas r\u00e1pidas, traducciones o enlaces.<\/li>\n<\/ul>\n<h3>4. Opci\u00f3n de amistad y reconexi\u00f3n<\/h3>\n<ul>\n<li>A\u00f1ade a gente con la que te haya gustado hablar para volver a conectar.<\/li>\n<li>No es necesario confiar en el azar para un segundo encuentro.<\/li>\n<\/ul>\n<h3>5. Efectos visuales divertidos<\/h3>\n<ul>\n<li>Utiliza m\u00e1scaras, pegatinas y filtros AR para romper el hielo.<\/li>\n<li>A\u00f1ade humor o estilo a tus conversaciones.<\/li>\n<\/ul>\n<h3>6. Herramientas de seguridad y privacidad<\/h3>\n<ul>\n<li>El modo de previsualizaci\u00f3n de desenfoque te permite ver una silueta antes de mostrar el v\u00eddeo completo.<\/li>\n<li>Botones r\u00e1pidos de denuncia y bloqueo disponibles en todo momento.<\/li>\n<li>Equipo de moderaci\u00f3n activo para tratar los comportamientos inadecuados.<\/li>\n<\/ul>\n<h3>7. Accesibilidad multiplataforma<\/h3>\n<ul>\n<li>Funciona sin problemas en navegadores de escritorio y dispositivos m\u00f3viles.<\/li>\n<li>Interfaz adaptable a cualquier tama\u00f1o de pantalla.<\/li>\n<\/ul>\n<h2>C\u00f3mo utilizar Callmechat<\/h2>\n<p>Uno de los puntos fuertes del Callmechat es su f\u00e1cil configuraci\u00f3n para principiantes.<\/p>\n<h3>Paso 1: Acceder a la plataforma<\/h3>\n<ul>\n<li>Visite el sitio web oficial de Callmechat desde su ordenador o m\u00f3vil.<\/li>\n<li>En algunas regiones tambi\u00e9n se puede acceder a las aplicaciones a trav\u00e9s de las tiendas de aplicaciones.<\/li>\n<\/ul>\n<h3>Paso 2: Ajuste la configuraci\u00f3n<\/h3>\n<ul>\n<li>Seleccione su ubicaci\u00f3n preferida o d\u00e9jela global.<\/li>\n<li>Elija el filtro de g\u00e9nero si lo desea.<\/li>\n<li>Activa la previsualizaci\u00f3n del desenfoque para mayor seguridad.<\/li>\n<\/ul>\n<h3>Paso 3: Empezar a chatear<\/h3>\n<ul>\n<li>Haga clic en Empezar y consiga un emparejamiento al instante.<\/li>\n<li>Utilice Siguiente para saltar a una nueva coincidencia en cualquier momento.<\/li>\n<\/ul>\n<h3>Paso 4: A\u00f1adir amigos o seguir navegando<\/h3>\n<ul>\n<li>Guarda personas interesantes en tu lista de amigos.<\/li>\n<li>Sigue chateando con gente nueva todo el tiempo que quieras.<\/li>\n<\/ul>\n<h2>Experiencia de usuario en Callmechat<\/h2>\n<p>La interfaz sencilla y la baja barrera de entrada de Callmechat le han ayudado a ganarse una base de usuarios fieles.<\/p>\n<h3>Lo que les gusta a los usuarios<\/h3>\n<ul>\n<li>Configuraci\u00f3n r\u00e1pida, sin inscripci\u00f3n obligatoria.<\/li>\n<li>Calidad de v\u00eddeo estable con un retardo m\u00ednimo.<\/li>\n<li>Filtros personalizables para obtener coincidencias m\u00e1s relevantes.<\/li>\n<li>Opciones de seguridad como la vista previa borrosa.<\/li>\n<li>Interfaz sencilla que funciona en todos los dispositivos.<\/li>\n<\/ul>\n<h3>Inconvenientes comunes<\/h3>\n<ul>\n<li>Algunos filtros pueden requerir acceso premium.<\/li>\n<li>Menor base de usuarios en determinadas zonas horarias.<\/li>\n<li>Carece de traducci\u00f3n integrada para chats multiling\u00fces.<\/li>\n<li>La disponibilidad de la aplicaci\u00f3n puede variar seg\u00fan el pa\u00eds.<\/li>\n<\/ul>\n<h2>Callmechat frente a otras plataformas de videochat aleatorias<\/h2>\n<table>\n<thead>\n<tr>\n<th>Caracter\u00edstica<\/th>\n<th>Callmechat<\/th>\n<th>OmegleWeb<\/th>\n<th>ChatHub<\/th>\n<th>Camloo<\/th>\n<th>LuckyCrush<\/th>\n<th>Azar<\/th>\n<\/tr>\n<\/thead>\n<tbody>\n<tr>\n<td>Random Video Chat con Desconocidos<\/td>\n<td>\u2705 S\u00ed<\/td>\n<td>\u2705 S\u00ed<\/td>\n<td>\u2705 S\u00ed<\/td>\n<td>\u2705 S\u00ed<\/td>\n<td>\u2705 S\u00ed<\/td>\n<td>\u2705 S\u00ed<\/td>\n<\/tr>\n<tr>\n<td>Filtros de g\u00e9nero\/ubicaci\u00f3n<\/td>\n<td>\u2705 S\u00ed<\/td>\n<td>\u26a0\ufe0f Limitada<\/td>\n<td>\u2705 S\u00ed<\/td>\n<td>\u2705 S\u00ed<\/td>\n<td>\u2705 S\u00ed<\/td>\n<td>\u2705 S\u00ed<\/td>\n<\/tr>\n<tr>\n<td>Modo de previsualizaci\u00f3n de desenfoque<\/td>\n<td>\u2705 S\u00ed<\/td>\n<td>\u274c No<\/td>\n<td>\u2705 S\u00ed<\/td>\n<td>\u2705 S\u00ed<\/td>\n<td>\u274c No<\/td>\n<td>\u2705 S\u00ed<\/td>\n<\/tr>\n<tr>\n<td>Efectos\/Filtros divertidos<\/td>\n<td>\u2705 S\u00ed<\/td>\n<td>\u274c No<\/td>\n<td>\u2705 S\u00ed<\/td>\n<td>\u2705 S\u00ed<\/td>\n<td>\u274c No<\/td>\n<td>\u2705 S\u00ed<\/td>\n<\/tr>\n<tr>\n<td>Sistema de amigos<\/td>\n<td>\u2705 S\u00ed<\/td>\n<td>\u274c No<\/td>\n<td>\u2705 S\u00ed<\/td>\n<td>\u2705 S\u00ed<\/td>\n<td>\u2705 S\u00ed<\/td>\n<td>\u2705 S\u00ed<\/td>\n<\/tr>\n<tr>\n<td>Traducci\u00f3n<\/td>\n<td>\u274c No<\/td>\n<td>\u274c No<\/td>\n<td>\u274c No<\/td>\n<td>\u274c No<\/td>\n<td>\u274c No<\/td>\n<td>\u2705 S\u00ed<\/td>\n<\/tr>\n<tr>\n<td>Multiplataforma<\/td>\n<td>\u2705 S\u00ed<\/td>\n<td>\u2705 S\u00ed<\/td>\n<td>\u2705 S\u00ed<\/td>\n<td>\u2705 S\u00ed<\/td>\n<td>\u2705 S\u00ed<\/td>\n<td>\u2705 S\u00ed<\/td>\n<\/tr>\n<\/tbody>\n<\/table>\n<p>Resumen: Callmechat ofrece un s\u00f3lido equilibrio de funciones, herramientas de privacidad y rendimiento, lo que lo convierte en una gran opci\u00f3n para los usuarios que desean chats aleatorios r\u00e1pidos y sin complicaciones sin sacrificar la seguridad.<\/p>\n<h2>\u00bfEs seguro el Callmechat?<\/h2>\n<p>S\u00ed-Callmechat se toma muy en serio la seguridad del usuario:<\/p>\n<ul>\n<li>La moderaci\u00f3n basada en IA filtra los contenidos expl\u00edcitos.<\/li>\n<li>Las herramientas de bloqueo\/denuncia est\u00e1n siempre disponibles.<\/li>\n<li>El modo Desenfoque mantiene tu v\u00eddeo oculto hasta que lo apruebes.<\/li>\n<li>Puedes chatear de forma an\u00f3nima, sin necesidad de revelar informaci\u00f3n personal.<\/li>\n<\/ul>\n<h3>Consejos de seguridad<\/h3>\n<ul>\n<li>Evita compartir tu ubicaci\u00f3n o tus datos personales.<\/li>\n<li>Utilice el modo borroso para las primeras impresiones.<\/li>\n<li>Denuncia inmediatamente los comportamientos inadecuados.<\/li>\n<li>Los padres deben supervisar a los usuarios m\u00e1s j\u00f3venes.<\/li>\n<\/ul>\n<h2>Consejos para sacar el m\u00e1ximo partido al Callmechat<\/h2>\n<ul>\n<li>Utilice el modo global para ampliar sus conexiones culturales.<\/li>\n<li>Active los filtros cuando desee coincidencias espec\u00edficas.<\/li>\n<li>Con\u00e9ctese durante las horas punta para ver m\u00e1s actividad de usuarios.<\/li>\n<li>Juega con los efectos para que las interacciones sean m\u00e1s divertidas.<\/li>\n<li>Mant\u00e9n una buena iluminaci\u00f3n para una mejor impresi\u00f3n del v\u00eddeo.<\/li>\n<li>Ayuda a la comunidad denunciando a los infractores de las normas.<\/li>\n<\/ul>\n<h2>Problemas y soluciones comunes del Callmechat<\/h2>\n<h3>La c\u00e1mara y el micr\u00f3fono no funcionan<\/h3>\n<p>Permita permisos en la configuraci\u00f3n de su navegador o aplicaci\u00f3n.<\/p>\n<h3>Mala calidad de v\u00eddeo<\/h3>\n<p>Utiliza una conexi\u00f3n Wi-Fi estable y cierra las aplicaciones en segundo plano.<\/p>\n<h3>Filtros no aplicados<\/h3>\n<p>Inicia sesi\u00f3n y aseg\u00farate de que tienes acceso a las funciones Premium si lo necesitas.<\/p>\n<h3>Usuarios ofensivos<\/h3>\n<p>Bloquea, denuncia y pasa al siguiente partido inmediatamente.<\/p>\n<p>Si quieres una experiencia de videochat aleatoria sencilla, segura y atractiva, Callmechat te la ofrece. No est\u00e1 sobrecargado de artilugios, se centra en un emparejamiento r\u00e1pido, herramientas de privacidad decentes y un dise\u00f1o limpio, que es exactamente lo que mucha gente quiere en este tipo de plataformas.<\/p>\n<p>Aunque no dispone de todas las funciones avanzadas del mercado, ofrece la funcionalidad suficiente para que pases un rato agradable y tus encuentros sean significativos. Tanto si est\u00e1s aqu\u00ed para una conversaci\u00f3n r\u00e1pida o para construir una nueva conexi\u00f3n, Callmechat es una s\u00f3lida adici\u00f3n a su l\u00ednea de chat al azar.<\/p>\n<p>\u00bfListo para empezar? Visita Callmechat, pulsa empezar y descubre ad\u00f3nde te lleva tu pr\u00f3xima conversaci\u00f3n.<\/p>","protected":false},"excerpt":{"rendered":"<p>In today\u2019s digital landscape, where social media feeds are increasingly curated and predictable, Callmechat offers a refreshing alternative. Instead of browsing polished profiles or following content algorithms, Callmechat focuses on direct, real-time human connection\u2014putting you face-to-face with strangers from around the globe in a matter of seconds. Whether you\u2019re looking for casual conversation, practicing a [&hellip;]<\/p>\n","protected":false},"author":6,"featured_media":0,"parent":0,"menu_order":0,"comment_status":"closed","ping_status":"closed","template":"","meta":{"footnotes":""},"class_list":["post-12071","page","type-page","status-publish","hentry"],"yoast_head":"<!-- This site is optimized with the Yoast SEO plugin v27.5 - https:\/\/yoast.com\/product\/yoast-seo-wordpress\/ -->\n<title>Callmechat - Alternative to OmeTV &amp; Monkey App - TinyChat.com<\/title>\n<meta name=\"description\" content=\"Enjoying Callmechat? Join over 50,000,000 strangers on TinyChat! Turn on your cam and start meeting new people, or find a match.\" \/>\n<meta name=\"robots\" content=\"index, follow, max-snippet:-1, max-image-preview:large, max-video-preview:-1\" \/>\n<link rel=\"canonical\" href=\"https:\/\/tinychat.com\/es\/callmechat\/\" \/>\n<meta property=\"og:locale\" content=\"es_ES\" \/>\n<meta property=\"og:type\" content=\"article\" \/>\n<meta property=\"og:title\" content=\"Callmechat - Alternative to OmeTV &amp; Monkey App - TinyChat.com\" \/>\n<meta property=\"og:description\" content=\"Enjoying Callmechat? Join over 50,000,000 strangers on TinyChat! Turn on your cam and start meeting new people, or find a match.\" \/>\n<meta property=\"og:url\" content=\"https:\/\/tinychat.com\/es\/callmechat\/\" \/>\n<meta property=\"og:site_name\" content=\"TinyChat\" \/>\n<meta property=\"article:publisher\" content=\"https:\/\/www.facebook.com\/tinychat\" \/>\n<meta property=\"article:modified_time\" content=\"2025-08-11T07:25:19+00:00\" \/>\n<meta property=\"og:image\" content=\"https:\/\/tinychat.com\/wp-content\/uploads\/2020\/04\/Tinychat-logo-1280x284-new-black.png\" \/>\n\t<meta property=\"og:image:width\" content=\"1280\" \/>\n\t<meta property=\"og:image:height\" content=\"284\" \/>\n\t<meta property=\"og:image:type\" content=\"image\/png\" \/>\n<meta name=\"twitter:card\" content=\"summary_large_image\" \/>\n<meta name=\"twitter:site\" content=\"@tinychat\" \/>\n<meta name=\"twitter:label1\" content=\"Tiempo de lectura\" \/>\n\t<meta name=\"twitter:data1\" content=\"5 minutos\" \/>\n<script type=\"application\/ld+json\" class=\"yoast-schema-graph\">{\"@context\":\"https:\\\/\\\/schema.org\",\"@graph\":[{\"@type\":\"WebPage\",\"@id\":\"https:\\\/\\\/tinychat.com\\\/callmechat\\\/\",\"url\":\"https:\\\/\\\/tinychat.com\\\/callmechat\\\/\",\"name\":\"Callmechat - Alternative to OmeTV & Monkey App - TinyChat.com\",\"isPartOf\":{\"@id\":\"https:\\\/\\\/tinychat.com\\\/#website\"},\"datePublished\":\"2025-08-11T06:47:15+00:00\",\"dateModified\":\"2025-08-11T07:25:19+00:00\",\"description\":\"Enjoying Callmechat? Join over 50,000,000 strangers on TinyChat! Turn on your cam and start meeting new people, or find a match.\",\"breadcrumb\":{\"@id\":\"https:\\\/\\\/tinychat.com\\\/callmechat\\\/#breadcrumb\"},\"inLanguage\":\"es\",\"potentialAction\":[{\"@type\":\"ReadAction\",\"target\":[\"https:\\\/\\\/tinychat.com\\\/callmechat\\\/\"]}]},{\"@type\":\"BreadcrumbList\",\"@id\":\"https:\\\/\\\/tinychat.com\\\/callmechat\\\/#breadcrumb\",\"itemListElement\":[{\"@type\":\"ListItem\",\"position\":1,\"name\":\"Home\",\"item\":\"https:\\\/\\\/tinychat.com\\\/\"},{\"@type\":\"ListItem\",\"position\":2,\"name\":\"Callmechat\"}]},{\"@type\":\"WebSite\",\"@id\":\"https:\\\/\\\/tinychat.com\\\/#website\",\"url\":\"https:\\\/\\\/tinychat.com\\\/\",\"name\":\"TinyChat\",\"description\":\"Random Video Chat with Strangers\",\"publisher\":{\"@id\":\"https:\\\/\\\/tinychat.com\\\/#organization\"},\"alternateName\":\"TinyChat.com\",\"potentialAction\":[{\"@type\":\"SearchAction\",\"target\":{\"@type\":\"EntryPoint\",\"urlTemplate\":\"https:\\\/\\\/tinychat.com\\\/?s={search_term_string}\"},\"query-input\":{\"@type\":\"PropertyValueSpecification\",\"valueRequired\":true,\"valueName\":\"search_term_string\"}}],\"inLanguage\":\"es\"},{\"@type\":\"Organization\",\"@id\":\"https:\\\/\\\/tinychat.com\\\/#organization\",\"name\":\"TinyChat\",\"alternateName\":\"TinyChat.com\",\"url\":\"https:\\\/\\\/tinychat.com\\\/\",\"logo\":{\"@type\":\"ImageObject\",\"inLanguage\":\"es\",\"@id\":\"https:\\\/\\\/tinychat.com\\\/#\\\/schema\\\/logo\\\/image\\\/\",\"url\":\"https:\\\/\\\/tinychat.com\\\/wp-content\\\/uploads\\\/2023\\\/11\\\/Tinychat-icon-square.png\",\"contentUrl\":\"https:\\\/\\\/tinychat.com\\\/wp-content\\\/uploads\\\/2023\\\/11\\\/Tinychat-icon-square.png\",\"width\":284,\"height\":284,\"caption\":\"TinyChat\"},\"image\":{\"@id\":\"https:\\\/\\\/tinychat.com\\\/#\\\/schema\\\/logo\\\/image\\\/\"},\"sameAs\":[\"https:\\\/\\\/www.facebook.com\\\/tinychat\",\"https:\\\/\\\/x.com\\\/tinychat\"]}]}<\/script>\n<!-- \/ Yoast SEO plugin. -->","yoast_head_json":{"title":"Callmechat - Alternativa a OmeTV y Monkey App - TinyChat.com","description":"\u00bfDisfrutando del Callmechat? \u00a1\u00danete a m\u00e1s de 50.000.000 de desconocidos en TinyChat! Enciende tu c\u00e1mara y empieza a conocer gente nueva, o encuentra una pareja.","robots":{"index":"index","follow":"follow","max-snippet":"max-snippet:-1","max-image-preview":"max-image-preview:large","max-video-preview":"max-video-preview:-1"},"canonical":"https:\/\/tinychat.com\/es\/callmechat\/","og_locale":"es_ES","og_type":"article","og_title":"Callmechat - Alternative to OmeTV & Monkey App - TinyChat.com","og_description":"Enjoying Callmechat? Join over 50,000,000 strangers on TinyChat! Turn on your cam and start meeting new people, or find a match.","og_url":"https:\/\/tinychat.com\/es\/callmechat\/","og_site_name":"TinyChat","article_publisher":"https:\/\/www.facebook.com\/tinychat","article_modified_time":"2025-08-11T07:25:19+00:00","og_image":[{"width":1280,"height":284,"url":"https:\/\/tinychat.com\/wp-content\/uploads\/2020\/04\/Tinychat-logo-1280x284-new-black.png","type":"image\/png"}],"twitter_card":"summary_large_image","twitter_site":"@tinychat","twitter_misc":{"Tiempo de lectura":"5 minutos"},"schema":{"@context":"https:\/\/schema.org","@graph":[{"@type":"WebPage","@id":"https:\/\/tinychat.com\/callmechat\/","url":"https:\/\/tinychat.com\/callmechat\/","name":"Callmechat - Alternativa a OmeTV y Monkey App - TinyChat.com","isPartOf":{"@id":"https:\/\/tinychat.com\/#website"},"datePublished":"2025-08-11T06:47:15+00:00","dateModified":"2025-08-11T07:25:19+00:00","description":"\u00bfDisfrutando del Callmechat? \u00a1\u00danete a m\u00e1s de 50.000.000 de desconocidos en TinyChat! Enciende tu c\u00e1mara y empieza a conocer gente nueva, o encuentra una pareja.","breadcrumb":{"@id":"https:\/\/tinychat.com\/callmechat\/#breadcrumb"},"inLanguage":"es","potentialAction":[{"@type":"ReadAction","target":["https:\/\/tinychat.com\/callmechat\/"]}]},{"@type":"BreadcrumbList","@id":"https:\/\/tinychat.com\/callmechat\/#breadcrumb","itemListElement":[{"@type":"ListItem","position":1,"name":"Home","item":"https:\/\/tinychat.com\/"},{"@type":"ListItem","position":2,"name":"Callmechat"}]},{"@type":"WebSite","@id":"https:\/\/tinychat.com\/#website","url":"https:\/\/tinychat.com\/","name":"TinyChat","description":"Videochat aleatorio con desconocidos","publisher":{"@id":"https:\/\/tinychat.com\/#organization"},"alternateName":"TinyChat.com","potentialAction":[{"@type":"SearchAction","target":{"@type":"EntryPoint","urlTemplate":"https:\/\/tinychat.com\/?s={search_term_string}"},"query-input":{"@type":"PropertyValueSpecification","valueRequired":true,"valueName":"search_term_string"}}],"inLanguage":"es"},{"@type":"Organization","@id":"https:\/\/tinychat.com\/#organization","name":"TinyChat","alternateName":"TinyChat.com","url":"https:\/\/tinychat.com\/","logo":{"@type":"ImageObject","inLanguage":"es","@id":"https:\/\/tinychat.com\/#\/schema\/logo\/image\/","url":"https:\/\/tinychat.com\/wp-content\/uploads\/2023\/11\/Tinychat-icon-square.png","contentUrl":"https:\/\/tinychat.com\/wp-content\/uploads\/2023\/11\/Tinychat-icon-square.png","width":284,"height":284,"caption":"TinyChat"},"image":{"@id":"https:\/\/tinychat.com\/#\/schema\/logo\/image\/"},"sameAs":["https:\/\/www.facebook.com\/tinychat","https:\/\/x.com\/tinychat"]}]}},"_links":{"self":[{"href":"https:\/\/tinychat.com\/es\/wp-json\/wp\/v2\/pages\/12071","targetHints":{"allow":["GET"]}}],"collection":[{"href":"https:\/\/tinychat.com\/es\/wp-json\/wp\/v2\/pages"}],"about":[{"href":"https:\/\/tinychat.com\/es\/wp-json\/wp\/v2\/types\/page"}],"author":[{"embeddable":true,"href":"https:\/\/tinychat.com\/es\/wp-json\/wp\/v2\/users\/6"}],"replies":[{"embeddable":true,"href":"https:\/\/tinychat.com\/es\/wp-json\/wp\/v2\/comments?post=12071"}],"version-history":[{"count":4,"href":"https:\/\/tinychat.com\/es\/wp-json\/wp\/v2\/pages\/12071\/revisions"}],"predecessor-version":[{"id":13434,"href":"https:\/\/tinychat.com\/es\/wp-json\/wp\/v2\/pages\/12071\/revisions\/13434"}],"wp:attachment":[{"href":"https:\/\/tinychat.com\/es\/wp-json\/wp\/v2\/media?parent=12071"}],"curies":[{"name":"wp","href":"https:\/\/api.w.org\/{rel}","templated":true}]}}