{"id":12425,"date":"2025-08-04T11:58:01","date_gmt":"2025-08-04T09:58:01","guid":{"rendered":"https:\/\/tinychat.com\/?page_id=12425"},"modified":"2025-08-04T12:06:22","modified_gmt":"2025-08-04T10:06:22","slug":"minichat","status":"publish","type":"page","link":"https:\/\/tinychat.com\/es\/minichat\/","title":{"rendered":"Minichat"},"content":{"rendered":"<p>En un mundo abarrotado de redes sociales y aplicaciones, a veces menos es m\u00e1s. MiniChat es un soplo de aire fresco para aquellos que anhelan una conexi\u00f3n en tiempo real, pero sin todo el ruido, los perfiles y la carga de privacidad de las principales plataformas sociales. Basado en los principios b\u00e1sicos de velocidad, sencillez y privacidad, MiniChat es perfecto para cualquiera que desee conocer gente nueva, chatear de forma an\u00f3nima o crear debates r\u00e1pidos en grupo, sin necesidad de registrarse ni complicaciones.<\/p>\n<p>Tanto si quieres mantener una conversaci\u00f3n al azar, hacer nuevos amigos, matar unos minutos o simplemente disfrutar de una experiencia de chat privada y sin distracciones, MiniChat te ofrece una interfaz optimizada y un compromiso con el anonimato del usuario. Sin descargas, sin datos personales, sin largos formularios: s\u00f3lo chatear.<\/p>\n<p>Esta gu\u00eda en profundidad cubre todo lo que necesitas saber sobre MiniChat: qu\u00e9 es, c\u00f3mo funciona, caracter\u00edsticas clave, experiencia de usuario, seguridad, comparaciones con otras plataformas, consejos para solucionar problemas y consejos de expertos para aprovechar al m\u00e1ximo tu tiempo en MiniChat.<\/p>\n<h2>\u00bfQu\u00e9 es MiniChat?<\/h2>\n<p>MiniChat es una plataforma de chat an\u00f3nima basada en navegador, dise\u00f1ada para facilitar al m\u00e1ximo las conversaciones instant\u00e1neas individuales o en grupo. A diferencia de las salas de chat tradicionales y las aplicaciones \"sociales\" modernas, que te obligan a registrarte, crear perfiles y compartir datos personales, MiniChat adopta un enfoque \"minimalista\":<\/p>\n<ul>\n<li>No es necesario registrarse: S\u00f3lo tienes que elegir un apodo y listo.<\/li>\n<li>No se necesitan datos personales: Mant\u00e9ngase tan an\u00f3nimo como desee.<\/li>\n<li>Sin desorden: Interfaz limpia, r\u00e1pida y apta para m\u00f3viles.<\/li>\n<\/ul>\n<p>MiniChat es ideal para:<\/p>\n<ul>\n<li>Chat an\u00f3nimo con desconocidos<\/li>\n<li>Debates en grupo sin cuentas<\/li>\n<li>Conversaciones r\u00e1pidas y espont\u00e1neas<\/li>\n<li>Personas que valoran la privacidad y el minimalismo<\/li>\n<li>Usuarios de m\u00f3viles y ordenadores<\/li>\n<\/ul>\n<h2>Caracter\u00edsticas principales de MiniChat<\/h2>\n<p>MiniChat destaca entre la multitud por hacer algunas cosas muy bien:<\/p>\n<h3>1. Registro cero, sin complicaciones<\/h3>\n<p>Empieza a chatear al instante: s\u00f3lo tienes que introducir un apodo. Sin necesidad de correo electr\u00f3nico, tel\u00e9fono o redes sociales.<\/p>\n<h3>2. An\u00f3nimo por dise\u00f1o<\/h3>\n<p>No hay perfiles, ni listas de contactos guardadas, ni se almacenan datos personales. Tus chats son ef\u00edmeros y privados.<\/p>\n<h3>3. Interfaz ligera y r\u00e1pida<\/h3>\n<ul>\n<li>Interfaz de usuario minimalista: Se centra en el chat, no en funciones que nunca usar\u00e1s.<\/li>\n<li>Compatible con m\u00f3viles y ordenadores de sobremesa: el sitio se carga r\u00e1pidamente y funciona sin problemas en todos los tama\u00f1os de pantalla.<\/li>\n<li>Sin anuncios, ventanas emergentes ni distracciones: S\u00f3lo conversaci\u00f3n.<\/li>\n<\/ul>\n<h3>4. Chat aleatorio y salas de grupo<\/h3>\n<ul>\n<li>Uno a uno al azar: Empar\u00e9jate al instante con un desconocido e inicia un chat privado.<\/li>\n<li>Salas de grupo: \u00danete a salas de grupo abiertas o crea las tuyas propias para debatir sobre cualquier tema.<\/li>\n<li>Compartir sala: Comparte un enlace directo para invitar a tus amigos o crear una peque\u00f1a comunidad.<\/li>\n<\/ul>\n<h3>5. Chats seguros y privados<\/h3>\n<ul>\n<li>No hay registros de chat: Las conversaciones desaparecen cuando cierras la ventana o sales de la sala.<\/li>\n<li>Sin seguimiento: MiniChat no rastrea el comportamiento de los usuarios ni vende datos.<\/li>\n<\/ul>\n<h3>6. Emoji y medios b\u00e1sicos para compartir<\/h3>\n<ul>\n<li>Expr\u00e9sate: Env\u00eda emojis y (cuando est\u00e9 habilitado) comparte im\u00e1genes o enlaces para un chat m\u00e1s animado.<\/li>\n<\/ul>\n<h3>7. Herramientas de moderaci\u00f3n instant\u00e1nea<\/h3>\n<ul>\n<li>Bloquear\/denunciar: Herramientas de un solo clic para bloquear o denunciar a usuarios abusivos, ayudando a mantener MiniChat amigable y seguro.<\/li>\n<\/ul>\n<h3>8. Comunidad internacional<\/h3>\n<ul>\n<li>Acceso global: Usuarios de todo el mundo, sin restricciones regionales.<\/li>\n<li>Filtros de idioma: Elige tu idioma o conecta con usuarios de todo el mundo.<\/li>\n<\/ul>\n<h2>C\u00f3mo utilizar MiniChat<\/h2>\n<p>MiniChat es una conversaci\u00f3n instant\u00e1nea y sin fricciones:<\/p>\n<h3>Paso 1: Visite el sitio web de MiniChat<\/h3>\n<p>Vaya a minichat.com (o al dominio local correspondiente) en cualquier navegador.<\/p>\n<h3>Paso 2: Elige un apodo<\/h3>\n<p>Introduzca un apodo, real o inventado. No es necesario registrarse.<\/p>\n<h3>Paso 3: Elegir el modo de chat<\/h3>\n<ul>\n<li>Chat aleatorio: Empar\u00e9jate al instante con un desconocido para una charla privada y an\u00f3nima.<\/li>\n<li>Salas de grupo: \u00danete a una sala de grupo p\u00fablica por tema, o crea la tuya propia e invita a otros con un enlace directo.<\/li>\n<\/ul>\n<h3>Paso 4: Empezar a chatear<\/h3>\n<p>Salta a la conversaci\u00f3n. Utiliza emojis, haz preguntas o simplemente habla de tu d\u00eda.<\/p>\n<h3>Paso 5: Utilizar herramientas de moderaci\u00f3n<\/h3>\n<p>Si te encuentras con un trol o un comportamiento no deseado, utiliza la funci\u00f3n de bloqueo o denuncia. El equipo de moderaci\u00f3n de MiniChat act\u00faa con rapidez para mantener la seguridad.<\/p>\n<h3>Paso 6: Irse o seguir adelante<\/h3>\n<p>Cuando est\u00e9s listo, abandona el chat o la sala de grupo: tus mensajes desaparecer\u00e1n y podr\u00e1s empezar de nuevo.<\/p>\n<h2>Experiencia de usuario en MiniChat<\/h2>\n<p>MiniChat es sin\u00f3nimo de facilidad, privacidad y conversaciones significativas:<\/p>\n<h3>Lo que les gusta a los usuarios<\/h3>\n<ul>\n<li>Acceso inmediato: Sin esperas, sin formularios, sin configuraci\u00f3n.<\/li>\n<li>Minimalismo: Una interfaz limpia que no estorba.<\/li>\n<li>An\u00f3nimo por defecto: Sin perfiles, sin equipaje, s\u00f3lo conversaci\u00f3n.<\/li>\n<li>Chat en grupo y uno a uno: Flexibilidad tanto para chats aleatorios como para debates en grupos reducidos.<\/li>\n<li>Dise\u00f1o mobile-first: Funciona a la perfecci\u00f3n en smartphones, tabletas y ordenadores de sobremesa.<\/li>\n<li>Sin anuncios ni ventanas emergentes: Chat sin distracciones.<\/li>\n<li>Chats ef\u00edmeros: Sin rastro de datos, sin registros de chat.<\/li>\n<\/ul>\n<h3>Donde los usuarios ven margen de mejora<\/h3>\n<ul>\n<li>No hay videochat ni chat de voz: s\u00f3lo texto (por ahora).<\/li>\n<li>Las salas para grupos son b\u00e1sicas, sin funciones avanzadas de gesti\u00f3n.<\/li>\n<li>Menos usuarios en horas valle (sigue creciendo en comparaci\u00f3n con plataformas m\u00e1s grandes).<\/li>\n<li>No hay perfil ni lista de amigos para mantener contactos a largo plazo (por dise\u00f1o, por privacidad).<\/li>\n<\/ul>\n<h3>Opiniones reales de los usuarios<\/h3>\n<blockquote><p>\"Me encanta lo r\u00e1pido que es MiniChat. Estoy chateando con alguien nuevo en segundos, sin registro, sin estr\u00e9s\".<br \/>\n- <em>Sam D., Trustpilot<\/em><\/p><\/blockquote>\n<blockquote><p>\"Minimalista y privado. Nadie pregunta qui\u00e9n eres y puedes irte en cualquier momento sin dejar rastro\".<br \/>\n- <em>Isabella R., Opiniones de Google<\/em><\/p><\/blockquote>\n<blockquote><p>\"Perfecto para cuando quiero desahogarme o hablar con alguien al azar a las 2 de la ma\u00f1ana. Es m\u00e1s seguro que la mayor\u00eda de los sitios de chat\".<br \/>\n- <em>Marta V., App Store<\/em><\/p><\/blockquote>\n<h2>MiniChat frente a otras plataformas de chat an\u00f3nimo<\/h2>\n<p>\u00bfC\u00f3mo se compara MiniChat con las principales plataformas de chat m\u00ednimo y an\u00f3nimo?<\/p>\n<table>\n<thead>\n<tr>\n<th>Caracter\u00edstica<\/th>\n<th>MiniChat<\/th>\n<th>Mirami<\/th>\n<th>Chatiwi<\/th>\n<th>Chatiw<\/th>\n<th>Chatib<\/th>\n<th>ChitChat<\/th>\n<\/tr>\n<\/thead>\n<tbody>\n<tr>\n<td>No es necesario registrarse<\/td>\n<td>\u2705 S\u00ed<\/td>\n<td>\u2705 S\u00ed<\/td>\n<td>\u2705 S\u00ed<\/td>\n<td>\u2705 S\u00ed<\/td>\n<td>\u2705 S\u00ed<\/td>\n<td>\u2705 S\u00ed<\/td>\n<\/tr>\n<tr>\n<td>Interfaz de usuario m\u00ednima<\/td>\n<td>\u2705 S\u00ed<\/td>\n<td>\u2705 S\u00ed<\/td>\n<td>\u26a0\ufe0f B\u00e1sico<\/td>\n<td>\u274c No<\/td>\n<td>\u274c No<\/td>\n<td>\u2705 S\u00ed<\/td>\n<\/tr>\n<tr>\n<td>Chat en grupo y aleatorio<\/td>\n<td>\u2705 Ambos<\/td>\n<td>1 contra 1<\/td>\n<td>\u2705 Ambos<\/td>\n<td>\u2705 Ambos<\/td>\n<td>\u2705 Ambos<\/td>\n<td>\u2705 Ambos<\/td>\n<\/tr>\n<tr>\n<td>No se almacenan datos personales<\/td>\n<td>\u2705 S\u00ed<\/td>\n<td>\u2705 S\u00ed<\/td>\n<td>\u2705 S\u00ed<\/td>\n<td>\u26a0\ufe0f Algunos<\/td>\n<td>\u26a0\ufe0f Algunos<\/td>\n<td>\u2705 S\u00ed<\/td>\n<\/tr>\n<tr>\n<td>Sin anuncios<\/td>\n<td>\u2705 S\u00ed<\/td>\n<td>\u2705 S\u00ed<\/td>\n<td>\u2705 S\u00ed<\/td>\n<td>\u274c No<\/td>\n<td>\u26a0\ufe0f Algunos<\/td>\n<td>\u2705 S\u00ed<\/td>\n<\/tr>\n<tr>\n<td>Herramientas de moderaci\u00f3n<\/td>\n<td>\u2705 S\u00ed<\/td>\n<td>\u2705 S\u00ed<\/td>\n<td>\u2705 S\u00ed<\/td>\n<td>\u26a0\ufe0f Algunos<\/td>\n<td>\u2705 S\u00ed<\/td>\n<td>\u2705 S\u00ed<\/td>\n<\/tr>\n<tr>\n<td>Optimizado para m\u00f3viles<\/td>\n<td>\u2705 S\u00ed<\/td>\n<td>\u2705 S\u00ed<\/td>\n<td>\u2705 S\u00ed<\/td>\n<td>\u2705 S\u00ed<\/td>\n<td>\u2705 S\u00ed<\/td>\n<td>\u2705 S\u00ed<\/td>\n<\/tr>\n<tr>\n<td>Videochat<\/td>\n<td>\u274c No<\/td>\n<td>\u2705 S\u00ed<\/td>\n<td>\u274c No<\/td>\n<td>\u274c No<\/td>\n<td>\u274c No<\/td>\n<td>\u274c No<\/td>\n<\/tr>\n<\/tbody>\n<\/table>\n<p>Resumen: MiniChat es lo mejor para aquellos que buscan un chat r\u00e1pido, an\u00f3nimo, s\u00f3lo de texto y sin ataduras. Perfecto para privacidad, simplicidad y conexi\u00f3n instant\u00e1nea.<\/p>\n<h2>\u00bfEs seguro MiniChat?<\/h2>\n<p>MiniChat est\u00e1 dise\u00f1ado para garantizar la privacidad y la seguridad de los usuarios:<\/p>\n<ul>\n<li>No se recogen datos personales ni de registro<\/li>\n<li>Chats an\u00f3nimos con registros temporales<\/li>\n<li>Herramientas de moderaci\u00f3n activa y bloqueo\/denuncia instant\u00e1neos<\/li>\n<li>Sin anuncios ni seguimiento de terceros<\/li>\n<li>Acceso global con filtros de idiomas<\/li>\n<\/ul>\n<h3>Consejos de seguridad<\/h3>\n<ul>\n<li>Nunca compartas informaci\u00f3n personal o sensible, ni siquiera en un chat privado.<\/li>\n<li>Utiliza las salas de grupo para debates m\u00e1s amplios y el chat aleatorio para conversaciones individuales.<\/li>\n<li>Bloquea o denuncia cualquier abuso: los moderadores responden.<\/li>\n<li>Conf\u00eda siempre en tus instintos y abandona las conversaciones que te incomoden.<\/li>\n<\/ul>\n<h2>Consejos para aprovechar al m\u00e1ximo el MiniChat<\/h2>\n<ul>\n<li>Comience con amabilidad: los saludos sencillos suscitan conversaciones.<\/li>\n<li>Prueba el chat en grupo y el chat aleatorio: Ambos ofrecen experiencias sociales \u00fanicas.<\/li>\n<li>Mantente en el anonimato: de eso se trata, de que no tengas que decir qui\u00e9n eres.<\/li>\n<li>Utiliza emojis para expresarte: Haz que los chats sean m\u00e1s divertidos y cercanos.<\/li>\n<li>Util\u00edzalo sobre la marcha: Funciona muy bien en su tel\u00e9fono o tableta para chatear en cualquier lugar.<\/li>\n<li>Denuncia y bloquea cuando sea necesario: Ayuda a mantener MiniChat acogedor para todos.<\/li>\n<li>Invita a tus amigos a salas privadas: Utiliza el enlace que se puede compartir para chats de grupo privados.<\/li>\n<\/ul>\n<h2>Resoluci\u00f3n de problemas comunes de MiniChat<\/h2>\n<h3>No se puede conectar o el chat no se carga<\/h3>\n<p>Comprueba tu conexi\u00f3n a Internet, actualiza la p\u00e1gina o prueba con otro dispositivo\/navegador.<\/p>\n<h3>No se encuentran muchos usuarios<\/h3>\n<p>Pruebe durante las horas punta o explore diferentes salas para grupos.<\/p>\n<h3>Spam o abuso<\/h3>\n<p>Utiliza inmediatamente las herramientas de bloqueo\/denuncia; los moderadores act\u00faan con rapidez.<\/p>\n<h3>Perder una buena charla<\/h3>\n<p>Por su dise\u00f1o, los chats son temporales: intercambia informaci\u00f3n durante la conversaci\u00f3n si quieres seguir en contacto.<\/p>\n<h3>La imagen\/el emoji no se env\u00eda<\/h3>\n<p>Aseg\u00farate de que est\u00e1s dentro de los l\u00edmites de archivos, o intenta recargar el chat.<\/p>\n<p>Por supuesto, especialmente para quienes valoran el chat en l\u00ednea instant\u00e1neo, an\u00f3nimo y minimalista. MiniChat es el ant\u00eddoto contra las plataformas sociales ruidosas y sobrecomplicadas, ya que devuelve el protagonismo a la conversaci\u00f3n pura y a la privacidad.<\/p>\n<p>Tanto si quieres conocer a gente nueva, charlar cara a cara, unirte a un grupo de debate r\u00e1pido o simplemente disfrutar de una experiencia en l\u00ednea sin distracciones, MiniChat es tu sal\u00f3n digital ligero y sin ataduras.<\/p>\n<p>\u00bfListo para chatear? Visita minichat.com, elige un apodo y disfruta de la experiencia de chat en l\u00ednea m\u00e1s sencilla y privada, en cualquier momento y lugar.<\/p>","protected":false},"excerpt":{"rendered":"<p>In a world crowded with bloated social networks and apps, sometimes less is more. MiniChat is a breath of fresh air for those who crave real-time connection, but without all the noise, profiles, and privacy baggage of mainstream social platforms. Built on the core principles of speed, simplicity, and privacy, MiniChat is perfect for anyone [&hellip;]<\/p>\n","protected":false},"author":6,"featured_media":0,"parent":0,"menu_order":0,"comment_status":"closed","ping_status":"closed","template":"","meta":{"footnotes":""},"class_list":["post-12425","page","type-page","status-publish","hentry"],"yoast_head":"<!-- This site is optimized with the Yoast SEO plugin v27.5 - https:\/\/yoast.com\/product\/yoast-seo-wordpress\/ -->\n<title>Minichat - The Fast Video Chat - TinyChat.com<\/title>\n<meta name=\"description\" content=\"Enjoying Minichat? Join over 50,000,000 strangers on TinyChat! Turn on your cam and start meeting new people, or find a match.\" \/>\n<meta name=\"robots\" content=\"index, follow, max-snippet:-1, max-image-preview:large, max-video-preview:-1\" \/>\n<link rel=\"canonical\" href=\"https:\/\/tinychat.com\/es\/minichat\/\" \/>\n<meta property=\"og:locale\" content=\"es_ES\" \/>\n<meta property=\"og:type\" content=\"article\" \/>\n<meta property=\"og:title\" content=\"Minichat - The Fast Video Chat - TinyChat.com\" \/>\n<meta property=\"og:description\" content=\"Enjoying Minichat? Join over 50,000,000 strangers on TinyChat! Turn on your cam and start meeting new people, or find a match.\" \/>\n<meta property=\"og:url\" content=\"https:\/\/tinychat.com\/es\/minichat\/\" \/>\n<meta property=\"og:site_name\" content=\"TinyChat\" \/>\n<meta property=\"article:publisher\" content=\"https:\/\/www.facebook.com\/tinychat\" \/>\n<meta property=\"article:modified_time\" content=\"2025-08-04T10:06:22+00:00\" \/>\n<meta property=\"og:image\" content=\"https:\/\/tinychat.com\/wp-content\/uploads\/2020\/04\/Tinychat-logo-1280x284-new-black.png\" \/>\n\t<meta property=\"og:image:width\" content=\"1280\" \/>\n\t<meta property=\"og:image:height\" content=\"284\" \/>\n\t<meta property=\"og:image:type\" content=\"image\/png\" \/>\n<meta name=\"twitter:card\" content=\"summary_large_image\" \/>\n<meta name=\"twitter:site\" content=\"@tinychat\" \/>\n<meta name=\"twitter:label1\" content=\"Tiempo de lectura\" \/>\n\t<meta name=\"twitter:data1\" content=\"6 minutos\" \/>\n<script type=\"application\/ld+json\" class=\"yoast-schema-graph\">{\"@context\":\"https:\\\/\\\/schema.org\",\"@graph\":[{\"@type\":\"WebPage\",\"@id\":\"https:\\\/\\\/tinychat.com\\\/minichat\\\/\",\"url\":\"https:\\\/\\\/tinychat.com\\\/minichat\\\/\",\"name\":\"Minichat - The Fast Video Chat - TinyChat.com\",\"isPartOf\":{\"@id\":\"https:\\\/\\\/tinychat.com\\\/#website\"},\"datePublished\":\"2025-08-04T09:58:01+00:00\",\"dateModified\":\"2025-08-04T10:06:22+00:00\",\"description\":\"Enjoying Minichat? Join over 50,000,000 strangers on TinyChat! Turn on your cam and start meeting new people, or find a match.\",\"breadcrumb\":{\"@id\":\"https:\\\/\\\/tinychat.com\\\/minichat\\\/#breadcrumb\"},\"inLanguage\":\"es\",\"potentialAction\":[{\"@type\":\"ReadAction\",\"target\":[\"https:\\\/\\\/tinychat.com\\\/minichat\\\/\"]}]},{\"@type\":\"BreadcrumbList\",\"@id\":\"https:\\\/\\\/tinychat.com\\\/minichat\\\/#breadcrumb\",\"itemListElement\":[{\"@type\":\"ListItem\",\"position\":1,\"name\":\"Home\",\"item\":\"https:\\\/\\\/tinychat.com\\\/\"},{\"@type\":\"ListItem\",\"position\":2,\"name\":\"Minichat\"}]},{\"@type\":\"WebSite\",\"@id\":\"https:\\\/\\\/tinychat.com\\\/#website\",\"url\":\"https:\\\/\\\/tinychat.com\\\/\",\"name\":\"TinyChat\",\"description\":\"Random Video Chat with Strangers\",\"publisher\":{\"@id\":\"https:\\\/\\\/tinychat.com\\\/#organization\"},\"alternateName\":\"TinyChat.com\",\"potentialAction\":[{\"@type\":\"SearchAction\",\"target\":{\"@type\":\"EntryPoint\",\"urlTemplate\":\"https:\\\/\\\/tinychat.com\\\/?s={search_term_string}\"},\"query-input\":{\"@type\":\"PropertyValueSpecification\",\"valueRequired\":true,\"valueName\":\"search_term_string\"}}],\"inLanguage\":\"es\"},{\"@type\":\"Organization\",\"@id\":\"https:\\\/\\\/tinychat.com\\\/#organization\",\"name\":\"TinyChat\",\"alternateName\":\"TinyChat.com\",\"url\":\"https:\\\/\\\/tinychat.com\\\/\",\"logo\":{\"@type\":\"ImageObject\",\"inLanguage\":\"es\",\"@id\":\"https:\\\/\\\/tinychat.com\\\/#\\\/schema\\\/logo\\\/image\\\/\",\"url\":\"https:\\\/\\\/tinychat.com\\\/wp-content\\\/uploads\\\/2023\\\/11\\\/Tinychat-icon-square.png\",\"contentUrl\":\"https:\\\/\\\/tinychat.com\\\/wp-content\\\/uploads\\\/2023\\\/11\\\/Tinychat-icon-square.png\",\"width\":284,\"height\":284,\"caption\":\"TinyChat\"},\"image\":{\"@id\":\"https:\\\/\\\/tinychat.com\\\/#\\\/schema\\\/logo\\\/image\\\/\"},\"sameAs\":[\"https:\\\/\\\/www.facebook.com\\\/tinychat\",\"https:\\\/\\\/x.com\\\/tinychat\"]}]}<\/script>\n<!-- \/ Yoast SEO plugin. -->","yoast_head_json":{"title":"Minichat - El videochat r\u00e1pido - TinyChat.com","description":"\u00bfTe gusta Minichat? \u00a1\u00danete a m\u00e1s de 50.000.000 de desconocidos en TinyChat! Enciende tu c\u00e1mara y empieza a conocer gente nueva, o encuentra una pareja.","robots":{"index":"index","follow":"follow","max-snippet":"max-snippet:-1","max-image-preview":"max-image-preview:large","max-video-preview":"max-video-preview:-1"},"canonical":"https:\/\/tinychat.com\/es\/minichat\/","og_locale":"es_ES","og_type":"article","og_title":"Minichat - The Fast Video Chat - TinyChat.com","og_description":"Enjoying Minichat? Join over 50,000,000 strangers on TinyChat! Turn on your cam and start meeting new people, or find a match.","og_url":"https:\/\/tinychat.com\/es\/minichat\/","og_site_name":"TinyChat","article_publisher":"https:\/\/www.facebook.com\/tinychat","article_modified_time":"2025-08-04T10:06:22+00:00","og_image":[{"width":1280,"height":284,"url":"https:\/\/tinychat.com\/wp-content\/uploads\/2020\/04\/Tinychat-logo-1280x284-new-black.png","type":"image\/png"}],"twitter_card":"summary_large_image","twitter_site":"@tinychat","twitter_misc":{"Tiempo de lectura":"6 minutos"},"schema":{"@context":"https:\/\/schema.org","@graph":[{"@type":"WebPage","@id":"https:\/\/tinychat.com\/minichat\/","url":"https:\/\/tinychat.com\/minichat\/","name":"Minichat - El videochat r\u00e1pido - TinyChat.com","isPartOf":{"@id":"https:\/\/tinychat.com\/#website"},"datePublished":"2025-08-04T09:58:01+00:00","dateModified":"2025-08-04T10:06:22+00:00","description":"\u00bfTe gusta Minichat? \u00a1\u00danete a m\u00e1s de 50.000.000 de desconocidos en TinyChat! Enciende tu c\u00e1mara y empieza a conocer gente nueva, o encuentra una pareja.","breadcrumb":{"@id":"https:\/\/tinychat.com\/minichat\/#breadcrumb"},"inLanguage":"es","potentialAction":[{"@type":"ReadAction","target":["https:\/\/tinychat.com\/minichat\/"]}]},{"@type":"BreadcrumbList","@id":"https:\/\/tinychat.com\/minichat\/#breadcrumb","itemListElement":[{"@type":"ListItem","position":1,"name":"Home","item":"https:\/\/tinychat.com\/"},{"@type":"ListItem","position":2,"name":"Minichat"}]},{"@type":"WebSite","@id":"https:\/\/tinychat.com\/#website","url":"https:\/\/tinychat.com\/","name":"TinyChat","description":"Videochat aleatorio con desconocidos","publisher":{"@id":"https:\/\/tinychat.com\/#organization"},"alternateName":"TinyChat.com","potentialAction":[{"@type":"SearchAction","target":{"@type":"EntryPoint","urlTemplate":"https:\/\/tinychat.com\/?s={search_term_string}"},"query-input":{"@type":"PropertyValueSpecification","valueRequired":true,"valueName":"search_term_string"}}],"inLanguage":"es"},{"@type":"Organization","@id":"https:\/\/tinychat.com\/#organization","name":"TinyChat","alternateName":"TinyChat.com","url":"https:\/\/tinychat.com\/","logo":{"@type":"ImageObject","inLanguage":"es","@id":"https:\/\/tinychat.com\/#\/schema\/logo\/image\/","url":"https:\/\/tinychat.com\/wp-content\/uploads\/2023\/11\/Tinychat-icon-square.png","contentUrl":"https:\/\/tinychat.com\/wp-content\/uploads\/2023\/11\/Tinychat-icon-square.png","width":284,"height":284,"caption":"TinyChat"},"image":{"@id":"https:\/\/tinychat.com\/#\/schema\/logo\/image\/"},"sameAs":["https:\/\/www.facebook.com\/tinychat","https:\/\/x.com\/tinychat"]}]}},"_links":{"self":[{"href":"https:\/\/tinychat.com\/es\/wp-json\/wp\/v2\/pages\/12425","targetHints":{"allow":["GET"]}}],"collection":[{"href":"https:\/\/tinychat.com\/es\/wp-json\/wp\/v2\/pages"}],"about":[{"href":"https:\/\/tinychat.com\/es\/wp-json\/wp\/v2\/types\/page"}],"author":[{"embeddable":true,"href":"https:\/\/tinychat.com\/es\/wp-json\/wp\/v2\/users\/6"}],"replies":[{"embeddable":true,"href":"https:\/\/tinychat.com\/es\/wp-json\/wp\/v2\/comments?post=12425"}],"version-history":[{"count":4,"href":"https:\/\/tinychat.com\/es\/wp-json\/wp\/v2\/pages\/12425\/revisions"}],"predecessor-version":[{"id":13387,"href":"https:\/\/tinychat.com\/es\/wp-json\/wp\/v2\/pages\/12425\/revisions\/13387"}],"wp:attachment":[{"href":"https:\/\/tinychat.com\/es\/wp-json\/wp\/v2\/media?parent=12425"}],"curies":[{"name":"wp","href":"https:\/\/api.w.org\/{rel}","templated":true}]}}