{"id":12430,"date":"2025-10-21T11:07:35","date_gmt":"2025-10-21T09:07:35","guid":{"rendered":"https:\/\/tinychat.com\/?page_id=12430"},"modified":"2025-10-21T13:14:52","modified_gmt":"2025-10-21T11:14:52","slug":"chatingly","status":"publish","type":"page","link":"https:\/\/tinychat.com\/es\/chatingly\/","title":{"rendered":"Chatingly"},"content":{"rendered":"<p>En un mundo en el que la mayor\u00eda de las aplicaciones sociales se centran en likes, seguidores y feeds curados, Chatingly destaca por recuperar lo que hizo emocionante a Internet en primer lugar: la conexi\u00f3n humana real y espont\u00e1nea. Dise\u00f1ada como una moderna plataforma de videochat aleatorio, Chatingly te conecta instant\u00e1neamente con desconocidos de todo el mundo para mantener conversaciones cara a cara, sin necesidad de registros, perfiles o algoritmos que decidan con qui\u00e9n debes hablar.<\/p>\n<p>Tanto si busca conocer gente nueva, explorar otras culturas o simplemente relajarse con una conversaci\u00f3n informal, Chatingly captura la emoci\u00f3n de las interacciones instant\u00e1neas y an\u00f3nimas que definieron los primeros tiempos de Internet, pero con una tecnolog\u00eda m\u00e1s fluida y un dise\u00f1o m\u00e1s limpio.<\/p>\n<p>En esta rese\u00f1a, analizaremos en profundidad qu\u00e9 es el Chatingly, c\u00f3mo funciona, sus caracter\u00edsticas principales, la experiencia de usuario, las medidas de seguridad, comparaciones con la competencia y consejos para sacarle el m\u00e1ximo partido.<\/p>\n<h2>\u00bfQu\u00e9 es Chatingly?<\/h2>\n<p>Chatingly es una plataforma de videochat aleatorio que permite a los usuarios conectar instant\u00e1neamente con desconocidos a trav\u00e9s de v\u00eddeo y texto en directo. Su filosof\u00eda central es sencilla: sin registros, sin descargas, sin esperas... basta con hacer clic y empezar a chatear.<\/p>\n<p>La plataforma se centra en:<\/p>\n<ul>\n<li>Facilidad de uso: configuraci\u00f3n m\u00ednima, accesible desde cualquier dispositivo.<\/li>\n<li>Anonimato: no se necesitan datos personales.<\/li>\n<li>Espontaneidad: toda conexi\u00f3n es aleatoria e imprevisible.<\/li>\n<\/ul>\n<p>Forma parte de una ola creciente de nuevas plataformas de chat que ofrecen alternativas ligeras, r\u00e1pidas y f\u00e1ciles de usar desde el m\u00f3vil a servicios heredados como Omegle y Chatroulette.<\/p>\n<h2>Caracter\u00edsticas principales de Chatingly<\/h2>\n<p>Las funciones del Chatingly est\u00e1n dise\u00f1adas para ofrecer simplicidad y un funcionamiento instant\u00e1neo, manteniendo al mismo tiempo la seguridad y la comodidad del usuario.<\/p>\n<h3>1. Videochat individual<\/h3>\n<ul>\n<li>Con\u00e9ctate al instante con desconocidos a trav\u00e9s de la webcam.<\/li>\n<li>Las conversaciones son privadas y temporales.<\/li>\n<li>Utilice el bot\u00f3n Siguiente para avanzar en cualquier momento.<\/li>\n<\/ul>\n<h3>2. Opci\u00f3n de chat de texto<\/h3>\n<ul>\n<li>Cuadro de texto integrado junto al v\u00eddeo.<\/li>\n<li>Perfecto para cuando prefieres teclear o tienes un audio deficiente.<\/li>\n<li>Cambio fluido entre texto y v\u00eddeo.<\/li>\n<\/ul>\n<h3>3. Emparejamiento global de usuarios<\/h3>\n<ul>\n<li>Conectar con personas de distintos pa\u00edses.<\/li>\n<li>Ampl\u00eda tus horizontes chateando con usuarios de todo el mundo.<\/li>\n<\/ul>\n<h3>4. No es necesario registrarse<\/h3>\n<ul>\n<li>Empieza a chatear inmediatamente, sin necesidad de registrarte.<\/li>\n<li>Sin correo electr\u00f3nico, nombre de usuario ni contrase\u00f1a que recordar.<\/li>\n<\/ul>\n<h3>5. Compatibilidad m\u00f3vil<\/h3>\n<ul>\n<li>Totalmente optimizado para navegadores m\u00f3viles.<\/li>\n<li>Funciona a la perfecci\u00f3n tanto en tel\u00e9fonos como en ordenadores de sobremesa.<\/li>\n<\/ul>\n<h3>6. Anonimato y privacidad<\/h3>\n<ul>\n<li>No hay perfiles ni datos guardados.<\/li>\n<li>Las conversaciones desaparecen una vez terminadas.<\/li>\n<\/ul>\n<h3>7. Dise\u00f1o sencillo y limpio<\/h3>\n<ul>\n<li>La interfaz minimalista se centra en el chat, no en los men\u00fas.<\/li>\n<li>Su f\u00e1cil navegaci\u00f3n lo hace ideal para todas las edades.<\/li>\n<\/ul>\n<h2>C\u00f3mo utilizar Chatingly<\/h2>\n<p>Chatingly est\u00e1 dise\u00f1ado para el acceso instant\u00e1neo: as\u00ed es c\u00f3mo empezar en cuesti\u00f3n de segundos.<\/p>\n<h3>Paso 1: Visite el sitio web<\/h3>\n<p>Abra Chatingly en su navegador (de sobremesa o m\u00f3vil).<\/p>\n<h3>Paso 2: Permitir permisos<\/h3>\n<p>Si quieres utilizar el chat de v\u00eddeo, autoriza la c\u00e1mara y el micr\u00f3fono.<\/p>\n<h3>Paso 3: Haz clic en \"Iniciar chat\".<\/h3>\n<p>Conecta instant\u00e1neamente con un desconocido cualquiera.<\/p>\n<h3>Paso 4: Chatear o saltar<\/h3>\n<p>Disfruta de tu conversaci\u00f3n o haz clic en \u201cSiguiente\u201d para conocer a alguien nuevo.<\/p>\n<h3>Paso 5: Repetir<\/h3>\n<p>Sigue chateando todo el tiempo que quieras: no hay l\u00edmite de tiempo.<\/p>\n<p>El modelo Chatingly es perfecto para socializar de forma espont\u00e1nea y sin presiones.<\/p>\n<h2>Experiencia de usuario en Chatingly<\/h2>\n<p>El Chatingly es ligero, r\u00e1pido e intuitivo, y ofrece un equilibrio entre sencillez y calidad.<\/p>\n<h3>Lo que les gusta a los usuarios<\/h3>\n<ul>\n<li>No es necesario registrarse ni descargar nada.<\/li>\n<li>Conexiones instant\u00e1neas: chatea en cuesti\u00f3n de segundos.<\/li>\n<li>Dise\u00f1o limpio y sin distracciones.<\/li>\n<li>Funciona igual de bien en el m\u00f3vil y en el ordenador.<\/li>\n<li>Experiencia privada y an\u00f3nima.<\/li>\n<\/ul>\n<h3>Donde los usuarios ven margen de mejora<\/h3>\n<ul>\n<li>Sin filtros avanzados (sexo o ubicaci\u00f3n).<\/li>\n<li>No hay funci\u00f3n de reconexi\u00f3n si pierdes un buen chat.<\/li>\n<li>Base de usuarios m\u00e1s peque\u00f1a en comparaci\u00f3n con las principales plataformas.<\/li>\n<li>No hay salas comunitarias integradas ni listas de amigos.<\/li>\n<\/ul>\n<p>Aun as\u00ed, estas limitaciones son intencionadas: el objetivo del Chatingly es ser ligero y r\u00e1pido, no sobrecargarlo con funciones adicionales.<\/p>\n<h2>Chatingly frente a otras plataformas de chat<\/h2>\n<p>Compara Chatingly con otros servicios similares de chat aleatorio:<\/p>\n<table>\n<thead>\n<tr>\n<th>Caracter\u00edstica<\/th>\n<th>Chatingly<\/th>\n<th>Omegle<\/th>\n<th>Chatroulette<\/th>\n<th>ChatHub<\/th>\n<th>Emerald Chat<\/th>\n<th>Camloo<\/th>\n<\/tr>\n<\/thead>\n<tbody>\n<tr>\n<td>V\u00eddeo individual instant\u00e1neo<\/td>\n<td>\u2705 S\u00ed<\/td>\n<td>\u2705 S\u00ed<\/td>\n<td>\u2705 S\u00ed<\/td>\n<td>\u2705 S\u00ed<\/td>\n<td>\u2705 S\u00ed<\/td>\n<td>\u2705 S\u00ed<\/td>\n<\/tr>\n<tr>\n<td>Opci\u00f3n de chat de texto<\/td>\n<td>\u2705 S\u00ed<\/td>\n<td>\u2705 S\u00ed<\/td>\n<td>\u2705 S\u00ed<\/td>\n<td>\u2705 S\u00ed<\/td>\n<td>\u2705 S\u00ed<\/td>\n<td>\u2705 S\u00ed<\/td>\n<\/tr>\n<tr>\n<td>Anonimato<\/td>\n<td>\u2705 Fuerte<\/td>\n<td>\u2705 Fuerte<\/td>\n<td>\u2705 Fuerte<\/td>\n<td>\u2705 Moderado<\/td>\n<td>\u2705 Moderado<\/td>\n<td>\u2705 Moderado<\/td>\n<\/tr>\n<tr>\n<td>Filtros (sexo\/ubicaci\u00f3n)<\/td>\n<td>\u274c No<\/td>\n<td>\u274c No<\/td>\n<td>\u2705 Limitada<\/td>\n<td>\u2705 S\u00ed<\/td>\n<td>\u2705 S\u00ed<\/td>\n<td>\u2705 S\u00ed<\/td>\n<\/tr>\n<tr>\n<td>Perfiles y amigos<\/td>\n<td>\u274c No<\/td>\n<td>\u274c No<\/td>\n<td>\u274c No<\/td>\n<td>\u2705 S\u00ed<\/td>\n<td>\u2705 S\u00ed<\/td>\n<td>\u274c No<\/td>\n<\/tr>\n<tr>\n<td>Compatible con m\u00f3viles<\/td>\n<td>\u2705 S\u00ed<\/td>\n<td>\u2705 S\u00ed<\/td>\n<td>\u2705 S\u00ed<\/td>\n<td>\u2705 S\u00ed<\/td>\n<td>\u2705 S\u00ed<\/td>\n<td>\u2705 S\u00ed<\/td>\n<\/tr>\n<\/tbody>\n<\/table>\n<p>Resumen: Chatingly es muy sencillo: no pretende ser una red social ni una aplicaci\u00f3n de citas. En su lugar, se centra puramente en conversaciones r\u00e1pidas, privadas y aleatorias.<\/p>\n<h2>\u00bfEs seguro el Chatingly?<\/h2>\n<p>Como cualquier plataforma que conecta a desconocidos, Chatingly ofrece privacidad por dise\u00f1o, pero sigue dependiendo de un uso responsable.<\/p>\n<h3>Funciones de seguridad integradas<\/h3>\n<ul>\n<li>No hay cuentas ni recogida de datos.<\/li>\n<li>Los chats son temporales y privados.<\/li>\n<li>El bot\u00f3n Saltar permite controlar al instante las interacciones.<\/li>\n<\/ul>\n<h3>Consejos de seguridad para los usuarios<\/h3>\n<ul>\n<li>No compartas datos personales (nombre real, n\u00famero de tel\u00e9fono, datos sociales).<\/li>\n<li>Pon fin a cualquier conversaci\u00f3n que te resulte inc\u00f3moda.<\/li>\n<li>Los padres deben vigilar a los menores que utilicen el servicio.<\/li>\n<li>Utilice una VPN para mayor anonimato.<\/li>\n<\/ul>\n<p>La falta de registro del Chatingly aumenta la seguridad: menos datos almacenados significa menos riesgo de exposici\u00f3n.<\/p>\n<h2>Consejos para sacar el m\u00e1ximo partido al Chatingly<\/h2>\n<ul>\n<li>Mant\u00e9n la mente abierta. Lo divertido del chat aleatorio es la imprevisibilidad.<\/li>\n<li>Utiliza auriculares para disfrutar de un sonido m\u00e1s n\u00edtido y privacidad.<\/li>\n<li>Una buena iluminaci\u00f3n mejora tu presencia en v\u00eddeo.<\/li>\n<li>Mant\u00e9n conversaciones informales. El humor y la amabilidad ayudan mucho.<\/li>\n<li>Pruebe diferentes horas del d\u00eda. La actividad de los usuarios aumenta por la noche y los fines de semana.<\/li>\n<li>Usa los saltos con prudencia. Mu\u00e9vete r\u00e1pido si la sensaci\u00f3n no es buena.<\/li>\n<\/ul>\n<p>Estos peque\u00f1os ajustes pueden suponer una gran diferencia en tu experiencia.<\/p>\n<h2>Problemas comunes y soluciones<\/h2>\n<h3>Problema: La c\u00e1mara o el micr\u00f3fono no funcionan<\/h3>\n<ul>\n<li>Compruebe los permisos del navegador.<\/li>\n<li>Reinicia la p\u00e1gina o el dispositivo.<\/li>\n<li>Aseg\u00farate de que ninguna otra aplicaci\u00f3n est\u00e1 utilizando tu c\u00e1mara.<\/li>\n<\/ul>\n<h3>Problema: pocos partidos o largas esperas<\/h3>\n<ul>\n<li>Pruebe durante las horas de mayor actividad en su regi\u00f3n.<\/li>\n<li>Actualice la p\u00e1gina para reiniciar la cola de conexiones.<\/li>\n<\/ul>\n<h3>Problema: Retraso o mala calidad del v\u00eddeo<\/h3>\n<ul>\n<li>Cambia a una conexi\u00f3n Wi-Fi estable.<\/li>\n<li>Cierra otras pesta\u00f1as o aplicaciones que consuman ancho de banda.<\/li>\n<\/ul>\n<h3>Problema: usuarios inadecuados<\/h3>\n<ul>\n<li>Salta inmediatamente.<\/li>\n<li>Informe si dispone de herramientas de moderaci\u00f3n.<\/li>\n<\/ul>\n<h2>Por qu\u00e9 la gente elige Chatingly<\/h2>\n<p>La gente acude a Chatingly por la misma raz\u00f3n por la que los sitios de chat aleatorios han seguido siendo populares durante a\u00f1os: la emoci\u00f3n de lo desconocido. Pero Chatingly a\u00f1ade algunas ventajas clave:<\/p>\n<ul>\n<li>Acceso instant\u00e1neo: sin registro ni configuraci\u00f3n.<\/li>\n<li>Dise\u00f1o limpio: poco desorden, m\u00e1xima atenci\u00f3n al chat.<\/li>\n<li>Compatibilidad entre dispositivos: igual de bueno en tel\u00e9fonos que en ordenadores.<\/li>\n<li>Anonimato: conversaciones seguras y temporales.<\/li>\n<\/ul>\n<p>Es una opci\u00f3n ideal para cualquiera que busque una interacci\u00f3n social r\u00e1pida y aut\u00e9ntica sin el ruido de las redes sociales o las plataformas de citas.<\/p>\n<h2>Reflexiones finales: \u00bfMerece la pena utilizar el Chatingly?<\/h2>\n<p>Si buscas una experiencia de videochat aleatoria r\u00e1pida, an\u00f3nima y moderna, merece la pena probar Chatingly. Captura la simplicidad que hizo famoso a Omegle, a la vez que actualiza la tecnolog\u00eda y la interfaz para los usuarios de hoy en d\u00eda.<\/p>\n<p>Aunque no incluye filtros, juegos ni sistemas de perfiles, lo compensa con rapidez, privacidad y accesibilidad, exactamente lo que muchos usuarios prefieren en una plataforma de chat aleatoria.<\/p>\n<p>Tanto si quieres:<\/p>\n<ul>\n<li>Conozca gente nueva de todo el mundo,<\/li>\n<li>Mant\u00e9n conversaciones espont\u00e1neas,<\/li>\n<li>O simplemente rompa la monoton\u00eda de su d\u00eda...<\/li>\n<\/ul>\n<p>Chatingly ofrece esa chispa de conexi\u00f3n humana en estado puro.<\/p>\n<p>En resumen: Chatingly es un servicio de videochat aleatorio ligero y respetuoso con la privacidad que a\u00fana sencillez, alcance global y la emoci\u00f3n de conocer a alguien nuevo. Es perfecto para usuarios que quieren conversaciones r\u00e1pidas y reales, en cualquier momento y lugar.<\/p>\n<p>\u00bfListo para empezar? Visite Chatingly, haga clic en empezar y vea qui\u00e9n le espera al otro lado.<\/p>","protected":false},"excerpt":{"rendered":"<p>In a world where most social apps focus on likes, followers, and curated feeds, Chatingly stands out by bringing back what made the internet exciting in the first place \u2014 real, spontaneous human connection. Designed as a modern random video chat platform, Chatingly connects you instantly with strangers from around the world for one-on-one conversations, [&hellip;]<\/p>\n","protected":false},"author":6,"featured_media":0,"parent":0,"menu_order":0,"comment_status":"closed","ping_status":"closed","template":"","meta":{"footnotes":""},"class_list":["post-12430","page","type-page","status-publish","hentry"],"yoast_head":"<!-- This site is optimized with the Yoast SEO plugin v27.4 - https:\/\/yoast.com\/product\/yoast-seo-wordpress\/ -->\n<title>Chatingly - Video Chat With Strangers Online - TinyChat.com<\/title>\n<meta name=\"description\" content=\"Enjoying Chatingly? Join over 50,000,000 strangers on TinyChat! Turn on your cam and start meeting new people, or find a match.\" \/>\n<meta name=\"robots\" content=\"index, follow, max-snippet:-1, max-image-preview:large, max-video-preview:-1\" \/>\n<link rel=\"canonical\" href=\"https:\/\/tinychat.com\/es\/chatingly\/\" \/>\n<meta property=\"og:locale\" content=\"es_ES\" \/>\n<meta property=\"og:type\" content=\"article\" \/>\n<meta property=\"og:title\" content=\"Chatingly - Video Chat With Strangers Online - TinyChat.com\" \/>\n<meta property=\"og:description\" content=\"Enjoying Chatingly? Join over 50,000,000 strangers on TinyChat! Turn on your cam and start meeting new people, or find a match.\" \/>\n<meta property=\"og:url\" content=\"https:\/\/tinychat.com\/es\/chatingly\/\" \/>\n<meta property=\"og:site_name\" content=\"TinyChat\" \/>\n<meta property=\"article:publisher\" content=\"https:\/\/www.facebook.com\/tinychat\" \/>\n<meta property=\"article:modified_time\" content=\"2025-10-21T11:14:52+00:00\" \/>\n<meta property=\"og:image\" content=\"https:\/\/tinychat.com\/wp-content\/uploads\/2020\/04\/Tinychat-logo-1280x284-new-black.png\" \/>\n\t<meta property=\"og:image:width\" content=\"1280\" \/>\n\t<meta property=\"og:image:height\" content=\"284\" \/>\n\t<meta property=\"og:image:type\" content=\"image\/png\" \/>\n<meta name=\"twitter:card\" content=\"summary_large_image\" \/>\n<meta name=\"twitter:site\" content=\"@tinychat\" \/>\n<meta name=\"twitter:label1\" content=\"Tiempo de lectura\" \/>\n\t<meta name=\"twitter:data1\" content=\"6 minutos\" \/>\n<script type=\"application\/ld+json\" class=\"yoast-schema-graph\">{\"@context\":\"https:\\\/\\\/schema.org\",\"@graph\":[{\"@type\":\"WebPage\",\"@id\":\"https:\\\/\\\/tinychat.com\\\/chatingly\\\/\",\"url\":\"https:\\\/\\\/tinychat.com\\\/chatingly\\\/\",\"name\":\"Chatingly - Video Chat With Strangers Online - TinyChat.com\",\"isPartOf\":{\"@id\":\"https:\\\/\\\/tinychat.com\\\/#website\"},\"datePublished\":\"2025-10-21T09:07:35+00:00\",\"dateModified\":\"2025-10-21T11:14:52+00:00\",\"description\":\"Enjoying Chatingly? Join over 50,000,000 strangers on TinyChat! Turn on your cam and start meeting new people, or find a match.\",\"breadcrumb\":{\"@id\":\"https:\\\/\\\/tinychat.com\\\/chatingly\\\/#breadcrumb\"},\"inLanguage\":\"es\",\"potentialAction\":[{\"@type\":\"ReadAction\",\"target\":[\"https:\\\/\\\/tinychat.com\\\/chatingly\\\/\"]}]},{\"@type\":\"BreadcrumbList\",\"@id\":\"https:\\\/\\\/tinychat.com\\\/chatingly\\\/#breadcrumb\",\"itemListElement\":[{\"@type\":\"ListItem\",\"position\":1,\"name\":\"Home\",\"item\":\"https:\\\/\\\/tinychat.com\\\/\"},{\"@type\":\"ListItem\",\"position\":2,\"name\":\"Chatingly\"}]},{\"@type\":\"WebSite\",\"@id\":\"https:\\\/\\\/tinychat.com\\\/#website\",\"url\":\"https:\\\/\\\/tinychat.com\\\/\",\"name\":\"TinyChat\",\"description\":\"Random Video Chat with Strangers\",\"publisher\":{\"@id\":\"https:\\\/\\\/tinychat.com\\\/#organization\"},\"alternateName\":\"TinyChat.com\",\"potentialAction\":[{\"@type\":\"SearchAction\",\"target\":{\"@type\":\"EntryPoint\",\"urlTemplate\":\"https:\\\/\\\/tinychat.com\\\/?s={search_term_string}\"},\"query-input\":{\"@type\":\"PropertyValueSpecification\",\"valueRequired\":true,\"valueName\":\"search_term_string\"}}],\"inLanguage\":\"es\"},{\"@type\":\"Organization\",\"@id\":\"https:\\\/\\\/tinychat.com\\\/#organization\",\"name\":\"TinyChat\",\"alternateName\":\"TinyChat.com\",\"url\":\"https:\\\/\\\/tinychat.com\\\/\",\"logo\":{\"@type\":\"ImageObject\",\"inLanguage\":\"es\",\"@id\":\"https:\\\/\\\/tinychat.com\\\/#\\\/schema\\\/logo\\\/image\\\/\",\"url\":\"https:\\\/\\\/tinychat.com\\\/wp-content\\\/uploads\\\/2023\\\/11\\\/Tinychat-icon-square.png\",\"contentUrl\":\"https:\\\/\\\/tinychat.com\\\/wp-content\\\/uploads\\\/2023\\\/11\\\/Tinychat-icon-square.png\",\"width\":284,\"height\":284,\"caption\":\"TinyChat\"},\"image\":{\"@id\":\"https:\\\/\\\/tinychat.com\\\/#\\\/schema\\\/logo\\\/image\\\/\"},\"sameAs\":[\"https:\\\/\\\/www.facebook.com\\\/tinychat\",\"https:\\\/\\\/x.com\\\/tinychat\"]}]}<\/script>\n<!-- \/ Yoast SEO plugin. -->","yoast_head_json":{"title":"Chatingly - Video Chat Con Extra\u00f1os Online - TinyChat.com","description":"\u00bfTe gusta Chatingly? \u00a1\u00danete a m\u00e1s de 50.000.000 de desconocidos en TinyChat! Enciende tu c\u00e1mara y empieza a conocer gente nueva, o encuentra una pareja.","robots":{"index":"index","follow":"follow","max-snippet":"max-snippet:-1","max-image-preview":"max-image-preview:large","max-video-preview":"max-video-preview:-1"},"canonical":"https:\/\/tinychat.com\/es\/chatingly\/","og_locale":"es_ES","og_type":"article","og_title":"Chatingly - Video Chat With Strangers Online - TinyChat.com","og_description":"Enjoying Chatingly? Join over 50,000,000 strangers on TinyChat! Turn on your cam and start meeting new people, or find a match.","og_url":"https:\/\/tinychat.com\/es\/chatingly\/","og_site_name":"TinyChat","article_publisher":"https:\/\/www.facebook.com\/tinychat","article_modified_time":"2025-10-21T11:14:52+00:00","og_image":[{"width":1280,"height":284,"url":"https:\/\/tinychat.com\/wp-content\/uploads\/2020\/04\/Tinychat-logo-1280x284-new-black.png","type":"image\/png"}],"twitter_card":"summary_large_image","twitter_site":"@tinychat","twitter_misc":{"Tiempo de lectura":"6 minutos"},"schema":{"@context":"https:\/\/schema.org","@graph":[{"@type":"WebPage","@id":"https:\/\/tinychat.com\/chatingly\/","url":"https:\/\/tinychat.com\/chatingly\/","name":"Chatingly - Video Chat Con Extra\u00f1os Online - TinyChat.com","isPartOf":{"@id":"https:\/\/tinychat.com\/#website"},"datePublished":"2025-10-21T09:07:35+00:00","dateModified":"2025-10-21T11:14:52+00:00","description":"\u00bfTe gusta Chatingly? \u00a1\u00danete a m\u00e1s de 50.000.000 de desconocidos en TinyChat! Enciende tu c\u00e1mara y empieza a conocer gente nueva, o encuentra una pareja.","breadcrumb":{"@id":"https:\/\/tinychat.com\/chatingly\/#breadcrumb"},"inLanguage":"es","potentialAction":[{"@type":"ReadAction","target":["https:\/\/tinychat.com\/chatingly\/"]}]},{"@type":"BreadcrumbList","@id":"https:\/\/tinychat.com\/chatingly\/#breadcrumb","itemListElement":[{"@type":"ListItem","position":1,"name":"Home","item":"https:\/\/tinychat.com\/"},{"@type":"ListItem","position":2,"name":"Chatingly"}]},{"@type":"WebSite","@id":"https:\/\/tinychat.com\/#website","url":"https:\/\/tinychat.com\/","name":"TinyChat","description":"Videochat aleatorio con desconocidos","publisher":{"@id":"https:\/\/tinychat.com\/#organization"},"alternateName":"TinyChat.com","potentialAction":[{"@type":"SearchAction","target":{"@type":"EntryPoint","urlTemplate":"https:\/\/tinychat.com\/?s={search_term_string}"},"query-input":{"@type":"PropertyValueSpecification","valueRequired":true,"valueName":"search_term_string"}}],"inLanguage":"es"},{"@type":"Organization","@id":"https:\/\/tinychat.com\/#organization","name":"TinyChat","alternateName":"TinyChat.com","url":"https:\/\/tinychat.com\/","logo":{"@type":"ImageObject","inLanguage":"es","@id":"https:\/\/tinychat.com\/#\/schema\/logo\/image\/","url":"https:\/\/tinychat.com\/wp-content\/uploads\/2023\/11\/Tinychat-icon-square.png","contentUrl":"https:\/\/tinychat.com\/wp-content\/uploads\/2023\/11\/Tinychat-icon-square.png","width":284,"height":284,"caption":"TinyChat"},"image":{"@id":"https:\/\/tinychat.com\/#\/schema\/logo\/image\/"},"sameAs":["https:\/\/www.facebook.com\/tinychat","https:\/\/x.com\/tinychat"]}]}},"_links":{"self":[{"href":"https:\/\/tinychat.com\/es\/wp-json\/wp\/v2\/pages\/12430","targetHints":{"allow":["GET"]}}],"collection":[{"href":"https:\/\/tinychat.com\/es\/wp-json\/wp\/v2\/pages"}],"about":[{"href":"https:\/\/tinychat.com\/es\/wp-json\/wp\/v2\/types\/page"}],"author":[{"embeddable":true,"href":"https:\/\/tinychat.com\/es\/wp-json\/wp\/v2\/users\/6"}],"replies":[{"embeddable":true,"href":"https:\/\/tinychat.com\/es\/wp-json\/wp\/v2\/comments?post=12430"}],"version-history":[{"count":3,"href":"https:\/\/tinychat.com\/es\/wp-json\/wp\/v2\/pages\/12430\/revisions"}],"predecessor-version":[{"id":13559,"href":"https:\/\/tinychat.com\/es\/wp-json\/wp\/v2\/pages\/12430\/revisions\/13559"}],"wp:attachment":[{"href":"https:\/\/tinychat.com\/es\/wp-json\/wp\/v2\/media?parent=12430"}],"curies":[{"name":"wp","href":"https:\/\/api.w.org\/{rel}","templated":true}]}}