{"id":12446,"date":"2025-08-11T08:59:56","date_gmt":"2025-08-11T06:59:56","guid":{"rendered":"https:\/\/tinychat.com\/?page_id=12446"},"modified":"2025-08-11T09:19:49","modified_gmt":"2025-08-11T07:19:49","slug":"camzey","status":"publish","type":"page","link":"https:\/\/tinychat.com\/es\/camzey\/","title":{"rendered":"Camzey"},"content":{"rendered":"<p>Internet ha hecho que conectar con la gente sea m\u00e1s f\u00e1cil que nunca, pero muchas plataformas sociales resultan repetitivas, curradas y predecibles. Ah\u00ed es donde entra Camzey. Dise\u00f1ado para aquellos que anhelan conversaciones espont\u00e1neas, cara a cara, Camzey ofrece una nueva visi\u00f3n de la experiencia de chat de v\u00eddeo al azar, dando a los usuarios la emoci\u00f3n de conocer a alguien nuevo en tiempo real.<\/p>\n<p>Con su dise\u00f1o mobile-first, su sistema de emparejamiento instant\u00e1neo y su interfaz f\u00e1cil de usar, Camzey combina la emoci\u00f3n de los encuentros sorpresa con herramientas que hacen que chatear sea seguro, atractivo y accesible. Tanto si quieres hacer amigos, practicar otro idioma, ligar o simplemente pasar el rato, Camzey te ofrece un mundo de posibilidades: una conexi\u00f3n aleatoria cada vez.<\/p>\n<p>Este an\u00e1lisis en profundidad explora todo lo que necesitas saber sobre Camzey, incluyendo sus caracter\u00edsticas, proceso de configuraci\u00f3n, experiencia de usuario, medidas de seguridad y c\u00f3mo se compara con otras plataformas del sector.<\/p>\n<h2>\u00bfQu\u00e9 es el Camzey?<\/h2>\n<p>Camzey es una plataforma de videochat aleatorio que te conecta instant\u00e1neamente con desconocidos de todo el mundo. En lugar de navegar por perfiles o deslizar el dedo sin parar, entablas conversaciones en directo, cara a cara, en las que puedes interactuar de forma natural y decidir en tiempo real si quieres continuar o seguir adelante.<\/p>\n<p>Al igual que Omegle, Chatroulette o ChatHub, Camzey se centra en la conexi\u00f3n humana directa, pero a\u00f1ade una moderna tecnolog\u00eda de transmisi\u00f3n de v\u00eddeo, filtros de usuario y herramientas de privacidad para hacerla m\u00e1s fluida y atractiva. El resultado es una experiencia de chat espont\u00e1nea pero segura.<\/p>\n<h2>Caracter\u00edsticas principales de Camzey<\/h2>\n<p>Camzey no es un clon cualquiera del chat, sino que est\u00e1 repleto de funciones \u00fatiles que hacen que las conversaciones fluyan y el descubrimiento sea m\u00e1s divertido.<\/p>\n<h3>1. Videochat aleatorio instant\u00e1neo<\/h3>\n<ul>\n<li>Con\u00e9ctese con desconocidos de cualquier parte del mundo en cuesti\u00f3n de segundos.<\/li>\n<li>V\u00eddeo y audio de alta calidad para una conversaci\u00f3n natural.<\/li>\n<li>Basta con deslizar o tocar para saltar y conocer a alguien nuevo.<\/li>\n<\/ul>\n<h3>2. Filtros de ubicaci\u00f3n y sexo<\/h3>\n<ul>\n<li>Limite sus coincidencias a pa\u00edses o regiones espec\u00edficos.<\/li>\n<li>Filtre por sexo para una experiencia de chat m\u00e1s personalizada.<\/li>\n<li>Los filtros son opcionales: no los utilice para obtener una aleatoriedad total.<\/li>\n<\/ul>\n<h3>3. Opci\u00f3n de chat de texto<\/h3>\n<ul>\n<li>Escriba a m\u00e1quina en lugar de hablar si lo prefiere.<\/li>\n<li>Comparte enlaces, chistes o traducciones r\u00e1pidas durante las videollamadas.<\/li>\n<\/ul>\n<h3>4. Sistema de amigos y reconexi\u00f3n<\/h3>\n<ul>\n<li>A\u00f1ade como amigos a usuarios con los que te guste hablar.<\/li>\n<li>Vuelve a enviar mensajes o chatear por v\u00eddeo sin depender de coincidencias aleatorias.<\/li>\n<\/ul>\n<h3>5. Filtros y efectos divertidos<\/h3>\n<ul>\n<li>Aplica pegatinas, m\u00e1scaras y efectos AR durante las llamadas.<\/li>\n<li>Personalice su aspecto o a\u00f1ada humor a las conversaciones.<\/li>\n<\/ul>\n<h3>6. Herramientas de privacidad y seguridad<\/h3>\n<ul>\n<li>Modo de previsualizaci\u00f3n del desenfoque para que veas a los usuarios antes de desenfocar.<\/li>\n<li>Botones r\u00e1pidos de denuncia y bloqueo para usuarios problem\u00e1ticos.<\/li>\n<li>Equipo de moderaci\u00f3n para revisar los informes 24\/7.<\/li>\n<\/ul>\n<h3>7. Experiencia Mobile-First<\/h3>\n<ul>\n<li>Optimizado para iOS y Android.<\/li>\n<li>Tiempos de carga r\u00e1pidos y retraso m\u00ednimo durante las videollamadas.<\/li>\n<\/ul>\n<h2>C\u00f3mo utilizar el Camzey<\/h2>\n<p>El dise\u00f1o del Camzey hace que sea f\u00e1cil de usar para principiantes, incluso para aquellos que nunca antes han utilizado el chat de v\u00eddeo aleatorio.<\/p>\n<h3>Paso 1: Acceder al Camzey<\/h3>\n<ul>\n<li>Disponible como aplicaci\u00f3n m\u00f3vil para iOS y Android.<\/li>\n<li>Algunas funciones pueden ser accesibles a trav\u00e9s del navegador web.<\/li>\n<\/ul>\n<h3>Paso 2: Registrarse o utilizar el modo invitado<\/h3>\n<ul>\n<li>Puedes empezar a chatear sin registrarte, pero inscribirte te lo permite:\n<ul>\n<li>Salva a tus amigos.<\/li>\n<li>Establecer preferencias.<\/li>\n<li>Desbloquea los filtros.<\/li>\n<\/ul>\n<\/li>\n<\/ul>\n<h3>Paso 3: Establezca sus preferencias<\/h3>\n<ul>\n<li>Elija los filtros de sexo y regi\u00f3n (si lo desea).<\/li>\n<li>Activa\/desactiva el modo de previsualizaci\u00f3n del desenfoque.<\/li>\n<li>Ajusta la configuraci\u00f3n del micr\u00f3fono y la c\u00e1mara.<\/li>\n<\/ul>\n<h3>Paso 4: Empezar a chatear<\/h3>\n<ul>\n<li>Pulsa Iniciar para conectarte al instante.<\/li>\n<li>Decide si continuar la conversaci\u00f3n o pasar a otra persona.<\/li>\n<\/ul>\n<h3>Paso 5: A\u00f1adir amigos o seguir navegando<\/h3>\n<ul>\n<li>Haz clic en \"A\u00f1adir amigo\" para guardar la conexi\u00f3n para m\u00e1s tarde.<\/li>\n<li>Sigue chateando con gente nueva todo el tiempo que quieras.<\/li>\n<\/ul>\n<h2>Experiencia de usuario en el Camzey<\/h2>\n<p>Camzey se centra en la simplicidad y el rendimiento fluido, por lo que es accesible para los usuarios ocasionales, pero lo suficientemente atractivo para los habituales.<\/p>\n<h3>Lo que les gusta a los usuarios<\/h3>\n<ul>\n<li>Conexiones r\u00e1pidas: sin esperas ni colas.<\/li>\n<li>Calidad de v\u00eddeo n\u00edtida y audio estable.<\/li>\n<li>Opci\u00f3n de filtrar las coincidencias para obtener chats m\u00e1s relevantes.<\/li>\n<li>Filtros divertidos que a\u00f1aden personalidad a las llamadas.<\/li>\n<li>No hay configuraciones complicadas: basta con pulsar y listo.<\/li>\n<li>Herramientas de privacidad como el modo borroso y el bloqueo r\u00e1pido.<\/li>\n<\/ul>\n<h3>Donde los usuarios ven margen de mejora<\/h3>\n<ul>\n<li>Los usuarios gratuitos pueden enfrentarse a l\u00edmites en los filtros.<\/li>\n<li>Peque\u00f1as bases regionales de usuarios en determinadas zonas horarias.<\/li>\n<li>Sin herramienta de traducci\u00f3n integrada (a diferencia del Azar).<\/li>\n<li>La experiencia exclusiva de las aplicaciones puede disuadir a los usuarios de ordenadores de sobremesa.<\/li>\n<\/ul>\n<h2>Camzey frente a otras plataformas de videoconferencia aleatorias<\/h2>\n<table>\n<thead>\n<tr>\n<th>Caracter\u00edstica<\/th>\n<th>Camzey<\/th>\n<th>OmegleWeb<\/th>\n<th>ChatHub<\/th>\n<th>LuckyCrush<\/th>\n<th>Azar<\/th>\n<th>HOLLA<\/th>\n<\/tr>\n<\/thead>\n<tbody>\n<tr>\n<td>Random Video Chat con Desconocidos<\/td>\n<td>\u2705 S\u00ed<\/td>\n<td>\u2705 S\u00ed<\/td>\n<td>\u2705 S\u00ed<\/td>\n<td>\u2705 S\u00ed<\/td>\n<td>\u2705 S\u00ed<\/td>\n<td>\u2705 S\u00ed<\/td>\n<\/tr>\n<tr>\n<td>Filtros de g\u00e9nero\/ubicaci\u00f3n<\/td>\n<td>\u2705 S\u00ed<\/td>\n<td>\u26a0\ufe0f Limitada<\/td>\n<td>\u2705 S\u00ed<\/td>\n<td>\u2705 S\u00ed<\/td>\n<td>\u2705 S\u00ed<\/td>\n<td>\u2705 S\u00ed<\/td>\n<\/tr>\n<tr>\n<td>Modo de previsualizaci\u00f3n de desenfoque<\/td>\n<td>\u2705 S\u00ed<\/td>\n<td>\u274c No<\/td>\n<td>\u2705 S\u00ed<\/td>\n<td>\u274c No<\/td>\n<td>\u2705 S\u00ed<\/td>\n<td>\u274c No<\/td>\n<\/tr>\n<tr>\n<td>Efectos\/Filtros divertidos<\/td>\n<td>\u2705 S\u00ed<\/td>\n<td>\u274c No<\/td>\n<td>\u2705 S\u00ed<\/td>\n<td>\u274c No<\/td>\n<td>\u2705 S\u00ed<\/td>\n<td>\u2705 S\u00ed<\/td>\n<\/tr>\n<tr>\n<td>Sistema de amigos<\/td>\n<td>\u2705 S\u00ed<\/td>\n<td>\u274c No<\/td>\n<td>\u2705 S\u00ed<\/td>\n<td>\u2705 S\u00ed<\/td>\n<td>\u2705 S\u00ed<\/td>\n<td>\u2705 S\u00ed<\/td>\n<\/tr>\n<tr>\n<td>Aplicaci\u00f3n m\u00f3vil<\/td>\n<td>\u2705 S\u00ed<\/td>\n<td>\u2705 S\u00ed<\/td>\n<td>\u2705 S\u00ed<\/td>\n<td>\u2705 S\u00ed<\/td>\n<td>\u2705 S\u00ed<\/td>\n<td>\u2705 S\u00ed<\/td>\n<\/tr>\n<tr>\n<td>Traducci\u00f3n<\/td>\n<td>\u274c No<\/td>\n<td>\u274c No<\/td>\n<td>\u274c No<\/td>\n<td>\u274c No<\/td>\n<td>\u2705 S\u00ed<\/td>\n<td>\u274c No<\/td>\n<\/tr>\n<\/tbody>\n<\/table>\n<p>Resumen: Camzey ofrece una calidad de v\u00eddeo s\u00f3lida, un emparejamiento r\u00e1pido y herramientas de privacidad, lo que lo convierte en un buen punto intermedio entre servicios ultra b\u00e1sicos como OmegleWeb y aplicaciones muy sociales como Azar.<\/p>\n<h2>\u00bfEs seguro el Camzey?<\/h2>\n<p>S\u00ed-Camzey incluye varias funciones de seguridad integradas:<\/p>\n<ul>\n<li>La moderaci\u00f3n por IA filtra los contenidos inapropiados.<\/li>\n<li>Las funciones de informe\/bloqueo son accesibles en todo momento.<\/li>\n<li>El modo de desenfoque opcional oculta el v\u00eddeo hasta que decidas verlo.<\/li>\n<li>Los usuarios pueden permanecer en el anonimato, sin necesidad de compartir informaci\u00f3n personal.<\/li>\n<\/ul>\n<h3>Consejos de seguridad<\/h3>\n<ul>\n<li>Evita revelar detalles privados en los chats.<\/li>\n<li>Termina la conversaci\u00f3n inmediatamente si te sientes inc\u00f3modo.<\/li>\n<li>Utilice filtros de g\u00e9nero y ubicaci\u00f3n para limitar la exposici\u00f3n si lo desea.<\/li>\n<li>Los padres deben supervisar a los menores que utilicen la aplicaci\u00f3n.<\/li>\n<\/ul>\n<h2>Consejos para sacar el m\u00e1ximo partido al Camzey<\/h2>\n<ul>\n<li>Utilice filtros si busca un grupo demogr\u00e1fico espec\u00edfico.<\/li>\n<li>Experimenta con efectos para hacer m\u00e1s divertidas las conversaciones.<\/li>\n<li>Prueba el modo global para conocer gente de culturas completamente diferentes.<\/li>\n<li>Con\u00e9ctese en las horas punta de su regi\u00f3n objetivo para obtener m\u00e1s partidos.<\/li>\n<li>Mant\u00e9n la c\u00e1mara despejada y bien iluminada para obtener mejores impresiones.<\/li>\n<li>Denuncie a los malos actores para contribuir a mantener una comunidad segura.<\/li>\n<\/ul>\n<h2>Problemas comunes del Camzey y soluciones<\/h2>\n<h3>No se puede conectar<\/h3>\n<p>Comprueba la velocidad de Internet y los permisos de c\u00e1mara\/micr\u00f3fono.<\/p>\n<h3>Mala calidad de v\u00eddeo<\/h3>\n<p>Cambia a Wi-Fi o a una se\u00f1al de datos m\u00e1s potente; cierra las aplicaciones en segundo plano.<\/p>\n<h3>Filtros bloqueados<\/h3>\n<p>Inicia sesi\u00f3n y comprueba si necesitas monedas o acceso premium.<\/p>\n<h3>Usuarios inadecuados<\/h3>\n<p>Bloquea e informa inmediatamente: la moderaci\u00f3n responde.<\/p>\n<p>Si quieres una experiencia de videochat aleatoria, moderna y sin complicaciones, el Camzey te la ofrece. Combina la emoci\u00f3n de conocer a desconocidos con suficientes herramientas de privacidad para mantener la seguridad, y su dise\u00f1o mobile-first garantiza una experiencia fluida y compatible con las aplicaciones.<\/p>\n<p>Aunque puede carecer de algunas funciones avanzadas como la traducci\u00f3n en tiempo real, es una opci\u00f3n s\u00f3lida para los usuarios que valoran la velocidad, la sencillez y la conexi\u00f3n casual. Tanto si buscas nuevas amistades, intercambios culturales o simplemente conversaciones divertidas, merece la pena a\u00f1adir Camzey a tu rotaci\u00f3n de plataformas de chat.<\/p>\n<p>\u00bfListo para empezar a chatear? Descarga Camzey en tu dispositivo m\u00f3vil, establece tus preferencias y mira a qui\u00e9n conoces a continuaci\u00f3n: as\u00ed de sencillo.<\/p>","protected":false},"excerpt":{"rendered":"<p>The internet has made it easier than ever to connect with people\u2014but many social platforms feel repetitive, curated, and predictable. That\u2019s where Camzey comes in. Designed for those who crave spontaneous, face-to-face conversations, Camzey offers a fresh take on the random video chat experience, giving users the thrill of meeting someone new in real time. [&hellip;]<\/p>\n","protected":false},"author":6,"featured_media":0,"parent":0,"menu_order":0,"comment_status":"closed","ping_status":"closed","template":"","meta":{"footnotes":""},"class_list":["post-12446","page","type-page","status-publish","hentry"],"yoast_head":"<!-- This site is optimized with the Yoast SEO plugin v27.5 - https:\/\/yoast.com\/product\/yoast-seo-wordpress\/ -->\n<title>Camzey - Alternative to OmeTV &amp; Monkey App - TinyChat.com<\/title>\n<meta name=\"description\" content=\"Enjoying Camzey? Join over 50,000,000 strangers on TinyChat! Turn on your cam and start meeting new people, or find a match.\" \/>\n<meta name=\"robots\" content=\"index, follow, max-snippet:-1, max-image-preview:large, max-video-preview:-1\" \/>\n<link rel=\"canonical\" href=\"https:\/\/tinychat.com\/es\/camzey\/\" \/>\n<meta property=\"og:locale\" content=\"es_ES\" \/>\n<meta property=\"og:type\" content=\"article\" \/>\n<meta property=\"og:title\" content=\"Camzey - Alternative to OmeTV &amp; Monkey App - TinyChat.com\" \/>\n<meta property=\"og:description\" content=\"Enjoying Camzey? Join over 50,000,000 strangers on TinyChat! Turn on your cam and start meeting new people, or find a match.\" \/>\n<meta property=\"og:url\" content=\"https:\/\/tinychat.com\/es\/camzey\/\" \/>\n<meta property=\"og:site_name\" content=\"TinyChat\" \/>\n<meta property=\"article:publisher\" content=\"https:\/\/www.facebook.com\/tinychat\" \/>\n<meta property=\"article:modified_time\" content=\"2025-08-11T07:19:49+00:00\" \/>\n<meta property=\"og:image\" content=\"https:\/\/tinychat.com\/wp-content\/uploads\/2020\/04\/Tinychat-logo-1280x284-new-black.png\" \/>\n\t<meta property=\"og:image:width\" content=\"1280\" \/>\n\t<meta property=\"og:image:height\" content=\"284\" \/>\n\t<meta property=\"og:image:type\" content=\"image\/png\" \/>\n<meta name=\"twitter:card\" content=\"summary_large_image\" \/>\n<meta name=\"twitter:site\" content=\"@tinychat\" \/>\n<meta name=\"twitter:label1\" content=\"Tiempo de lectura\" \/>\n\t<meta name=\"twitter:data1\" content=\"5 minutos\" \/>\n<script type=\"application\/ld+json\" class=\"yoast-schema-graph\">{\"@context\":\"https:\\\/\\\/schema.org\",\"@graph\":[{\"@type\":\"WebPage\",\"@id\":\"https:\\\/\\\/tinychat.com\\\/camzey\\\/\",\"url\":\"https:\\\/\\\/tinychat.com\\\/camzey\\\/\",\"name\":\"Camzey - Alternative to OmeTV & Monkey App - TinyChat.com\",\"isPartOf\":{\"@id\":\"https:\\\/\\\/tinychat.com\\\/#website\"},\"datePublished\":\"2025-08-11T06:59:56+00:00\",\"dateModified\":\"2025-08-11T07:19:49+00:00\",\"description\":\"Enjoying Camzey? Join over 50,000,000 strangers on TinyChat! Turn on your cam and start meeting new people, or find a match.\",\"breadcrumb\":{\"@id\":\"https:\\\/\\\/tinychat.com\\\/camzey\\\/#breadcrumb\"},\"inLanguage\":\"es\",\"potentialAction\":[{\"@type\":\"ReadAction\",\"target\":[\"https:\\\/\\\/tinychat.com\\\/camzey\\\/\"]}]},{\"@type\":\"BreadcrumbList\",\"@id\":\"https:\\\/\\\/tinychat.com\\\/camzey\\\/#breadcrumb\",\"itemListElement\":[{\"@type\":\"ListItem\",\"position\":1,\"name\":\"Home\",\"item\":\"https:\\\/\\\/tinychat.com\\\/\"},{\"@type\":\"ListItem\",\"position\":2,\"name\":\"Camzey\"}]},{\"@type\":\"WebSite\",\"@id\":\"https:\\\/\\\/tinychat.com\\\/#website\",\"url\":\"https:\\\/\\\/tinychat.com\\\/\",\"name\":\"TinyChat\",\"description\":\"Random Video Chat with Strangers\",\"publisher\":{\"@id\":\"https:\\\/\\\/tinychat.com\\\/#organization\"},\"alternateName\":\"TinyChat.com\",\"potentialAction\":[{\"@type\":\"SearchAction\",\"target\":{\"@type\":\"EntryPoint\",\"urlTemplate\":\"https:\\\/\\\/tinychat.com\\\/?s={search_term_string}\"},\"query-input\":{\"@type\":\"PropertyValueSpecification\",\"valueRequired\":true,\"valueName\":\"search_term_string\"}}],\"inLanguage\":\"es\"},{\"@type\":\"Organization\",\"@id\":\"https:\\\/\\\/tinychat.com\\\/#organization\",\"name\":\"TinyChat\",\"alternateName\":\"TinyChat.com\",\"url\":\"https:\\\/\\\/tinychat.com\\\/\",\"logo\":{\"@type\":\"ImageObject\",\"inLanguage\":\"es\",\"@id\":\"https:\\\/\\\/tinychat.com\\\/#\\\/schema\\\/logo\\\/image\\\/\",\"url\":\"https:\\\/\\\/tinychat.com\\\/wp-content\\\/uploads\\\/2023\\\/11\\\/Tinychat-icon-square.png\",\"contentUrl\":\"https:\\\/\\\/tinychat.com\\\/wp-content\\\/uploads\\\/2023\\\/11\\\/Tinychat-icon-square.png\",\"width\":284,\"height\":284,\"caption\":\"TinyChat\"},\"image\":{\"@id\":\"https:\\\/\\\/tinychat.com\\\/#\\\/schema\\\/logo\\\/image\\\/\"},\"sameAs\":[\"https:\\\/\\\/www.facebook.com\\\/tinychat\",\"https:\\\/\\\/x.com\\\/tinychat\"]}]}<\/script>\n<!-- \/ Yoast SEO plugin. -->","yoast_head_json":{"title":"Camzey - Alternativa a OmeTV y Monkey App - TinyChat.com","description":"\u00bfTe gusta Camzey? \u00a1\u00danete a m\u00e1s de 50.000.000 de desconocidos en TinyChat! Enciende tu c\u00e1mara y empieza a conocer gente nueva, o encuentra pareja.","robots":{"index":"index","follow":"follow","max-snippet":"max-snippet:-1","max-image-preview":"max-image-preview:large","max-video-preview":"max-video-preview:-1"},"canonical":"https:\/\/tinychat.com\/es\/camzey\/","og_locale":"es_ES","og_type":"article","og_title":"Camzey - Alternative to OmeTV & Monkey App - TinyChat.com","og_description":"Enjoying Camzey? Join over 50,000,000 strangers on TinyChat! Turn on your cam and start meeting new people, or find a match.","og_url":"https:\/\/tinychat.com\/es\/camzey\/","og_site_name":"TinyChat","article_publisher":"https:\/\/www.facebook.com\/tinychat","article_modified_time":"2025-08-11T07:19:49+00:00","og_image":[{"width":1280,"height":284,"url":"https:\/\/tinychat.com\/wp-content\/uploads\/2020\/04\/Tinychat-logo-1280x284-new-black.png","type":"image\/png"}],"twitter_card":"summary_large_image","twitter_site":"@tinychat","twitter_misc":{"Tiempo de lectura":"5 minutos"},"schema":{"@context":"https:\/\/schema.org","@graph":[{"@type":"WebPage","@id":"https:\/\/tinychat.com\/camzey\/","url":"https:\/\/tinychat.com\/camzey\/","name":"Camzey - Alternativa a OmeTV y Monkey App - TinyChat.com","isPartOf":{"@id":"https:\/\/tinychat.com\/#website"},"datePublished":"2025-08-11T06:59:56+00:00","dateModified":"2025-08-11T07:19:49+00:00","description":"\u00bfTe gusta Camzey? \u00a1\u00danete a m\u00e1s de 50.000.000 de desconocidos en TinyChat! Enciende tu c\u00e1mara y empieza a conocer gente nueva, o encuentra pareja.","breadcrumb":{"@id":"https:\/\/tinychat.com\/camzey\/#breadcrumb"},"inLanguage":"es","potentialAction":[{"@type":"ReadAction","target":["https:\/\/tinychat.com\/camzey\/"]}]},{"@type":"BreadcrumbList","@id":"https:\/\/tinychat.com\/camzey\/#breadcrumb","itemListElement":[{"@type":"ListItem","position":1,"name":"Home","item":"https:\/\/tinychat.com\/"},{"@type":"ListItem","position":2,"name":"Camzey"}]},{"@type":"WebSite","@id":"https:\/\/tinychat.com\/#website","url":"https:\/\/tinychat.com\/","name":"TinyChat","description":"Videochat aleatorio con desconocidos","publisher":{"@id":"https:\/\/tinychat.com\/#organization"},"alternateName":"TinyChat.com","potentialAction":[{"@type":"SearchAction","target":{"@type":"EntryPoint","urlTemplate":"https:\/\/tinychat.com\/?s={search_term_string}"},"query-input":{"@type":"PropertyValueSpecification","valueRequired":true,"valueName":"search_term_string"}}],"inLanguage":"es"},{"@type":"Organization","@id":"https:\/\/tinychat.com\/#organization","name":"TinyChat","alternateName":"TinyChat.com","url":"https:\/\/tinychat.com\/","logo":{"@type":"ImageObject","inLanguage":"es","@id":"https:\/\/tinychat.com\/#\/schema\/logo\/image\/","url":"https:\/\/tinychat.com\/wp-content\/uploads\/2023\/11\/Tinychat-icon-square.png","contentUrl":"https:\/\/tinychat.com\/wp-content\/uploads\/2023\/11\/Tinychat-icon-square.png","width":284,"height":284,"caption":"TinyChat"},"image":{"@id":"https:\/\/tinychat.com\/#\/schema\/logo\/image\/"},"sameAs":["https:\/\/www.facebook.com\/tinychat","https:\/\/x.com\/tinychat"]}]}},"_links":{"self":[{"href":"https:\/\/tinychat.com\/es\/wp-json\/wp\/v2\/pages\/12446","targetHints":{"allow":["GET"]}}],"collection":[{"href":"https:\/\/tinychat.com\/es\/wp-json\/wp\/v2\/pages"}],"about":[{"href":"https:\/\/tinychat.com\/es\/wp-json\/wp\/v2\/types\/page"}],"author":[{"embeddable":true,"href":"https:\/\/tinychat.com\/es\/wp-json\/wp\/v2\/users\/6"}],"replies":[{"embeddable":true,"href":"https:\/\/tinychat.com\/es\/wp-json\/wp\/v2\/comments?post=12446"}],"version-history":[{"count":4,"href":"https:\/\/tinychat.com\/es\/wp-json\/wp\/v2\/pages\/12446\/revisions"}],"predecessor-version":[{"id":13432,"href":"https:\/\/tinychat.com\/es\/wp-json\/wp\/v2\/pages\/12446\/revisions\/13432"}],"wp:attachment":[{"href":"https:\/\/tinychat.com\/es\/wp-json\/wp\/v2\/media?parent=12446"}],"curies":[{"name":"wp","href":"https:\/\/api.w.org\/{rel}","templated":true}]}}