{"id":12655,"date":"2025-01-21T14:01:41","date_gmt":"2025-01-21T12:01:41","guid":{"rendered":"https:\/\/tinychat.com\/?page_id=12655"},"modified":"2025-07-21T13:15:52","modified_gmt":"2025-07-21T11:15:52","slug":"omegleweb","status":"publish","type":"page","link":"https:\/\/tinychat.com\/es\/omegleweb\/","title":{"rendered":"OmegleWeb"},"content":{"rendered":"<p>El mundo de la comunicaci\u00f3n en l\u00ednea ha cambiado radicalmente desde que el Omegle original irrumpi\u00f3 en escena, introduciendo a millones de personas en la emoci\u00f3n de las conversaciones espont\u00e1neas con desconocidos de todo el mundo. Hoy en d\u00eda, OmegleWeb se presenta como una alternativa de nueva generaci\u00f3n que recupera todo lo que los usuarios adoraban del chat aleatorio cl\u00e1sico, pero con un dise\u00f1o renovado, mejor moderaci\u00f3n y funciones de privacidad y seguridad orientadas al usuario.<\/p>\n<p>Tanto si busca nuevos amigos, un compa\u00f1ero de estudio, alguien con quien practicar un idioma o simplemente una forma de romper la monoton\u00eda, OmegleWeb le ofrece un chat de v\u00eddeo y texto instant\u00e1neo, an\u00f3nimo y atractivo con personas reales de todo el mundo. Para muchos, no es s\u00f3lo un sustituto de Omegle: es una actualizaci\u00f3n muy necesaria para la era moderna.<\/p>\n<p>En esta gu\u00eda en profundidad, cubriremos todo sobre OmegleWeb: qu\u00e9 es, c\u00f3mo funciona, sus caracter\u00edsticas clave, protocolos de seguridad, experiencia de usuario, comparaciones con otras plataformas de chat aleatorias, soluci\u00f3n de problemas comunes y consejos de expertos para sacar el m\u00e1ximo partido a cada chat.<\/p>\n<h2>\u00bfQu\u00e9 es OmegleWeb?<\/h2>\n<p>OmegleWeb es un sitio web de chat aleatorio de v\u00eddeo y texto que te empareja instant\u00e1neamente con desconocidos para mantener conversaciones uno a uno. No es necesario registrarse ni descargar nada: basta con abrir el sitio web, elegir el modo de chat y quedar emparejado en cuesti\u00f3n de segundos.<\/p>\n<p>Lanzado como respuesta al cierre y las limitaciones del Omegle original, la misi\u00f3n de OmegleWeb es clara: traer de vuelta la magia del verdadero chat aleatorio, pero con un entorno m\u00e1s seguro, acogedor y rico en funciones. Combina la facilidad de la ruleta de chat de la vieja escuela con la seguridad moderna y un dise\u00f1o responsivo, haci\u00e9ndolo accesible y agradable para todos, en todas partes.<\/p>\n<h2>Caracter\u00edsticas principales de OmegleWeb<\/h2>\n<p>El OmegleWeb le ofrece todo lo que necesita para conectarse a Internet de forma espont\u00e1nea, adem\u00e1s de varios detalles que lo diferencian de los dem\u00e1s:<\/p>\n<h3>1. Chat aleatorio instant\u00e1neo de v\u00eddeo y texto<\/h3>\n<p>Sin necesidad de registrarse ni rellenar perfiles. OmegleWeb te pone cara a cara (o teclado a teclado) con un desconocido de cualquier parte del mundo en cuesti\u00f3n de segundos.<\/p>\n<h3>2. Elecci\u00f3n de chat de v\u00eddeo o s\u00f3lo texto<\/h3>\n<p>\u00bfTe da miedo la c\u00e1mara? No hay problema. Cambia f\u00e1cilmente entre el chat de v\u00eddeo y el de texto, o empieza por el texto y enciende la c\u00e1mara cuando te sientas c\u00f3modo.<\/p>\n<h3>3. Filtros de g\u00e9nero y ubicaci\u00f3n<\/h3>\n<p>\u00bfBuscas un determinado tipo de chat? OmegleWeb te permite filtrar las coincidencias por sexo o regi\u00f3n (algunas opciones pueden ser premium), lo que te ayudar\u00e1 a conocer a personas que coincidan con tus intereses o necesidades.<\/p>\n<h3>4. Compatibilidad con m\u00f3viles y ordenadores de sobremesa<\/h3>\n<p>Tanto si est\u00e1 en su ordenador port\u00e1til en casa como si utiliza su tel\u00e9fono mientras se desplaza, OmegleWeb funciona a la perfecci\u00f3n en todos los dispositivos y navegadores modernos, con una interfaz r\u00e1pida y receptiva y calidad de v\u00eddeo HD.<\/p>\n<h3>5. Bot\u00f3n \"Siguiente\" para saltar r\u00e1pidamente<\/h3>\n<p>Si un chat no te gusta, haz clic en \"Siguiente\" para encontrar una nueva pareja al instante, sin esperas ni incomodidades.<\/p>\n<h3>6. An\u00f3nimo, privado y seguro<\/h3>\n<p>No es necesario registrarse para utilizar las funciones principales de OmegleWeb. Tus conversaciones son privadas y no se guardan. Puedes controlar lo que compartes y c\u00f3mo te presentas.<\/p>\n<h3>7. Traducci\u00f3n en el chat<\/h3>\n<p>Hable con quien quiera y donde quiera, aunque no compartan el mismo idioma. OmegleWeb ofrece traducci\u00f3n de texto en tiempo real, rompiendo las barreras globales.<\/p>\n<h3>8. Moderaci\u00f3n en directo e informes<\/h3>\n<p>OmegleWeb est\u00e1 comprometida con la seguridad de la comunidad, con una mezcla de:<\/p>\n<ul>\n<li>Moderaci\u00f3n automatizada mediante inteligencia artificial para detectar desnudos, spam o contenidos abusivos.<\/li>\n<li>Moderadores humanos 24 horas al d\u00eda, 7 d\u00edas a la semana, listos para actuar ante las denuncias de los usuarios.<\/li>\n<li>Botones f\u00e1ciles de bloquear y denunciar siempre disponibles en el chat<\/li>\n<\/ul>\n<h3>9. Registro opcional de la cuenta<\/h3>\n<p>Disfrute de OmegleWeb como un aut\u00e9ntico invitado, o registre una cuenta gratuita opcional para obtener funciones adicionales: gesti\u00f3n de amigos, historial de chat, filtros avanzados y acceso a actualizaciones premium.<\/p>\n<h2>C\u00f3mo utilizar OmegleWeb<\/h2>\n<p>OmegleWeb hace que el chat en l\u00ednea sea lo m\u00e1s sencillo posible. Aqu\u00ed tienes una gu\u00eda r\u00e1pida paso a paso:<\/p>\n<h3>Paso 1: Visite OmegleWeb<\/h3>\n<p>Abra su navegador y vaya a omegleweb.com o al sitio regional correspondiente.<\/p>\n<h3>Paso 2: Elige tu modo de chat<\/h3>\n<ul>\n<li>Videochat: Activa la c\u00e1mara web y el micr\u00f3fono.<\/li>\n<li>Chat de texto: Empieza a chatear al instante sin v\u00eddeo.<\/li>\n<\/ul>\n<h3>Paso 3: Establecer filtros (opcional)<\/h3>\n<p>Elige filtros como sexo o ubicaci\u00f3n para una experiencia m\u00e1s personalizada. (Algunos filtros pueden requerir una cuenta gratuita o premium).<\/p>\n<h3>Paso 4: Haz clic en \"Iniciar\" o \"Conectar\".<\/h3>\n<p>En cuesti\u00f3n de segundos se te asignar\u00e1 un usuario al azar. Pres\u00e9ntate y entabla conversaci\u00f3n.<\/p>\n<h3>Paso 5: Utilice \"Siguiente\" para avanzar<\/h3>\n<p>\u00bfNo encaja? Haz clic en \"Siguiente\" para chatear con alguien nuevo al instante.<\/p>\n<h3>Paso 6: Registrarse en Extras (opcional)<\/h3>\n<p>\u00bfQuieres filtros avanzados, la posibilidad de guardar amigos o funciones premium? Reg\u00edstrate para obtener una cuenta (s\u00f3lo se requieren unos datos m\u00ednimos).<\/p>\n<h3>Paso 7: Utilizar la traducci\u00f3n o bloquear\/informar seg\u00fan sea necesario<\/h3>\n<p>Aprovecha las ventajas de la traducci\u00f3n en el chat o utiliza la funci\u00f3n de bloqueo\/denuncia para que tu experiencia sea segura y c\u00f3moda.<\/p>\n<h2>Experiencia de usuario en OmegleWeb<\/h2>\n<p>La experiencia de usuario de OmegleWeb se basa en la velocidad, la sencillez y la conexi\u00f3n aut\u00e9ntica:<\/p>\n<h3>Lo que les gusta a los usuarios<\/h3>\n<ul>\n<li>No es necesario registrarse: Entra en un chat inmediatamente, sin renunciar a tu privacidad.<\/li>\n<li>Interfaz moderna y limpia: M\u00ednimas distracciones y f\u00e1cil navegaci\u00f3n.<\/li>\n<li>Base de usuarios global y diversa: Conoce a gente de todo el mundo.<\/li>\n<li>Filtros que funcionan de verdad: Coincide con el tipo de personas que quieres conocer.<\/li>\n<li>Herramienta de traducci\u00f3n: Salva las diferencias ling\u00fc\u00edsticas en tiempo real.<\/li>\n<li>Bot\u00f3n \"Siguiente\" r\u00e1pido: Mantiene las cosas frescas y divertidas.<\/li>\n<\/ul>\n<h3>Donde los usuarios ven margen de mejora<\/h3>\n<ul>\n<li>Algunos filtros avanzados y funciones premium requieren registro o el pago de una cuota (norma del sector).<\/li>\n<li>Usuarios inapropiados ocasionales (r\u00e1pidamente solucionados por la moderaci\u00f3n, pero comunes a todos los sitios de chat aleatorios).<\/li>\n<li>No hay salas de chat en grupo ni basadas en intereses (el enfoque es individual).<\/li>\n<li>Muy atractivo, puede ser adictivo para los amantes de la serendipia.<\/li>\n<\/ul>\n<h3>Opiniones reales de los usuarios<\/h3>\n<blockquote><p>\"OmegleWeb me ha devuelto la experiencia de videochat aleatorio que echaba de menos, pero adem\u00e1s es m\u00e1s seguro y tiene mucho mejor aspecto\".<br \/>\n- <em>Alyssa G., Trustpilot<\/em><\/p><\/blockquote>\n<blockquote><p>\"Lo uso en mi tel\u00e9fono mientras viajo: es f\u00e1cil conocer gente de nuevos pa\u00edses y practicar idiomas\".<br \/>\n- <em>Jonas W., Google Play<\/em><\/p><\/blockquote>\n<blockquote><p>\"La funci\u00f3n de traducci\u00f3n es muy \u00fatil. He hablado con gente de todos los continentes\".<br \/>\n- <em>Yuri S., App Store<\/em><\/p><\/blockquote>\n<h2>OmegleWeb frente a otras plataformas de chat aleatorias<\/h2>\n<p>\u00bfC\u00f3mo se compara OmegleWeb con otros sitios web l\u00edderes de videochat aleatorio?<\/p>\n<table>\n<thead>\n<tr>\n<th>Caracter\u00edstica<\/th>\n<th>OmegleWeb<\/th>\n<th>CrushRoulette<\/th>\n<th>CamMatch<\/th>\n<th>ChatMatch<\/th>\n<th>Omegle<\/th>\n<th>Chatroulette<\/th>\n<th>LivU<\/th>\n<th>HOLLA<\/th>\n<\/tr>\n<\/thead>\n<tbody>\n<tr>\n<td>No es necesario inscribirse<\/td>\n<td>\u2705 S\u00ed<\/td>\n<td>\u2705 S\u00ed<\/td>\n<td>\u2705 S\u00ed<\/td>\n<td>\u2705 S\u00ed<\/td>\n<td>\u2705 S\u00ed<\/td>\n<td>\u2705 S\u00ed<\/td>\n<td>\u2705 S\u00ed<\/td>\n<td>\u2705 S\u00ed<\/td>\n<\/tr>\n<tr>\n<td>Chat de v\u00eddeo y texto<\/td>\n<td>\u2705 Ambos<\/td>\n<td>\u2705 Ambos<\/td>\n<td>\u2705 Ambos<\/td>\n<td>\u2705 Ambos<\/td>\n<td>\u2705 Ambos<\/td>\n<td>\u2705 Ambos<\/td>\n<td>\u2705 Ambos<\/td>\n<td>\u2705 Ambos<\/td>\n<\/tr>\n<tr>\n<td>Filtro sexo\/pa\u00eds<\/td>\n<td>\u2705 S\u00ed*<\/td>\n<td>\u2705 S\u00ed*<\/td>\n<td>\u2705 S\u00ed*<\/td>\n<td>\u2705 S\u00ed*<\/td>\n<td>\u26a0\ufe0f Limitada<\/td>\n<td>\u2705 S\u00ed<\/td>\n<td>\u2705 S\u00ed<\/td>\n<td>\u2705 S\u00ed<\/td>\n<\/tr>\n<tr>\n<td>Optimizado para m\u00f3viles<\/td>\n<td>\u2705 S\u00ed<\/td>\n<td>\u2705 S\u00ed<\/td>\n<td>\u2705 S\u00ed<\/td>\n<td>\u2705 S\u00ed<\/td>\n<td>\u26a0\ufe0f Mixto<\/td>\n<td>\u2705 S\u00ed<\/td>\n<td>\u2705 S\u00ed<\/td>\n<td>\u2705 S\u00ed<\/td>\n<\/tr>\n<tr>\n<td>Herramienta de traducci\u00f3n<\/td>\n<td>\u2705 S\u00ed<\/td>\n<td>\u2705 S\u00ed<\/td>\n<td>\u2705 S\u00ed<\/td>\n<td>\u2705 S\u00ed<\/td>\n<td>\u274c No<\/td>\n<td>\u274c No<\/td>\n<td>\u2705 S\u00ed<\/td>\n<td>\u2705 S\u00ed<\/td>\n<\/tr>\n<tr>\n<td>Cuentas opcionales<\/td>\n<td>\u2705 S\u00ed<\/td>\n<td>\u2705 S\u00ed<\/td>\n<td>\u2705 S\u00ed<\/td>\n<td>\u2705 S\u00ed<\/td>\n<td>\u274c No<\/td>\n<td>\u274c No<\/td>\n<td>\u2705 S\u00ed<\/td>\n<td>\u2705 S\u00ed<\/td>\n<\/tr>\n<tr>\n<td>Moderaci\u00f3n\/Seguridad<\/td>\n<td>\u2705 Fuerte<\/td>\n<td>\u2705 Fuerte<\/td>\n<td>\u2705 Fuerte<\/td>\n<td>\u2705 Fuerte<\/td>\n<td>\u26a0\ufe0f Limitada<\/td>\n<td>\u26a0\ufe0f Limitada<\/td>\n<td>\u2705 Fuerte<\/td>\n<td>\u2705 Fuerte<\/td>\n<\/tr>\n<\/tbody>\n<\/table>\n<p>**Algunas funciones requieren registro o actualizaciones premium.<\/p>\n<p>Resumen: OmegleWeb es una alternativa moderna al chat aleatorio cl\u00e1sico, con potentes filtros, traducci\u00f3n en el chat, moderaci\u00f3n r\u00e1pida y un dise\u00f1o que da prioridad a la privacidad, lo que lo convierte en la mejor opci\u00f3n para los usuarios actuales.<\/p>\n<h2>\u00bfEs OmegleWeb seguro?<\/h2>\n<p>OmegleWeb se toma muy en serio la seguridad de los usuarios, aprendiendo de los errores de plataformas anteriores:<\/p>\n<ul>\n<li>Moderaci\u00f3n asistida por inteligencia artificial: Analiza en tiempo real los contenidos de v\u00eddeo, texto e imagen para detectar desnudos, abusos o spam.<\/li>\n<li>Moderadores humanos: Activos 24\/7 para investigar denuncias y eliminar infractores.<\/li>\n<li>Herramientas de denuncia\/bloqueo siempre activas: Los usuarios pueden actuar al instante para mantener su chat seguro.<\/li>\n<li>No se requieren datos personales: Mantente en el anonimato, comparte s\u00f3lo lo que quieras.<\/li>\n<li>Chats privados uno a uno: No hay salas de grupo ni registros p\u00fablicos.<\/li>\n<li>Normas y directrices claras: F\u00e1ciles de leer y de estricto cumplimiento.<\/li>\n<\/ul>\n<h3>Consejos de seguridad<\/h3>\n<ul>\n<li>Nunca compartas informaci\u00f3n personal (nombre real, direcci\u00f3n, tel\u00e9fono, datos financieros).<\/li>\n<li>Conf\u00eda en tus instintos: utiliza \"Siguiente\", bloquea o denuncia si te sientes inc\u00f3modo.<\/li>\n<li>Utiliza un apodo y s\u00e9 prudente a la hora de trasladar los chats a otras plataformas.<\/li>\n<li>S\u00f3lo acepta archivos o enlaces de conexiones de confianza.<\/li>\n<li>S\u00e9 respetuoso y espera lo mismo de los dem\u00e1s.<\/li>\n<\/ul>\n<h2>Consejos para disfrutar de OmegleWeb<\/h2>\n<ul>\n<li>Abra con un saludo amistoso: La primera impresi\u00f3n es la que cuenta.<\/li>\n<li>Utiliza \"Siguiente\" libremente: No pierdas tiempo en chats que no encajan.<\/li>\n<li>Prueba filtros: Conoce a gente de regiones concretas o practica nuevos idiomas.<\/li>\n<li>Utiliza la traducci\u00f3n: Convierte a desconocidos en amigos al instante.<\/li>\n<li>Aproveche las herramientas de moderaci\u00f3n: Bloquee o denuncie seg\u00fan sea necesario.<\/li>\n<li>Ll\u00e9vatelo de viaje: La interfaz para m\u00f3viles es perfecta para chatear de forma espont\u00e1nea.<\/li>\n<li>Reg\u00edstrate para obtener extras: Guarda a tus amigos favoritos o desbloquea funciones m\u00e1s avanzadas.<\/li>\n<\/ul>\n<h2>Soluci\u00f3n de problemas comunes del OmegleWeb<\/h2>\n<h3>La c\u00e1mara o el micr\u00f3fono no funcionan<\/h3>\n<p>Comprueba los permisos del navegador\/dispositivo, cierra otras aplicaciones utilizando la c\u00e1mara\/micr\u00f3fono, actualiza el sitio o reinicia el dispositivo.<\/p>\n<h3>Filtros o funciones no disponibles<\/h3>\n<p>Algunas funciones requieren registro o acceso premium; reg\u00edstrese o actualice seg\u00fan sea necesario.<\/p>\n<h3>V\u00eddeo lento o Lag<\/h3>\n<p>Utiliza una conexi\u00f3n Wi-Fi estable, cierra las aplicaciones\/pesta\u00f1as en segundo plano y aseg\u00farate de que tu navegador est\u00e1 actualizado.<\/p>\n<h3>Trolls o Abusos<\/h3>\n<p>Bloquea\/denuncia al instante; los moderadores gestionan los problemas con rapidez.<\/p>\n<h3>La traducci\u00f3n no funciona<\/h3>\n<p>Actualice el navegador, compruebe su conexi\u00f3n o p\u00f3ngase en contacto con el servicio de asistencia si el problema persiste.<\/p>\n<p>Sin duda, sobre todo para quienes adoran el esp\u00edritu del Omegle de la vieja escuela, pero quieren una experiencia m\u00e1s segura, inteligente y f\u00e1cil de usar. OmegleWeb combina la emoci\u00f3n instant\u00e1nea de chatear con desconocidos con las funciones esenciales de privacidad y seguridad de hoy en d\u00eda.<\/p>\n<p>Tanto si quieres encontrar nuevos amigos, practicar un idioma o simplemente ver qui\u00e9n hay por ah\u00ed, OmegleWeb te ofrece conexiones r\u00e1pidas, an\u00f3nimas y gratificantes desde cualquier parte del mundo, sin necesidad de registro.<\/p>\n<p>\u00bfListo para chatear? Visita omegleweb.com, elige tu modo de chat y empieza a conocer gente nueva en cuesti\u00f3n de segundos.<\/p>","protected":false},"excerpt":{"rendered":"<p>The world of online communication has changed dramatically since the original Omegle burst onto the scene, introducing millions to the thrill of spontaneous conversations with strangers from around the globe. Today, OmegleWeb stands as a next-generation alternative\u2014reviving everything users loved about classic random chat, but with a fresh design, better moderation, and user-first features for [&hellip;]<\/p>\n","protected":false},"author":6,"featured_media":0,"parent":0,"menu_order":0,"comment_status":"closed","ping_status":"closed","template":"","meta":{"footnotes":""},"class_list":["post-12655","page","type-page","status-publish","hentry"],"yoast_head":"<!-- This site is optimized with the Yoast SEO plugin v27.4 - https:\/\/yoast.com\/product\/yoast-seo-wordpress\/ -->\n<title>OmegleWeb - Talk to Strangers with Video Chat - TinyChat.com<\/title>\n<meta name=\"description\" content=\"Enjoying OmegleWeb? Join over 50,000,000 strangers on TinyChat! Turn on your cam and start meeting new people, or find a match.\" \/>\n<meta name=\"robots\" content=\"index, follow, max-snippet:-1, max-image-preview:large, max-video-preview:-1\" \/>\n<link rel=\"canonical\" href=\"https:\/\/tinychat.com\/es\/omegleweb\/\" \/>\n<meta property=\"og:locale\" content=\"es_ES\" \/>\n<meta property=\"og:type\" content=\"article\" \/>\n<meta property=\"og:title\" content=\"OmegleWeb - Talk to Strangers with Video Chat - TinyChat.com\" \/>\n<meta property=\"og:description\" content=\"Enjoying OmegleWeb? Join over 50,000,000 strangers on TinyChat! Turn on your cam and start meeting new people, or find a match.\" \/>\n<meta property=\"og:url\" content=\"https:\/\/tinychat.com\/es\/omegleweb\/\" \/>\n<meta property=\"og:site_name\" content=\"TinyChat\" \/>\n<meta property=\"article:publisher\" content=\"https:\/\/www.facebook.com\/tinychat\" \/>\n<meta property=\"article:modified_time\" content=\"2025-07-21T11:15:52+00:00\" \/>\n<meta property=\"og:image\" content=\"https:\/\/tinychat.com\/wp-content\/uploads\/2020\/04\/Tinychat-logo-1280x284-new-black.png\" \/>\n\t<meta property=\"og:image:width\" content=\"1280\" \/>\n\t<meta property=\"og:image:height\" content=\"284\" \/>\n\t<meta property=\"og:image:type\" content=\"image\/png\" \/>\n<meta name=\"twitter:card\" content=\"summary_large_image\" \/>\n<meta name=\"twitter:site\" content=\"@tinychat\" \/>\n<meta name=\"twitter:label1\" content=\"Tiempo de lectura\" \/>\n\t<meta name=\"twitter:data1\" content=\"7 minutos\" \/>\n<script type=\"application\/ld+json\" class=\"yoast-schema-graph\">{\"@context\":\"https:\\\/\\\/schema.org\",\"@graph\":[{\"@type\":\"WebPage\",\"@id\":\"https:\\\/\\\/tinychat.com\\\/omegleweb\\\/\",\"url\":\"https:\\\/\\\/tinychat.com\\\/omegleweb\\\/\",\"name\":\"OmegleWeb - Talk to Strangers with Video Chat - TinyChat.com\",\"isPartOf\":{\"@id\":\"https:\\\/\\\/tinychat.com\\\/#website\"},\"datePublished\":\"2025-01-21T12:01:41+00:00\",\"dateModified\":\"2025-07-21T11:15:52+00:00\",\"description\":\"Enjoying OmegleWeb? Join over 50,000,000 strangers on TinyChat! Turn on your cam and start meeting new people, or find a match.\",\"breadcrumb\":{\"@id\":\"https:\\\/\\\/tinychat.com\\\/omegleweb\\\/#breadcrumb\"},\"inLanguage\":\"es\",\"potentialAction\":[{\"@type\":\"ReadAction\",\"target\":[\"https:\\\/\\\/tinychat.com\\\/omegleweb\\\/\"]}]},{\"@type\":\"BreadcrumbList\",\"@id\":\"https:\\\/\\\/tinychat.com\\\/omegleweb\\\/#breadcrumb\",\"itemListElement\":[{\"@type\":\"ListItem\",\"position\":1,\"name\":\"Home\",\"item\":\"https:\\\/\\\/tinychat.com\\\/\"},{\"@type\":\"ListItem\",\"position\":2,\"name\":\"OmegleWeb\"}]},{\"@type\":\"WebSite\",\"@id\":\"https:\\\/\\\/tinychat.com\\\/#website\",\"url\":\"https:\\\/\\\/tinychat.com\\\/\",\"name\":\"TinyChat\",\"description\":\"Random Video Chat with Strangers\",\"publisher\":{\"@id\":\"https:\\\/\\\/tinychat.com\\\/#organization\"},\"alternateName\":\"TinyChat.com\",\"potentialAction\":[{\"@type\":\"SearchAction\",\"target\":{\"@type\":\"EntryPoint\",\"urlTemplate\":\"https:\\\/\\\/tinychat.com\\\/?s={search_term_string}\"},\"query-input\":{\"@type\":\"PropertyValueSpecification\",\"valueRequired\":true,\"valueName\":\"search_term_string\"}}],\"inLanguage\":\"es\"},{\"@type\":\"Organization\",\"@id\":\"https:\\\/\\\/tinychat.com\\\/#organization\",\"name\":\"TinyChat\",\"alternateName\":\"TinyChat.com\",\"url\":\"https:\\\/\\\/tinychat.com\\\/\",\"logo\":{\"@type\":\"ImageObject\",\"inLanguage\":\"es\",\"@id\":\"https:\\\/\\\/tinychat.com\\\/#\\\/schema\\\/logo\\\/image\\\/\",\"url\":\"https:\\\/\\\/tinychat.com\\\/wp-content\\\/uploads\\\/2023\\\/11\\\/Tinychat-icon-square.png\",\"contentUrl\":\"https:\\\/\\\/tinychat.com\\\/wp-content\\\/uploads\\\/2023\\\/11\\\/Tinychat-icon-square.png\",\"width\":284,\"height\":284,\"caption\":\"TinyChat\"},\"image\":{\"@id\":\"https:\\\/\\\/tinychat.com\\\/#\\\/schema\\\/logo\\\/image\\\/\"},\"sameAs\":[\"https:\\\/\\\/www.facebook.com\\\/tinychat\",\"https:\\\/\\\/x.com\\\/tinychat\"]}]}<\/script>\n<!-- \/ Yoast SEO plugin. -->","yoast_head_json":{"title":"OmegleWeb - Hable con extra\u00f1os con Video Chat - TinyChat.com","description":"\u00bfTe gusta OmegleWeb? \u00a1\u00danete a m\u00e1s de 50.000.000 de desconocidos en TinyChat! Enciende tu c\u00e1mara y empieza a conocer gente nueva o a encontrar pareja.","robots":{"index":"index","follow":"follow","max-snippet":"max-snippet:-1","max-image-preview":"max-image-preview:large","max-video-preview":"max-video-preview:-1"},"canonical":"https:\/\/tinychat.com\/es\/omegleweb\/","og_locale":"es_ES","og_type":"article","og_title":"OmegleWeb - Talk to Strangers with Video Chat - TinyChat.com","og_description":"Enjoying OmegleWeb? Join over 50,000,000 strangers on TinyChat! Turn on your cam and start meeting new people, or find a match.","og_url":"https:\/\/tinychat.com\/es\/omegleweb\/","og_site_name":"TinyChat","article_publisher":"https:\/\/www.facebook.com\/tinychat","article_modified_time":"2025-07-21T11:15:52+00:00","og_image":[{"width":1280,"height":284,"url":"https:\/\/tinychat.com\/wp-content\/uploads\/2020\/04\/Tinychat-logo-1280x284-new-black.png","type":"image\/png"}],"twitter_card":"summary_large_image","twitter_site":"@tinychat","twitter_misc":{"Tiempo de lectura":"7 minutos"},"schema":{"@context":"https:\/\/schema.org","@graph":[{"@type":"WebPage","@id":"https:\/\/tinychat.com\/omegleweb\/","url":"https:\/\/tinychat.com\/omegleweb\/","name":"OmegleWeb - Hable con extra\u00f1os con Video Chat - TinyChat.com","isPartOf":{"@id":"https:\/\/tinychat.com\/#website"},"datePublished":"2025-01-21T12:01:41+00:00","dateModified":"2025-07-21T11:15:52+00:00","description":"\u00bfTe gusta OmegleWeb? \u00a1\u00danete a m\u00e1s de 50.000.000 de desconocidos en TinyChat! Enciende tu c\u00e1mara y empieza a conocer gente nueva o a encontrar pareja.","breadcrumb":{"@id":"https:\/\/tinychat.com\/omegleweb\/#breadcrumb"},"inLanguage":"es","potentialAction":[{"@type":"ReadAction","target":["https:\/\/tinychat.com\/omegleweb\/"]}]},{"@type":"BreadcrumbList","@id":"https:\/\/tinychat.com\/omegleweb\/#breadcrumb","itemListElement":[{"@type":"ListItem","position":1,"name":"Home","item":"https:\/\/tinychat.com\/"},{"@type":"ListItem","position":2,"name":"OmegleWeb"}]},{"@type":"WebSite","@id":"https:\/\/tinychat.com\/#website","url":"https:\/\/tinychat.com\/","name":"TinyChat","description":"Videochat aleatorio con desconocidos","publisher":{"@id":"https:\/\/tinychat.com\/#organization"},"alternateName":"TinyChat.com","potentialAction":[{"@type":"SearchAction","target":{"@type":"EntryPoint","urlTemplate":"https:\/\/tinychat.com\/?s={search_term_string}"},"query-input":{"@type":"PropertyValueSpecification","valueRequired":true,"valueName":"search_term_string"}}],"inLanguage":"es"},{"@type":"Organization","@id":"https:\/\/tinychat.com\/#organization","name":"TinyChat","alternateName":"TinyChat.com","url":"https:\/\/tinychat.com\/","logo":{"@type":"ImageObject","inLanguage":"es","@id":"https:\/\/tinychat.com\/#\/schema\/logo\/image\/","url":"https:\/\/tinychat.com\/wp-content\/uploads\/2023\/11\/Tinychat-icon-square.png","contentUrl":"https:\/\/tinychat.com\/wp-content\/uploads\/2023\/11\/Tinychat-icon-square.png","width":284,"height":284,"caption":"TinyChat"},"image":{"@id":"https:\/\/tinychat.com\/#\/schema\/logo\/image\/"},"sameAs":["https:\/\/www.facebook.com\/tinychat","https:\/\/x.com\/tinychat"]}]}},"_links":{"self":[{"href":"https:\/\/tinychat.com\/es\/wp-json\/wp\/v2\/pages\/12655","targetHints":{"allow":["GET"]}}],"collection":[{"href":"https:\/\/tinychat.com\/es\/wp-json\/wp\/v2\/pages"}],"about":[{"href":"https:\/\/tinychat.com\/es\/wp-json\/wp\/v2\/types\/page"}],"author":[{"embeddable":true,"href":"https:\/\/tinychat.com\/es\/wp-json\/wp\/v2\/users\/6"}],"replies":[{"embeddable":true,"href":"https:\/\/tinychat.com\/es\/wp-json\/wp\/v2\/comments?post=12655"}],"version-history":[{"count":5,"href":"https:\/\/tinychat.com\/es\/wp-json\/wp\/v2\/pages\/12655\/revisions"}],"predecessor-version":[{"id":13349,"href":"https:\/\/tinychat.com\/es\/wp-json\/wp\/v2\/pages\/12655\/revisions\/13349"}],"wp:attachment":[{"href":"https:\/\/tinychat.com\/es\/wp-json\/wp\/v2\/media?parent=12655"}],"curies":[{"name":"wp","href":"https:\/\/api.w.org\/{rel}","templated":true}]}}