{"id":12683,"date":"2025-08-18T09:35:45","date_gmt":"2025-08-18T07:35:45","guid":{"rendered":"https:\/\/tinychat.com\/?page_id=12683"},"modified":"2025-08-18T10:20:31","modified_gmt":"2025-08-18T08:20:31","slug":"pink-video-chat","status":"publish","type":"page","link":"https:\/\/tinychat.com\/es\/pink-video-chat\/","title":{"rendered":"Videochat rosa"},"content":{"rendered":"<p>El mundo de las plataformas de videochat aleatorias est\u00e1 en constante evoluci\u00f3n. Desde los primeros d\u00edas de Omegle hasta aplicaciones modernas como ChatHub, Emerald Chat y Monkey, la gente siempre ha buscado formas divertidas, impredecibles y emocionantes de conocer a extra\u00f1os en l\u00ednea. Pink Video Chat es uno de los nombres m\u00e1s recientes en entrar en este espacio, trayendo consigo una experiencia fresca, vibrante y colorida dise\u00f1ada para atraer a los usuarios que quieren algo simple, elegante y entretenido.<\/p>\n<p>A diferencia de las redes sociales tradicionales, Pink Video Chat se reduce a lo esencial: conexiones instant\u00e1neas, anonimato y facilidad de uso. Su marca divertida y su dise\u00f1o moderno le ayudan a destacar en un mercado abarrotado, donde decenas de aplicaciones de chat aleatorias compiten por llamar la atenci\u00f3n.<\/p>\n<p>En este art\u00edculo, exploraremos todo lo que necesitas saber sobre Pink Video Chat: sus funciones, facilidad de uso, seguridad, ventajas e inconvenientes, y c\u00f3mo se compara con competidores establecidos como Omegle, TinyChat y Chatroulette.<\/p>\n<h2>\u00bfQu\u00e9 es el videochat rosa?<\/h2>\n<p>Pink Video Chat es una plataforma de videochat aleatoria que conecta a desconocidos al instante a trav\u00e9s de una webcam y un micr\u00f3fono. No hay que registrarse, ni crear perfiles, ni barreras de entrada: solo tienes que pulsar el bot\u00f3n de inicio y ya est\u00e1s conectado.<\/p>\n<p>Se dirige a usuarios que:<\/p>\n<ul>\n<li>Quieres una forma r\u00e1pida y an\u00f3nima de conocer gente.<\/li>\n<li>Prefieren las interacciones por v\u00eddeo a los chats de s\u00f3lo texto.<\/li>\n<li>Siente curiosidad por conocer a desconocidos en todo el mundo.<\/li>\n<li>Disfrute de la emoci\u00f3n de lo imprevisible.<\/li>\n<\/ul>\n<p>Mientras que algunos sitios de chat se centran sobre todo en las citas o las redes sociales, Pink Video Chat se inclina m\u00e1s hacia el entretenimiento espont\u00e1neo y los encuentros casuales.<\/p>\n<h2>Caracter\u00edsticas principales de Pink Video Chat<\/h2>\n<p>Esto es lo que puedes esperar cuando utilices Pink Video Chat:<\/p>\n<h3>1. Emparejamiento instant\u00e1neo<\/h3>\n<ul>\n<li>No es necesario inscribirse.<\/li>\n<li>Un clic te conecta con un desconocido cualquiera.<\/li>\n<li>Salta a la siguiente persona al instante.<\/li>\n<\/ul>\n<h3>2. Anonimato<\/h3>\n<ul>\n<li>Los usuarios no est\u00e1n obligados a revelar su identidad.<\/li>\n<li>No se necesitan nombres de usuario, biograf\u00edas ni datos personales.<\/li>\n<li>La atenci\u00f3n sigue centrada en la interacci\u00f3n en tiempo real.<\/li>\n<\/ul>\n<h3>3. Chat de v\u00eddeo y audio<\/h3>\n<ul>\n<li>El n\u00facleo de la plataforma gira en torno al chat con webcam en directo.<\/li>\n<li>S\u00f3lo audio si prefieres no utilizar v\u00eddeo.<\/li>\n<\/ul>\n<h3>4. Mobile-Friendly<\/h3>\n<ul>\n<li>Funciona tanto en navegadores de escritorio como m\u00f3viles.<\/li>\n<li>No es necesario descargar una aplicaci\u00f3n, basta con visitar el sitio web.<\/li>\n<\/ul>\n<h3>5. Filtros de g\u00e9nero y ubicaci\u00f3n (opcional)<\/h3>\n<ul>\n<li>En funci\u00f3n de las actualizaciones, los filtros pueden estar disponibles para los usuarios Premium.<\/li>\n<li>Permite segmentar por sexo o pa\u00eds para conseguir interacciones m\u00e1s personalizadas.<\/li>\n<\/ul>\n<h3>6. Acceso libre<\/h3>\n<ul>\n<li>La mayor\u00eda de las funciones de Pink Video Chat son gratuitas.<\/li>\n<li>Las funciones Premium pueden desbloquear filtros mejorados o el uso sin publicidad.<\/li>\n<\/ul>\n<h2>C\u00f3mo utilizar Pink Video Chat<\/h2>\n<p>Utilizar Pink Video Chat es muy sencillo:<\/p>\n<ol>\n<li>Visite el sitio web.<br \/>\nAbre Pink Video Chat en tu navegador (de escritorio o m\u00f3vil).<\/li>\n<li>Habilitar permisos.<br \/>\nConcede acceso a tu c\u00e1mara y micr\u00f3fono.<\/li>\n<li>Haz clic en Inicio.<br \/>\nEmpar\u00e9jate instant\u00e1neamente con otro usuario.<\/li>\n<li>Chatea o salta.<br \/>\nPermanezca en el chat todo el tiempo que desee o haga clic en \"Siguiente\" para continuar.<\/li>\n<li>Repite.<br \/>\nSigue conectando con nuevos desconocidos sin cesar.<\/li>\n<\/ol>\n<p>Esta simplicidad es parte del encanto de Pink Video Chat: elimina la fricci\u00f3n y se centra s\u00f3lo en la diversi\u00f3n.<\/p>\n<h2>La experiencia del usuario<\/h2>\n<p>Pink Video Chat ofrece una interfaz limpia, moderna y acogedora. El tema \"rosa\" de la marca crea un entorno desenfadado y no intimidatorio, que atrae tanto a los usuarios m\u00e1s j\u00f3venes como a las personas que pueden sentirse nerviosas al utilizar plataformas de aspecto m\u00e1s cl\u00ednico.<\/p>\n<h3>Pros<\/h3>\n<ul>\n<li>Extremadamente f\u00e1cil de usar.<\/li>\n<li>No es necesario inscribirse.<\/li>\n<li>Marca divertida y desenfadada.<\/li>\n<li>Acceso instant\u00e1neo a desconocidos de todo el mundo.<\/li>\n<\/ul>\n<h3>Contras<\/h3>\n<ul>\n<li>Puede carecer de profundidad en comparaci\u00f3n con las aplicaciones con perfiles y mensajer\u00eda.<\/li>\n<li>Algunos usuarios pueden preferir m\u00e1s opciones de filtrado.<\/li>\n<li>Depende en gran medida del comportamiento del usuario: la calidad var\u00eda.<\/li>\n<\/ul>\n<h2>Pink Video Chat frente a otras plataformas<\/h2>\n<table>\n<thead>\n<tr>\n<th>Caracter\u00edstica<\/th>\n<th>Videochat rosa<\/th>\n<th>Omegle<\/th>\n<th>Chatroulette<\/th>\n<th>ChatHub<\/th>\n<th>Emerald Chat<\/th>\n<th>TinyChat<\/th>\n<\/tr>\n<\/thead>\n<tbody>\n<tr>\n<td>Se necesita inscripci\u00f3n<\/td>\n<td>\u274c No<\/td>\n<td>\u274c No<\/td>\n<td>\u274c No<\/td>\n<td>\u274c No<\/td>\n<td>\u2705 S\u00ed<\/td>\n<td>\u2705 S\u00ed<\/td>\n<\/tr>\n<tr>\n<td>Videochat<\/td>\n<td>\u2705 S\u00ed<\/td>\n<td>\u2705 S\u00ed<\/td>\n<td>\u2705 S\u00ed<\/td>\n<td>\u2705 S\u00ed<\/td>\n<td>\u2705 S\u00ed<\/td>\n<td>\u2705 S\u00ed<\/td>\n<\/tr>\n<tr>\n<td>Anonimato<\/td>\n<td>\u2705 Fuerte<\/td>\n<td>\u2705 Fuerte<\/td>\n<td>\u2705 Fuerte<\/td>\n<td>\u2705 Moderado<\/td>\n<td>\u2705 Moderado<\/td>\n<td>\u274c D\u00e9bil<\/td>\n<\/tr>\n<tr>\n<td>Filtros<\/td>\n<td>\u26a0\ufe0f Limitado\/Pagado<\/td>\n<td>\u274c No<\/td>\n<td>\u2705 S\u00ed<\/td>\n<td>\u2705 S\u00ed<\/td>\n<td>\u2705 S\u00ed<\/td>\n<td>\u2705 S\u00ed<\/td>\n<\/tr>\n<tr>\n<td>Caracter\u00edsticas comunitarias<\/td>\n<td>\u274c Ninguno<\/td>\n<td>\u274c Ninguno<\/td>\n<td>\u274c Ninguno<\/td>\n<td>\u2705 M\u00ednimo<\/td>\n<td>\u2705 Fuerte<\/td>\n<td>\u2705 Fuerte<\/td>\n<\/tr>\n<tr>\n<td>Lo mejor para<\/td>\n<td>Encuentros casuales<\/td>\n<td>Diversi\u00f3n al azar<\/td>\n<td>Charlas r\u00e1pidas<\/td>\n<td>Chats filtrados<\/td>\n<td>Conversaciones m\u00e1s profundas<\/td>\n<td>Chats de grupo<\/td>\n<\/tr>\n<\/tbody>\n<\/table>\n<p>Resumen: Pink Video Chat es comparable a Omegle o Chatroulette, pero con un toque moderno y colorido. No trata de ser una red social, sino que se centra exclusivamente en las conexiones aleatorias uno a uno.<\/p>\n<h2>Seguridad en el chat de v\u00eddeo rosa<\/h2>\n<p>Como todas las plataformas de videochat aleatorias, Pink Video Chat tiene diversi\u00f3n y riesgos.<\/p>\n<h3>Herramientas de seguridad integradas<\/h3>\n<ul>\n<li>Funciones de informe y bloqueo (seg\u00fan la versi\u00f3n).<\/li>\n<li>Moderaci\u00f3n b\u00e1sica para detectar contenidos inapropiados.<\/li>\n<\/ul>\n<h3>Consejos de seguridad para los usuarios<\/h3>\n<ul>\n<li>Nunca compartas informaci\u00f3n personal (direcci\u00f3n, tel\u00e9fono, datos financieros).<\/li>\n<li>Termina inmediatamente las conversaciones si alguien te incomoda.<\/li>\n<li>Uso en entornos p\u00fablicos o seguros.<\/li>\n<li>Considere la posibilidad de utilizar una VPN para mayor privacidad.<\/li>\n<\/ul>\n<p>Los padres tambi\u00e9n deben tener en cuenta que las plataformas de videochat aleatorias pueden exponer a los menores a contenidos para adultos, por lo que se recomienda encarecidamente la supervisi\u00f3n.<\/p>\n<h2>Consejos para una mejor experiencia<\/h2>\n<ul>\n<li>Utiliza una buena iluminaci\u00f3n y un \u00e1ngulo de c\u00e1mara claro. Conseguir\u00e1s reacciones m\u00e1s positivas.<\/li>\n<li>Mant\u00e9n conversaciones ligeras. El chat aleatorio es para divertirse, no para debates pesados.<\/li>\n<li>Utiliza auriculares. Mejora la calidad de audio para ambas partes.<\/li>\n<li>No dude en saltar. No todos los chats son compatibles.<\/li>\n<\/ul>\n<h2>Por qu\u00e9 la gente elige Pink Video Chat<\/h2>\n<p>Con tantos competidores, \u00bfpor qu\u00e9 elegir Pink Video Chat? La respuesta est\u00e1 en su sencillez y estilo.<\/p>\n<ul>\n<li>Facilidad de uso: Sin cuentas ni descargas.<\/li>\n<li>Una marca divertida: El rosa es alegre, acogedor y accesible.<\/li>\n<li>Ambiente informal: menos presi\u00f3n que en las aplicaciones de citas.<\/li>\n<li>Conexi\u00f3n instant\u00e1nea: Perfecto para breves momentos de entretenimiento.<\/li>\n<\/ul>\n<h2>Problemas comunes y soluciones<\/h2>\n<ol>\n<li>La c\u00e1mara no funciona\n<ol>\n<li>Compruebe los permisos del navegador.<\/li>\n<li>Aseg\u00farate de que ninguna otra aplicaci\u00f3n est\u00e1 utilizando tu c\u00e1mara.<\/li>\n<\/ol>\n<\/li>\n<li>No se encuentran coincidencias\n<ol>\n<li>Pruebe en las horas punta para m\u00e1s usuarios en l\u00ednea.<\/li>\n<li>Actualiza tu navegador.<\/li>\n<\/ol>\n<\/li>\n<li>Baja calidad de v\u00eddeo\n<ol>\n<li>Cambia a Wi-Fi para una conexi\u00f3n m\u00e1s potente.<\/li>\n<li>Cierra aplicaciones o pesta\u00f1as en segundo plano.<\/li>\n<\/ol>\n<\/li>\n<\/ol>\n<p>Si buscas una forma r\u00e1pida, gratuita y divertida de conocer a desconocidos, Pink Video Chat te ofrece exactamente eso. No intenta ser una aplicaci\u00f3n de citas, una red social o una plataforma de chat complicada, sino que mantiene las cosas ligeras y entretenidas.<\/p>\n<p>Para quienes adoraban Omegle y Chatroulette pero quieren algo fresco, Pink Video Chat ofrece una alternativa atractiva con un toque de marca juguetona.<\/p>\n<p>En resumen: Pink Video Chat es una herramienta de conexi\u00f3n instant\u00e1nea informal y sin presiones que merece la pena probar si te gusta la imprevisibilidad de hablar con desconocidos en l\u00ednea.<\/p>","protected":false},"excerpt":{"rendered":"<p>The world of random video chat platforms is constantly evolving. From the early days of Omegle to modern apps like ChatHub, Emerald Chat, and Monkey, people have always sought fun, unpredictable, and exciting ways to meet strangers online. Pink Video Chat is one of the newer names to enter this space, bringing with it a [&hellip;]<\/p>\n","protected":false},"author":6,"featured_media":0,"parent":0,"menu_order":0,"comment_status":"closed","ping_status":"closed","template":"","meta":{"footnotes":""},"class_list":["post-12683","page","type-page","status-publish","hentry"],"yoast_head":"<!-- This site is optimized with the Yoast SEO plugin v27.6 - https:\/\/yoast.com\/product\/yoast-seo-wordpress\/ -->\n<title>Pink Video Chat - Random Video Chat with People - TinyChat.com<\/title>\n<meta name=\"description\" content=\"Enjoying Pink Video Chat? Join over 50,000,000 strangers on TinyChat! Turn on your cam and start meeting new people, or find a match.\" \/>\n<meta name=\"robots\" content=\"index, follow, max-snippet:-1, max-image-preview:large, max-video-preview:-1\" \/>\n<link rel=\"canonical\" href=\"https:\/\/tinychat.com\/es\/pink-video-chat\/\" \/>\n<meta property=\"og:locale\" content=\"es_ES\" \/>\n<meta property=\"og:type\" content=\"article\" \/>\n<meta property=\"og:title\" content=\"Pink Video Chat - Random Video Chat with People - TinyChat.com\" \/>\n<meta property=\"og:description\" content=\"Enjoying Pink Video Chat? Join over 50,000,000 strangers on TinyChat! Turn on your cam and start meeting new people, or find a match.\" \/>\n<meta property=\"og:url\" content=\"https:\/\/tinychat.com\/es\/pink-video-chat\/\" \/>\n<meta property=\"og:site_name\" content=\"TinyChat\" \/>\n<meta property=\"article:publisher\" content=\"https:\/\/www.facebook.com\/tinychat\" \/>\n<meta property=\"article:modified_time\" content=\"2025-08-18T08:20:31+00:00\" \/>\n<meta property=\"og:image\" content=\"https:\/\/tinychat.com\/wp-content\/uploads\/2020\/04\/Tinychat-logo-1280x284-new-black.png\" \/>\n\t<meta property=\"og:image:width\" content=\"1280\" \/>\n\t<meta property=\"og:image:height\" content=\"284\" \/>\n\t<meta property=\"og:image:type\" content=\"image\/png\" \/>\n<meta name=\"twitter:card\" content=\"summary_large_image\" \/>\n<meta name=\"twitter:site\" content=\"@tinychat\" \/>\n<meta name=\"twitter:label1\" content=\"Tiempo de lectura\" \/>\n\t<meta name=\"twitter:data1\" content=\"5 minutos\" \/>\n<script type=\"application\/ld+json\" class=\"yoast-schema-graph\">{\"@context\":\"https:\\\/\\\/schema.org\",\"@graph\":[{\"@type\":\"WebPage\",\"@id\":\"https:\\\/\\\/tinychat.com\\\/pink-video-chat\\\/\",\"url\":\"https:\\\/\\\/tinychat.com\\\/pink-video-chat\\\/\",\"name\":\"Pink Video Chat - Random Video Chat with People - TinyChat.com\",\"isPartOf\":{\"@id\":\"https:\\\/\\\/tinychat.com\\\/#website\"},\"datePublished\":\"2025-08-18T07:35:45+00:00\",\"dateModified\":\"2025-08-18T08:20:31+00:00\",\"description\":\"Enjoying Pink Video Chat? Join over 50,000,000 strangers on TinyChat! Turn on your cam and start meeting new people, or find a match.\",\"breadcrumb\":{\"@id\":\"https:\\\/\\\/tinychat.com\\\/pink-video-chat\\\/#breadcrumb\"},\"inLanguage\":\"es\",\"potentialAction\":[{\"@type\":\"ReadAction\",\"target\":[\"https:\\\/\\\/tinychat.com\\\/pink-video-chat\\\/\"]}]},{\"@type\":\"BreadcrumbList\",\"@id\":\"https:\\\/\\\/tinychat.com\\\/pink-video-chat\\\/#breadcrumb\",\"itemListElement\":[{\"@type\":\"ListItem\",\"position\":1,\"name\":\"Home\",\"item\":\"https:\\\/\\\/tinychat.com\\\/\"},{\"@type\":\"ListItem\",\"position\":2,\"name\":\"Pink Video Chat\"}]},{\"@type\":\"WebSite\",\"@id\":\"https:\\\/\\\/tinychat.com\\\/#website\",\"url\":\"https:\\\/\\\/tinychat.com\\\/\",\"name\":\"TinyChat\",\"description\":\"Random Video Chat with Strangers\",\"publisher\":{\"@id\":\"https:\\\/\\\/tinychat.com\\\/#organization\"},\"alternateName\":\"TinyChat.com\",\"potentialAction\":[{\"@type\":\"SearchAction\",\"target\":{\"@type\":\"EntryPoint\",\"urlTemplate\":\"https:\\\/\\\/tinychat.com\\\/?s={search_term_string}\"},\"query-input\":{\"@type\":\"PropertyValueSpecification\",\"valueRequired\":true,\"valueName\":\"search_term_string\"}}],\"inLanguage\":\"es\"},{\"@type\":\"Organization\",\"@id\":\"https:\\\/\\\/tinychat.com\\\/#organization\",\"name\":\"TinyChat\",\"alternateName\":\"TinyChat.com\",\"url\":\"https:\\\/\\\/tinychat.com\\\/\",\"logo\":{\"@type\":\"ImageObject\",\"inLanguage\":\"es\",\"@id\":\"https:\\\/\\\/tinychat.com\\\/#\\\/schema\\\/logo\\\/image\\\/\",\"url\":\"https:\\\/\\\/tinychat.com\\\/wp-content\\\/uploads\\\/2023\\\/11\\\/Tinychat-icon-square.png\",\"contentUrl\":\"https:\\\/\\\/tinychat.com\\\/wp-content\\\/uploads\\\/2023\\\/11\\\/Tinychat-icon-square.png\",\"width\":284,\"height\":284,\"caption\":\"TinyChat\"},\"image\":{\"@id\":\"https:\\\/\\\/tinychat.com\\\/#\\\/schema\\\/logo\\\/image\\\/\"},\"sameAs\":[\"https:\\\/\\\/www.facebook.com\\\/tinychat\",\"https:\\\/\\\/x.com\\\/tinychat\"]}]}<\/script>\n<!-- \/ Yoast SEO plugin. -->","yoast_head_json":{"title":"Pink Video Chat - Video Chat aleatorio con gente - TinyChat.com","description":"\u00bfDisfrutas con Pink Video Chat? \u00a1\u00danete a m\u00e1s de 50.000.000 de desconocidos en TinyChat! Enciende tu c\u00e1mara y empieza a conocer gente nueva, o encuentra una pareja.","robots":{"index":"index","follow":"follow","max-snippet":"max-snippet:-1","max-image-preview":"max-image-preview:large","max-video-preview":"max-video-preview:-1"},"canonical":"https:\/\/tinychat.com\/es\/pink-video-chat\/","og_locale":"es_ES","og_type":"article","og_title":"Pink Video Chat - Random Video Chat with People - TinyChat.com","og_description":"Enjoying Pink Video Chat? Join over 50,000,000 strangers on TinyChat! Turn on your cam and start meeting new people, or find a match.","og_url":"https:\/\/tinychat.com\/es\/pink-video-chat\/","og_site_name":"TinyChat","article_publisher":"https:\/\/www.facebook.com\/tinychat","article_modified_time":"2025-08-18T08:20:31+00:00","og_image":[{"width":1280,"height":284,"url":"https:\/\/tinychat.com\/wp-content\/uploads\/2020\/04\/Tinychat-logo-1280x284-new-black.png","type":"image\/png"}],"twitter_card":"summary_large_image","twitter_site":"@tinychat","twitter_misc":{"Tiempo de lectura":"5 minutos"},"schema":{"@context":"https:\/\/schema.org","@graph":[{"@type":"WebPage","@id":"https:\/\/tinychat.com\/pink-video-chat\/","url":"https:\/\/tinychat.com\/pink-video-chat\/","name":"Pink Video Chat - Video Chat aleatorio con gente - TinyChat.com","isPartOf":{"@id":"https:\/\/tinychat.com\/#website"},"datePublished":"2025-08-18T07:35:45+00:00","dateModified":"2025-08-18T08:20:31+00:00","description":"\u00bfDisfrutas con Pink Video Chat? \u00a1\u00danete a m\u00e1s de 50.000.000 de desconocidos en TinyChat! Enciende tu c\u00e1mara y empieza a conocer gente nueva, o encuentra una pareja.","breadcrumb":{"@id":"https:\/\/tinychat.com\/pink-video-chat\/#breadcrumb"},"inLanguage":"es","potentialAction":[{"@type":"ReadAction","target":["https:\/\/tinychat.com\/pink-video-chat\/"]}]},{"@type":"BreadcrumbList","@id":"https:\/\/tinychat.com\/pink-video-chat\/#breadcrumb","itemListElement":[{"@type":"ListItem","position":1,"name":"Home","item":"https:\/\/tinychat.com\/"},{"@type":"ListItem","position":2,"name":"Pink Video Chat"}]},{"@type":"WebSite","@id":"https:\/\/tinychat.com\/#website","url":"https:\/\/tinychat.com\/","name":"TinyChat","description":"Videochat aleatorio con desconocidos","publisher":{"@id":"https:\/\/tinychat.com\/#organization"},"alternateName":"TinyChat.com","potentialAction":[{"@type":"SearchAction","target":{"@type":"EntryPoint","urlTemplate":"https:\/\/tinychat.com\/?s={search_term_string}"},"query-input":{"@type":"PropertyValueSpecification","valueRequired":true,"valueName":"search_term_string"}}],"inLanguage":"es"},{"@type":"Organization","@id":"https:\/\/tinychat.com\/#organization","name":"TinyChat","alternateName":"TinyChat.com","url":"https:\/\/tinychat.com\/","logo":{"@type":"ImageObject","inLanguage":"es","@id":"https:\/\/tinychat.com\/#\/schema\/logo\/image\/","url":"https:\/\/tinychat.com\/wp-content\/uploads\/2023\/11\/Tinychat-icon-square.png","contentUrl":"https:\/\/tinychat.com\/wp-content\/uploads\/2023\/11\/Tinychat-icon-square.png","width":284,"height":284,"caption":"TinyChat"},"image":{"@id":"https:\/\/tinychat.com\/#\/schema\/logo\/image\/"},"sameAs":["https:\/\/www.facebook.com\/tinychat","https:\/\/x.com\/tinychat"]}]}},"_links":{"self":[{"href":"https:\/\/tinychat.com\/es\/wp-json\/wp\/v2\/pages\/12683","targetHints":{"allow":["GET"]}}],"collection":[{"href":"https:\/\/tinychat.com\/es\/wp-json\/wp\/v2\/pages"}],"about":[{"href":"https:\/\/tinychat.com\/es\/wp-json\/wp\/v2\/types\/page"}],"author":[{"embeddable":true,"href":"https:\/\/tinychat.com\/es\/wp-json\/wp\/v2\/users\/6"}],"replies":[{"embeddable":true,"href":"https:\/\/tinychat.com\/es\/wp-json\/wp\/v2\/comments?post=12683"}],"version-history":[{"count":3,"href":"https:\/\/tinychat.com\/es\/wp-json\/wp\/v2\/pages\/12683\/revisions"}],"predecessor-version":[{"id":13461,"href":"https:\/\/tinychat.com\/es\/wp-json\/wp\/v2\/pages\/12683\/revisions\/13461"}],"wp:attachment":[{"href":"https:\/\/tinychat.com\/es\/wp-json\/wp\/v2\/media?parent=12683"}],"curies":[{"name":"wp","href":"https:\/\/api.w.org\/{rel}","templated":true}]}}