{"id":12700,"date":"2025-07-21T11:15:10","date_gmt":"2025-07-21T09:15:10","guid":{"rendered":"https:\/\/tinychat.com\/?page_id=12700"},"modified":"2025-07-21T12:49:57","modified_gmt":"2025-07-21T10:49:57","slug":"omegla","status":"publish","type":"page","link":"https:\/\/tinychat.com\/es\/omegla\/","title":{"rendered":"Omegla"},"content":{"rendered":"<p>El fin del Omegle marc\u00f3 el final de una era digital, pero tambi\u00e9n abri\u00f3 la puerta a una nueva generaci\u00f3n de conexiones espont\u00e1neas y globales. Entra en Omegla: una alternativa fresca, moderna y segura dise\u00f1ada para devolver la emoci\u00f3n del videochat aleatorio a millones de usuarios. Si has estado buscando una plataforma que capture el esp\u00edritu de Omegle, pero con una seguridad m\u00e1s inteligente, mejores funciones y una comunidad vibrante, Omegla es tu nuevo destino.<\/p>\n<p>Tanto si est\u00e1s aqu\u00ed para hacer amigos, explorar nuevas culturas, practicar un idioma, encontrar un romance o simplemente romper con el aburrimiento, la sencilla interfaz de Omegla, sus r\u00e1pidas conexiones y sus s\u00f3lidos controles de privacidad lo convierten en el nuevo punto de referencia para conocer extra\u00f1os en l\u00ednea.<\/p>\n<p>Esta gu\u00eda en profundidad cubre todo lo que necesitas saber sobre Omegla: qu\u00e9 es, c\u00f3mo funciona, sus caracter\u00edsticas principales, la experiencia del usuario, la seguridad, comparaciones con otros sitios de chat, soluci\u00f3n de problemas y consejos profesionales para ayudarte a sacar el m\u00e1ximo provecho de cada conversaci\u00f3n.<\/p>\n<h2>\u00bfQu\u00e9 es Omegla?<\/h2>\n<p>Omegla es una plataforma de videochat aleatoria y gratuita que conecta a los usuarios de forma instant\u00e1nea para mantener conversaciones cara a cara con desconocidos de todo el mundo. Lanzada como una alternativa de \u00faltima generaci\u00f3n a Omegle, Omegla se ha labrado r\u00e1pidamente una gran reputaci\u00f3n por su rapidez, por no tener que registrarse y por sus funciones de seguridad mejoradas.<\/p>\n<p>A diferencia de las redes sociales o las aplicaciones de citas, Omegla se basa en la espontaneidad: cada chat es un nuevo comienzo, sin perfil que mantener ni historial que te retenga. Solo tienes que hacer clic en \"Empezar\", activar la c\u00e1mara y el micr\u00f3fono, y en cuesti\u00f3n de segundos estar\u00e1s emparejado con una nueva persona.<\/p>\n<p>La filosof\u00eda de Omegla es sencilla: recuperar la magia del Omegle original, pero hacerlo m\u00e1s seguro, limpio y divertido para todos.<\/p>\n<h2>Caracter\u00edsticas principales de Omegla<\/h2>\n<p>Omegla ofrece todo lo que los usuarios adoraban del Omegle, y mucho m\u00e1s:<\/p>\n<h3>1. Videochat instant\u00e1neo con un solo clic<\/h3>\n<p>No hay registro. Sin perfil. Sin retrasos. S\u00f3lo tienes que visitar Omegla, conceder acceso a la c\u00e1mara\/micr\u00f3fono y estar cara a cara con un desconocido de cualquier parte del mundo.<\/p>\n<h3>2. Modos de texto y v\u00eddeo<\/h3>\n<p>\u00bfPrefieres mantener la c\u00e1mara apagada? Omegla ofrece tanto chat de solo texto como chat de v\u00eddeo completo, lo que te da un control total sobre tu privacidad y la forma en que te conectas.<\/p>\n<h3>3. Filtros de g\u00e9nero y pa\u00eds<\/h3>\n<p>\u00bfBuscas un chat m\u00e1s personalizado? Utiliza los filtros de g\u00e9nero y regi\u00f3n de Omegla (algunas funciones pueden ser premium) para conectar con hombres, mujeres o usuarios de un pa\u00eds concreto.<\/p>\n<h3>4. Bot\u00f3n \"Siguiente\" para saltar sin interrupciones<\/h3>\n<p>Si una conversaci\u00f3n no es lo tuyo, simplemente haz clic en \"Siguiente\" para emparejarte al instante con alguien nuevo. No hay esperas inc\u00f3modas, solo serendipia pura e ininterrumpida.<\/p>\n<h3>5. No es necesario registrarse<\/h3>\n<p>No necesitas crear una cuenta ni compartir ning\u00fan dato personal. Omegla est\u00e1 dise\u00f1ado para el m\u00e1ximo anonimato y la m\u00ednima fricci\u00f3n.<\/p>\n<h3>6. Entorno seguro y moderado<\/h3>\n<p>Omegla incorpora moderaci\u00f3n avanzada, incluyendo:<\/p>\n<ul>\n<li>Vigilancia automatizada por IA de la desnudez y los abusos<\/li>\n<li>Informes de usuarios y funciones de bloqueo<\/li>\n<li>Moderadores en directo 24\/7 para responder r\u00e1pidamente a los problemas<\/li>\n<\/ul>\n<h3>7. Asistencia m\u00f3vil y de escritorio<\/h3>\n<p>Omegla funciona en tu navegador en cualquier dispositivo: tel\u00e9fono, tableta u ordenador. La interfaz se adapta sin problemas, para que puedas chatear en cualquier lugar y en cualquier momento.<\/p>\n<h3>8. Efectos de v\u00eddeo divertidos (pr\u00f3ximamente)<\/h3>\n<p>Omegla est\u00e1 desarrollando efectos de v\u00eddeo y m\u00e1scaras de realidad aumentada para ayudar a los usuarios a romper el hielo y expresarse, haciendo que las conversaciones sean m\u00e1s ligeras y atractivas.<\/p>\n<h2>C\u00f3mo utilizar Omegla<\/h2>\n<p>Omegla hace que el videochat aleatorio sea lo m\u00e1s sencillo posible. Aqu\u00ed te explicamos c\u00f3mo empezar en cuesti\u00f3n de segundos:<\/p>\n<h3>Paso 1: Visite el sitio web de Omegla<\/h3>\n<p>Abra su navegador y vaya a omegla.com o al dominio Omegla de su regi\u00f3n.<\/p>\n<h3>Paso 2: Elegir chat de v\u00eddeo o de texto<\/h3>\n<p>Elige si quieres un chat de v\u00eddeo (activa la c\u00e1mara\/micr\u00f3fono) o un chat de s\u00f3lo texto. Ambos son an\u00f3nimos y gratuitos.<\/p>\n<h3>Paso 3: Conceder permisos<\/h3>\n<p>Permite que tu navegador acceda a tu webcam y micr\u00f3fono si est\u00e1s haciendo videochat.<\/p>\n<h3>Paso 4: Haz clic en \"Iniciar\" o \"Conectar\".<\/h3>\n<p>Te emparejar\u00e1s con un desconocido al azar en cuesti\u00f3n de segundos. Comienza la conversaci\u00f3n, desde un simple saludo hasta una conversaci\u00f3n en toda regla.<\/p>\n<h3>Paso 5: Utilice \"Siguiente\" para saltar<\/h3>\n<p>\u00bfListo para alguien nuevo? Haz clic en \"Siguiente\" y Omegla te encontrar\u00e1 al instante otro compa\u00f1ero de chat.<\/p>\n<h3>Paso 6: Establecer filtros (opcional)<\/h3>\n<p>Si quieres conocer gente por sexo o ubicaci\u00f3n, utiliza las opciones de filtro. Algunas pueden requerir una actualizaci\u00f3n o registro.<\/p>\n<h3>Paso 7: Mant\u00e9ngase a salvo<\/h3>\n<p>Familiar\u00edzate con los botones de denuncia\/bloqueo y las directrices del chat de Omegla.<\/p>\n<h2>La experiencia del usuario de Omegla<\/h2>\n<p>Omegla sit\u00faa la velocidad, la sencillez y la seguridad en el centro de su plataforma. Esto es lo que los usuarios y los expertos adoran:<\/p>\n<h3>Por qu\u00e9 destaca Omegla<\/h3>\n<ul>\n<li>No es necesario registrarse: Empieza a chatear al instante, con total anonimato.<\/li>\n<li>Partidos rapid\u00edsimos: Carga y tiempos de inactividad m\u00ednimos.<\/li>\n<li>Modos de chat flexibles: V\u00eddeo o texto, t\u00fa eliges.<\/li>\n<li>Alcance mundial: Conecta con usuarios de todos los continentes.<\/li>\n<li>Moderaci\u00f3n avanzada: Entorno m\u00e1s limpio y seguro que el cl\u00e1sico Omegle.<\/li>\n<li>Interfaz f\u00e1cil de usar: El dise\u00f1o sencillo y moderno funciona en todos los dispositivos.<\/li>\n<\/ul>\n<h3>Lo que les gusta a los usuarios<\/h3>\n<ul>\n<li>\"Empieza a chatear en 10 segundos: sin registro, sin correo electr\u00f3nico, sin complicaciones\".<\/li>\n<li>\"Mejor moderaci\u00f3n que Omegle. Me siento m\u00e1s seguro aqu\u00ed\".<\/li>\n<li>\"El filtro de pa\u00edses es genial para practicar idiomas\".<\/li>\n<li>\"Funciona en mi tel\u00e9fono y en mi port\u00e1til. F\u00e1cil de usar, dise\u00f1o limpio\".<\/li>\n<\/ul>\n<h3>D\u00f3nde puede mejorar Omegla<\/h3>\n<ul>\n<li>Los filtros de g\u00e9nero\/pa\u00eds pueden requerir una actualizaci\u00f3n premium<\/li>\n<li>Como en todas las aplicaciones de chat aleatorias, sigue habiendo trolls ocasionales (r\u00e1pidamente expulsados si se denuncian).<\/li>\n<li>A\u00fan no hay funciones de comunidad ni de chat en grupo (pr\u00f3ximamente)<\/li>\n<li>Puede crear adicci\u00f3n: es f\u00e1cil perder la noci\u00f3n del tiempo.<\/li>\n<\/ul>\n<h2>Omegla frente a Omegle y otras alternativas<\/h2>\n<p>\u00bfC\u00f3mo se compara Omegla con las mayores plataformas de chat?<\/p>\n<table>\n<thead>\n<tr>\n<th>Caracter\u00edstica<\/th>\n<th>Omegla<\/th>\n<th>Omegle<\/th>\n<th>Chatroulette<\/th>\n<th>Chatrandom<\/th>\n<th>Funyo<\/th>\n<th>HOLLA<\/th>\n<th>LivU<\/th>\n<\/tr>\n<\/thead>\n<tbody>\n<tr>\n<td>No es necesario inscribirse<\/td>\n<td>\u2705 S\u00ed<\/td>\n<td>\u2705 S\u00ed<\/td>\n<td>\u2705 S\u00ed<\/td>\n<td>\u2705 S\u00ed<\/td>\n<td>\u2705 S\u00ed<\/td>\n<td>\u2705 S\u00ed<\/td>\n<td>\u2705 S\u00ed<\/td>\n<\/tr>\n<tr>\n<td>Chat de v\u00eddeo y texto<\/td>\n<td>\u2705 Ambos<\/td>\n<td>\u2705 Ambos<\/td>\n<td>\u2705 Ambos<\/td>\n<td>\u2705 Ambos<\/td>\n<td>\u2705 Ambos<\/td>\n<td>\u2705 Ambos<\/td>\n<td>\u2705 Ambos<\/td>\n<\/tr>\n<tr>\n<td>Filtro de g\u00e9nero<\/td>\n<td>\u2705 S\u00ed*<\/td>\n<td>\u274c No<\/td>\n<td>\u274c No<\/td>\n<td>\u2705 S\u00ed<\/td>\n<td>\u2705 S\u00ed<\/td>\n<td>\u2705 S\u00ed<\/td>\n<td>\u2705 S\u00ed<\/td>\n<\/tr>\n<tr>\n<td>Filtro de pa\u00edses<\/td>\n<td>\u2705 S\u00ed*<\/td>\n<td>\u2705 S\u00ed<\/td>\n<td>\u2705 S\u00ed<\/td>\n<td>\u2705 S\u00ed<\/td>\n<td>\u2705 S\u00ed<\/td>\n<td>\u2705 S\u00ed<\/td>\n<td>\u2705 S\u00ed<\/td>\n<\/tr>\n<tr>\n<td>Para m\u00f3viles<\/td>\n<td>\u2705 S\u00ed<\/td>\n<td>\u26a0\ufe0f Mixto<\/td>\n<td>\u2705 S\u00ed<\/td>\n<td>\u2705 S\u00ed<\/td>\n<td>\u2705 S\u00ed<\/td>\n<td>\u2705 S\u00ed<\/td>\n<td>\u2705 S\u00ed<\/td>\n<\/tr>\n<tr>\n<td>Moderaci\u00f3n\/Seguridad<\/td>\n<td>\u2705 Fuerte<\/td>\n<td>\u26a0\ufe0f Limitada<\/td>\n<td>\u26a0\ufe0f Limitada<\/td>\n<td>\u2705 Moderado<\/td>\n<td>\u2705 S\u00ed<\/td>\n<td>\u2705 Fuerte<\/td>\n<td>\u2705 Fuerte<\/td>\n<\/tr>\n<tr>\n<td>Efectos de v\u00eddeo en directo<\/td>\n<td>\ud83d\udd52 Pronto<\/td>\n<td>\u274c No<\/td>\n<td>\u274c No<\/td>\n<td>\u274c No<\/td>\n<td>\u274c No<\/td>\n<td>\u2705 S\u00ed<\/td>\n<td>\u2705 S\u00ed<\/td>\n<\/tr>\n<tr>\n<td>Sistema amigo\/pareja<\/td>\n<td>\u274c No<\/td>\n<td>\u274c No<\/td>\n<td>\u274c No<\/td>\n<td>\u2705 S\u00ed<\/td>\n<td>\u2705 S\u00ed<\/td>\n<td>\u2705 S\u00ed<\/td>\n<td>\u2705 S\u00ed<\/td>\n<\/tr>\n<\/tbody>\n<\/table>\n<p>*Algunos filtros avanzados pueden requerir un plan de pago o registro.<\/p>\n<p>Resumen: Omegla es la clara mejora para cualquiera a quien le gustara Omegle, ya que ofrece las mismas conexiones instant\u00e1neas y an\u00f3nimas, pero con una moderaci\u00f3n mucho mejor, controles de privacidad y un dise\u00f1o adaptado al m\u00f3vil.<\/p>\n<h2>\u00bfEs seguro Omegla?<\/h2>\n<p>Omegla se dise\u00f1\u00f3 pensando en la seguridad, aprendiendo de los errores de su predecesora y construyendo una comunidad m\u00e1s fuerte:<\/p>\n<h3>Caracter\u00edsticas de seguridad<\/h3>\n<ul>\n<li>La moderaci\u00f3n por IA en tiempo real busca desnudos y abusos<\/li>\n<li>Los moderadores humanos revisan los usuarios y contenidos marcados<\/li>\n<li>Botones de denuncia y bloqueo siempre visibles en el chat<\/li>\n<li>Normas comunitarias estrictas: no se tolera el acoso, el racismo ni las actividades ilegales.<\/li>\n<li>No se requieren datos personales ni inscripci\u00f3n<\/li>\n<li>Los chats son privados y temporales: no se guarda el historial.<\/li>\n<\/ul>\n<h3>Consejos de seguridad para los usuarios<\/h3>\n<ul>\n<li>Nunca compartas tu nombre real, informaci\u00f3n de contacto, direcci\u00f3n o datos financieros.<\/li>\n<li>Termina el chat inmediatamente si alguien es inapropiado: denuncia y bloquea.<\/li>\n<li>No hagas clic en enlaces desconocidos ni aceptes archivos de desconocidos.<\/li>\n<li>Utiliza un apodo si te piden un nombre: nunca reveles tu identidad a menos que conf\u00edes en la persona y te muevas fuera de la plataforma.<\/li>\n<li>Ten en cuenta que todos los chats de v\u00eddeo son privados, pero practica la seguridad en l\u00ednea como lo har\u00edas en p\u00fablico.<\/li>\n<\/ul>\n<h2>Consejos para sacar el m\u00e1ximo partido a Omegla<\/h2>\n<ul>\n<li>Empieza cada chat con un saludo amistoso: La mayor\u00eda de los usuarios responden bien a un saludo cordial.<\/li>\n<li>No pierdas el tiempo con partidos malos: Utiliza \"Siguiente\" para mantener las cosas divertidas y positivas.<\/li>\n<li>Pruebe diferentes horas del d\u00eda: La base de usuarios cambia; las noches y los fines de semana suelen ser los m\u00e1s concurridos.<\/li>\n<li>Practica idiomas: Utiliza los filtros de pa\u00edses para encontrar compa\u00f1eros de intercambio ling\u00fc\u00edstico.<\/li>\n<li>Denuncia y bloquea generosamente: Ayuda a mantener la comunidad limpia para todos.<\/li>\n<li>Chatea desde cualquier lugar: Omegla funciona perfectamente en el m\u00f3vil-utiliza Wi-Fi para obtener la mejor calidad.<\/li>\n<li>Pruebe las pr\u00f3ximas funciones: Nuevos efectos de v\u00eddeo y m\u00e1scaras de realidad aumentada: \u00a1\u00fasalos para romper el hielo!<\/li>\n<\/ul>\n<h2>Soluci\u00f3n de problemas comunes de Omegla<\/h2>\n<h3>La c\u00e1mara o el micr\u00f3fono no funcionan<\/h3>\n<p>Aseg\u00farate de que los permisos del navegador est\u00e1n concedidos, cierra otras aplicaciones que utilicen la c\u00e1mara, reinicia el navegador o el dispositivo e int\u00e9ntalo de nuevo.<\/p>\n<h3>Ca\u00eddas o retrasos en la conexi\u00f3n<\/h3>\n<p>Utiliza una conexi\u00f3n a Internet r\u00e1pida y estable (prefiere Wi-Fi), cierra las pesta\u00f1as\/aplicaciones que consuman mucho ancho de banda y comprueba el router si persisten los problemas.<\/p>\n<h3>No se puede acceder a los filtros de g\u00e9nero o pa\u00eds<\/h3>\n<p>Es posible que para acceder a ellos haya que pagar; consulte la secci\u00f3n premium del sitio para obtener m\u00e1s informaci\u00f3n.<\/p>\n<h3>Usuarios inadecuados<\/h3>\n<p>Haga clic inmediatamente en bloquear e informar: el equipo de moderaci\u00f3n es r\u00e1pido y proactivo.<\/p>\n<h3>El v\u00eddeo no se carga<\/h3>\n<p>Actualiza la p\u00e1gina, prueba con otro navegador o comprueba que tu dispositivo es compatible con el chat de v\u00eddeo.<\/p>\n<p>Por supuesto, sobre todo si echas de menos el antiguo Omegle y quieres una experiencia m\u00e1s segura, limpia y moderna. Omegla combina todo lo que hizo legendario al Omegle -chat aleatorio puro, conexi\u00f3n humana real y sorpresa- con un enfoque muy necesario en la moderaci\u00f3n, la privacidad y la comodidad del usuario.<\/p>\n<p>Sin registro, sin perfil, s\u00f3lo v\u00eddeo instant\u00e1neo o chat de texto. Tanto si buscas amigos, compa\u00f1eros de idiomas, romance o simplemente quieres ver qu\u00e9 hay ah\u00ed fuera, Omegla pone el mundo al alcance de tu mano.<\/p>\n<p>\u00bfListo para empezar?<br \/>\nVisita omegla.com, haz clic en \"Empezar\" y sum\u00e9rgete en tu pr\u00f3xima gran conversaci\u00f3n.<\/p>","protected":false},"excerpt":{"rendered":"<p>The end of Omegle marked the close of a digital era\u2014but it also opened the door to a new generation of spontaneous, global connections. Enter Omegla: a fresh, modern, and safe alternative designed to bring the thrill of random video chat back to life for millions of users. If you\u2019ve been searching for a platform [&hellip;]<\/p>\n","protected":false},"author":6,"featured_media":0,"parent":0,"menu_order":0,"comment_status":"closed","ping_status":"closed","template":"","meta":{"footnotes":""},"class_list":["post-12700","page","type-page","status-publish","hentry"],"yoast_head":"<!-- This site is optimized with the Yoast SEO plugin v27.4 - https:\/\/yoast.com\/product\/yoast-seo-wordpress\/ -->\n<title>Omegla - The New Omegle: Talk to Strangers - TinyChat.com<\/title>\n<meta name=\"description\" content=\"Enjoying Omegla? Join over 50,000,000 strangers on TinyChat! Turn on your cam and start meeting new people, or find a match.\" \/>\n<meta name=\"robots\" content=\"index, follow, max-snippet:-1, max-image-preview:large, max-video-preview:-1\" \/>\n<link rel=\"canonical\" href=\"https:\/\/tinychat.com\/es\/omegla\/\" \/>\n<meta property=\"og:locale\" content=\"es_ES\" \/>\n<meta property=\"og:type\" content=\"article\" \/>\n<meta property=\"og:title\" content=\"Omegla - The New Omegle: Talk to Strangers - TinyChat.com\" \/>\n<meta property=\"og:description\" content=\"Enjoying Omegla? Join over 50,000,000 strangers on TinyChat! Turn on your cam and start meeting new people, or find a match.\" \/>\n<meta property=\"og:url\" content=\"https:\/\/tinychat.com\/es\/omegla\/\" \/>\n<meta property=\"og:site_name\" content=\"TinyChat\" \/>\n<meta property=\"article:publisher\" content=\"https:\/\/www.facebook.com\/tinychat\" \/>\n<meta property=\"article:modified_time\" content=\"2025-07-21T10:49:57+00:00\" \/>\n<meta property=\"og:image\" content=\"https:\/\/tinychat.com\/wp-content\/uploads\/2020\/04\/Tinychat-logo-1280x284-new-black.png\" \/>\n\t<meta property=\"og:image:width\" content=\"1280\" \/>\n\t<meta property=\"og:image:height\" content=\"284\" \/>\n\t<meta property=\"og:image:type\" content=\"image\/png\" \/>\n<meta name=\"twitter:card\" content=\"summary_large_image\" \/>\n<meta name=\"twitter:site\" content=\"@tinychat\" \/>\n<meta name=\"twitter:label1\" content=\"Tiempo de lectura\" \/>\n\t<meta name=\"twitter:data1\" content=\"7 minutos\" \/>\n<script type=\"application\/ld+json\" class=\"yoast-schema-graph\">{\"@context\":\"https:\\\/\\\/schema.org\",\"@graph\":[{\"@type\":\"WebPage\",\"@id\":\"https:\\\/\\\/tinychat.com\\\/omegla\\\/\",\"url\":\"https:\\\/\\\/tinychat.com\\\/omegla\\\/\",\"name\":\"Omegla - The New Omegle: Talk to Strangers - TinyChat.com\",\"isPartOf\":{\"@id\":\"https:\\\/\\\/tinychat.com\\\/#website\"},\"datePublished\":\"2025-07-21T09:15:10+00:00\",\"dateModified\":\"2025-07-21T10:49:57+00:00\",\"description\":\"Enjoying Omegla? Join over 50,000,000 strangers on TinyChat! Turn on your cam and start meeting new people, or find a match.\",\"breadcrumb\":{\"@id\":\"https:\\\/\\\/tinychat.com\\\/omegla\\\/#breadcrumb\"},\"inLanguage\":\"es\",\"potentialAction\":[{\"@type\":\"ReadAction\",\"target\":[\"https:\\\/\\\/tinychat.com\\\/omegla\\\/\"]}]},{\"@type\":\"BreadcrumbList\",\"@id\":\"https:\\\/\\\/tinychat.com\\\/omegla\\\/#breadcrumb\",\"itemListElement\":[{\"@type\":\"ListItem\",\"position\":1,\"name\":\"Home\",\"item\":\"https:\\\/\\\/tinychat.com\\\/\"},{\"@type\":\"ListItem\",\"position\":2,\"name\":\"Omegla\"}]},{\"@type\":\"WebSite\",\"@id\":\"https:\\\/\\\/tinychat.com\\\/#website\",\"url\":\"https:\\\/\\\/tinychat.com\\\/\",\"name\":\"TinyChat\",\"description\":\"Random Video Chat with Strangers\",\"publisher\":{\"@id\":\"https:\\\/\\\/tinychat.com\\\/#organization\"},\"alternateName\":\"TinyChat.com\",\"potentialAction\":[{\"@type\":\"SearchAction\",\"target\":{\"@type\":\"EntryPoint\",\"urlTemplate\":\"https:\\\/\\\/tinychat.com\\\/?s={search_term_string}\"},\"query-input\":{\"@type\":\"PropertyValueSpecification\",\"valueRequired\":true,\"valueName\":\"search_term_string\"}}],\"inLanguage\":\"es\"},{\"@type\":\"Organization\",\"@id\":\"https:\\\/\\\/tinychat.com\\\/#organization\",\"name\":\"TinyChat\",\"alternateName\":\"TinyChat.com\",\"url\":\"https:\\\/\\\/tinychat.com\\\/\",\"logo\":{\"@type\":\"ImageObject\",\"inLanguage\":\"es\",\"@id\":\"https:\\\/\\\/tinychat.com\\\/#\\\/schema\\\/logo\\\/image\\\/\",\"url\":\"https:\\\/\\\/tinychat.com\\\/wp-content\\\/uploads\\\/2023\\\/11\\\/Tinychat-icon-square.png\",\"contentUrl\":\"https:\\\/\\\/tinychat.com\\\/wp-content\\\/uploads\\\/2023\\\/11\\\/Tinychat-icon-square.png\",\"width\":284,\"height\":284,\"caption\":\"TinyChat\"},\"image\":{\"@id\":\"https:\\\/\\\/tinychat.com\\\/#\\\/schema\\\/logo\\\/image\\\/\"},\"sameAs\":[\"https:\\\/\\\/www.facebook.com\\\/tinychat\",\"https:\\\/\\\/x.com\\\/tinychat\"]}]}<\/script>\n<!-- \/ Yoast SEO plugin. -->","yoast_head_json":{"title":"Omegla - El nuevo Omegle: Hable con extra\u00f1os - TinyChat.com","description":"\u00bfTe gusta Omegla? \u00a1\u00danete a m\u00e1s de 50.000.000 de desconocidos en TinyChat! Enciende tu c\u00e1mara y empieza a conocer gente nueva, o encuentra una pareja.","robots":{"index":"index","follow":"follow","max-snippet":"max-snippet:-1","max-image-preview":"max-image-preview:large","max-video-preview":"max-video-preview:-1"},"canonical":"https:\/\/tinychat.com\/es\/omegla\/","og_locale":"es_ES","og_type":"article","og_title":"Omegla - The New Omegle: Talk to Strangers - TinyChat.com","og_description":"Enjoying Omegla? Join over 50,000,000 strangers on TinyChat! Turn on your cam and start meeting new people, or find a match.","og_url":"https:\/\/tinychat.com\/es\/omegla\/","og_site_name":"TinyChat","article_publisher":"https:\/\/www.facebook.com\/tinychat","article_modified_time":"2025-07-21T10:49:57+00:00","og_image":[{"width":1280,"height":284,"url":"https:\/\/tinychat.com\/wp-content\/uploads\/2020\/04\/Tinychat-logo-1280x284-new-black.png","type":"image\/png"}],"twitter_card":"summary_large_image","twitter_site":"@tinychat","twitter_misc":{"Tiempo de lectura":"7 minutos"},"schema":{"@context":"https:\/\/schema.org","@graph":[{"@type":"WebPage","@id":"https:\/\/tinychat.com\/omegla\/","url":"https:\/\/tinychat.com\/omegla\/","name":"Omegla - El nuevo Omegle: Hable con extra\u00f1os - TinyChat.com","isPartOf":{"@id":"https:\/\/tinychat.com\/#website"},"datePublished":"2025-07-21T09:15:10+00:00","dateModified":"2025-07-21T10:49:57+00:00","description":"\u00bfTe gusta Omegla? \u00a1\u00danete a m\u00e1s de 50.000.000 de desconocidos en TinyChat! Enciende tu c\u00e1mara y empieza a conocer gente nueva, o encuentra una pareja.","breadcrumb":{"@id":"https:\/\/tinychat.com\/omegla\/#breadcrumb"},"inLanguage":"es","potentialAction":[{"@type":"ReadAction","target":["https:\/\/tinychat.com\/omegla\/"]}]},{"@type":"BreadcrumbList","@id":"https:\/\/tinychat.com\/omegla\/#breadcrumb","itemListElement":[{"@type":"ListItem","position":1,"name":"Home","item":"https:\/\/tinychat.com\/"},{"@type":"ListItem","position":2,"name":"Omegla"}]},{"@type":"WebSite","@id":"https:\/\/tinychat.com\/#website","url":"https:\/\/tinychat.com\/","name":"TinyChat","description":"Videochat aleatorio con desconocidos","publisher":{"@id":"https:\/\/tinychat.com\/#organization"},"alternateName":"TinyChat.com","potentialAction":[{"@type":"SearchAction","target":{"@type":"EntryPoint","urlTemplate":"https:\/\/tinychat.com\/?s={search_term_string}"},"query-input":{"@type":"PropertyValueSpecification","valueRequired":true,"valueName":"search_term_string"}}],"inLanguage":"es"},{"@type":"Organization","@id":"https:\/\/tinychat.com\/#organization","name":"TinyChat","alternateName":"TinyChat.com","url":"https:\/\/tinychat.com\/","logo":{"@type":"ImageObject","inLanguage":"es","@id":"https:\/\/tinychat.com\/#\/schema\/logo\/image\/","url":"https:\/\/tinychat.com\/wp-content\/uploads\/2023\/11\/Tinychat-icon-square.png","contentUrl":"https:\/\/tinychat.com\/wp-content\/uploads\/2023\/11\/Tinychat-icon-square.png","width":284,"height":284,"caption":"TinyChat"},"image":{"@id":"https:\/\/tinychat.com\/#\/schema\/logo\/image\/"},"sameAs":["https:\/\/www.facebook.com\/tinychat","https:\/\/x.com\/tinychat"]}]}},"_links":{"self":[{"href":"https:\/\/tinychat.com\/es\/wp-json\/wp\/v2\/pages\/12700","targetHints":{"allow":["GET"]}}],"collection":[{"href":"https:\/\/tinychat.com\/es\/wp-json\/wp\/v2\/pages"}],"about":[{"href":"https:\/\/tinychat.com\/es\/wp-json\/wp\/v2\/types\/page"}],"author":[{"embeddable":true,"href":"https:\/\/tinychat.com\/es\/wp-json\/wp\/v2\/users\/6"}],"replies":[{"embeddable":true,"href":"https:\/\/tinychat.com\/es\/wp-json\/wp\/v2\/comments?post=12700"}],"version-history":[{"count":3,"href":"https:\/\/tinychat.com\/es\/wp-json\/wp\/v2\/pages\/12700\/revisions"}],"predecessor-version":[{"id":13343,"href":"https:\/\/tinychat.com\/es\/wp-json\/wp\/v2\/pages\/12700\/revisions\/13343"}],"wp:attachment":[{"href":"https:\/\/tinychat.com\/es\/wp-json\/wp\/v2\/media?parent=12700"}],"curies":[{"name":"wp","href":"https:\/\/api.w.org\/{rel}","templated":true}]}}