{"id":12712,"date":"2025-08-27T08:51:13","date_gmt":"2025-08-27T06:51:13","guid":{"rendered":"https:\/\/tinychat.com\/?page_id=12712"},"modified":"2025-08-27T09:28:35","modified_gmt":"2025-08-27T07:28:35","slug":"xmegle","status":"publish","type":"page","link":"https:\/\/tinychat.com\/es\/xmegle\/","title":{"rendered":"Xmegle"},"content":{"rendered":"<p>Internet siempre ha sido un lugar donde la curiosidad se une a la conexi\u00f3n. Desde las primeras salas de chat hasta las plataformas de videochat actuales, la gente se ha sentido atra\u00edda por la emoci\u00f3n de conocer a alguien nuevo, completamente al azar. Entre las plataformas que contin\u00faan esta tradici\u00f3n, Xmegle ha surgido como una alternativa novedosa: un sitio que captura la espontaneidad y la sencillez del videochat aleatorio cl\u00e1sico al tiempo que ofrece un dise\u00f1o m\u00e1s moderno y una experiencia m\u00e1s fluida.<\/p>\n<p>Para muchos, Xmegle es un lugar donde relajarse, explorar culturas diferentes, practicar idiomas o simplemente pasar el rato con desconocidos de todo el mundo. Elimina las complejidades de las redes sociales y las citas en l\u00ednea, centr\u00e1ndose en su lugar en la emoci\u00f3n principal: una conversaci\u00f3n real con alguien que nunca has conocido antes.<\/p>\n<p>En esta detallada rese\u00f1a, exploraremos qu\u00e9 es Xmegle, sus caracter\u00edsticas, c\u00f3mo funciona, la experiencia de usuario y c\u00f3mo se compara con otras plataformas, junto con consejos, resoluci\u00f3n de problemas y recomendaciones de seguridad para sacarle el m\u00e1ximo partido.<\/p>\n<h2>\u00bfQu\u00e9 es Xmegle?<\/h2>\n<p>Xmegle es una plataforma de videochat aleatoria dise\u00f1ada para conectar instant\u00e1neamente a desconocidos para mantener conversaciones cara a cara. La idea es sencilla: haz clic en \"Empezar\", activa la c\u00e1mara y el micr\u00f3fono y, en cuesti\u00f3n de segundos, estar\u00e1s cara a cara con alguien de cualquier parte del mundo.<\/p>\n<p>A diferencia de las redes sociales tradicionales, Xmegle no se basa en:<\/p>\n<ul>\n<li>Largos procesos de inscripci\u00f3n.<\/li>\n<li>Perfiles detallados.<\/li>\n<li>Algoritmos preajustados.<\/li>\n<\/ul>\n<p>En cambio, se inclina por la emoci\u00f3n de lo aleatorio. Cada chat es diferente y nunca se sabe con qui\u00e9n nos encontraremos. Esa imprevisibilidad es lo que hace atractivas a plataformas como Xmegle.<\/p>\n<p>Tambi\u00e9n hace hincapi\u00e9 en el anonimato. No tienes que revelar tu nombre real, tu ubicaci\u00f3n ni tus datos personales. Esa libertad fomenta conversaciones naturales, en las que la gente puede simplemente hablar sin presiones.<\/p>\n<h2>Caracter\u00edsticas principales de Xmegle<\/h2>\n<p>Xmegle puede parecer m\u00ednimo a primera vista, pero incluye todo lo necesario para disfrutar de videoconferencias aleatorias sin problemas.<\/p>\n<h3>1. Videochat aleatorio instant\u00e1neo<\/h3>\n<ul>\n<li>No se necesita una cuenta, basta con hacer clic y empezar.<\/li>\n<li>Las coincidencias se producen en segundos con un tiempo de inactividad m\u00ednimo.<\/li>\n<li>Posibilidad de saltar al instante si una conversaci\u00f3n no funciona.<\/li>\n<li>Fomenta interacciones naturales y sin presiones.<\/li>\n<\/ul>\n<h3>2. Base mundial de usuarios<\/h3>\n<ul>\n<li>Conectar con personas de m\u00faltiples pa\u00edses y procedencias.<\/li>\n<li>El intercambio cultural es un gran atractivo: los usuarios suelen conectarse para aprender sobre los dem\u00e1s.<\/li>\n<li>Los husos horarios afectan a la disponibilidad de los usuarios, lo que anima las horas punta.<\/li>\n<\/ul>\n<h3>3. Integraci\u00f3n de texto y v\u00eddeo<\/h3>\n<ul>\n<li>Cambia f\u00e1cilmente entre el chat por webcam y los mensajes de texto.<\/li>\n<li>El chat de texto es \u00fatil si el audio es inestable, o si quieres una introducci\u00f3n m\u00e1s ligera.<\/li>\n<li>Algunos usuarios prefieren empezar a escribir antes de mostrar el v\u00eddeo.<\/li>\n<\/ul>\n<h3>4. Anonimato y privacidad<\/h3>\n<ul>\n<li>Ni perfiles, ni cuentas, ni datos permanentes.<\/li>\n<li>Los chats son temporales y desaparecen cuando te vas.<\/li>\n<li>Los usuarios pueden decidir lo mucho o poco que quieren revelar.<\/li>\n<\/ul>\n<h3>5. Dise\u00f1o compatible con dispositivos m\u00f3viles<\/h3>\n<ul>\n<li>Optimizado para navegadores m\u00f3viles y de sobremesa.<\/li>\n<li>No necesita aplicaci\u00f3n: visite el sitio web.<\/li>\n<li>F\u00e1cil de usar incluso en dispositivos lentos.<\/li>\n<\/ul>\n<h3>6. Simplicidad frente a complejidad<\/h3>\n<ul>\n<li>Xmegle no incluye juegos, redes sociales ni creaci\u00f3n de perfiles.<\/li>\n<li>Mantiene el foco en lo que m\u00e1s desea la gente: conversaciones r\u00e1pidas y reales.<\/li>\n<\/ul>\n<h2>C\u00f3mo utilizar Xmegle<\/h2>\n<p>Empezar en Xmegle lleva menos de un minuto.<\/p>\n<h3>Paso 1: Visite el sitio web<\/h3>\n<ul>\n<li>Abra Xmegle en su navegador de escritorio o m\u00f3vil.<\/li>\n<\/ul>\n<h3>Paso 2: Habilitar permisos<\/h3>\n<ul>\n<li>Permitir el acceso a la c\u00e1mara y al micr\u00f3fono para el videochat.<\/li>\n<\/ul>\n<h3>Paso 3: Haga clic en Inicio<\/h3>\n<ul>\n<li>Empar\u00e9jate instant\u00e1neamente con un desconocido al azar.<\/li>\n<\/ul>\n<h3>Paso 4: Chatear o saltar<\/h3>\n<ul>\n<li>Qu\u00e9date a hablar si te gusta la conversaci\u00f3n.<\/li>\n<li>O pulse \"Siguiente\" para pasar a alguien nuevo.<\/li>\n<\/ul>\n<h3>Paso 5: Repetir<\/h3>\n<ul>\n<li>Sigue conect\u00e1ndote todo el tiempo que quieras: no hay l\u00edmite.<\/li>\n<\/ul>\n<p>Este estilo \"drop-in, drop-out\" es lo que hace que Xmegle sea accesible a cualquiera, tanto si dispone de cinco minutos como de toda una tarde.<\/p>\n<h2>Experiencia de usuario en Xmegle<\/h2>\n<p>Xmegle se basa en la idea de interacciones r\u00e1pidas y sin fricciones.<\/p>\n<h3>Lo que les gusta a los usuarios<\/h3>\n<ul>\n<li>Emparejamiento instant\u00e1neo sin necesidad de iniciar sesi\u00f3n.<\/li>\n<li>Anonimato, que reduce la presi\u00f3n.<\/li>\n<li>Interfaz sencilla, sin distracciones.<\/li>\n<li>Libertad para saltar r\u00e1pidamente si el chat no funciona.<\/li>\n<li>Navegaci\u00f3n m\u00f3vil para chatear sobre la marcha.<\/li>\n<\/ul>\n<h3>Limitaciones para los usuarios<\/h3>\n<ul>\n<li>Sin filtros avanzados (como sexo o ubicaci\u00f3n) por defecto.<\/li>\n<li>No hay opci\u00f3n de \"amigo\" o de volver a conectar si pierdes un buen chat.<\/li>\n<li>La aleatoriedad significa que puedes encontrarte con personas que no sean una buena pareja.<\/li>\n<li>Menor n\u00famero de usuarios en comparaci\u00f3n con gigantes como Omegle.<\/li>\n<\/ul>\n<p>Aun as\u00ed, la mayor\u00eda de los usuarios aprecian el enfoque b\u00e1sico de Xmegle, que se acerca m\u00e1s a la diversi\u00f3n pura y dura que hizo popular al chat aleatorio en primer lugar.<\/p>\n<h2>Xmegle frente a otras plataformas de videoconferencia aleatorias<\/h2>\n<p>\u00bfC\u00f3mo se compara Xmegle con otras plataformas conocidas?<\/p>\n<table>\n<thead>\n<tr>\n<th>Caracter\u00edstica<\/th>\n<th>Xmegle<\/th>\n<th>Omegle<\/th>\n<th>Chatroulette<\/th>\n<th>ChatHub<\/th>\n<th>Emerald Chat<\/th>\n<th>Mono<\/th>\n<\/tr>\n<\/thead>\n<tbody>\n<tr>\n<td>Videochat instant\u00e1neo<\/td>\n<td>\u2705 S\u00ed<\/td>\n<td>\u2705 S\u00ed<\/td>\n<td>\u2705 S\u00ed<\/td>\n<td>\u2705 S\u00ed<\/td>\n<td>\u2705 S\u00ed<\/td>\n<td>\u2705 S\u00ed<\/td>\n<\/tr>\n<tr>\n<td>Opci\u00f3n de chat de texto<\/td>\n<td>\u2705 S\u00ed<\/td>\n<td>\u2705 S\u00ed<\/td>\n<td>\u2705 S\u00ed<\/td>\n<td>\u2705 S\u00ed<\/td>\n<td>\u2705 S\u00ed<\/td>\n<td>\u2705 S\u00ed<\/td>\n<\/tr>\n<tr>\n<td>Anonimato<\/td>\n<td>\u2705 Fuerte<\/td>\n<td>\u2705 Fuerte<\/td>\n<td>\u2705 Fuerte<\/td>\n<td>\u2705 Moderado<\/td>\n<td>\u2705 Moderado<\/td>\n<td>\u26a0\ufe0f Limitada<\/td>\n<\/tr>\n<tr>\n<td>Filtros (sexo\/ubicaci\u00f3n)<\/td>\n<td>\u274c No<\/td>\n<td>\u274c No<\/td>\n<td>\u2705 Limitada<\/td>\n<td>\u2705 S\u00ed<\/td>\n<td>\u2705 S\u00ed<\/td>\n<td>\u2705 S\u00ed<\/td>\n<\/tr>\n<tr>\n<td>Sistema amigo\/seguidor<\/td>\n<td>\u274c No<\/td>\n<td>\u274c No<\/td>\n<td>\u274c No<\/td>\n<td>\u2705 S\u00ed<\/td>\n<td>\u2705 S\u00ed<\/td>\n<td>\u2705 S\u00ed<\/td>\n<\/tr>\n<tr>\n<td>Compatible con m\u00f3viles<\/td>\n<td>\u2705 S\u00ed<\/td>\n<td>\u2705 S\u00ed<\/td>\n<td>\u2705 S\u00ed<\/td>\n<td>\u2705 S\u00ed<\/td>\n<td>\u2705 S\u00ed<\/td>\n<td>\u2705 S\u00ed<\/td>\n<\/tr>\n<tr>\n<td>Caracter\u00edsticas adicionales<\/td>\n<td>\u274c M\u00ednimo<\/td>\n<td>\u274c M\u00ednimo<\/td>\n<td>\u274c M\u00ednimo<\/td>\n<td>\u2705 Fuerte<\/td>\n<td>\u2705 Fuerte<\/td>\n<td>\u2705 Fuerte<\/td>\n<\/tr>\n<\/tbody>\n<\/table>\n<p>Resumen: Xmegle atrae a quienes valoran la velocidad, la privacidad y la sencillez por encima de los complementos. Si quieres filtros, listas de amigos o un entorno m\u00e1s comunitario, plataformas como Emerald Chat o ChatHub pueden ser mejores. Pero si lo que quieres es puro chat instant\u00e1neo, Xmegle te lo ofrece.<\/p>\n<h2>\u00bfEs seguro el Xmegle?<\/h2>\n<p>La seguridad es una preocupaci\u00f3n com\u00fan a todas las plataformas de videochat aleatorias. Xmegle ofrece anonimato b\u00e1sico pero no registra ni requiere cuentas. Esto le da libertad, pero tambi\u00e9n significa que debe usar el sentido com\u00fan.<\/p>\n<h3>Seguridad integrada<\/h3>\n<ul>\n<li>Anonimato por defecto.<\/li>\n<li>Bot\u00f3n de salto para salir al instante de los chats inc\u00f3modos.<\/li>\n<li>Conversaciones temporales: no se almacena nada p\u00fablicamente.<\/li>\n<\/ul>\n<h3>Consejos de seguridad para los usuarios<\/h3>\n<ul>\n<li>Nunca compartas datos personales (nombre real, direcci\u00f3n, n\u00famero de tel\u00e9fono, informaci\u00f3n financiera).<\/li>\n<li>Pon fin a las conversaciones que te incomoden.<\/li>\n<li>Utilizar en un entorno seguro y privado.<\/li>\n<li>Los padres deben vigilar de cerca a los usuarios m\u00e1s j\u00f3venes.<\/li>\n<li>Considere la posibilidad de utilizar una VPN para mayor privacidad.<\/li>\n<\/ul>\n<h2>Consejos para sacar el m\u00e1ximo partido al Xmegle<\/h2>\n<p>Para maximizar su experiencia:<\/p>\n<ul>\n<li>Explore la variedad global: No busques siempre coincidencias locales.<\/li>\n<li>Pruebe en las horas punta: La actividad var\u00eda; por la noche y los fines de semana hay m\u00e1s usuarios conectados.<\/li>\n<li>Utilice una buena iluminaci\u00f3n: Un v\u00eddeo n\u00edtido mejora la primera impresi\u00f3n.<\/li>\n<li>Mant\u00e9n conversaciones ligeras: La gente responde mejor al humor y a los temas informales.<\/li>\n<li>Utiliza el salto libremente: No todas las coincidencias encajan, sigue adelante hasta que encuentres una.<\/li>\n<li>Utiliza auriculares: Mejor calidad de audio para ambas partes.<\/li>\n<\/ul>\n<h2>Problemas comunes y soluciones<\/h2>\n<h3>La c\u00e1mara o el micr\u00f3fono no funcionan<\/h3>\n<ul>\n<li>Compruebe los permisos del navegador.<\/li>\n<li>Aseg\u00farate de que ninguna otra aplicaci\u00f3n est\u00e1 utilizando tu c\u00e1mara.<\/li>\n<li>Reinicia el navegador o el dispositivo.<\/li>\n<\/ul>\n<h3>No se han encontrado coincidencias<\/h3>\n<ul>\n<li>Actualiza la p\u00e1gina.<\/li>\n<li>Pruebe a diferentes horas (horas punta).<\/li>\n<\/ul>\n<h3>Mala calidad de v\u00eddeo<\/h3>\n<ul>\n<li>Utiliza Wi-Fi en lugar de datos m\u00f3viles.<\/li>\n<li>Cierra otras aplicaciones que utilicen ancho de banda.<\/li>\n<\/ul>\n<h3>Comportamiento negativo<\/h3>\n<ul>\n<li>Salta inmediatamente.<\/li>\n<li>Si est\u00e1 disponible, informe al usuario.<\/li>\n<\/ul>\n<h2>Por qu\u00e9 la gente elige Xmegle<\/h2>\n<p>Con tantos competidores, \u00bfqu\u00e9 hace atractivo al Xmegle?<\/p>\n<ul>\n<li>Es r\u00e1pido. Sin cuentas ni formularios, solo chat instant\u00e1neo.<\/li>\n<li>Es an\u00f3nimo. Perfecto para interacciones de baja presi\u00f3n.<\/li>\n<li>Es moderna. Su dise\u00f1o limpio y su compatibilidad con dispositivos m\u00f3viles facilitan su uso.<\/li>\n<li>Es sencillo. Se centra en las personas, no en las funciones.<\/li>\n<\/ul>\n<p>Para muchos, parece una reencarnaci\u00f3n moderna del Omegle, pero con un aspecto m\u00e1s fresco y una experiencia m\u00e1s fluida.<\/p>\n<p>Si buscas una experiencia de videochat aleatoria, sencilla, an\u00f3nima y accesible, merece la pena probar Xmegle. No tiene todos los extras de las plataformas m\u00e1s avanzadas, pero ese es precisamente su punto fuerte: es minimalista y directa, dise\u00f1ada para personas que simplemente quieren conectarse.<\/p>\n<p>Tanto si le apetece re\u00edrse un rato, como si desea un interesante intercambio cultural o simplemente pasar el rato, Xmegle le ofrece la emoci\u00f3n de lo imprevisible que siempre ha caracterizado a los chats aleatorios.<\/p>\n<p>En resumen: Xmegle es una alternativa r\u00e1pida, moderna y sencilla que captura el coraz\u00f3n del chat de v\u00eddeo aleatorio manteniendo la experiencia limpia y f\u00e1cil de usar.<\/p>\n<p>\u00bfListo para empezar? Visita Xmegle, haz clic en empezar y descubre a qui\u00e9n conocer\u00e1s despu\u00e9s.<\/p>","protected":false},"excerpt":{"rendered":"<p>The internet has always been a place where curiosity meets connection. From early chatrooms to today\u2019s video chat platforms, people have been drawn to the thrill of meeting someone new, completely at random. Among the platforms that continue this tradition, Xmegle has emerged as a fresh alternative\u2014a site that captures the spontaneity and simplicity of [&hellip;]<\/p>\n","protected":false},"author":6,"featured_media":0,"parent":0,"menu_order":0,"comment_status":"closed","ping_status":"closed","template":"","meta":{"footnotes":""},"class_list":["post-12712","page","type-page","status-publish","hentry"],"yoast_head":"<!-- This site is optimized with the Yoast SEO plugin v27.3 - https:\/\/yoast.com\/product\/yoast-seo-wordpress\/ -->\n<title>Xmegle - Live Video Chat With Girls - TinyChat.com<\/title>\n<meta name=\"description\" content=\"Enjoying Xmegle? Join over 50,000,000 strangers on TinyChat! Turn on your cam and start meeting new people, or find a match.\" \/>\n<meta name=\"robots\" content=\"index, follow, max-snippet:-1, max-image-preview:large, max-video-preview:-1\" \/>\n<link rel=\"canonical\" href=\"https:\/\/tinychat.com\/es\/xmegle\/\" \/>\n<meta property=\"og:locale\" content=\"es_ES\" \/>\n<meta property=\"og:type\" content=\"article\" \/>\n<meta property=\"og:title\" content=\"Xmegle - Live Video Chat With Girls - TinyChat.com\" \/>\n<meta property=\"og:description\" content=\"Enjoying Xmegle? Join over 50,000,000 strangers on TinyChat! Turn on your cam and start meeting new people, or find a match.\" \/>\n<meta property=\"og:url\" content=\"https:\/\/tinychat.com\/es\/xmegle\/\" \/>\n<meta property=\"og:site_name\" content=\"TinyChat\" \/>\n<meta property=\"article:publisher\" content=\"https:\/\/www.facebook.com\/tinychat\" \/>\n<meta property=\"article:modified_time\" content=\"2025-08-27T07:28:35+00:00\" \/>\n<meta property=\"og:image\" content=\"https:\/\/tinychat.com\/wp-content\/uploads\/2020\/04\/Tinychat-logo-1280x284-new-black.png\" \/>\n\t<meta property=\"og:image:width\" content=\"1280\" \/>\n\t<meta property=\"og:image:height\" content=\"284\" \/>\n\t<meta property=\"og:image:type\" content=\"image\/png\" \/>\n<meta name=\"twitter:card\" content=\"summary_large_image\" \/>\n<meta name=\"twitter:site\" content=\"@tinychat\" \/>\n<meta name=\"twitter:label1\" content=\"Tiempo de lectura\" \/>\n\t<meta name=\"twitter:data1\" content=\"6 minutos\" \/>\n<script type=\"application\/ld+json\" class=\"yoast-schema-graph\">{\"@context\":\"https:\\\/\\\/schema.org\",\"@graph\":[{\"@type\":\"WebPage\",\"@id\":\"https:\\\/\\\/tinychat.com\\\/xmegle\\\/\",\"url\":\"https:\\\/\\\/tinychat.com\\\/xmegle\\\/\",\"name\":\"Xmegle - Live Video Chat With Girls - TinyChat.com\",\"isPartOf\":{\"@id\":\"https:\\\/\\\/tinychat.com\\\/#website\"},\"datePublished\":\"2025-08-27T06:51:13+00:00\",\"dateModified\":\"2025-08-27T07:28:35+00:00\",\"description\":\"Enjoying Xmegle? Join over 50,000,000 strangers on TinyChat! Turn on your cam and start meeting new people, or find a match.\",\"breadcrumb\":{\"@id\":\"https:\\\/\\\/tinychat.com\\\/xmegle\\\/#breadcrumb\"},\"inLanguage\":\"es\",\"potentialAction\":[{\"@type\":\"ReadAction\",\"target\":[\"https:\\\/\\\/tinychat.com\\\/xmegle\\\/\"]}]},{\"@type\":\"BreadcrumbList\",\"@id\":\"https:\\\/\\\/tinychat.com\\\/xmegle\\\/#breadcrumb\",\"itemListElement\":[{\"@type\":\"ListItem\",\"position\":1,\"name\":\"Home\",\"item\":\"https:\\\/\\\/tinychat.com\\\/\"},{\"@type\":\"ListItem\",\"position\":2,\"name\":\"Xmegle\"}]},{\"@type\":\"WebSite\",\"@id\":\"https:\\\/\\\/tinychat.com\\\/#website\",\"url\":\"https:\\\/\\\/tinychat.com\\\/\",\"name\":\"TinyChat\",\"description\":\"Random Video Chat with Strangers\",\"publisher\":{\"@id\":\"https:\\\/\\\/tinychat.com\\\/#organization\"},\"alternateName\":\"TinyChat.com\",\"potentialAction\":[{\"@type\":\"SearchAction\",\"target\":{\"@type\":\"EntryPoint\",\"urlTemplate\":\"https:\\\/\\\/tinychat.com\\\/?s={search_term_string}\"},\"query-input\":{\"@type\":\"PropertyValueSpecification\",\"valueRequired\":true,\"valueName\":\"search_term_string\"}}],\"inLanguage\":\"es\"},{\"@type\":\"Organization\",\"@id\":\"https:\\\/\\\/tinychat.com\\\/#organization\",\"name\":\"TinyChat\",\"alternateName\":\"TinyChat.com\",\"url\":\"https:\\\/\\\/tinychat.com\\\/\",\"logo\":{\"@type\":\"ImageObject\",\"inLanguage\":\"es\",\"@id\":\"https:\\\/\\\/tinychat.com\\\/#\\\/schema\\\/logo\\\/image\\\/\",\"url\":\"https:\\\/\\\/tinychat.com\\\/wp-content\\\/uploads\\\/2023\\\/11\\\/Tinychat-icon-square.png\",\"contentUrl\":\"https:\\\/\\\/tinychat.com\\\/wp-content\\\/uploads\\\/2023\\\/11\\\/Tinychat-icon-square.png\",\"width\":284,\"height\":284,\"caption\":\"TinyChat\"},\"image\":{\"@id\":\"https:\\\/\\\/tinychat.com\\\/#\\\/schema\\\/logo\\\/image\\\/\"},\"sameAs\":[\"https:\\\/\\\/www.facebook.com\\\/tinychat\",\"https:\\\/\\\/x.com\\\/tinychat\"]}]}<\/script>\n<!-- \/ Yoast SEO plugin. -->","yoast_head_json":{"title":"Xmegle - Video Chat En Vivo Con Chicas - TinyChat.com","description":"\u00bfTe gusta Xmegle? \u00a1\u00danete a m\u00e1s de 50.000.000 de desconocidos en TinyChat! Enciende tu c\u00e1mara y empieza a conocer gente nueva, o encuentra pareja.","robots":{"index":"index","follow":"follow","max-snippet":"max-snippet:-1","max-image-preview":"max-image-preview:large","max-video-preview":"max-video-preview:-1"},"canonical":"https:\/\/tinychat.com\/es\/xmegle\/","og_locale":"es_ES","og_type":"article","og_title":"Xmegle - Live Video Chat With Girls - TinyChat.com","og_description":"Enjoying Xmegle? Join over 50,000,000 strangers on TinyChat! Turn on your cam and start meeting new people, or find a match.","og_url":"https:\/\/tinychat.com\/es\/xmegle\/","og_site_name":"TinyChat","article_publisher":"https:\/\/www.facebook.com\/tinychat","article_modified_time":"2025-08-27T07:28:35+00:00","og_image":[{"width":1280,"height":284,"url":"https:\/\/tinychat.com\/wp-content\/uploads\/2020\/04\/Tinychat-logo-1280x284-new-black.png","type":"image\/png"}],"twitter_card":"summary_large_image","twitter_site":"@tinychat","twitter_misc":{"Tiempo de lectura":"6 minutos"},"schema":{"@context":"https:\/\/schema.org","@graph":[{"@type":"WebPage","@id":"https:\/\/tinychat.com\/xmegle\/","url":"https:\/\/tinychat.com\/xmegle\/","name":"Xmegle - Video Chat En Vivo Con Chicas - TinyChat.com","isPartOf":{"@id":"https:\/\/tinychat.com\/#website"},"datePublished":"2025-08-27T06:51:13+00:00","dateModified":"2025-08-27T07:28:35+00:00","description":"\u00bfTe gusta Xmegle? \u00a1\u00danete a m\u00e1s de 50.000.000 de desconocidos en TinyChat! Enciende tu c\u00e1mara y empieza a conocer gente nueva, o encuentra pareja.","breadcrumb":{"@id":"https:\/\/tinychat.com\/xmegle\/#breadcrumb"},"inLanguage":"es","potentialAction":[{"@type":"ReadAction","target":["https:\/\/tinychat.com\/xmegle\/"]}]},{"@type":"BreadcrumbList","@id":"https:\/\/tinychat.com\/xmegle\/#breadcrumb","itemListElement":[{"@type":"ListItem","position":1,"name":"Home","item":"https:\/\/tinychat.com\/"},{"@type":"ListItem","position":2,"name":"Xmegle"}]},{"@type":"WebSite","@id":"https:\/\/tinychat.com\/#website","url":"https:\/\/tinychat.com\/","name":"TinyChat","description":"Videochat aleatorio con desconocidos","publisher":{"@id":"https:\/\/tinychat.com\/#organization"},"alternateName":"TinyChat.com","potentialAction":[{"@type":"SearchAction","target":{"@type":"EntryPoint","urlTemplate":"https:\/\/tinychat.com\/?s={search_term_string}"},"query-input":{"@type":"PropertyValueSpecification","valueRequired":true,"valueName":"search_term_string"}}],"inLanguage":"es"},{"@type":"Organization","@id":"https:\/\/tinychat.com\/#organization","name":"TinyChat","alternateName":"TinyChat.com","url":"https:\/\/tinychat.com\/","logo":{"@type":"ImageObject","inLanguage":"es","@id":"https:\/\/tinychat.com\/#\/schema\/logo\/image\/","url":"https:\/\/tinychat.com\/wp-content\/uploads\/2023\/11\/Tinychat-icon-square.png","contentUrl":"https:\/\/tinychat.com\/wp-content\/uploads\/2023\/11\/Tinychat-icon-square.png","width":284,"height":284,"caption":"TinyChat"},"image":{"@id":"https:\/\/tinychat.com\/#\/schema\/logo\/image\/"},"sameAs":["https:\/\/www.facebook.com\/tinychat","https:\/\/x.com\/tinychat"]}]}},"_links":{"self":[{"href":"https:\/\/tinychat.com\/es\/wp-json\/wp\/v2\/pages\/12712","targetHints":{"allow":["GET"]}}],"collection":[{"href":"https:\/\/tinychat.com\/es\/wp-json\/wp\/v2\/pages"}],"about":[{"href":"https:\/\/tinychat.com\/es\/wp-json\/wp\/v2\/types\/page"}],"author":[{"embeddable":true,"href":"https:\/\/tinychat.com\/es\/wp-json\/wp\/v2\/users\/6"}],"replies":[{"embeddable":true,"href":"https:\/\/tinychat.com\/es\/wp-json\/wp\/v2\/comments?post=12712"}],"version-history":[{"count":5,"href":"https:\/\/tinychat.com\/es\/wp-json\/wp\/v2\/pages\/12712\/revisions"}],"predecessor-version":[{"id":13473,"href":"https:\/\/tinychat.com\/es\/wp-json\/wp\/v2\/pages\/12712\/revisions\/13473"}],"wp:attachment":[{"href":"https:\/\/tinychat.com\/es\/wp-json\/wp\/v2\/media?parent=12712"}],"curies":[{"name":"wp","href":"https:\/\/api.w.org\/{rel}","templated":true}]}}