{"id":12722,"date":"2025-03-12T09:12:05","date_gmt":"2025-03-12T07:12:05","guid":{"rendered":"https:\/\/tinychat.com\/?page_id=12722"},"modified":"2025-07-03T12:26:51","modified_gmt":"2025-07-03T10:26:51","slug":"anonymous-chat","status":"publish","type":"page","link":"https:\/\/tinychat.com\/es\/anonymous-chat\/","title":{"rendered":"Chat an\u00f3nimo"},"content":{"rendered":"<p>En un mundo en el que todo el mundo parece compartirlo todo en Internet, no es de extra\u00f1ar que cada vez m\u00e1s gente busque plataformas de chat an\u00f3nimas. A veces, s\u00f3lo quieres hablar sin compartir tu nombre, preocuparte por tu imagen o dejar un rastro digital que te siga para siempre. Ah\u00ed es donde entra en juego el chat an\u00f3nimo: ofrece un espacio seguro y privado para ser uno mismo, sin etiquetas, perfiles ni expectativas.<\/p>\n<p>Tanto si necesitas desahogarte, pedir consejo, compartir secretos o simplemente mantener una conversaci\u00f3n divertida y sin presiones, las salas de chat an\u00f3nimas te permiten hacerlo todo. \u00bfY lo mejor? Puedes conectar con cualquier persona, en cualquier lugar y al instante.<\/p>\n<h2>\u00bfQu\u00e9 es el chat an\u00f3nimo?<\/h2>\n<p>En esencia, el chat an\u00f3nimo es cualquier conversaci\u00f3n en l\u00ednea en la que no se revela tu identidad real. No tienes que usar tu nombre real, foto o cualquier otra informaci\u00f3n personal. La mayor\u00eda de las plataformas te permiten entrar con un apodo, o incluso sin \u00e9l. Es como llevar una m\u00e1scara digital: t\u00fa decides qu\u00e9 compartir y qu\u00e9 mantener en privado.<\/p>\n<p>Hay varios tipos de chat an\u00f3nimo:<\/p>\n<ul>\n<li>Chatea de forma an\u00f3nima con desconocidos: Conoce a gente de todo el mundo, sin ning\u00fan compromiso ni presi\u00f3n.<\/li>\n<li>Salas de chat an\u00f3nimas: \u00danete a salas tem\u00e1ticas basadas en temas, intereses o simplemente para pasar el rato.<\/li>\n<li>Chat an\u00f3nimo gratuito: Sin coste, sin registro, s\u00f3lo conexi\u00f3n instant\u00e1nea.<\/li>\n<li>Chat an\u00f3nimo aleatorio: Empar\u00e9jate con un usuario totalmente aleatorio para mantener una conversaci\u00f3n espont\u00e1nea.<\/li>\n<\/ul>\n<h2>\u00bfPor qu\u00e9 la gente utiliza el chat an\u00f3nimo?<\/h2>\n<p>Todo el mundo tiene sus razones. Algunas de las m\u00e1s comunes son:<\/p>\n<ul>\n<li>Privacidad: Comparte pensamientos, sentimientos o preguntas que no te atrever\u00edas a publicar en las redes sociales.<\/li>\n<li>Libertad: Habla de lo que quieras, sin juicios ni expectativas.<\/li>\n<li>Apoyo: Busca ayuda para problemas personales, de salud mental o preguntas dif\u00edciles, todo ello sin revelar tu identidad.<\/li>\n<li>Curiosidad: Conoce a gente de diferentes pa\u00edses, or\u00edgenes o estilos de vida.<\/li>\n<li>Diversi\u00f3n: Disfruta de charlas tontas, profundas o incluso coquetas s\u00f3lo por el placer de hacerlo.<\/li>\n<\/ul>\n<p>\"Me encanta el chat an\u00f3nimo porque puedo ser yo misma: sin presiones, sin fingir, s\u00f3lo conversaci\u00f3n real\".<\/p>\n<p>\"Es genial para dar consejos. A veces quieres ayuda de alguien que no te conoce en la vida real\".<\/p>\n<h2>\u00bfC\u00f3mo funciona el chat an\u00f3nimo?<\/h2>\n<p>La mayor\u00eda de las plataformas de chat an\u00f3nimo son lo m\u00e1s sencillas posible:<\/p>\n<ol>\n<li>Entra en un sitio web gratuito de chats an\u00f3nimos o desc\u00e1rgate una aplicaci\u00f3n.<\/li>\n<li>Elige un apodo (o simplemente \u00fanete como \"invitado\").<\/li>\n<li>\u00danete a una sala o empar\u00e9jate al azar.<\/li>\n<li>Empieza a chatear: texto, audio y, a veces, v\u00eddeo (siempre opcional).<\/li>\n<li>Abandona o cambia de chat cuando quieras, sin ataduras ni incomodidades.<\/li>\n<\/ol>\n<p>Algunos sitios tienen salas de chat tem\u00e1ticas (como \"confesiones\", \"consejos\", \"citas\", \"adolescentes\" o \"LGBTQ+\"), mientras que otros son puros emparejamientos aleatorios uno a uno. La cuesti\u00f3n es que t\u00fa siempre controlas cu\u00e1nto compartes.<\/p>\n<h2>Principales plataformas de chat an\u00f3nimo<\/h2>\n<p>\u00bfBusca los mejores sitios para probar el chat an\u00f3nimo? Aqu\u00ed tienes algunos de los favoritos:<\/p>\n<ul>\n<li>Omegle: El chat an\u00f3nimo aleatorio original: v\u00eddeo o texto, sin registro.<\/li>\n<li>Chatroulette: Videochat instant\u00e1neo y an\u00f3nimo con desconocidos de todo el mundo.<\/li>\n<li>Chatous: Con\u00e9ctate por intereses o hashtags, sin necesidad de nombres reales.<\/li>\n<li>AnonChat, AntiChat, Y99: salas de chat an\u00f3nimas basadas en texto, muchos usuarios globales y espacios tem\u00e1ticos.<\/li>\n<li>Susurro, 7 Copas: M\u00e1s centrado en confesiones, apoyo y consejos, todo con total anonimato.<\/li>\n<li>Discord (servidores an\u00f3nimos): Crea o \u00fanete a servidores donde los nombres de usuario y los DM privados protegen tu identidad.<\/li>\n<\/ul>\n<p>Pruebe unos cuantos para encontrar el estilo y la comunidad que mejor se adapten a usted.<\/p>\n<h2>Chat an\u00f3nimo frente a otros chats en l\u00ednea<\/h2>\n<table>\n<thead>\n<tr>\n<th>Caracter\u00edstica<\/th>\n<th>Chat an\u00f3nimo<\/th>\n<th>Redes sociales<\/th>\n<th>Aplicaciones de citas<\/th>\n<th>Foros de grupos<\/th>\n<\/tr>\n<\/thead>\n<tbody>\n<tr>\n<td>No se requiere nombre real<\/td>\n<td>\u2705<\/td>\n<td>\u274c<\/td>\n<td>\u274c<\/td>\n<td>\u2705<\/td>\n<\/tr>\n<tr>\n<td>No necesita perfil<\/td>\n<td>\u2705<\/td>\n<td>\u274c<\/td>\n<td>\u274c<\/td>\n<td>\u2705<\/td>\n<\/tr>\n<tr>\n<td>Emparejamiento aleatorio<\/td>\n<td>\u2705<\/td>\n<td>\u274c<\/td>\n<td>\u274c<\/td>\n<td>\u274c<\/td>\n<\/tr>\n<tr>\n<td>Salas tem\u00e1ticas<\/td>\n<td>\u2705<\/td>\n<td>\u2705<\/td>\n<td>\u2705<\/td>\n<td>\u2705<\/td>\n<\/tr>\n<tr>\n<td>Uso gratuito<\/td>\n<td>\u2705<\/td>\n<td>\u2705<\/td>\n<td>\u2705\/\u274c<\/td>\n<td>\u2705<\/td>\n<\/tr>\n<tr>\n<td>Saltar\/abandonar en cualquier momento<\/td>\n<td>\u2705<\/td>\n<td>\u274c<\/td>\n<td>\u274c<\/td>\n<td>\u2705<\/td>\n<\/tr>\n<\/tbody>\n<\/table>\n<p>El chat an\u00f3nimo gana en privacidad, espontaneidad y conversaciones sin presiones.<\/p>\n<h2>Ventajas de utilizar salas de chat an\u00f3nimas<\/h2>\n<ul>\n<li>Conversaciones sinceras: Puedes preguntar lo que realmente quieres preguntar o decir lo que realmente sientes.<\/li>\n<li>Sin equipaje: No hay \"historia\" social, as\u00ed que puedes ser quien quieras en cada momento.<\/li>\n<li>Empat\u00eda y apoyo: La gente se abre m\u00e1s, lo que conduce a una ayuda y un consejo aut\u00e9nticos.<\/li>\n<li>La diversidad: Hablar\u00e1s con gente que nunca conocer\u00edas en tu vida normal.<\/li>\n<li>Poco compromiso: Qu\u00e9date cinco minutos o cinco horas, nunca hay presi\u00f3n.<\/li>\n<\/ul>\n<h2>C\u00f3mo estar seguro en un chat an\u00f3nimo<\/h2>\n<p>Incluso con el anonimato, es inteligente ser precavido:<\/p>\n<ul>\n<li>Nunca compartas nombres, direcciones o datos de contacto reales.<\/li>\n<li>Utilice un apodo \u00fanico, no algo vinculado a su identidad en l\u00ednea en otro lugar.<\/li>\n<li>Si alguien te incomoda, vete o bloquea inmediatamente.<\/li>\n<li>S\u00e9 esc\u00e9ptico con los enlaces y las solicitudes de informaci\u00f3n personal o fotos.<\/li>\n<li>Si un chat se vuelve negativo o abusivo, den\u00fancialo: la mayor\u00eda de las plataformas disponen de herramientas de denuncia r\u00e1pida.<\/li>\n<\/ul>\n<p>Recuerde que el anonimato le protege, pero s\u00f3lo si lo utiliza con prudencia.<\/p>\n<h2>\u00bfQui\u00e9n utiliza el chat an\u00f3nimo?<\/h2>\n<p>A todo el mundo. Algunos usuarios habituales son:<\/p>\n<ul>\n<li>Adolescentes y j\u00f3venes adultos que buscan espacios seguros para hablar o explorar<\/li>\n<li>Personas con problemas de salud mental o cambios vitales que buscan apoyo an\u00f3nimo<\/li>\n<li>Solteros que desean ligar o tener una cita sin exponerse p\u00fablicamente<\/li>\n<li>Curiosidad por otras culturas, estilos de vida u opiniones<\/li>\n<li>Nocturnos aburridos que s\u00f3lo quieren hablar con alguien nuevo<\/li>\n<\/ul>\n<p>Las salas de chat an\u00f3nimas atraen a gente de todo el mundo, lo que hace que cada conversaci\u00f3n sea \u00fanica.<\/p>\n<h2>\u00bfCu\u00e1ndo probar el chat an\u00f3nimo?<\/h2>\n<ul>\n<li>Cuando quiera hablar abiertamente, sin miedo a ser juzgado<\/li>\n<li>Si se siente solo, ansioso o aburrido<\/li>\n<li>Cuando necesite el consejo de alguien con una nueva perspectiva<\/li>\n<li>Para explorar nuevas amistades o ligues con seguridad<\/li>\n<li>Cuando s\u00f3lo quieres una conversaci\u00f3n real, sin presiones y sin ataduras.<\/li>\n<\/ul>\n<h2>Consejos para aprovechar al m\u00e1ximo el chat an\u00f3nimo<\/h2>\n<ul>\n<li>Mant\u00e9n la mente abierta: espera personalidades, edades y or\u00edgenes diferentes.<\/li>\n<li>Respeta los l\u00edmites y la intimidad de los dem\u00e1s.<\/li>\n<li>No tengas miedo de terminar una conversaci\u00f3n si no te va.<\/li>\n<li>Si necesitas apoyo, busca salas o usuarios especializados en asesoramiento o salud mental.<\/li>\n<li>Alterne las horas del d\u00eda o las plataformas para obtener las conversaciones m\u00e1s interesantes.<\/li>\n<\/ul>\n<h2>Usos comunes de las salas de chat an\u00f3nimas<\/h2>\n<ul>\n<li>Confesiones: Comparte secretos, desah\u00f3gate o admite cosas que nunca dir\u00edas en p\u00fablico.<\/li>\n<li>Consejos: Recibe opiniones reales e imparciales sobre tu vida, tus relaciones o tus problemas.<\/li>\n<li>Ligar o salir: Comprueba si conectas con alguien, menos las fotos de perfil y las biograf\u00edas.<\/li>\n<li>Practica idiomas: Intenta charlar en otro idioma sin presiones.<\/li>\n<li>Debates o discusiones: Habla de pol\u00edtica, cultura o cualquier tema que te apasione, sin preocuparte de que las discusiones te sigan fuera de l\u00ednea.<\/li>\n<\/ul>\n<p>Si est\u00e1s cansado de fingir o te preocupa que te juzguen en Internet, el chat an\u00f3nimo es el bot\u00f3n de reinicio que necesitas. Es sencillo, seguro y empoderador: te permite ser quien quieras durante un rato. Si buscas apoyo, sinceridad o simplemente re\u00edrte con un desconocido, hay un chat an\u00f3nimo esper\u00e1ndote.<\/p>\n<p>\u00bfPor qu\u00e9 no lo intentas? Entra en una sala de chat an\u00f3nimo gratuito o inicia un chat an\u00f3nimo aleatorio con alguien de todo el mundo. Tu pr\u00f3xima conversaci\u00f3n real est\u00e1 a un solo clic.<\/p>","protected":false},"excerpt":{"rendered":"<p>In a world where everyone seems to be sharing everything online, it\u2019s no surprise that more people are seeking out anonymous chat platforms. Sometimes, you just want to talk without sharing your name, worrying about your image, or leaving a digital trail that follows you forever. That\u2019s where anonymous chat comes in: it offers a [&hellip;]<\/p>\n","protected":false},"author":8,"featured_media":0,"parent":0,"menu_order":0,"comment_status":"closed","ping_status":"closed","template":"","meta":{"footnotes":""},"class_list":["post-12722","page","type-page","status-publish","hentry"],"yoast_head":"<!-- This site is optimized with the Yoast SEO plugin v27.6 - https:\/\/yoast.com\/product\/yoast-seo-wordpress\/ -->\n<title>Anonymous Chat with Video Chat on TinyChat.com<\/title>\n<meta name=\"description\" content=\"Enjoying Anonymous Chat? Join over 50,000,000 strangers on TinyChat! Turn on your cam and start meeting new people, or find a match.\" \/>\n<meta name=\"robots\" content=\"index, follow, max-snippet:-1, max-image-preview:large, max-video-preview:-1\" \/>\n<link rel=\"canonical\" href=\"https:\/\/tinychat.com\/es\/anonymous-chat\/\" \/>\n<meta property=\"og:locale\" content=\"es_ES\" \/>\n<meta property=\"og:type\" content=\"article\" \/>\n<meta property=\"og:title\" content=\"Anonymous Chat with Video Chat on TinyChat.com\" \/>\n<meta property=\"og:description\" content=\"Enjoying Anonymous Chat? Join over 50,000,000 strangers on TinyChat! Turn on your cam and start meeting new people, or find a match.\" \/>\n<meta property=\"og:url\" content=\"https:\/\/tinychat.com\/es\/anonymous-chat\/\" \/>\n<meta property=\"og:site_name\" content=\"TinyChat\" \/>\n<meta property=\"article:publisher\" content=\"https:\/\/www.facebook.com\/tinychat\" \/>\n<meta property=\"article:modified_time\" content=\"2025-07-03T10:26:51+00:00\" \/>\n<meta property=\"og:image\" content=\"https:\/\/tinychat.com\/wp-content\/uploads\/2020\/04\/Tinychat-logo-1280x284-new-black.png\" \/>\n\t<meta property=\"og:image:width\" content=\"1280\" \/>\n\t<meta property=\"og:image:height\" content=\"284\" \/>\n\t<meta property=\"og:image:type\" content=\"image\/png\" \/>\n<meta name=\"twitter:card\" content=\"summary_large_image\" \/>\n<meta name=\"twitter:site\" content=\"@tinychat\" \/>\n<meta name=\"twitter:label1\" content=\"Tiempo de lectura\" \/>\n\t<meta name=\"twitter:data1\" content=\"5 minutos\" \/>\n<script type=\"application\/ld+json\" class=\"yoast-schema-graph\">{\"@context\":\"https:\\\/\\\/schema.org\",\"@graph\":[{\"@type\":\"WebPage\",\"@id\":\"https:\\\/\\\/tinychat.com\\\/anonymous-chat\\\/\",\"url\":\"https:\\\/\\\/tinychat.com\\\/anonymous-chat\\\/\",\"name\":\"Anonymous Chat with Video Chat on TinyChat.com\",\"isPartOf\":{\"@id\":\"https:\\\/\\\/tinychat.com\\\/#website\"},\"datePublished\":\"2025-03-12T07:12:05+00:00\",\"dateModified\":\"2025-07-03T10:26:51+00:00\",\"description\":\"Enjoying Anonymous Chat? Join over 50,000,000 strangers on TinyChat! Turn on your cam and start meeting new people, or find a match.\",\"breadcrumb\":{\"@id\":\"https:\\\/\\\/tinychat.com\\\/anonymous-chat\\\/#breadcrumb\"},\"inLanguage\":\"es\",\"potentialAction\":[{\"@type\":\"ReadAction\",\"target\":[\"https:\\\/\\\/tinychat.com\\\/anonymous-chat\\\/\"]}]},{\"@type\":\"BreadcrumbList\",\"@id\":\"https:\\\/\\\/tinychat.com\\\/anonymous-chat\\\/#breadcrumb\",\"itemListElement\":[{\"@type\":\"ListItem\",\"position\":1,\"name\":\"Home\",\"item\":\"https:\\\/\\\/tinychat.com\\\/\"},{\"@type\":\"ListItem\",\"position\":2,\"name\":\"Anonymous Chat\"}]},{\"@type\":\"WebSite\",\"@id\":\"https:\\\/\\\/tinychat.com\\\/#website\",\"url\":\"https:\\\/\\\/tinychat.com\\\/\",\"name\":\"TinyChat\",\"description\":\"Random Video Chat with Strangers\",\"publisher\":{\"@id\":\"https:\\\/\\\/tinychat.com\\\/#organization\"},\"alternateName\":\"TinyChat.com\",\"potentialAction\":[{\"@type\":\"SearchAction\",\"target\":{\"@type\":\"EntryPoint\",\"urlTemplate\":\"https:\\\/\\\/tinychat.com\\\/?s={search_term_string}\"},\"query-input\":{\"@type\":\"PropertyValueSpecification\",\"valueRequired\":true,\"valueName\":\"search_term_string\"}}],\"inLanguage\":\"es\"},{\"@type\":\"Organization\",\"@id\":\"https:\\\/\\\/tinychat.com\\\/#organization\",\"name\":\"TinyChat\",\"alternateName\":\"TinyChat.com\",\"url\":\"https:\\\/\\\/tinychat.com\\\/\",\"logo\":{\"@type\":\"ImageObject\",\"inLanguage\":\"es\",\"@id\":\"https:\\\/\\\/tinychat.com\\\/#\\\/schema\\\/logo\\\/image\\\/\",\"url\":\"https:\\\/\\\/tinychat.com\\\/wp-content\\\/uploads\\\/2023\\\/11\\\/Tinychat-icon-square.png\",\"contentUrl\":\"https:\\\/\\\/tinychat.com\\\/wp-content\\\/uploads\\\/2023\\\/11\\\/Tinychat-icon-square.png\",\"width\":284,\"height\":284,\"caption\":\"TinyChat\"},\"image\":{\"@id\":\"https:\\\/\\\/tinychat.com\\\/#\\\/schema\\\/logo\\\/image\\\/\"},\"sameAs\":[\"https:\\\/\\\/www.facebook.com\\\/tinychat\",\"https:\\\/\\\/x.com\\\/tinychat\"]}]}<\/script>\n<!-- \/ Yoast SEO plugin. -->","yoast_head_json":{"title":"Chat An\u00f3nimo con Video Chat en TinyChat.com","description":"\u00bfDisfrutas del chat an\u00f3nimo? \u00a1\u00danete a m\u00e1s de 50.000.000 de desconocidos en TinyChat! Enciende tu c\u00e1mara y empieza a conocer gente nueva, o encuentra una pareja.","robots":{"index":"index","follow":"follow","max-snippet":"max-snippet:-1","max-image-preview":"max-image-preview:large","max-video-preview":"max-video-preview:-1"},"canonical":"https:\/\/tinychat.com\/es\/anonymous-chat\/","og_locale":"es_ES","og_type":"article","og_title":"Anonymous Chat with Video Chat on TinyChat.com","og_description":"Enjoying Anonymous Chat? Join over 50,000,000 strangers on TinyChat! Turn on your cam and start meeting new people, or find a match.","og_url":"https:\/\/tinychat.com\/es\/anonymous-chat\/","og_site_name":"TinyChat","article_publisher":"https:\/\/www.facebook.com\/tinychat","article_modified_time":"2025-07-03T10:26:51+00:00","og_image":[{"width":1280,"height":284,"url":"https:\/\/tinychat.com\/wp-content\/uploads\/2020\/04\/Tinychat-logo-1280x284-new-black.png","type":"image\/png"}],"twitter_card":"summary_large_image","twitter_site":"@tinychat","twitter_misc":{"Tiempo de lectura":"5 minutos"},"schema":{"@context":"https:\/\/schema.org","@graph":[{"@type":"WebPage","@id":"https:\/\/tinychat.com\/anonymous-chat\/","url":"https:\/\/tinychat.com\/anonymous-chat\/","name":"Chat An\u00f3nimo con Video Chat en TinyChat.com","isPartOf":{"@id":"https:\/\/tinychat.com\/#website"},"datePublished":"2025-03-12T07:12:05+00:00","dateModified":"2025-07-03T10:26:51+00:00","description":"\u00bfDisfrutas del chat an\u00f3nimo? \u00a1\u00danete a m\u00e1s de 50.000.000 de desconocidos en TinyChat! Enciende tu c\u00e1mara y empieza a conocer gente nueva, o encuentra una pareja.","breadcrumb":{"@id":"https:\/\/tinychat.com\/anonymous-chat\/#breadcrumb"},"inLanguage":"es","potentialAction":[{"@type":"ReadAction","target":["https:\/\/tinychat.com\/anonymous-chat\/"]}]},{"@type":"BreadcrumbList","@id":"https:\/\/tinychat.com\/anonymous-chat\/#breadcrumb","itemListElement":[{"@type":"ListItem","position":1,"name":"Home","item":"https:\/\/tinychat.com\/"},{"@type":"ListItem","position":2,"name":"Anonymous Chat"}]},{"@type":"WebSite","@id":"https:\/\/tinychat.com\/#website","url":"https:\/\/tinychat.com\/","name":"TinyChat","description":"Videochat aleatorio con desconocidos","publisher":{"@id":"https:\/\/tinychat.com\/#organization"},"alternateName":"TinyChat.com","potentialAction":[{"@type":"SearchAction","target":{"@type":"EntryPoint","urlTemplate":"https:\/\/tinychat.com\/?s={search_term_string}"},"query-input":{"@type":"PropertyValueSpecification","valueRequired":true,"valueName":"search_term_string"}}],"inLanguage":"es"},{"@type":"Organization","@id":"https:\/\/tinychat.com\/#organization","name":"TinyChat","alternateName":"TinyChat.com","url":"https:\/\/tinychat.com\/","logo":{"@type":"ImageObject","inLanguage":"es","@id":"https:\/\/tinychat.com\/#\/schema\/logo\/image\/","url":"https:\/\/tinychat.com\/wp-content\/uploads\/2023\/11\/Tinychat-icon-square.png","contentUrl":"https:\/\/tinychat.com\/wp-content\/uploads\/2023\/11\/Tinychat-icon-square.png","width":284,"height":284,"caption":"TinyChat"},"image":{"@id":"https:\/\/tinychat.com\/#\/schema\/logo\/image\/"},"sameAs":["https:\/\/www.facebook.com\/tinychat","https:\/\/x.com\/tinychat"]}]}},"_links":{"self":[{"href":"https:\/\/tinychat.com\/es\/wp-json\/wp\/v2\/pages\/12722","targetHints":{"allow":["GET"]}}],"collection":[{"href":"https:\/\/tinychat.com\/es\/wp-json\/wp\/v2\/pages"}],"about":[{"href":"https:\/\/tinychat.com\/es\/wp-json\/wp\/v2\/types\/page"}],"author":[{"embeddable":true,"href":"https:\/\/tinychat.com\/es\/wp-json\/wp\/v2\/users\/8"}],"replies":[{"embeddable":true,"href":"https:\/\/tinychat.com\/es\/wp-json\/wp\/v2\/comments?post=12722"}],"version-history":[{"count":4,"href":"https:\/\/tinychat.com\/es\/wp-json\/wp\/v2\/pages\/12722\/revisions"}],"predecessor-version":[{"id":13308,"href":"https:\/\/tinychat.com\/es\/wp-json\/wp\/v2\/pages\/12722\/revisions\/13308"}],"wp:attachment":[{"href":"https:\/\/tinychat.com\/es\/wp-json\/wp\/v2\/media?parent=12722"}],"curies":[{"name":"wp","href":"https:\/\/api.w.org\/{rel}","templated":true}]}}