{"id":12724,"date":"2025-08-07T10:14:49","date_gmt":"2025-08-07T08:14:49","guid":{"rendered":"https:\/\/tinychat.com\/?page_id=12724"},"modified":"2025-08-07T11:00:11","modified_gmt":"2025-08-07T09:00:11","slug":"incognito-chat","status":"publish","type":"page","link":"https:\/\/tinychat.com\/es\/incognito-chat\/","title":{"rendered":"Chat de inc\u00f3gnito"},"content":{"rendered":"<p>\u00bfAlguna vez has querido hablar con alguien por Internet -preguntarle algo, compartir una historia o simplemente desahogarte- sin revelar qui\u00e9n eres? Ese es el atractivo del chat de inc\u00f3gnito: privacidad total, libertad absoluta y conversaciones reales, sin necesidad de mostrar tu cara ni compartir tu nombre.<\/p>\n<p>Tanto si buscas un espacio seguro para hablar de temas personales, como si quieres conocer gente nueva sin presiones o, simplemente, ans\u00edas la emoci\u00f3n del anonimato total, las salas de chat y aplicaciones de inc\u00f3gnito son tu escondite digital. Aqu\u00ed tienes todo lo que necesitas saber sobre el chat en modo inc\u00f3gnito y por qu\u00e9 es tan popular.<\/p>\n<h2>\u00bfQu\u00e9 es el chat de inc\u00f3gnito?<\/h2>\n<p>El chat de inc\u00f3gnito hace referencia a plataformas, aplicaciones o salas de chat en l\u00ednea que permiten a los usuarios hablar con otras personas de forma an\u00f3nima. A diferencia de las redes sociales o las aplicaciones de mensajer\u00eda tradicionales, no necesitas registrarte con tu nombre real, usar tu foto ni crear un perfil. Puedes ser cualquiera (o nadie) y mantener conversaciones aut\u00e9nticas.<\/p>\n<p>El chat de inc\u00f3gnito en l\u00ednea lo es todo:<\/p>\n<ul>\n<li>Anonimato: No hace falta que reveles tu identidad: utiliza un apodo, permanece \"de inc\u00f3gnito\" o deja que la aplicaci\u00f3n genere un nombre aleatorio para ti.<\/li>\n<li>Privacidad: Las conversaciones no est\u00e1n vinculadas a tus cuentas y normalmente no se guardan.<\/li>\n<li>Libertad: Di lo que piensas sin miedo a ser juzgado o a las consecuencias.<\/li>\n<\/ul>\n<p>Las plataformas pueden ofrecer chat de texto, voz o incluso v\u00eddeo, pero siempre con el anonimato como base.<\/p>\n<h2>\u00bfPor qu\u00e9 utilizar el chat en l\u00ednea de inc\u00f3gnito?<\/h2>\n<p>A la gente le atrae el chat de inc\u00f3gnito por todo tipo de razones:<\/p>\n<ul>\n<li>Comparte libremente: Es m\u00e1s f\u00e1cil hablar abiertamente de sentimientos, secretos o temas dif\u00edciles cuando eres an\u00f3nimo.<\/li>\n<li>Recibe consejos sinceros: La gente tiende a dar opiniones m\u00e1s sinceras cuando no hay consecuencias sociales.<\/li>\n<li>Conozca gente nueva: Conecta con desconocidos de todo el mundo, sin presiones ni ataduras.<\/li>\n<li>Evite la incomodidad: Sin miedo a cruzarte con gente conocida o a decir algo embarazoso.<\/li>\n<li>Apoyo y ayuda: Ideal para encontrar grupos de apoyo, chats sobre salud mental o asesoramiento entre iguales.<\/li>\n<\/ul>\n<blockquote><p>\"Utilizo las aplicaciones de chat de inc\u00f3gnito cuando necesito consejo sobre cosas que no puedo hablar con amigos. All\u00ed he tenido algunas de mis conversaciones m\u00e1s sinceras y \u00fatiles\".<\/p><\/blockquote>\n<h2>Tipos populares de chat de inc\u00f3gnito<\/h2>\n<p>Hay todo un mundo de aplicaciones y plataformas de chat de inc\u00f3gnito por explorar:<\/p>\n<h3>1. Salas de chat an\u00f3nimas de inc\u00f3gnito<\/h3>\n<p>Se trata de salas cl\u00e1sicas basadas en texto en las que todo el mundo es an\u00f3nimo. Chat Avenue, Wireclub y TinyChat ofrecen salas p\u00fablicas y privadas en las que puedes entrar al instante.<\/p>\n<h3>2. Aplicaciones de chat de inc\u00f3gnito<\/h3>\n<p>Aplicaciones m\u00f3viles como Chatous, Whisper y Wakie est\u00e1n dise\u00f1adas para chatear de forma an\u00f3nima. Elige tu seud\u00f3nimo y empieza a chatear, sin necesidad de n\u00famero de tel\u00e9fono ni nombre de usuario.<\/p>\n<h3>3. Videochat de inc\u00f3gnito uno a uno<\/h3>\n<p>Plataformas como Omegle y Chatroulette te permiten chatear por v\u00eddeo sin necesidad de registrarte. Tu identidad real nunca se muestra a menos que t\u00fa quieras.<\/p>\n<h3>4. Chats de grupo de inc\u00f3gnito<\/h3>\n<p>\u00danete a salas tem\u00e1ticas o basadas en tus intereses (m\u00fasica, salud mental, citas, etc.) y con\u00e9ctate con otras personas que tambi\u00e9n quieran permanecer de inc\u00f3gnito.<\/p>\n<h2>Chat de inc\u00f3gnito frente a chat en l\u00ednea normal<\/h2>\n<table>\n<thead>\n<tr>\n<th>Caracter\u00edstica<\/th>\n<th>Chat de inc\u00f3gnito<\/th>\n<th>Aplicaciones de chat normales<\/th>\n<th>Redes sociales<\/th>\n<\/tr>\n<\/thead>\n<tbody>\n<tr>\n<td>No se necesita nombre\/perfil real<\/td>\n<td>\u2705<\/td>\n<td>\u274c<\/td>\n<td>\u274c<\/td>\n<\/tr>\n<tr>\n<td>Acceso an\u00f3nimo<\/td>\n<td>\u2705<\/td>\n<td>\u274c<\/td>\n<td>\u274c<\/td>\n<\/tr>\n<tr>\n<td>Conversaciones no guardadas<\/td>\n<td>\u2705\/\u274c<\/td>\n<td>\u274c<\/td>\n<td>\u274c<\/td>\n<\/tr>\n<tr>\n<td>Opciones de grupo o privadas<\/td>\n<td>\u2705<\/td>\n<td>\u2705<\/td>\n<td>\u2705<\/td>\n<\/tr>\n<tr>\n<td>Uso gratuito<\/td>\n<td>\u2705<\/td>\n<td>\u2705<\/td>\n<td>\u2705<\/td>\n<\/tr>\n<tr>\n<td>Posibilidad de emparejamiento aleatorio<\/td>\n<td>\u2705<\/td>\n<td>\u274c<\/td>\n<td>\u274c<\/td>\n<\/tr>\n<\/tbody>\n<\/table>\n<p>El chat de inc\u00f3gnito destaca por ofrecerte libertad, flexibilidad y tranquilidad.<\/p>\n<h2>\u00bfC\u00f3mo funciona el chat de inc\u00f3gnito?<\/h2>\n<p>Empezar a utilizar el chat de inc\u00f3gnito en l\u00ednea es muy sencillo:<\/p>\n<ol>\n<li>Elige una plataforma o aplicaci\u00f3n: Decide si quieres chat de texto, voz o v\u00eddeo.<\/li>\n<li>Crea un seud\u00f3nimo (o entra como \"Invitado\"): La mayor\u00eda de los sitios te permiten entrar sin registrarte.<\/li>\n<li>Elige una sala de chat o inicia un chat individual: Algunas plataformas ofrecen salas tem\u00e1ticas para temas espec\u00edficos.<\/li>\n<li>\u00a1Empieza a chatear! Comparte lo que quieras, escucha y con\u00e9ctate con gente desde cualquier lugar.<\/li>\n<li>M\u00e1rchate o salta en cualquier momento: Si la conversaci\u00f3n no es lo que quieres, puedes seguir adelante.<\/li>\n<\/ol>\n<p>La mayor\u00eda de las aplicaciones y sitios son gratuitos; algunos ofrecen funciones de pago, como eliminaci\u00f3n de anuncios, filtros avanzados o salas VIP.<\/p>\n<h2>\u00bfQui\u00e9n utiliza el chat de inc\u00f3gnito?<\/h2>\n<p>Todo el mundo. Los usuarios t\u00edpicos son:<\/p>\n<ul>\n<li>Adolescentes y j\u00f3venes adultos que buscan consejo o apoyo de sus compa\u00f1eros<\/li>\n<li>Personas con preguntas sobre relaciones, salud o luchas personales<\/li>\n<li>Solteros que quieren ligar o conocer gente nueva sin compartir informaci\u00f3n privada<\/li>\n<li>Profesionales o estudiantes que quieran hablar abiertamente sobre el estr\u00e9s laboral o escolar<\/li>\n<li>Cualquiera que anhele una conversaci\u00f3n sincera y sin presiones<\/li>\n<\/ul>\n<p>No hay l\u00edmite de edad para necesitar un poco de intimidad.<\/p>\n<h2>\u00bfEs realmente seguro el chat de inc\u00f3gnito?<\/h2>\n<p>El chat de inc\u00f3gnito es m\u00e1s seguro que la mayor\u00eda de las plataformas sociales, pero utiliza siempre el sentido com\u00fan:<\/p>\n<ul>\n<li>No compartas nombres reales, direcciones, n\u00fameros de tel\u00e9fono ni datos personales.<\/li>\n<li>Ten cuidado con las fotos o v\u00eddeos: Nunca env\u00edes im\u00e1genes que no quieras que sean p\u00fablicas.<\/li>\n<li>Si se siente inc\u00f3modo en una charla, ret\u00edrese inmediatamente.<\/li>\n<li>Utilice plataformas con funciones de moderaci\u00f3n e informaci\u00f3n.<\/li>\n<li>Recuerda que el anonimato va en ambos sentidos: Los dem\u00e1s usuarios tambi\u00e9n son an\u00f3nimos: conf\u00eda en tu instinto.<\/li>\n<\/ul>\n<p>Si utilizas el chat de inc\u00f3gnito para salud mental o apoyo, busca servicios con moderadores formados o ayudantes verificados.<\/p>\n<h2>Las mejores funciones de las aplicaciones y sitios de chat de inc\u00f3gnito<\/h2>\n<ul>\n<li>No es necesario registrarse: Entra al instante, sin necesidad de correo electr\u00f3nico ni n\u00famero de tel\u00e9fono.<\/li>\n<li>Salas de chat privadas de inc\u00f3gnito: \u00danete a salas de chat tem\u00e1ticas o generales para cualquier estado de \u00e1nimo.<\/li>\n<li>Historiales de chat temporales: Muchas aplicaciones no guardan las conversaciones, as\u00ed que tus palabras desaparecen cuando te vas.<\/li>\n<li>Controles de usuario: Bloquea o denuncia a quien se pase de la raya.<\/li>\n<li>Opci\u00f3n de texto, voz o v\u00eddeo: Elige cu\u00e1nto quieres compartir.<\/li>\n<li>Concordancia basada en intereses: Filtre las salas por tema, ubicaci\u00f3n o edad para obtener chats m\u00e1s relevantes.<\/li>\n<\/ul>\n<h2>Consejos para disfrutar al m\u00e1ximo del chat de inc\u00f3gnito<\/h2>\n<ul>\n<li>Empieza por salas generales: Si\u00e9ntete c\u00f3modo antes de compartir m\u00e1s en chats privados.<\/li>\n<li>S\u00e9 educado y respetuoso: El anonimato no es una licencia para ser grosero: el buen rollo llega muy lejos.<\/li>\n<li>No compartas demasiado: Aunque seas an\u00f3nimo, mant\u00e9n ciertos l\u00edmites.<\/li>\n<li>Utiliza etiquetas de inter\u00e9s: Te ayudan a encontrar personas con las que realmente querr\u00e1s hablar.<\/li>\n<li>Experimenta con distintas plataformas: Cada una tiene su propio estilo y caracter\u00edsticas.<\/li>\n<\/ul>\n<h2>Cu\u00e1ndo utilizar el chat de inc\u00f3gnito<\/h2>\n<ul>\n<li>Cuando necesite consejo o quiera desahogarse de forma an\u00f3nima<\/li>\n<li>Hacer amigos sin compartir tu identidad<\/li>\n<li>Para ligar en privado o charlar sobre citas<\/li>\n<li>Al explorar temas delicados de los que no se puede hablar en otra parte<\/li>\n<li>Si eres nuevo en el chat en l\u00ednea y quieres probarlo sin riesgos<\/li>\n<\/ul>\n<h2>Caracter\u00edsticas del chat de inc\u00f3gnito gratuito frente al de pago<\/h2>\n<p>La mayor\u00eda de las plataformas de chat de inc\u00f3gnito son gratuitas. Las actualizaciones de pago pueden incluir:<\/p>\n<ul>\n<li>Experiencia sin anuncios<\/li>\n<li>Filtros de concordancia avanzados<\/li>\n<li>Salas VIP o privadas<\/li>\n<li>Emojis o pegatinas personalizados<\/li>\n<\/ul>\n<p>Pero para la mayor\u00eda de los usuarios, la versi\u00f3n gratuita ofrece mucha privacidad y flexibilidad.<\/p>\n<p>El chat de inc\u00f3gnito es el espacio seguro en l\u00ednea por excelencia, donde puedes decir lo que piensas, hacer las preguntas que no puedes hacer en ning\u00fan otro sitio y conocer a gente de todo el mundo, todo ello en el m\u00e1s absoluto anonimato. Tanto si buscas consejo, amistad, diversi\u00f3n o simplemente una nueva perspectiva, hay una aplicaci\u00f3n o sala de chat de inc\u00f3gnito esper\u00e1ndote.<\/p>\n<p>\u00bfListo para probarlo? Entra en una sala de chat de inc\u00f3gnito esta noche y descubre la libertad de una conexi\u00f3n en l\u00ednea verdaderamente privada.<\/p>","protected":false},"excerpt":{"rendered":"<p>Have you ever wanted to talk to someone online\u2014ask a question, share a story, or just vent\u2014without revealing who you are? That\u2019s the appeal of incognito chat: complete privacy, total freedom, and real conversations, with no need to show your face or share your name. Whether you\u2019re looking for a safe space to discuss personal [&hellip;]<\/p>\n","protected":false},"author":8,"featured_media":0,"parent":0,"menu_order":0,"comment_status":"closed","ping_status":"closed","template":"","meta":{"footnotes":""},"class_list":["post-12724","page","type-page","status-publish","hentry"],"yoast_head":"<!-- This site is optimized with the Yoast SEO plugin v27.5 - https:\/\/yoast.com\/product\/yoast-seo-wordpress\/ -->\n<title>Incognito Chat with Video Chat on TinyChat.com<\/title>\n<meta name=\"description\" content=\"Enjoying Incognito Chat? Join over 50,000,000 strangers on TinyChat! Turn on your cam and start meeting new people, or find a match.\" \/>\n<meta name=\"robots\" content=\"index, follow, max-snippet:-1, max-image-preview:large, max-video-preview:-1\" \/>\n<link rel=\"canonical\" href=\"https:\/\/tinychat.com\/es\/incognito-chat\/\" \/>\n<meta property=\"og:locale\" content=\"es_ES\" \/>\n<meta property=\"og:type\" content=\"article\" \/>\n<meta property=\"og:title\" content=\"Incognito Chat with Video Chat on TinyChat.com\" \/>\n<meta property=\"og:description\" content=\"Enjoying Incognito Chat? Join over 50,000,000 strangers on TinyChat! Turn on your cam and start meeting new people, or find a match.\" \/>\n<meta property=\"og:url\" content=\"https:\/\/tinychat.com\/es\/incognito-chat\/\" \/>\n<meta property=\"og:site_name\" content=\"TinyChat\" \/>\n<meta property=\"article:publisher\" content=\"https:\/\/www.facebook.com\/tinychat\" \/>\n<meta property=\"article:modified_time\" content=\"2025-08-07T09:00:11+00:00\" \/>\n<meta property=\"og:image\" content=\"https:\/\/tinychat.com\/wp-content\/uploads\/2020\/04\/Tinychat-logo-1280x284-new-black.png\" \/>\n\t<meta property=\"og:image:width\" content=\"1280\" \/>\n\t<meta property=\"og:image:height\" content=\"284\" \/>\n\t<meta property=\"og:image:type\" content=\"image\/png\" \/>\n<meta name=\"twitter:card\" content=\"summary_large_image\" \/>\n<meta name=\"twitter:site\" content=\"@tinychat\" \/>\n<meta name=\"twitter:label1\" content=\"Tiempo de lectura\" \/>\n\t<meta name=\"twitter:data1\" content=\"5 minutos\" \/>\n<script type=\"application\/ld+json\" class=\"yoast-schema-graph\">{\"@context\":\"https:\\\/\\\/schema.org\",\"@graph\":[{\"@type\":\"WebPage\",\"@id\":\"https:\\\/\\\/tinychat.com\\\/incognito-chat\\\/\",\"url\":\"https:\\\/\\\/tinychat.com\\\/incognito-chat\\\/\",\"name\":\"Incognito Chat with Video Chat on TinyChat.com\",\"isPartOf\":{\"@id\":\"https:\\\/\\\/tinychat.com\\\/#website\"},\"datePublished\":\"2025-08-07T08:14:49+00:00\",\"dateModified\":\"2025-08-07T09:00:11+00:00\",\"description\":\"Enjoying Incognito Chat? Join over 50,000,000 strangers on TinyChat! Turn on your cam and start meeting new people, or find a match.\",\"breadcrumb\":{\"@id\":\"https:\\\/\\\/tinychat.com\\\/incognito-chat\\\/#breadcrumb\"},\"inLanguage\":\"es\",\"potentialAction\":[{\"@type\":\"ReadAction\",\"target\":[\"https:\\\/\\\/tinychat.com\\\/incognito-chat\\\/\"]}]},{\"@type\":\"BreadcrumbList\",\"@id\":\"https:\\\/\\\/tinychat.com\\\/incognito-chat\\\/#breadcrumb\",\"itemListElement\":[{\"@type\":\"ListItem\",\"position\":1,\"name\":\"Home\",\"item\":\"https:\\\/\\\/tinychat.com\\\/\"},{\"@type\":\"ListItem\",\"position\":2,\"name\":\"Incognito Chat\"}]},{\"@type\":\"WebSite\",\"@id\":\"https:\\\/\\\/tinychat.com\\\/#website\",\"url\":\"https:\\\/\\\/tinychat.com\\\/\",\"name\":\"TinyChat\",\"description\":\"Random Video Chat with Strangers\",\"publisher\":{\"@id\":\"https:\\\/\\\/tinychat.com\\\/#organization\"},\"alternateName\":\"TinyChat.com\",\"potentialAction\":[{\"@type\":\"SearchAction\",\"target\":{\"@type\":\"EntryPoint\",\"urlTemplate\":\"https:\\\/\\\/tinychat.com\\\/?s={search_term_string}\"},\"query-input\":{\"@type\":\"PropertyValueSpecification\",\"valueRequired\":true,\"valueName\":\"search_term_string\"}}],\"inLanguage\":\"es\"},{\"@type\":\"Organization\",\"@id\":\"https:\\\/\\\/tinychat.com\\\/#organization\",\"name\":\"TinyChat\",\"alternateName\":\"TinyChat.com\",\"url\":\"https:\\\/\\\/tinychat.com\\\/\",\"logo\":{\"@type\":\"ImageObject\",\"inLanguage\":\"es\",\"@id\":\"https:\\\/\\\/tinychat.com\\\/#\\\/schema\\\/logo\\\/image\\\/\",\"url\":\"https:\\\/\\\/tinychat.com\\\/wp-content\\\/uploads\\\/2023\\\/11\\\/Tinychat-icon-square.png\",\"contentUrl\":\"https:\\\/\\\/tinychat.com\\\/wp-content\\\/uploads\\\/2023\\\/11\\\/Tinychat-icon-square.png\",\"width\":284,\"height\":284,\"caption\":\"TinyChat\"},\"image\":{\"@id\":\"https:\\\/\\\/tinychat.com\\\/#\\\/schema\\\/logo\\\/image\\\/\"},\"sameAs\":[\"https:\\\/\\\/www.facebook.com\\\/tinychat\",\"https:\\\/\\\/x.com\\\/tinychat\"]}]}<\/script>\n<!-- \/ Yoast SEO plugin. -->","yoast_head_json":{"title":"Chat Inc\u00f3gnito con Video Chat en TinyChat.com","description":"\u00bfDisfrutas del chat de inc\u00f3gnito? \u00a1\u00danete a m\u00e1s de 50.000.000 de desconocidos en TinyChat! Enciende tu c\u00e1mara y empieza a conocer gente nueva, o encuentra una pareja.","robots":{"index":"index","follow":"follow","max-snippet":"max-snippet:-1","max-image-preview":"max-image-preview:large","max-video-preview":"max-video-preview:-1"},"canonical":"https:\/\/tinychat.com\/es\/incognito-chat\/","og_locale":"es_ES","og_type":"article","og_title":"Incognito Chat with Video Chat on TinyChat.com","og_description":"Enjoying Incognito Chat? Join over 50,000,000 strangers on TinyChat! Turn on your cam and start meeting new people, or find a match.","og_url":"https:\/\/tinychat.com\/es\/incognito-chat\/","og_site_name":"TinyChat","article_publisher":"https:\/\/www.facebook.com\/tinychat","article_modified_time":"2025-08-07T09:00:11+00:00","og_image":[{"width":1280,"height":284,"url":"https:\/\/tinychat.com\/wp-content\/uploads\/2020\/04\/Tinychat-logo-1280x284-new-black.png","type":"image\/png"}],"twitter_card":"summary_large_image","twitter_site":"@tinychat","twitter_misc":{"Tiempo de lectura":"5 minutos"},"schema":{"@context":"https:\/\/schema.org","@graph":[{"@type":"WebPage","@id":"https:\/\/tinychat.com\/incognito-chat\/","url":"https:\/\/tinychat.com\/incognito-chat\/","name":"Chat Inc\u00f3gnito con Video Chat en TinyChat.com","isPartOf":{"@id":"https:\/\/tinychat.com\/#website"},"datePublished":"2025-08-07T08:14:49+00:00","dateModified":"2025-08-07T09:00:11+00:00","description":"\u00bfDisfrutas del chat de inc\u00f3gnito? \u00a1\u00danete a m\u00e1s de 50.000.000 de desconocidos en TinyChat! Enciende tu c\u00e1mara y empieza a conocer gente nueva, o encuentra una pareja.","breadcrumb":{"@id":"https:\/\/tinychat.com\/incognito-chat\/#breadcrumb"},"inLanguage":"es","potentialAction":[{"@type":"ReadAction","target":["https:\/\/tinychat.com\/incognito-chat\/"]}]},{"@type":"BreadcrumbList","@id":"https:\/\/tinychat.com\/incognito-chat\/#breadcrumb","itemListElement":[{"@type":"ListItem","position":1,"name":"Home","item":"https:\/\/tinychat.com\/"},{"@type":"ListItem","position":2,"name":"Incognito Chat"}]},{"@type":"WebSite","@id":"https:\/\/tinychat.com\/#website","url":"https:\/\/tinychat.com\/","name":"TinyChat","description":"Videochat aleatorio con desconocidos","publisher":{"@id":"https:\/\/tinychat.com\/#organization"},"alternateName":"TinyChat.com","potentialAction":[{"@type":"SearchAction","target":{"@type":"EntryPoint","urlTemplate":"https:\/\/tinychat.com\/?s={search_term_string}"},"query-input":{"@type":"PropertyValueSpecification","valueRequired":true,"valueName":"search_term_string"}}],"inLanguage":"es"},{"@type":"Organization","@id":"https:\/\/tinychat.com\/#organization","name":"TinyChat","alternateName":"TinyChat.com","url":"https:\/\/tinychat.com\/","logo":{"@type":"ImageObject","inLanguage":"es","@id":"https:\/\/tinychat.com\/#\/schema\/logo\/image\/","url":"https:\/\/tinychat.com\/wp-content\/uploads\/2023\/11\/Tinychat-icon-square.png","contentUrl":"https:\/\/tinychat.com\/wp-content\/uploads\/2023\/11\/Tinychat-icon-square.png","width":284,"height":284,"caption":"TinyChat"},"image":{"@id":"https:\/\/tinychat.com\/#\/schema\/logo\/image\/"},"sameAs":["https:\/\/www.facebook.com\/tinychat","https:\/\/x.com\/tinychat"]}]}},"_links":{"self":[{"href":"https:\/\/tinychat.com\/es\/wp-json\/wp\/v2\/pages\/12724","targetHints":{"allow":["GET"]}}],"collection":[{"href":"https:\/\/tinychat.com\/es\/wp-json\/wp\/v2\/pages"}],"about":[{"href":"https:\/\/tinychat.com\/es\/wp-json\/wp\/v2\/types\/page"}],"author":[{"embeddable":true,"href":"https:\/\/tinychat.com\/es\/wp-json\/wp\/v2\/users\/8"}],"replies":[{"embeddable":true,"href":"https:\/\/tinychat.com\/es\/wp-json\/wp\/v2\/comments?post=12724"}],"version-history":[{"count":2,"href":"https:\/\/tinychat.com\/es\/wp-json\/wp\/v2\/pages\/12724\/revisions"}],"predecessor-version":[{"id":13418,"href":"https:\/\/tinychat.com\/es\/wp-json\/wp\/v2\/pages\/12724\/revisions\/13418"}],"wp:attachment":[{"href":"https:\/\/tinychat.com\/es\/wp-json\/wp\/v2\/media?parent=12724"}],"curies":[{"name":"wp","href":"https:\/\/api.w.org\/{rel}","templated":true}]}}