{"id":12732,"date":"2025-03-12T09:40:59","date_gmt":"2025-03-12T07:40:59","guid":{"rendered":"https:\/\/tinychat.com\/?page_id=12732"},"modified":"2025-07-16T15:01:20","modified_gmt":"2025-07-16T13:01:20","slug":"live-chat-online","status":"publish","type":"page","link":"https:\/\/tinychat.com\/es\/live-chat-online\/","title":{"rendered":"Chat en directo en l\u00ednea"},"content":{"rendered":"<p>\u00bfRecuerdas cuando chatear por Internet significaba enviar mensajes y esperar respuestas? Eso ya pas\u00f3. Ahora, con las plataformas de chat en directo, puedes conectarte al instante -por texto, voz o v\u00eddeo- y compartir risas, consejos e incluso momentos que cambian la vida con personas de todo el mundo en tiempo real. Tanto si te apetece una conversaci\u00f3n espont\u00e1nea, como si quieres conocer a nuevos amigos o una respuesta r\u00e1pida a una pregunta candente, las salas y aplicaciones de chat en directo lo hacen posible con un solo clic.<\/p>\n<p>Vamos a sumergirnos en el mundo del chat en directo: qu\u00e9 es, d\u00f3nde encontrar las mejores experiencias, c\u00f3mo mantenerse a salvo y por qu\u00e9 cada vez m\u00e1s gente adora esta nueva forma de conectarse.<\/p>\n<h2>\u00bfQu\u00e9 es el chat en directo en l\u00ednea?<\/h2>\n<p>El chat en directo online es cualquier conversaci\u00f3n en tiempo real a trav\u00e9s de Internet. A diferencia de los correos electr\u00f3nicos tradicionales o los foros lentos, el chat en directo te permite intercambiar mensajes -o incluso v\u00eddeo y audio- con alguien al instante. Esto puede significar:<\/p>\n<ul>\n<li>Salas de chat de texto: De la vieja escuela, pero a\u00fan as\u00ed geniales. Entra en un grupo o en una conversaci\u00f3n privada y habla de cualquier cosa.<\/li>\n<li>Videochat en directo en l\u00ednea: Sube el nivel con conversaciones cara a cara. Solo necesitas una c\u00e1mara web y un poco de valor.<\/li>\n<li>Chat de voz: \u00bfPrefieres hablar pero no est\u00e1s preparado para el v\u00eddeo? El chat de voz salva las distancias.<\/li>\n<li>Chat aleatorio en directo con desconocidos: Empar\u00e9jate con alguien totalmente nuevo para entablar una nueva conversaci\u00f3n cada vez.<\/li>\n<\/ul>\n<p>Tanto si quieres charlar r\u00e1pidamente con tus amigos como conocer a alguien nuevo al otro lado del mundo, el chat en directo en l\u00ednea te lo ofrece todo.<\/p>\n<h2>\u00bfPor qu\u00e9 es tan popular el chat en directo?<\/h2>\n<p>Hay muchas razones por las que el chat en directo online est\u00e1 en auge:<\/p>\n<ul>\n<li>Gratificaci\u00f3n instant\u00e1nea: No hay que esperar respuestas. La conversaci\u00f3n tiene lugar ahora.<\/li>\n<li>Conoce gente nueva: Conecta con desconocidos desde cualquier lugar: cada chat es una sorpresa.<\/li>\n<li>Mantente cerca de tus amigos y familiares: Sobre todo si est\u00e1is lejos, el chat en directo salva las distancias.<\/li>\n<li>Aprende y comparte: Chats de grupo, salas de asesoramiento y grupos de apoyo a un solo clic.<\/li>\n<li>Diversi\u00f3n y juegos: Muchas salas de chat incluyen juegos, concursos o eventos en directo.<\/li>\n<\/ul>\n<p>Adem\u00e1s, puedes chatear como t\u00fa mismo, utilizar un apodo o mantenerte en el anonimato: t\u00fa eliges.<\/p>\n<h2>Tipos de plataformas y salas de chat en directo<\/h2>\n<p>Lo bueno del chat en directo online es que hay para todos los gustos. Estas son algunas de las opciones m\u00e1s populares:<\/p>\n<h3>1. Salas de chat en vivo gratis<\/h3>\n<p>\u00bfS\u00f3lo quiere hablar? Hay miles de salas de chat p\u00fablicas en plataformas como Chat Avenue, Wireclub y Paltalk. Puedes unirte a salas generales o dedicadas a aficiones, lugares o intereses.<\/p>\n<h3>2. Chat en directo aleatorio con desconocidos<\/h3>\n<p>Sitios como Omegle, Chatroulette y Chatspin facilitan conocer a una persona nueva con cada clic. Es perfecto para los amantes de las sorpresas y la espontaneidad.<\/p>\n<h3>3. Chat de v\u00eddeo en directo en l\u00ednea<\/h3>\n<p>Plataformas de chat cara a cara como Camsurf, Bazoocam o incluso WhatsApp video te permiten compartir sonrisas, historias y reacciones reales con personas de todo el mundo.<\/p>\n<h3>4. Chat en directo privado<\/h3>\n<p>\u00bfQuieres un espacio m\u00e1s tranquilo? La mayor\u00eda de las plataformas te permiten crear o unirte a chats privados, ya sean individuales o con un grupo selecto de amigos.<\/p>\n<h3>5. Charlas de apoyo y asesoramiento<\/h3>\n<p>\u00bfNecesita hablar con alguien? Plataformas como 7 Cups y BlahTherapy ofrecen chats an\u00f3nimos en directo con voluntarios u oyentes formados para ofrecer apoyo y consejo.<\/p>\n<h3>6. Chat en directo para empresas<\/h3>\n<p>Muchas empresas utilizan el chat en directo para la atenci\u00f3n al cliente, pero estos chats suelen ser m\u00e1s formales y centrados en la resoluci\u00f3n de problemas.<\/p>\n<h2>Chat en directo en l\u00ednea frente a otras formas de conectarse<\/h2>\n<table>\n<thead>\n<tr>\n<th>Caracter\u00edstica<\/th>\n<th>Chat en directo en l\u00ednea<\/th>\n<th>Redes sociales<\/th>\n<th>Correo electr\u00f3nico<\/th>\n<th>Foros\/Hilos<\/th>\n<th>Reuniones en v\u00eddeo<\/th>\n<\/tr>\n<\/thead>\n<tbody>\n<tr>\n<td>Conversaci\u00f3n en tiempo real<\/td>\n<td>\u2705<\/td>\n<td>\u2705<\/td>\n<td>\u274c<\/td>\n<td>\u274c<\/td>\n<td>\u2705<\/td>\n<\/tr>\n<tr>\n<td>Texto, voz y v\u00eddeo<\/td>\n<td>\u2705<\/td>\n<td>\u2705<\/td>\n<td>\u274c<\/td>\n<td>\u274c<\/td>\n<td>\u2705<\/td>\n<\/tr>\n<tr>\n<td>Opci\u00f3n an\u00f3nima<\/td>\n<td>\u2705<\/td>\n<td>\u274c<\/td>\n<td>\u2705\/\u274c<\/td>\n<td>\u2705<\/td>\n<td>\u274c<\/td>\n<\/tr>\n<tr>\n<td>Emparejamiento aleatorio<\/td>\n<td>\u2705<\/td>\n<td>\u274c<\/td>\n<td>\u274c<\/td>\n<td>\u274c<\/td>\n<td>\u274c<\/td>\n<\/tr>\n<tr>\n<td>Uso gratuito<\/td>\n<td>\u2705<\/td>\n<td>\u2705<\/td>\n<td>\u2705<\/td>\n<td>\u2705<\/td>\n<td>\u2705\/\u274c<\/td>\n<\/tr>\n<tr>\n<td>Opciones de grupo o privadas<\/td>\n<td>\u2705<\/td>\n<td>\u2705<\/td>\n<td>\u2705<\/td>\n<td>\u2705<\/td>\n<td>\u2705<\/td>\n<\/tr>\n<\/tbody>\n<\/table>\n<p>El chat en directo en l\u00ednea destaca por su rapidez, versatilidad y alcance mundial.<\/p>\n<h2>C\u00f3mo empezar con el chat en directo en l\u00ednea<\/h2>\n<p>No necesitas conocimientos t\u00e9cnicos. Aqu\u00ed tienes un r\u00e1pido paso a paso:<\/p>\n<ol>\n<li>Elige tu plataforma: Decide si quieres unirte a un chat de grupo, un chat de v\u00eddeo o un chat en directo aleatorio con desconocidos.<\/li>\n<li>Establece tu alias o reg\u00edstrate (si es necesario): Muchas plataformas te permiten entrar directamente; otras pueden pedirte que te registres r\u00e1pidamente.<\/li>\n<li>Elige tu sala o pulsa \"Empezar\": Entra en una sala tem\u00e1tica, busca tus intereses o pulsa \"siguiente\" para conocer a alguien nuevo.<\/li>\n<li>Empieza a chatear: Saluda. H\u00e1blanos de ti, haz preguntas y d\u00e9jate llevar.<\/li>\n<li>M\u00e1rchate o salta en cualquier momento: Si la conversaci\u00f3n no te va, puedes pasar p\u00e1gina.<\/li>\n<\/ol>\n<p>La mayor\u00eda de las plataformas ofrecen opciones gratuitas y de pago: empieza con el chat en directo en l\u00ednea gratuito y ampl\u00edalo si quieres funciones adicionales.<\/p>\n<h2>Las mejores plataformas gratuitas de chat en directo<\/h2>\n<p>He aqu\u00ed algunas de las opciones m\u00e1s populares y fiables:<\/p>\n<ul>\n<li>Omegle: El chat aleatorio en directo con desconocidos, sin necesidad de registrarse, s\u00f3lo tienes que hacer clic y chatear (texto o v\u00eddeo).<\/li>\n<li>Chat Avenue: Decenas de salas de chat tem\u00e1ticas, incluidas salas generales, de solteros y de adolescentes.<\/li>\n<li>Chatspin: Videochat aleatorio con filtros por intereses, pa\u00eds y m\u00e1s.<\/li>\n<li>Camsurf: Videochat en vivo en l\u00ednea seguro y sencillo, disponible en todo el mundo.<\/li>\n<li>Discordia: Crea o \u00fanete a servidores sobre cualquier tema, con funciones de chat de voz, texto y v\u00eddeo.<\/li>\n<li>Wireclub: Salas de chat cl\u00e1sicas y DMs privados, adem\u00e1s de divertidos juegos y concursos.<\/li>\n<li>7 Copas: Para apoyo, salud mental y consejos, chatea an\u00f3nimamente con los oyentes.<\/li>\n<\/ul>\n<p>Prueba unas cuantas para ver cu\u00e1l se adapta a tu estilo: hay una sala de chat en directo para cada estado de \u00e1nimo y personalidad.<\/p>\n<h2>\u00bfEs seguro el chat en directo?<\/h2>\n<p>En la mayor\u00eda de los casos, s\u00ed, pero como en todo lo que se hace en Internet, conviene usar el sentido com\u00fan:<\/p>\n<ul>\n<li>Nunca compartas tu nombre completo, direcci\u00f3n, n\u00famero de tel\u00e9fono u otros datos personales.<\/li>\n<li>Utiliza un apodo o un nombre de usuario an\u00f3nimo.<\/li>\n<li>Si utilizas v\u00eddeo, mant\u00e9n un fondo neutro para proteger tu intimidad.<\/li>\n<li>Termina cualquier charla que te resulte inc\u00f3moda.<\/li>\n<li>Denuncia y bloquea a cualquiera que infrinja las normas o sea inapropiado.<\/li>\n<li>Si tienes menos de 18 a\u00f1os, utiliza s\u00f3lo salas de chat para adolescentes o apropiadas para tu edad.<\/li>\n<\/ul>\n<p>La mayor\u00eda de las grandes plataformas cuentan con moderadores activos, funciones de denuncia y herramientas de seguridad para ayudar a proteger a los usuarios.<\/p>\n<h2>\u00bfQui\u00e9n utiliza el chat en directo en l\u00ednea?<\/h2>\n<p>A todos. Encontrar\u00e1s:<\/p>\n<ul>\n<li>Adolescentes y estudiantes en busca de nuevos amigos o ayuda con los deberes<\/li>\n<li>Solteros interesados en ligar o tener citas online<\/li>\n<li>Nocturnos y madrugadores con ganas de compa\u00f1\u00eda a cualquier hora<\/li>\n<li>Conexi\u00f3n transfronteriza de viajeros y expatriados<\/li>\n<li>Personas que buscan consejo, apoyo o simplemente una nueva conversaci\u00f3n<\/li>\n<li>Empresas que prestan servicios de atenci\u00f3n al cliente y ayuda en tiempo real<\/li>\n<\/ul>\n<p>Realmente hay un espacio para todas las edades, intereses y procedencias.<\/p>\n<h2>Videochat en directo en l\u00ednea: Por qu\u00e9 es tan popular<\/h2>\n<p>Si quieres una conexi\u00f3n m\u00e1s profunda y aut\u00e9ntica, el videochat en directo online es el siguiente paso. Es ideal para:<\/p>\n<ul>\n<li>Ver reacciones, sonrisas y risas reales<\/li>\n<li>Practicar un nuevo idioma con hablantes nativos<\/li>\n<li>Citas virtuales o encuentros a distancia<\/li>\n<li>Participar en actos de grupo, conciertos o sesiones de preguntas y respuestas en directo<\/li>\n<\/ul>\n<p>Muchas plataformas te permiten alternar entre texto y v\u00eddeo, para que siempre controles tu nivel de comodidad.<\/p>\n<h2>Consejos para la mejor experiencia de chat en directo en l\u00ednea<\/h2>\n<ul>\n<li>S\u00e9 amable y respetuoso: La amabilidad llega muy lejos en Internet.<\/li>\n<li>Haga preguntas abiertas: \"\u00bfQu\u00e9 es lo que m\u00e1s te gusta de tu ciudad?\" es una buena forma de empezar.<\/li>\n<li>Pruebe diferentes salas y horarios: Personas de todo el mundo se conectan a distintas horas.<\/li>\n<li>Mant\u00e9n tus expectativas abiertas: Algunas charlas ser\u00e1n incre\u00edbles, otras breves o tontas. Disfrute de lo imprevisible.<\/li>\n<li>Utiliza filtros de intereses: Muchas plataformas te permiten encontrar personas que comparten tus aficiones, gustos musicales o idioma.<\/li>\n<\/ul>\n<h2>Cu\u00e1ndo utilizar el chat en directo en l\u00ednea<\/h2>\n<ul>\n<li>Cuando te sientas solo o aburrido<\/li>\n<li>Hacer amigos m\u00e1s all\u00e1 de su c\u00edrculo actual<\/li>\n<li>Para asesoramiento, ayuda al estudio o apoyo<\/li>\n<li>Para practicar nuevas habilidades (ling\u00fc\u00edsticas, sociales o simplemente de conversaci\u00f3n)<\/li>\n<li>Cuando quieres re\u00edr, una historia o algo totalmente inesperado<\/li>\n<\/ul>\n<p>Nunca se sabe: puede que conozcas a tu pr\u00f3ximo mejor amigo, mentor o compa\u00f1ero de chat favorito al otro lado del mundo.<\/p>\n<h2>Funciones gratuitas frente a funciones de pago en el chat en directo en l\u00ednea<\/h2>\n<p>La mayor\u00eda de los sitios y aplicaciones ofrecen una s\u00f3lida experiencia gratuita de chat en directo en l\u00ednea, pero las mejoras de pago pueden incluir:<\/p>\n<ul>\n<li>Filtros avanzados (sexo, edad, ubicaci\u00f3n, intereses)<\/li>\n<li>Coincidencia\/saltado prioritario o ilimitado<\/li>\n<li>Navegaci\u00f3n sin anuncios<\/li>\n<li>Salas privadas o \"VIP<\/li>\n<li>Emojis personalizados, pegatinas o juegos en el chat<\/li>\n<\/ul>\n<p>Para la mayor\u00eda de los usuarios, la versi\u00f3n gratuita es m\u00e1s que suficiente para mantener conversaciones significativas y divertidas.<\/p>\n<p>El chat en directo ha revolucionado nuestra forma de relacionarnos. Es r\u00e1pido, espont\u00e1neo y lleno de sorpresas, tanto si chateas con viejos amigos como si conoces a alguien totalmente nuevo. \u00bfY lo mejor? Est\u00e1 disponible en cualquier momento y lugar, y suele ser gratuito.<\/p>\n<p>\u00bfPor qu\u00e9 no lo pruebas? Entra en una sala de chat en directo, prueba un chat de v\u00eddeo en directo aleatorio o crea tu propio grupo hoy mismo. Tu pr\u00f3xima gran historia, amigo o risa podr\u00eda estar a un clic de distancia.<\/p>","protected":false},"excerpt":{"rendered":"<p>Remember when chatting online meant sending messages and waiting for replies? Those days are gone. Now, with live chat online platforms, you can connect instantly\u2014by text, voice, or video\u2014sharing laughs, advice, and even life-changing moments with people around the world in real time. Whether you\u2019re craving spontaneous conversation, looking to meet new friends, or want [&hellip;]<\/p>\n","protected":false},"author":8,"featured_media":0,"parent":0,"menu_order":0,"comment_status":"closed","ping_status":"closed","template":"","meta":{"footnotes":""},"class_list":["post-12732","page","type-page","status-publish","hentry"],"yoast_head":"<!-- This site is optimized with the Yoast SEO plugin v27.4 - https:\/\/yoast.com\/product\/yoast-seo-wordpress\/ -->\n<title>Live Chat Online with Video Chat on TinyChat.com<\/title>\n<meta name=\"description\" content=\"Enjoying Live Chat Online? Join over 50,000,000 strangers on TinyChat! Turn on your cam and start meeting new people, or find a match.\" \/>\n<meta name=\"robots\" content=\"index, follow, max-snippet:-1, max-image-preview:large, max-video-preview:-1\" \/>\n<link rel=\"canonical\" href=\"https:\/\/tinychat.com\/es\/live-chat-online\/\" \/>\n<meta property=\"og:locale\" content=\"es_ES\" \/>\n<meta property=\"og:type\" content=\"article\" \/>\n<meta property=\"og:title\" content=\"Live Chat Online with Video Chat on TinyChat.com\" \/>\n<meta property=\"og:description\" content=\"Enjoying Live Chat Online? Join over 50,000,000 strangers on TinyChat! Turn on your cam and start meeting new people, or find a match.\" \/>\n<meta property=\"og:url\" content=\"https:\/\/tinychat.com\/es\/live-chat-online\/\" \/>\n<meta property=\"og:site_name\" content=\"TinyChat\" \/>\n<meta property=\"article:publisher\" content=\"https:\/\/www.facebook.com\/tinychat\" \/>\n<meta property=\"article:modified_time\" content=\"2025-07-16T13:01:20+00:00\" \/>\n<meta property=\"og:image\" content=\"https:\/\/tinychat.com\/wp-content\/uploads\/2020\/04\/Tinychat-logo-1280x284-new-black.png\" \/>\n\t<meta property=\"og:image:width\" content=\"1280\" \/>\n\t<meta property=\"og:image:height\" content=\"284\" \/>\n\t<meta property=\"og:image:type\" content=\"image\/png\" \/>\n<meta name=\"twitter:card\" content=\"summary_large_image\" \/>\n<meta name=\"twitter:site\" content=\"@tinychat\" \/>\n<meta name=\"twitter:label1\" content=\"Tiempo de lectura\" \/>\n\t<meta name=\"twitter:data1\" content=\"7 minutos\" \/>\n<script type=\"application\/ld+json\" class=\"yoast-schema-graph\">{\"@context\":\"https:\\\/\\\/schema.org\",\"@graph\":[{\"@type\":\"WebPage\",\"@id\":\"https:\\\/\\\/tinychat.com\\\/live-chat-online\\\/\",\"url\":\"https:\\\/\\\/tinychat.com\\\/live-chat-online\\\/\",\"name\":\"Live Chat Online with Video Chat on TinyChat.com\",\"isPartOf\":{\"@id\":\"https:\\\/\\\/tinychat.com\\\/#website\"},\"datePublished\":\"2025-03-12T07:40:59+00:00\",\"dateModified\":\"2025-07-16T13:01:20+00:00\",\"description\":\"Enjoying Live Chat Online? Join over 50,000,000 strangers on TinyChat! Turn on your cam and start meeting new people, or find a match.\",\"breadcrumb\":{\"@id\":\"https:\\\/\\\/tinychat.com\\\/live-chat-online\\\/#breadcrumb\"},\"inLanguage\":\"es\",\"potentialAction\":[{\"@type\":\"ReadAction\",\"target\":[\"https:\\\/\\\/tinychat.com\\\/live-chat-online\\\/\"]}]},{\"@type\":\"BreadcrumbList\",\"@id\":\"https:\\\/\\\/tinychat.com\\\/live-chat-online\\\/#breadcrumb\",\"itemListElement\":[{\"@type\":\"ListItem\",\"position\":1,\"name\":\"Home\",\"item\":\"https:\\\/\\\/tinychat.com\\\/\"},{\"@type\":\"ListItem\",\"position\":2,\"name\":\"Live Chat Online\"}]},{\"@type\":\"WebSite\",\"@id\":\"https:\\\/\\\/tinychat.com\\\/#website\",\"url\":\"https:\\\/\\\/tinychat.com\\\/\",\"name\":\"TinyChat\",\"description\":\"Random Video Chat with Strangers\",\"publisher\":{\"@id\":\"https:\\\/\\\/tinychat.com\\\/#organization\"},\"alternateName\":\"TinyChat.com\",\"potentialAction\":[{\"@type\":\"SearchAction\",\"target\":{\"@type\":\"EntryPoint\",\"urlTemplate\":\"https:\\\/\\\/tinychat.com\\\/?s={search_term_string}\"},\"query-input\":{\"@type\":\"PropertyValueSpecification\",\"valueRequired\":true,\"valueName\":\"search_term_string\"}}],\"inLanguage\":\"es\"},{\"@type\":\"Organization\",\"@id\":\"https:\\\/\\\/tinychat.com\\\/#organization\",\"name\":\"TinyChat\",\"alternateName\":\"TinyChat.com\",\"url\":\"https:\\\/\\\/tinychat.com\\\/\",\"logo\":{\"@type\":\"ImageObject\",\"inLanguage\":\"es\",\"@id\":\"https:\\\/\\\/tinychat.com\\\/#\\\/schema\\\/logo\\\/image\\\/\",\"url\":\"https:\\\/\\\/tinychat.com\\\/wp-content\\\/uploads\\\/2023\\\/11\\\/Tinychat-icon-square.png\",\"contentUrl\":\"https:\\\/\\\/tinychat.com\\\/wp-content\\\/uploads\\\/2023\\\/11\\\/Tinychat-icon-square.png\",\"width\":284,\"height\":284,\"caption\":\"TinyChat\"},\"image\":{\"@id\":\"https:\\\/\\\/tinychat.com\\\/#\\\/schema\\\/logo\\\/image\\\/\"},\"sameAs\":[\"https:\\\/\\\/www.facebook.com\\\/tinychat\",\"https:\\\/\\\/x.com\\\/tinychat\"]}]}<\/script>\n<!-- \/ Yoast SEO plugin. -->","yoast_head_json":{"title":"Chat en vivo en l\u00ednea con Video Chat en TinyChat.com","description":"\u00bfDisfrutas del chat en directo? \u00a1\u00danete a m\u00e1s de 50.000.000 de desconocidos en TinyChat! Enciende tu c\u00e1mara y empieza a conocer gente nueva, o encuentra una pareja.","robots":{"index":"index","follow":"follow","max-snippet":"max-snippet:-1","max-image-preview":"max-image-preview:large","max-video-preview":"max-video-preview:-1"},"canonical":"https:\/\/tinychat.com\/es\/live-chat-online\/","og_locale":"es_ES","og_type":"article","og_title":"Live Chat Online with Video Chat on TinyChat.com","og_description":"Enjoying Live Chat Online? Join over 50,000,000 strangers on TinyChat! Turn on your cam and start meeting new people, or find a match.","og_url":"https:\/\/tinychat.com\/es\/live-chat-online\/","og_site_name":"TinyChat","article_publisher":"https:\/\/www.facebook.com\/tinychat","article_modified_time":"2025-07-16T13:01:20+00:00","og_image":[{"width":1280,"height":284,"url":"https:\/\/tinychat.com\/wp-content\/uploads\/2020\/04\/Tinychat-logo-1280x284-new-black.png","type":"image\/png"}],"twitter_card":"summary_large_image","twitter_site":"@tinychat","twitter_misc":{"Tiempo de lectura":"7 minutos"},"schema":{"@context":"https:\/\/schema.org","@graph":[{"@type":"WebPage","@id":"https:\/\/tinychat.com\/live-chat-online\/","url":"https:\/\/tinychat.com\/live-chat-online\/","name":"Chat en vivo en l\u00ednea con Video Chat en TinyChat.com","isPartOf":{"@id":"https:\/\/tinychat.com\/#website"},"datePublished":"2025-03-12T07:40:59+00:00","dateModified":"2025-07-16T13:01:20+00:00","description":"\u00bfDisfrutas del chat en directo? \u00a1\u00danete a m\u00e1s de 50.000.000 de desconocidos en TinyChat! Enciende tu c\u00e1mara y empieza a conocer gente nueva, o encuentra una pareja.","breadcrumb":{"@id":"https:\/\/tinychat.com\/live-chat-online\/#breadcrumb"},"inLanguage":"es","potentialAction":[{"@type":"ReadAction","target":["https:\/\/tinychat.com\/live-chat-online\/"]}]},{"@type":"BreadcrumbList","@id":"https:\/\/tinychat.com\/live-chat-online\/#breadcrumb","itemListElement":[{"@type":"ListItem","position":1,"name":"Home","item":"https:\/\/tinychat.com\/"},{"@type":"ListItem","position":2,"name":"Live Chat Online"}]},{"@type":"WebSite","@id":"https:\/\/tinychat.com\/#website","url":"https:\/\/tinychat.com\/","name":"TinyChat","description":"Videochat aleatorio con desconocidos","publisher":{"@id":"https:\/\/tinychat.com\/#organization"},"alternateName":"TinyChat.com","potentialAction":[{"@type":"SearchAction","target":{"@type":"EntryPoint","urlTemplate":"https:\/\/tinychat.com\/?s={search_term_string}"},"query-input":{"@type":"PropertyValueSpecification","valueRequired":true,"valueName":"search_term_string"}}],"inLanguage":"es"},{"@type":"Organization","@id":"https:\/\/tinychat.com\/#organization","name":"TinyChat","alternateName":"TinyChat.com","url":"https:\/\/tinychat.com\/","logo":{"@type":"ImageObject","inLanguage":"es","@id":"https:\/\/tinychat.com\/#\/schema\/logo\/image\/","url":"https:\/\/tinychat.com\/wp-content\/uploads\/2023\/11\/Tinychat-icon-square.png","contentUrl":"https:\/\/tinychat.com\/wp-content\/uploads\/2023\/11\/Tinychat-icon-square.png","width":284,"height":284,"caption":"TinyChat"},"image":{"@id":"https:\/\/tinychat.com\/#\/schema\/logo\/image\/"},"sameAs":["https:\/\/www.facebook.com\/tinychat","https:\/\/x.com\/tinychat"]}]}},"_links":{"self":[{"href":"https:\/\/tinychat.com\/es\/wp-json\/wp\/v2\/pages\/12732","targetHints":{"allow":["GET"]}}],"collection":[{"href":"https:\/\/tinychat.com\/es\/wp-json\/wp\/v2\/pages"}],"about":[{"href":"https:\/\/tinychat.com\/es\/wp-json\/wp\/v2\/types\/page"}],"author":[{"embeddable":true,"href":"https:\/\/tinychat.com\/es\/wp-json\/wp\/v2\/users\/8"}],"replies":[{"embeddable":true,"href":"https:\/\/tinychat.com\/es\/wp-json\/wp\/v2\/comments?post=12732"}],"version-history":[{"count":2,"href":"https:\/\/tinychat.com\/es\/wp-json\/wp\/v2\/pages\/12732\/revisions"}],"predecessor-version":[{"id":13335,"href":"https:\/\/tinychat.com\/es\/wp-json\/wp\/v2\/pages\/12732\/revisions\/13335"}],"wp:attachment":[{"href":"https:\/\/tinychat.com\/es\/wp-json\/wp\/v2\/media?parent=12732"}],"curies":[{"name":"wp","href":"https:\/\/api.w.org\/{rel}","templated":true}]}}