{"id":12812,"date":"2025-07-21T11:45:21","date_gmt":"2025-07-21T09:45:21","guid":{"rendered":"https:\/\/tinychat.com\/?page_id=12812"},"modified":"2025-07-21T12:55:21","modified_gmt":"2025-07-21T10:55:21","slug":"chatmatch","status":"publish","type":"page","link":"https:\/\/tinychat.com\/es\/chatmatch\/","title":{"rendered":"ChatMatch"},"content":{"rendered":"<p>En un panorama digital repleto de aplicaciones sociales, plataformas de citas y sitios de videochat, ChatMatch est\u00e1 emergiendo r\u00e1pidamente como una alternativa de confianza para cualquiera que busque conversaciones en l\u00ednea significativas, espont\u00e1neas y seguras. Tanto si quieres hacer nuevos amigos, practicar un idioma, ligar o simplemente romper con la monoton\u00eda de tu d\u00eda a d\u00eda, ChatMatch ofrece una experiencia de chat aleatoria de \u00faltima generaci\u00f3n, que re\u00fane lo mejor de Omegle, Chatroulette y las plataformas de chat m\u00e1s recientes, todo ello con un toque moderno.<\/p>\n<p>ChatMatch es m\u00e1s que otro sitio web de chat \"ruleta\". Es una comunidad global dise\u00f1ada para conversaciones de v\u00eddeo o texto instant\u00e1neas y an\u00f3nimas, filtros inteligentes y s\u00f3lidas funciones de seguridad. ChatMatch no requiere descargas, permite emparejamientos r\u00e1pidos y su dise\u00f1o da prioridad a la privacidad. Est\u00e1 aqu\u00ed para ayudarte a descubrir un mundo de conexiones en tiempo real, clic a clic.<\/p>\n<p>Esta gu\u00eda cubre todo lo que necesitas saber sobre ChatMatch: c\u00f3mo funciona, caracter\u00edsticas clave, experiencia de usuario, seguridad, comparaciones con las principales alternativas, resoluci\u00f3n de problemas y consejos profesionales para ayudarte a sacar el m\u00e1ximo partido de cada chat.<\/p>\n<h2>\u00bfQu\u00e9 es ChatMatch?<\/h2>\n<p>ChatMatch es una plataforma de chat aleatorio de v\u00eddeo y texto que te permite conectar instant\u00e1neamente con desconocidos de todo el mundo. Al igual que las aplicaciones cl\u00e1sicas de ruleta de chat, no es necesario registrarse: basta con abrir el sitio, dar acceso a la c\u00e1mara o al micr\u00f3fono (para v\u00eddeo) y en cuesti\u00f3n de segundos se te emparejar\u00e1 con alguien nuevo.<\/p>\n<p>Lo que diferencia a ChatMatch es su enfoque en la seguridad y el emparejamiento inteligente. Con filtros inteligentes, moderaci\u00f3n en directo y una interfaz elegante y f\u00e1cil de usar desde el m\u00f3vil, ChatMatch combina la espontaneidad con la comodidad, permiti\u00e9ndote conocer a gente de todo el mundo o m\u00e1s cerca de casa, siempre seg\u00fan tus condiciones.<\/p>\n<p>Tanto si quieres conocer a un nuevo amigo, disfrutar de un chat divertido, encontrar un compa\u00f1ero de idiomas o incluso tropezar con un romance, ChatMatch te ofrece un espacio sencillo, seguro y orientado al usuario para hacerlo realidad.<\/p>\n<h2>Caracter\u00edsticas principales de ChatMatch<\/h2>\n<p>ChatMatch est\u00e1 repleto de funciones dise\u00f1adas para un chat en l\u00ednea r\u00e1pido, seguro y agradable. Esto es lo que lo hace destacar:<\/p>\n<h3>1. Chat de v\u00eddeo o texto con un solo clic<\/h3>\n<p>No es necesario registrarse: basta con visitar ChatMatch, seleccionar un v\u00eddeo o un mensaje de texto y se te emparejar\u00e1 al instante con un desconocido al azar. La plataforma funciona en todos los dispositivos (ordenador, tableta, m\u00f3vil), con un dise\u00f1o adaptable y velocidades de conexi\u00f3n r\u00e1pidas.<\/p>\n<h3>2. Filtros inteligentes (sexo, regi\u00f3n, idioma)<\/h3>\n<p>\u00bfQuieres m\u00e1s control? ChatMatch te permite filtrar las coincidencias por sexo, pa\u00eds e idioma (algunas funciones pueden requerir una actualizaci\u00f3n premium). Esto es perfecto para aquellos que quieren:<\/p>\n<ul>\n<li>Practicar un nuevo idioma<\/li>\n<li>Conocer gente de una regi\u00f3n o cultura espec\u00edfica<\/li>\n<li>Chatea s\u00f3lo con hombres, mujeres o usuarios no binarios<\/li>\n<\/ul>\n<h3>3. An\u00f3nimo y privado<\/h3>\n<p>Tu privacidad es primordial. En ChatMatch no es necesario crear una cuenta, subir una foto de perfil ni compartir datos personales. Todas las conversaciones son privadas y no se graban, lo que te da un control total sobre lo que revelas.<\/p>\n<h3>4. Funci\u00f3n \"Siguiente\" r\u00e1pida<\/h3>\n<p>\u00bfNo te apetece la conversaci\u00f3n? Solo tienes que pulsar \"Siguiente\" para emparejarte al instante con alguien nuevo, sin esperas ni complicaciones.<\/p>\n<h3>5. Dise\u00f1o moderno y orientado al m\u00f3vil<\/h3>\n<p>ChatMatch est\u00e1 dise\u00f1ado para su uso en cualquier dispositivo: funciona perfectamente tanto en navegadores de escritorio como en tel\u00e9fonos inteligentes y tabletas, con una interfaz adaptable que mantiene el chat de v\u00eddeo y texto sin problemas en todos los tama\u00f1os de pantalla.<\/p>\n<h3>6. Traducci\u00f3n en el chat<\/h3>\n<p>\u00a1Rompe las barreras ling\u00fc\u00edsticas! ChatMatch ofrece herramientas de traducci\u00f3n en tiempo real para que puedas hablar con usuarios de cualquier pa\u00eds, independientemente de tus conocimientos ling\u00fc\u00edsticos.<\/p>\n<h3>7. Comunidad segura y moderaci\u00f3n<\/h3>\n<p>ChatMatch utiliza una combinaci\u00f3n de:<\/p>\n<ul>\n<li>Moderaci\u00f3n automatizada por IA para filtrar la desnudez y los abusos<\/li>\n<li>Moderadores humanos en directo disponibles 24\/7<\/li>\n<li>Funciones de denuncia y bloqueo de usuarios para abordar con rapidez los comportamientos inadecuados<\/li>\n<\/ul>\n<h3>8. Intercambio de textos e im\u00e1genes (moderado)<\/h3>\n<p>Adem\u00e1s de v\u00eddeo y texto en directo, ChatMatch permite compartir im\u00e1genes de forma segura (sujeto a moderaci\u00f3n), lo que hace que las conversaciones sean m\u00e1s atractivas, sin sacrificar la seguridad.<\/p>\n<h3>9. Sistema opcional de cuentas<\/h3>\n<p>\u00bfPrefieres guardar tus contactos favoritos, acceder a filtros avanzados o crear una lista de amigos? Puedes registrarte opcionalmente (con informaci\u00f3n m\u00ednima) para obtener funciones adicionales, pero nunca es obligatorio.<\/p>\n<h2>C\u00f3mo utilizar ChatMatch<\/h2>\n<p>Empezar a utilizar ChatMatch es f\u00e1cil y r\u00e1pido: aqu\u00ed tienes una gu\u00eda paso a paso:<\/p>\n<h3>Paso 1: Visite el sitio web de ChatMatch<\/h3>\n<p>Abra su navegador y vaya a chatmatch.com o al dominio ChatMatch de su regi\u00f3n.<\/p>\n<h3>Paso 2: Elegir chat de v\u00eddeo o de texto<\/h3>\n<p>Selecciona el modo que prefieras:<\/p>\n<ul>\n<li>Videochat: Activa tu c\u00e1mara\/micr\u00f3fono cuando se te solicite.<\/li>\n<li>Chat de texto: No necesitas c\u00e1mara: escribe y chatea.<\/li>\n<\/ul>\n<h3>Paso 3: Establecer filtros (opcional)<\/h3>\n<p>Filtra tus coincidencias por sexo, pa\u00eds o idioma para una experiencia m\u00e1s personalizada. Algunos filtros avanzados pueden requerir la creaci\u00f3n de una cuenta o un peque\u00f1o pago.<\/p>\n<h3>Paso 4: Haz clic en \"Iniciar\" o \"Conectar\".<\/h3>\n<p>Te emparejar\u00e1s al instante con un desconocido. Saluda y empieza a conversar.<\/p>\n<h3>Paso 5: Utilice \"Siguiente\" para saltar<\/h3>\n<p>\u00bfNo coincide? Haz clic en \"Siguiente\" para buscar un nuevo compa\u00f1ero de chat. Puedes hacerlo tantas veces como quieras.<\/p>\n<h3>Paso 6: Utilizar la traducci\u00f3n, compartir im\u00e1genes o guardar amigos (opcional)<\/h3>\n<p>Prueba la traducci\u00f3n en directo, env\u00eda im\u00e1genes seguras o guarda usuarios como amigos si has registrado una cuenta.<\/p>\n<h3>Paso 7: Denunciar o bloquear (si es necesario)<\/h3>\n<p>\u00bfVes un comportamiento inapropiado? Utiliza el bot\u00f3n de denunciar\/bloquear: los moderadores siempre est\u00e1n dispuestos a ayudar.<\/p>\n<h2>Experiencia de usuario en ChatMatch<\/h2>\n<p>ChatMatch est\u00e1 dise\u00f1ado para ser r\u00e1pido, seguro y sorprendente. Esto es lo que aprecian los usuarios:<\/p>\n<h3>Lo que les gusta a los usuarios<\/h3>\n<ul>\n<li>Sin registro, chat instant\u00e1neo: La forma m\u00e1s r\u00e1pida de conocer a alguien nuevo<\/li>\n<li>Dise\u00f1o moderno: Sin desorden, anuncios ni retrasos: s\u00f3lo conversaci\u00f3n.<\/li>\n<li>Base mundial de usuarios: Conoce a gente de todos los continentes, 24 horas al d\u00eda, 7 d\u00edas a la semana.<\/li>\n<li>Posibilidad de chatear por v\u00eddeo o texto<\/li>\n<li>Filtros inteligentes y traducci\u00f3n en directo<\/li>\n<li>Anonimato: Sin necesidad de perfil, sin seguimiento, todo privado<\/li>\n<li>Adaptable a m\u00f3viles: Perfecto para chatear sobre la marcha<\/li>\n<\/ul>\n<h3>Lo que desean los usuarios<\/h3>\n<ul>\n<li>Algunos filtros y opciones premium requieren pago (normal en sitios de chat avanzados)<\/li>\n<li>A\u00fan no hay salas para grupos o temas (en futuras actualizaciones)<\/li>\n<li>Como en todas las plataformas de chat aleatorias, de vez en cuando aparecen trolls (r\u00e1pidamente expulsados por la moderaci\u00f3n)<\/li>\n<li>Adictivo: puedes pasarte horas chateando sin darte cuenta.<\/li>\n<\/ul>\n<h3>Opiniones reales de usuarios<\/h3>\n<blockquote><p>\"Mucho m\u00e1s seguro y fluido que el antiguo Omegle. Me gusta no tener que registrarme y la herramienta de traducci\u00f3n es genial\".<br \/>\n- <em>Jessica L., Trustpilot<\/em><\/p><\/blockquote>\n<blockquote><p>\"Me encanta la interfaz m\u00f3vil, es genial para conocer gente de otros pa\u00edses cuando estoy aburrido\".<br \/>\n- <em>Andre M., Google Play<\/em><\/p><\/blockquote>\n<blockquote><p>\"Lo utilizo para intercambiar idiomas. Los filtros de pa\u00edses e idiomas funcionan muy bien\".<br \/>\n- <em>Mei S., App Store<\/em><\/p><\/blockquote>\n<h2>ChatMatch frente a otras plataformas de videochat aleatorio<\/h2>\n<p>\u00bfC\u00f3mo se compara ChatMatch con los principales sitios de videochat de la actualidad?<\/p>\n<table>\n<thead>\n<tr>\n<th>Caracter\u00edstica<\/th>\n<th>ChatMatch<\/th>\n<th>Omegle<\/th>\n<th>Omegla<\/th>\n<th>Chatroulette<\/th>\n<th>Chatrandom<\/th>\n<th>Funyo<\/th>\n<th>HOLLA<\/th>\n<th>LivU<\/th>\n<\/tr>\n<\/thead>\n<tbody>\n<tr>\n<td>No es necesario inscribirse<\/td>\n<td>\u2705 S\u00ed<\/td>\n<td>\u2705 S\u00ed<\/td>\n<td>\u2705 S\u00ed<\/td>\n<td>\u2705 S\u00ed<\/td>\n<td>\u2705 S\u00ed<\/td>\n<td>\u2705 S\u00ed<\/td>\n<td>\u2705 S\u00ed<\/td>\n<td>\u2705 S\u00ed<\/td>\n<\/tr>\n<tr>\n<td>Chat de v\u00eddeo y texto<\/td>\n<td>\u2705 Ambos<\/td>\n<td>\u2705 Ambos<\/td>\n<td>\u2705 Ambos<\/td>\n<td>\u2705 Ambos<\/td>\n<td>\u2705 Ambos<\/td>\n<td>\u2705 Ambos<\/td>\n<td>\u2705 Ambos<\/td>\n<td>\u2705 Ambos<\/td>\n<\/tr>\n<tr>\n<td>Filtro sexo\/pa\u00eds<\/td>\n<td>\u2705 S\u00ed*<\/td>\n<td>\u26a0\ufe0f Limitada<\/td>\n<td>\u2705 S\u00ed*<\/td>\n<td>\u2705 S\u00ed<\/td>\n<td>\u2705 S\u00ed<\/td>\n<td>\u2705 S\u00ed<\/td>\n<td>\u2705 S\u00ed<\/td>\n<td>\u2705 S\u00ed<\/td>\n<\/tr>\n<tr>\n<td>Optimizado para m\u00f3viles<\/td>\n<td>\u2705 S\u00ed<\/td>\n<td>\u26a0\ufe0f Mixto<\/td>\n<td>\u2705 S\u00ed<\/td>\n<td>\u2705 S\u00ed<\/td>\n<td>\u2705 S\u00ed<\/td>\n<td>\u2705 S\u00ed<\/td>\n<td>\u2705 S\u00ed<\/td>\n<td>\u2705 S\u00ed<\/td>\n<\/tr>\n<tr>\n<td>Moderaci\u00f3n en directo\/Seguridad<\/td>\n<td>\u2705 Fuerte<\/td>\n<td>\u26a0\ufe0f Limitada<\/td>\n<td>\u2705 Fuerte<\/td>\n<td>\u26a0\ufe0f Limitada<\/td>\n<td>\u2705 S\u00ed<\/td>\n<td>\u2705 S\u00ed<\/td>\n<td>\u2705 Fuerte<\/td>\n<td>\u2705 Fuerte<\/td>\n<\/tr>\n<tr>\n<td>Traducci\u00f3n por chat<\/td>\n<td>\u2705 S\u00ed<\/td>\n<td>\u274c No<\/td>\n<td>\ud83d\udd52 Pronto<\/td>\n<td>\u274c No<\/td>\n<td>\u274c No<\/td>\n<td>\u274c No<\/td>\n<td>\u2705 S\u00ed<\/td>\n<td>\u2705 S\u00ed<\/td>\n<\/tr>\n<tr>\n<td>Cuentas opcionales<\/td>\n<td>\u2705 S\u00ed<\/td>\n<td>\u274c No<\/td>\n<td>\u274c No<\/td>\n<td>\u274c No<\/td>\n<td>\u2705 S\u00ed<\/td>\n<td>\u2705 S\u00ed<\/td>\n<td>\u2705 S\u00ed<\/td>\n<td>\u2705 S\u00ed<\/td>\n<\/tr>\n<tr>\n<td>Compartir im\u00e1genes<\/td>\n<td>\u2705 S\u00ed<\/td>\n<td>\u274c No<\/td>\n<td>\u274c No<\/td>\n<td>\u274c No<\/td>\n<td>\u2705 S\u00ed<\/td>\n<td>\u274c No<\/td>\n<td>\u2705 S\u00ed<\/td>\n<td>\u2705 S\u00ed<\/td>\n<\/tr>\n<\/tbody>\n<\/table>\n<p>*Algunos filtros avanzados o traducciones pueden requerir un plan de pago.<\/p>\n<p>Resumen: ChatMatch destaca por su experiencia de chat instant\u00e1nea, an\u00f3nima y altamente personalizable, con excelentes herramientas de moderaci\u00f3n y traducci\u00f3n para un verdadero alcance global.<\/p>\n<h2>\u00bfEs seguro ChatMatch?<\/h2>\n<p>ChatMatch sit\u00faa la seguridad de los usuarios en el centro de su plataforma:<\/p>\n<ul>\n<li>Moderaci\u00f3n basada en inteligencia artificial: Busca desnudos, spam o comportamientos abusivos en tiempo real.<\/li>\n<li>Moderadores humanos en directo: Revisan y banean r\u00e1pidamente a los usuarios que incumplen las normas.<\/li>\n<li>Botones de denuncia y bloqueo: Siempre visibles en el chat.<\/li>\n<li>No se requieren datos personales: Permanece completamente an\u00f3nimo a menos que decidas compartir m\u00e1s.<\/li>\n<li>Chats privados e individuales: Sin historial p\u00fablico ni de grupo.<\/li>\n<\/ul>\n<h3>Consejos de seguridad para los usuarios de ChatMatch<\/h3>\n<ul>\n<li>Nunca compartas tu nombre real, direcci\u00f3n, n\u00famero de tel\u00e9fono u otra informaci\u00f3n privada.<\/li>\n<li>Denuncia o bloquea a quien te incomode.<\/li>\n<li>Utiliza un apodo y comparte s\u00f3lo los detalles con los que te sientas c\u00f3modo.<\/li>\n<li>Ten cuidado con cualquiera que intente trasladar el chat fuera de la plataforma r\u00e1pidamente.<\/li>\n<li>Recuerda: puedes poner fin a la conversaci\u00f3n y \"Siguiente\" en cualquier momento.<\/li>\n<\/ul>\n<h2>Consejos para disfrutar de ChatMatch<\/h2>\n<ul>\n<li>Empieza con un saludo amistoso: La gente responde mejor a la energ\u00eda positiva.<\/li>\n<li>Prueba varias veces al d\u00eda: La base de usuarios es global; las ma\u00f1anas y las tardes traen nuevos partidos.<\/li>\n<li>Utilice filtros ling\u00fc\u00edsticos: Perfecto para estudiantes de idiomas o expatriados que buscan hablantes nativos.<\/li>\n<li>Enviar im\u00e1genes (si est\u00e1n disponibles): Una forma segura de compartir memes, arte o chistes, sujeta a moderaci\u00f3n.<\/li>\n<li>No dudes en denunciar o bloquear: Ayuda a mantener una comunidad respetuosa para todos.<\/li>\n<li>Util\u00edzalo sobre la marcha: La interfaz m\u00f3vil hace que chatear desde cualquier lugar sea f\u00e1cil y divertido.<\/li>\n<li>Reg\u00edstrate para obtener extras: Si utilizas ChatMatch a menudo, crea una cuenta gratuita para obtener m\u00e1s funciones.<\/li>\n<\/ul>\n<h2>Soluci\u00f3n de problemas comunes de ChatMatch<\/h2>\n<h3>La c\u00e1mara o el micr\u00f3fono no funcionan<\/h3>\n<p>Comprueba los permisos del navegador, cierra otras aplicaciones de la c\u00e1mara, reinicia el navegador e int\u00e9ntalo de nuevo.<\/p>\n<h3>La conexi\u00f3n es lenta o falla<\/h3>\n<p>Utiliza una conexi\u00f3n Wi-Fi potente, cierra las aplicaciones\/pesta\u00f1as en segundo plano y actualiza la p\u00e1gina.<\/p>\n<h3>Los filtros no funcionan<\/h3>\n<p>Algunos filtros requieren una cuenta o un plan de pago. Aseg\u00farate de haber iniciado sesi\u00f3n o actual\u00edzate si es necesario.<\/p>\n<h3>Usuarios abusivos<\/h3>\n<p>Utiliza los botones de denunciar\/bloquear. Los moderadores los revisar\u00e1n y tomar\u00e1n medidas r\u00e1pidamente.<\/p>\n<h3>La traducci\u00f3n no funciona<\/h3>\n<p>Actualice, compruebe su conexi\u00f3n a Internet o p\u00f3ngase en contacto con el servicio de asistencia. Algunas funciones de traducci\u00f3n pueden requerir actualizaci\u00f3n.<\/p>\n<p>Absolutamente, especialmente para cualquiera que busque una alternativa moderna, r\u00e1pida y segura a los cl\u00e1sicos sitios de chat aleatorios. ChatMatch combina la emoci\u00f3n instant\u00e1nea de hablar con desconocidos con las mejores funciones actuales de seguridad, privacidad y personalizaci\u00f3n.<\/p>\n<p>Tanto si buscas amistad, intercambio de idiomas, flirteo o simplemente una conversaci\u00f3n global, ChatMatch lo hace sencillo, an\u00f3nimo y realmente divertido. Sin descargas, sin registros (a menos que quieras), y con una comunidad amigable y creciente al alcance de tu mano.<\/p>\n<p>\u00bfListo para empezar? Visita chatmatch.com, elige v\u00eddeo o texto y conoce a tu pr\u00f3xima gran conexi\u00f3n en cuesti\u00f3n de segundos.<\/p>","protected":false},"excerpt":{"rendered":"<p>In a digital landscape crowded with social apps, dating platforms, and video chat sites, ChatMatch is quickly emerging as a trusted alternative for anyone seeking meaningful, spontaneous, and safe online conversations. Whether you want to make new friends, practice a language, flirt, or just break the monotony of your day, ChatMatch offers a next-generation random [&hellip;]<\/p>\n","protected":false},"author":6,"featured_media":0,"parent":0,"menu_order":0,"comment_status":"closed","ping_status":"closed","template":"","meta":{"footnotes":""},"class_list":["post-12812","page","type-page","status-publish","hentry"],"yoast_head":"<!-- This site is optimized with the Yoast SEO plugin v27.4 - https:\/\/yoast.com\/product\/yoast-seo-wordpress\/ -->\n<title>ChatMatch - Fun Random Video Chat to Meet Girls - TinyChat.com<\/title>\n<meta name=\"description\" content=\"Enjoying ChatMatch? Join over 50,000,000 strangers on TinyChat! Turn on your cam and start meeting new people, or find a match.\" \/>\n<meta name=\"robots\" content=\"index, follow, max-snippet:-1, max-image-preview:large, max-video-preview:-1\" \/>\n<link rel=\"canonical\" href=\"https:\/\/tinychat.com\/es\/chatmatch\/\" \/>\n<meta property=\"og:locale\" content=\"es_ES\" \/>\n<meta property=\"og:type\" content=\"article\" \/>\n<meta property=\"og:title\" content=\"ChatMatch - Fun Random Video Chat to Meet Girls - TinyChat.com\" \/>\n<meta property=\"og:description\" content=\"Enjoying ChatMatch? Join over 50,000,000 strangers on TinyChat! Turn on your cam and start meeting new people, or find a match.\" \/>\n<meta property=\"og:url\" content=\"https:\/\/tinychat.com\/es\/chatmatch\/\" \/>\n<meta property=\"og:site_name\" content=\"TinyChat\" \/>\n<meta property=\"article:publisher\" content=\"https:\/\/www.facebook.com\/tinychat\" \/>\n<meta property=\"article:modified_time\" content=\"2025-07-21T10:55:21+00:00\" \/>\n<meta property=\"og:image\" content=\"https:\/\/tinychat.com\/wp-content\/uploads\/2020\/04\/Tinychat-logo-1280x284-new-black.png\" \/>\n\t<meta property=\"og:image:width\" content=\"1280\" \/>\n\t<meta property=\"og:image:height\" content=\"284\" \/>\n\t<meta property=\"og:image:type\" content=\"image\/png\" \/>\n<meta name=\"twitter:card\" content=\"summary_large_image\" \/>\n<meta name=\"twitter:site\" content=\"@tinychat\" \/>\n<meta name=\"twitter:label1\" content=\"Tiempo de lectura\" \/>\n\t<meta name=\"twitter:data1\" content=\"7 minutos\" \/>\n<script type=\"application\/ld+json\" class=\"yoast-schema-graph\">{\"@context\":\"https:\\\/\\\/schema.org\",\"@graph\":[{\"@type\":\"WebPage\",\"@id\":\"https:\\\/\\\/tinychat.com\\\/chatmatch\\\/\",\"url\":\"https:\\\/\\\/tinychat.com\\\/chatmatch\\\/\",\"name\":\"ChatMatch - Fun Random Video Chat to Meet Girls - TinyChat.com\",\"isPartOf\":{\"@id\":\"https:\\\/\\\/tinychat.com\\\/#website\"},\"datePublished\":\"2025-07-21T09:45:21+00:00\",\"dateModified\":\"2025-07-21T10:55:21+00:00\",\"description\":\"Enjoying ChatMatch? Join over 50,000,000 strangers on TinyChat! Turn on your cam and start meeting new people, or find a match.\",\"breadcrumb\":{\"@id\":\"https:\\\/\\\/tinychat.com\\\/chatmatch\\\/#breadcrumb\"},\"inLanguage\":\"es\",\"potentialAction\":[{\"@type\":\"ReadAction\",\"target\":[\"https:\\\/\\\/tinychat.com\\\/chatmatch\\\/\"]}]},{\"@type\":\"BreadcrumbList\",\"@id\":\"https:\\\/\\\/tinychat.com\\\/chatmatch\\\/#breadcrumb\",\"itemListElement\":[{\"@type\":\"ListItem\",\"position\":1,\"name\":\"Home\",\"item\":\"https:\\\/\\\/tinychat.com\\\/\"},{\"@type\":\"ListItem\",\"position\":2,\"name\":\"ChatMatch\"}]},{\"@type\":\"WebSite\",\"@id\":\"https:\\\/\\\/tinychat.com\\\/#website\",\"url\":\"https:\\\/\\\/tinychat.com\\\/\",\"name\":\"TinyChat\",\"description\":\"Random Video Chat with Strangers\",\"publisher\":{\"@id\":\"https:\\\/\\\/tinychat.com\\\/#organization\"},\"alternateName\":\"TinyChat.com\",\"potentialAction\":[{\"@type\":\"SearchAction\",\"target\":{\"@type\":\"EntryPoint\",\"urlTemplate\":\"https:\\\/\\\/tinychat.com\\\/?s={search_term_string}\"},\"query-input\":{\"@type\":\"PropertyValueSpecification\",\"valueRequired\":true,\"valueName\":\"search_term_string\"}}],\"inLanguage\":\"es\"},{\"@type\":\"Organization\",\"@id\":\"https:\\\/\\\/tinychat.com\\\/#organization\",\"name\":\"TinyChat\",\"alternateName\":\"TinyChat.com\",\"url\":\"https:\\\/\\\/tinychat.com\\\/\",\"logo\":{\"@type\":\"ImageObject\",\"inLanguage\":\"es\",\"@id\":\"https:\\\/\\\/tinychat.com\\\/#\\\/schema\\\/logo\\\/image\\\/\",\"url\":\"https:\\\/\\\/tinychat.com\\\/wp-content\\\/uploads\\\/2023\\\/11\\\/Tinychat-icon-square.png\",\"contentUrl\":\"https:\\\/\\\/tinychat.com\\\/wp-content\\\/uploads\\\/2023\\\/11\\\/Tinychat-icon-square.png\",\"width\":284,\"height\":284,\"caption\":\"TinyChat\"},\"image\":{\"@id\":\"https:\\\/\\\/tinychat.com\\\/#\\\/schema\\\/logo\\\/image\\\/\"},\"sameAs\":[\"https:\\\/\\\/www.facebook.com\\\/tinychat\",\"https:\\\/\\\/x.com\\\/tinychat\"]}]}<\/script>\n<!-- \/ Yoast SEO plugin. -->","yoast_head_json":{"title":"ChatMatch - Diversi\u00f3n Video Chat al azar para conocer chicas - TinyChat.com","description":"\u00bfTe gusta ChatMatch? \u00a1\u00danete a m\u00e1s de 50.000.000 de desconocidos en TinyChat! Enciende tu c\u00e1mara y empieza a conocer gente nueva, o encuentra una pareja.","robots":{"index":"index","follow":"follow","max-snippet":"max-snippet:-1","max-image-preview":"max-image-preview:large","max-video-preview":"max-video-preview:-1"},"canonical":"https:\/\/tinychat.com\/es\/chatmatch\/","og_locale":"es_ES","og_type":"article","og_title":"ChatMatch - Fun Random Video Chat to Meet Girls - TinyChat.com","og_description":"Enjoying ChatMatch? Join over 50,000,000 strangers on TinyChat! Turn on your cam and start meeting new people, or find a match.","og_url":"https:\/\/tinychat.com\/es\/chatmatch\/","og_site_name":"TinyChat","article_publisher":"https:\/\/www.facebook.com\/tinychat","article_modified_time":"2025-07-21T10:55:21+00:00","og_image":[{"width":1280,"height":284,"url":"https:\/\/tinychat.com\/wp-content\/uploads\/2020\/04\/Tinychat-logo-1280x284-new-black.png","type":"image\/png"}],"twitter_card":"summary_large_image","twitter_site":"@tinychat","twitter_misc":{"Tiempo de lectura":"7 minutos"},"schema":{"@context":"https:\/\/schema.org","@graph":[{"@type":"WebPage","@id":"https:\/\/tinychat.com\/chatmatch\/","url":"https:\/\/tinychat.com\/chatmatch\/","name":"ChatMatch - Diversi\u00f3n Video Chat al azar para conocer chicas - TinyChat.com","isPartOf":{"@id":"https:\/\/tinychat.com\/#website"},"datePublished":"2025-07-21T09:45:21+00:00","dateModified":"2025-07-21T10:55:21+00:00","description":"\u00bfTe gusta ChatMatch? \u00a1\u00danete a m\u00e1s de 50.000.000 de desconocidos en TinyChat! Enciende tu c\u00e1mara y empieza a conocer gente nueva, o encuentra una pareja.","breadcrumb":{"@id":"https:\/\/tinychat.com\/chatmatch\/#breadcrumb"},"inLanguage":"es","potentialAction":[{"@type":"ReadAction","target":["https:\/\/tinychat.com\/chatmatch\/"]}]},{"@type":"BreadcrumbList","@id":"https:\/\/tinychat.com\/chatmatch\/#breadcrumb","itemListElement":[{"@type":"ListItem","position":1,"name":"Home","item":"https:\/\/tinychat.com\/"},{"@type":"ListItem","position":2,"name":"ChatMatch"}]},{"@type":"WebSite","@id":"https:\/\/tinychat.com\/#website","url":"https:\/\/tinychat.com\/","name":"TinyChat","description":"Videochat aleatorio con desconocidos","publisher":{"@id":"https:\/\/tinychat.com\/#organization"},"alternateName":"TinyChat.com","potentialAction":[{"@type":"SearchAction","target":{"@type":"EntryPoint","urlTemplate":"https:\/\/tinychat.com\/?s={search_term_string}"},"query-input":{"@type":"PropertyValueSpecification","valueRequired":true,"valueName":"search_term_string"}}],"inLanguage":"es"},{"@type":"Organization","@id":"https:\/\/tinychat.com\/#organization","name":"TinyChat","alternateName":"TinyChat.com","url":"https:\/\/tinychat.com\/","logo":{"@type":"ImageObject","inLanguage":"es","@id":"https:\/\/tinychat.com\/#\/schema\/logo\/image\/","url":"https:\/\/tinychat.com\/wp-content\/uploads\/2023\/11\/Tinychat-icon-square.png","contentUrl":"https:\/\/tinychat.com\/wp-content\/uploads\/2023\/11\/Tinychat-icon-square.png","width":284,"height":284,"caption":"TinyChat"},"image":{"@id":"https:\/\/tinychat.com\/#\/schema\/logo\/image\/"},"sameAs":["https:\/\/www.facebook.com\/tinychat","https:\/\/x.com\/tinychat"]}]}},"_links":{"self":[{"href":"https:\/\/tinychat.com\/es\/wp-json\/wp\/v2\/pages\/12812","targetHints":{"allow":["GET"]}}],"collection":[{"href":"https:\/\/tinychat.com\/es\/wp-json\/wp\/v2\/pages"}],"about":[{"href":"https:\/\/tinychat.com\/es\/wp-json\/wp\/v2\/types\/page"}],"author":[{"embeddable":true,"href":"https:\/\/tinychat.com\/es\/wp-json\/wp\/v2\/users\/6"}],"replies":[{"embeddable":true,"href":"https:\/\/tinychat.com\/es\/wp-json\/wp\/v2\/comments?post=12812"}],"version-history":[{"count":3,"href":"https:\/\/tinychat.com\/es\/wp-json\/wp\/v2\/pages\/12812\/revisions"}],"predecessor-version":[{"id":13344,"href":"https:\/\/tinychat.com\/es\/wp-json\/wp\/v2\/pages\/12812\/revisions\/13344"}],"wp:attachment":[{"href":"https:\/\/tinychat.com\/es\/wp-json\/wp\/v2\/media?parent=12812"}],"curies":[{"name":"wp","href":"https:\/\/api.w.org\/{rel}","templated":true}]}}