{"id":1303,"date":"2025-08-04T13:53:38","date_gmt":"2025-08-04T11:53:38","guid":{"rendered":"https:\/\/tinychat.com\/?page_id=1303"},"modified":"2025-08-04T14:31:26","modified_gmt":"2025-08-04T12:31:26","slug":"monkey-app","status":"publish","type":"page","link":"https:\/\/tinychat.com\/es\/monkey-app\/","title":{"rendered":"Aplicaci\u00f3n Monkey"},"content":{"rendered":"<p>En un mundo en el que las conexiones sociales a menudo se perciben como algo elaborado, pulido o superficial, muchos j\u00f3venes buscan algo m\u00e1s real, sin guiones, espont\u00e1neo y divertido. Monkey App se ha convertido en una de las plataformas de videochat m\u00e1s populares entre la Generaci\u00f3n Z y los adolescentes, conocida por su energ\u00eda extravagante, sus encuentros instant\u00e1neos y su estilo desenfadado. Dise\u00f1ado para el descubrimiento social aut\u00e9ntico, Monkey te permite conocer a extra\u00f1os, hacer amigos y entrar en directo con un solo toque, todo ello sin perder la ligereza y el esp\u00edritu l\u00fadico.<\/p>\n<p>Tanto si buscas relacionarte con gente nueva, matar el aburrimiento, aumentar tu n\u00famero de seguidores o encontrar chats nocturnos con amigos y desconocidos por igual, Monkey ofrece una experiencia \u00fanica que es a la vez nost\u00e1lgica (piensa en Omegle) y totalmente moderna (integrada con TikTok, Snapchat y la cultura viral).<\/p>\n<p>Esta revisi\u00f3n en profundidad cubre todo sobre Monkey: c\u00f3mo funciona, caracter\u00edsticas destacadas, seguridad y privacidad, la experiencia del usuario, comparaciones con las principales alternativas, soluci\u00f3n de problemas y consejos profesionales para sacar el m\u00e1ximo provecho de cada sesi\u00f3n de Monkey.<\/p>\n<h2>\u00bfQu\u00e9 es Monkey App?<\/h2>\n<p>Monkey es una trepidante plataforma de videochat social -disponible como aplicaci\u00f3n para iOS y Android- dise\u00f1ada para ayudar a los usuarios a hacer nuevos amigos al instante emparej\u00e1ndolos en breves videollamadas aleatorias. Los usuarios tambi\u00e9n pueden enviar mensajes de texto, unirse a chats de grupo y retransmitir en directo.<\/p>\n<p>Lanzado en 2016, Monkey se convirti\u00f3 r\u00e1pidamente en un \u00e9xito viral entre adolescentes y j\u00f3venes de todo el mundo. A menudo se describe como \"Omegle para la generaci\u00f3n Z\", pero con un enfoque m\u00e1s social, interactivo y positivo, adem\u00e1s de una mayor moderaci\u00f3n y funciones de seguridad integradas.<\/p>\n<p>Los valores fundamentales de Monkey son la autenticidad, la espontaneidad y la diversi\u00f3n, lo que la convierte en la aplicaci\u00f3n preferida de millones de personas que quieren conectar con gente real, no con bots, spam o perfiles curados.<\/p>\n<h2>Caracter\u00edsticas principales de Monkey App<\/h2>\n<p>La combinaci\u00f3n \u00fanica de chat de v\u00eddeo, transmisi\u00f3n en directo y redes sociales de Monkey se basa en estas caracter\u00edsticas destacadas:<\/p>\n<h3>1. Videochat aleatorio instant\u00e1neo<\/h3>\n<ul>\n<li>Deslizar y emparejar: Empar\u00e9jate con gente de todo el mundo en cuesti\u00f3n de segundos.<\/li>\n<li>Videollamadas breves: La mayor\u00eda de los chats empiezan con 15 segundos; si te apetece, puedes a\u00f1adir m\u00e1s tiempo o conectarte m\u00e1s tiempo.<\/li>\n<li>Cara a cara y real: Cada partido es un videochat en directo y sin filtros: sin fotos, sin filtros, sin perfiles.<\/li>\n<\/ul>\n<h3>2. En directo y Livestream<\/h3>\n<ul>\n<li>Presenta programas en directo: Retransmite, comparte tu talento o simplemente pasa el rato ante un p\u00fablico en directo.<\/li>\n<li>Mira y \u00fanete a las retransmisiones: Entra en las retransmisiones de moda, chatea con los anfitriones, env\u00eda reacciones y haz nuevos amigos en tiempo real.<\/li>\n<\/ul>\n<h3>3. Descubrimiento social y amigos<\/h3>\n<ul>\n<li>A\u00f1adir amigos: Si conectas con alguien, puedes a\u00f1adirlo como amigo para futuros chats.<\/li>\n<li>Perfiles e intereses: Los perfiles b\u00e1sicos te ayudan a ponerte en contacto con personas que comparten tus mismas vibraciones e intereses.<\/li>\n<li>Usuarios y salas de moda: Descubre creadores populares, salas de grupo y personalidades virales.<\/li>\n<\/ul>\n<h3>4. Texto y chat de grupo<\/h3>\n<ul>\n<li>Mensajer\u00eda directa: DM amigos que has conocido en el chat de v\u00eddeo.<\/li>\n<li>Chat de grupo: Inicia o \u00fanete a chats de grupo p\u00fablicos para debatir sobre la comunidad, memes o hangouts tem\u00e1ticos.<\/li>\n<\/ul>\n<h3>5. Integraci\u00f3n de las redes sociales<\/h3>\n<ul>\n<li>TikTok, Snapchat y m\u00e1s: Comparte tus cuentas, con\u00e9ctate a otras plataformas y consigue seguidores en varias aplicaciones.<\/li>\n<li>Comparte momentos: Publica lo m\u00e1s destacado de tus chats, vidas o momentos en el feed de Monkey o exp\u00f3rtalo a otras redes sociales.<\/li>\n<\/ul>\n<h3>6. Moderaci\u00f3n y seguridad de los usuarios<\/h3>\n<ul>\n<li>Moderaci\u00f3n en directo: La IA y los moderadores humanos revisan los chats y los flujos para garantizar la seguridad.<\/li>\n<li>Denunciar\/Bloquear: Denuncia o bloquea al instante a usuarios por comportamiento inadecuado.<\/li>\n<li>Directrices comunitarias: Unas normas claras y un enfoque centrado en los j\u00f3venes mantienen un ambiente positivo.<\/li>\n<\/ul>\n<h3>7. Filtros y personalizaci\u00f3n<\/h3>\n<ul>\n<li>Filtros por sexo y regi\u00f3n: Elige si quieres emparejar con chicos, chicas o todos los sexos; filtra por pa\u00eds o estado.<\/li>\n<li>A\u00f1ade intereses: Establece tus temas favoritos (m\u00fasica, memes, juegos, etc.) para un emparejamiento m\u00e1s inteligente.<\/li>\n<li>Pegatinas, efectos y mucho m\u00e1s: Personaliza tu c\u00e1mara con efectos y pegatinas.<\/li>\n<\/ul>\n<h3>8. Dise\u00f1o Mobile-First<\/h3>\n<ul>\n<li>Basada en aplicaciones: Disponible para iPhone y Android con una interfaz limpia y f\u00e1cil de usar.<\/li>\n<li>Notificaciones Push: Mantente conectado con tus amigos y streamers favoritos.<\/li>\n<\/ul>\n<h2>C\u00f3mo utilizar Monkey App<\/h2>\n<p>Monkey se basa en la sencillez y la espontaneidad. Aqu\u00ed te explicamos c\u00f3mo sumergirte:<\/p>\n<h3>Paso 1: Descargar e instalar la aplicaci\u00f3n<\/h3>\n<ul>\n<li>Consigue Monkey gratis en App Store o Google Play.<\/li>\n<\/ul>\n<h3>Paso 2: Reg\u00edstrese y cree su perfil<\/h3>\n<ul>\n<li>Reg\u00edstrate r\u00e1pidamente con tu n\u00famero de tel\u00e9fono, correo electr\u00f3nico o perfil social.<\/li>\n<li>A\u00f1ade una foto de perfil e intereses para una mejor coincidencia.<\/li>\n<li>Establezca sus filtros (edad, sexo, regi\u00f3n, etc.).<\/li>\n<\/ul>\n<h3>Paso 3: Iniciar una videoconferencia<\/h3>\n<ul>\n<li>Pulsa \"Empezar\" para emparejarte al instante con un usuario al azar.<\/li>\n<li>Cada chat comienza con un temporizador: si ambos est\u00e1n de acuerdo, pueden prolongarlo o a\u00f1adirse como amigos.<\/li>\n<\/ul>\n<h3>Paso 4: Entrar en directo o unirse a programas en directo<\/h3>\n<ul>\n<li>Pulsa \"En directo\" para empezar a retransmitir, o navega por las tendencias\/feeds en directo para unirte como espectador.<\/li>\n<li>Interact\u00faa, comenta y env\u00eda reacciones durante las retransmisiones.<\/li>\n<\/ul>\n<h3>Paso 5: Hacer amigos y charlar<\/h3>\n<ul>\n<li>A\u00f1ade gente interesante a tu lista de amigos e inicia chats directos o en grupo en cualquier momento.<\/li>\n<li>Comparte tus redes sociales para conectar m\u00e1s all\u00e1 de Monkey si vibras.<\/li>\n<\/ul>\n<h3>Paso 6: Mod\u00e9rese y mant\u00e9ngase seguro<\/h3>\n<ul>\n<li>Utiliza los botones de denunciar\/bloquear cualquier comportamiento inadecuado.<\/li>\n<li>Revise y establezca controles de privacidad para DMs, streams y solicitudes de amistad.<\/li>\n<\/ul>\n<h2>Experiencia de usuario en Monkey App<\/h2>\n<p>Monkey est\u00e1 pensado para la generaci\u00f3n Z y los nativos digitales: casual, r\u00e1pido, m\u00f3vil y divertido:<\/p>\n<h3>Lo que les gusta a los usuarios<\/h3>\n<ul>\n<li>Videochat instant\u00e1neo y real: Sin esperas, sin perfiles, sin fingir, s\u00f3lo aut\u00e9nticas conversaciones cara a cara.<\/li>\n<li>Viral, vibraci\u00f3n energ\u00e9tica: Es como TikTok o Snapchat, pero conoces a gente en lugar de ver contenido.<\/li>\n<li>Retransmisi\u00f3n en directo: Cualquiera puede retransmitir en directo, darse a conocer y conseguir seguidores.<\/li>\n<li>Ambiente positivo y moderado: Los trolls son raros, el spam se trata r\u00e1pidamente.<\/li>\n<li>Filtros personalizados: Empar\u00e9jate con personas que compartan tus intereses, formaci\u00f3n o ambiente.<\/li>\n<li>Controles de privacidad: Gestiona f\u00e1cilmente qui\u00e9n puede enviarte mensajes, a\u00f1adirte o verte.<\/li>\n<li>El m\u00f3vil es lo primero: Dise\u00f1ado para funcionar perfectamente en los tel\u00e9fonos: basta con deslizar y tocar.<\/li>\n<\/ul>\n<h3>Donde los usuarios ven margen de mejora<\/h3>\n<ul>\n<li>La duraci\u00f3n del chat puede parecer corta a menos que ambas personas \"vibren\".<\/li>\n<li>Algunas funciones (como los filtros de regi\u00f3n\/g\u00e9nero) pueden requerir monedas o acceso premium.<\/li>\n<li>Usuarios ocasionales menores de edad (denunciados r\u00e1pidamente, pero siempre un riesgo en aplicaciones abiertas).<\/li>\n<li>Con tantos creadores, puede ser dif\u00edcil descubrir las retransmisiones en directo.<\/li>\n<li>S\u00f3lo aplicaci\u00f3n (no hay versi\u00f3n de escritorio).<\/li>\n<\/ul>\n<h3>Opiniones reales de los usuarios<\/h3>\n<blockquote><p>\"Monkey es lo mejor para conocer nuevos amigos o simplemente para hablar con cualquiera. Nunca sabes con qui\u00e9n te vas a encontrar\".<br \/>\n- <em>Jess K., Rese\u00f1a de App Store<\/em><\/p><\/blockquote>\n<blockquote><p>\"Me encanta salir en directo y conseguir seguidores. Es mucho m\u00e1s divertido que Instagram o TikTok para conocer gente real\".<br \/>\n- <em>Marcus R., Google Play<\/em><\/p><\/blockquote>\n<blockquote><p>\"Puedes mantener una conversaci\u00f3n, no s\u00f3lo ver v\u00eddeos. Adem\u00e1s, los trolls son expulsados r\u00e1pidamente\".<br \/>\n- <em>Priya D., Trustpilot<\/em><\/p><\/blockquote>\n<h2>Monkey App frente a otras plataformas de videoconferencia<\/h2>\n<p>\u00bfC\u00f3mo se compara Monkey con la competencia?<\/p>\n<table>\n<thead>\n<tr>\n<th>Caracter\u00edstica<\/th>\n<th>Mono<\/th>\n<th>HOLLA<\/th>\n<th>LivU<\/th>\n<th>OmegleWeb<\/th>\n<th>ChatHub<\/th>\n<th>Bigo en directo<\/th>\n<\/tr>\n<\/thead>\n<tbody>\n<tr>\n<td>Random Video Chat con Desconocidos<\/td>\n<td>\u2705 S\u00ed<\/td>\n<td>\u2705 S\u00ed<\/td>\n<td>\u2705 S\u00ed<\/td>\n<td>\u2705 S\u00ed<\/td>\n<td>\u2705 S\u00ed<\/td>\n<td>\u274c No<\/td>\n<\/tr>\n<tr>\n<td>Retransmisi\u00f3n en directo<\/td>\n<td>\u2705 S\u00ed<\/td>\n<td>\u2705 S\u00ed<\/td>\n<td>\u2705 S\u00ed<\/td>\n<td>\u274c No<\/td>\n<td>\u274c No<\/td>\n<td>\u2705 S\u00ed<\/td>\n<\/tr>\n<tr>\n<td>Chat en grupo<\/td>\n<td>\u2705 S\u00ed<\/td>\n<td>\u2705 S\u00ed<\/td>\n<td>\u2705 S\u00ed<\/td>\n<td>\u274c No<\/td>\n<td>\u2705 S\u00ed<\/td>\n<td>\u2705 S\u00ed<\/td>\n<\/tr>\n<tr>\n<td>Aplicaci\u00f3n m\u00f3vil<\/td>\n<td>\u2705 S\u00ed<\/td>\n<td>\u2705 S\u00ed<\/td>\n<td>\u2705 S\u00ed<\/td>\n<td>\u2705 S\u00ed<\/td>\n<td>\u2705 S\u00ed<\/td>\n<td>\u2705 S\u00ed<\/td>\n<\/tr>\n<tr>\n<td>Filtros\/intereses<\/td>\n<td>\u2705 S\u00ed<\/td>\n<td>\u2705 S\u00ed<\/td>\n<td>\u2705 S\u00ed<\/td>\n<td>\u2705 Limitada<\/td>\n<td>\u2705 S\u00ed<\/td>\n<td>\u2705 S\u00ed<\/td>\n<\/tr>\n<tr>\n<td>Sistema de amigos<\/td>\n<td>\u2705 S\u00ed<\/td>\n<td>\u2705 S\u00ed<\/td>\n<td>\u2705 S\u00ed<\/td>\n<td>\u274c No<\/td>\n<td>\u2705 S\u00ed<\/td>\n<td>\u2705 S\u00ed<\/td>\n<\/tr>\n<tr>\n<td>Alimentaci\u00f3n social<\/td>\n<td>\u2705 S\u00ed<\/td>\n<td>\u2705 S\u00ed<\/td>\n<td>\u2705 S\u00ed<\/td>\n<td>\u274c No<\/td>\n<td>\u274c No<\/td>\n<td>\u2705 S\u00ed<\/td>\n<\/tr>\n<tr>\n<td>Monetizaci\u00f3n<\/td>\n<td>\u2705 S\u00ed<\/td>\n<td>\u274c No<\/td>\n<td>\u2705 S\u00ed<\/td>\n<td>\u274c No<\/td>\n<td>\u274c No<\/td>\n<td>\u2705 S\u00ed<\/td>\n<\/tr>\n<tr>\n<td>Controles de privacidad<\/td>\n<td>\u2705 S\u00ed<\/td>\n<td>\u2705 S\u00ed<\/td>\n<td>\u2705 S\u00ed<\/td>\n<td>\u2705 B\u00e1sico<\/td>\n<td>\u2705 S\u00ed<\/td>\n<td>\u2705 S\u00ed<\/td>\n<\/tr>\n<\/tbody>\n<\/table>\n<p>Resumen: Monkey es lo mejor para los usuarios que quieren tanto videochat aleatorio como streaming social en directo, con un dise\u00f1o moderno, moderaci\u00f3n activa y caracter\u00edsticas adaptadas a los j\u00f3venes.<\/p>\n<h2>\u00bfEs segura Monkey App?<\/h2>\n<p>Monkey ha hecho de la seguridad una prioridad absoluta, con:<\/p>\n<ul>\n<li>Moderaci\u00f3n 24\/7: La IA y el personal real controlan las infracciones.<\/li>\n<li>Verificaci\u00f3n de edad: Se intenta al registrarse, pero siempre hay que ser precavido.<\/li>\n<li>Informe\/bloqueo sencillo: Las herramientas est\u00e1n en primer plano.<\/li>\n<li>Controles de privacidad: Controla qui\u00e9n puede enviar mensajes, a\u00f1adir o ver tu perfil.<\/li>\n<li>No hay registros de chat persistentes: Los chats son temporales a menos que a\u00f1adas a alguien como amigo.<\/li>\n<li>Directrices comunitarias claras: Actualizadas peri\u00f3dicamente para reflejar la evoluci\u00f3n de las tendencias y los riesgos.<\/li>\n<\/ul>\n<h3>Consejos de seguridad<\/h3>\n<ul>\n<li>Nunca compartas datos personales con desconocidos (nombre completo, direcci\u00f3n, tel\u00e9fono, etc.).<\/li>\n<li>Utiliza la funci\u00f3n \"denunciar\" en caso de contenidos o usuarios inapropiados.<\/li>\n<li>No aceptes contactos fuera de la aplicaci\u00f3n hasta que est\u00e9s seguro de que conf\u00edas en esa persona.<\/li>\n<li>Comparte tus redes sociales s\u00f3lo si te sientes c\u00f3modo.<\/li>\n<li>Para los padres: Revisar la configuraci\u00f3n de seguridad, discutir los riesgos en l\u00ednea y supervisar el uso de aplicaciones para los adolescentes m\u00e1s j\u00f3venes.<\/li>\n<\/ul>\n<h2>Consejos para sacar el m\u00e1ximo partido al mono<\/h2>\n<ul>\n<li>Mu\u00e9strate abierto y amable: La mayor\u00eda de las grandes charlas empiezan con buena energ\u00eda.<\/li>\n<li>Act\u00faa r\u00e1pido en las charlas cortas: Haz que tu primera impresi\u00f3n cuente; si vibras, alarga el tiempo.<\/li>\n<li>Utiliza filtros: Conecta con gente de tu zona o que comparta tus intereses.<\/li>\n<li>Sal en directo: Consigue seguidores, expr\u00e9sate y conoce gente r\u00e1pidamente.<\/li>\n<li>Informa\/bloquea cuando sea necesario: Ayuda a mantener a Monkey positivo y seguro.<\/li>\n<li>Mantente actualizado: Utiliza la \u00faltima versi\u00f3n de la aplicaci\u00f3n para disfrutar de las mejores funciones y seguridad.<\/li>\n<li>Comparte tu mango: Haz crecer tu red en todas las plataformas, pero s\u00f3lo cuando est\u00e9s preparado.<\/li>\n<\/ul>\n<h2>Soluci\u00f3n de problemas comunes de Monkey App<\/h2>\n<h3>No se puede iniciar el chat de v\u00eddeo<\/h3>\n<p>Aseg\u00farate de haber concedido los permisos de c\u00e1mara\/micr\u00f3fono; actualiza la aplicaci\u00f3n si es necesario.<\/p>\n<h3>Mala conexi\u00f3n<\/h3>\n<p>Utiliza una red Wi-Fi potente; cierra las aplicaciones en segundo plano; prueba a alternar entre Wi-Fi y datos.<\/p>\n<h3>Spam o usuarios inapropiados<\/h3>\n<p>Denunciar o bloquear al instante-Los moderadores de Monkey act\u00faan con rapidez.<\/p>\n<h3>La aplicaci\u00f3n se bloquea o se congela<\/h3>\n<p>Reinicia el tel\u00e9fono, borra la cach\u00e9 y aseg\u00farate de que la aplicaci\u00f3n est\u00e1 actualizada.<\/p>\n<h3>No puedo a\u00f1adir amigos<\/h3>\n<p>Ambos usuarios deben estar de acuerdo: intenta conectarte de nuevo o comprueba si tu lista de amigos est\u00e1 llena.<\/p>\n<p>Por supuesto, especialmente para la Generaci\u00f3n Z, los adultos j\u00f3venes y cualquiera que busque conexiones sociales reales, aleatorias y en directo. Monkey lleva la magia del videochat sin gui\u00f3n a tu bolsillo, combinando lo mejor de la cultura viral, la energ\u00eda al estilo TikTok y la retransmisi\u00f3n en directo con una s\u00f3lida moderaci\u00f3n y privacidad.<\/p>\n<p>Si quieres conocer a desconocidos, entrar en directo, conseguir seguidores o simplemente re\u00edrte y matar el tiempo, Monkey es tu billete a la comunidad de videochat m\u00e1s animada, r\u00e1pida y aut\u00e9ntica del mundo.<\/p>\n<p>\u00bfListo para chatear y salir en directo? Descarga Monkey desde App Store o Google Play, crea tu perfil y sum\u00e9rgete en la aplicaci\u00f3n social m\u00e1s salvaje, amistosa e impredecible del momento.<\/p>","protected":false},"excerpt":{"rendered":"<p>In a world where social connections often feel curated, polished, or superficial, many young people are seeking something more real\u2014unscripted, spontaneous, and fun. Monkey App has emerged as one of the most popular video chat platforms for Gen Z and teens, known for its quirky energy, instant matches, and casual style. Built for authentic social [&hellip;]<\/p>\n","protected":false},"author":6,"featured_media":0,"parent":0,"menu_order":0,"comment_status":"closed","ping_status":"closed","template":"","meta":{"footnotes":""},"class_list":["post-1303","page","type-page","status-publish","hentry"],"yoast_head":"<!-- This site is optimized with the Yoast SEO plugin v27.5 - https:\/\/yoast.com\/product\/yoast-seo-wordpress\/ -->\n<title>Monkey App - Random Video Chat Like Omegle - TinyChat.com<\/title>\n<meta name=\"description\" content=\"Enjoying Monkey App? Join over 50,000,000 strangers on TinyChat! Turn on your cam and start meeting new people, or find a match.\" \/>\n<meta name=\"robots\" content=\"index, follow, max-snippet:-1, max-image-preview:large, max-video-preview:-1\" \/>\n<link rel=\"canonical\" href=\"https:\/\/tinychat.com\/es\/monkey-app\/\" \/>\n<meta property=\"og:locale\" content=\"es_ES\" \/>\n<meta property=\"og:type\" content=\"article\" \/>\n<meta property=\"og:title\" content=\"Monkey App - Random Video Chat Like Omegle - TinyChat.com\" \/>\n<meta property=\"og:description\" content=\"Enjoying Monkey App? Join over 50,000,000 strangers on TinyChat! Turn on your cam and start meeting new people, or find a match.\" \/>\n<meta property=\"og:url\" content=\"https:\/\/tinychat.com\/es\/monkey-app\/\" \/>\n<meta property=\"og:site_name\" content=\"TinyChat\" \/>\n<meta property=\"article:publisher\" content=\"https:\/\/www.facebook.com\/tinychat\" \/>\n<meta property=\"article:modified_time\" content=\"2025-08-04T12:31:26+00:00\" \/>\n<meta property=\"og:image\" content=\"https:\/\/tinychat.com\/wp-content\/uploads\/2020\/04\/Tinychat-logo-1280x284-new-black.png\" \/>\n\t<meta property=\"og:image:width\" content=\"1280\" \/>\n\t<meta property=\"og:image:height\" content=\"284\" \/>\n\t<meta property=\"og:image:type\" content=\"image\/png\" \/>\n<meta name=\"twitter:card\" content=\"summary_large_image\" \/>\n<meta name=\"twitter:site\" content=\"@tinychat\" \/>\n<meta name=\"twitter:label1\" content=\"Tiempo de lectura\" \/>\n\t<meta name=\"twitter:data1\" content=\"7 minutos\" \/>\n<script type=\"application\/ld+json\" class=\"yoast-schema-graph\">{\"@context\":\"https:\\\/\\\/schema.org\",\"@graph\":[{\"@type\":\"WebPage\",\"@id\":\"https:\\\/\\\/tinychat.com\\\/monkey-app\\\/\",\"url\":\"https:\\\/\\\/tinychat.com\\\/monkey-app\\\/\",\"name\":\"Monkey App - Random Video Chat Like Omegle - TinyChat.com\",\"isPartOf\":{\"@id\":\"https:\\\/\\\/tinychat.com\\\/#website\"},\"datePublished\":\"2025-08-04T11:53:38+00:00\",\"dateModified\":\"2025-08-04T12:31:26+00:00\",\"description\":\"Enjoying Monkey App? Join over 50,000,000 strangers on TinyChat! Turn on your cam and start meeting new people, or find a match.\",\"breadcrumb\":{\"@id\":\"https:\\\/\\\/tinychat.com\\\/monkey-app\\\/#breadcrumb\"},\"inLanguage\":\"es\",\"potentialAction\":[{\"@type\":\"ReadAction\",\"target\":[\"https:\\\/\\\/tinychat.com\\\/monkey-app\\\/\"]}]},{\"@type\":\"BreadcrumbList\",\"@id\":\"https:\\\/\\\/tinychat.com\\\/monkey-app\\\/#breadcrumb\",\"itemListElement\":[{\"@type\":\"ListItem\",\"position\":1,\"name\":\"Home\",\"item\":\"https:\\\/\\\/tinychat.com\\\/\"},{\"@type\":\"ListItem\",\"position\":2,\"name\":\"Monkey App\"}]},{\"@type\":\"WebSite\",\"@id\":\"https:\\\/\\\/tinychat.com\\\/#website\",\"url\":\"https:\\\/\\\/tinychat.com\\\/\",\"name\":\"TinyChat\",\"description\":\"Random Video Chat with Strangers\",\"publisher\":{\"@id\":\"https:\\\/\\\/tinychat.com\\\/#organization\"},\"alternateName\":\"TinyChat.com\",\"potentialAction\":[{\"@type\":\"SearchAction\",\"target\":{\"@type\":\"EntryPoint\",\"urlTemplate\":\"https:\\\/\\\/tinychat.com\\\/?s={search_term_string}\"},\"query-input\":{\"@type\":\"PropertyValueSpecification\",\"valueRequired\":true,\"valueName\":\"search_term_string\"}}],\"inLanguage\":\"es\"},{\"@type\":\"Organization\",\"@id\":\"https:\\\/\\\/tinychat.com\\\/#organization\",\"name\":\"TinyChat\",\"alternateName\":\"TinyChat.com\",\"url\":\"https:\\\/\\\/tinychat.com\\\/\",\"logo\":{\"@type\":\"ImageObject\",\"inLanguage\":\"es\",\"@id\":\"https:\\\/\\\/tinychat.com\\\/#\\\/schema\\\/logo\\\/image\\\/\",\"url\":\"https:\\\/\\\/tinychat.com\\\/wp-content\\\/uploads\\\/2023\\\/11\\\/Tinychat-icon-square.png\",\"contentUrl\":\"https:\\\/\\\/tinychat.com\\\/wp-content\\\/uploads\\\/2023\\\/11\\\/Tinychat-icon-square.png\",\"width\":284,\"height\":284,\"caption\":\"TinyChat\"},\"image\":{\"@id\":\"https:\\\/\\\/tinychat.com\\\/#\\\/schema\\\/logo\\\/image\\\/\"},\"sameAs\":[\"https:\\\/\\\/www.facebook.com\\\/tinychat\",\"https:\\\/\\\/x.com\\\/tinychat\"]}]}<\/script>\n<!-- \/ Yoast SEO plugin. -->","yoast_head_json":{"title":"Monkey App - Video Chat aleatorio como Omegle - TinyChat.com","description":"\u00bfTe gusta Monkey App? \u00a1\u00danete a m\u00e1s de 50.000.000 de desconocidos en TinyChat! Enciende tu c\u00e1mara y empieza a conocer gente nueva, o encuentra pareja.","robots":{"index":"index","follow":"follow","max-snippet":"max-snippet:-1","max-image-preview":"max-image-preview:large","max-video-preview":"max-video-preview:-1"},"canonical":"https:\/\/tinychat.com\/es\/monkey-app\/","og_locale":"es_ES","og_type":"article","og_title":"Monkey App - Random Video Chat Like Omegle - TinyChat.com","og_description":"Enjoying Monkey App? Join over 50,000,000 strangers on TinyChat! Turn on your cam and start meeting new people, or find a match.","og_url":"https:\/\/tinychat.com\/es\/monkey-app\/","og_site_name":"TinyChat","article_publisher":"https:\/\/www.facebook.com\/tinychat","article_modified_time":"2025-08-04T12:31:26+00:00","og_image":[{"width":1280,"height":284,"url":"https:\/\/tinychat.com\/wp-content\/uploads\/2020\/04\/Tinychat-logo-1280x284-new-black.png","type":"image\/png"}],"twitter_card":"summary_large_image","twitter_site":"@tinychat","twitter_misc":{"Tiempo de lectura":"7 minutos"},"schema":{"@context":"https:\/\/schema.org","@graph":[{"@type":"WebPage","@id":"https:\/\/tinychat.com\/monkey-app\/","url":"https:\/\/tinychat.com\/monkey-app\/","name":"Monkey App - Video Chat aleatorio como Omegle - TinyChat.com","isPartOf":{"@id":"https:\/\/tinychat.com\/#website"},"datePublished":"2025-08-04T11:53:38+00:00","dateModified":"2025-08-04T12:31:26+00:00","description":"\u00bfTe gusta Monkey App? \u00a1\u00danete a m\u00e1s de 50.000.000 de desconocidos en TinyChat! Enciende tu c\u00e1mara y empieza a conocer gente nueva, o encuentra pareja.","breadcrumb":{"@id":"https:\/\/tinychat.com\/monkey-app\/#breadcrumb"},"inLanguage":"es","potentialAction":[{"@type":"ReadAction","target":["https:\/\/tinychat.com\/monkey-app\/"]}]},{"@type":"BreadcrumbList","@id":"https:\/\/tinychat.com\/monkey-app\/#breadcrumb","itemListElement":[{"@type":"ListItem","position":1,"name":"Home","item":"https:\/\/tinychat.com\/"},{"@type":"ListItem","position":2,"name":"Monkey App"}]},{"@type":"WebSite","@id":"https:\/\/tinychat.com\/#website","url":"https:\/\/tinychat.com\/","name":"TinyChat","description":"Videochat aleatorio con desconocidos","publisher":{"@id":"https:\/\/tinychat.com\/#organization"},"alternateName":"TinyChat.com","potentialAction":[{"@type":"SearchAction","target":{"@type":"EntryPoint","urlTemplate":"https:\/\/tinychat.com\/?s={search_term_string}"},"query-input":{"@type":"PropertyValueSpecification","valueRequired":true,"valueName":"search_term_string"}}],"inLanguage":"es"},{"@type":"Organization","@id":"https:\/\/tinychat.com\/#organization","name":"TinyChat","alternateName":"TinyChat.com","url":"https:\/\/tinychat.com\/","logo":{"@type":"ImageObject","inLanguage":"es","@id":"https:\/\/tinychat.com\/#\/schema\/logo\/image\/","url":"https:\/\/tinychat.com\/wp-content\/uploads\/2023\/11\/Tinychat-icon-square.png","contentUrl":"https:\/\/tinychat.com\/wp-content\/uploads\/2023\/11\/Tinychat-icon-square.png","width":284,"height":284,"caption":"TinyChat"},"image":{"@id":"https:\/\/tinychat.com\/#\/schema\/logo\/image\/"},"sameAs":["https:\/\/www.facebook.com\/tinychat","https:\/\/x.com\/tinychat"]}]}},"_links":{"self":[{"href":"https:\/\/tinychat.com\/es\/wp-json\/wp\/v2\/pages\/1303","targetHints":{"allow":["GET"]}}],"collection":[{"href":"https:\/\/tinychat.com\/es\/wp-json\/wp\/v2\/pages"}],"about":[{"href":"https:\/\/tinychat.com\/es\/wp-json\/wp\/v2\/types\/page"}],"author":[{"embeddable":true,"href":"https:\/\/tinychat.com\/es\/wp-json\/wp\/v2\/users\/6"}],"replies":[{"embeddable":true,"href":"https:\/\/tinychat.com\/es\/wp-json\/wp\/v2\/comments?post=1303"}],"version-history":[{"count":3,"href":"https:\/\/tinychat.com\/es\/wp-json\/wp\/v2\/pages\/1303\/revisions"}],"predecessor-version":[{"id":13403,"href":"https:\/\/tinychat.com\/es\/wp-json\/wp\/v2\/pages\/1303\/revisions\/13403"}],"wp:attachment":[{"href":"https:\/\/tinychat.com\/es\/wp-json\/wp\/v2\/media?parent=1303"}],"curies":[{"name":"wp","href":"https:\/\/api.w.org\/{rel}","templated":true}]}}