{"id":1319,"date":"2025-08-11T08:58:22","date_gmt":"2025-08-11T06:58:22","guid":{"rendered":"https:\/\/tinychat.com\/?page_id=1319"},"modified":"2025-08-11T09:23:00","modified_gmt":"2025-08-11T07:23:00","slug":"camloo","status":"publish","type":"page","link":"https:\/\/tinychat.com\/es\/camloo\/","title":{"rendered":"Camloo"},"content":{"rendered":"<p>En una era en la que la mayor\u00eda de las redes sociales parecen predecibles y basadas en algoritmos, Camloo destaca por revivir la pura espontaneidad de las interacciones en l\u00ednea. Camloo, una moderna plataforma de videochat aleatorio, re\u00fane a desconocidos de todo el mundo para mantener conversaciones cara a cara al instante.<\/p>\n<p>Con un emparejamiento r\u00e1pido, calidad de v\u00eddeo HD y una interfaz f\u00e1cil de usar, Camloo hace posible mantener conversaciones interesantes en cuesti\u00f3n de segundos, tanto si quiere hacer nuevos amigos, ligar, practicar un idioma extranjero o simplemente pasar el rato con desconocidos interesantes.<\/p>\n<p>Esta completa rese\u00f1a cubre todo lo que necesitas saber sobre Camloo, incluyendo sus caracter\u00edsticas, medidas de seguridad y c\u00f3mo se compara con otros populares servicios de videochat.<\/p>\n<h2>\u00bfQu\u00e9 es Camloo?<\/h2>\n<p>Camloo es un sitio web y una aplicaci\u00f3n de videochat aleatorios dise\u00f1ados para conectar a personas de todo el mundo al instante. Al igual que Omegle, Chatroulette y ChatHub, su principal objetivo es la interacci\u00f3n de v\u00eddeo en directo, pero con una interfaz m\u00e1s limpia, mejor estabilidad de streaming y herramientas centradas en la privacidad.<\/p>\n<p>La plataforma elimina la fricci\u00f3n de crear cuentas o navegar por men\u00fas complejos: se puede entablar una conversaci\u00f3n a los pocos segundos de visitar el sitio o abrir la aplicaci\u00f3n. Esta sencillez es un gran atractivo tanto para los usuarios ocasionales como para los habituales.<\/p>\n<h2>Caracter\u00edsticas principales de Camloo<\/h2>\n<p>Camloo es algo m\u00e1s que un portal de chat b\u00e1sico: incluye funciones muy bien pensadas que hacen que las conversaciones sean m\u00e1s agradables y seguras.<\/p>\n<h3>1. Emparejamiento instant\u00e1neo<\/h3>\n<ul>\n<li>Un clic o un toque para conectar con un desconocido.<\/li>\n<li>No se requiere un largo proceso de registro para el uso b\u00e1sico.<\/li>\n<li>R\u00e1pidas velocidades de conexi\u00f3n con un tiempo de espera m\u00ednimo.<\/li>\n<\/ul>\n<h3>2. Filtros de ubicaci\u00f3n y sexo<\/h3>\n<ul>\n<li>Elija emparejarse con personas de un pa\u00eds o regi\u00f3n concretos.<\/li>\n<li>Filtre por sexo para personalizar su experiencia.<\/li>\n<li>Los filtros pueden activarse o desactivarse en funci\u00f3n de tu estado de \u00e1nimo.<\/li>\n<\/ul>\n<h3>3. Opci\u00f3n de chat de texto<\/h3>\n<ul>\n<li>Mensajes de texto integrados junto al v\u00eddeo.<\/li>\n<li>Perfecto para compartir enlaces, chistes o traducciones r\u00e1pidas.<\/li>\n<\/ul>\n<h3>4. Amistad y reconexi\u00f3n<\/h3>\n<ul>\n<li>A\u00f1ade gente interesante a tu lista de amigos.<\/li>\n<li>Vuelve a conectarte m\u00e1s tarde sin depender \u00fanicamente de coincidencias aleatorias.<\/li>\n<\/ul>\n<h3>5. Efectos visuales divertidos<\/h3>\n<ul>\n<li>Utiliza filtros y pegatinas para mejorar tu presencia en v\u00eddeo.<\/li>\n<li>Ideal para romper el hielo y hacer que las llamadas sean m\u00e1s amenas.<\/li>\n<\/ul>\n<h3>6. Herramientas de privacidad y seguridad<\/h3>\n<ul>\n<li>El modo de previsualizaci\u00f3n de desenfoque te permite ver una silueta antes de revelar la imagen.<\/li>\n<li>Botones de informe y bloqueo de f\u00e1cil acceso.<\/li>\n<li>Moderaci\u00f3n activa para eliminar contenidos inapropiados.<\/li>\n<\/ul>\n<h3>7. Acceso multiplataforma<\/h3>\n<ul>\n<li>Funciona tanto en navegadores de escritorio como en dispositivos m\u00f3viles.<\/li>\n<li>Dise\u00f1o adaptable para una navegaci\u00f3n fluida en cualquier tama\u00f1o de pantalla.<\/li>\n<\/ul>\n<h2>C\u00f3mo utilizar Camloo<\/h2>\n<p>Camloo est\u00e1 dise\u00f1ado para facilitar al m\u00e1ximo su uso.<\/p>\n<h3>Paso 1: Visite el sitio web o descargue la aplicaci\u00f3n<\/h3>\n<ul>\n<li>Los usuarios de ordenadores de sobremesa pueden dirigirse al sitio oficial de Camloo.<\/li>\n<li>Los usuarios de m\u00f3viles pueden utilizar la versi\u00f3n para navegador o la aplicaci\u00f3n dedicada.<\/li>\n<\/ul>\n<h3>Paso 2: Ajuste la configuraci\u00f3n<\/h3>\n<ul>\n<li>Seleccione su pa\u00eds preferido o d\u00e9jelo abierto para una coincidencia global.<\/li>\n<li>Elija el filtro de g\u00e9nero si lo desea.<\/li>\n<li>Activa o desactiva el modo de desenfoque.<\/li>\n<\/ul>\n<h3>Paso 3: Empezar a chatear<\/h3>\n<ul>\n<li>Haz clic en Iniciar y estar\u00e1s conectado en cuesti\u00f3n de segundos.<\/li>\n<li>Desliza el dedo o haz clic en Siguiente para saltar y conocer a alguien nuevo.<\/li>\n<\/ul>\n<h3>Paso 4: A\u00f1adir amigos y continuar<\/h3>\n<ul>\n<li>Guarda contactos para futuras conversaciones.<\/li>\n<li>Utiliza la barra lateral de chat para enviar mensajes mientras grabas un v\u00eddeo.<\/li>\n<\/ul>\n<h2>Experiencia de usuario en Camloo<\/h2>\n<p>El dise\u00f1o sencillo y el rendimiento estable del Camloo lo han convertido en el favorito de los usuarios que buscan una interacci\u00f3n sin complicaciones.<\/p>\n<h3>Lo que les gusta a los usuarios<\/h3>\n<ul>\n<li>Puesta en marcha r\u00e1pida: chatea en segundos.<\/li>\n<li>Calidad de v\u00eddeo estable incluso con velocidades medias de Internet.<\/li>\n<li>Filtros para encontrar coincidencias relevantes.<\/li>\n<li>Vista previa de Blur para unas primeras impresiones m\u00e1s seguras.<\/li>\n<li>Interfaz de usuario amigable que funciona bien tanto en m\u00f3viles como en ordenadores de sobremesa.<\/li>\n<li>Sin presiones: salte cuando quiera sin sentirse inc\u00f3modo.<\/li>\n<\/ul>\n<h3>Donde los usuarios ven margen de mejora<\/h3>\n<ul>\n<li>Funciones avanzadas limitadas en comparaci\u00f3n con algunos competidores.<\/li>\n<li>Menos efectos in-app que plataformas social-first como Azar.<\/li>\n<li>Menor base de usuarios en horas valle para determinadas regiones.<\/li>\n<li>Para obtener el m\u00e1ximo filtrado, es posible que se necesiten ventajas adicionales.<\/li>\n<\/ul>\n<h2>Camloo frente a otras plataformas de videoconferencia<\/h2>\n<table>\n<thead>\n<tr>\n<th>Caracter\u00edstica<\/th>\n<th>Camloo<\/th>\n<th>OmegleWeb<\/th>\n<th>ChatHub<\/th>\n<th>Camzey<\/th>\n<th>LuckyCrush<\/th>\n<th>Azar<\/th>\n<\/tr>\n<\/thead>\n<tbody>\n<tr>\n<td>Random Video Chat con Desconocidos<\/td>\n<td>\u2705 S\u00ed<\/td>\n<td>\u2705 S\u00ed<\/td>\n<td>\u2705 S\u00ed<\/td>\n<td>\u2705 S\u00ed<\/td>\n<td>\u2705 S\u00ed<\/td>\n<td>\u2705 S\u00ed<\/td>\n<\/tr>\n<tr>\n<td>Filtros de g\u00e9nero\/ubicaci\u00f3n<\/td>\n<td>\u2705 S\u00ed<\/td>\n<td>\u26a0\ufe0f Limitada<\/td>\n<td>\u2705 S\u00ed<\/td>\n<td>\u2705 S\u00ed<\/td>\n<td>\u2705 S\u00ed<\/td>\n<td>\u2705 S\u00ed<\/td>\n<\/tr>\n<tr>\n<td>Modo de previsualizaci\u00f3n de desenfoque<\/td>\n<td>\u2705 S\u00ed<\/td>\n<td>\u274c No<\/td>\n<td>\u2705 S\u00ed<\/td>\n<td>\u2705 S\u00ed<\/td>\n<td>\u274c No<\/td>\n<td>\u2705 S\u00ed<\/td>\n<\/tr>\n<tr>\n<td>Filtros\/efectos divertidos<\/td>\n<td>\u2705 S\u00ed<\/td>\n<td>\u274c No<\/td>\n<td>\u2705 S\u00ed<\/td>\n<td>\u2705 S\u00ed<\/td>\n<td>\u274c No<\/td>\n<td>\u2705 S\u00ed<\/td>\n<\/tr>\n<tr>\n<td>Sistema de amigos<\/td>\n<td>\u2705 S\u00ed<\/td>\n<td>\u274c No<\/td>\n<td>\u2705 S\u00ed<\/td>\n<td>\u2705 S\u00ed<\/td>\n<td>\u2705 S\u00ed<\/td>\n<td>\u2705 S\u00ed<\/td>\n<\/tr>\n<tr>\n<td>Traducci\u00f3n<\/td>\n<td>\u274c No<\/td>\n<td>\u274c No<\/td>\n<td>\u274c No<\/td>\n<td>\u274c No<\/td>\n<td>\u274c No<\/td>\n<td>\u2705 S\u00ed<\/td>\n<\/tr>\n<tr>\n<td>Multiplataforma<\/td>\n<td>\u2705 S\u00ed<\/td>\n<td>\u2705 S\u00ed<\/td>\n<td>\u2705 S\u00ed<\/td>\n<td>\u2705 S\u00ed<\/td>\n<td>\u2705 S\u00ed<\/td>\n<td>\u2705 S\u00ed<\/td>\n<\/tr>\n<\/tbody>\n<\/table>\n<p>Resumen: El equilibrio entre la facilidad de uso, las herramientas de privacidad y la compatibilidad multiplataforma del Camloo lo hacen ideal para los usuarios que quieren videoconferencias r\u00e1pidas, limpias y agradables sin complicaciones innecesarias.<\/p>\n<h2>\u00bfEs seguro el Camloo?<\/h2>\n<p>S\u00ed-Camloo incorpora m\u00faltiples medidas de seguridad para proteger a los usuarios:<\/p>\n<ul>\n<li>Moderaci\u00f3n por IA en tiempo real y revisi\u00f3n humana.<\/li>\n<li>Desenfoca la vista previa para controlar lo que se muestra.<\/li>\n<li>Chat an\u00f3nimo sin datos personales.<\/li>\n<li>Funciones de bloqueo\/denuncia para gestionar las infracciones con rapidez.<\/li>\n<\/ul>\n<h3>Consejos de seguridad<\/h3>\n<ul>\n<li>No compartas informaci\u00f3n personal.<\/li>\n<li>Utiliza los filtros de g\u00e9nero y ubicaci\u00f3n con prudencia.<\/li>\n<li>Pon fin a las conversaciones que te incomoden.<\/li>\n<li>Los padres deben supervisar el uso que hacen los adolescentes.<\/li>\n<\/ul>\n<h2>Consejos para sacar el m\u00e1ximo partido al Camloo<\/h2>\n<ul>\n<li>Explore la modalidad global para ampliar sus conocimientos culturales.<\/li>\n<li>Utilice filtros cuando desee conversaciones m\u00e1s espec\u00edficas.<\/li>\n<li>Con\u00e9ctese durante las horas punta para ver m\u00e1s partidos.<\/li>\n<li>Prueba efectos para hacer m\u00e1s entretenidos los chats.<\/li>\n<li>Mant\u00e9n un buen \u00e1ngulo de c\u00e1mara y una buena iluminaci\u00f3n para parecer amable y accesible.<\/li>\n<li>Denuncia a los malos actores para mantener la seguridad de la plataforma.<\/li>\n<\/ul>\n<h2>Problemas y soluciones comunes del Camloo<\/h2>\n<h3>No se puede acceder a la c\u00e1mara o al micr\u00f3fono<\/h3>\n<p>Permita permisos en la configuraci\u00f3n de su navegador o aplicaci\u00f3n.<\/p>\n<h3>Baja calidad de v\u00eddeo<\/h3>\n<p>Cambia a una conexi\u00f3n a Internet m\u00e1s potente.<\/p>\n<h3>Los filtros no funcionan<\/h3>\n<p>Inicia sesi\u00f3n y comprueba si requieren acceso premium.<\/p>\n<h3>Usuarios inadecuados<\/h3>\n<p>Bloquea\/denuncia y sigue adelante inmediatamente.<\/p>\n<p>Si buscas una plataforma de videochat aleatoria, sencilla y moderna que te permita entablar conversaciones r\u00e1pidamente, merece la pena probar Camloo. Es limpia, r\u00e1pida y tiene las caracter\u00edsticas suficientes para que las interacciones sean seguras y agradables, sin abrumarte con opciones.<\/p>\n<p>Aunque puede que no tenga extras llamativos como la traducci\u00f3n o enormes feeds sociales, Camloo destaca por ofrecer una conexi\u00f3n humana directa y sin filtros. Para muchos, eso es exactamente lo que deber\u00eda ser un videochat aleatorio.<\/p>\n<p>\u00bfListo para probarlo? Visita Camloo o desc\u00e1rgate la app, dale a start y a ver qui\u00e9n te espera al otro lado.<\/p>","protected":false},"excerpt":{"rendered":"<p>In an era where most social media feels predictable and algorithm-driven, Camloo stands out by reviving the pure spontaneity of online interactions. As a modern random video chat platform, Camloo brings together strangers from around the world for instant, face-to-face conversations\u2014no endless scrolling, no curated feeds, just real people meeting in real time. With fast [&hellip;]<\/p>\n","protected":false},"author":6,"featured_media":0,"parent":0,"menu_order":0,"comment_status":"closed","ping_status":"closed","template":"","meta":{"footnotes":""},"class_list":["post-1319","page","type-page","status-publish","hentry"],"yoast_head":"<!-- This site is optimized with the Yoast SEO plugin v27.5 - https:\/\/yoast.com\/product\/yoast-seo-wordpress\/ -->\n<title>Camloo - Alternative to OmeTV &amp; Monkey App - TinyChat.com<\/title>\n<meta name=\"description\" content=\"Enjoying Camloo? Join over 50,000,000 strangers on TinyChat! Turn on your cam and start meeting new people, or find a match.\" \/>\n<meta name=\"robots\" content=\"index, follow, max-snippet:-1, max-image-preview:large, max-video-preview:-1\" \/>\n<link rel=\"canonical\" href=\"https:\/\/tinychat.com\/es\/camloo\/\" \/>\n<meta property=\"og:locale\" content=\"es_ES\" \/>\n<meta property=\"og:type\" content=\"article\" \/>\n<meta property=\"og:title\" content=\"Camloo - Alternative to OmeTV &amp; Monkey App - TinyChat.com\" \/>\n<meta property=\"og:description\" content=\"Enjoying Camloo? Join over 50,000,000 strangers on TinyChat! Turn on your cam and start meeting new people, or find a match.\" \/>\n<meta property=\"og:url\" content=\"https:\/\/tinychat.com\/es\/camloo\/\" \/>\n<meta property=\"og:site_name\" content=\"TinyChat\" \/>\n<meta property=\"article:publisher\" content=\"https:\/\/www.facebook.com\/tinychat\" \/>\n<meta property=\"article:modified_time\" content=\"2025-08-11T07:23:00+00:00\" \/>\n<meta property=\"og:image\" content=\"https:\/\/tinychat.com\/wp-content\/uploads\/2020\/04\/Tinychat-logo-1280x284-new-black.png\" \/>\n\t<meta property=\"og:image:width\" content=\"1280\" \/>\n\t<meta property=\"og:image:height\" content=\"284\" \/>\n\t<meta property=\"og:image:type\" content=\"image\/png\" \/>\n<meta name=\"twitter:card\" content=\"summary_large_image\" \/>\n<meta name=\"twitter:site\" content=\"@tinychat\" \/>\n<meta name=\"twitter:label1\" content=\"Tiempo de lectura\" \/>\n\t<meta name=\"twitter:data1\" content=\"5 minutos\" \/>\n<script type=\"application\/ld+json\" class=\"yoast-schema-graph\">{\"@context\":\"https:\\\/\\\/schema.org\",\"@graph\":[{\"@type\":\"WebPage\",\"@id\":\"https:\\\/\\\/tinychat.com\\\/camloo\\\/\",\"url\":\"https:\\\/\\\/tinychat.com\\\/camloo\\\/\",\"name\":\"Camloo - Alternative to OmeTV & Monkey App - TinyChat.com\",\"isPartOf\":{\"@id\":\"https:\\\/\\\/tinychat.com\\\/#website\"},\"datePublished\":\"2025-08-11T06:58:22+00:00\",\"dateModified\":\"2025-08-11T07:23:00+00:00\",\"description\":\"Enjoying Camloo? Join over 50,000,000 strangers on TinyChat! Turn on your cam and start meeting new people, or find a match.\",\"breadcrumb\":{\"@id\":\"https:\\\/\\\/tinychat.com\\\/camloo\\\/#breadcrumb\"},\"inLanguage\":\"es\",\"potentialAction\":[{\"@type\":\"ReadAction\",\"target\":[\"https:\\\/\\\/tinychat.com\\\/camloo\\\/\"]}]},{\"@type\":\"BreadcrumbList\",\"@id\":\"https:\\\/\\\/tinychat.com\\\/camloo\\\/#breadcrumb\",\"itemListElement\":[{\"@type\":\"ListItem\",\"position\":1,\"name\":\"Home\",\"item\":\"https:\\\/\\\/tinychat.com\\\/\"},{\"@type\":\"ListItem\",\"position\":2,\"name\":\"Camloo\"}]},{\"@type\":\"WebSite\",\"@id\":\"https:\\\/\\\/tinychat.com\\\/#website\",\"url\":\"https:\\\/\\\/tinychat.com\\\/\",\"name\":\"TinyChat\",\"description\":\"Random Video Chat with Strangers\",\"publisher\":{\"@id\":\"https:\\\/\\\/tinychat.com\\\/#organization\"},\"alternateName\":\"TinyChat.com\",\"potentialAction\":[{\"@type\":\"SearchAction\",\"target\":{\"@type\":\"EntryPoint\",\"urlTemplate\":\"https:\\\/\\\/tinychat.com\\\/?s={search_term_string}\"},\"query-input\":{\"@type\":\"PropertyValueSpecification\",\"valueRequired\":true,\"valueName\":\"search_term_string\"}}],\"inLanguage\":\"es\"},{\"@type\":\"Organization\",\"@id\":\"https:\\\/\\\/tinychat.com\\\/#organization\",\"name\":\"TinyChat\",\"alternateName\":\"TinyChat.com\",\"url\":\"https:\\\/\\\/tinychat.com\\\/\",\"logo\":{\"@type\":\"ImageObject\",\"inLanguage\":\"es\",\"@id\":\"https:\\\/\\\/tinychat.com\\\/#\\\/schema\\\/logo\\\/image\\\/\",\"url\":\"https:\\\/\\\/tinychat.com\\\/wp-content\\\/uploads\\\/2023\\\/11\\\/Tinychat-icon-square.png\",\"contentUrl\":\"https:\\\/\\\/tinychat.com\\\/wp-content\\\/uploads\\\/2023\\\/11\\\/Tinychat-icon-square.png\",\"width\":284,\"height\":284,\"caption\":\"TinyChat\"},\"image\":{\"@id\":\"https:\\\/\\\/tinychat.com\\\/#\\\/schema\\\/logo\\\/image\\\/\"},\"sameAs\":[\"https:\\\/\\\/www.facebook.com\\\/tinychat\",\"https:\\\/\\\/x.com\\\/tinychat\"]}]}<\/script>\n<!-- \/ Yoast SEO plugin. -->","yoast_head_json":{"title":"Camloo - Alternativa a OmeTV y Monkey App - TinyChat.com","description":"\u00bfTe gusta Camloo? \u00a1\u00danete a m\u00e1s de 50.000.000 de desconocidos en TinyChat! Enciende tu c\u00e1mara y empieza a conocer gente nueva, o encuentra una pareja.","robots":{"index":"index","follow":"follow","max-snippet":"max-snippet:-1","max-image-preview":"max-image-preview:large","max-video-preview":"max-video-preview:-1"},"canonical":"https:\/\/tinychat.com\/es\/camloo\/","og_locale":"es_ES","og_type":"article","og_title":"Camloo - Alternative to OmeTV & Monkey App - TinyChat.com","og_description":"Enjoying Camloo? Join over 50,000,000 strangers on TinyChat! Turn on your cam and start meeting new people, or find a match.","og_url":"https:\/\/tinychat.com\/es\/camloo\/","og_site_name":"TinyChat","article_publisher":"https:\/\/www.facebook.com\/tinychat","article_modified_time":"2025-08-11T07:23:00+00:00","og_image":[{"width":1280,"height":284,"url":"https:\/\/tinychat.com\/wp-content\/uploads\/2020\/04\/Tinychat-logo-1280x284-new-black.png","type":"image\/png"}],"twitter_card":"summary_large_image","twitter_site":"@tinychat","twitter_misc":{"Tiempo de lectura":"5 minutos"},"schema":{"@context":"https:\/\/schema.org","@graph":[{"@type":"WebPage","@id":"https:\/\/tinychat.com\/camloo\/","url":"https:\/\/tinychat.com\/camloo\/","name":"Camloo - Alternativa a OmeTV y Monkey App - TinyChat.com","isPartOf":{"@id":"https:\/\/tinychat.com\/#website"},"datePublished":"2025-08-11T06:58:22+00:00","dateModified":"2025-08-11T07:23:00+00:00","description":"\u00bfTe gusta Camloo? \u00a1\u00danete a m\u00e1s de 50.000.000 de desconocidos en TinyChat! Enciende tu c\u00e1mara y empieza a conocer gente nueva, o encuentra una pareja.","breadcrumb":{"@id":"https:\/\/tinychat.com\/camloo\/#breadcrumb"},"inLanguage":"es","potentialAction":[{"@type":"ReadAction","target":["https:\/\/tinychat.com\/camloo\/"]}]},{"@type":"BreadcrumbList","@id":"https:\/\/tinychat.com\/camloo\/#breadcrumb","itemListElement":[{"@type":"ListItem","position":1,"name":"Home","item":"https:\/\/tinychat.com\/"},{"@type":"ListItem","position":2,"name":"Camloo"}]},{"@type":"WebSite","@id":"https:\/\/tinychat.com\/#website","url":"https:\/\/tinychat.com\/","name":"TinyChat","description":"Videochat aleatorio con desconocidos","publisher":{"@id":"https:\/\/tinychat.com\/#organization"},"alternateName":"TinyChat.com","potentialAction":[{"@type":"SearchAction","target":{"@type":"EntryPoint","urlTemplate":"https:\/\/tinychat.com\/?s={search_term_string}"},"query-input":{"@type":"PropertyValueSpecification","valueRequired":true,"valueName":"search_term_string"}}],"inLanguage":"es"},{"@type":"Organization","@id":"https:\/\/tinychat.com\/#organization","name":"TinyChat","alternateName":"TinyChat.com","url":"https:\/\/tinychat.com\/","logo":{"@type":"ImageObject","inLanguage":"es","@id":"https:\/\/tinychat.com\/#\/schema\/logo\/image\/","url":"https:\/\/tinychat.com\/wp-content\/uploads\/2023\/11\/Tinychat-icon-square.png","contentUrl":"https:\/\/tinychat.com\/wp-content\/uploads\/2023\/11\/Tinychat-icon-square.png","width":284,"height":284,"caption":"TinyChat"},"image":{"@id":"https:\/\/tinychat.com\/#\/schema\/logo\/image\/"},"sameAs":["https:\/\/www.facebook.com\/tinychat","https:\/\/x.com\/tinychat"]}]}},"_links":{"self":[{"href":"https:\/\/tinychat.com\/es\/wp-json\/wp\/v2\/pages\/1319","targetHints":{"allow":["GET"]}}],"collection":[{"href":"https:\/\/tinychat.com\/es\/wp-json\/wp\/v2\/pages"}],"about":[{"href":"https:\/\/tinychat.com\/es\/wp-json\/wp\/v2\/types\/page"}],"author":[{"embeddable":true,"href":"https:\/\/tinychat.com\/es\/wp-json\/wp\/v2\/users\/6"}],"replies":[{"embeddable":true,"href":"https:\/\/tinychat.com\/es\/wp-json\/wp\/v2\/comments?post=1319"}],"version-history":[{"count":4,"href":"https:\/\/tinychat.com\/es\/wp-json\/wp\/v2\/pages\/1319\/revisions"}],"predecessor-version":[{"id":13433,"href":"https:\/\/tinychat.com\/es\/wp-json\/wp\/v2\/pages\/1319\/revisions\/13433"}],"wp:attachment":[{"href":"https:\/\/tinychat.com\/es\/wp-json\/wp\/v2\/media?parent=1319"}],"curies":[{"name":"wp","href":"https:\/\/api.w.org\/{rel}","templated":true}]}}