{"id":13225,"date":"2025-06-12T09:44:17","date_gmt":"2025-06-12T07:44:17","guid":{"rendered":"https:\/\/tinychat.com\/?page_id=13225"},"modified":"2025-06-12T09:44:51","modified_gmt":"2025-06-12T07:44:51","slug":"talk-to-people-online","status":"publish","type":"page","link":"https:\/\/tinychat.com\/es\/talk-to-people-online\/","title":{"rendered":"Hable con la gente en l\u00ednea"},"content":{"rendered":"<p>Seamos realistas: a veces s\u00f3lo quieres hablar con gente por Internet. No para charlar sobre el tiempo, sino para esas conversaciones aleatorias, memorables o simplemente interesantes que no puedes tener en ning\u00fan otro sitio. Puede que te aburras a medianoche, que quieras una nueva opini\u00f3n o que simplemente quieras ver c\u00f3mo es la gente en una parte del mundo totalmente distinta. Sea cual sea el motivo, el deseo de conocer gente nueva en Internet es universal hoy en d\u00eda.<\/p>\n<p>Ah\u00ed es donde entran en juego plataformas como TinyChat. Hacen que sea muy f\u00e1cil (y, sinceramente, divertido) hablar con la gente en l\u00ednea, cuando sea y donde sea. Este art\u00edculo te explicar\u00e1 por qu\u00e9 muchos de nosotros lo hacemos, c\u00f3mo mantener la seguridad y por qu\u00e9 TinyChat puede ser el lugar m\u00e1s divertido para probarlo.<\/p>\n<h2>\u00bfQu\u00e9 pasa con hablar con la gente por Internet?<\/h2>\n<p>Desglosemos el atractivo. \u00bfPor qu\u00e9 la gente se molesta en hablar por Internet? Esto es lo que me he dado cuenta (y lo que me han contado mis amigos):<\/p>\n<p><strong>1. Puedes ser t\u00fa mismo o quien quieras<\/strong><br \/>\nSin presiones ni expectativas. Cuando hablas con gente por Internet, puedes soltarte, desahogarte o simplemente perder el tiempo. No tienes que preocuparte por lo que piensen: no te conocen.<\/p>\n<p><strong>2. La curiosidad mat\u00f3 al gato, pero la satisfacci\u00f3n lo recuper\u00f3<\/strong><br \/>\nEs sencillamente interesante descubrir c\u00f3mo viven otras personas, qu\u00e9 les preocupa y qu\u00e9 piensan de las cosas. A veces conoces a gente en Internet que te abre los ojos a una forma totalmente distinta de ver las cosas.<\/p>\n<p><strong>3. Acabar con la soledad, charla a charla<\/strong><br \/>\nSi vives solo, trabajas desde casa o simplemente te sientes desconectado, hablar con la gente por Internet puede darte esa peque\u00f1a inyecci\u00f3n de energ\u00eda social. Es como ir a una cafeter\u00eda concurrida a charlar, pero sin tener que levantarte del sof\u00e1.<\/p>\n<p><strong>4. Nuevos amigos, sin charlas inc\u00f3modas<\/strong><br \/>\nS\u00ed, la mayor\u00eda de las conversaciones en l\u00ednea son breves. Pero de vez en cuando congenias con alguien y acabas intercambiando listas de reproducci\u00f3n, historias de vida o incluso cuentas de Instagram.<\/p>\n<p><strong>5. Mejora tu juego social<\/strong><br \/>\nCuando hablas con gente por Internet, acabas aprendiendo mucho: sobre ti mismo, sobre el mundo, sobre c\u00f3mo manejar todo tipo de personalidades. Es una \"vida XP\" bastante s\u00f3lida.<\/p>\n<h2>\u00bfQu\u00e9 significa hoy en d\u00eda \"hablar con la gente por Internet\"?<\/h2>\n<p>Ya no se trata s\u00f3lo de DMs o foros de la vieja escuela. Hablar con la gente online es todo un mundo:<\/p>\n<ul>\n<li>Pulsa un bot\u00f3n y estar\u00e1s cara a cara (o texto a texto) con una persona cualquiera al otro lado del mundo.<\/li>\n<li>Entra en salas de chat tem\u00e1ticas llenas de gente que se divierte con la m\u00fasica, la pol\u00edtica, las citas o cualquier otra cosa.<\/li>\n<li>Vea (o sea anfitri\u00f3n) de un videochat en directo, como una mini noche de micr\u00f3fono abierto pero para hablar.<\/li>\n<li>Mant\u00e9ngase en el anonimato o muestre su verdadero rostro: usted decide.<\/li>\n<\/ul>\n<p>La cuesti\u00f3n es que es muy flexible. T\u00fa decides lo mucho (o poco) que quieres exponerte.<\/p>\n<h2>\u00bfD\u00f3nde se puede hablar con la gente en Internet?<\/h2>\n<p>No faltan sitios y aplicaciones para ello, pero todos son un poco diferentes. Esto es lo que hay:<\/p>\n<p><strong>1. Chat aleatorio individual<\/strong><br \/>\nPiensa en Omegle, StrangerCam, esos tipos. Te emparejas con alguien al azar. Si la cosa se pone rara (o aburrida), dale a \"siguiente\".<\/p>\n<p><strong>2. Salas de chat en grupo<\/strong><br \/>\nSitios como TinyChat te permiten entrar en salas p\u00fablicas o privadas, normalmente clasificadas por temas. Es como entrar en una fiesta en la que no conoces a nadie, pero en la que todo el mundo habla de tu grupo o programa favorito.<\/p>\n<p><strong>3. Espacios de videoconferencia en directo<\/strong><br \/>\nAlgunas plataformas ofrecen retransmisiones en directo para que puedas verlas o participar en ellas. Es como Twitch, pero para hablar y pasar el rato, no solo para ver.<\/p>\n<p><strong>4. Chat de voz<\/strong><br \/>\n\u00bfNo te gusta el v\u00eddeo? No hay problema. Muchas aplicaciones te conectan con otras personas para mantener conversaciones solo de audio, lo que es genial si est\u00e1s en pijama o simplemente quieres mantener la calma.<\/p>\n<h2>Por qu\u00e9 TinyChat es realmente un gran lugar para hablar con la gente en l\u00ednea<\/h2>\n<p>TinyChat lleva a\u00f1os funcionando, y con raz\u00f3n. Si buscas un lugar donde hablar con la gente por Internet, sin el drama habitual, es una buena elecci\u00f3n.<\/p>\n<p><strong>Esto es lo que lo hace destacar:<\/strong><\/p>\n<ul>\n<li><strong>Sin molestos registros:<\/strong> Elige un apodo y ponte manos a la obra. \u00bfQuieres m\u00e1s funciones? Puedes hacerte una cuenta, pero no es obligatorio.<\/li>\n<li><strong>Elige tu modo:<\/strong> V\u00eddeo, audio, texto... todo est\u00e1 ah\u00ed, para que pueda participar como mejor le parezca.<\/li>\n<li><strong>Salas tem\u00e1ticas:<\/strong> Si te gustan los memes, las citas, la pol\u00edtica o simplemente quieres vibrar, probablemente haya una sala para ti.<\/li>\n<li><strong>P\u00fablico o privado:<\/strong> \u00bfQuieres una sala abarrotada? Adelante. \u00bfQuieres algo discreto? Crea la tuya propia e invita a unas cuantas personas.<\/li>\n<li><strong>En directo:<\/strong> Si te sientes atrevido, dif\u00fandelo y mira qui\u00e9n entra a charlar. O simplemente rel\u00e1jate y mira c\u00f3mo lo hacen los dem\u00e1s.<\/li>\n<li><strong>Funciona en todas partes:<\/strong> Navegador, iPhone, Android: ll\u00e9vatelo de viaje o \u00fasalo en casa.<\/li>\n<\/ul>\n<h2>Vale, pero \u00bfes seguro hablar con la gente por Internet?<\/h2>\n<p>\u00bfSinceramente? Puede ser. La mayor\u00eda de la gente s\u00f3lo est\u00e1 all\u00ed para hablar y divertirse, pero t\u00fa sigues queriendo usar la cabeza.<\/p>\n<p><strong>Consejos r\u00e1pidos de seguridad para hablar con la gente en Internet:<\/strong><\/p>\n<ul>\n<li>Utiliza apodos y mant\u00e9n tu informaci\u00f3n real en privado.<\/li>\n<li>No compartas tu direcci\u00f3n, escuela o trabajo.<\/li>\n<li>Desconf\u00eda de enviar fotos o hacer clic en enlaces poco fiables.<\/li>\n<li>No aguantes groser\u00edas: utiliza las funciones de denuncia\/bloqueo si alguien se pasa de la raya.<\/li>\n<li>Si decides trasladar una conversaci\u00f3n a las redes sociales, aseg\u00farate de que conf\u00edas en esa persona.<\/li>\n<\/ul>\n<h2>Por qu\u00e9 a la gente le gusta hablar por Internet en TinyChat<\/h2>\n<ul>\n<li><strong>El ambiente del grupo:<\/strong> A veces s\u00f3lo quieres estar en un segundo plano, escuchar e intervenir cuando tengas algo que decir. Las salas de grupo te lo ponen f\u00e1cil.<\/li>\n<li><strong>Gente de todas partes:<\/strong> Charlar\u00e1s con gente de todas partes: culturas diferentes, perspectivas distintas. Siempre hay algo nuevo.<\/li>\n<li><strong>Sin presi\u00f3n:<\/strong> No est\u00e1s encerrado en una conversaci\u00f3n. Silencia el micr\u00f3fono, apaga el v\u00eddeo o rebota cuando quieras.<\/li>\n<li><strong>Muchas formas de conectar:<\/strong> Desde conversaciones profundas hasta compartir m\u00fasica, puedes dar forma a tu propia experiencia.<\/li>\n<\/ul>\n<h2>Usuarios reales cuentan c\u00f3mo hablan con la gente en Internet<\/h2>\n<blockquote><p>\"Acab\u00e9 hablando con un tipo sobre pizza durante una hora. Extra\u00f1amente, fue lo mejor de mi semana\".<br \/>\n- Molly P., EE.UU.<\/p><\/blockquote>\n<blockquote><p>\"A TinyChat voy cuando s\u00f3lo quiero escuchar a la gente charlar, de verdad. A veces ni siquiera participo, simplemente me gusta el ruido de fondo\".<br \/>\n- Thabo S., Sud\u00e1frica<\/p><\/blockquote>\n<blockquote><p>\"Mucho menos inc\u00f3modo que otros sitios de chat al azar. Puedes pasar el rato y a nadie le importa si no hablas durante un rato\".<br \/>\n- Emma J., Reino Unido<\/p><\/blockquote>\n<h2>\u00bfC\u00f3mo se comporta el TinyChat?<\/h2>\n<table>\n<thead>\n<tr>\n<th>Caracter\u00edstica<\/th>\n<th>TinyChat<\/th>\n<th>Omegle<\/th>\n<th>Chatroulette<\/th>\n<th>OmeTV<\/th>\n<th>StrangerCam<\/th>\n<\/tr>\n<\/thead>\n<tbody>\n<tr>\n<td>Salas de chat en grupo<\/td>\n<td>\u2705<\/td>\n<td>\u274c<\/td>\n<td>\u274c<\/td>\n<td>\u274c<\/td>\n<td>\u274c<\/td>\n<\/tr>\n<tr>\n<td>Texto\/V\u00eddeo\/Voz<\/td>\n<td>\u2705<\/td>\n<td>\u2705<\/td>\n<td>\u2705<\/td>\n<td>\u2705<\/td>\n<td>\u2705<\/td>\n<\/tr>\n<tr>\n<td>No es necesario inscribirse<\/td>\n<td>\u2705<\/td>\n<td>\u2705<\/td>\n<td>\u2705<\/td>\n<td>\u2705<\/td>\n<td>\u2705<\/td>\n<\/tr>\n<tr>\n<td>Salas tem\u00e1ticas<\/td>\n<td>\u2705<\/td>\n<td>\u274c<\/td>\n<td>\u274c<\/td>\n<td>\u274c<\/td>\n<td>\u274c<\/td>\n<\/tr>\n<tr>\n<td>Retransmisi\u00f3n en directo<\/td>\n<td>\u2705<\/td>\n<td>\u274c<\/td>\n<td>\u274c<\/td>\n<td>\u274c<\/td>\n<td>\u274c<\/td>\n<\/tr>\n<tr>\n<td>Aplicaciones m\u00f3viles<\/td>\n<td>\u2705<\/td>\n<td>\u274c<\/td>\n<td>\u2705<\/td>\n<td>\u2705<\/td>\n<td>\u2705<\/td>\n<\/tr>\n<tr>\n<td>Moderaci\u00f3n\/Informes<\/td>\n<td>\u2705<\/td>\n<td>\u26a0\ufe0f<\/td>\n<td>\u2705<\/td>\n<td>\u2705<\/td>\n<td>\u2705<\/td>\n<\/tr>\n<\/tbody>\n<\/table>\n<p><strong>\u00bfLa versi\u00f3n corta?<\/strong> TinyChat es para gente que quiere vibraciones de grupo, chats tem\u00e1ticos y una forma sin estr\u00e9s de hablar con la gente en l\u00ednea.<\/p>\n<h2>\u00bfQuieres sacar el m\u00e1ximo partido a tus conversaciones en Internet? Prueba con esto:<\/h2>\n<ul>\n<li><strong>S\u00f3lo escucha:<\/strong> Est\u00e1 bien empezar merodeando y ver c\u00f3mo funcionan las cosas.<\/li>\n<li><strong>Pruebe diferentes habitaciones:<\/strong> Hay un lugar para cada inter\u00e9s: explore hasta encontrar su tribu.<\/li>\n<li><strong>V\u00eddeo opcional:<\/strong> Entra en la c\u00e1mara s\u00f3lo cuando te sientas preparado.<\/li>\n<li><strong>No te preocupes:<\/strong> No todos los chats ser\u00e1n geniales. Sigue intent\u00e1ndolo: encontrar\u00e1s algunas joyas.<\/li>\n<li><strong>Qu\u00e9date:<\/strong> Cuanto m\u00e1s a menudo entres, m\u00e1s natural te parecer\u00e1.<\/li>\n<\/ul>\n<p>\"Hablar con gente por Internet\" sol\u00eda sonar un poco raro. Ahora, es la forma en que muchos de nosotros conocemos nuevos amigos, aprendemos cosas y pasamos el tiempo. Si se hace bien, es divertido, f\u00e1cil e incluso un poco adictivo.<\/p>\n<p>Si quieres probarlo en un lugar relajado y acogedor, dale una vuelta a TinyChat. Quiz\u00e1 te limites a escuchar, quiz\u00e1 te lances a debatir o quiz\u00e1 conozcas a alguien que te sorprenda por completo.<\/p>\n<p>\u00bfQui\u00e9n sabe? Algunas de las mejores conversaciones son con gente que conoces por Internet.<\/p>","protected":false},"excerpt":{"rendered":"<p>Let\u2019s be real: sometimes you just want to talk to people online. Not to make small talk about the weather, but for those random, memorable, or just plain interesting chats you can\u2019t get anywhere else. Maybe you\u2019re bored at midnight, maybe you want a fresh opinion, or maybe you just want to see what people [&hellip;]<\/p>\n","protected":false},"author":8,"featured_media":0,"parent":0,"menu_order":0,"comment_status":"closed","ping_status":"closed","template":"","meta":{"footnotes":""},"class_list":["post-13225","page","type-page","status-publish","hentry"],"yoast_head":"<!-- This site is optimized with the Yoast SEO plugin v27.4 - https:\/\/yoast.com\/product\/yoast-seo-wordpress\/ -->\n<title>Talk to People Online with Video Chat on TinyChat.com<\/title>\n<meta name=\"description\" content=\"Enjoying Talk to People Online? Join over 50,000,000 strangers on TinyChat! Turn on your cam and start meeting new people, or find a match.\" \/>\n<meta name=\"robots\" content=\"index, follow, max-snippet:-1, max-image-preview:large, max-video-preview:-1\" \/>\n<link rel=\"canonical\" href=\"https:\/\/tinychat.com\/es\/talk-to-people-online\/\" \/>\n<meta property=\"og:locale\" content=\"es_ES\" \/>\n<meta property=\"og:type\" content=\"article\" \/>\n<meta property=\"og:title\" content=\"Talk to People Online with Video Chat on TinyChat.com\" \/>\n<meta property=\"og:description\" content=\"Enjoying Talk to People Online? Join over 50,000,000 strangers on TinyChat! Turn on your cam and start meeting new people, or find a match.\" \/>\n<meta property=\"og:url\" content=\"https:\/\/tinychat.com\/es\/talk-to-people-online\/\" \/>\n<meta property=\"og:site_name\" content=\"TinyChat\" \/>\n<meta property=\"article:publisher\" content=\"https:\/\/www.facebook.com\/tinychat\" \/>\n<meta property=\"article:modified_time\" content=\"2025-06-12T07:44:51+00:00\" \/>\n<meta property=\"og:image\" content=\"https:\/\/tinychat.com\/wp-content\/uploads\/2020\/04\/Tinychat-logo-1280x284-new-black.png\" \/>\n\t<meta property=\"og:image:width\" content=\"1280\" \/>\n\t<meta property=\"og:image:height\" content=\"284\" \/>\n\t<meta property=\"og:image:type\" content=\"image\/png\" \/>\n<meta name=\"twitter:card\" content=\"summary_large_image\" \/>\n<meta name=\"twitter:site\" content=\"@tinychat\" \/>\n<meta name=\"twitter:label1\" content=\"Tiempo de lectura\" \/>\n\t<meta name=\"twitter:data1\" content=\"6 minutos\" \/>\n<script type=\"application\/ld+json\" class=\"yoast-schema-graph\">{\"@context\":\"https:\\\/\\\/schema.org\",\"@graph\":[{\"@type\":\"WebPage\",\"@id\":\"https:\\\/\\\/tinychat.com\\\/talk-to-people-online\\\/\",\"url\":\"https:\\\/\\\/tinychat.com\\\/talk-to-people-online\\\/\",\"name\":\"Talk to People Online with Video Chat on TinyChat.com\",\"isPartOf\":{\"@id\":\"https:\\\/\\\/tinychat.com\\\/#website\"},\"datePublished\":\"2025-06-12T07:44:17+00:00\",\"dateModified\":\"2025-06-12T07:44:51+00:00\",\"description\":\"Enjoying Talk to People Online? Join over 50,000,000 strangers on TinyChat! Turn on your cam and start meeting new people, or find a match.\",\"breadcrumb\":{\"@id\":\"https:\\\/\\\/tinychat.com\\\/talk-to-people-online\\\/#breadcrumb\"},\"inLanguage\":\"es\",\"potentialAction\":[{\"@type\":\"ReadAction\",\"target\":[\"https:\\\/\\\/tinychat.com\\\/talk-to-people-online\\\/\"]}]},{\"@type\":\"BreadcrumbList\",\"@id\":\"https:\\\/\\\/tinychat.com\\\/talk-to-people-online\\\/#breadcrumb\",\"itemListElement\":[{\"@type\":\"ListItem\",\"position\":1,\"name\":\"Home\",\"item\":\"https:\\\/\\\/tinychat.com\\\/\"},{\"@type\":\"ListItem\",\"position\":2,\"name\":\"Talk to People Online\"}]},{\"@type\":\"WebSite\",\"@id\":\"https:\\\/\\\/tinychat.com\\\/#website\",\"url\":\"https:\\\/\\\/tinychat.com\\\/\",\"name\":\"TinyChat\",\"description\":\"Random Video Chat with Strangers\",\"publisher\":{\"@id\":\"https:\\\/\\\/tinychat.com\\\/#organization\"},\"alternateName\":\"TinyChat.com\",\"potentialAction\":[{\"@type\":\"SearchAction\",\"target\":{\"@type\":\"EntryPoint\",\"urlTemplate\":\"https:\\\/\\\/tinychat.com\\\/?s={search_term_string}\"},\"query-input\":{\"@type\":\"PropertyValueSpecification\",\"valueRequired\":true,\"valueName\":\"search_term_string\"}}],\"inLanguage\":\"es\"},{\"@type\":\"Organization\",\"@id\":\"https:\\\/\\\/tinychat.com\\\/#organization\",\"name\":\"TinyChat\",\"alternateName\":\"TinyChat.com\",\"url\":\"https:\\\/\\\/tinychat.com\\\/\",\"logo\":{\"@type\":\"ImageObject\",\"inLanguage\":\"es\",\"@id\":\"https:\\\/\\\/tinychat.com\\\/#\\\/schema\\\/logo\\\/image\\\/\",\"url\":\"https:\\\/\\\/tinychat.com\\\/wp-content\\\/uploads\\\/2023\\\/11\\\/Tinychat-icon-square.png\",\"contentUrl\":\"https:\\\/\\\/tinychat.com\\\/wp-content\\\/uploads\\\/2023\\\/11\\\/Tinychat-icon-square.png\",\"width\":284,\"height\":284,\"caption\":\"TinyChat\"},\"image\":{\"@id\":\"https:\\\/\\\/tinychat.com\\\/#\\\/schema\\\/logo\\\/image\\\/\"},\"sameAs\":[\"https:\\\/\\\/www.facebook.com\\\/tinychat\",\"https:\\\/\\\/x.com\\\/tinychat\"]}]}<\/script>\n<!-- \/ Yoast SEO plugin. -->","yoast_head_json":{"title":"Habla con gente en l\u00ednea con el chat de v\u00eddeo en TinyChat.com","description":"\u00bfTe gusta hablar con gente por Internet? \u00a1\u00danete a m\u00e1s de 50.000.000 de desconocidos en TinyChat! Enciende tu c\u00e1mara y empieza a conocer gente nueva o a encontrar pareja.","robots":{"index":"index","follow":"follow","max-snippet":"max-snippet:-1","max-image-preview":"max-image-preview:large","max-video-preview":"max-video-preview:-1"},"canonical":"https:\/\/tinychat.com\/es\/talk-to-people-online\/","og_locale":"es_ES","og_type":"article","og_title":"Talk to People Online with Video Chat on TinyChat.com","og_description":"Enjoying Talk to People Online? Join over 50,000,000 strangers on TinyChat! Turn on your cam and start meeting new people, or find a match.","og_url":"https:\/\/tinychat.com\/es\/talk-to-people-online\/","og_site_name":"TinyChat","article_publisher":"https:\/\/www.facebook.com\/tinychat","article_modified_time":"2025-06-12T07:44:51+00:00","og_image":[{"width":1280,"height":284,"url":"https:\/\/tinychat.com\/wp-content\/uploads\/2020\/04\/Tinychat-logo-1280x284-new-black.png","type":"image\/png"}],"twitter_card":"summary_large_image","twitter_site":"@tinychat","twitter_misc":{"Tiempo de lectura":"6 minutos"},"schema":{"@context":"https:\/\/schema.org","@graph":[{"@type":"WebPage","@id":"https:\/\/tinychat.com\/talk-to-people-online\/","url":"https:\/\/tinychat.com\/talk-to-people-online\/","name":"Habla con gente en l\u00ednea con el chat de v\u00eddeo en TinyChat.com","isPartOf":{"@id":"https:\/\/tinychat.com\/#website"},"datePublished":"2025-06-12T07:44:17+00:00","dateModified":"2025-06-12T07:44:51+00:00","description":"\u00bfTe gusta hablar con gente por Internet? \u00a1\u00danete a m\u00e1s de 50.000.000 de desconocidos en TinyChat! Enciende tu c\u00e1mara y empieza a conocer gente nueva o a encontrar pareja.","breadcrumb":{"@id":"https:\/\/tinychat.com\/talk-to-people-online\/#breadcrumb"},"inLanguage":"es","potentialAction":[{"@type":"ReadAction","target":["https:\/\/tinychat.com\/talk-to-people-online\/"]}]},{"@type":"BreadcrumbList","@id":"https:\/\/tinychat.com\/talk-to-people-online\/#breadcrumb","itemListElement":[{"@type":"ListItem","position":1,"name":"Home","item":"https:\/\/tinychat.com\/"},{"@type":"ListItem","position":2,"name":"Talk to People Online"}]},{"@type":"WebSite","@id":"https:\/\/tinychat.com\/#website","url":"https:\/\/tinychat.com\/","name":"TinyChat","description":"Videochat aleatorio con desconocidos","publisher":{"@id":"https:\/\/tinychat.com\/#organization"},"alternateName":"TinyChat.com","potentialAction":[{"@type":"SearchAction","target":{"@type":"EntryPoint","urlTemplate":"https:\/\/tinychat.com\/?s={search_term_string}"},"query-input":{"@type":"PropertyValueSpecification","valueRequired":true,"valueName":"search_term_string"}}],"inLanguage":"es"},{"@type":"Organization","@id":"https:\/\/tinychat.com\/#organization","name":"TinyChat","alternateName":"TinyChat.com","url":"https:\/\/tinychat.com\/","logo":{"@type":"ImageObject","inLanguage":"es","@id":"https:\/\/tinychat.com\/#\/schema\/logo\/image\/","url":"https:\/\/tinychat.com\/wp-content\/uploads\/2023\/11\/Tinychat-icon-square.png","contentUrl":"https:\/\/tinychat.com\/wp-content\/uploads\/2023\/11\/Tinychat-icon-square.png","width":284,"height":284,"caption":"TinyChat"},"image":{"@id":"https:\/\/tinychat.com\/#\/schema\/logo\/image\/"},"sameAs":["https:\/\/www.facebook.com\/tinychat","https:\/\/x.com\/tinychat"]}]}},"_links":{"self":[{"href":"https:\/\/tinychat.com\/es\/wp-json\/wp\/v2\/pages\/13225","targetHints":{"allow":["GET"]}}],"collection":[{"href":"https:\/\/tinychat.com\/es\/wp-json\/wp\/v2\/pages"}],"about":[{"href":"https:\/\/tinychat.com\/es\/wp-json\/wp\/v2\/types\/page"}],"author":[{"embeddable":true,"href":"https:\/\/tinychat.com\/es\/wp-json\/wp\/v2\/users\/8"}],"replies":[{"embeddable":true,"href":"https:\/\/tinychat.com\/es\/wp-json\/wp\/v2\/comments?post=13225"}],"version-history":[{"count":2,"href":"https:\/\/tinychat.com\/es\/wp-json\/wp\/v2\/pages\/13225\/revisions"}],"predecessor-version":[{"id":13227,"href":"https:\/\/tinychat.com\/es\/wp-json\/wp\/v2\/pages\/13225\/revisions\/13227"}],"wp:attachment":[{"href":"https:\/\/tinychat.com\/es\/wp-json\/wp\/v2\/media?parent=13225"}],"curies":[{"name":"wp","href":"https:\/\/api.w.org\/{rel}","templated":true}]}}