{"id":13261,"date":"2025-06-17T13:46:44","date_gmt":"2025-06-17T11:46:44","guid":{"rendered":"https:\/\/tinychat.com\/?page_id=13261"},"modified":"2025-06-17T13:47:34","modified_gmt":"2025-06-17T11:47:34","slug":"roulette-chat","status":"publish","type":"page","link":"https:\/\/tinychat.com\/es\/roulette-chat\/","title":{"rendered":"Roulette Chat"},"content":{"rendered":"<p>\u00bfAlguna vez has deseado poder tirar los dados y ver a qui\u00e9n conoces online? Eso es exactamente lo que hace que el chat de la ruleta sea tan divertido. A diferencia de las aplicaciones de mensajer\u00eda tradicionales o las redes sociales, el chat de la ruleta te permite conectar instant\u00e1neamente con personas al azar de cualquier parte del mundo. Cada vez que pulsas \"siguiente\", es como hacer girar la ruleta: puede que encuentres una gran conversaci\u00f3n, un nuevo amigo o incluso un romance sorpresa.<\/p>\n<p>Tanto si est\u00e1s en casa en una tarde de ocio, como si quieres romper el aburrimiento o simplemente sientes curiosidad por saber qui\u00e9n m\u00e1s est\u00e1 ah\u00ed fuera, los sitios de chat de la ruleta te ofrecen una forma f\u00e1cil y sin presiones de descubrir caras nuevas. El atractivo reside en la espontaneidad: no hay perfiles que leer, ni largas presentaciones, s\u00f3lo conversaci\u00f3n pura e impredecible.<\/p>\n<h2>\u00bfQu\u00e9 es Roulette Chat?<\/h2>\n<p>Roulette chat es una plataforma de chat en l\u00ednea que te empareja con usuarios aleatorios en tiempo real, normalmente a trav\u00e9s de v\u00eddeo y a veces de texto. Se basa en la idea del emparejamiento aleatorio: piensa que es la versi\u00f3n online de sacar un nombre de un sombrero y ver con qui\u00e9n hablar\u00e1s despu\u00e9s.<\/p>\n<p>La mayor\u00eda de los sitios de chat de ruleta est\u00e1n dise\u00f1ados para ser r\u00e1pidos, sencillos y f\u00e1ciles de usar:<\/p>\n<ul>\n<li>No hay necesidad de largos registros (a menudo, s\u00f3lo tienes que elegir un apodo y listo)<\/li>\n<li>Saltar directamente a una sesi\u00f3n de chat con un compa\u00f1ero al azar<\/li>\n<li>Si la conversaci\u00f3n no es lo tuyo, simplemente haz clic en \"siguiente\" y al instante tendr\u00e1s a alguien nuevo<\/li>\n<\/ul>\n<p>Hay algo emocionante en no saber nunca qui\u00e9n va a aparecer en tu pantalla. A veces es un compa\u00f1ero que est\u00e1 al otro lado del mundo, a veces es un lugare\u00f1o y a veces es simplemente alguien que quiere re\u00edrse un buen rato.<\/p>\n<h2>\u00bfC\u00f3mo funciona Roulette Chat?<\/h2>\n<p>El proceso es sencillo y casi siempre el mismo:<\/p>\n<ol>\n<li>Visita una plataforma o app de chat de ruleta.<\/li>\n<li>Permite el acceso a la c\u00e1mara y al micr\u00f3fono si quieres v\u00eddeo (la mayor\u00eda ofrecen tambi\u00e9n chat de texto).<\/li>\n<li>Pulsa \"Iniciar\" o \"Conectar\" para unirte a la cola aleatoria.<\/li>\n<li>Empar\u00e9jate al instante con otro usuario.<\/li>\n<li>Chatea todo el tiempo que quieras.<\/li>\n<li>Pulsa \"Siguiente\" en cualquier momento para seguir adelante y conocer a alguien nuevo.<\/li>\n<\/ol>\n<p>Muchos sitios de chat de ruleta tambi\u00e9n son completamente gratuitos, lo que los hace perfectos para socializar de forma espont\u00e1nea.<\/p>\n<h2>Tipos de experiencias Roulette Chat<\/h2>\n<p>El chat de la ruleta no es s\u00f3lo una cosa: tiene muchos sabores diferentes. Algunas de las opciones m\u00e1s populares son:<\/p>\n<ul>\n<li>Videochat de ruleta aleatoria: El cl\u00e1sico webcam a webcam, cara a cara con desconocidos.<\/li>\n<li>Chat de ruleta s\u00f3lo de texto: Si no est\u00e1s preparado para la c\u00e1mara, lim\u00edtate a escribir.<\/li>\n<li>Chat de ruleta gratis: La mayor\u00eda de los sitios ofrecen funciones b\u00e1sicas sin coste alguno.<\/li>\n<li>Aplicaciones m\u00f3viles de chat de ruleta: Para chatear sobre la marcha, est\u00e9s donde est\u00e9s.<\/li>\n<li>Salas de chat tem\u00e1ticas de la ruleta: Algunos sitios ofrecen filtros por intereses, idiomas o edad.<\/li>\n<\/ul>\n<p>No importa lo que te guste, hay una opci\u00f3n de chat de ruleta que se adapta a tu estado de \u00e1nimo y estilo.<\/p>\n<h2>\u00bfPor qu\u00e9 la gente adora Roulette Chat?<\/h2>\n<p>Hay muchas razones por las que el chat de la ruleta se ha hecho tan popular, sobre todo entre la gente que est\u00e1 cansada del interminable scroll o de la presi\u00f3n de las aplicaciones de citas.<\/p>\n<ul>\n<li>Es espont\u00e1neo: Cada conversaci\u00f3n es un nuevo comienzo. Si resulta inc\u00f3modo o aburrido, puedes pasar p\u00e1gina al instante.<\/li>\n<li>Es global: conoces a gente de todo el mundo, de todas las profesiones y condiciones sociales.<\/li>\n<li>Es an\u00f3nimo: utiliza un apodo, s\u00e1ltate el perfil y s\u00e9 tan abierto (o privado) como quieras.<\/li>\n<li>No hay presi\u00f3n: no se espera que intercambies n\u00fameros ni contactos sociales, a menos que t\u00fa quieras.<\/li>\n<li>Es s\u00f3lo diversi\u00f3n: Siempre existe la posibilidad de conocer a alguien inolvidable.<\/li>\n<\/ul>\n<p>\"El chat de la ruleta me ayud\u00f3 a superar mi timidez. Nunca sabes qui\u00e9n es el siguiente, as\u00ed que te relajas y sigues la corriente\".<\/p>\n<p>\"A veces conoces a gente que se convierte en amigos, a veces es s\u00f3lo una risa r\u00e1pida. Nunca es lo mismo dos veces\".<\/p>\n<h2>Plataformas populares Roulette Chat<\/h2>\n<p>Algunos sitios de chat de ruleta destacan por su sencillez, su amplia base de usuarios y su buena moderaci\u00f3n:<\/p>\n<ul>\n<li>Chatroulette: El original, sigue siendo uno de los m\u00e1s activos y globales.<\/li>\n<li>Omegle (videochat): Ofrece opciones de texto y webcam con un bot\u00f3n \"siguiente\" para emparejamiento instant\u00e1neo.<\/li>\n<li>Chatrandom: Conocido por sus filtros, como g\u00e9nero y pa\u00eds, y una base de usuarios grande y activa.<\/li>\n<li>Camsurf: Sencillo, apto para m\u00f3viles y centrado en chats de v\u00eddeo de ruleta r\u00e1pidos.<\/li>\n<li>Chatspin: Incluye filtros de inter\u00e9s y modos de v\u00eddeo y texto.<\/li>\n<\/ul>\n<p>Cada uno de ellos tiene su propio ambiente: algunos son m\u00e1s relajados, otros m\u00e1s coquetos o aventureros. Prueba unos cuantos para ver qu\u00e9 chat de ruleta se adapta mejor a ti.<\/p>\n<h2>Seguridad y respeto en Roulette Chat<\/h2>\n<p>El chat de la ruleta suele ser seguro y divertido, pero como nunca se sabe qui\u00e9n est\u00e1 al otro lado, unos cuantos h\u00e1bitos inteligentes pueden marcar la diferencia:<\/p>\n<ul>\n<li>Nunca compartas informaci\u00f3n privada (tu apellido, direcci\u00f3n, lugar de trabajo).<\/li>\n<li>Utiliza un apodo, sobre todo cuando empieces a chatear.<\/li>\n<li>Si alguien te hace sentir inc\u00f3modo, vete o pulsa \"siguiente\", sin necesidad de dar explicaciones.<\/li>\n<li>Denuncia o bloquea a cualquiera que se pase de la raya; la mayor\u00eda de los sitios disponen de herramientas sencillas para ello.<\/li>\n<li>Si utilizas el chat de la ruleta para adultos, aseg\u00farate siempre de que est\u00e1s en un sitio acreditado para mayores de 18 a\u00f1os.<\/li>\n<\/ul>\n<p>La mayor\u00eda de los usuarios s\u00f3lo est\u00e1n all\u00ed para charlar, re\u00edrse o conocer a alguien nuevo. Un poco de precauci\u00f3n hace mucho.<\/p>\n<h2>Roulette Chat frente a otras opciones de chat en l\u00ednea<\/h2>\n<table>\n<thead>\n<tr>\n<th>Caracter\u00edstica<\/th>\n<th>Roulette Chat<\/th>\n<th>Redes sociales<\/th>\n<th>Aplicaciones de citas<\/th>\n<th>Salas de chat en grupo<\/th>\n<\/tr>\n<\/thead>\n<tbody>\n<tr>\n<td>Emparejamiento instant\u00e1neo aleatorio<\/td>\n<td>\u2705<\/td>\n<td>\u274c<\/td>\n<td>\u274c<\/td>\n<td>\u274c<\/td>\n<\/tr>\n<tr>\n<td>No requiere perfil<\/td>\n<td>\u2705<\/td>\n<td>\u274c<\/td>\n<td>\u274c<\/td>\n<td>\u274c<\/td>\n<\/tr>\n<tr>\n<td>Anonimato<\/td>\n<td>\u2705<\/td>\n<td>\u274c<\/td>\n<td>\u2705<\/td>\n<td>\u2705<\/td>\n<\/tr>\n<tr>\n<td>Videochat disponible<\/td>\n<td>\u2705<\/td>\n<td>\u2705<\/td>\n<td>\u2705<\/td>\n<td>\u2705<\/td>\n<\/tr>\n<tr>\n<td>Uso gratuito<\/td>\n<td>\u2705<\/td>\n<td>\u2705<\/td>\n<td>\u274c<\/td>\n<td>\u2705<\/td>\n<\/tr>\n<tr>\n<td>\"Siguiente\"\/Saltar en cualquier momento<\/td>\n<td>\u2705<\/td>\n<td>\u274c<\/td>\n<td>\u274c<\/td>\n<td>\u2705<\/td>\n<\/tr>\n<\/tbody>\n<\/table>\n<p>El chat de la ruleta se basa en la rapidez, la sorpresa y la sencillez: sin muros de registro, sin interminables biograf\u00edas y sin obligaciones.<\/p>\n<h2>C\u00f3mo sacar el m\u00e1ximo partido a Roulette Chat<\/h2>\n<p>Unos sencillos consejos pueden hacer que el chat de la ruleta sea a\u00fan m\u00e1s divertido:<\/p>\n<ul>\n<li>Mant\u00e9n una actitud positiva: las sonrisas, las bromas y la curiosidad ayudan mucho.<\/li>\n<li>No te estreses por charlas inc\u00f3modas; simplemente salta e int\u00e9ntalo de nuevo.<\/li>\n<li>Si buscas conversaciones espec\u00edficas (como intercambio de idiomas o juegos), menci\u00f3nalo al principio del chat.<\/li>\n<li>Respeta los l\u00edmites de cada uno: la mayor\u00eda de la gente s\u00f3lo quiere pas\u00e1rselo bien, no dramas.<\/li>\n<li>Prueba el chat de la ruleta a diferentes horas del d\u00eda para conocer a gente de otras zonas horarias.<\/li>\n<\/ul>\n<p>Y no lo olvides: \u00a1tiene que ser divertido! Trata cada charla como una nueva aventura.<\/p>\n<h2>\u00bfCu\u00e1ndo probar Roulette Chat?<\/h2>\n<p>Sinceramente, siempre que quieras una conversaci\u00f3n real o algo diferente. Algunas personas utilizan el chat ruleta para:<\/p>\n<ul>\n<li>Vencer el aburrimiento en una noche tranquila<\/li>\n<li>Practicar un nuevo idioma<\/li>\n<li>R\u00edete despu\u00e9s de un d\u00eda duro<\/li>\n<li>Conoce a nuevos amigos en un ambiente totalmente informal<\/li>\n<li>Explora las citas y el ligoteo sin presiones<\/li>\n<li>Descubra perspectivas de todo el mundo<\/li>\n<\/ul>\n<p>El chat de la ruleta es perfecto para charlas r\u00e1pidas o largas conversaciones nocturnas.<\/p>\n<p>Roulette chat es la respuesta de Internet a la conexi\u00f3n espont\u00e1nea y sin compromiso. Es f\u00e1cil, instant\u00e1neo y est\u00e1 abierto a todo el mundo, tanto si quieres hacer amigos, ligar o simplemente ver qu\u00e9 diversi\u00f3n al azar puedes encontrar. Sin registro, sin presiones, y cada conversaci\u00f3n es una nueva vuelta de tuerca.<\/p>\n<p>\u00bfListo para ver qui\u00e9n est\u00e1 ah\u00ed fuera? Prueba el chat de ruleta gratis esta noche, conoce a gente que nunca habr\u00edas encontrado de otra forma y experimenta la emoci\u00f3n de no saber qui\u00e9n es el siguiente.<\/p>\n<p>Con el chat de la ruleta, el mundo est\u00e1 siempre a un clic de distancia.<\/p>","protected":false},"excerpt":{"rendered":"<p>Ever wish you could just roll the dice and see who you meet next online? That\u2019s exactly what makes roulette chat so much fun. Unlike traditional messaging apps or social media, roulette chat lets you connect instantly with random people from anywhere in the world. Every time you hit \u201cnext,\u201d it\u2019s like spinning the wheel\u2014you [&hellip;]<\/p>\n","protected":false},"author":8,"featured_media":0,"parent":0,"menu_order":0,"comment_status":"closed","ping_status":"closed","template":"","meta":{"footnotes":""},"class_list":["post-13261","page","type-page","status-publish","hentry"],"yoast_head":"<!-- This site is optimized with the Yoast SEO plugin v27.5 - https:\/\/yoast.com\/product\/yoast-seo-wordpress\/ -->\n<title>Roulette Chat with Video Chat on TinyChat.com<\/title>\n<meta name=\"description\" content=\"Enjoying Roulette Chat? Join over 50,000,000 strangers on TinyChat! Turn on your cam and start meeting new people, or find a match.\" \/>\n<meta name=\"robots\" content=\"index, follow, max-snippet:-1, max-image-preview:large, max-video-preview:-1\" \/>\n<link rel=\"canonical\" href=\"https:\/\/tinychat.com\/es\/roulette-chat\/\" \/>\n<meta property=\"og:locale\" content=\"es_ES\" \/>\n<meta property=\"og:type\" content=\"article\" \/>\n<meta property=\"og:title\" content=\"Roulette Chat with Video Chat on TinyChat.com\" \/>\n<meta property=\"og:description\" content=\"Enjoying Roulette Chat? Join over 50,000,000 strangers on TinyChat! Turn on your cam and start meeting new people, or find a match.\" \/>\n<meta property=\"og:url\" content=\"https:\/\/tinychat.com\/es\/roulette-chat\/\" \/>\n<meta property=\"og:site_name\" content=\"TinyChat\" \/>\n<meta property=\"article:publisher\" content=\"https:\/\/www.facebook.com\/tinychat\" \/>\n<meta property=\"article:modified_time\" content=\"2025-06-17T11:47:34+00:00\" \/>\n<meta property=\"og:image\" content=\"https:\/\/tinychat.com\/wp-content\/uploads\/2020\/04\/Tinychat-logo-1280x284-new-black.png\" \/>\n\t<meta property=\"og:image:width\" content=\"1280\" \/>\n\t<meta property=\"og:image:height\" content=\"284\" \/>\n\t<meta property=\"og:image:type\" content=\"image\/png\" \/>\n<meta name=\"twitter:card\" content=\"summary_large_image\" \/>\n<meta name=\"twitter:site\" content=\"@tinychat\" \/>\n<meta name=\"twitter:label1\" content=\"Tiempo de lectura\" \/>\n\t<meta name=\"twitter:data1\" content=\"6 minutos\" \/>\n<script type=\"application\/ld+json\" class=\"yoast-schema-graph\">{\"@context\":\"https:\\\/\\\/schema.org\",\"@graph\":[{\"@type\":\"WebPage\",\"@id\":\"https:\\\/\\\/tinychat.com\\\/roulette-chat\\\/\",\"url\":\"https:\\\/\\\/tinychat.com\\\/roulette-chat\\\/\",\"name\":\"Roulette Chat with Video Chat on TinyChat.com\",\"isPartOf\":{\"@id\":\"https:\\\/\\\/tinychat.com\\\/#website\"},\"datePublished\":\"2025-06-17T11:46:44+00:00\",\"dateModified\":\"2025-06-17T11:47:34+00:00\",\"description\":\"Enjoying Roulette Chat? Join over 50,000,000 strangers on TinyChat! Turn on your cam and start meeting new people, or find a match.\",\"breadcrumb\":{\"@id\":\"https:\\\/\\\/tinychat.com\\\/roulette-chat\\\/#breadcrumb\"},\"inLanguage\":\"es\",\"potentialAction\":[{\"@type\":\"ReadAction\",\"target\":[\"https:\\\/\\\/tinychat.com\\\/roulette-chat\\\/\"]}]},{\"@type\":\"BreadcrumbList\",\"@id\":\"https:\\\/\\\/tinychat.com\\\/roulette-chat\\\/#breadcrumb\",\"itemListElement\":[{\"@type\":\"ListItem\",\"position\":1,\"name\":\"Home\",\"item\":\"https:\\\/\\\/tinychat.com\\\/\"},{\"@type\":\"ListItem\",\"position\":2,\"name\":\"Roulette Chat\"}]},{\"@type\":\"WebSite\",\"@id\":\"https:\\\/\\\/tinychat.com\\\/#website\",\"url\":\"https:\\\/\\\/tinychat.com\\\/\",\"name\":\"TinyChat\",\"description\":\"Random Video Chat with Strangers\",\"publisher\":{\"@id\":\"https:\\\/\\\/tinychat.com\\\/#organization\"},\"alternateName\":\"TinyChat.com\",\"potentialAction\":[{\"@type\":\"SearchAction\",\"target\":{\"@type\":\"EntryPoint\",\"urlTemplate\":\"https:\\\/\\\/tinychat.com\\\/?s={search_term_string}\"},\"query-input\":{\"@type\":\"PropertyValueSpecification\",\"valueRequired\":true,\"valueName\":\"search_term_string\"}}],\"inLanguage\":\"es\"},{\"@type\":\"Organization\",\"@id\":\"https:\\\/\\\/tinychat.com\\\/#organization\",\"name\":\"TinyChat\",\"alternateName\":\"TinyChat.com\",\"url\":\"https:\\\/\\\/tinychat.com\\\/\",\"logo\":{\"@type\":\"ImageObject\",\"inLanguage\":\"es\",\"@id\":\"https:\\\/\\\/tinychat.com\\\/#\\\/schema\\\/logo\\\/image\\\/\",\"url\":\"https:\\\/\\\/tinychat.com\\\/wp-content\\\/uploads\\\/2023\\\/11\\\/Tinychat-icon-square.png\",\"contentUrl\":\"https:\\\/\\\/tinychat.com\\\/wp-content\\\/uploads\\\/2023\\\/11\\\/Tinychat-icon-square.png\",\"width\":284,\"height\":284,\"caption\":\"TinyChat\"},\"image\":{\"@id\":\"https:\\\/\\\/tinychat.com\\\/#\\\/schema\\\/logo\\\/image\\\/\"},\"sameAs\":[\"https:\\\/\\\/www.facebook.com\\\/tinychat\",\"https:\\\/\\\/x.com\\\/tinychat\"]}]}<\/script>\n<!-- \/ Yoast SEO plugin. -->","yoast_head_json":{"title":"Roulette Chat con Video Chat en TinyChat.com","description":"\u00bfTe gusta Roulette Chat? \u00a1\u00danete a m\u00e1s de 50.000.000 de desconocidos en TinyChat! Enciende tu c\u00e1mara y empieza a conocer gente nueva, o encuentra una pareja.","robots":{"index":"index","follow":"follow","max-snippet":"max-snippet:-1","max-image-preview":"max-image-preview:large","max-video-preview":"max-video-preview:-1"},"canonical":"https:\/\/tinychat.com\/es\/roulette-chat\/","og_locale":"es_ES","og_type":"article","og_title":"Roulette Chat with Video Chat on TinyChat.com","og_description":"Enjoying Roulette Chat? Join over 50,000,000 strangers on TinyChat! Turn on your cam and start meeting new people, or find a match.","og_url":"https:\/\/tinychat.com\/es\/roulette-chat\/","og_site_name":"TinyChat","article_publisher":"https:\/\/www.facebook.com\/tinychat","article_modified_time":"2025-06-17T11:47:34+00:00","og_image":[{"width":1280,"height":284,"url":"https:\/\/tinychat.com\/wp-content\/uploads\/2020\/04\/Tinychat-logo-1280x284-new-black.png","type":"image\/png"}],"twitter_card":"summary_large_image","twitter_site":"@tinychat","twitter_misc":{"Tiempo de lectura":"6 minutos"},"schema":{"@context":"https:\/\/schema.org","@graph":[{"@type":"WebPage","@id":"https:\/\/tinychat.com\/roulette-chat\/","url":"https:\/\/tinychat.com\/roulette-chat\/","name":"Roulette Chat con Video Chat en TinyChat.com","isPartOf":{"@id":"https:\/\/tinychat.com\/#website"},"datePublished":"2025-06-17T11:46:44+00:00","dateModified":"2025-06-17T11:47:34+00:00","description":"\u00bfTe gusta Roulette Chat? \u00a1\u00danete a m\u00e1s de 50.000.000 de desconocidos en TinyChat! Enciende tu c\u00e1mara y empieza a conocer gente nueva, o encuentra una pareja.","breadcrumb":{"@id":"https:\/\/tinychat.com\/roulette-chat\/#breadcrumb"},"inLanguage":"es","potentialAction":[{"@type":"ReadAction","target":["https:\/\/tinychat.com\/roulette-chat\/"]}]},{"@type":"BreadcrumbList","@id":"https:\/\/tinychat.com\/roulette-chat\/#breadcrumb","itemListElement":[{"@type":"ListItem","position":1,"name":"Home","item":"https:\/\/tinychat.com\/"},{"@type":"ListItem","position":2,"name":"Roulette Chat"}]},{"@type":"WebSite","@id":"https:\/\/tinychat.com\/#website","url":"https:\/\/tinychat.com\/","name":"TinyChat","description":"Videochat aleatorio con desconocidos","publisher":{"@id":"https:\/\/tinychat.com\/#organization"},"alternateName":"TinyChat.com","potentialAction":[{"@type":"SearchAction","target":{"@type":"EntryPoint","urlTemplate":"https:\/\/tinychat.com\/?s={search_term_string}"},"query-input":{"@type":"PropertyValueSpecification","valueRequired":true,"valueName":"search_term_string"}}],"inLanguage":"es"},{"@type":"Organization","@id":"https:\/\/tinychat.com\/#organization","name":"TinyChat","alternateName":"TinyChat.com","url":"https:\/\/tinychat.com\/","logo":{"@type":"ImageObject","inLanguage":"es","@id":"https:\/\/tinychat.com\/#\/schema\/logo\/image\/","url":"https:\/\/tinychat.com\/wp-content\/uploads\/2023\/11\/Tinychat-icon-square.png","contentUrl":"https:\/\/tinychat.com\/wp-content\/uploads\/2023\/11\/Tinychat-icon-square.png","width":284,"height":284,"caption":"TinyChat"},"image":{"@id":"https:\/\/tinychat.com\/#\/schema\/logo\/image\/"},"sameAs":["https:\/\/www.facebook.com\/tinychat","https:\/\/x.com\/tinychat"]}]}},"_links":{"self":[{"href":"https:\/\/tinychat.com\/es\/wp-json\/wp\/v2\/pages\/13261","targetHints":{"allow":["GET"]}}],"collection":[{"href":"https:\/\/tinychat.com\/es\/wp-json\/wp\/v2\/pages"}],"about":[{"href":"https:\/\/tinychat.com\/es\/wp-json\/wp\/v2\/types\/page"}],"author":[{"embeddable":true,"href":"https:\/\/tinychat.com\/es\/wp-json\/wp\/v2\/users\/8"}],"replies":[{"embeddable":true,"href":"https:\/\/tinychat.com\/es\/wp-json\/wp\/v2\/comments?post=13261"}],"version-history":[{"count":1,"href":"https:\/\/tinychat.com\/es\/wp-json\/wp\/v2\/pages\/13261\/revisions"}],"predecessor-version":[{"id":13262,"href":"https:\/\/tinychat.com\/es\/wp-json\/wp\/v2\/pages\/13261\/revisions\/13262"}],"wp:attachment":[{"href":"https:\/\/tinychat.com\/es\/wp-json\/wp\/v2\/media?parent=13261"}],"curies":[{"name":"wp","href":"https:\/\/api.w.org\/{rel}","templated":true}]}}