{"id":13263,"date":"2025-06-17T13:55:19","date_gmt":"2025-06-17T11:55:19","guid":{"rendered":"https:\/\/tinychat.com\/?page_id=13263"},"modified":"2025-06-17T13:56:41","modified_gmt":"2025-06-17T11:56:41","slug":"free-online-video-calls","status":"publish","type":"page","link":"https:\/\/tinychat.com\/es\/free-online-video-calls\/","title":{"rendered":"Videollamadas en l\u00ednea gratuitas"},"content":{"rendered":"<p>No es ning\u00fan secreto que las videollamadas gratuitas en l\u00ednea se han convertido en una de las formas m\u00e1s populares de mantener el contacto, conocer gente nueva y hacer la vida cotidiana un poco m\u00e1s humana. Tanto si quieres ponerte al d\u00eda con amigos de todo el mundo, como si trabajas desde casa o simplemente quieres establecer una nueva conexi\u00f3n, la posibilidad de ver y o\u00edr a alguien al instante (sin gastar un c\u00e9ntimo) ha cambiado por completo nuestra forma de interactuar en Internet.<\/p>\n<p>Atr\u00e1s quedaron los d\u00edas de las costosas llamadas internacionales o las largas esperas por correo electr\u00f3nico. Ahora, con solo un smartphone o un port\u00e1til, puedes unirte a un chat cara a cara con cualquier persona, en cualquier lugar y en cualquier momento.<\/p>\n<h2>\u00bfPor qu\u00e9 son tan populares las videollamadas gratuitas?<\/h2>\n<p>Hay una raz\u00f3n por la que casi todo el mundo utiliza las videollamadas gratuitas hoy en d\u00eda. He aqu\u00ed por qu\u00e9 han despegado:<\/p>\n<ul>\n<li>Coste cero: Olv\u00eddate de suscripciones caras o recargas de saldo: la mayor\u00eda de las principales plataformas son totalmente gratuitas.<\/li>\n<li>Conexi\u00f3n instant\u00e1nea: Sin esperas por mensajes de texto o correo electr\u00f3nico. Entabla una conversaci\u00f3n real, en vivo y en directo.<\/li>\n<li>Alcance mundial: Llama a amigos, familiares o gente nueva a cualquier parte del mundo, sin cargos adicionales.<\/li>\n<li>Uso flexible: Desde r\u00e1pidas puestas al d\u00eda a conversaciones en profundidad, las videollamadas se adaptan a cualquier horario y estado de \u00e1nimo.<\/li>\n<\/ul>\n<p>Ya sea para charlar con la familia, colaborar con compa\u00f1eros de trabajo o unirse a una llamada espont\u00e1nea con un desconocido, las videollamadas en l\u00ednea gratuitas se integran a la perfecci\u00f3n en la vida cotidiana.<\/p>\n<h2>\u00bfC\u00f3mo funcionan las videoconferencias en l\u00ednea gratuitas?<\/h2>\n<p>Empezar es f\u00e1cil, incluso para los principiantes:<\/p>\n<ol>\n<li>Elige una plataforma de videollamada (Zoom, Skype, WhatsApp, Google Meet o una aplicaci\u00f3n de chat de v\u00eddeo al azar).<\/li>\n<li>Cree una cuenta gratuita o, a veces, no necesita cuenta.<\/li>\n<li>Permite el acceso a tu c\u00e1mara y micr\u00f3fono.<\/li>\n<li>Env\u00eda un enlace o \u00fanete a una sala de reuniones, o empar\u00e9jate al instante si utilizas un sitio de chat aleatorio.<\/li>\n<li>Disfruta de la conversaci\u00f3n cara a cara todo el tiempo que quieras.<\/li>\n<\/ol>\n<p>As\u00ed de f\u00e1cil. Sin configuraciones complicadas ni dispositivos adicionales: s\u00f3lo t\u00fa y las personas que quieres ver.<\/p>\n<h2>Plataformas populares de videollamadas gratuitas<\/h2>\n<p>Existen cientos de opciones, cada una con sus propios puntos fuertes. Estas son algunas de las favoritas para diferentes necesidades:<\/p>\n<ul>\n<li>Zoom: Conocido por su fiabilidad y sus llamadas en grupo, es perfecto para el trabajo o las grandes reuniones familiares.<\/li>\n<li>Google Meet: Gratuito, basado en navegador y se integra con tu cuenta de Google.<\/li>\n<li>Skype: Un cl\u00e1sico, ideal tanto para videollamadas individuales como en grupo.<\/li>\n<li>WhatsApp\/Telegram: Perfecto para llamadas r\u00e1pidas desde el m\u00f3vil con amigos y familiares.<\/li>\n<li>Messenger\/Instagram: Ideal para chats sociales y videollamadas ocasionales.<\/li>\n<li>Aplicaciones de chat aleatorias (como Omegle, Chatroulette, Chatspin): Para conversaciones espont\u00e1neas con gente nueva de todo el mundo, sin necesidad de contactos.<\/li>\n<\/ul>\n<p>Para los que buscan algo un poco m\u00e1s aventurero, las plataformas centradas en conexiones de v\u00eddeo aleatorias te permiten hacer nuevos amigos o chatear con desconocidos al instante.<\/p>\n<h2>Videollamadas gratuitas en l\u00ednea frente a otras formas de conectarse<\/h2>\n<table>\n<thead>\n<tr>\n<th>Caracter\u00edstica<\/th>\n<th>Videollamadas en l\u00ednea gratuitas<\/th>\n<th>Aplicaciones de mensajer\u00eda<\/th>\n<th>Llamadas telef\u00f3nicas<\/th>\n<th>Videollamadas de pago<\/th>\n<\/tr>\n<\/thead>\n<tbody>\n<tr>\n<td>Interacci\u00f3n cara a cara<\/td>\n<td>\u2705<\/td>\n<td>\u274c<\/td>\n<td>\u274c<\/td>\n<td>\u2705<\/td>\n<\/tr>\n<tr>\n<td>Sin coste<\/td>\n<td>\u2705<\/td>\n<td>\u2705<\/td>\n<td>\u274c<\/td>\n<td>\u274c<\/td>\n<\/tr>\n<tr>\n<td>Alcance mundial<\/td>\n<td>\u2705<\/td>\n<td>\u2705<\/td>\n<td>\u274c<\/td>\n<td>\u2705<\/td>\n<\/tr>\n<tr>\n<td>Apoyo a grupos e individuales<\/td>\n<td>\u2705<\/td>\n<td>\u2705<\/td>\n<td>\u2705<\/td>\n<td>\u2705<\/td>\n<\/tr>\n<tr>\n<td>Emparejamiento aleatorio disponible<\/td>\n<td>\u2705 (en algunas aplicaciones)<\/td>\n<td>\u274c<\/td>\n<td>\u274c<\/td>\n<td>\u2705<\/td>\n<\/tr>\n<\/tbody>\n<\/table>\n<p>En resumen: Si quieres ver, o\u00edr y conectar de verdad con gente de cualquier parte del mundo, sin preocuparte por tu cartera, las videollamadas gratuitas son la soluci\u00f3n.<\/p>\n<h2>Seguridad y diversi\u00f3n<\/h2>\n<p>La mayor\u00eda de las plataformas de videollamadas online gratuitas son seguras, pero siempre es bueno tener en cuenta algunas cosas:<\/p>\n<ul>\n<li>Comparta enlaces de llamadas o datos personales s\u00f3lo con personas de confianza.<\/li>\n<li>Utiliza la privacidad y las salas de espera cuando organices reuniones multitudinarias.<\/li>\n<li>En los sitios de videochat aleatorios, utiliza un apodo y no des tus datos reales.<\/li>\n<li>Denuncia o bloquea a quien te incomode.<\/li>\n<li>Aseg\u00farate de que tu conexi\u00f3n a Internet es segura para que las llamadas sean m\u00e1s fluidas y seguras.<\/li>\n<\/ul>\n<p>Un poco de precauci\u00f3n hace mucho, sobre todo si es la primera vez que te relacionas con gente nueva.<\/p>\n<h2>Por qu\u00e9 a la gente le encanta hacer videollamadas gratis en l\u00ednea<\/h2>\n<p>No se trata s\u00f3lo de ahorrar dinero (aunque eso ayuda). He aqu\u00ed por qu\u00e9 la gente sigue volviendo:<\/p>\n<ul>\n<li>Cercan\u00eda: Ver la cara de alguien -incluso en una pantalla- hace que las conversaciones parezcan m\u00e1s genuinas.<\/li>\n<li>Flexibilidad: tomar un caf\u00e9 antes del trabajo, hablar hasta tarde con alguien de otro continente o hacer un check-in r\u00e1pido desde el tel\u00e9fono.<\/li>\n<li>Apertura: \u00danete a una llamada con amigos, familiares, compa\u00f1eros de trabajo o completos desconocidos, seg\u00fan tu estado de \u00e1nimo.<\/li>\n<li>Descubrimiento: En las plataformas de videollamadas aleatorias, nunca sabes a qui\u00e9n vas a conocer o qu\u00e9 vas a aprender.<\/li>\n<\/ul>\n<p>\"Empec\u00e9 a utilizar las videollamadas gratuitas por trabajo, pero ahora las uso para noches de juegos en familia, clubes de lectura e incluso para conocer a nuevos amigos de otros pa\u00edses. Es incre\u00edble lo que se puede hacer, todo gratis\".<\/p>\n<h2>Consejos para aprovechar al m\u00e1ximo las videollamadas gratuitas<\/h2>\n<ul>\n<li>Aseg\u00farate de que la c\u00e1mara y el micr\u00f3fono funcionan antes de empezar.<\/li>\n<li>Busca un lugar tranquilo y bien iluminado para mantener conversaciones m\u00e1s claras.<\/li>\n<li>Utiliza auriculares para reducir el ruido de fondo.<\/li>\n<li>Prueba a hacer llamadas en grupo para divertirte m\u00e1s, o llamadas privadas para charlar m\u00e1s en profundidad.<\/li>\n<li>Si est\u00e1s en un sitio de videollamadas al azar, s\u00e9 amable, abierto y prep\u00e1rate para pasar de largo si el ambiente no es el adecuado.<\/li>\n<\/ul>\n<p>Cambiar las cosas -llamando a distintas horas del d\u00eda o uni\u00e9ndose a distintas plataformas- puede mantener las cosas frescas y emocionantes.<\/p>\n<h2>Cu\u00e1ndo utilizar las videollamadas gratuitas en l\u00ednea<\/h2>\n<p>Las posibilidades son infinitas:<\/p>\n<ul>\n<li>Mantenerse en contacto con los seres queridos, sin importar la distancia<\/li>\n<li>Organizar una fiesta de cumplea\u00f1os virtual o una hora feliz<\/li>\n<li>Trabajar desde casa: reuniones de equipo, tormentas de ideas o llamadas de clientes.<\/li>\n<li>Estudiar con compa\u00f1eros de clase o participar en un intercambio ling\u00fc\u00edstico<\/li>\n<li>Conocer gente nueva y ampliar su c\u00edrculo social<\/li>\n<li>Obtener apoyo, asesoramiento o simplemente una cara amiga cuando lo necesite<\/li>\n<\/ul>\n<p>Ya sea por negocios, por placer o por pura curiosidad, siempre hay una buena raz\u00f3n para hacer una videollamada gratuita.<\/p>\n<p>Con velocidades de Internet cada vez m\u00e1s r\u00e1pidas y plataformas que mejoran cada a\u00f1o, las videollamadas en l\u00ednea gratuitas no hacen m\u00e1s que mejorar. Disfruta de v\u00eddeos a\u00fan m\u00e1s n\u00edtidos, cancelaci\u00f3n de ruido m\u00e1s inteligente, nuevas funciones divertidas como fondos y efectos, y m\u00e1s formas de establecer conexiones reales desde casa.<\/p>\n<p>Si a\u00fan no lo has probado -o s\u00f3lo lo usas para trabajar-, \u00bfpor qu\u00e9 no ves qu\u00e9 m\u00e1s hay? Hay todo un mundo esper\u00e1ndole a un clic de distancia.<\/p>\n<p>\u00bfListo para probar una nueva forma de conectar? Explore hoy mismo el mundo de las videollamadas en l\u00ednea gratuitas, ya sea con amigos, familiares o completos desconocidos. Te sorprender\u00e1 a qui\u00e9n conoces y lo cerca que te sientes... y todo sin gastar un c\u00e9ntimo.<\/p>","protected":false},"excerpt":{"rendered":"<p>It\u2019s no secret\u2014free online video calls have become one of the most popular ways to keep in touch, meet new people, and make daily life just a little bit more human. Whether you\u2019re catching up with friends across the world, working from home, or just want to make a new connection, the ability to see [&hellip;]<\/p>\n","protected":false},"author":8,"featured_media":0,"parent":0,"menu_order":0,"comment_status":"closed","ping_status":"closed","template":"","meta":{"footnotes":""},"class_list":["post-13263","page","type-page","status-publish","hentry"],"yoast_head":"<!-- This site is optimized with the Yoast SEO plugin v27.5 - https:\/\/yoast.com\/product\/yoast-seo-wordpress\/ -->\n<title>Free Online Video Calls with Video Chat on TinyChat.com<\/title>\n<meta name=\"description\" content=\"Enjoying Free Online Video Calls? Join over 50,000,000 strangers on TinyChat! Turn on your cam and start meeting new people, or find a match.\" \/>\n<meta name=\"robots\" content=\"index, follow, max-snippet:-1, max-image-preview:large, max-video-preview:-1\" \/>\n<link rel=\"canonical\" href=\"https:\/\/tinychat.com\/es\/free-online-video-calls\/\" \/>\n<meta property=\"og:locale\" content=\"es_ES\" \/>\n<meta property=\"og:type\" content=\"article\" \/>\n<meta property=\"og:title\" content=\"Free Online Video Calls with Video Chat on TinyChat.com\" \/>\n<meta property=\"og:description\" content=\"Enjoying Free Online Video Calls? Join over 50,000,000 strangers on TinyChat! Turn on your cam and start meeting new people, or find a match.\" \/>\n<meta property=\"og:url\" content=\"https:\/\/tinychat.com\/es\/free-online-video-calls\/\" \/>\n<meta property=\"og:site_name\" content=\"TinyChat\" \/>\n<meta property=\"article:publisher\" content=\"https:\/\/www.facebook.com\/tinychat\" \/>\n<meta property=\"article:modified_time\" content=\"2025-06-17T11:56:41+00:00\" \/>\n<meta property=\"og:image\" content=\"https:\/\/tinychat.com\/wp-content\/uploads\/2020\/04\/Tinychat-logo-1280x284-new-black.png\" \/>\n\t<meta property=\"og:image:width\" content=\"1280\" \/>\n\t<meta property=\"og:image:height\" content=\"284\" \/>\n\t<meta property=\"og:image:type\" content=\"image\/png\" \/>\n<meta name=\"twitter:card\" content=\"summary_large_image\" \/>\n<meta name=\"twitter:site\" content=\"@tinychat\" \/>\n<meta name=\"twitter:label1\" content=\"Tiempo de lectura\" \/>\n\t<meta name=\"twitter:data1\" content=\"5 minutos\" \/>\n<script type=\"application\/ld+json\" class=\"yoast-schema-graph\">{\"@context\":\"https:\\\/\\\/schema.org\",\"@graph\":[{\"@type\":\"WebPage\",\"@id\":\"https:\\\/\\\/tinychat.com\\\/free-online-video-calls\\\/\",\"url\":\"https:\\\/\\\/tinychat.com\\\/free-online-video-calls\\\/\",\"name\":\"Free Online Video Calls with Video Chat on TinyChat.com\",\"isPartOf\":{\"@id\":\"https:\\\/\\\/tinychat.com\\\/#website\"},\"datePublished\":\"2025-06-17T11:55:19+00:00\",\"dateModified\":\"2025-06-17T11:56:41+00:00\",\"description\":\"Enjoying Free Online Video Calls? Join over 50,000,000 strangers on TinyChat! Turn on your cam and start meeting new people, or find a match.\",\"breadcrumb\":{\"@id\":\"https:\\\/\\\/tinychat.com\\\/free-online-video-calls\\\/#breadcrumb\"},\"inLanguage\":\"es\",\"potentialAction\":[{\"@type\":\"ReadAction\",\"target\":[\"https:\\\/\\\/tinychat.com\\\/free-online-video-calls\\\/\"]}]},{\"@type\":\"BreadcrumbList\",\"@id\":\"https:\\\/\\\/tinychat.com\\\/free-online-video-calls\\\/#breadcrumb\",\"itemListElement\":[{\"@type\":\"ListItem\",\"position\":1,\"name\":\"Home\",\"item\":\"https:\\\/\\\/tinychat.com\\\/\"},{\"@type\":\"ListItem\",\"position\":2,\"name\":\"Free Online Video Calls\"}]},{\"@type\":\"WebSite\",\"@id\":\"https:\\\/\\\/tinychat.com\\\/#website\",\"url\":\"https:\\\/\\\/tinychat.com\\\/\",\"name\":\"TinyChat\",\"description\":\"Random Video Chat with Strangers\",\"publisher\":{\"@id\":\"https:\\\/\\\/tinychat.com\\\/#organization\"},\"alternateName\":\"TinyChat.com\",\"potentialAction\":[{\"@type\":\"SearchAction\",\"target\":{\"@type\":\"EntryPoint\",\"urlTemplate\":\"https:\\\/\\\/tinychat.com\\\/?s={search_term_string}\"},\"query-input\":{\"@type\":\"PropertyValueSpecification\",\"valueRequired\":true,\"valueName\":\"search_term_string\"}}],\"inLanguage\":\"es\"},{\"@type\":\"Organization\",\"@id\":\"https:\\\/\\\/tinychat.com\\\/#organization\",\"name\":\"TinyChat\",\"alternateName\":\"TinyChat.com\",\"url\":\"https:\\\/\\\/tinychat.com\\\/\",\"logo\":{\"@type\":\"ImageObject\",\"inLanguage\":\"es\",\"@id\":\"https:\\\/\\\/tinychat.com\\\/#\\\/schema\\\/logo\\\/image\\\/\",\"url\":\"https:\\\/\\\/tinychat.com\\\/wp-content\\\/uploads\\\/2023\\\/11\\\/Tinychat-icon-square.png\",\"contentUrl\":\"https:\\\/\\\/tinychat.com\\\/wp-content\\\/uploads\\\/2023\\\/11\\\/Tinychat-icon-square.png\",\"width\":284,\"height\":284,\"caption\":\"TinyChat\"},\"image\":{\"@id\":\"https:\\\/\\\/tinychat.com\\\/#\\\/schema\\\/logo\\\/image\\\/\"},\"sameAs\":[\"https:\\\/\\\/www.facebook.com\\\/tinychat\",\"https:\\\/\\\/x.com\\\/tinychat\"]}]}<\/script>\n<!-- \/ Yoast SEO plugin. -->","yoast_head_json":{"title":"Videollamadas en l\u00ednea gratuitas con chat de v\u00eddeo en TinyChat.com","description":"\u00bfDisfrutas de las videollamadas en l\u00ednea gratuitas? \u00a1\u00danete a m\u00e1s de 50.000.000 de desconocidos en TinyChat! Enciende tu c\u00e1mara y empieza a conocer gente nueva, o encuentra una pareja.","robots":{"index":"index","follow":"follow","max-snippet":"max-snippet:-1","max-image-preview":"max-image-preview:large","max-video-preview":"max-video-preview:-1"},"canonical":"https:\/\/tinychat.com\/es\/free-online-video-calls\/","og_locale":"es_ES","og_type":"article","og_title":"Free Online Video Calls with Video Chat on TinyChat.com","og_description":"Enjoying Free Online Video Calls? Join over 50,000,000 strangers on TinyChat! Turn on your cam and start meeting new people, or find a match.","og_url":"https:\/\/tinychat.com\/es\/free-online-video-calls\/","og_site_name":"TinyChat","article_publisher":"https:\/\/www.facebook.com\/tinychat","article_modified_time":"2025-06-17T11:56:41+00:00","og_image":[{"width":1280,"height":284,"url":"https:\/\/tinychat.com\/wp-content\/uploads\/2020\/04\/Tinychat-logo-1280x284-new-black.png","type":"image\/png"}],"twitter_card":"summary_large_image","twitter_site":"@tinychat","twitter_misc":{"Tiempo de lectura":"5 minutos"},"schema":{"@context":"https:\/\/schema.org","@graph":[{"@type":"WebPage","@id":"https:\/\/tinychat.com\/free-online-video-calls\/","url":"https:\/\/tinychat.com\/free-online-video-calls\/","name":"Videollamadas en l\u00ednea gratuitas con chat de v\u00eddeo en TinyChat.com","isPartOf":{"@id":"https:\/\/tinychat.com\/#website"},"datePublished":"2025-06-17T11:55:19+00:00","dateModified":"2025-06-17T11:56:41+00:00","description":"\u00bfDisfrutas de las videollamadas en l\u00ednea gratuitas? \u00a1\u00danete a m\u00e1s de 50.000.000 de desconocidos en TinyChat! Enciende tu c\u00e1mara y empieza a conocer gente nueva, o encuentra una pareja.","breadcrumb":{"@id":"https:\/\/tinychat.com\/free-online-video-calls\/#breadcrumb"},"inLanguage":"es","potentialAction":[{"@type":"ReadAction","target":["https:\/\/tinychat.com\/free-online-video-calls\/"]}]},{"@type":"BreadcrumbList","@id":"https:\/\/tinychat.com\/free-online-video-calls\/#breadcrumb","itemListElement":[{"@type":"ListItem","position":1,"name":"Home","item":"https:\/\/tinychat.com\/"},{"@type":"ListItem","position":2,"name":"Free Online Video Calls"}]},{"@type":"WebSite","@id":"https:\/\/tinychat.com\/#website","url":"https:\/\/tinychat.com\/","name":"TinyChat","description":"Videochat aleatorio con desconocidos","publisher":{"@id":"https:\/\/tinychat.com\/#organization"},"alternateName":"TinyChat.com","potentialAction":[{"@type":"SearchAction","target":{"@type":"EntryPoint","urlTemplate":"https:\/\/tinychat.com\/?s={search_term_string}"},"query-input":{"@type":"PropertyValueSpecification","valueRequired":true,"valueName":"search_term_string"}}],"inLanguage":"es"},{"@type":"Organization","@id":"https:\/\/tinychat.com\/#organization","name":"TinyChat","alternateName":"TinyChat.com","url":"https:\/\/tinychat.com\/","logo":{"@type":"ImageObject","inLanguage":"es","@id":"https:\/\/tinychat.com\/#\/schema\/logo\/image\/","url":"https:\/\/tinychat.com\/wp-content\/uploads\/2023\/11\/Tinychat-icon-square.png","contentUrl":"https:\/\/tinychat.com\/wp-content\/uploads\/2023\/11\/Tinychat-icon-square.png","width":284,"height":284,"caption":"TinyChat"},"image":{"@id":"https:\/\/tinychat.com\/#\/schema\/logo\/image\/"},"sameAs":["https:\/\/www.facebook.com\/tinychat","https:\/\/x.com\/tinychat"]}]}},"_links":{"self":[{"href":"https:\/\/tinychat.com\/es\/wp-json\/wp\/v2\/pages\/13263","targetHints":{"allow":["GET"]}}],"collection":[{"href":"https:\/\/tinychat.com\/es\/wp-json\/wp\/v2\/pages"}],"about":[{"href":"https:\/\/tinychat.com\/es\/wp-json\/wp\/v2\/types\/page"}],"author":[{"embeddable":true,"href":"https:\/\/tinychat.com\/es\/wp-json\/wp\/v2\/users\/8"}],"replies":[{"embeddable":true,"href":"https:\/\/tinychat.com\/es\/wp-json\/wp\/v2\/comments?post=13263"}],"version-history":[{"count":1,"href":"https:\/\/tinychat.com\/es\/wp-json\/wp\/v2\/pages\/13263\/revisions"}],"predecessor-version":[{"id":13264,"href":"https:\/\/tinychat.com\/es\/wp-json\/wp\/v2\/pages\/13263\/revisions\/13264"}],"wp:attachment":[{"href":"https:\/\/tinychat.com\/es\/wp-json\/wp\/v2\/media?parent=13263"}],"curies":[{"name":"wp","href":"https:\/\/api.w.org\/{rel}","templated":true}]}}