{"id":13268,"date":"2025-06-17T14:13:46","date_gmt":"2025-06-17T12:13:46","guid":{"rendered":"https:\/\/tinychat.com\/?page_id=13268"},"modified":"2025-06-17T14:13:46","modified_gmt":"2025-06-17T12:13:46","slug":"free-video-chat","status":"publish","type":"page","link":"https:\/\/tinychat.com\/es\/free-video-chat\/","title":{"rendered":"Videochat gratuito"},"content":{"rendered":"<p>Reconozc\u00e1moslo: el videochat gratuito ha cambiado nuestra forma de socializar, trabajar e incluso tener citas por Internet. Ya sea para ponerte al d\u00eda con viejos amigos, conocer a alguien nuevo o unirte a una animada llamada de grupo, la posibilidad de ver y o\u00edr a la gente en tiempo real (\u00a1gratis!) hace que cada conversaci\u00f3n parezca un poco m\u00e1s personal.<\/p>\n<p>\u00bfY lo mejor? No necesitas una suscripci\u00f3n premium ni equipos especiales. Con tu tel\u00e9fono o tu port\u00e1til, puedes entablar una conversaci\u00f3n con quien quieras, donde quieras y al instante.<\/p>\n<h2>\u00bfPor qu\u00e9 es tan popular el videochat gratuito?<\/h2>\n<p>Hay una raz\u00f3n por la que tanta gente se ha pasado a las plataformas gratuitas de videochat en los \u00faltimos a\u00f1os:<\/p>\n<ul>\n<li>Sin costes: Puedes conectarte con cualquier persona del mundo sin preocuparte de cuotas ni l\u00edmites mensuales.<\/li>\n<li>Espontaneidad: Desde saludos r\u00e1pidos a llamadas de horas, puedes chatear cuando te apetezca.<\/li>\n<li>F\u00e1cil acceso: La mayor\u00eda de las plataformas funcionan directamente en el navegador o a trav\u00e9s de una sencilla aplicaci\u00f3n, sin necesidad de descargas ni tarjetas de cr\u00e9dito.<\/li>\n<li>Conoce gente nueva: Con opciones como el videochat aleatorio gratuito, puedes conectar con desconocidos de todo el mundo con solo pulsar un bot\u00f3n.<\/li>\n<li>Privacidad y control: Empieza con un apodo o mantente en el anonimato si quieres. Siempre tienes el control.<\/li>\n<\/ul>\n<p>Tanto si quieres chatear con amigos como conocer a completos desconocidos, las plataformas gratuitas de videochat te ponen en el asiento del conductor.<\/p>\n<h2>\u00bfC\u00f3mo funciona el videochat gratuito?<\/h2>\n<p>Empezar no puede ser m\u00e1s sencillo. Este es el proceso t\u00edpico:<\/p>\n<ol>\n<li>Abre un sitio o aplicaci\u00f3n de videochat gratuito (piensa en Omegle, Chatspin, TinyChat, o incluso Zoom y Google Meet para llamadas en grupo).<\/li>\n<li>Permite el acceso a tu c\u00e1mara y micr\u00f3fono.<\/li>\n<li>Elige tu modo: uno a uno, chat de grupo o videochat aleatorio gratuito.<\/li>\n<li>Con\u00e9ctese al instante: en la mayor\u00eda de los sitios no es necesario registrarse ni pagar.<\/li>\n<li>Chatea todo el tiempo que quieras y sigue adelante cuando te apetezca.<\/li>\n<\/ol>\n<p>Muchas plataformas tambi\u00e9n ofrecen opciones como videoconferencias en grupo gratuitas o salas de chat tem\u00e1ticas, para que puedas adaptar tu experiencia a tu estado de \u00e1nimo.<\/p>\n<h2>Las mejores plataformas de videoconferencias gratuitas<\/h2>\n<p>Con tantas opciones, hay para todos los gustos. Aqu\u00ed tienes algunas de las mejores opciones, tanto si quieres conocer gente nueva, quedar con amigos u organizar una fiesta virtual:<\/p>\n<ul>\n<li>Omegle: Famoso por su videochat aleatorio gratuito con desconocidos de todo el mundo.<\/li>\n<li>Chatroulette: Ofrece conexiones aleatorias con un ambiente divertido y trepidante.<\/li>\n<li>Chatspin: Te permite filtrar por ubicaci\u00f3n e intereses para una mejor coincidencia.<\/li>\n<li>TinyChat: Perfecto para videochats de grupo gratuitos con salas y eventos tem\u00e1ticos.<\/li>\n<li>Camsurf: Genial para conexiones r\u00e1pidas, f\u00e1ciles y an\u00f3nimas.<\/li>\n<li>Zoom\/Google Meet: lo mejor para videollamadas en grupo con amigos, familiares o compa\u00f1eros de trabajo.<\/li>\n<li>Skype\/WhatsApp: Ideal para videoconferencias privadas e individuales con tus conocidos.<\/li>\n<\/ul>\n<p>Para quienes se sientan aventureros, las plataformas que se centran en el videochat aleatorio y gratuito con desconocidos ofrecen una forma f\u00e1cil de conocer caras nuevas y quiz\u00e1 incluso hacer un amigo en otro pa\u00eds.<\/p>\n<h2>Videochat gratuito frente a otras formas de comunicaci\u00f3n en l\u00ednea<\/h2>\n<table>\n<thead>\n<tr>\n<th>Caracter\u00edstica<\/th>\n<th>Videochat gratuito<\/th>\n<th>Aplicaciones de mensajer\u00eda<\/th>\n<th>Llamadas telef\u00f3nicas<\/th>\n<th>Videochat de pago<\/th>\n<\/tr>\n<\/thead>\n<tbody>\n<tr>\n<td>Cara a cara en tiempo real<\/td>\n<td>\u2705<\/td>\n<td>\u274c<\/td>\n<td>\u274c<\/td>\n<td>\u2705<\/td>\n<\/tr>\n<tr>\n<td>Sin coste<\/td>\n<td>\u2705<\/td>\n<td>\u2705<\/td>\n<td>\u274c<\/td>\n<td>\u274c<\/td>\n<\/tr>\n<tr>\n<td>Emparejamiento aleatorio<\/td>\n<td>\u2705 (en algunas plataformas)<\/td>\n<td>\u274c<\/td>\n<td>\u274c<\/td>\n<td>\u2705<\/td>\n<\/tr>\n<tr>\n<td>Admite grupos y sesiones individuales<\/td>\n<td>\u2705<\/td>\n<td>\u2705<\/td>\n<td>\u2705<\/td>\n<td>\u2705<\/td>\n<\/tr>\n<tr>\n<td>Anonimato disponible<\/td>\n<td>\u2705<\/td>\n<td>\u2705<\/td>\n<td>\u274c<\/td>\n<td>\u2705<\/td>\n<\/tr>\n<\/tbody>\n<\/table>\n<p>El videochat gratuito combina lo mejor de todos los mundos: instant\u00e1neo, personal, flexible y totalmente asequible.<\/p>\n<h2>C\u00f3mo mantenerse a salvo<\/h2>\n<p>La mayor\u00eda de las plataformas se esfuerzan por mantener la seguridad, pero algunos h\u00e1bitos inteligentes mejoran a\u00fan m\u00e1s tu experiencia:<\/p>\n<ul>\n<li>Utiliza un apodo y evita compartir tu apellido u otros datos personales.<\/li>\n<li>No hagas clic en enlaces extra\u00f1os ni compartas im\u00e1genes privadas, especialmente en sitios de videochat aleatorios gratuitos.<\/li>\n<li>Si una conversaci\u00f3n te parece mal, sigue adelante. No hace falta dar explicaciones.<\/li>\n<li>Utiliza las funciones de bloqueo y denuncia en caso de comportamiento inadecuado.<\/li>\n<li>Comprueba las directrices de la plataforma, especialmente las restricciones de edad y la configuraci\u00f3n de privacidad.<\/li>\n<\/ul>\n<p>Un poco de precauci\u00f3n significa mucha m\u00e1s diversi\u00f3n y tranquilidad, sobre todo al charlar con desconocidos.<\/p>\n<h2>Por qu\u00e9 la gente adora el chat de v\u00eddeo aleatorio gratuito<\/h2>\n<p>Hay algo especial en hablar con alguien a quien nunca habr\u00edas conocido de otra forma. Las plataformas gratuitas de videochat aleatorio te lo ponen f\u00e1cil:<\/p>\n<ul>\n<li>Salga de su rutina y hable con gente de todo el mundo.<\/li>\n<li>Practique un nuevo idioma, comparta historias o simplemente r\u00edase con un desconocido.<\/li>\n<li>Vencer la soledad o el aburrimiento, sobre todo en las noches tranquilas.<\/li>\n<li>Explore nuevas culturas, opiniones e ideas en tiempo real.<\/li>\n<\/ul>\n<p>\"Empec\u00e9 a usar el videochat aleatorio gratuito s\u00f3lo para pasar el rato, pero acab\u00e9 haciendo amigos en tres continentes. Sinceramente, es adictivo\".<\/p>\n<p>\"A veces tienes charlas r\u00e1pidas y tontas. A veces conoces a alguien que realmente te cambia el d\u00eda\".<\/p>\n<h2>Consejos para aprovechar al m\u00e1ximo su experiencia<\/h2>\n<ul>\n<li>Comprueba la c\u00e1mara y el micr\u00f3fono antes de empezar para no perderte ni un momento.<\/li>\n<li>Busca un lugar tranquilo y bien iluminado para llamar mejor.<\/li>\n<li>Sonr\u00ede, rel\u00e1jate y no temas poner fin a una charla que no es para ti.<\/li>\n<li>Pruebe las salas de videoconferencia en grupo si desea un ambiente festivo, o prefiera las conversaciones individuales para profundizar en el tema.<\/li>\n<li>Comb\u00ednalo: utiliza llamadas aleatorias y privadas en funci\u00f3n de tu estado de \u00e1nimo.<\/li>\n<\/ul>\n<p>Cambiar de plataforma, de hora del d\u00eda o incluso de pa\u00eds (utilizando VPN) puede dar lugar a conversaciones totalmente nuevas.<\/p>\n<h2>\u00bfQui\u00e9n utiliza el chat de v\u00eddeo gratuito?<\/h2>\n<p>Para todos El videochat gratuito es perfecto para:<\/p>\n<ul>\n<li>Estudiantes que estudian o socializan a distancia<\/li>\n<li>N\u00f3madas digitales y trabajadores a distancia<\/li>\n<li>Personas que buscan hacer amigos o encontrar el amor en Internet<\/li>\n<li>Los estudiantes de idiomas quieren conversaciones reales<\/li>\n<li>Cualquiera que se aburra en casa y necesite compa\u00f1\u00eda<\/li>\n<\/ul>\n<p>Desde charlas informales hasta conexiones significativas, aqu\u00ed hay algo para todas las edades y procedencias (s\u00f3lo aseg\u00farate de ce\u00f1irte a las salas y directrices apropiadas para cada edad).<\/p>\n<h2>Cu\u00e1ndo utilizar el chat de v\u00eddeo gratuito<\/h2>\n<ul>\n<li>P\u00f3ngase al d\u00eda con amigos y familiares, cercanos o lejanos<\/li>\n<li>Organiza quedadas virtuales, noches de juegos o grupos de estudio<\/li>\n<li>Conocer gente nueva en plataformas de chat aleatorias<\/li>\n<li>Acudir a citas virtuales antes de conocerse en persona<\/li>\n<li>Colaborar con compa\u00f1eros de trabajo o de estudio<\/li>\n<li>Practicar entrevistas, presentaciones o idiomas en directo<\/li>\n<\/ul>\n<p>Si tienes una webcam y un poco de curiosidad, \u00a1ya est\u00e1s listo!<\/p>\n<p>El videochat gratuito es tu puerta abierta al mundo. Con opciones para llamadas de grupo, desconocidos al azar, conversaciones privadas y todo tipo de comunidades intermedias, nunca ha sido tan f\u00e1cil -ni tan asequible- conectarse. Si quieres hacer amigos, aprender, re\u00edr o simplemente romper con la rutina, todo lo que necesitas es un clic y una sonrisa.<\/p>\n<p>\u00bfListo para probarlo? Abre hoy mismo una plataforma de videochat gratuita y descubre qui\u00e9n est\u00e1 esperando conocerte. Tu pr\u00f3xima gran conversaci\u00f3n est\u00e1 ah\u00ed fuera, \u00bfpor qu\u00e9 no empezar ahora?<\/p>","protected":false},"excerpt":{"rendered":"<p>Let\u2019s face it\u2014free video chat has changed the way we socialize, work, and even date online. Whether you\u2019re catching up with old friends, meeting someone new, or joining a lively group call, the ability to see and hear people in real time (for free!) makes every conversation feel a little more personal. The best part? [&hellip;]<\/p>\n","protected":false},"author":8,"featured_media":0,"parent":0,"menu_order":0,"comment_status":"closed","ping_status":"closed","template":"","meta":{"footnotes":""},"class_list":["post-13268","page","type-page","status-publish","hentry"],"yoast_head":"<!-- This site is optimized with the Yoast SEO plugin v27.4 - https:\/\/yoast.com\/product\/yoast-seo-wordpress\/ -->\n<title>Free Video Chat with Video Chat on TinyChat.com<\/title>\n<meta name=\"description\" content=\"Enjoying Free Video Chat? Join over 50,000,000 strangers on TinyChat! Turn on your cam and start meeting new people, or find a match.\" \/>\n<meta name=\"robots\" content=\"index, follow, max-snippet:-1, max-image-preview:large, max-video-preview:-1\" \/>\n<link rel=\"canonical\" href=\"https:\/\/tinychat.com\/es\/free-video-chat\/\" \/>\n<meta property=\"og:locale\" content=\"es_ES\" \/>\n<meta property=\"og:type\" content=\"article\" \/>\n<meta property=\"og:title\" content=\"Free Video Chat with Video Chat on TinyChat.com\" \/>\n<meta property=\"og:description\" content=\"Enjoying Free Video Chat? Join over 50,000,000 strangers on TinyChat! Turn on your cam and start meeting new people, or find a match.\" \/>\n<meta property=\"og:url\" content=\"https:\/\/tinychat.com\/es\/free-video-chat\/\" \/>\n<meta property=\"og:site_name\" content=\"TinyChat\" \/>\n<meta property=\"article:publisher\" content=\"https:\/\/www.facebook.com\/tinychat\" \/>\n<meta property=\"og:image\" content=\"https:\/\/tinychat.com\/wp-content\/uploads\/2020\/04\/Tinychat-logo-1280x284-new-black.png\" \/>\n\t<meta property=\"og:image:width\" content=\"1280\" \/>\n\t<meta property=\"og:image:height\" content=\"284\" \/>\n\t<meta property=\"og:image:type\" content=\"image\/png\" \/>\n<meta name=\"twitter:card\" content=\"summary_large_image\" \/>\n<meta name=\"twitter:site\" content=\"@tinychat\" \/>\n<meta name=\"twitter:label1\" content=\"Tiempo de lectura\" \/>\n\t<meta name=\"twitter:data1\" content=\"5 minutos\" \/>\n<script type=\"application\/ld+json\" class=\"yoast-schema-graph\">{\"@context\":\"https:\\\/\\\/schema.org\",\"@graph\":[{\"@type\":\"WebPage\",\"@id\":\"https:\\\/\\\/tinychat.com\\\/free-video-chat\\\/\",\"url\":\"https:\\\/\\\/tinychat.com\\\/free-video-chat\\\/\",\"name\":\"Free Video Chat with Video Chat on TinyChat.com\",\"isPartOf\":{\"@id\":\"https:\\\/\\\/tinychat.com\\\/#website\"},\"datePublished\":\"2025-06-17T12:13:46+00:00\",\"description\":\"Enjoying Free Video Chat? Join over 50,000,000 strangers on TinyChat! Turn on your cam and start meeting new people, or find a match.\",\"breadcrumb\":{\"@id\":\"https:\\\/\\\/tinychat.com\\\/free-video-chat\\\/#breadcrumb\"},\"inLanguage\":\"es\",\"potentialAction\":[{\"@type\":\"ReadAction\",\"target\":[\"https:\\\/\\\/tinychat.com\\\/free-video-chat\\\/\"]}]},{\"@type\":\"BreadcrumbList\",\"@id\":\"https:\\\/\\\/tinychat.com\\\/free-video-chat\\\/#breadcrumb\",\"itemListElement\":[{\"@type\":\"ListItem\",\"position\":1,\"name\":\"Home\",\"item\":\"https:\\\/\\\/tinychat.com\\\/\"},{\"@type\":\"ListItem\",\"position\":2,\"name\":\"Free Video Chat\"}]},{\"@type\":\"WebSite\",\"@id\":\"https:\\\/\\\/tinychat.com\\\/#website\",\"url\":\"https:\\\/\\\/tinychat.com\\\/\",\"name\":\"TinyChat\",\"description\":\"Random Video Chat with Strangers\",\"publisher\":{\"@id\":\"https:\\\/\\\/tinychat.com\\\/#organization\"},\"alternateName\":\"TinyChat.com\",\"potentialAction\":[{\"@type\":\"SearchAction\",\"target\":{\"@type\":\"EntryPoint\",\"urlTemplate\":\"https:\\\/\\\/tinychat.com\\\/?s={search_term_string}\"},\"query-input\":{\"@type\":\"PropertyValueSpecification\",\"valueRequired\":true,\"valueName\":\"search_term_string\"}}],\"inLanguage\":\"es\"},{\"@type\":\"Organization\",\"@id\":\"https:\\\/\\\/tinychat.com\\\/#organization\",\"name\":\"TinyChat\",\"alternateName\":\"TinyChat.com\",\"url\":\"https:\\\/\\\/tinychat.com\\\/\",\"logo\":{\"@type\":\"ImageObject\",\"inLanguage\":\"es\",\"@id\":\"https:\\\/\\\/tinychat.com\\\/#\\\/schema\\\/logo\\\/image\\\/\",\"url\":\"https:\\\/\\\/tinychat.com\\\/wp-content\\\/uploads\\\/2023\\\/11\\\/Tinychat-icon-square.png\",\"contentUrl\":\"https:\\\/\\\/tinychat.com\\\/wp-content\\\/uploads\\\/2023\\\/11\\\/Tinychat-icon-square.png\",\"width\":284,\"height\":284,\"caption\":\"TinyChat\"},\"image\":{\"@id\":\"https:\\\/\\\/tinychat.com\\\/#\\\/schema\\\/logo\\\/image\\\/\"},\"sameAs\":[\"https:\\\/\\\/www.facebook.com\\\/tinychat\",\"https:\\\/\\\/x.com\\\/tinychat\"]}]}<\/script>\n<!-- \/ Yoast SEO plugin. -->","yoast_head_json":{"title":"Videochat gratis con Videochat en TinyChat.com","description":"\u00bfDisfrutas del videochat gratis? \u00a1\u00danete a m\u00e1s de 50.000.000 de desconocidos en TinyChat! Enciende tu c\u00e1mara y empieza a conocer gente nueva, o encuentra una pareja.","robots":{"index":"index","follow":"follow","max-snippet":"max-snippet:-1","max-image-preview":"max-image-preview:large","max-video-preview":"max-video-preview:-1"},"canonical":"https:\/\/tinychat.com\/es\/free-video-chat\/","og_locale":"es_ES","og_type":"article","og_title":"Free Video Chat with Video Chat on TinyChat.com","og_description":"Enjoying Free Video Chat? Join over 50,000,000 strangers on TinyChat! Turn on your cam and start meeting new people, or find a match.","og_url":"https:\/\/tinychat.com\/es\/free-video-chat\/","og_site_name":"TinyChat","article_publisher":"https:\/\/www.facebook.com\/tinychat","og_image":[{"width":1280,"height":284,"url":"https:\/\/tinychat.com\/wp-content\/uploads\/2020\/04\/Tinychat-logo-1280x284-new-black.png","type":"image\/png"}],"twitter_card":"summary_large_image","twitter_site":"@tinychat","twitter_misc":{"Tiempo de lectura":"5 minutos"},"schema":{"@context":"https:\/\/schema.org","@graph":[{"@type":"WebPage","@id":"https:\/\/tinychat.com\/free-video-chat\/","url":"https:\/\/tinychat.com\/free-video-chat\/","name":"Videochat gratis con Videochat en TinyChat.com","isPartOf":{"@id":"https:\/\/tinychat.com\/#website"},"datePublished":"2025-06-17T12:13:46+00:00","description":"\u00bfDisfrutas del videochat gratis? \u00a1\u00danete a m\u00e1s de 50.000.000 de desconocidos en TinyChat! Enciende tu c\u00e1mara y empieza a conocer gente nueva, o encuentra una pareja.","breadcrumb":{"@id":"https:\/\/tinychat.com\/free-video-chat\/#breadcrumb"},"inLanguage":"es","potentialAction":[{"@type":"ReadAction","target":["https:\/\/tinychat.com\/free-video-chat\/"]}]},{"@type":"BreadcrumbList","@id":"https:\/\/tinychat.com\/free-video-chat\/#breadcrumb","itemListElement":[{"@type":"ListItem","position":1,"name":"Home","item":"https:\/\/tinychat.com\/"},{"@type":"ListItem","position":2,"name":"Free Video Chat"}]},{"@type":"WebSite","@id":"https:\/\/tinychat.com\/#website","url":"https:\/\/tinychat.com\/","name":"TinyChat","description":"Videochat aleatorio con desconocidos","publisher":{"@id":"https:\/\/tinychat.com\/#organization"},"alternateName":"TinyChat.com","potentialAction":[{"@type":"SearchAction","target":{"@type":"EntryPoint","urlTemplate":"https:\/\/tinychat.com\/?s={search_term_string}"},"query-input":{"@type":"PropertyValueSpecification","valueRequired":true,"valueName":"search_term_string"}}],"inLanguage":"es"},{"@type":"Organization","@id":"https:\/\/tinychat.com\/#organization","name":"TinyChat","alternateName":"TinyChat.com","url":"https:\/\/tinychat.com\/","logo":{"@type":"ImageObject","inLanguage":"es","@id":"https:\/\/tinychat.com\/#\/schema\/logo\/image\/","url":"https:\/\/tinychat.com\/wp-content\/uploads\/2023\/11\/Tinychat-icon-square.png","contentUrl":"https:\/\/tinychat.com\/wp-content\/uploads\/2023\/11\/Tinychat-icon-square.png","width":284,"height":284,"caption":"TinyChat"},"image":{"@id":"https:\/\/tinychat.com\/#\/schema\/logo\/image\/"},"sameAs":["https:\/\/www.facebook.com\/tinychat","https:\/\/x.com\/tinychat"]}]}},"_links":{"self":[{"href":"https:\/\/tinychat.com\/es\/wp-json\/wp\/v2\/pages\/13268","targetHints":{"allow":["GET"]}}],"collection":[{"href":"https:\/\/tinychat.com\/es\/wp-json\/wp\/v2\/pages"}],"about":[{"href":"https:\/\/tinychat.com\/es\/wp-json\/wp\/v2\/types\/page"}],"author":[{"embeddable":true,"href":"https:\/\/tinychat.com\/es\/wp-json\/wp\/v2\/users\/8"}],"replies":[{"embeddable":true,"href":"https:\/\/tinychat.com\/es\/wp-json\/wp\/v2\/comments?post=13268"}],"version-history":[{"count":3,"href":"https:\/\/tinychat.com\/es\/wp-json\/wp\/v2\/pages\/13268\/revisions"}],"predecessor-version":[{"id":13271,"href":"https:\/\/tinychat.com\/es\/wp-json\/wp\/v2\/pages\/13268\/revisions\/13271"}],"wp:attachment":[{"href":"https:\/\/tinychat.com\/es\/wp-json\/wp\/v2\/media?parent=13268"}],"curies":[{"name":"wp","href":"https:\/\/api.w.org\/{rel}","templated":true}]}}