{"id":13273,"date":"2025-06-17T14:20:28","date_gmt":"2025-06-17T12:20:28","guid":{"rendered":"https:\/\/tinychat.com\/?page_id=13273"},"modified":"2025-06-17T14:20:28","modified_gmt":"2025-06-17T12:20:28","slug":"video-chat-with-women","status":"publish","type":"page","link":"https:\/\/tinychat.com\/es\/video-chat-with-women\/","title":{"rendered":"Videochat con mujeres"},"content":{"rendered":"<p>En los \u00faltimos a\u00f1os, cada vez m\u00e1s gente busca formas de chatear por v\u00eddeo con mujeres en Internet. No es dif\u00edcil entender por qu\u00e9: el videochat es personal, en tiempo real, y resulta mucho m\u00e1s aut\u00e9ntico que los mensajes de texto interminables o el barrido de perfiles. Tanto si lo que quieres es hacer una nueva amiga, ligar o simplemente mantener una conversaci\u00f3n real con alguien del otro lado del mundo, el videochat con mujeres ofrece una forma nueva y espont\u00e1nea de conectar.<\/p>\n<p>Las plataformas actuales facilitan las cosas, sin complicadas configuraciones ni d\u00edas de espera para las respuestas. S\u00f3lo tienes que hacer clic, conectarte y ver c\u00f3mo evoluciona la conversaci\u00f3n. En esta gu\u00eda descubrir\u00e1s c\u00f3mo empezar, qu\u00e9 plataformas probar y c\u00f3mo sacar el m\u00e1ximo partido a tu experiencia, tanto si es la primera vez que entablas conversaci\u00f3n como si eres un experto.<\/p>\n<h2>\u00bfQu\u00e9 hace tan atractivo el videochat con mujeres?<\/h2>\n<p>Seamos sinceros: hablar cara a cara es diferente. El videochat te permite ver sonrisas, o\u00edr risas y captar todas esas peque\u00f1as cosas que no aparecen en los mensajes de texto. Por eso mucha gente prefiere el videochat con mujeres a las aplicaciones tradicionales de citas o las redes sociales.<\/p>\n<p>Esto es lo que atrae a la gente:<\/p>\n<ul>\n<li>Interacci\u00f3n real: No es s\u00f3lo texto en una pantalla: puedes ver y o\u00edr a la otra persona en tiempo real.<\/li>\n<li>Qu\u00edmica instant\u00e1nea: Sabr\u00e1s en segundos si hay buenas vibraciones, ahorrando tiempo a todos.<\/li>\n<li>Sin esperas: Si utilizas un sitio de videochat aleatorio, puedes conocer a alguien nuevo en cuesti\u00f3n de segundos, no de d\u00edas.<\/li>\n<li>Conexiones m\u00e1s respetuosas: La mayor\u00eda de las plataformas fomentan mejores modales cuando est\u00e1s cara a cara.<\/li>\n<li>Diversi\u00f3n y variedad: Cada conversaci\u00f3n es una sorpresa. Una charla puede ser ligera y tonta, y la siguiente profunda y significativa.<\/li>\n<\/ul>\n<h2>C\u00f3mo iniciar un videochat con mujeres en l\u00ednea<\/h2>\n<p>Nunca ha sido tan f\u00e1cil empezar. Este es el camino t\u00edpico:<\/p>\n<ol>\n<li>Elige una plataforma: hay sitios espec\u00edficos para videochats aleatorios con mujeres, o aplicaciones de chat m\u00e1s amplias con filtros de g\u00e9nero.<\/li>\n<li>Prepara la c\u00e1mara y el micr\u00f3fono. Una buena conexi\u00f3n a Internet tambi\u00e9n ayuda.<\/li>\n<li>Utiliza un apodo o tu nombre de pila real: la mayor\u00eda de las plataformas no exigen perfiles completos.<\/li>\n<li>Haz clic para empezar a chatear y ser\u00e1s emparejado con mujeres interesadas en conocer gente nueva.<\/li>\n<li>Si no encaja, siempre puede pasar a la siguiente conversaci\u00f3n, sin incomodidades ni presiones.<\/li>\n<\/ol>\n<p>Muchas plataformas tambi\u00e9n ofrecen la opci\u00f3n de empezar con texto o audio, para que puedas iniciarte si eres t\u00edmido o quieres familiarizarte primero con la plataforma.<\/p>\n<h2>Las mejores plataformas para videochatear con mujeres<\/h2>\n<p>La plataforma adecuada depende de tu estilo: \u00bfquieres algo informal, coqueto o centrado en la amistad? Aqu\u00ed tienes algunas de las mejores opciones:<\/p>\n<ul>\n<li>CooMeet: conocida por conectar a hombres con usuarias verificadas, lo que facilita a quienes buscan conversaciones genuinas con mujeres.<\/li>\n<li>Chatspin: Cuenta con filtros de g\u00e9nero y una interfaz sencilla para chats aleatorios y privados.<\/li>\n<li>Chatrandom (Chat de chicas): Te permite conectar directamente con mujeres que buscan chatear filtrando a otros usuarios.<\/li>\n<li>OmeTV y Chatroulette: Ambos ofrecen un alcance global y emparejamientos aleatorios, con una gran comunidad de mujeres en l\u00ednea.<\/li>\n<li>LuckyCrush: Empareja al azar a hombres y mujeres para sesiones instant\u00e1neas de videochat uno a uno.<\/li>\n<li>TinyChat: Mejor para chats de grupo o salas de v\u00eddeo tem\u00e1ticas, pero tambi\u00e9n son posibles las conexiones privadas con mujeres.<\/li>\n<\/ul>\n<p>Pruebe unos cuantos para ver qu\u00e9 ambiente le conviene: cada uno tiene su propia comunidad y estilo.<\/p>\n<h2>Qu\u00e9 esperar: Videochat aleatorio con mujeres<\/h2>\n<p>El videochat aleatorio es un poco como las citas r\u00e1pidas en l\u00ednea, pero sin presiones. Te unes a una plataforma, haces clic para empezar y al instante te emparejan con alguien nuevo. Si conectas, sigues hablando. Si no, pasas p\u00e1gina, sin rencores.<\/p>\n<p>Esto es lo que hace que el videochat aleatorio con mujeres sea \u00fanico:<\/p>\n<ul>\n<li>Variedad total: Conoce a mujeres de todas las profesiones y condiciones sociales y de todo el mundo.<\/li>\n<li>Reacciones aut\u00e9nticas: Vea expresiones reales y escuche risas sinceras (o gemidos ante sus chistes).<\/li>\n<li>Control total: Permanece en un chat todo el tiempo que quieras o salta a otra persona en cualquier momento.<\/li>\n<li>Compromiso cero: Sin n\u00fameros, sin relaciones sociales, a menos que ambos quieran.<\/li>\n<\/ul>\n<h2>Consejos para un buen videochat con mujeres<\/h2>\n<p>Tanto si est\u00e1s all\u00ed para divertirte como si esperas establecer una conexi\u00f3n real, estos consejos te ayudar\u00e1n a tener mejores conversaciones:<\/p>\n<ul>\n<li>S\u00e9 respetuoso: Trata a todas las mujeres que conozcas como te gustar\u00eda que te trataran a ti. Los modales sencillos ayudan mucho.<\/li>\n<li>Empieza con un saludo genuino: \"Hola, \u00bfqu\u00e9 tal?\" es mejor que una frase gen\u00e9rica para ligar.<\/li>\n<li>Sonr\u00ede y establece contacto visual: Incluso a trav\u00e9s de una pantalla, ayuda a generar confianza y comodidad.<\/li>\n<li>Encuentre puntos en com\u00fan: Pregunte por sus intereses, aficiones o m\u00fasica favorita. A la gente le encanta hablar de cosas que le gustan.<\/li>\n<li>No se precipite: Deja que la conversaci\u00f3n fluya. Si hay qu\u00edmica, ambos lo notar\u00e9is.<\/li>\n<li>Respeta los l\u00edmites: Si no le interesas o te pide que pasemos p\u00e1gina, no te lo tomes como algo personal.<\/li>\n<\/ul>\n<p>Recuerde: cada chat es una nueva oportunidad, y no todas las conexiones ser\u00e1n \"la elegida\". Eso forma parte de la diversi\u00f3n.<\/p>\n<h2>Seguridad en las plataformas de videoconferencia gratuitas<\/h2>\n<p>La mayor\u00eda de las plataformas son seguras, pero algunas precauciones har\u00e1n que tu experiencia sea positiva:<\/p>\n<ul>\n<li>No compartas datos personales (nombre completo, direcci\u00f3n, n\u00famero de tel\u00e9fono) hasta que te sientas c\u00f3modo.<\/li>\n<li>Utiliza un apodo si no est\u00e1s preparado para revelar tu nombre real.<\/li>\n<li>Nunca env\u00edes dinero o informaci\u00f3n confidencial a alguien que acabas de conocer.<\/li>\n<li>Si alguien es inapropiado, utiliza las funciones de bloqueo\/denuncia. Todas las buenas plataformas las tienen.<\/li>\n<li>Para mayor privacidad, utilice un fondo neutro y evite mostrar informaci\u00f3n identificable ante la c\u00e1mara.<\/li>\n<\/ul>\n<p>La seguridad es lo primero, sobre todo si utilizas un sitio de videochat gratis con mujeres abierto a cualquiera.<\/p>\n<h2>Videochat gratuito o de pago: \u00bfCu\u00e1l es la diferencia?<\/h2>\n<p>La mayor\u00eda de las plataformas ofrecen como funci\u00f3n principal el videochat gratuito con mujeres. Algunas tienen opciones de pago para funciones adicionales, como filtros de g\u00e9nero, regalos virtuales o emparejamiento prioritario. He aqu\u00ed un r\u00e1pido desglose:<\/p>\n<table>\n<thead>\n<tr>\n<th>Caracter\u00edstica<\/th>\n<th>Videochat gratis con mujeres<\/th>\n<th>Videochat de pago<\/th>\n<\/tr>\n<\/thead>\n<tbody>\n<tr>\n<td>Sin coste<\/td>\n<td>\u2705<\/td>\n<td>\u274c<\/td>\n<\/tr>\n<tr>\n<td>Emparejamiento aleatorio<\/td>\n<td>\u2705<\/td>\n<td>\u2705<\/td>\n<\/tr>\n<tr>\n<td>Filtros de g\u00e9nero<\/td>\n<td>\u2705 (en algunos)<\/td>\n<td>\u2705<\/td>\n<\/tr>\n<tr>\n<td>Salas de chat en grupo<\/td>\n<td>\u2705 (en algunos)<\/td>\n<td>\u2705<\/td>\n<\/tr>\n<tr>\n<td>Chats prioritarios o privados<\/td>\n<td>\u274c<\/td>\n<td>\u2705<\/td>\n<\/tr>\n<tr>\n<td>Acceso a funciones premium<\/td>\n<td>\u274c<\/td>\n<td>\u2705<\/td>\n<\/tr>\n<\/tbody>\n<\/table>\n<p>Para la mayor\u00eda de los usuarios, las plataformas gratuitas son m\u00e1s que suficientes para mantener buenas conversaciones. Las versiones de pago solo merecen la pena si se quiere garantizar una experiencia determinada o saltarse las colas.<\/p>\n<h2>Por qu\u00e9 chatear por v\u00eddeo con las mujeres es mejor que hacer swipe o enviar mensajes<\/h2>\n<p>Los chats de texto y las aplicaciones de citas tienen su lugar, pero nada supera una conversaci\u00f3n en tiempo real con alguien nuevo. He aqu\u00ed por qu\u00e9 tanta gente prefiere el videochat online con chicas a los mensajes interminables:<\/p>\n<ul>\n<li>Conoces la personalidad de alguien mucho m\u00e1s r\u00e1pido.<\/li>\n<li>No hay riesgo de \"catfishing\": se ve inmediatamente a la persona real.<\/li>\n<li>Los silencios inc\u00f3modos no resultan tan inc\u00f3modos cuando pueden re\u00edrse juntos.<\/li>\n<li>Es m\u00e1s f\u00e1cil percibir la qu\u00edmica (\u00a1o la falta de ella!).<\/li>\n<li>Si no te interesa, es sencillo y educado pasar p\u00e1gina.<\/li>\n<\/ul>\n<h2>\u00bfQui\u00e9n utiliza el videochat para conectar con las mujeres?<\/h2>\n<p>No es s\u00f3lo para solteros. Personas de todas las edades y procedencias utilizan el videochat por diferentes motivos:<\/p>\n<ul>\n<li>Solteros\/as que buscan pareja o ligar<\/li>\n<li>Expatriados y viajeros en busca de nuevos amigos en el extranjero<\/li>\n<li>Estudiantes de idiomas practican con hablantes nativos<\/li>\n<li>Personas aburridas en casa que buscan una nueva perspectiva<\/li>\n<li>Cualquiera que desee explorar y divertirse de forma segura y respetuosa.<\/li>\n<\/ul>\n<p>Chatear por v\u00eddeo con mujeres no es s\u00f3lo una cuesti\u00f3n rom\u00e1ntica: es aprender, compartir, re\u00edr y conectar.<\/p>\n<h2>\u00bfDe qu\u00e9 se puede hablar?<\/h2>\n<p>Eso es lo bueno: \u00a1casi todo! Empieza por lo b\u00e1sico o sum\u00e9rgete de lleno en tus temas favoritos. Aqu\u00ed tienes algunas ideas:<\/p>\n<ul>\n<li>M\u00fasica, pel\u00edculas o programas de televisi\u00f3n favoritos<\/li>\n<li>Sue\u00f1os o historias de viajes<\/li>\n<li>Aficiones, deportes o talentos ocultos<\/li>\n<li>La mejor comida que haya probado<\/li>\n<li>Culturas, tradiciones o \"\u00bfc\u00f3mo es tu pa\u00eds?\".<\/li>\n<li>Juegos tontos o retos virtuales<\/li>\n<\/ul>\n<p>Mant\u00e9n un tono ligero, abierto y divertido: recuerda que todo el mundo est\u00e1 all\u00ed para conectar y disfrutar de una buena charla.<\/p>\n<h2>Videochat con mujeres frente a otras opciones en l\u00ednea<\/h2>\n<table>\n<thead>\n<tr>\n<th>Caracter\u00edstica<\/th>\n<th>Videochat con mujeres<\/th>\n<th>Aplicaciones de citas<\/th>\n<th>Mensajes de texto en las redes sociales<\/th>\n<th>Salas de chat en grupo<\/th>\n<\/tr>\n<\/thead>\n<tbody>\n<tr>\n<td>Cara a cara en tiempo real<\/td>\n<td>\u2705<\/td>\n<td>\u274c<\/td>\n<td>\u274c<\/td>\n<td>\u2705<\/td>\n<\/tr>\n<tr>\n<td>Emparejamiento aleatorio disponible<\/td>\n<td>\u2705<\/td>\n<td>\u274c<\/td>\n<td>\u274c<\/td>\n<td>\u2705<\/td>\n<\/tr>\n<tr>\n<td>No necesita perfil<\/td>\n<td>\u2705<\/td>\n<td>\u274c<\/td>\n<td>\u274c<\/td>\n<td>\u274c<\/td>\n<\/tr>\n<tr>\n<td>Uso gratuito<\/td>\n<td>\u2705<\/td>\n<td>\u2705\/\u274c<\/td>\n<td>\u2705<\/td>\n<td>\u2705<\/td>\n<\/tr>\n<tr>\n<td>Opci\u00f3n de saltar\/siguiente<\/td>\n<td>\u2705<\/td>\n<td>\u274c<\/td>\n<td>\u274c<\/td>\n<td>\u2705<\/td>\n<\/tr>\n<\/tbody>\n<\/table>\n<h2>C\u00f3mo aprovechar al m\u00e1ximo su experiencia<\/h2>\n<ul>\n<li>Prueba varias plataformas para ver qu\u00e9 comunidad se adapta mejor a ti.<\/li>\n<li>Cambie su enfoque: a veces un cumplido amistoso o un inter\u00e9s compartido inician la mejor conversaci\u00f3n.<\/li>\n<li>Utiliza las salas de grupo si est\u00e1s nervioso; te sentir\u00e1s m\u00e1s c\u00f3modo antes de saltar al uno contra uno.<\/li>\n<li>Mezcla las horas del d\u00eda para conocer a mujeres de diferentes pa\u00edses y or\u00edgenes.<\/li>\n<li>No te desanimes si tienes algunas charlas inc\u00f3modas. La pr\u00f3xima puede ser tu favorita.<\/li>\n<\/ul>\n<p>Si est\u00e1s listo para algo diferente -algo m\u00e1s real, inmediato y personal-, el videochat con mujeres es el camino a seguir. Si quieres hacer amigos, practicar un idioma, ligar un poco o simplemente ver c\u00f3mo es la vida al otro lado del mundo, hay una plataforma (y una conversaci\u00f3n) esper\u00e1ndote.<\/p>\n<p>\u00bfPor qu\u00e9 no lo prueba? La pr\u00f3xima gran charla, historia o incluso amistad podr\u00eda estar a un solo clic.<\/p>\n<p>Con\u00e9ctate, inicia sesi\u00f3n e inicia tu primera conversaci\u00f3n esta noche.<\/p>","protected":false},"excerpt":{"rendered":"<p>In the last few years, more and more people are searching for ways to video chat with women online. It\u2019s not hard to see why: video chat is personal, real-time, and feels so much more authentic than endless texting or swiping through profiles. Whether you\u2019re hoping to make a new friend, flirt, or just have [&hellip;]<\/p>\n","protected":false},"author":8,"featured_media":0,"parent":0,"menu_order":0,"comment_status":"closed","ping_status":"closed","template":"","meta":{"footnotes":""},"class_list":["post-13273","page","type-page","status-publish","hentry"],"yoast_head":"<!-- This site is optimized with the Yoast SEO plugin v27.5 - https:\/\/yoast.com\/product\/yoast-seo-wordpress\/ -->\n<title>Video Chat with Women with Video Chat on TinyChat.com<\/title>\n<meta name=\"description\" content=\"Enjoying Video Chat with Women? Join over 50,000,000 strangers on TinyChat! Turn on your cam and start meeting new people, or find a match.\" \/>\n<meta name=\"robots\" content=\"index, follow, max-snippet:-1, max-image-preview:large, max-video-preview:-1\" \/>\n<link rel=\"canonical\" href=\"https:\/\/tinychat.com\/es\/video-chat-with-women\/\" \/>\n<meta property=\"og:locale\" content=\"es_ES\" \/>\n<meta property=\"og:type\" content=\"article\" \/>\n<meta property=\"og:title\" content=\"Video Chat with Women with Video Chat on TinyChat.com\" \/>\n<meta property=\"og:description\" content=\"Enjoying Video Chat with Women? Join over 50,000,000 strangers on TinyChat! Turn on your cam and start meeting new people, or find a match.\" \/>\n<meta property=\"og:url\" content=\"https:\/\/tinychat.com\/es\/video-chat-with-women\/\" \/>\n<meta property=\"og:site_name\" content=\"TinyChat\" \/>\n<meta property=\"article:publisher\" content=\"https:\/\/www.facebook.com\/tinychat\" \/>\n<meta property=\"og:image\" content=\"https:\/\/tinychat.com\/wp-content\/uploads\/2020\/04\/Tinychat-logo-1280x284-new-black.png\" \/>\n\t<meta property=\"og:image:width\" content=\"1280\" \/>\n\t<meta property=\"og:image:height\" content=\"284\" \/>\n\t<meta property=\"og:image:type\" content=\"image\/png\" \/>\n<meta name=\"twitter:card\" content=\"summary_large_image\" \/>\n<meta name=\"twitter:site\" content=\"@tinychat\" \/>\n<meta name=\"twitter:label1\" content=\"Tiempo de lectura\" \/>\n\t<meta name=\"twitter:data1\" content=\"7 minutos\" \/>\n<script type=\"application\/ld+json\" class=\"yoast-schema-graph\">{\"@context\":\"https:\\\/\\\/schema.org\",\"@graph\":[{\"@type\":\"WebPage\",\"@id\":\"https:\\\/\\\/tinychat.com\\\/video-chat-with-women\\\/\",\"url\":\"https:\\\/\\\/tinychat.com\\\/video-chat-with-women\\\/\",\"name\":\"Video Chat with Women with Video Chat on TinyChat.com\",\"isPartOf\":{\"@id\":\"https:\\\/\\\/tinychat.com\\\/#website\"},\"datePublished\":\"2025-06-17T12:20:28+00:00\",\"description\":\"Enjoying Video Chat with Women? Join over 50,000,000 strangers on TinyChat! Turn on your cam and start meeting new people, or find a match.\",\"breadcrumb\":{\"@id\":\"https:\\\/\\\/tinychat.com\\\/video-chat-with-women\\\/#breadcrumb\"},\"inLanguage\":\"es\",\"potentialAction\":[{\"@type\":\"ReadAction\",\"target\":[\"https:\\\/\\\/tinychat.com\\\/video-chat-with-women\\\/\"]}]},{\"@type\":\"BreadcrumbList\",\"@id\":\"https:\\\/\\\/tinychat.com\\\/video-chat-with-women\\\/#breadcrumb\",\"itemListElement\":[{\"@type\":\"ListItem\",\"position\":1,\"name\":\"Home\",\"item\":\"https:\\\/\\\/tinychat.com\\\/\"},{\"@type\":\"ListItem\",\"position\":2,\"name\":\"Video Chat with Women\"}]},{\"@type\":\"WebSite\",\"@id\":\"https:\\\/\\\/tinychat.com\\\/#website\",\"url\":\"https:\\\/\\\/tinychat.com\\\/\",\"name\":\"TinyChat\",\"description\":\"Random Video Chat with Strangers\",\"publisher\":{\"@id\":\"https:\\\/\\\/tinychat.com\\\/#organization\"},\"alternateName\":\"TinyChat.com\",\"potentialAction\":[{\"@type\":\"SearchAction\",\"target\":{\"@type\":\"EntryPoint\",\"urlTemplate\":\"https:\\\/\\\/tinychat.com\\\/?s={search_term_string}\"},\"query-input\":{\"@type\":\"PropertyValueSpecification\",\"valueRequired\":true,\"valueName\":\"search_term_string\"}}],\"inLanguage\":\"es\"},{\"@type\":\"Organization\",\"@id\":\"https:\\\/\\\/tinychat.com\\\/#organization\",\"name\":\"TinyChat\",\"alternateName\":\"TinyChat.com\",\"url\":\"https:\\\/\\\/tinychat.com\\\/\",\"logo\":{\"@type\":\"ImageObject\",\"inLanguage\":\"es\",\"@id\":\"https:\\\/\\\/tinychat.com\\\/#\\\/schema\\\/logo\\\/image\\\/\",\"url\":\"https:\\\/\\\/tinychat.com\\\/wp-content\\\/uploads\\\/2023\\\/11\\\/Tinychat-icon-square.png\",\"contentUrl\":\"https:\\\/\\\/tinychat.com\\\/wp-content\\\/uploads\\\/2023\\\/11\\\/Tinychat-icon-square.png\",\"width\":284,\"height\":284,\"caption\":\"TinyChat\"},\"image\":{\"@id\":\"https:\\\/\\\/tinychat.com\\\/#\\\/schema\\\/logo\\\/image\\\/\"},\"sameAs\":[\"https:\\\/\\\/www.facebook.com\\\/tinychat\",\"https:\\\/\\\/x.com\\\/tinychat\"]}]}<\/script>\n<!-- \/ Yoast SEO plugin. -->","yoast_head_json":{"title":"Video Chat con Mujeres con Video Chat en TinyChat.com","description":"\u00bfDisfrutas del videochat con mujeres? \u00a1\u00danete a m\u00e1s de 50.000.000 de desconocidos en TinyChat! Enciende tu c\u00e1mara y empieza a conocer gente nueva, o encuentra una pareja.","robots":{"index":"index","follow":"follow","max-snippet":"max-snippet:-1","max-image-preview":"max-image-preview:large","max-video-preview":"max-video-preview:-1"},"canonical":"https:\/\/tinychat.com\/es\/video-chat-with-women\/","og_locale":"es_ES","og_type":"article","og_title":"Video Chat with Women with Video Chat on TinyChat.com","og_description":"Enjoying Video Chat with Women? Join over 50,000,000 strangers on TinyChat! Turn on your cam and start meeting new people, or find a match.","og_url":"https:\/\/tinychat.com\/es\/video-chat-with-women\/","og_site_name":"TinyChat","article_publisher":"https:\/\/www.facebook.com\/tinychat","og_image":[{"width":1280,"height":284,"url":"https:\/\/tinychat.com\/wp-content\/uploads\/2020\/04\/Tinychat-logo-1280x284-new-black.png","type":"image\/png"}],"twitter_card":"summary_large_image","twitter_site":"@tinychat","twitter_misc":{"Tiempo de lectura":"7 minutos"},"schema":{"@context":"https:\/\/schema.org","@graph":[{"@type":"WebPage","@id":"https:\/\/tinychat.com\/video-chat-with-women\/","url":"https:\/\/tinychat.com\/video-chat-with-women\/","name":"Video Chat con Mujeres con Video Chat en TinyChat.com","isPartOf":{"@id":"https:\/\/tinychat.com\/#website"},"datePublished":"2025-06-17T12:20:28+00:00","description":"\u00bfDisfrutas del videochat con mujeres? \u00a1\u00danete a m\u00e1s de 50.000.000 de desconocidos en TinyChat! Enciende tu c\u00e1mara y empieza a conocer gente nueva, o encuentra una pareja.","breadcrumb":{"@id":"https:\/\/tinychat.com\/video-chat-with-women\/#breadcrumb"},"inLanguage":"es","potentialAction":[{"@type":"ReadAction","target":["https:\/\/tinychat.com\/video-chat-with-women\/"]}]},{"@type":"BreadcrumbList","@id":"https:\/\/tinychat.com\/video-chat-with-women\/#breadcrumb","itemListElement":[{"@type":"ListItem","position":1,"name":"Home","item":"https:\/\/tinychat.com\/"},{"@type":"ListItem","position":2,"name":"Video Chat with Women"}]},{"@type":"WebSite","@id":"https:\/\/tinychat.com\/#website","url":"https:\/\/tinychat.com\/","name":"TinyChat","description":"Videochat aleatorio con desconocidos","publisher":{"@id":"https:\/\/tinychat.com\/#organization"},"alternateName":"TinyChat.com","potentialAction":[{"@type":"SearchAction","target":{"@type":"EntryPoint","urlTemplate":"https:\/\/tinychat.com\/?s={search_term_string}"},"query-input":{"@type":"PropertyValueSpecification","valueRequired":true,"valueName":"search_term_string"}}],"inLanguage":"es"},{"@type":"Organization","@id":"https:\/\/tinychat.com\/#organization","name":"TinyChat","alternateName":"TinyChat.com","url":"https:\/\/tinychat.com\/","logo":{"@type":"ImageObject","inLanguage":"es","@id":"https:\/\/tinychat.com\/#\/schema\/logo\/image\/","url":"https:\/\/tinychat.com\/wp-content\/uploads\/2023\/11\/Tinychat-icon-square.png","contentUrl":"https:\/\/tinychat.com\/wp-content\/uploads\/2023\/11\/Tinychat-icon-square.png","width":284,"height":284,"caption":"TinyChat"},"image":{"@id":"https:\/\/tinychat.com\/#\/schema\/logo\/image\/"},"sameAs":["https:\/\/www.facebook.com\/tinychat","https:\/\/x.com\/tinychat"]}]}},"_links":{"self":[{"href":"https:\/\/tinychat.com\/es\/wp-json\/wp\/v2\/pages\/13273","targetHints":{"allow":["GET"]}}],"collection":[{"href":"https:\/\/tinychat.com\/es\/wp-json\/wp\/v2\/pages"}],"about":[{"href":"https:\/\/tinychat.com\/es\/wp-json\/wp\/v2\/types\/page"}],"author":[{"embeddable":true,"href":"https:\/\/tinychat.com\/es\/wp-json\/wp\/v2\/users\/8"}],"replies":[{"embeddable":true,"href":"https:\/\/tinychat.com\/es\/wp-json\/wp\/v2\/comments?post=13273"}],"version-history":[{"count":2,"href":"https:\/\/tinychat.com\/es\/wp-json\/wp\/v2\/pages\/13273\/revisions"}],"predecessor-version":[{"id":13275,"href":"https:\/\/tinychat.com\/es\/wp-json\/wp\/v2\/pages\/13273\/revisions\/13275"}],"wp:attachment":[{"href":"https:\/\/tinychat.com\/es\/wp-json\/wp\/v2\/media?parent=13273"}],"curies":[{"name":"wp","href":"https:\/\/api.w.org\/{rel}","templated":true}]}}