{"id":13277,"date":"2025-06-17T14:25:46","date_gmt":"2025-06-17T12:25:46","guid":{"rendered":"https:\/\/tinychat.com\/?page_id=13277"},"modified":"2025-06-17T14:25:46","modified_gmt":"2025-06-17T12:25:46","slug":"video-chat-hot","status":"publish","type":"page","link":"https:\/\/tinychat.com\/es\/video-chat-hot\/","title":{"rendered":"Video Chat Hot"},"content":{"rendered":"<p>\u00bfBuscas algo m\u00e1s que un saludo amistoso? \u00bfQuiere a\u00f1adir un poco de chispa a su noche o conocer a alguien nuevo que sea tan atrevido y espont\u00e1neo como usted? Aqu\u00ed es donde entran en juego los sitios de videochat. En estas plataformas no se trata s\u00f3lo de saludar: se trata de emoci\u00f3n, qu\u00edmica y de conectar con personas abiertas a la diversi\u00f3n, al flirteo y, a veces, a algo m\u00e1s.<\/p>\n<p>En un mundo en el que todo el mundo busca algo aut\u00e9ntico pero tambi\u00e9n un poco emocionante, los sitios de videochat caliente ofrecen lo mejor de ambos mundos: conversaciones de v\u00eddeo en tiempo real con personas reales, pero con la libertad de ponerse juguet\u00f3n, coqueto y, bueno... un poco salvaje.<\/p>\n<h2>\u00bfQu\u00e9 es un sitio de videochat \"caliente\"?<\/h2>\n<p>Una plataforma de videochat caliente es cualquier sitio o aplicaci\u00f3n de videochat en el que los usuarios buscan algo m\u00e1s que una conversaci\u00f3n casual. Puede tratarse de chats coquetos, videollamadas para adultos o simplemente conversaciones con gente a la que le gusta ir m\u00e1s all\u00e1 de los l\u00edmites y mantener las cosas interesantes. Estos sitios suelen ofrecer:<\/p>\n<ul>\n<li>Videochat individual en directo: Para que puedas ver y ser visto al instante.<\/li>\n<li>Anonimato y privacidad: Utiliza un apodo, mant\u00e9n la discreci\u00f3n y s\u00e9 todo lo abierto que quieras.<\/li>\n<li>Opciones aleatorias de videochat caliente: Nunca sabes con qui\u00e9n te vas a encontrar ni c\u00f3mo ser\u00e1 el ambiente.<\/li>\n<li>Filtros de g\u00e9nero e intereses: Para encontrar personas que coincidan con lo que buscas.<\/li>\n<li>Sin juicios ni presiones: pasa a la siguiente persona si no te gusta, sin resentimientos.<\/li>\n<\/ul>\n<p>Algunos sitios son \"s\u00f3lo para adultos\", mientras que otros son m\u00e1s l\u00fadicos y abiertos. En cualquier caso, est\u00e1n dise\u00f1ados para personas que quieren algo m\u00e1s que charlar.<\/p>\n<h2>\u00bfC\u00f3mo funciona Hot Video Chat?<\/h2>\n<p>Empezar es muy sencillo, incluso para los principiantes:<\/p>\n<ol>\n<li>Elige un sitio de videochat caliente gratuito o descarga una aplicaci\u00f3n de confianza.<\/li>\n<li>Permitir el acceso a la c\u00e1mara y al micr\u00f3fono.<\/li>\n<li>Establece tus filtros: elige con qui\u00e9n quieres chatear (sexo, intereses, etc.).<\/li>\n<li>Haz clic para empezar y quedar\u00e1s emparejado al instante con alguien dispuesto a entablar una conversaci\u00f3n caliente y divertida.<\/li>\n<li>Si las cosas te resultan inc\u00f3modas, demasiado mansas o simplemente no son para ti... Pulsa \"Siguiente\" y sigue explorando.<\/li>\n<\/ol>\n<p>La mayor\u00eda de las plataformas no exigen mucha informaci\u00f3n personal. Usa un apodo, no te compliques y decide t\u00fa mismo cu\u00e1nto quieres revelar.<\/p>\n<h2>Plataformas populares para el chat de v\u00eddeo en caliente<\/h2>\n<p>\u00bfBuscas el lugar adecuado para subir la temperatura? Algunas de las mejores plataformas para un videochat picante y juguet\u00f3n son:<\/p>\n<ul>\n<li>Flingster: Famoso por el videochat an\u00f3nimo y s\u00f3lo para adultos con todos los g\u00e9neros y parejas.<\/li>\n<li>Chatrandom (secci\u00f3n adultos): Ofrece filtros de g\u00e9nero y pareja y un mont\u00f3n de encuentros salvajes y aleatorios.<\/li>\n<li>CooMeet: Conocido por su videochat caliente con usuarias verificadas y conexiones instant\u00e1neas.<\/li>\n<li>LuckyCrush: Empareja al azar a hombres con mujeres para chatear en vivo y en directo.<\/li>\n<li>Chatspin (modo adulto): A\u00f1ade filtros l\u00fadicos y opciones de chat para adultos.<\/li>\n<li>Bazoocam: Videochat aleatorio de mente abierta con mucho flirteo y diversi\u00f3n en grupo.<\/li>\n<\/ul>\n<p>Comprueba siempre los requisitos de edad: la mayor\u00eda de los sitios de videochat s\u00f3lo admiten usuarios mayores de 18 a\u00f1os.<\/p>\n<h2>Por qu\u00e9 la gente adora el chat de v\u00eddeo en caliente<\/h2>\n<p>Para muchos, la atracci\u00f3n es obvia: es toda la emoci\u00f3n del flirteo en la vida real, pero m\u00e1s seguro y flexible.<\/p>\n<ul>\n<li>Qu\u00edmica instant\u00e1nea: Comprueba si hay chispa de inmediato, sin mensajes interminables.<\/li>\n<li>Alcance mundial: Conoce a gente coqueta y divertida de cualquier parte del mundo.<\/li>\n<li>Cero presi\u00f3n: \u00bfNo es lo tuyo? Pasa de \u00e9l y busca a otro.<\/li>\n<li>Espontaneidad: cada conversaci\u00f3n es una sorpresa, a veces alocada, a veces tonta, siempre real.<\/li>\n<li>Libertad: Puedes establecer l\u00edmites, elegir tu ritmo y explorar con seguridad.<\/li>\n<\/ul>\n<p>\"Me encanta el videochat caliente porque nunca sabes a qui\u00e9n vas a conocer. A veces es coqueto, a veces simplemente divertid\u00edsimo, y siempre puedes pasar p\u00e1gina si no hace clic\".<\/p>\n<p>\"Es como salir de fiesta, pero desde mi sof\u00e1. Siempre hay alguien interesante conectado\".<\/p>\n<h2>Seguridad en el chat de v\u00eddeo caliente gratuito<\/h2>\n<p>Aunque la mayor\u00eda de la gente est\u00e1 all\u00ed para divertirse y relacionarse amistosamente, unas cuantas medidas inteligentes har\u00e1n que su experiencia sea positiva:<\/p>\n<ul>\n<li>No des nunca detalles personales: utiliza un apodo y mant\u00e9n un perfil neutro.<\/li>\n<li>Establezca sus propios l\u00edmites y comun\u00edquelos con claridad.<\/li>\n<li>Si alguien es grosero o te hace sentir inc\u00f3modo, utiliza inmediatamente el bot\u00f3n de bloquear o denunciar.<\/li>\n<li>No env\u00edes im\u00e1genes expl\u00edcitas ni informaci\u00f3n personal a menos que est\u00e9s 100% seguro.<\/li>\n<li>Si quieres privacidad, utiliza plataformas que no requieran registro ni almacenen registros de chat.<\/li>\n<\/ul>\n<p>Un poco de precauci\u00f3n garantiza mucha m\u00e1s diversi\u00f3n.<\/p>\n<h2>Videochat en caliente gratuito vs. de pago<\/h2>\n<p>La mayor\u00eda de las plataformas ofrecen un videochat caliente aleatorio gratuito como experiencia principal. Algunas a\u00f1aden funciones de pago, como filtros especiales, regalos o coincidencias \"prioritarias\". As\u00ed es como se comparan:<\/p>\n<table>\n<thead>\n<tr>\n<th>Caracter\u00edstica<\/th>\n<th>Videochat caliente gratis<\/th>\n<th>Videochat caliente de pago<\/th>\n<\/tr>\n<\/thead>\n<tbody>\n<tr>\n<td>Sin coste<\/td>\n<td>\u2705<\/td>\n<td>\u274c<\/td>\n<\/tr>\n<tr>\n<td>An\u00f3nimo\/aleatorio<\/td>\n<td>\u2705<\/td>\n<td>\u2705<\/td>\n<\/tr>\n<tr>\n<td>Filtros por sexo e intereses<\/td>\n<td>\u2705 (en algunos)<\/td>\n<td>\u2705<\/td>\n<\/tr>\n<tr>\n<td>Regalos y extras virtuales<\/td>\n<td>\u274c<\/td>\n<td>\u2705<\/td>\n<\/tr>\n<tr>\n<td>Adecuaci\u00f3n prioritaria<\/td>\n<td>\u274c<\/td>\n<td>\u2705<\/td>\n<\/tr>\n<tr>\n<td>Habitaciones s\u00f3lo para adultos<\/td>\n<td>\u2705 (la mayor\u00eda de los sitios)<\/td>\n<td>\u2705<\/td>\n<\/tr>\n<\/tbody>\n<\/table>\n<p>La mayor\u00eda de los usuarios obtienen todo lo que necesitan de las opciones gratuitas. Las funciones de pago son solo extras para los que quieren un poco m\u00e1s de control o diversi\u00f3n.<\/p>\n<h2>Videochat en caliente vs. Videochat normal<\/h2>\n<table>\n<thead>\n<tr>\n<th>Caracter\u00edstica<\/th>\n<th>Videochat en caliente<\/th>\n<th>Videochat normal<\/th>\n<th>Aplicaciones de citas<\/th>\n<th>Chat de texto<\/th>\n<\/tr>\n<\/thead>\n<tbody>\n<tr>\n<td>Usuarios coquetos y abiertos<\/td>\n<td>\u2705<\/td>\n<td>\u274c<\/td>\n<td>\u2705<\/td>\n<td>\u274c<\/td>\n<\/tr>\n<tr>\n<td>Salto an\u00f3nimo\/r\u00e1pido<\/td>\n<td>\u2705<\/td>\n<td>\u2705<\/td>\n<td>\u274c<\/td>\n<td>\u2705<\/td>\n<\/tr>\n<tr>\n<td>Contenido para adultos permitido<\/td>\n<td>\u2705<\/td>\n<td>\u274c<\/td>\n<td>\u2705\/\u274c<\/td>\n<td>\u274c<\/td>\n<\/tr>\n<tr>\n<td>Individuales y en grupo<\/td>\n<td>\u2705<\/td>\n<td>\u2705<\/td>\n<td>\u2705<\/td>\n<td>\u2705<\/td>\n<\/tr>\n<tr>\n<td>Uso gratuito<\/td>\n<td>\u2705<\/td>\n<td>\u2705<\/td>\n<td>\u2705\/\u274c<\/td>\n<td>\u2705<\/td>\n<\/tr>\n<\/tbody>\n<\/table>\n<p>El videochat en caliente no trata exclusivamente de citas, sino de conexi\u00f3n instant\u00e1nea y sin filtros, diversi\u00f3n y emoci\u00f3n.<\/p>\n<h2>Consejos para aprovechar al m\u00e1ximo su experiencia<\/h2>\n<ul>\n<li>S\u00e9 t\u00fa mismo: El chat en caliente es mejor cuando est\u00e1s relajado y eres real.<\/li>\n<li>Pon l\u00edmites: Decide de antemano con qu\u00e9 te sientes c\u00f3modo y c\u00ed\u00f1ete a ello.<\/li>\n<li>Coquetea con respeto: La confianza es atractiva, la groser\u00eda no.<\/li>\n<li>Divi\u00e9rtete: Prueba filtros, juegos o temas divertidos para romper el hielo.<\/li>\n<li>No te lo tomes demasiado en serio: Si el ambiente no es el adecuado, pasa p\u00e1gina.<\/li>\n<\/ul>\n<p>Y siempre, siempre, respeta el nivel de comodidad de la otra persona. Los mejores videochats calientes ocurren cuando ambas personas se divierten.<\/p>\n<h2>Cu\u00e1ndo y por qu\u00e9 probar el chat de v\u00eddeo en caliente<\/h2>\n<p>Hay muchas razones para sumergirse:<\/p>\n<ul>\n<li>Anima una velada aburrida con una conversaci\u00f3n real y un ambiente coqueto<\/li>\n<li>Explore su lado l\u00fadico en un espacio seguro y an\u00f3nimo<\/li>\n<li>Conozca a personas de mentalidad abierta de todo el mundo, \u00a1sin necesidad de viajar!<\/li>\n<li>Disfrute de conexiones instant\u00e1neas, sin largas esperas ni registros complicados<\/li>\n<li>Experimenta la emoci\u00f3n de no saber nunca qui\u00e9n es el siguiente<\/li>\n<\/ul>\n<p>Tanto si est\u00e1s soltero como si tienes pareja o simplemente quieres ver qu\u00e9 hay ah\u00ed fuera, el videochat caliente te permite explorar tu curiosidad y conectar a tu manera.<\/p>\n<p>Las plataformas de videochat son algo m\u00e1s que una moda: son una nueva forma de conocer gente, ligar y divertirse en Internet. Desde videochats aleatorios gratuitos con desconocidos hasta salas privadas solo para adultos, hay algo para todos los que quieran subir la temperatura y establecer contactos reales y memorables.<\/p>\n<p>\u00bfListo para ver lo que te espera al otro lado de la pantalla? Entra hoy mismo en un videochat y descubre lo emocionantes que pueden llegar a ser las conversaciones en l\u00ednea.<\/p>\n<p>\u00bfQui\u00e9n sabe? Su pr\u00f3ximo momento inolvidable podr\u00eda estar a un solo clic.<\/p>","protected":false},"excerpt":{"rendered":"<p>Looking for more than just a friendly hello? Want to add a little spark to your night, or meet someone new who\u2019s as bold and spontaneous as you are? That\u2019s where video chat hot sites come in. These platforms aren\u2019t just about saying hi\u2014they\u2019re about excitement, chemistry, and connecting with people who are open to [&hellip;]<\/p>\n","protected":false},"author":8,"featured_media":0,"parent":0,"menu_order":0,"comment_status":"closed","ping_status":"closed","template":"","meta":{"footnotes":""},"class_list":["post-13277","page","type-page","status-publish","hentry"],"yoast_head":"<!-- This site is optimized with the Yoast SEO plugin v27.5 - https:\/\/yoast.com\/product\/yoast-seo-wordpress\/ -->\n<title>Video Chat Hot with Video Chat on TinyChat.com<\/title>\n<meta name=\"description\" content=\"Enjoying Video Chat Hot? Join over 50,000,000 strangers on TinyChat! Turn on your cam and start meeting new people, or find a match.\" \/>\n<meta name=\"robots\" content=\"index, follow, max-snippet:-1, max-image-preview:large, max-video-preview:-1\" \/>\n<link rel=\"canonical\" href=\"https:\/\/tinychat.com\/es\/video-chat-hot\/\" \/>\n<meta property=\"og:locale\" content=\"es_ES\" \/>\n<meta property=\"og:type\" content=\"article\" \/>\n<meta property=\"og:title\" content=\"Video Chat Hot with Video Chat on TinyChat.com\" \/>\n<meta property=\"og:description\" content=\"Enjoying Video Chat Hot? Join over 50,000,000 strangers on TinyChat! Turn on your cam and start meeting new people, or find a match.\" \/>\n<meta property=\"og:url\" content=\"https:\/\/tinychat.com\/es\/video-chat-hot\/\" \/>\n<meta property=\"og:site_name\" content=\"TinyChat\" \/>\n<meta property=\"article:publisher\" content=\"https:\/\/www.facebook.com\/tinychat\" \/>\n<meta property=\"og:image\" content=\"https:\/\/tinychat.com\/wp-content\/uploads\/2020\/04\/Tinychat-logo-1280x284-new-black.png\" \/>\n\t<meta property=\"og:image:width\" content=\"1280\" \/>\n\t<meta property=\"og:image:height\" content=\"284\" \/>\n\t<meta property=\"og:image:type\" content=\"image\/png\" \/>\n<meta name=\"twitter:card\" content=\"summary_large_image\" \/>\n<meta name=\"twitter:site\" content=\"@tinychat\" \/>\n<meta name=\"twitter:label1\" content=\"Tiempo de lectura\" \/>\n\t<meta name=\"twitter:data1\" content=\"5 minutos\" \/>\n<script type=\"application\/ld+json\" class=\"yoast-schema-graph\">{\"@context\":\"https:\\\/\\\/schema.org\",\"@graph\":[{\"@type\":\"WebPage\",\"@id\":\"https:\\\/\\\/tinychat.com\\\/video-chat-hot\\\/\",\"url\":\"https:\\\/\\\/tinychat.com\\\/video-chat-hot\\\/\",\"name\":\"Video Chat Hot with Video Chat on TinyChat.com\",\"isPartOf\":{\"@id\":\"https:\\\/\\\/tinychat.com\\\/#website\"},\"datePublished\":\"2025-06-17T12:25:46+00:00\",\"description\":\"Enjoying Video Chat Hot? Join over 50,000,000 strangers on TinyChat! Turn on your cam and start meeting new people, or find a match.\",\"breadcrumb\":{\"@id\":\"https:\\\/\\\/tinychat.com\\\/video-chat-hot\\\/#breadcrumb\"},\"inLanguage\":\"es\",\"potentialAction\":[{\"@type\":\"ReadAction\",\"target\":[\"https:\\\/\\\/tinychat.com\\\/video-chat-hot\\\/\"]}]},{\"@type\":\"BreadcrumbList\",\"@id\":\"https:\\\/\\\/tinychat.com\\\/video-chat-hot\\\/#breadcrumb\",\"itemListElement\":[{\"@type\":\"ListItem\",\"position\":1,\"name\":\"Home\",\"item\":\"https:\\\/\\\/tinychat.com\\\/\"},{\"@type\":\"ListItem\",\"position\":2,\"name\":\"Video Chat Hot\"}]},{\"@type\":\"WebSite\",\"@id\":\"https:\\\/\\\/tinychat.com\\\/#website\",\"url\":\"https:\\\/\\\/tinychat.com\\\/\",\"name\":\"TinyChat\",\"description\":\"Random Video Chat with Strangers\",\"publisher\":{\"@id\":\"https:\\\/\\\/tinychat.com\\\/#organization\"},\"alternateName\":\"TinyChat.com\",\"potentialAction\":[{\"@type\":\"SearchAction\",\"target\":{\"@type\":\"EntryPoint\",\"urlTemplate\":\"https:\\\/\\\/tinychat.com\\\/?s={search_term_string}\"},\"query-input\":{\"@type\":\"PropertyValueSpecification\",\"valueRequired\":true,\"valueName\":\"search_term_string\"}}],\"inLanguage\":\"es\"},{\"@type\":\"Organization\",\"@id\":\"https:\\\/\\\/tinychat.com\\\/#organization\",\"name\":\"TinyChat\",\"alternateName\":\"TinyChat.com\",\"url\":\"https:\\\/\\\/tinychat.com\\\/\",\"logo\":{\"@type\":\"ImageObject\",\"inLanguage\":\"es\",\"@id\":\"https:\\\/\\\/tinychat.com\\\/#\\\/schema\\\/logo\\\/image\\\/\",\"url\":\"https:\\\/\\\/tinychat.com\\\/wp-content\\\/uploads\\\/2023\\\/11\\\/Tinychat-icon-square.png\",\"contentUrl\":\"https:\\\/\\\/tinychat.com\\\/wp-content\\\/uploads\\\/2023\\\/11\\\/Tinychat-icon-square.png\",\"width\":284,\"height\":284,\"caption\":\"TinyChat\"},\"image\":{\"@id\":\"https:\\\/\\\/tinychat.com\\\/#\\\/schema\\\/logo\\\/image\\\/\"},\"sameAs\":[\"https:\\\/\\\/www.facebook.com\\\/tinychat\",\"https:\\\/\\\/x.com\\\/tinychat\"]}]}<\/script>\n<!-- \/ Yoast SEO plugin. -->","yoast_head_json":{"title":"Video Chat Caliente con Video Chat en TinyChat.com","description":"\u00bfDisfrutas del Video Chat Hot? \u00a1\u00danete a m\u00e1s de 50.000.000 de desconocidos en TinyChat! Enciende tu c\u00e1mara y empieza a conocer gente nueva, o encuentra una pareja.","robots":{"index":"index","follow":"follow","max-snippet":"max-snippet:-1","max-image-preview":"max-image-preview:large","max-video-preview":"max-video-preview:-1"},"canonical":"https:\/\/tinychat.com\/es\/video-chat-hot\/","og_locale":"es_ES","og_type":"article","og_title":"Video Chat Hot with Video Chat on TinyChat.com","og_description":"Enjoying Video Chat Hot? Join over 50,000,000 strangers on TinyChat! Turn on your cam and start meeting new people, or find a match.","og_url":"https:\/\/tinychat.com\/es\/video-chat-hot\/","og_site_name":"TinyChat","article_publisher":"https:\/\/www.facebook.com\/tinychat","og_image":[{"width":1280,"height":284,"url":"https:\/\/tinychat.com\/wp-content\/uploads\/2020\/04\/Tinychat-logo-1280x284-new-black.png","type":"image\/png"}],"twitter_card":"summary_large_image","twitter_site":"@tinychat","twitter_misc":{"Tiempo de lectura":"5 minutos"},"schema":{"@context":"https:\/\/schema.org","@graph":[{"@type":"WebPage","@id":"https:\/\/tinychat.com\/video-chat-hot\/","url":"https:\/\/tinychat.com\/video-chat-hot\/","name":"Video Chat Caliente con Video Chat en TinyChat.com","isPartOf":{"@id":"https:\/\/tinychat.com\/#website"},"datePublished":"2025-06-17T12:25:46+00:00","description":"\u00bfDisfrutas del Video Chat Hot? \u00a1\u00danete a m\u00e1s de 50.000.000 de desconocidos en TinyChat! Enciende tu c\u00e1mara y empieza a conocer gente nueva, o encuentra una pareja.","breadcrumb":{"@id":"https:\/\/tinychat.com\/video-chat-hot\/#breadcrumb"},"inLanguage":"es","potentialAction":[{"@type":"ReadAction","target":["https:\/\/tinychat.com\/video-chat-hot\/"]}]},{"@type":"BreadcrumbList","@id":"https:\/\/tinychat.com\/video-chat-hot\/#breadcrumb","itemListElement":[{"@type":"ListItem","position":1,"name":"Home","item":"https:\/\/tinychat.com\/"},{"@type":"ListItem","position":2,"name":"Video Chat Hot"}]},{"@type":"WebSite","@id":"https:\/\/tinychat.com\/#website","url":"https:\/\/tinychat.com\/","name":"TinyChat","description":"Videochat aleatorio con desconocidos","publisher":{"@id":"https:\/\/tinychat.com\/#organization"},"alternateName":"TinyChat.com","potentialAction":[{"@type":"SearchAction","target":{"@type":"EntryPoint","urlTemplate":"https:\/\/tinychat.com\/?s={search_term_string}"},"query-input":{"@type":"PropertyValueSpecification","valueRequired":true,"valueName":"search_term_string"}}],"inLanguage":"es"},{"@type":"Organization","@id":"https:\/\/tinychat.com\/#organization","name":"TinyChat","alternateName":"TinyChat.com","url":"https:\/\/tinychat.com\/","logo":{"@type":"ImageObject","inLanguage":"es","@id":"https:\/\/tinychat.com\/#\/schema\/logo\/image\/","url":"https:\/\/tinychat.com\/wp-content\/uploads\/2023\/11\/Tinychat-icon-square.png","contentUrl":"https:\/\/tinychat.com\/wp-content\/uploads\/2023\/11\/Tinychat-icon-square.png","width":284,"height":284,"caption":"TinyChat"},"image":{"@id":"https:\/\/tinychat.com\/#\/schema\/logo\/image\/"},"sameAs":["https:\/\/www.facebook.com\/tinychat","https:\/\/x.com\/tinychat"]}]}},"_links":{"self":[{"href":"https:\/\/tinychat.com\/es\/wp-json\/wp\/v2\/pages\/13277","targetHints":{"allow":["GET"]}}],"collection":[{"href":"https:\/\/tinychat.com\/es\/wp-json\/wp\/v2\/pages"}],"about":[{"href":"https:\/\/tinychat.com\/es\/wp-json\/wp\/v2\/types\/page"}],"author":[{"embeddable":true,"href":"https:\/\/tinychat.com\/es\/wp-json\/wp\/v2\/users\/8"}],"replies":[{"embeddable":true,"href":"https:\/\/tinychat.com\/es\/wp-json\/wp\/v2\/comments?post=13277"}],"version-history":[{"count":2,"href":"https:\/\/tinychat.com\/es\/wp-json\/wp\/v2\/pages\/13277\/revisions"}],"predecessor-version":[{"id":13279,"href":"https:\/\/tinychat.com\/es\/wp-json\/wp\/v2\/pages\/13277\/revisions\/13279"}],"wp:attachment":[{"href":"https:\/\/tinychat.com\/es\/wp-json\/wp\/v2\/media?parent=13277"}],"curies":[{"name":"wp","href":"https:\/\/api.w.org\/{rel}","templated":true}]}}